{"id":99,"date":"2022-09-12T13:46:06","date_gmt":"2022-09-12T13:46:06","guid":{"rendered":"https:\/\/hx2.chilliservers.co.uk\/?page_id=99"},"modified":"2023-06-15T09:28:06","modified_gmt":"2023-06-15T09:28:06","slug":"mesurer","status":"publish","type":"page","link":"https:\/\/www.hydronix.com\/fr\/mesurer\/","title":{"rendered":"Mesurer"},"content":{"rendered":"<!-- icon_hero -->\n<section class=\"application_hero d-flex py-5\" style=\"background-image:url(https:\/\/www.hydronix.com\/wp-content\/uploads\/2022\/09\/hero-product-water-abstract.jpg)\">\n    <div class=\"overlay\"><\/div>\n    <div class=\"container my-auto\">\n        <div class=\"row\">\n            <div class=\"col-lg-2\"><img decoding=\"async\" src=\"https:\/\/www.hydronix.com\/wp-content\/themes\/cb-hydronix\/img\/icons\/icon__measure--wo.svg\" class=\"w-50 w-lg-100\"><\/div>\n            <div class=\"col-lg-10 d-flex hero__content\"><h1 class=\"my-auto text-white\">Mesurer<\/h1><\/div>\n        <\/div>\n    <\/div>\n<\/section>\n<section class=\"sub_page_title py-1 mb-4\">\n    <div class=\"container-xl\">\n        <p id=\"breadcrumbs\"><span><span><a href=\"https:\/\/www.hydronix.com\/fr\/\">Accueil<\/a><\/span><\/span><\/p>    <\/div>\n<\/section>\n\n\n    <div class=\"container-xl\">\n\t\t\n<p>Les sondes Hydronix permettent de mesurer avec pr\u00e9cision l\u2019humidit\u00e9, la temp\u00e9rature ou le degr\u00e9 Brix dans la plupart des applications de contr\u00f4le des proc\u00e9d\u00e9s qui impliquent des mat\u00e9riaux \u00e0 \u00e9coulement fluide. Les sondes utilisent la m\u00e9thode de mesure par contact, dans laquelle le mat\u00e9riau passe sur la face de d\u00e9tection en c\u00e9ramique au cours du traitement. Les sondes prennent ainsi des mesures en temps r\u00e9el dans un \u00e9chantillon repr\u00e9sentatif et uniforme du mat\u00e9riau.<\/p>\n    <\/div>\n    \n\n<!-- children_icons -->\n<section class=\"child_pages py-4\">\n    <div class=\"container-xl\">\n                <div class=\"row g-4 justify-content-center\">\n        <div class=\"col-md-4 col-xl-3\">\n            <a class=\"child_pages__card\" href=\"https:\/\/www.hydronix.com\/fr\/mesurer\/haute-temperature\/\">\n                <img decoding=\"async\" src=\"https:\/\/www.hydronix.com\/wp-content\/themes\/cb-hydronix\/img\/icons\/icon__high-temperature--blue.svg\" alt=\"\" class=\"d-flex mx-auto w-50\">\n                Haute Temp\u00e9rature            <\/a>\n        <\/div>\n                <div class=\"col-md-4 col-xl-3\">\n            <a class=\"child_pages__card\" href=\"https:\/\/www.hydronix.com\/fr\/mesurer\/atmosphere-explosive\/\">\n                <img decoding=\"async\" src=\"https:\/\/www.hydronix.com\/wp-content\/themes\/cb-hydronix\/img\/icons\/icon__explosive-atmosphere--blue.svg\" alt=\"\" class=\"d-flex mx-auto w-50\">\n                Atmosph\u00e8re Explosive            <\/a>\n        <\/div>\n                <div class=\"col-md-4 col-xl-3\">\n            <a class=\"child_pages__card\" href=\"https:\/\/www.hydronix.com\/fr\/mesurer\/securite-alimentaire\/\">\n                <img decoding=\"async\" src=\"https:\/\/www.hydronix.com\/wp-content\/themes\/cb-hydronix\/img\/icons\/icon__food-safe--blue.svg\" alt=\"\" class=\"d-flex mx-auto w-50\">\n                S\u00e9curit\u00e9 Alimentaire            <\/a>\n        <\/div>\n                <div class=\"col-md-4 col-xl-3\">\n            <a class=\"child_pages__card\" href=\"https:\/\/www.hydronix.com\/fr\/mesurer\/liquides\/\">\n                <img decoding=\"async\" src=\"https:\/\/www.hydronix.com\/wp-content\/themes\/cb-hydronix\/img\/icons\/icon__liquids--blue.svg\" alt=\"\" class=\"d-flex mx-auto w-50\">\n                Liquides            <\/a>\n        <\/div>\n                <div class=\"col-md-4 col-xl-3\">\n            <a class=\"child_pages__card\" href=\"https:\/\/www.hydronix.com\/fr\/mesurer\/beton-et-construction\/\">\n                <img decoding=\"async\" src=\"https:\/\/www.hydronix.com\/wp-content\/themes\/cb-hydronix\/img\/icons\/icon__concrete-construction--blue.svg\" alt=\"\" class=\"d-flex mx-auto w-50\">\n                B\u00e9ton et Construction            <\/a>\n        <\/div>\n                <div class=\"col-md-4 col-xl-3\">\n            <a class=\"child_pages__card\" href=\"https:\/\/www.hydronix.com\/fr\/mesurer\/grains-et-solides-en-vrac\/\">\n                <img decoding=\"async\" src=\"https:\/\/www.hydronix.com\/wp-content\/themes\/cb-hydronix\/img\/icons\/icon__grain-bulk-solids--blue.svg\" alt=\"\" class=\"d-flex mx-auto w-50\">\n                Grains et Solides en Vrac            <\/a>\n        <\/div>\n                <div class=\"col-md-4 col-xl-3\">\n            <a class=\"child_pages__card\" href=\"https:\/\/www.hydronix.com\/fr\/votre-application\/\">\n                <img decoding=\"async\" src=\"https:\/\/www.hydronix.com\/wp-content\/themes\/cb-hydronix\/img\/icons\/icon--your-application.svg\" alt=\"\" class=\"d-flex mx-auto w-50\">\n                Votre Application            <\/a>\n        <\/div>\n        <\/div>\n<\/section>","protected":false},"excerpt":{"rendered":"<p>Les sondes Hydronix permettent de mesurer avec pr\u00e9cision l\u2019humidit\u00e9, la temp\u00e9rature ou le degr\u00e9 Brix dans la plupart des applications de contr\u00f4le des proc\u00e9d\u00e9s qui impliquent des mat\u00e9riaux \u00e0 \u00e9coulement fluide. Les sondes utilisent la m\u00e9thode de mesure par contact, dans laquelle le mat\u00e9riau passe sur la face de d\u00e9tection en c\u00e9ramique au cours du [&#8230;]<\/p>\n<p><a class=\"btn btn-secondary understrap-read-more-link\" href=\"https:\/\/www.hydronix.com\/fr\/mesurer\/\">Lire la suite\u2026<span class=\"screen-reader-text\"> from Mesurer<\/span><\/a><\/p>\n","protected":false},"author":1,"featured_media":0,"parent":0,"menu_order":429,"comment_status":"closed","ping_status":"closed","template":"","meta":{"_acf_changed":false,"content-type":"","inline_featured_image":false,"footnotes":""},"industries":[],"process":[],"class_list":["post-99","page","type-page","status-publish","hentry"],"acf":[],"yoast_head":"<!-- This site is optimized with the Yoast SEO plugin v27.1.1 - https:\/\/yoast.com\/product\/yoast-seo-wordpress\/ -->\n<title>Mesurer - Hydronix<\/title>\n<meta name=\"robots\" content=\"index, follow, max-snippet:-1, max-image-preview:large, max-video-preview:-1\" \/>\n<link rel=\"canonical\" href=\"https:\/\/www.hydronix.com\/fr\/mesurer\/\" \/>\n<meta property=\"og:locale\" content=\"fr_FR\" \/>\n<meta property=\"og:type\" content=\"article\" \/>\n<meta property=\"og:title\" content=\"Mesurer - Hydronix\" \/>\n<meta property=\"og:description\" content=\"Les sondes Hydronix permettent de mesurer avec pr\u00e9cision l\u2019humidit\u00e9, la temp\u00e9rature ou le degr\u00e9 Brix dans la plupart des applications de contr\u00f4le des proc\u00e9d\u00e9s qui impliquent des mat\u00e9riaux \u00e0 \u00e9coulement fluide. Les sondes utilisent la m\u00e9thode de mesure par contact, dans laquelle le mat\u00e9riau passe sur la face de d\u00e9tection en c\u00e9ramique au cours du [...]Lire la suite\u2026 from Mesurer\" \/>\n<meta property=\"og:url\" content=\"https:\/\/www.hydronix.com\/fr\/mesurer\/\" \/>\n<meta property=\"og:site_name\" content=\"Hydronix\" \/>\n<meta property=\"article:modified_time\" content=\"2023-06-15T09:28:06+00:00\" \/>\n<meta name=\"twitter:card\" content=\"summary_large_image\" \/>\n<meta name=\"twitter:label1\" content=\"Dur\u00e9e de lecture estim\u00e9e\" \/>\n\t<meta name=\"twitter:data1\" content=\"1 minute\" \/>\n<script type=\"application\/ld+json\" class=\"yoast-schema-graph\">{\"@context\":\"https:\/\/schema.org\",\"@graph\":[{\"@type\":\"WebPage\",\"@id\":\"https:\/\/www.hydronix.com\/fr\/mesurer\/\",\"url\":\"https:\/\/www.hydronix.com\/fr\/mesurer\/\",\"name\":\"Mesurer - Hydronix\",\"isPartOf\":{\"@id\":\"https:\/\/www.hydronix.com\/fr\/#website\"},\"datePublished\":\"2022-09-12T13:46:06+00:00\",\"dateModified\":\"2023-06-15T09:28:06+00:00\",\"breadcrumb\":{\"@id\":\"https:\/\/www.hydronix.com\/fr\/mesurer\/#breadcrumb\"},\"inLanguage\":\"fr-FR\",\"potentialAction\":[{\"@type\":\"ReadAction\",\"target\":[\"https:\/\/www.hydronix.com\/fr\/mesurer\/\"]}]},{\"@type\":\"BreadcrumbList\",\"@id\":\"https:\/\/www.hydronix.com\/fr\/mesurer\/#breadcrumb\",\"itemListElement\":[{\"@type\":\"ListItem\",\"position\":1,\"name\":\"Accueil\",\"item\":\"https:\/\/www.hydronix.com\/fr\/\"},{\"@type\":\"ListItem\",\"position\":2,\"name\":\"Mesurer\"}]},{\"@type\":\"WebSite\",\"@id\":\"https:\/\/www.hydronix.com\/fr\/#website\",\"url\":\"https:\/\/www.hydronix.com\/fr\/\",\"name\":\"Hydronix\",\"description\":\"Your partner in moisture measurement\",\"potentialAction\":[{\"@type\":\"SearchAction\",\"target\":{\"@type\":\"EntryPoint\",\"urlTemplate\":\"https:\/\/www.hydronix.com\/fr\/?s={search_term_string}\"},\"query-input\":{\"@type\":\"PropertyValueSpecification\",\"valueRequired\":true,\"valueName\":\"search_term_string\"}}],\"inLanguage\":\"fr-FR\"}]}<\/script>\n<!-- \/ Yoast SEO plugin. -->","yoast_head_json":{"title":"Mesurer - Hydronix","robots":{"index":"index","follow":"follow","max-snippet":"max-snippet:-1","max-image-preview":"max-image-preview:large","max-video-preview":"max-video-preview:-1"},"canonical":"https:\/\/www.hydronix.com\/fr\/mesurer\/","og_locale":"fr_FR","og_type":"article","og_title":"Mesurer - Hydronix","og_description":"Les sondes Hydronix permettent de mesurer avec pr\u00e9cision l\u2019humidit\u00e9, la temp\u00e9rature ou le degr\u00e9 Brix dans la plupart des applications de contr\u00f4le des proc\u00e9d\u00e9s qui impliquent des mat\u00e9riaux \u00e0 \u00e9coulement fluide. Les sondes utilisent la m\u00e9thode de mesure par contact, dans laquelle le mat\u00e9riau passe sur la face de d\u00e9tection en c\u00e9ramique au cours du [...]Lire la suite\u2026 from Mesurer","og_url":"https:\/\/www.hydronix.com\/fr\/mesurer\/","og_site_name":"Hydronix","article_modified_time":"2023-06-15T09:28:06+00:00","twitter_card":"summary_large_image","twitter_misc":{"Dur\u00e9e de lecture estim\u00e9e":"1 minute"},"schema":{"@context":"https:\/\/schema.org","@graph":[{"@type":"WebPage","@id":"https:\/\/www.hydronix.com\/fr\/mesurer\/","url":"https:\/\/www.hydronix.com\/fr\/mesurer\/","name":"Mesurer - Hydronix","isPartOf":{"@id":"https:\/\/www.hydronix.com\/fr\/#website"},"datePublished":"2022-09-12T13:46:06+00:00","dateModified":"2023-06-15T09:28:06+00:00","breadcrumb":{"@id":"https:\/\/www.hydronix.com\/fr\/mesurer\/#breadcrumb"},"inLanguage":"fr-FR","potentialAction":[{"@type":"ReadAction","target":["https:\/\/www.hydronix.com\/fr\/mesurer\/"]}]},{"@type":"BreadcrumbList","@id":"https:\/\/www.hydronix.com\/fr\/mesurer\/#breadcrumb","itemListElement":[{"@type":"ListItem","position":1,"name":"Accueil","item":"https:\/\/www.hydronix.com\/fr\/"},{"@type":"ListItem","position":2,"name":"Mesurer"}]},{"@type":"WebSite","@id":"https:\/\/www.hydronix.com\/fr\/#website","url":"https:\/\/www.hydronix.com\/fr\/","name":"Hydronix","description":"Your partner in moisture measurement","potentialAction":[{"@type":"SearchAction","target":{"@type":"EntryPoint","urlTemplate":"https:\/\/www.hydronix.com\/fr\/?s={search_term_string}"},"query-input":{"@type":"PropertyValueSpecification","valueRequired":true,"valueName":"search_term_string"}}],"inLanguage":"fr-FR"}]}},"_links":{"self":[{"href":"https:\/\/www.hydronix.com\/fr\/wp-json\/wp\/v2\/pages\/99","targetHints":{"allow":["GET"]}}],"collection":[{"href":"https:\/\/www.hydronix.com\/fr\/wp-json\/wp\/v2\/pages"}],"about":[{"href":"https:\/\/www.hydronix.com\/fr\/wp-json\/wp\/v2\/types\/page"}],"author":[{"embeddable":true,"href":"https:\/\/www.hydronix.com\/fr\/wp-json\/wp\/v2\/users\/1"}],"replies":[{"embeddable":true,"href":"https:\/\/www.hydronix.com\/fr\/wp-json\/wp\/v2\/comments?post=99"}],"version-history":[{"count":0,"href":"https:\/\/www.hydronix.com\/fr\/wp-json\/wp\/v2\/pages\/99\/revisions"}],"wp:attachment":[{"href":"https:\/\/www.hydronix.com\/fr\/wp-json\/wp\/v2\/media?parent=99"}],"wp:term":[{"taxonomy":"industries","embeddable":true,"href":"https:\/\/www.hydronix.com\/fr\/wp-json\/wp\/v2\/industries?post=99"},{"taxonomy":"process","embeddable":true,"href":"https:\/\/www.hydronix.com\/fr\/wp-json\/wp\/v2\/process?post=99"}],"curies":[{"name":"wp","href":"https:\/\/api.w.org\/{rel}","templated":true}]}}