{"id":461,"date":"2022-09-12T12:53:28","date_gmt":"2022-09-12T12:53:28","guid":{"rendered":"https:\/\/hx2.chilliservers.co.uk\/?page_id=461"},"modified":"2023-11-10T11:07:34","modified_gmt":"2023-11-10T11:07:34","slug":"alimentation","status":"publish","type":"page","link":"https:\/\/www.hydronix.com\/fr\/industries\/alimentation\/","title":{"rendered":"Alimentation"},"content":{"rendered":"    \n<!-- hero_short -->\n<section class=\"short_hero d-flex py-5\" style=\"background-image:url(https:\/\/www.hydronix.com\/wp-content\/uploads\/2022\/09\/E-food.jpg)\">\n    <div class=\"overlay\"><\/div>\n    <div class=\"container-xl my-auto\">\n        <div class=\"row\">\n            <div class=\"col-lg-5 hero__content\">\n                <h1>Alimentation<\/h1>\n            <\/div>\n        <\/div>\n    <\/div>\n<\/section>\n<!--section class=\"sub_page_title py-1 mb-4\">\n    <div class=\"container-xl\">\n        <p id=\"breadcrumbs\"><span><span><a href=\"https:\/\/www.hydronix.com\/fr\/\">Accueil<\/a><\/span><\/span><\/p>    <\/div>\n<\/section-->\n\n\n\n<div style=\"height:40px\" aria-hidden=\"true\" class=\"wp-block-spacer\"><\/div>\n\n\n    <div class=\"container-xl\">\n\t\t\n<p>Le contr\u00f4le de l\u2019humidit\u00e9 est un \u00e9l\u00e9ment cl\u00e9 du traitement des aliments, de l\u2019approvisionnement en mati\u00e8res premi\u00e8res au conditionnement. Il est indispensable que l\u2019humidit\u00e9 soit contr\u00f4l\u00e9e pour obtenir un produit reproductible et uniforme qui conserve sa valeur nutritive.<\/p>\n    <\/div>\n    \n\n    <div class=\"container-xl\">\n\t\t\n<p>Les relev\u00e9s d\u2019humidit\u00e9 pr\u00e9sentent l\u2019avantage suppl\u00e9mentaire d\u2019am\u00e9liorer la production et la rentabilit\u00e9, d\u2019\u00e9conomiser l\u2019\u00e9nergie, de r\u00e9duire le gaspillage et d\u2019amoindrir l\u2019impact sur l\u2019environnement.<\/p>\n    <\/div>\n    \n\n\n<div style=\"height:40px\" aria-hidden=\"true\" class=\"wp-block-spacer\"><\/div>\n\n\n<!-- children -->\n<section class=\"child_pages py-4 mb-4\">\n    <div class=\"container-xl\">\n                <div class=\"row g-4 justify-content-center\">\n        <div class=\"col-md-4 col-xl-3\">\n            <a class=\"child_pages__card child_pages__card--blue\" href=\"https:\/\/www.hydronix.com\/fr\/industries\/alimentation\/aliments-en-poudre\/\">Aliments en poudre<\/a>\n        <\/div>\n                <div class=\"col-md-4 col-xl-3\">\n            <a class=\"child_pages__card child_pages__card--blue\" href=\"https:\/\/www.hydronix.com\/fr\/industries\/alimentation\/production-alimentation\/\">Production alimentaire<\/a>\n        <\/div>\n            <\/div>\n<\/section>","protected":false},"excerpt":{"rendered":"<p>Le contr\u00f4le de l\u2019humidit\u00e9 est un \u00e9l\u00e9ment cl\u00e9 du traitement des aliments, de l\u2019approvisionnement en mati\u00e8res premi\u00e8res au conditionnement. Il est indispensable que l\u2019humidit\u00e9 soit contr\u00f4l\u00e9e pour obtenir un produit reproductible et uniforme qui conserve sa valeur nutritive. Les relev\u00e9s d\u2019humidit\u00e9 pr\u00e9sentent l\u2019avantage suppl\u00e9mentaire d\u2019am\u00e9liorer la production et la rentabilit\u00e9, d\u2019\u00e9conomiser l\u2019\u00e9nergie, de r\u00e9duire le [&#8230;]<\/p>\n<p><a class=\"btn btn-secondary understrap-read-more-link\" href=\"https:\/\/www.hydronix.com\/fr\/industries\/alimentation\/\">Lire la suite\u2026<span class=\"screen-reader-text\"> from Alimentation<\/span><\/a><\/p>\n","protected":false},"author":1,"featured_media":450,"parent":128,"menu_order":498,"comment_status":"closed","ping_status":"closed","template":"","meta":{"_acf_changed":false,"content-type":"","inline_featured_image":false,"footnotes":""},"industries":[],"process":[],"class_list":["post-461","page","type-page","status-publish","has-post-thumbnail","hentry"],"acf":[],"yoast_head":"<!-- This site is optimized with the Yoast SEO plugin v27.1.1 - https:\/\/yoast.com\/product\/yoast-seo-wordpress\/ -->\n<title>Alimentation - Hydronix<\/title>\n<meta name=\"robots\" content=\"index, follow, max-snippet:-1, max-image-preview:large, max-video-preview:-1\" \/>\n<link rel=\"canonical\" href=\"https:\/\/www.hydronix.com\/fr\/industries\/alimentation\/\" \/>\n<meta property=\"og:locale\" content=\"fr_FR\" \/>\n<meta property=\"og:type\" content=\"article\" \/>\n<meta property=\"og:title\" content=\"Alimentation - Hydronix\" \/>\n<meta property=\"og:description\" content=\"Le contr\u00f4le de l\u2019humidit\u00e9 est un \u00e9l\u00e9ment cl\u00e9 du traitement des aliments, de l\u2019approvisionnement en mati\u00e8res premi\u00e8res au conditionnement. Il est indispensable que l\u2019humidit\u00e9 soit contr\u00f4l\u00e9e pour obtenir un produit reproductible et uniforme qui conserve sa valeur nutritive. Les relev\u00e9s d\u2019humidit\u00e9 pr\u00e9sentent l\u2019avantage suppl\u00e9mentaire d\u2019am\u00e9liorer la production et la rentabilit\u00e9, d\u2019\u00e9conomiser l\u2019\u00e9nergie, de r\u00e9duire le [...]Lire la suite\u2026 from Alimentation\" \/>\n<meta property=\"og:url\" content=\"https:\/\/www.hydronix.com\/fr\/industries\/alimentation\/\" \/>\n<meta property=\"og:site_name\" content=\"Hydronix\" \/>\n<meta property=\"article:modified_time\" content=\"2023-11-10T11:07:34+00:00\" \/>\n<meta property=\"og:image\" content=\"https:\/\/www.hydronix.com\/wp-content\/uploads\/2022\/09\/E-food.jpg\" \/>\n\t<meta property=\"og:image:width\" content=\"2000\" \/>\n\t<meta property=\"og:image:height\" content=\"400\" \/>\n\t<meta property=\"og:image:type\" content=\"image\/jpeg\" \/>\n<meta name=\"twitter:card\" content=\"summary_large_image\" \/>\n<meta name=\"twitter:label1\" content=\"Dur\u00e9e de lecture estim\u00e9e\" \/>\n\t<meta name=\"twitter:data1\" content=\"1 minute\" \/>\n<script type=\"application\/ld+json\" class=\"yoast-schema-graph\">{\"@context\":\"https:\/\/schema.org\",\"@graph\":[{\"@type\":\"WebPage\",\"@id\":\"https:\/\/www.hydronix.com\/fr\/industries\/alimentation\/\",\"url\":\"https:\/\/www.hydronix.com\/fr\/industries\/alimentation\/\",\"name\":\"Alimentation - Hydronix\",\"isPartOf\":{\"@id\":\"https:\/\/www.hydronix.com\/fr\/#website\"},\"primaryImageOfPage\":{\"@id\":\"https:\/\/www.hydronix.com\/fr\/industries\/alimentation\/#primaryimage\"},\"image\":{\"@id\":\"https:\/\/www.hydronix.com\/fr\/industries\/alimentation\/#primaryimage\"},\"thumbnailUrl\":\"https:\/\/www.hydronix.com\/wp-content\/uploads\/2022\/09\/E-food.jpg\",\"datePublished\":\"2022-09-12T12:53:28+00:00\",\"dateModified\":\"2023-11-10T11:07:34+00:00\",\"breadcrumb\":{\"@id\":\"https:\/\/www.hydronix.com\/fr\/industries\/alimentation\/#breadcrumb\"},\"inLanguage\":\"fr-FR\",\"potentialAction\":[{\"@type\":\"ReadAction\",\"target\":[\"https:\/\/www.hydronix.com\/fr\/industries\/alimentation\/\"]}]},{\"@type\":\"ImageObject\",\"inLanguage\":\"fr-FR\",\"@id\":\"https:\/\/www.hydronix.com\/fr\/industries\/alimentation\/#primaryimage\",\"url\":\"https:\/\/www.hydronix.com\/wp-content\/uploads\/2022\/09\/E-food.jpg\",\"contentUrl\":\"https:\/\/www.hydronix.com\/wp-content\/uploads\/2022\/09\/E-food.jpg\",\"width\":2000,\"height\":400},{\"@type\":\"BreadcrumbList\",\"@id\":\"https:\/\/www.hydronix.com\/fr\/industries\/alimentation\/#breadcrumb\",\"itemListElement\":[{\"@type\":\"ListItem\",\"position\":1,\"name\":\"Accueil\",\"item\":\"https:\/\/www.hydronix.com\/fr\/\"},{\"@type\":\"ListItem\",\"position\":2,\"name\":\"Industries\",\"item\":\"https:\/\/www.hydronix.com\/fr\/industries\/\"},{\"@type\":\"ListItem\",\"position\":3,\"name\":\"Alimentation\"}]},{\"@type\":\"WebSite\",\"@id\":\"https:\/\/www.hydronix.com\/fr\/#website\",\"url\":\"https:\/\/www.hydronix.com\/fr\/\",\"name\":\"Hydronix\",\"description\":\"Your partner in moisture measurement\",\"potentialAction\":[{\"@type\":\"SearchAction\",\"target\":{\"@type\":\"EntryPoint\",\"urlTemplate\":\"https:\/\/www.hydronix.com\/fr\/?s={search_term_string}\"},\"query-input\":{\"@type\":\"PropertyValueSpecification\",\"valueRequired\":true,\"valueName\":\"search_term_string\"}}],\"inLanguage\":\"fr-FR\"}]}<\/script>\n<!-- \/ Yoast SEO plugin. -->","yoast_head_json":{"title":"Alimentation - Hydronix","robots":{"index":"index","follow":"follow","max-snippet":"max-snippet:-1","max-image-preview":"max-image-preview:large","max-video-preview":"max-video-preview:-1"},"canonical":"https:\/\/www.hydronix.com\/fr\/industries\/alimentation\/","og_locale":"fr_FR","og_type":"article","og_title":"Alimentation - Hydronix","og_description":"Le contr\u00f4le de l\u2019humidit\u00e9 est un \u00e9l\u00e9ment cl\u00e9 du traitement des aliments, de l\u2019approvisionnement en mati\u00e8res premi\u00e8res au conditionnement. Il est indispensable que l\u2019humidit\u00e9 soit contr\u00f4l\u00e9e pour obtenir un produit reproductible et uniforme qui conserve sa valeur nutritive. Les relev\u00e9s d\u2019humidit\u00e9 pr\u00e9sentent l\u2019avantage suppl\u00e9mentaire d\u2019am\u00e9liorer la production et la rentabilit\u00e9, d\u2019\u00e9conomiser l\u2019\u00e9nergie, de r\u00e9duire le [...]Lire la suite\u2026 from Alimentation","og_url":"https:\/\/www.hydronix.com\/fr\/industries\/alimentation\/","og_site_name":"Hydronix","article_modified_time":"2023-11-10T11:07:34+00:00","og_image":[{"width":2000,"height":400,"url":"https:\/\/www.hydronix.com\/wp-content\/uploads\/2022\/09\/E-food.jpg","type":"image\/jpeg"}],"twitter_card":"summary_large_image","twitter_misc":{"Dur\u00e9e de lecture estim\u00e9e":"1 minute"},"schema":{"@context":"https:\/\/schema.org","@graph":[{"@type":"WebPage","@id":"https:\/\/www.hydronix.com\/fr\/industries\/alimentation\/","url":"https:\/\/www.hydronix.com\/fr\/industries\/alimentation\/","name":"Alimentation - Hydronix","isPartOf":{"@id":"https:\/\/www.hydronix.com\/fr\/#website"},"primaryImageOfPage":{"@id":"https:\/\/www.hydronix.com\/fr\/industries\/alimentation\/#primaryimage"},"image":{"@id":"https:\/\/www.hydronix.com\/fr\/industries\/alimentation\/#primaryimage"},"thumbnailUrl":"https:\/\/www.hydronix.com\/wp-content\/uploads\/2022\/09\/E-food.jpg","datePublished":"2022-09-12T12:53:28+00:00","dateModified":"2023-11-10T11:07:34+00:00","breadcrumb":{"@id":"https:\/\/www.hydronix.com\/fr\/industries\/alimentation\/#breadcrumb"},"inLanguage":"fr-FR","potentialAction":[{"@type":"ReadAction","target":["https:\/\/www.hydronix.com\/fr\/industries\/alimentation\/"]}]},{"@type":"ImageObject","inLanguage":"fr-FR","@id":"https:\/\/www.hydronix.com\/fr\/industries\/alimentation\/#primaryimage","url":"https:\/\/www.hydronix.com\/wp-content\/uploads\/2022\/09\/E-food.jpg","contentUrl":"https:\/\/www.hydronix.com\/wp-content\/uploads\/2022\/09\/E-food.jpg","width":2000,"height":400},{"@type":"BreadcrumbList","@id":"https:\/\/www.hydronix.com\/fr\/industries\/alimentation\/#breadcrumb","itemListElement":[{"@type":"ListItem","position":1,"name":"Accueil","item":"https:\/\/www.hydronix.com\/fr\/"},{"@type":"ListItem","position":2,"name":"Industries","item":"https:\/\/www.hydronix.com\/fr\/industries\/"},{"@type":"ListItem","position":3,"name":"Alimentation"}]},{"@type":"WebSite","@id":"https:\/\/www.hydronix.com\/fr\/#website","url":"https:\/\/www.hydronix.com\/fr\/","name":"Hydronix","description":"Your partner in moisture measurement","potentialAction":[{"@type":"SearchAction","target":{"@type":"EntryPoint","urlTemplate":"https:\/\/www.hydronix.com\/fr\/?s={search_term_string}"},"query-input":{"@type":"PropertyValueSpecification","valueRequired":true,"valueName":"search_term_string"}}],"inLanguage":"fr-FR"}]}},"_links":{"self":[{"href":"https:\/\/www.hydronix.com\/fr\/wp-json\/wp\/v2\/pages\/461","targetHints":{"allow":["GET"]}}],"collection":[{"href":"https:\/\/www.hydronix.com\/fr\/wp-json\/wp\/v2\/pages"}],"about":[{"href":"https:\/\/www.hydronix.com\/fr\/wp-json\/wp\/v2\/types\/page"}],"author":[{"embeddable":true,"href":"https:\/\/www.hydronix.com\/fr\/wp-json\/wp\/v2\/users\/1"}],"replies":[{"embeddable":true,"href":"https:\/\/www.hydronix.com\/fr\/wp-json\/wp\/v2\/comments?post=461"}],"version-history":[{"count":0,"href":"https:\/\/www.hydronix.com\/fr\/wp-json\/wp\/v2\/pages\/461\/revisions"}],"up":[{"embeddable":true,"href":"https:\/\/www.hydronix.com\/fr\/wp-json\/wp\/v2\/pages\/128"}],"wp:featuredmedia":[{"embeddable":true,"href":"https:\/\/www.hydronix.com\/fr\/wp-json\/wp\/v2\/media\/450"}],"wp:attachment":[{"href":"https:\/\/www.hydronix.com\/fr\/wp-json\/wp\/v2\/media?parent=461"}],"wp:term":[{"taxonomy":"industries","embeddable":true,"href":"https:\/\/www.hydronix.com\/fr\/wp-json\/wp\/v2\/industries?post=461"},{"taxonomy":"process","embeddable":true,"href":"https:\/\/www.hydronix.com\/fr\/wp-json\/wp\/v2\/process?post=461"}],"curies":[{"name":"wp","href":"https:\/\/api.w.org\/{rel}","templated":true}]}}