{"id":400,"date":"2022-09-12T15:02:59","date_gmt":"2022-09-12T15:02:59","guid":{"rendered":"https:\/\/hx2.chilliservers.co.uk\/?page_id=400"},"modified":"2023-11-20T12:57:21","modified_gmt":"2023-11-20T12:57:21","slug":"malaxage","status":"publish","type":"page","link":"https:\/\/www.hydronix.com\/fr\/procedes\/malaxage\/","title":{"rendered":"Malaxage"},"content":{"rendered":"<!-- icon_hero -->\n<section class=\"application_hero d-flex py-5\" style=\"background-image:url(https:\/\/www.hydronix.com\/wp-content\/uploads\/2022\/12\/iStock-1214810768_mixing-swirl.jpg)\">\n    <div class=\"overlay\"><\/div>\n    <div class=\"container my-auto\">\n        <div class=\"row\">\n            <div class=\"col-lg-2\"><img decoding=\"async\" src=\"https:\/\/www.hydronix.com\/wp-content\/themes\/cb-hydronix\/img\/icons\/icon__mixing--wo.svg\" class=\"w-50 w-lg-100\"><\/div>\n            <div class=\"col-lg-10 d-flex hero__content\"><h1 class=\"my-auto text-white\">Malaxage<\/h1><\/div>\n        <\/div>\n    <\/div>\n<\/section>\n<section class=\"sub_page_title py-1 mb-4\">\n    <div class=\"container-xl\">\n        <p id=\"breadcrumbs\"><span><span><a href=\"https:\/\/www.hydronix.com\/fr\/\">Accueil<\/a><\/span><\/span><\/p>    <\/div>\n<\/section>\n\n\n<!-- process_overview -->\n<section class=\"process_overview mb-4\">\n    <div class=\"container-xl\">\n        <div class=\"row g-4\">\n            <div class=\"col-md-6\">\n                <h2 class=\"fs-3 mb-4\">Vue d\u2019ensemble<\/h2>\n                <p>Le contr\u00f4le de l\u2019humidit\u00e9 pendant les proc\u00e9d\u00e9s de malaxage permet au producteur d\u2019obtenir le bon niveau d\u2019eau dans les mat\u00e9riaux malax\u00e9s et de v\u00e9rifier l\u2019homog\u00e9n\u00e9it\u00e9 des mat\u00e9riaux.<\/p>\n<p>Ceci permet aux producteurs d\u2019optimiser la qualit\u00e9 du m\u00e9lange de mat\u00e9riaux.<\/p>\n            <\/div>\n            <div class=\"col-md-6\">\n                <h2 class=\"fs-3 mb-4\">Avantages<\/h2>\n                <div class=\"process_benefits mb-4\">\n                    <div class=\"card\">\n                    <ul class=\"mb-0\"><li>Obtenir l\u2019homog\u00e9n\u00e9it\u00e9 correcte<\/li><li>Atteindre l\u2019objectif d\u2019humidit\u00e9<\/li><li>Optimiser la consommation d\u2019\u00e9nergie et les \u00e9missions<\/li><\/ul>                    <\/div>\n                <\/div>\n                <h2 class=\"fs-3 mb-4\">Points d\u2019installation<\/h2>\n                <div class=\"row g-4 justify-content-center installation_points installations\">\n                    <div class=\"col-sm-4 text-center\">\n                                                <div class=\"card\">\n                            <img decoding=\"async\" src=\"https:\/\/www.hydronix.com\/wp-content\/themes\/cb-hydronix\/img\/icon--input.svg\" alt=\"\">\n                            Entr\u00e9e                        <\/div>\n                    <\/div>\n                    <div class=\"col-sm-4 text-center\">\n                                                <div class=\"card\">\n                            <img decoding=\"async\" src=\"https:\/\/www.hydronix.com\/wp-content\/themes\/cb-hydronix\/img\/icon--in-process.svg\" alt=\"\">\n                                Dans le proc\u00e9d\u00e9                        <\/div>\n                    <\/div>\n                    <div class=\"col-sm-4 text-center\">\n                                                <div class=\"card\">\n                            <img decoding=\"async\" src=\"https:\/\/www.hydronix.com\/wp-content\/themes\/cb-hydronix\/img\/icon--output.svg\" alt=\"\">\n                                Sortie                        <\/div>\n                    <\/div>\n                <\/div>\n            <\/div>\n        <\/div>\n    <\/div>\n<\/section>\n\n<!-- application_icons -->\n<section class=\"bg--blue-100  py-4\">\n<div class=\"container py-4\">\n    <h2 class=\"fs-4 text-center mb-4\">Applications typiques<\/h2>\n    <div class=\"applications row g-4\">\n                <div class=\"col-sm-4 col-lg-2 applications__card active\">\n            <a href=\"\/fr\/mesurer\/atmosphere-explosive\/\">\n                <img decoding=\"async\" src=\"https:\/\/www.hydronix.com\/wp-content\/themes\/cb-hydronix\/img\/icons\/icon__explosive-atmosphere--blue.svg\" alt=\"X --blue\">\n                <div class=\"applications__title\">Atmosph\u00e8re Explosive<\/div>\n            <\/a>\n        <\/div>\n                    <div class=\"col-sm-4 col-lg-2 applications__card active\">\n            <a href=\"\/fr\/mesurer\/beton-et-construction\/\">\n                <img decoding=\"async\" src=\"https:\/\/www.hydronix.com\/wp-content\/themes\/cb-hydronix\/img\/icons\/icon__concrete-construction--blue.svg\" alt=\"X --blue\">\n                <div class=\"applications__title\">B\u00e9ton et Construction<\/div>\n            <\/a>\n        <\/div>\n                    <div class=\"col-sm-4 col-lg-2 applications__card active\">\n            <a href=\"\/fr\/mesurer\/grains-et-solides-en-vrac\/\">\n                <img decoding=\"async\" src=\"https:\/\/www.hydronix.com\/wp-content\/themes\/cb-hydronix\/img\/icons\/icon__grain-bulk-solids--blue.svg\" alt=\"X --blue\">\n                <div class=\"applications__title\">Grains et Solides en Vrac<\/div>\n            <\/a>\n        <\/div>\n                    <div class=\"col-sm-4 col-lg-2 applications__card active\">\n            <a href=\"\/fr\/mesurer\/haute-temperature\/\">\n                <img decoding=\"async\" src=\"https:\/\/www.hydronix.com\/wp-content\/themes\/cb-hydronix\/img\/icons\/icon__high-temperature--blue.svg\" alt=\"X --blue\">\n                <div class=\"applications__title\">Haute Temp\u00e9rature<\/div>\n            <\/a>\n        <\/div>\n                    <div class=\"col-sm-4 col-lg-2 applications__card active\">\n            <a href=\"\/fr\/mesurer\/liquides\/\">\n                <img decoding=\"async\" src=\"https:\/\/www.hydronix.com\/wp-content\/themes\/cb-hydronix\/img\/icons\/icon__liquids--blue.svg\" alt=\"X --blue\">\n                <div class=\"applications__title\">Liquides<\/div>\n            <\/a>\n        <\/div>\n                    <div class=\"col-sm-4 col-lg-2 applications__card active\">\n            <a href=\"\/fr\/mesurer\/securite-alimentaire\/\">\n                <img decoding=\"async\" src=\"https:\/\/www.hydronix.com\/wp-content\/themes\/cb-hydronix\/img\/icons\/icon__food-safe--blue.svg\" alt=\"X --blue\">\n                <div class=\"applications__title\">S\u00e9curit\u00e9 Alimentaire<\/div>\n            <\/a>\n        <\/div>\n                <\/div>\n<\/div>\n<\/section>\n\n<!-- products_by_process -->\n<section class=\"prod_by_app products pb-5\">\n    <div class=\"container-xl\">\n        <h2>Produits associ\u00e9s<\/h2>\n        <div class=\"row g-3\">\n\n    <div class=\"col-sm-6 col-lg-3\">\n        <a class=\"product__card\" href=\"https:\/\/www.hydronix.com\/fr\/produits\/hydro-mix\/\">\n        <img decoding=\"async\" src=\"https:\/\/www.hydronix.com\/wp-content\/uploads\/2022\/10\/hm08-hero-300x169.png\">\n            <div class=\"mb-2 fw-bold\">Hydro-Mix<\/div>\n            <div class=\"mb-2 product__subtitle\">Sonde d&rsquo;humidit\u00e9\u00a0: montage en affleurement pour les malaxeurs et les convoyeurs<\/div>\n            <div class=\"badges\">\n                            <\/div>        <\/a>\n    <\/div>\n        <div class=\"col-sm-6 col-lg-3\">\n        <a class=\"product__card\" href=\"https:\/\/www.hydronix.com\/fr\/produits\/thermo-tuff\/\">\n        <img decoding=\"async\" src=\"https:\/\/www.hydronix.com\/wp-content\/uploads\/2022\/11\/tt01-persp-300x169.png\">\n            <div class=\"mb-2 fw-bold\">Thermo-Tuff<\/div>\n            <div class=\"mb-2 product__subtitle\">Sonde de temp\u00e9rature\u00a0: robuste et \u00e0 r\u00e9ponse rapide pour les tr\u00e9mies et les malaxeurs<\/div>\n            <div class=\"badges\">\n                                        <div class=\"badge badge--high-temp\"><\/div>\n                                    <\/div>        <\/a>\n    <\/div>\n        <div class=\"col-sm-6 col-lg-3\">\n        <a class=\"product__card\" href=\"https:\/\/www.hydronix.com\/fr\/produits\/hydro-probe-orbiter\/\">\n        <img decoding=\"async\" src=\"https:\/\/www.hydronix.com\/wp-content\/uploads\/2022\/11\/orb3-flat-front-300x169.png\">\n            <div class=\"mb-2 fw-bold\">Hydro-Probe Orbiter<\/div>\n            <div class=\"mb-2 product__subtitle\">Sonde d&rsquo;humidit\u00e9\u00a0: pour les malaxeurs \u00e0 arbres verticaux rotatifs<\/div>\n            <div class=\"badges\">\n                                        <div class=\"badge badge--high-temp\"><\/div>\n                                    <\/div>        <\/a>\n    <\/div>\n        <div class=\"col-sm-6 col-lg-3\">\n        <a class=\"product__card\" href=\"https:\/\/www.hydronix.com\/fr\/produits\/hydro-mix-xt-ex\/\">\n        <img decoding=\"async\" src=\"https:\/\/www.hydronix.com\/wp-content\/uploads\/2022\/11\/hmxtex-front-right-persp-300x169.png\">\n            <div class=\"mb-2 fw-bold\">Hydro-Mix XT-EX<\/div>\n            <div class=\"mb-2 product__subtitle\">Sonde d&rsquo;humidit\u00e9\u00a0: montage en affleurement. Temp\u00e9ratures de processus jusqu&rsquo;\u00e0 60\u00a0\u00b0C (zone\u00a020\/21)<\/div>\n            <div class=\"badges\">\n                                        <div class=\"badge badge--atex\"><\/div>\n                        <div class=\"badge badge--etl\"><\/div>\n                                    <\/div>        <\/a>\n    <\/div>\n        <div class=\"col-sm-6 col-lg-3\">\n        <a class=\"product__card\" href=\"https:\/\/www.hydronix.com\/fr\/produits\/hydro-mix-ht\/\">\n        <img decoding=\"async\" src=\"https:\/\/www.hydronix.com\/wp-content\/uploads\/2022\/11\/hmht01-front-persp-300x169.png\">\n            <div class=\"mb-2 fw-bold\">Hydro-Mix HT<\/div>\n            <div class=\"mb-2 product__subtitle\">Sonde d&rsquo;humidit\u00e9\u00a0: plage de temp\u00e9ratures de processus jusqu&rsquo;\u00e0 120\u00a0\u00b0C<\/div>\n            <div class=\"badges\">\n                                        <div class=\"badge badge--high-temp\"><\/div>\n                                    <\/div>        <\/a>\n    <\/div>\n        <div class=\"col-sm-6 col-lg-3\">\n        <a class=\"product__card\" href=\"https:\/\/www.hydronix.com\/fr\/produits\/hydro-mix-ht-ex\/\">\n        <img decoding=\"async\" src=\"https:\/\/www.hydronix.com\/wp-content\/uploads\/2022\/10\/hmhtex-left-persp-300x169.png\">\n            <div class=\"mb-2 fw-bold\">Hydro-Mix HT-EX<\/div>\n            <div class=\"mb-2 product__subtitle\">Sonde d&rsquo;humidit\u00e9\u00a0: montage en affleurement. Temp\u00e9ratures de processus jusqu&rsquo;\u00e0 120\u00a0\u00b0C (zone\u00a020)<\/div>\n            <div class=\"badges\">\n                                        <div class=\"badge badge--atex\"><\/div>\n                        <div class=\"badge badge--etl\"><\/div>\n                                                <div class=\"badge badge--high-temp\"><\/div>\n                                    <\/div>        <\/a>\n    <\/div>\n        <div class=\"col-sm-6 col-lg-3\">\n        <a class=\"product__card\" href=\"https:\/\/www.hydronix.com\/fr\/produits\/hydro-mix-xt-fs\/\">\n        <img decoding=\"async\" src=\"https:\/\/www.hydronix.com\/wp-content\/uploads\/2022\/09\/hmxtfs-front-300x169.png\">\n            <div class=\"mb-2 fw-bold\">Hydro-Mix XT-FS<\/div>\n            <div class=\"mb-2 product__subtitle\">Sonde d&rsquo;humidit\u00e9\u00a0: montage en affleurement de qualit\u00e9 alimentaire pour les malaxeurs et les convoyeurs<\/div>\n            <div class=\"badges\">\n                                        <div class=\"badge badge--food-safe\"><\/div>\n                                    <\/div>        <\/a>\n    <\/div>\n        <div class=\"col-sm-6 col-lg-3\">\n        <a class=\"product__card\" href=\"https:\/\/www.hydronix.com\/fr\/produits\/hydro-probe-bx\/\">\n        <img decoding=\"async\" src=\"https:\/\/www.hydronix.com\/wp-content\/uploads\/2023\/06\/HDX_HPBX_PerspR_5679transp-1-e1700571312481-300x130.png\">\n            <div class=\"mb-2 fw-bold\">Hydro-Probe BX<\/div>\n            <div class=\"mb-2 product__subtitle\">Sonde de mesure du degr\u00e9 Brix, de l&rsquo;humidit\u00e9 et du niveau de solides dissous\u00a0: montage dans des r\u00e9cipients sous pression<\/div>\n            <div class=\"badges\">\n                            <\/div>        <\/a>\n    <\/div>\n            <\/div>\n    <\/div>\n<\/section>","protected":false},"excerpt":{"rendered":"<p> [&#8230;]<\/p>\n<p><a class=\"btn btn-secondary understrap-read-more-link\" href=\"https:\/\/www.hydronix.com\/fr\/procedes\/malaxage\/\">Lire la suite\u2026<span class=\"screen-reader-text\"> from Malaxage<\/span><\/a><\/p>\n","protected":false},"author":1,"featured_media":0,"parent":165,"menu_order":671,"comment_status":"closed","ping_status":"closed","template":"","meta":{"_acf_changed":false,"content-type":"","inline_featured_image":false,"footnotes":""},"industries":[],"process":[],"class_list":["post-400","page","type-page","status-publish","hentry"],"acf":[],"yoast_head":"<!-- This site is optimized with the Yoast SEO plugin v27.1.1 - https:\/\/yoast.com\/product\/yoast-seo-wordpress\/ -->\n<title>Malaxage - Hydronix<\/title>\n<meta name=\"robots\" content=\"index, follow, max-snippet:-1, max-image-preview:large, max-video-preview:-1\" \/>\n<link rel=\"canonical\" href=\"https:\/\/www.hydronix.com\/fr\/procedes\/malaxage\/\" \/>\n<meta property=\"og:locale\" content=\"fr_FR\" \/>\n<meta property=\"og:type\" content=\"article\" \/>\n<meta property=\"og:title\" content=\"Malaxage - Hydronix\" \/>\n<meta property=\"og:description\" content=\"[...]Lire la suite\u2026 from Malaxage\" \/>\n<meta property=\"og:url\" content=\"https:\/\/www.hydronix.com\/fr\/procedes\/malaxage\/\" \/>\n<meta property=\"og:site_name\" content=\"Hydronix\" \/>\n<meta property=\"article:modified_time\" content=\"2023-11-20T12:57:21+00:00\" \/>\n<meta name=\"twitter:card\" content=\"summary_large_image\" \/>\n<script type=\"application\/ld+json\" class=\"yoast-schema-graph\">{\"@context\":\"https:\/\/schema.org\",\"@graph\":[{\"@type\":\"WebPage\",\"@id\":\"https:\/\/www.hydronix.com\/fr\/procedes\/malaxage\/\",\"url\":\"https:\/\/www.hydronix.com\/fr\/procedes\/malaxage\/\",\"name\":\"Malaxage - Hydronix\",\"isPartOf\":{\"@id\":\"https:\/\/www.hydronix.com\/fr\/#website\"},\"datePublished\":\"2022-09-12T15:02:59+00:00\",\"dateModified\":\"2023-11-20T12:57:21+00:00\",\"breadcrumb\":{\"@id\":\"https:\/\/www.hydronix.com\/fr\/procedes\/malaxage\/#breadcrumb\"},\"inLanguage\":\"fr-FR\",\"potentialAction\":[{\"@type\":\"ReadAction\",\"target\":[\"https:\/\/www.hydronix.com\/fr\/procedes\/malaxage\/\"]}]},{\"@type\":\"BreadcrumbList\",\"@id\":\"https:\/\/www.hydronix.com\/fr\/procedes\/malaxage\/#breadcrumb\",\"itemListElement\":[{\"@type\":\"ListItem\",\"position\":1,\"name\":\"Accueil\",\"item\":\"https:\/\/www.hydronix.com\/fr\/\"},{\"@type\":\"ListItem\",\"position\":2,\"name\":\"Proc\u00e9d\u00e9s\",\"item\":\"https:\/\/www.hydronix.com\/fr\/procedes\/\"},{\"@type\":\"ListItem\",\"position\":3,\"name\":\"Malaxage\"}]},{\"@type\":\"WebSite\",\"@id\":\"https:\/\/www.hydronix.com\/fr\/#website\",\"url\":\"https:\/\/www.hydronix.com\/fr\/\",\"name\":\"Hydronix\",\"description\":\"Your partner in moisture measurement\",\"potentialAction\":[{\"@type\":\"SearchAction\",\"target\":{\"@type\":\"EntryPoint\",\"urlTemplate\":\"https:\/\/www.hydronix.com\/fr\/?s={search_term_string}\"},\"query-input\":{\"@type\":\"PropertyValueSpecification\",\"valueRequired\":true,\"valueName\":\"search_term_string\"}}],\"inLanguage\":\"fr-FR\"}]}<\/script>\n<!-- \/ Yoast SEO plugin. -->","yoast_head_json":{"title":"Malaxage - Hydronix","robots":{"index":"index","follow":"follow","max-snippet":"max-snippet:-1","max-image-preview":"max-image-preview:large","max-video-preview":"max-video-preview:-1"},"canonical":"https:\/\/www.hydronix.com\/fr\/procedes\/malaxage\/","og_locale":"fr_FR","og_type":"article","og_title":"Malaxage - Hydronix","og_description":"[...]Lire la suite\u2026 from Malaxage","og_url":"https:\/\/www.hydronix.com\/fr\/procedes\/malaxage\/","og_site_name":"Hydronix","article_modified_time":"2023-11-20T12:57:21+00:00","twitter_card":"summary_large_image","schema":{"@context":"https:\/\/schema.org","@graph":[{"@type":"WebPage","@id":"https:\/\/www.hydronix.com\/fr\/procedes\/malaxage\/","url":"https:\/\/www.hydronix.com\/fr\/procedes\/malaxage\/","name":"Malaxage - Hydronix","isPartOf":{"@id":"https:\/\/www.hydronix.com\/fr\/#website"},"datePublished":"2022-09-12T15:02:59+00:00","dateModified":"2023-11-20T12:57:21+00:00","breadcrumb":{"@id":"https:\/\/www.hydronix.com\/fr\/procedes\/malaxage\/#breadcrumb"},"inLanguage":"fr-FR","potentialAction":[{"@type":"ReadAction","target":["https:\/\/www.hydronix.com\/fr\/procedes\/malaxage\/"]}]},{"@type":"BreadcrumbList","@id":"https:\/\/www.hydronix.com\/fr\/procedes\/malaxage\/#breadcrumb","itemListElement":[{"@type":"ListItem","position":1,"name":"Accueil","item":"https:\/\/www.hydronix.com\/fr\/"},{"@type":"ListItem","position":2,"name":"Proc\u00e9d\u00e9s","item":"https:\/\/www.hydronix.com\/fr\/procedes\/"},{"@type":"ListItem","position":3,"name":"Malaxage"}]},{"@type":"WebSite","@id":"https:\/\/www.hydronix.com\/fr\/#website","url":"https:\/\/www.hydronix.com\/fr\/","name":"Hydronix","description":"Your partner in moisture measurement","potentialAction":[{"@type":"SearchAction","target":{"@type":"EntryPoint","urlTemplate":"https:\/\/www.hydronix.com\/fr\/?s={search_term_string}"},"query-input":{"@type":"PropertyValueSpecification","valueRequired":true,"valueName":"search_term_string"}}],"inLanguage":"fr-FR"}]}},"_links":{"self":[{"href":"https:\/\/www.hydronix.com\/fr\/wp-json\/wp\/v2\/pages\/400","targetHints":{"allow":["GET"]}}],"collection":[{"href":"https:\/\/www.hydronix.com\/fr\/wp-json\/wp\/v2\/pages"}],"about":[{"href":"https:\/\/www.hydronix.com\/fr\/wp-json\/wp\/v2\/types\/page"}],"author":[{"embeddable":true,"href":"https:\/\/www.hydronix.com\/fr\/wp-json\/wp\/v2\/users\/1"}],"replies":[{"embeddable":true,"href":"https:\/\/www.hydronix.com\/fr\/wp-json\/wp\/v2\/comments?post=400"}],"version-history":[{"count":0,"href":"https:\/\/www.hydronix.com\/fr\/wp-json\/wp\/v2\/pages\/400\/revisions"}],"up":[{"embeddable":true,"href":"https:\/\/www.hydronix.com\/fr\/wp-json\/wp\/v2\/pages\/165"}],"wp:attachment":[{"href":"https:\/\/www.hydronix.com\/fr\/wp-json\/wp\/v2\/media?parent=400"}],"wp:term":[{"taxonomy":"industries","embeddable":true,"href":"https:\/\/www.hydronix.com\/fr\/wp-json\/wp\/v2\/industries?post=400"},{"taxonomy":"process","embeddable":true,"href":"https:\/\/www.hydronix.com\/fr\/wp-json\/wp\/v2\/process?post=400"}],"curies":[{"name":"wp","href":"https:\/\/api.w.org\/{rel}","templated":true}]}}