{"id":37325,"date":"2024-06-28T08:07:04","date_gmt":"2024-06-28T08:07:04","guid":{"rendered":"https:\/\/www.hydronix.com\/formation\/"},"modified":"2025-02-17T12:32:21","modified_gmt":"2025-02-17T12:32:21","slug":"formation-sondes-humidite-hydronix","status":"publish","type":"page","link":"https:\/\/www.hydronix.com\/fr\/formation-sondes-humidite-hydronix\/","title":{"rendered":"Formation"},"content":{"rendered":"    \n<!-- hero_short -->\n<section class=\"short_hero d-flex py-5\" style=\"background-image:url(https:\/\/www.hydronix.com\/wp-content\/uploads\/2024\/06\/shutterstock_2305781813-online-learning-scaled.jpg)\">\n    <div class=\"overlay\"><\/div>\n    <div class=\"container-xl my-auto\">\n        <div class=\"row\">\n            <div class=\"col-lg-5 hero__content\">\n                <h1>Formation<\/h1>\n            <\/div>\n        <\/div>\n    <\/div>\n<\/section>\n<!--section class=\"sub_page_title py-1 mb-4\">\n    <div class=\"container-xl\">\n        <p id=\"breadcrumbs\"><span><span><a href=\"https:\/\/www.hydronix.com\/fr\/\">Accueil<\/a><\/span><\/span><\/p>    <\/div>\n<\/section-->\n<!-- children -->\n<section class=\"child_pages py-4 mb-4\">\n    <div class=\"container-xl\">\n                <div class=\"row g-4 justify-content-center\">\n        <div class=\"col-md-4 col-xl-3\">\n            <a class=\"child_pages__card child_pages__card--blue\" href=\"https:\/\/www.hydronix.com\/fr\/formation-sondes-humidite-hydronix\/etalonnage\/\">\u00c9talonnage<\/a>\n        <\/div>\n                <div class=\"col-md-4 col-xl-3\">\n            <a class=\"child_pages__card child_pages__card--blue\" href=\"https:\/\/www.hydronix.com\/fr\/formation-sondes-humidite-hydronix\/configuration\/\">Configuration<\/a>\n        <\/div>\n                <div class=\"col-md-4 col-xl-3\">\n            <a class=\"child_pages__card child_pages__card--blue\" href=\"https:\/\/www.hydronix.com\/fr\/formation-sondes-humidite-hydronix\/electricite\/\">\u00c9lectricit\u00e9<\/a>\n        <\/div>\n            <\/div>\n<\/section>","protected":false},"excerpt":{"rendered":"<p> [&#8230;]<\/p>\n<p><a class=\"btn btn-secondary understrap-read-more-link\" href=\"https:\/\/www.hydronix.com\/fr\/formation-sondes-humidite-hydronix\/\">Lire la suite\u2026<span class=\"screen-reader-text\"> from Formation<\/span><\/a><\/p>\n","protected":false},"author":1,"featured_media":36972,"parent":0,"menu_order":0,"comment_status":"closed","ping_status":"closed","template":"","meta":{"_acf_changed":false,"content-type":"","inline_featured_image":false,"footnotes":""},"industries":[],"process":[],"class_list":["post-37325","page","type-page","status-publish","has-post-thumbnail","hentry"],"acf":[],"yoast_head":"<!-- This site is optimized with the Yoast SEO plugin v27.1.1 - https:\/\/yoast.com\/product\/yoast-seo-wordpress\/ -->\n<title>Formation - Hydronix<\/title>\n<meta name=\"description\" content=\"Hydronix propose une formation pour ses sondes d&#039;humidit\u00e9: \u00e9talonnage, configuration et des informations \u00e9lectriques.\" \/>\n<meta name=\"robots\" content=\"index, follow, max-snippet:-1, max-image-preview:large, max-video-preview:-1\" \/>\n<link rel=\"canonical\" href=\"https:\/\/www.hydronix.com\/fr\/formation-sondes-humidite-hydronix\/\" \/>\n<meta property=\"og:locale\" content=\"fr_FR\" \/>\n<meta property=\"og:type\" content=\"article\" \/>\n<meta property=\"og:title\" content=\"Formation - Hydronix\" \/>\n<meta property=\"og:description\" content=\"Hydronix propose une formation pour ses sondes d&#039;humidit\u00e9: \u00e9talonnage, configuration et des informations \u00e9lectriques.\" \/>\n<meta property=\"og:url\" content=\"https:\/\/www.hydronix.com\/fr\/formation-sondes-humidite-hydronix\/\" \/>\n<meta property=\"og:site_name\" content=\"Hydronix\" \/>\n<meta property=\"article:modified_time\" content=\"2025-02-17T12:32:21+00:00\" \/>\n<meta property=\"og:image\" content=\"https:\/\/www.hydronix.com\/wp-content\/uploads\/2024\/06\/shutterstock_2305781813-online-learning-scaled.jpg\" \/>\n\t<meta property=\"og:image:width\" content=\"2560\" \/>\n\t<meta property=\"og:image:height\" content=\"1231\" \/>\n\t<meta property=\"og:image:type\" content=\"image\/jpeg\" \/>\n<meta name=\"twitter:card\" content=\"summary_large_image\" \/>\n<meta name=\"twitter:label1\" content=\"Dur\u00e9e de lecture estim\u00e9e\" \/>\n\t<meta name=\"twitter:data1\" content=\"1 minute\" \/>\n<script type=\"application\/ld+json\" class=\"yoast-schema-graph\">{\"@context\":\"https:\/\/schema.org\",\"@graph\":[{\"@type\":\"WebPage\",\"@id\":\"https:\/\/www.hydronix.com\/fr\/formation-sondes-humidite-hydronix\/\",\"url\":\"https:\/\/www.hydronix.com\/fr\/formation-sondes-humidite-hydronix\/\",\"name\":\"Formation - Hydronix\",\"isPartOf\":{\"@id\":\"https:\/\/www.hydronix.com\/fr\/#website\"},\"primaryImageOfPage\":{\"@id\":\"https:\/\/www.hydronix.com\/fr\/formation-sondes-humidite-hydronix\/#primaryimage\"},\"image\":{\"@id\":\"https:\/\/www.hydronix.com\/fr\/formation-sondes-humidite-hydronix\/#primaryimage\"},\"thumbnailUrl\":\"https:\/\/www.hydronix.com\/wp-content\/uploads\/2024\/06\/shutterstock_2305781813-online-learning-scaled.jpg\",\"datePublished\":\"2024-06-28T08:07:04+00:00\",\"dateModified\":\"2025-02-17T12:32:21+00:00\",\"description\":\"Hydronix propose une formation pour ses sondes d'humidit\u00e9: \u00e9talonnage, configuration et des informations \u00e9lectriques.\",\"breadcrumb\":{\"@id\":\"https:\/\/www.hydronix.com\/fr\/formation-sondes-humidite-hydronix\/#breadcrumb\"},\"inLanguage\":\"fr-FR\",\"potentialAction\":[{\"@type\":\"ReadAction\",\"target\":[\"https:\/\/www.hydronix.com\/fr\/formation-sondes-humidite-hydronix\/\"]}]},{\"@type\":\"ImageObject\",\"inLanguage\":\"fr-FR\",\"@id\":\"https:\/\/www.hydronix.com\/fr\/formation-sondes-humidite-hydronix\/#primaryimage\",\"url\":\"https:\/\/www.hydronix.com\/wp-content\/uploads\/2024\/06\/shutterstock_2305781813-online-learning-scaled.jpg\",\"contentUrl\":\"https:\/\/www.hydronix.com\/wp-content\/uploads\/2024\/06\/shutterstock_2305781813-online-learning-scaled.jpg\",\"width\":2560,\"height\":1231,\"caption\":\"Formation Hydronix et apprentissage en ligne\"},{\"@type\":\"BreadcrumbList\",\"@id\":\"https:\/\/www.hydronix.com\/fr\/formation-sondes-humidite-hydronix\/#breadcrumb\",\"itemListElement\":[{\"@type\":\"ListItem\",\"position\":1,\"name\":\"Accueil\",\"item\":\"https:\/\/www.hydronix.com\/fr\/\"},{\"@type\":\"ListItem\",\"position\":2,\"name\":\"Formation\"}]},{\"@type\":\"WebSite\",\"@id\":\"https:\/\/www.hydronix.com\/fr\/#website\",\"url\":\"https:\/\/www.hydronix.com\/fr\/\",\"name\":\"Hydronix\",\"description\":\"Your partner in moisture measurement\",\"potentialAction\":[{\"@type\":\"SearchAction\",\"target\":{\"@type\":\"EntryPoint\",\"urlTemplate\":\"https:\/\/www.hydronix.com\/fr\/?s={search_term_string}\"},\"query-input\":{\"@type\":\"PropertyValueSpecification\",\"valueRequired\":true,\"valueName\":\"search_term_string\"}}],\"inLanguage\":\"fr-FR\"}]}<\/script>\n<!-- \/ Yoast SEO plugin. -->","yoast_head_json":{"title":"Formation - Hydronix","description":"Hydronix propose une formation pour ses sondes d'humidit\u00e9: \u00e9talonnage, configuration et des informations \u00e9lectriques.","robots":{"index":"index","follow":"follow","max-snippet":"max-snippet:-1","max-image-preview":"max-image-preview:large","max-video-preview":"max-video-preview:-1"},"canonical":"https:\/\/www.hydronix.com\/fr\/formation-sondes-humidite-hydronix\/","og_locale":"fr_FR","og_type":"article","og_title":"Formation - Hydronix","og_description":"Hydronix propose une formation pour ses sondes d'humidit\u00e9: \u00e9talonnage, configuration et des informations \u00e9lectriques.","og_url":"https:\/\/www.hydronix.com\/fr\/formation-sondes-humidite-hydronix\/","og_site_name":"Hydronix","article_modified_time":"2025-02-17T12:32:21+00:00","og_image":[{"width":2560,"height":1231,"url":"https:\/\/www.hydronix.com\/wp-content\/uploads\/2024\/06\/shutterstock_2305781813-online-learning-scaled.jpg","type":"image\/jpeg"}],"twitter_card":"summary_large_image","twitter_misc":{"Dur\u00e9e de lecture estim\u00e9e":"1 minute"},"schema":{"@context":"https:\/\/schema.org","@graph":[{"@type":"WebPage","@id":"https:\/\/www.hydronix.com\/fr\/formation-sondes-humidite-hydronix\/","url":"https:\/\/www.hydronix.com\/fr\/formation-sondes-humidite-hydronix\/","name":"Formation - Hydronix","isPartOf":{"@id":"https:\/\/www.hydronix.com\/fr\/#website"},"primaryImageOfPage":{"@id":"https:\/\/www.hydronix.com\/fr\/formation-sondes-humidite-hydronix\/#primaryimage"},"image":{"@id":"https:\/\/www.hydronix.com\/fr\/formation-sondes-humidite-hydronix\/#primaryimage"},"thumbnailUrl":"https:\/\/www.hydronix.com\/wp-content\/uploads\/2024\/06\/shutterstock_2305781813-online-learning-scaled.jpg","datePublished":"2024-06-28T08:07:04+00:00","dateModified":"2025-02-17T12:32:21+00:00","description":"Hydronix propose une formation pour ses sondes d'humidit\u00e9: \u00e9talonnage, configuration et des informations \u00e9lectriques.","breadcrumb":{"@id":"https:\/\/www.hydronix.com\/fr\/formation-sondes-humidite-hydronix\/#breadcrumb"},"inLanguage":"fr-FR","potentialAction":[{"@type":"ReadAction","target":["https:\/\/www.hydronix.com\/fr\/formation-sondes-humidite-hydronix\/"]}]},{"@type":"ImageObject","inLanguage":"fr-FR","@id":"https:\/\/www.hydronix.com\/fr\/formation-sondes-humidite-hydronix\/#primaryimage","url":"https:\/\/www.hydronix.com\/wp-content\/uploads\/2024\/06\/shutterstock_2305781813-online-learning-scaled.jpg","contentUrl":"https:\/\/www.hydronix.com\/wp-content\/uploads\/2024\/06\/shutterstock_2305781813-online-learning-scaled.jpg","width":2560,"height":1231,"caption":"Formation Hydronix et apprentissage en ligne"},{"@type":"BreadcrumbList","@id":"https:\/\/www.hydronix.com\/fr\/formation-sondes-humidite-hydronix\/#breadcrumb","itemListElement":[{"@type":"ListItem","position":1,"name":"Accueil","item":"https:\/\/www.hydronix.com\/fr\/"},{"@type":"ListItem","position":2,"name":"Formation"}]},{"@type":"WebSite","@id":"https:\/\/www.hydronix.com\/fr\/#website","url":"https:\/\/www.hydronix.com\/fr\/","name":"Hydronix","description":"Your partner in moisture measurement","potentialAction":[{"@type":"SearchAction","target":{"@type":"EntryPoint","urlTemplate":"https:\/\/www.hydronix.com\/fr\/?s={search_term_string}"},"query-input":{"@type":"PropertyValueSpecification","valueRequired":true,"valueName":"search_term_string"}}],"inLanguage":"fr-FR"}]}},"_links":{"self":[{"href":"https:\/\/www.hydronix.com\/fr\/wp-json\/wp\/v2\/pages\/37325","targetHints":{"allow":["GET"]}}],"collection":[{"href":"https:\/\/www.hydronix.com\/fr\/wp-json\/wp\/v2\/pages"}],"about":[{"href":"https:\/\/www.hydronix.com\/fr\/wp-json\/wp\/v2\/types\/page"}],"author":[{"embeddable":true,"href":"https:\/\/www.hydronix.com\/fr\/wp-json\/wp\/v2\/users\/1"}],"replies":[{"embeddable":true,"href":"https:\/\/www.hydronix.com\/fr\/wp-json\/wp\/v2\/comments?post=37325"}],"version-history":[{"count":1,"href":"https:\/\/www.hydronix.com\/fr\/wp-json\/wp\/v2\/pages\/37325\/revisions"}],"predecessor-version":[{"id":37326,"href":"https:\/\/www.hydronix.com\/fr\/wp-json\/wp\/v2\/pages\/37325\/revisions\/37326"}],"wp:featuredmedia":[{"embeddable":true,"href":"https:\/\/www.hydronix.com\/fr\/wp-json\/wp\/v2\/media\/36972"}],"wp:attachment":[{"href":"https:\/\/www.hydronix.com\/fr\/wp-json\/wp\/v2\/media?parent=37325"}],"wp:term":[{"taxonomy":"industries","embeddable":true,"href":"https:\/\/www.hydronix.com\/fr\/wp-json\/wp\/v2\/industries?post=37325"},{"taxonomy":"process","embeddable":true,"href":"https:\/\/www.hydronix.com\/fr\/wp-json\/wp\/v2\/process?post=37325"}],"curies":[{"name":"wp","href":"https:\/\/api.w.org\/{rel}","templated":true}]}}