{"id":37091,"date":"2024-06-28T08:02:23","date_gmt":"2024-06-28T08:02:23","guid":{"rendered":"https:\/\/www.hydronix.com\/?page_id=37091"},"modified":"2024-08-01T11:47:05","modified_gmt":"2024-08-01T11:47:05","slug":"configuration","status":"publish","type":"page","link":"https:\/\/www.hydronix.com\/fr\/formation-sondes-humidite-hydronix\/configuration\/","title":{"rendered":"Configuration"},"content":{"rendered":"    \n<!-- hero_short -->\n<section class=\"short_hero d-flex py-5\" style=\"background-image:url(https:\/\/www.hydronix.com\/wp-content\/uploads\/2024\/06\/shutterstock_2305781813-online-learning-scaled.jpg)\">\n    <div class=\"overlay\"><\/div>\n    <div class=\"container-xl my-auto\">\n        <div class=\"row\">\n            <div class=\"col-lg-5 hero__content\">\n                <h1>Configuration<\/h1>\n            <\/div>\n        <\/div>\n    <\/div>\n<\/section>\n<!--section class=\"sub_page_title py-1 mb-4\">\n    <div class=\"container-xl\">\n        <p id=\"breadcrumbs\"><span><span><a href=\"https:\/\/www.hydronix.com\/fr\/\">Accueil<\/a><\/span><\/span><\/p>    <\/div>\n<\/section-->\n<!-- accordion -->\n<section class=\"faq py-5\">\n    <div class=\"container\">\n        <div id=\"accordion\" class=\"\"><div class=\"py-4 border-bottom border-top\">  <div class=\"h4 question \" data-bs-toggle=\"collapse\" id=\"heading_0\" data-bs-target=\"#collapse_0\" aria-expanded=\"true\" aria-controls=\"collapse_0\">Hydro-Hub<\/div>  <div class=\"answer collapse show\" id=\"collapse_0\" aria-labelledby=\"heading_0\" data-bs-parent=\"#accordion\"><div class=\"pt-2\" itemprop=\"text\"><h4>R\u00e9glage de l&rsquo;adresse IP de l&rsquo;Hydro-Hub<\/h4>\n<p> Deux m\u00e9thodes sont pr\u00e9sent\u00e9es pour apprendre \u00e0 configurer l&rsquo;adresse IP d&rsquo;un Hydro-Hub. (5 min)  <\/p>\n<div style=\"padding: 56.25% 0 0 0; position: relative;\"><iframe style=\"position: absolute; top: 0; left: 0; width: 100%; height: 100%;\" title=\"Configuration IP Hydro-Hub\" src=\"https:\/\/player.vimeo.com\/video\/947373343?badge=0&amp;autopause=0&amp;player_id=0&amp;app_id=58479\" frameborder=\"0\"><\/iframe><\/div>\n<p>&nbsp;<\/p>\n<h4>\u00c9cran de pr\u00e9sentation de l&rsquo;Hydro-Hub (HH01)<\/h4>\n<p> Pr\u00e9sente la configuration de l&rsquo;\u00e9cran de pr\u00e9sentation de l&rsquo;Hydro-Hub. (4 min)  <\/p>\n<div style=\"padding: 56.25% 0 0 0; position: relative;\"><iframe style=\"position: absolute; top: 0; left: 0; width: 100%; height: 100%;\" title=\"Configurer l'\u00e9cran de pr\u00e9sentation Hydro-Hub\" src=\"https:\/\/player.vimeo.com\/video\/569787375?badge=0&amp;autopause=0&amp;player_id=0&amp;app_id=58479\" frameborder=\"0\"><\/iframe><\/div>\n<p>&nbsp;<\/p>\n<h4>Acc\u00e8s \u00e0 distance \u00e0 l&rsquo;Hydro-View (HV05) et \u00e0 l&rsquo;Hydro-Hub (HH01)<\/h4>\n<p> Pr\u00e9sente les m\u00e9thodes utilis\u00e9es pour \u00e9tablir une connexion \u00e0 distance avec un Hydro-View\/Hydro-Hub \u00e0 l&rsquo;aide d&rsquo;un navigateur Web. (3 min)  <\/p>\n<div style=\"padding: 56.25% 0 0 0; position: relative;\"><iframe style=\"position: absolute; top: 0; left: 0; width: 100%; height: 100%;\" title=\"Acc\u00e8s distant \u00e0 Hydro-View\/Hydro-Hub\" src=\"https:\/\/player.vimeo.com\/video\/569787559?badge=0&amp;autopause=0&amp;player_id=0&amp;app_id=58479\" frameborder=\"0\"><\/iframe><\/div>\n<p>&nbsp;<\/p>\n<\/div><\/div><\/div><div class=\"py-4 border-bottom \">  <div class=\"h4 question collapsed\" data-bs-toggle=\"collapse\" id=\"heading_1\" data-bs-target=\"#collapse_1\" aria-expanded=\"true\" aria-controls=\"collapse_1\">Hydro-View<\/div>  <div class=\"answer collapse \" id=\"collapse_1\" aria-labelledby=\"heading_1\" data-bs-parent=\"#accordion\"><div class=\"pt-2\" itemprop=\"text\"><h4>Acc\u00e8s \u00e0 distance \u00e0 l&rsquo;Hydro-View (HV05) et \u00e0 l&rsquo;Hydro-Hub (HH01)<\/h4>\n<p> Pr\u00e9sente les m\u00e9thodes utilis\u00e9es pour \u00e9tablir une connexion \u00e0 distance avec un Hydro-View\/Hydro-Hub \u00e0 l&rsquo;aide d&rsquo;un navigateur Web. (3 min)  <\/p>\n<div style=\"padding: 56.25% 0 0 0; position: relative;\"><iframe style=\"position: absolute; top: 0; left: 0; width: 100%; height: 100%;\" title=\"Acc\u00e8s distant \u00e0 Hydro-View\/Hydro-Hub\" src=\"https:\/\/player.vimeo.com\/video\/569787559?badge=0&amp;autopause=0&amp;player_id=0&amp;app_id=58479\" frameborder=\"0\"><\/iframe><\/div>\n<p>&nbsp;<\/p>\n<\/div><\/div><\/div><div class=\"py-4 border-bottom \">  <div class=\"h4 question collapsed\" data-bs-toggle=\"collapse\" id=\"heading_2\" data-bs-target=\"#collapse_2\" aria-expanded=\"true\" aria-controls=\"collapse_2\">Filtrage<\/div>  <div class=\"answer collapse \" id=\"collapse_2\" aria-labelledby=\"heading_2\" data-bs-parent=\"#accordion\"><div class=\"pt-2\" itemprop=\"text\"><h4>Filtrage des convoyeurs \u00e0 cha\u00eene<\/h4>\n<p> D\u00e9crit comment le filtrage de signaux est utilis\u00e9 pour \u00e9liminer les interf\u00e9rences caus\u00e9es lorsqu&rsquo;une sonde Hydro-Mix XT est install\u00e9e sur un convoyeur \u00e0 cha\u00eene. (3 min)  <\/p>\n<div style=\"padding: 56.25% 0 0 0; position: relative;\"><iframe style=\"position: absolute; top: 0; left: 0; width: 100%; height: 100%;\" title=\"Filtrage des convoyeurs \u00e0 cha\u00eene\" src=\"https:\/\/player.vimeo.com\/video\/696473572?badge=0&amp;autopause=0&amp;player_id=0&amp;app_id=58479\" frameborder=\"0\"><\/iframe><\/div>\n<p>&nbsp;<\/p>\n<\/div><\/div><\/div><div class=\"py-4 border-bottom \">  <div class=\"h4 question collapsed\" data-bs-toggle=\"collapse\" id=\"heading_3\" data-bs-target=\"#collapse_3\" aria-expanded=\"true\" aria-controls=\"collapse_3\">Hydro-Com<\/div>  <div class=\"answer collapse \" id=\"collapse_3\" aria-labelledby=\"heading_3\" data-bs-parent=\"#accordion\"><div class=\"pt-2\" itemprop=\"text\"><h4>Enregistrement de donn\u00e9es brutes Hydro-Com<\/h4>\n<p> Explique comment configurer le logiciel Hydro-Com pour enregistrer la sortie brute non calibr\u00e9e d&rsquo;une sonde d&rsquo;humidit\u00e9 Hydronix. (5 min)  <\/p>\n<div style=\"padding: 56.25% 0 0 0; position: relative;\"><iframe style=\"position: absolute; top: 0; left: 0; width: 100%; height: 100%;\" title=\"Enregistrement de donn\u00e9es brutes Hydro-Com\" src=\"https:\/\/player.vimeo.com\/video\/696475915?badge=0&amp;autopause=0&amp;player_id=0&amp;app_id=58479\" frameborder=\"0\"><\/iframe><\/div>\n<p>&nbsp;<\/p>\n<h4>Modbus RTU<\/h4>\n<p> Explique comment configurer une sonde Hydronix pour activer le protocole de communication Modbus RTU. (5 min)  <\/p>\n<div style=\"padding: 56.25% 0 0 0; position: relative;\"><iframe style=\"position: absolute; top: 0; left: 0; width: 100%; height: 100%;\" title=\"Vid\u00e9o de configuration Modbus\" src=\"https:\/\/player.vimeo.com\/video\/696476617?badge=0&amp;autopause=0&amp;player_id=0&amp;app_id=58479\" frameborder=\"0\"><\/iframe><\/div>\n<p>&nbsp;<\/p>\n<\/div><\/div><\/div><\/div>    <\/div>\n<\/section>","protected":false},"excerpt":{"rendered":"<p> [&#8230;]<\/p>\n<p><a class=\"btn btn-secondary understrap-read-more-link\" href=\"https:\/\/www.hydronix.com\/fr\/formation-sondes-humidite-hydronix\/configuration\/\">Lire la suite\u2026<span class=\"screen-reader-text\"> from Configuration<\/span><\/a><\/p>\n","protected":false},"author":4,"featured_media":36972,"parent":37325,"menu_order":592,"comment_status":"closed","ping_status":"closed","template":"","meta":{"_acf_changed":false,"content-type":"","inline_featured_image":false,"footnotes":""},"industries":[],"process":[],"class_list":["post-37091","page","type-page","status-publish","has-post-thumbnail","hentry"],"acf":[],"yoast_head":"<!-- This site is optimized with the Yoast SEO plugin v27.1.1 - https:\/\/yoast.com\/product\/yoast-seo-wordpress\/ -->\n<title>Configuration des sondes d&#039;humidit\u00e9 Hydronix<\/title>\n<meta name=\"description\" content=\"Hydronix propose des vid\u00e9os sur la configuration des sondes d&#039;humidit\u00e9 et des interfaces.\" \/>\n<meta name=\"robots\" content=\"index, follow, max-snippet:-1, max-image-preview:large, max-video-preview:-1\" \/>\n<link rel=\"canonical\" href=\"https:\/\/www.hydronix.com\/fr\/formation-sondes-humidite-hydronix\/configuration\/\" \/>\n<meta property=\"og:locale\" content=\"fr_FR\" \/>\n<meta property=\"og:type\" content=\"article\" \/>\n<meta property=\"og:title\" content=\"Configuration des sondes d&#039;humidit\u00e9 Hydronix\" \/>\n<meta property=\"og:description\" content=\"Hydronix propose des vid\u00e9os sur la configuration des sondes d&#039;humidit\u00e9 et des interfaces.\" \/>\n<meta property=\"og:url\" content=\"https:\/\/www.hydronix.com\/fr\/formation-sondes-humidite-hydronix\/configuration\/\" \/>\n<meta property=\"og:site_name\" content=\"Hydronix\" \/>\n<meta property=\"article:modified_time\" content=\"2024-08-01T11:47:05+00:00\" \/>\n<meta property=\"og:image\" content=\"https:\/\/www.hydronix.com\/wp-content\/uploads\/2024\/06\/shutterstock_2305781813-online-learning-scaled.jpg\" \/>\n\t<meta property=\"og:image:width\" content=\"2560\" \/>\n\t<meta property=\"og:image:height\" content=\"1231\" \/>\n\t<meta property=\"og:image:type\" content=\"image\/jpeg\" \/>\n<meta name=\"twitter:card\" content=\"summary_large_image\" \/>\n<meta name=\"twitter:label1\" content=\"Dur\u00e9e de lecture estim\u00e9e\" \/>\n\t<meta name=\"twitter:data1\" content=\"1 minute\" \/>\n<script type=\"application\/ld+json\" class=\"yoast-schema-graph\">{\"@context\":\"https:\/\/schema.org\",\"@graph\":[{\"@type\":\"WebPage\",\"@id\":\"https:\/\/www.hydronix.com\/fr\/formation-sondes-humidite-hydronix\/configuration\/\",\"url\":\"https:\/\/www.hydronix.com\/fr\/formation-sondes-humidite-hydronix\/configuration\/\",\"name\":\"Configuration des sondes d'humidit\u00e9 Hydronix\",\"isPartOf\":{\"@id\":\"https:\/\/www.hydronix.com\/fr\/#website\"},\"primaryImageOfPage\":{\"@id\":\"https:\/\/www.hydronix.com\/fr\/formation-sondes-humidite-hydronix\/configuration\/#primaryimage\"},\"image\":{\"@id\":\"https:\/\/www.hydronix.com\/fr\/formation-sondes-humidite-hydronix\/configuration\/#primaryimage\"},\"thumbnailUrl\":\"https:\/\/www.hydronix.com\/wp-content\/uploads\/2024\/06\/shutterstock_2305781813-online-learning-scaled.jpg\",\"datePublished\":\"2024-06-28T08:02:23+00:00\",\"dateModified\":\"2024-08-01T11:47:05+00:00\",\"description\":\"Hydronix propose des vid\u00e9os sur la configuration des sondes d'humidit\u00e9 et des interfaces.\",\"breadcrumb\":{\"@id\":\"https:\/\/www.hydronix.com\/fr\/formation-sondes-humidite-hydronix\/configuration\/#breadcrumb\"},\"inLanguage\":\"fr-FR\",\"potentialAction\":[{\"@type\":\"ReadAction\",\"target\":[\"https:\/\/www.hydronix.com\/fr\/formation-sondes-humidite-hydronix\/configuration\/\"]}]},{\"@type\":\"ImageObject\",\"inLanguage\":\"fr-FR\",\"@id\":\"https:\/\/www.hydronix.com\/fr\/formation-sondes-humidite-hydronix\/configuration\/#primaryimage\",\"url\":\"https:\/\/www.hydronix.com\/wp-content\/uploads\/2024\/06\/shutterstock_2305781813-online-learning-scaled.jpg\",\"contentUrl\":\"https:\/\/www.hydronix.com\/wp-content\/uploads\/2024\/06\/shutterstock_2305781813-online-learning-scaled.jpg\",\"width\":2560,\"height\":1231,\"caption\":\"Formation Hydronix et apprentissage en ligne\"},{\"@type\":\"BreadcrumbList\",\"@id\":\"https:\/\/www.hydronix.com\/fr\/formation-sondes-humidite-hydronix\/configuration\/#breadcrumb\",\"itemListElement\":[{\"@type\":\"ListItem\",\"position\":1,\"name\":\"Accueil\",\"item\":\"https:\/\/www.hydronix.com\/fr\/\"},{\"@type\":\"ListItem\",\"position\":2,\"name\":\"Formation\",\"item\":\"https:\/\/www.hydronix.com\/fr\/formation-sondes-humidite-hydronix\/\"},{\"@type\":\"ListItem\",\"position\":3,\"name\":\"Configuration\"}]},{\"@type\":\"WebSite\",\"@id\":\"https:\/\/www.hydronix.com\/fr\/#website\",\"url\":\"https:\/\/www.hydronix.com\/fr\/\",\"name\":\"Hydronix\",\"description\":\"Your partner in moisture measurement\",\"potentialAction\":[{\"@type\":\"SearchAction\",\"target\":{\"@type\":\"EntryPoint\",\"urlTemplate\":\"https:\/\/www.hydronix.com\/fr\/?s={search_term_string}\"},\"query-input\":{\"@type\":\"PropertyValueSpecification\",\"valueRequired\":true,\"valueName\":\"search_term_string\"}}],\"inLanguage\":\"fr-FR\"}]}<\/script>\n<!-- \/ Yoast SEO plugin. -->","yoast_head_json":{"title":"Configuration des sondes d'humidit\u00e9 Hydronix","description":"Hydronix propose des vid\u00e9os sur la configuration des sondes d'humidit\u00e9 et des interfaces.","robots":{"index":"index","follow":"follow","max-snippet":"max-snippet:-1","max-image-preview":"max-image-preview:large","max-video-preview":"max-video-preview:-1"},"canonical":"https:\/\/www.hydronix.com\/fr\/formation-sondes-humidite-hydronix\/configuration\/","og_locale":"fr_FR","og_type":"article","og_title":"Configuration des sondes d'humidit\u00e9 Hydronix","og_description":"Hydronix propose des vid\u00e9os sur la configuration des sondes d'humidit\u00e9 et des interfaces.","og_url":"https:\/\/www.hydronix.com\/fr\/formation-sondes-humidite-hydronix\/configuration\/","og_site_name":"Hydronix","article_modified_time":"2024-08-01T11:47:05+00:00","og_image":[{"width":2560,"height":1231,"url":"https:\/\/www.hydronix.com\/wp-content\/uploads\/2024\/06\/shutterstock_2305781813-online-learning-scaled.jpg","type":"image\/jpeg"}],"twitter_card":"summary_large_image","twitter_misc":{"Dur\u00e9e de lecture estim\u00e9e":"1 minute"},"schema":{"@context":"https:\/\/schema.org","@graph":[{"@type":"WebPage","@id":"https:\/\/www.hydronix.com\/fr\/formation-sondes-humidite-hydronix\/configuration\/","url":"https:\/\/www.hydronix.com\/fr\/formation-sondes-humidite-hydronix\/configuration\/","name":"Configuration des sondes d'humidit\u00e9 Hydronix","isPartOf":{"@id":"https:\/\/www.hydronix.com\/fr\/#website"},"primaryImageOfPage":{"@id":"https:\/\/www.hydronix.com\/fr\/formation-sondes-humidite-hydronix\/configuration\/#primaryimage"},"image":{"@id":"https:\/\/www.hydronix.com\/fr\/formation-sondes-humidite-hydronix\/configuration\/#primaryimage"},"thumbnailUrl":"https:\/\/www.hydronix.com\/wp-content\/uploads\/2024\/06\/shutterstock_2305781813-online-learning-scaled.jpg","datePublished":"2024-06-28T08:02:23+00:00","dateModified":"2024-08-01T11:47:05+00:00","description":"Hydronix propose des vid\u00e9os sur la configuration des sondes d'humidit\u00e9 et des interfaces.","breadcrumb":{"@id":"https:\/\/www.hydronix.com\/fr\/formation-sondes-humidite-hydronix\/configuration\/#breadcrumb"},"inLanguage":"fr-FR","potentialAction":[{"@type":"ReadAction","target":["https:\/\/www.hydronix.com\/fr\/formation-sondes-humidite-hydronix\/configuration\/"]}]},{"@type":"ImageObject","inLanguage":"fr-FR","@id":"https:\/\/www.hydronix.com\/fr\/formation-sondes-humidite-hydronix\/configuration\/#primaryimage","url":"https:\/\/www.hydronix.com\/wp-content\/uploads\/2024\/06\/shutterstock_2305781813-online-learning-scaled.jpg","contentUrl":"https:\/\/www.hydronix.com\/wp-content\/uploads\/2024\/06\/shutterstock_2305781813-online-learning-scaled.jpg","width":2560,"height":1231,"caption":"Formation Hydronix et apprentissage en ligne"},{"@type":"BreadcrumbList","@id":"https:\/\/www.hydronix.com\/fr\/formation-sondes-humidite-hydronix\/configuration\/#breadcrumb","itemListElement":[{"@type":"ListItem","position":1,"name":"Accueil","item":"https:\/\/www.hydronix.com\/fr\/"},{"@type":"ListItem","position":2,"name":"Formation","item":"https:\/\/www.hydronix.com\/fr\/formation-sondes-humidite-hydronix\/"},{"@type":"ListItem","position":3,"name":"Configuration"}]},{"@type":"WebSite","@id":"https:\/\/www.hydronix.com\/fr\/#website","url":"https:\/\/www.hydronix.com\/fr\/","name":"Hydronix","description":"Your partner in moisture measurement","potentialAction":[{"@type":"SearchAction","target":{"@type":"EntryPoint","urlTemplate":"https:\/\/www.hydronix.com\/fr\/?s={search_term_string}"},"query-input":{"@type":"PropertyValueSpecification","valueRequired":true,"valueName":"search_term_string"}}],"inLanguage":"fr-FR"}]}},"_links":{"self":[{"href":"https:\/\/www.hydronix.com\/fr\/wp-json\/wp\/v2\/pages\/37091","targetHints":{"allow":["GET"]}}],"collection":[{"href":"https:\/\/www.hydronix.com\/fr\/wp-json\/wp\/v2\/pages"}],"about":[{"href":"https:\/\/www.hydronix.com\/fr\/wp-json\/wp\/v2\/types\/page"}],"author":[{"embeddable":true,"href":"https:\/\/www.hydronix.com\/fr\/wp-json\/wp\/v2\/users\/4"}],"replies":[{"embeddable":true,"href":"https:\/\/www.hydronix.com\/fr\/wp-json\/wp\/v2\/comments?post=37091"}],"version-history":[{"count":2,"href":"https:\/\/www.hydronix.com\/fr\/wp-json\/wp\/v2\/pages\/37091\/revisions"}],"predecessor-version":[{"id":37397,"href":"https:\/\/www.hydronix.com\/fr\/wp-json\/wp\/v2\/pages\/37091\/revisions\/37397"}],"up":[{"embeddable":true,"href":"https:\/\/www.hydronix.com\/fr\/wp-json\/wp\/v2\/pages\/37325"}],"wp:featuredmedia":[{"embeddable":true,"href":"https:\/\/www.hydronix.com\/fr\/wp-json\/wp\/v2\/media\/36972"}],"wp:attachment":[{"href":"https:\/\/www.hydronix.com\/fr\/wp-json\/wp\/v2\/media?parent=37091"}],"wp:term":[{"taxonomy":"industries","embeddable":true,"href":"https:\/\/www.hydronix.com\/fr\/wp-json\/wp\/v2\/industries?post=37091"},{"taxonomy":"process","embeddable":true,"href":"https:\/\/www.hydronix.com\/fr\/wp-json\/wp\/v2\/process?post=37091"}],"curies":[{"name":"wp","href":"https:\/\/api.w.org\/{rel}","templated":true}]}}