{"id":36931,"date":"2024-06-28T08:03:21","date_gmt":"2024-06-28T08:03:21","guid":{"rendered":"https:\/\/www.hydronix.com\/?page_id=36931"},"modified":"2025-02-21T12:09:11","modified_gmt":"2025-02-21T12:09:11","slug":"etalonnage","status":"publish","type":"page","link":"https:\/\/www.hydronix.com\/fr\/formation-sondes-humidite-hydronix\/etalonnage\/","title":{"rendered":"\u00c9talonnage"},"content":{"rendered":"    \n<!-- hero_short -->\n<section class=\"short_hero d-flex py-5\" style=\"background-image:url(https:\/\/www.hydronix.com\/wp-content\/uploads\/2024\/06\/shutterstock_2305781813-online-learning-scaled.jpg)\">\n    <div class=\"overlay\"><\/div>\n    <div class=\"container-xl my-auto\">\n        <div class=\"row\">\n            <div class=\"col-lg-5 hero__content\">\n                <h1>\u00c9talonnage<\/h1>\n            <\/div>\n        <\/div>\n    <\/div>\n<\/section>\n<!--section class=\"sub_page_title py-1 mb-4\">\n    <div class=\"container-xl\">\n        <p id=\"breadcrumbs\"><span><span><a href=\"https:\/\/www.hydronix.com\/fr\/\">Accueil<\/a><\/span><\/span><\/p>    <\/div>\n<\/section-->\n\n\n<!-- text_video -->\n<section class=\"text_video  py-5\">\n    <div class=\"container-xl\">\n        <div class=\"row\">\n            <div class=\"col-lg-5 text_video__content order-1 order-lg-1 mb-4 mb-lg-0 pt-5 py-md-5\">\n                <h2>Vue d&rsquo;ensemble : Granulats<\/h2>                <div class=\"content mb-4\"><p>Un bon \u00e9talonnage est essentiel pour tirer le meilleur parti d&rsquo;une sonde Hydronix. Nous avons \u00e9labor\u00e9 quelques conseils et outils utiles pour vous aider.<\/p>\n<ul>\n<li><a href=\"https:\/\/www.hydronix.com\/wp-content\/uploads\/2024\/06\/9-Steps-for-Calibration-Guide.pdf\" target=\"_blank\" rel=\"noopener\">9 \u00e9tapes d&rsquo;\u00e9talonnage<\/a><\/li>\n<li><a href=\"https:\/\/www.hydronix.com\/wp-content\/uploads\/2022\/11\/hs0101_1_0_0.xlsx\" target=\"_blank\" rel=\"noopener\">Tableur d&rsquo;aide \u00e0 l&rsquo;\u00e9talonnage des sondes<\/a><\/li>\n<li><a href=\"https:\/\/www.hydronix.com\/wp-content\/uploads\/2024\/12\/hd0679fr_1_10_0.pdf\" target=\"_blank\" rel=\"noopener\">Guide d&rsquo;utilisation pour la configuration et l&rsquo;\u00e9talonnage des sondes<\/a>.<\/li>\n<\/ul>\n<\/div>\n                            <\/div>\n            <div class=\"col-lg-7 mb-4 mb-lg-0 d-flex order-2 order-lg-2\">\n                <div class=\"video__container w-100 my-auto\" style=\"background-color:#1a1a1a\">\n                                        <div class=\"ratio ratio-16x9 mx-auto\">\n                                                <iframe src=\"https:\/\/player.vimeo.com\/video\/990162899?byline=0&#038;portrait=0\" allow=\"autoplay; fullscreen; picture-in-picture\" webkitallowfullscreen mozallowfullscreen allowfullscreen><\/iframe>\n                                                <\/div>\n                    <!-- <lite-vimeo videoid=\"990162899\" style=\"background-image:url('');\"><\/lite-vimeo> -->\n                <\/div>\n            <\/div>\n        <\/div>\n    <\/div>\n<\/section>\n<!-- <script type=module src=\"https:\/\/cdn.jsdelivr.net\/npm\/@slightlyoff\/lite-vimeo@0.1.1\/lite-vimeo.js\"><\/script> -->\n\n<!-- text_video -->\n<section class=\"text_video text_video--bg py-5\">\n    <div class=\"container-xl\">\n        <div class=\"row\">\n            <div class=\"col-lg-5 text_video__content order-1 order-lg-1 mb-4 mb-lg-0 pt-5 py-md-5\">\n                <h2>Hydro-Com<\/h2>                <div class=\"content mb-4\"><p>Pr\u00e9sente la proc\u00e9dure d&rsquo;\u00e9talonnage d&rsquo;une sonde d&rsquo;humidit\u00e9 Hydronix \u00e0 l&rsquo;aide du logiciel Hydro-Com. La m\u00eame proc\u00e9dure d&rsquo;\u00e9talonnage peut \u00eatre utilis\u00e9e pour tous les types de mat\u00e9riaux. (12 min)<\/p>\n<\/div>\n                            <\/div>\n            <div class=\"col-lg-7 mb-4 mb-lg-0 d-flex order-2 order-lg-2\">\n                <div class=\"video__container w-100 my-auto\" style=\"background-color:#1a1a1a\">\n                                        <div class=\"ratio ratio-16x9 mx-auto\">\n                                                <iframe src=\"https:\/\/player.vimeo.com\/video\/696475048?byline=0&#038;portrait=0\" allow=\"autoplay; fullscreen; picture-in-picture\" webkitallowfullscreen mozallowfullscreen allowfullscreen><\/iframe>\n                                                <\/div>\n                    <!-- <lite-vimeo videoid=\"696475048\" style=\"background-image:url('');\"><\/lite-vimeo> -->\n                <\/div>\n            <\/div>\n        <\/div>\n    <\/div>\n<\/section>\n<!-- <script type=module src=\"https:\/\/cdn.jsdelivr.net\/npm\/@slightlyoff\/lite-vimeo@0.1.1\/lite-vimeo.js\"><\/script> -->\n\n<!-- text_video -->\n<section class=\"text_video  py-5\">\n    <div class=\"container-xl\">\n        <div class=\"row\">\n            <div class=\"col-lg-5 text_video__content order-1 order-lg-1 mb-4 mb-lg-0 pt-5 py-md-5\">\n                <h2>Hydro-View (HV05) et Hydro-Hub (HH01)<\/h2>                <div class=\"content mb-4\"><p>D\u00e9taille la proc\u00e9dure d&rsquo;\u00e9talonnage d&rsquo;une sonde Hydronix \u00e0 l&rsquo;aide d&rsquo;un \u00e9cran tactile Hydro-View ou d&rsquo;une unit\u00e9 Hydro-Hub. (5 min)<\/p>\n<\/div>\n                            <\/div>\n            <div class=\"col-lg-7 mb-4 mb-lg-0 d-flex order-2 order-lg-2\">\n                <div class=\"video__container w-100 my-auto\" style=\"background-color:#1a1a1a\">\n                                        <div class=\"ratio ratio-16x9 mx-auto\">\n                                                <iframe src=\"https:\/\/player.vimeo.com\/video\/569787439?byline=0&#038;portrait=0\" allow=\"autoplay; fullscreen; picture-in-picture\" webkitallowfullscreen mozallowfullscreen allowfullscreen><\/iframe>\n                                                <\/div>\n                    <!-- <lite-vimeo videoid=\"569787439\" style=\"background-image:url('');\"><\/lite-vimeo> -->\n                <\/div>\n            <\/div>\n        <\/div>\n    <\/div>\n<\/section>\n<!-- <script type=module src=\"https:\/\/cdn.jsdelivr.net\/npm\/@slightlyoff\/lite-vimeo@0.1.1\/lite-vimeo.js\"><\/script> -->","protected":false},"excerpt":{"rendered":"<p> [&#8230;]<\/p>\n<p><a class=\"btn btn-secondary understrap-read-more-link\" href=\"https:\/\/www.hydronix.com\/fr\/formation-sondes-humidite-hydronix\/etalonnage\/\">Lire la suite\u2026<span class=\"screen-reader-text\"> from \u00c9talonnage<\/span><\/a><\/p>\n","protected":false},"author":4,"featured_media":36972,"parent":37325,"menu_order":573,"comment_status":"closed","ping_status":"closed","template":"","meta":{"_acf_changed":false,"content-type":"","inline_featured_image":false,"footnotes":""},"industries":[],"process":[],"class_list":["post-36931","page","type-page","status-publish","has-post-thumbnail","hentry"],"acf":[],"yoast_head":"<!-- This site is optimized with the Yoast SEO plugin v27.1.1 - https:\/\/yoast.com\/product\/yoast-seo-wordpress\/ -->\n<title>\u00c9talonnage des sondes d&#039;humidit\u00e9 Hydronix<\/title>\n<meta name=\"description\" content=\"Vid\u00e9os, infographies, guides d&#039;utilisation et bien plus encore pour \u00e9talonner vos sondes d&#039;humidit\u00e9 et vos interfaces Hydronix.\" \/>\n<meta name=\"robots\" content=\"index, follow, max-snippet:-1, max-image-preview:large, max-video-preview:-1\" \/>\n<link rel=\"canonical\" href=\"https:\/\/www.hydronix.com\/fr\/formation-sondes-humidite-hydronix\/etalonnage\/\" \/>\n<meta property=\"og:locale\" content=\"fr_FR\" \/>\n<meta property=\"og:type\" content=\"article\" \/>\n<meta property=\"og:title\" content=\"\u00c9talonnage des sondes d&#039;humidit\u00e9 Hydronix\" \/>\n<meta property=\"og:description\" content=\"Vid\u00e9os, infographies, guides d&#039;utilisation et bien plus encore pour \u00e9talonner vos sondes d&#039;humidit\u00e9 et vos interfaces Hydronix.\" \/>\n<meta property=\"og:url\" content=\"https:\/\/www.hydronix.com\/fr\/formation-sondes-humidite-hydronix\/etalonnage\/\" \/>\n<meta property=\"og:site_name\" content=\"Hydronix\" \/>\n<meta property=\"article:modified_time\" content=\"2025-02-21T12:09:11+00:00\" \/>\n<meta property=\"og:image\" content=\"https:\/\/www.hydronix.com\/wp-content\/uploads\/2024\/06\/shutterstock_2305781813-online-learning-scaled.jpg\" \/>\n\t<meta property=\"og:image:width\" content=\"2560\" \/>\n\t<meta property=\"og:image:height\" content=\"1231\" \/>\n\t<meta property=\"og:image:type\" content=\"image\/jpeg\" \/>\n<meta name=\"twitter:card\" content=\"summary_large_image\" \/>\n<meta name=\"twitter:label1\" content=\"Dur\u00e9e de lecture estim\u00e9e\" \/>\n\t<meta name=\"twitter:data1\" content=\"1 minute\" \/>\n<script type=\"application\/ld+json\" class=\"yoast-schema-graph\">{\"@context\":\"https:\/\/schema.org\",\"@graph\":[{\"@type\":\"WebPage\",\"@id\":\"https:\/\/www.hydronix.com\/fr\/formation-sondes-humidite-hydronix\/etalonnage\/\",\"url\":\"https:\/\/www.hydronix.com\/fr\/formation-sondes-humidite-hydronix\/etalonnage\/\",\"name\":\"\u00c9talonnage des sondes d'humidit\u00e9 Hydronix\",\"isPartOf\":{\"@id\":\"https:\/\/www.hydronix.com\/fr\/#website\"},\"primaryImageOfPage\":{\"@id\":\"https:\/\/www.hydronix.com\/fr\/formation-sondes-humidite-hydronix\/etalonnage\/#primaryimage\"},\"image\":{\"@id\":\"https:\/\/www.hydronix.com\/fr\/formation-sondes-humidite-hydronix\/etalonnage\/#primaryimage\"},\"thumbnailUrl\":\"https:\/\/www.hydronix.com\/wp-content\/uploads\/2024\/06\/shutterstock_2305781813-online-learning-scaled.jpg\",\"datePublished\":\"2024-06-28T08:03:21+00:00\",\"dateModified\":\"2025-02-21T12:09:11+00:00\",\"description\":\"Vid\u00e9os, infographies, guides d'utilisation et bien plus encore pour \u00e9talonner vos sondes d'humidit\u00e9 et vos interfaces Hydronix.\",\"breadcrumb\":{\"@id\":\"https:\/\/www.hydronix.com\/fr\/formation-sondes-humidite-hydronix\/etalonnage\/#breadcrumb\"},\"inLanguage\":\"fr-FR\",\"potentialAction\":[{\"@type\":\"ReadAction\",\"target\":[\"https:\/\/www.hydronix.com\/fr\/formation-sondes-humidite-hydronix\/etalonnage\/\"]}]},{\"@type\":\"ImageObject\",\"inLanguage\":\"fr-FR\",\"@id\":\"https:\/\/www.hydronix.com\/fr\/formation-sondes-humidite-hydronix\/etalonnage\/#primaryimage\",\"url\":\"https:\/\/www.hydronix.com\/wp-content\/uploads\/2024\/06\/shutterstock_2305781813-online-learning-scaled.jpg\",\"contentUrl\":\"https:\/\/www.hydronix.com\/wp-content\/uploads\/2024\/06\/shutterstock_2305781813-online-learning-scaled.jpg\",\"width\":2560,\"height\":1231,\"caption\":\"Formation Hydronix et apprentissage en ligne\"},{\"@type\":\"BreadcrumbList\",\"@id\":\"https:\/\/www.hydronix.com\/fr\/formation-sondes-humidite-hydronix\/etalonnage\/#breadcrumb\",\"itemListElement\":[{\"@type\":\"ListItem\",\"position\":1,\"name\":\"Accueil\",\"item\":\"https:\/\/www.hydronix.com\/fr\/\"},{\"@type\":\"ListItem\",\"position\":2,\"name\":\"Formation\",\"item\":\"https:\/\/www.hydronix.com\/fr\/formation-sondes-humidite-hydronix\/\"},{\"@type\":\"ListItem\",\"position\":3,\"name\":\"\u00c9talonnage\"}]},{\"@type\":\"WebSite\",\"@id\":\"https:\/\/www.hydronix.com\/fr\/#website\",\"url\":\"https:\/\/www.hydronix.com\/fr\/\",\"name\":\"Hydronix\",\"description\":\"Your partner in moisture measurement\",\"potentialAction\":[{\"@type\":\"SearchAction\",\"target\":{\"@type\":\"EntryPoint\",\"urlTemplate\":\"https:\/\/www.hydronix.com\/fr\/?s={search_term_string}\"},\"query-input\":{\"@type\":\"PropertyValueSpecification\",\"valueRequired\":true,\"valueName\":\"search_term_string\"}}],\"inLanguage\":\"fr-FR\"}]}<\/script>\n<!-- \/ Yoast SEO plugin. -->","yoast_head_json":{"title":"\u00c9talonnage des sondes d'humidit\u00e9 Hydronix","description":"Vid\u00e9os, infographies, guides d'utilisation et bien plus encore pour \u00e9talonner vos sondes d'humidit\u00e9 et vos interfaces Hydronix.","robots":{"index":"index","follow":"follow","max-snippet":"max-snippet:-1","max-image-preview":"max-image-preview:large","max-video-preview":"max-video-preview:-1"},"canonical":"https:\/\/www.hydronix.com\/fr\/formation-sondes-humidite-hydronix\/etalonnage\/","og_locale":"fr_FR","og_type":"article","og_title":"\u00c9talonnage des sondes d'humidit\u00e9 Hydronix","og_description":"Vid\u00e9os, infographies, guides d'utilisation et bien plus encore pour \u00e9talonner vos sondes d'humidit\u00e9 et vos interfaces Hydronix.","og_url":"https:\/\/www.hydronix.com\/fr\/formation-sondes-humidite-hydronix\/etalonnage\/","og_site_name":"Hydronix","article_modified_time":"2025-02-21T12:09:11+00:00","og_image":[{"width":2560,"height":1231,"url":"https:\/\/www.hydronix.com\/wp-content\/uploads\/2024\/06\/shutterstock_2305781813-online-learning-scaled.jpg","type":"image\/jpeg"}],"twitter_card":"summary_large_image","twitter_misc":{"Dur\u00e9e de lecture estim\u00e9e":"1 minute"},"schema":{"@context":"https:\/\/schema.org","@graph":[{"@type":"WebPage","@id":"https:\/\/www.hydronix.com\/fr\/formation-sondes-humidite-hydronix\/etalonnage\/","url":"https:\/\/www.hydronix.com\/fr\/formation-sondes-humidite-hydronix\/etalonnage\/","name":"\u00c9talonnage des sondes d'humidit\u00e9 Hydronix","isPartOf":{"@id":"https:\/\/www.hydronix.com\/fr\/#website"},"primaryImageOfPage":{"@id":"https:\/\/www.hydronix.com\/fr\/formation-sondes-humidite-hydronix\/etalonnage\/#primaryimage"},"image":{"@id":"https:\/\/www.hydronix.com\/fr\/formation-sondes-humidite-hydronix\/etalonnage\/#primaryimage"},"thumbnailUrl":"https:\/\/www.hydronix.com\/wp-content\/uploads\/2024\/06\/shutterstock_2305781813-online-learning-scaled.jpg","datePublished":"2024-06-28T08:03:21+00:00","dateModified":"2025-02-21T12:09:11+00:00","description":"Vid\u00e9os, infographies, guides d'utilisation et bien plus encore pour \u00e9talonner vos sondes d'humidit\u00e9 et vos interfaces Hydronix.","breadcrumb":{"@id":"https:\/\/www.hydronix.com\/fr\/formation-sondes-humidite-hydronix\/etalonnage\/#breadcrumb"},"inLanguage":"fr-FR","potentialAction":[{"@type":"ReadAction","target":["https:\/\/www.hydronix.com\/fr\/formation-sondes-humidite-hydronix\/etalonnage\/"]}]},{"@type":"ImageObject","inLanguage":"fr-FR","@id":"https:\/\/www.hydronix.com\/fr\/formation-sondes-humidite-hydronix\/etalonnage\/#primaryimage","url":"https:\/\/www.hydronix.com\/wp-content\/uploads\/2024\/06\/shutterstock_2305781813-online-learning-scaled.jpg","contentUrl":"https:\/\/www.hydronix.com\/wp-content\/uploads\/2024\/06\/shutterstock_2305781813-online-learning-scaled.jpg","width":2560,"height":1231,"caption":"Formation Hydronix et apprentissage en ligne"},{"@type":"BreadcrumbList","@id":"https:\/\/www.hydronix.com\/fr\/formation-sondes-humidite-hydronix\/etalonnage\/#breadcrumb","itemListElement":[{"@type":"ListItem","position":1,"name":"Accueil","item":"https:\/\/www.hydronix.com\/fr\/"},{"@type":"ListItem","position":2,"name":"Formation","item":"https:\/\/www.hydronix.com\/fr\/formation-sondes-humidite-hydronix\/"},{"@type":"ListItem","position":3,"name":"\u00c9talonnage"}]},{"@type":"WebSite","@id":"https:\/\/www.hydronix.com\/fr\/#website","url":"https:\/\/www.hydronix.com\/fr\/","name":"Hydronix","description":"Your partner in moisture measurement","potentialAction":[{"@type":"SearchAction","target":{"@type":"EntryPoint","urlTemplate":"https:\/\/www.hydronix.com\/fr\/?s={search_term_string}"},"query-input":{"@type":"PropertyValueSpecification","valueRequired":true,"valueName":"search_term_string"}}],"inLanguage":"fr-FR"}]}},"_links":{"self":[{"href":"https:\/\/www.hydronix.com\/fr\/wp-json\/wp\/v2\/pages\/36931","targetHints":{"allow":["GET"]}}],"collection":[{"href":"https:\/\/www.hydronix.com\/fr\/wp-json\/wp\/v2\/pages"}],"about":[{"href":"https:\/\/www.hydronix.com\/fr\/wp-json\/wp\/v2\/types\/page"}],"author":[{"embeddable":true,"href":"https:\/\/www.hydronix.com\/fr\/wp-json\/wp\/v2\/users\/4"}],"replies":[{"embeddable":true,"href":"https:\/\/www.hydronix.com\/fr\/wp-json\/wp\/v2\/comments?post=36931"}],"version-history":[{"count":6,"href":"https:\/\/www.hydronix.com\/fr\/wp-json\/wp\/v2\/pages\/36931\/revisions"}],"predecessor-version":[{"id":39385,"href":"https:\/\/www.hydronix.com\/fr\/wp-json\/wp\/v2\/pages\/36931\/revisions\/39385"}],"up":[{"embeddable":true,"href":"https:\/\/www.hydronix.com\/fr\/wp-json\/wp\/v2\/pages\/37325"}],"wp:featuredmedia":[{"embeddable":true,"href":"https:\/\/www.hydronix.com\/fr\/wp-json\/wp\/v2\/media\/36972"}],"wp:attachment":[{"href":"https:\/\/www.hydronix.com\/fr\/wp-json\/wp\/v2\/media?parent=36931"}],"wp:term":[{"taxonomy":"industries","embeddable":true,"href":"https:\/\/www.hydronix.com\/fr\/wp-json\/wp\/v2\/industries?post=36931"},{"taxonomy":"process","embeddable":true,"href":"https:\/\/www.hydronix.com\/fr\/wp-json\/wp\/v2\/process?post=36931"}],"curies":[{"name":"wp","href":"https:\/\/api.w.org\/{rel}","templated":true}]}}