{"id":36922,"date":"2024-06-28T08:00:46","date_gmt":"2024-06-28T08:00:46","guid":{"rendered":"https:\/\/www.hydronix.com\/?page_id=36922"},"modified":"2024-08-02T09:12:01","modified_gmt":"2024-08-02T09:12:01","slug":"electricite","status":"publish","type":"page","link":"https:\/\/www.hydronix.com\/fr\/formation-sondes-humidite-hydronix\/electricite\/","title":{"rendered":"\u00c9lectricit\u00e9"},"content":{"rendered":"    \n<!-- hero_short -->\n<section class=\"short_hero d-flex py-5\" style=\"background-image:url(https:\/\/www.hydronix.com\/wp-content\/uploads\/2024\/06\/shutterstock_2305781813-online-learning-scaled.jpg)\">\n    <div class=\"overlay\"><\/div>\n    <div class=\"container-xl my-auto\">\n        <div class=\"row\">\n            <div class=\"col-lg-5 hero__content\">\n                <h1>\u00c9lectricit\u00e9<\/h1>\n            <\/div>\n        <\/div>\n    <\/div>\n<\/section>\n<!--section class=\"sub_page_title py-1 mb-4\">\n    <div class=\"container-xl\">\n        <p id=\"breadcrumbs\"><span><span><a href=\"https:\/\/www.hydronix.com\/fr\/\">Accueil<\/a><\/span><\/span><\/p>    <\/div>\n<\/section-->\n\n\n    \n<!-- text_image -->\n<section class=\"text_image py-5 bg--light \">\n  <div class=\"container-xl\">\n    <div class=\"row\">\n      <div class=\"col-lg-6 text_image__content my-auto order-2 order-lg-1\">\n                  <h2>Guide d&rsquo;utilisation sur l&rsquo;\u00e9lectricit\u00e9<\/h2>\n        \n        <div class=\"content\"><p>Ce<a href=\"https:\/\/www.hydronix.com\/wp-content\/uploads\/2023\/04\/hd0678fr_1_7_0.pdf\" target=\"_blank\"> guide d&rsquo;utilisation<\/a> contient des informations exhaustives sur le c\u00e2blage permettant d&rsquo;assurer la pleine fonctionnalit\u00e9 d&rsquo;une sonde Hydronix.<\/p>\n<\/div>\n\n              <\/div>\n\n      <div class=\"col-lg-6 text_image__image text-center my-auto order-1 order-lg-2\">\n        <img decoding=\"async\" src=\"https:\/\/www.hydronix.com\/wp-content\/uploads\/2024\/08\/Electricity-FR.png\"\n             class=\"img-fluid w-50 w-md-75 mb-4\" alt=\"\">\n      <\/div>\n    <\/div>\n  <\/div>\n<\/section>\n\n<!-- text_video -->\n<section class=\"text_video text_video--bg py-5\">\n    <div class=\"container-xl\">\n        <div class=\"row\">\n            <div class=\"col-lg-5 text_video__content order-1 order-lg-1 mb-4 mb-lg-0 pt-5 py-md-5\">\n                <h2>C\u00e2blage \u00e9lectrique RS485<\/h2>                <div class=\"content mb-4\"><p>D\u00e9taille la m\u00e9thode de c\u00e2blage RS485 correcte pour les installations \u00e0 une ou plusieurs sondes. (5 min) <\/p>\n<\/div>\n                            <\/div>\n            <div class=\"col-lg-7 mb-4 mb-lg-0 d-flex order-2 order-lg-2\">\n                <div class=\"video__container w-100 my-auto\" style=\"background-color:#1a1a1a\">\n                                        <div class=\"ratio ratio-16x9 mx-auto\">\n                                                <iframe src=\"https:\/\/player.vimeo.com\/video\/754358763?byline=0&#038;portrait=0\" allow=\"autoplay; fullscreen; picture-in-picture\" webkitallowfullscreen mozallowfullscreen allowfullscreen><\/iframe>\n                                                <\/div>\n                    <!-- <lite-vimeo videoid=\"754358763\" style=\"background-image:url('');\"><\/lite-vimeo> -->\n                <\/div>\n            <\/div>\n        <\/div>\n    <\/div>\n<\/section>\n<!-- <script type=module src=\"https:\/\/cdn.jsdelivr.net\/npm\/@slightlyoff\/lite-vimeo@0.1.1\/lite-vimeo.js\"><\/script> -->","protected":false},"excerpt":{"rendered":"<p> [&#8230;]<\/p>\n<p><a class=\"btn btn-secondary understrap-read-more-link\" href=\"https:\/\/www.hydronix.com\/fr\/formation-sondes-humidite-hydronix\/electricite\/\">Lire la suite\u2026<span class=\"screen-reader-text\"> from \u00c9lectricit\u00e9<\/span><\/a><\/p>\n","protected":false},"author":4,"featured_media":36972,"parent":37325,"menu_order":597,"comment_status":"closed","ping_status":"closed","template":"","meta":{"_acf_changed":false,"content-type":"","inline_featured_image":false,"footnotes":""},"industries":[],"process":[],"class_list":["post-36922","page","type-page","status-publish","has-post-thumbnail","hentry"],"acf":[],"yoast_head":"<!-- This site is optimized with the Yoast SEO plugin v27.1.1 - https:\/\/yoast.com\/product\/yoast-seo-wordpress\/ -->\n<title>Installation \u00e9lectrique des sondes d&#039;humidit\u00e9 Hydronix<\/title>\n<meta name=\"description\" content=\"Vid\u00e9os, notes techniques et guides d&#039;utilisation sur l&#039;installation \u00e9lectrique des sondes d&#039;humidit\u00e9 et des interfaces Hydronix.\" \/>\n<meta name=\"robots\" content=\"index, follow, max-snippet:-1, max-image-preview:large, max-video-preview:-1\" \/>\n<link rel=\"canonical\" href=\"https:\/\/www.hydronix.com\/fr\/formation-sondes-humidite-hydronix\/electricite\/\" \/>\n<meta property=\"og:locale\" content=\"fr_FR\" \/>\n<meta property=\"og:type\" content=\"article\" \/>\n<meta property=\"og:title\" content=\"Installation \u00e9lectrique des sondes d&#039;humidit\u00e9 Hydronix\" \/>\n<meta property=\"og:description\" content=\"Vid\u00e9os, notes techniques et guides d&#039;utilisation sur l&#039;installation \u00e9lectrique des sondes d&#039;humidit\u00e9 et des interfaces Hydronix.\" \/>\n<meta property=\"og:url\" content=\"https:\/\/www.hydronix.com\/fr\/formation-sondes-humidite-hydronix\/electricite\/\" \/>\n<meta property=\"og:site_name\" content=\"Hydronix\" \/>\n<meta property=\"article:modified_time\" content=\"2024-08-02T09:12:01+00:00\" \/>\n<meta property=\"og:image\" content=\"https:\/\/www.hydronix.com\/wp-content\/uploads\/2024\/06\/shutterstock_2305781813-online-learning-scaled.jpg\" \/>\n\t<meta property=\"og:image:width\" content=\"2560\" \/>\n\t<meta property=\"og:image:height\" content=\"1231\" \/>\n\t<meta property=\"og:image:type\" content=\"image\/jpeg\" \/>\n<meta name=\"twitter:card\" content=\"summary_large_image\" \/>\n<meta name=\"twitter:label1\" content=\"Dur\u00e9e de lecture estim\u00e9e\" \/>\n\t<meta name=\"twitter:data1\" content=\"1 minute\" \/>\n<script type=\"application\/ld+json\" class=\"yoast-schema-graph\">{\"@context\":\"https:\/\/schema.org\",\"@graph\":[{\"@type\":\"WebPage\",\"@id\":\"https:\/\/www.hydronix.com\/fr\/formation-sondes-humidite-hydronix\/electricite\/\",\"url\":\"https:\/\/www.hydronix.com\/fr\/formation-sondes-humidite-hydronix\/electricite\/\",\"name\":\"Installation \u00e9lectrique des sondes d'humidit\u00e9 Hydronix\",\"isPartOf\":{\"@id\":\"https:\/\/www.hydronix.com\/fr\/#website\"},\"primaryImageOfPage\":{\"@id\":\"https:\/\/www.hydronix.com\/fr\/formation-sondes-humidite-hydronix\/electricite\/#primaryimage\"},\"image\":{\"@id\":\"https:\/\/www.hydronix.com\/fr\/formation-sondes-humidite-hydronix\/electricite\/#primaryimage\"},\"thumbnailUrl\":\"https:\/\/www.hydronix.com\/wp-content\/uploads\/2024\/06\/shutterstock_2305781813-online-learning-scaled.jpg\",\"datePublished\":\"2024-06-28T08:00:46+00:00\",\"dateModified\":\"2024-08-02T09:12:01+00:00\",\"description\":\"Vid\u00e9os, notes techniques et guides d'utilisation sur l'installation \u00e9lectrique des sondes d'humidit\u00e9 et des interfaces Hydronix.\",\"breadcrumb\":{\"@id\":\"https:\/\/www.hydronix.com\/fr\/formation-sondes-humidite-hydronix\/electricite\/#breadcrumb\"},\"inLanguage\":\"fr-FR\",\"potentialAction\":[{\"@type\":\"ReadAction\",\"target\":[\"https:\/\/www.hydronix.com\/fr\/formation-sondes-humidite-hydronix\/electricite\/\"]}]},{\"@type\":\"ImageObject\",\"inLanguage\":\"fr-FR\",\"@id\":\"https:\/\/www.hydronix.com\/fr\/formation-sondes-humidite-hydronix\/electricite\/#primaryimage\",\"url\":\"https:\/\/www.hydronix.com\/wp-content\/uploads\/2024\/06\/shutterstock_2305781813-online-learning-scaled.jpg\",\"contentUrl\":\"https:\/\/www.hydronix.com\/wp-content\/uploads\/2024\/06\/shutterstock_2305781813-online-learning-scaled.jpg\",\"width\":2560,\"height\":1231,\"caption\":\"Formation Hydronix et apprentissage en ligne\"},{\"@type\":\"BreadcrumbList\",\"@id\":\"https:\/\/www.hydronix.com\/fr\/formation-sondes-humidite-hydronix\/electricite\/#breadcrumb\",\"itemListElement\":[{\"@type\":\"ListItem\",\"position\":1,\"name\":\"Accueil\",\"item\":\"https:\/\/www.hydronix.com\/fr\/\"},{\"@type\":\"ListItem\",\"position\":2,\"name\":\"Formation\",\"item\":\"https:\/\/www.hydronix.com\/fr\/formation-sondes-humidite-hydronix\/\"},{\"@type\":\"ListItem\",\"position\":3,\"name\":\"\u00c9lectricit\u00e9\"}]},{\"@type\":\"WebSite\",\"@id\":\"https:\/\/www.hydronix.com\/fr\/#website\",\"url\":\"https:\/\/www.hydronix.com\/fr\/\",\"name\":\"Hydronix\",\"description\":\"Your partner in moisture measurement\",\"potentialAction\":[{\"@type\":\"SearchAction\",\"target\":{\"@type\":\"EntryPoint\",\"urlTemplate\":\"https:\/\/www.hydronix.com\/fr\/?s={search_term_string}\"},\"query-input\":{\"@type\":\"PropertyValueSpecification\",\"valueRequired\":true,\"valueName\":\"search_term_string\"}}],\"inLanguage\":\"fr-FR\"}]}<\/script>\n<!-- \/ Yoast SEO plugin. -->","yoast_head_json":{"title":"Installation \u00e9lectrique des sondes d'humidit\u00e9 Hydronix","description":"Vid\u00e9os, notes techniques et guides d'utilisation sur l'installation \u00e9lectrique des sondes d'humidit\u00e9 et des interfaces Hydronix.","robots":{"index":"index","follow":"follow","max-snippet":"max-snippet:-1","max-image-preview":"max-image-preview:large","max-video-preview":"max-video-preview:-1"},"canonical":"https:\/\/www.hydronix.com\/fr\/formation-sondes-humidite-hydronix\/electricite\/","og_locale":"fr_FR","og_type":"article","og_title":"Installation \u00e9lectrique des sondes d'humidit\u00e9 Hydronix","og_description":"Vid\u00e9os, notes techniques et guides d'utilisation sur l'installation \u00e9lectrique des sondes d'humidit\u00e9 et des interfaces Hydronix.","og_url":"https:\/\/www.hydronix.com\/fr\/formation-sondes-humidite-hydronix\/electricite\/","og_site_name":"Hydronix","article_modified_time":"2024-08-02T09:12:01+00:00","og_image":[{"width":2560,"height":1231,"url":"https:\/\/www.hydronix.com\/wp-content\/uploads\/2024\/06\/shutterstock_2305781813-online-learning-scaled.jpg","type":"image\/jpeg"}],"twitter_card":"summary_large_image","twitter_misc":{"Dur\u00e9e de lecture estim\u00e9e":"1 minute"},"schema":{"@context":"https:\/\/schema.org","@graph":[{"@type":"WebPage","@id":"https:\/\/www.hydronix.com\/fr\/formation-sondes-humidite-hydronix\/electricite\/","url":"https:\/\/www.hydronix.com\/fr\/formation-sondes-humidite-hydronix\/electricite\/","name":"Installation \u00e9lectrique des sondes d'humidit\u00e9 Hydronix","isPartOf":{"@id":"https:\/\/www.hydronix.com\/fr\/#website"},"primaryImageOfPage":{"@id":"https:\/\/www.hydronix.com\/fr\/formation-sondes-humidite-hydronix\/electricite\/#primaryimage"},"image":{"@id":"https:\/\/www.hydronix.com\/fr\/formation-sondes-humidite-hydronix\/electricite\/#primaryimage"},"thumbnailUrl":"https:\/\/www.hydronix.com\/wp-content\/uploads\/2024\/06\/shutterstock_2305781813-online-learning-scaled.jpg","datePublished":"2024-06-28T08:00:46+00:00","dateModified":"2024-08-02T09:12:01+00:00","description":"Vid\u00e9os, notes techniques et guides d'utilisation sur l'installation \u00e9lectrique des sondes d'humidit\u00e9 et des interfaces Hydronix.","breadcrumb":{"@id":"https:\/\/www.hydronix.com\/fr\/formation-sondes-humidite-hydronix\/electricite\/#breadcrumb"},"inLanguage":"fr-FR","potentialAction":[{"@type":"ReadAction","target":["https:\/\/www.hydronix.com\/fr\/formation-sondes-humidite-hydronix\/electricite\/"]}]},{"@type":"ImageObject","inLanguage":"fr-FR","@id":"https:\/\/www.hydronix.com\/fr\/formation-sondes-humidite-hydronix\/electricite\/#primaryimage","url":"https:\/\/www.hydronix.com\/wp-content\/uploads\/2024\/06\/shutterstock_2305781813-online-learning-scaled.jpg","contentUrl":"https:\/\/www.hydronix.com\/wp-content\/uploads\/2024\/06\/shutterstock_2305781813-online-learning-scaled.jpg","width":2560,"height":1231,"caption":"Formation Hydronix et apprentissage en ligne"},{"@type":"BreadcrumbList","@id":"https:\/\/www.hydronix.com\/fr\/formation-sondes-humidite-hydronix\/electricite\/#breadcrumb","itemListElement":[{"@type":"ListItem","position":1,"name":"Accueil","item":"https:\/\/www.hydronix.com\/fr\/"},{"@type":"ListItem","position":2,"name":"Formation","item":"https:\/\/www.hydronix.com\/fr\/formation-sondes-humidite-hydronix\/"},{"@type":"ListItem","position":3,"name":"\u00c9lectricit\u00e9"}]},{"@type":"WebSite","@id":"https:\/\/www.hydronix.com\/fr\/#website","url":"https:\/\/www.hydronix.com\/fr\/","name":"Hydronix","description":"Your partner in moisture measurement","potentialAction":[{"@type":"SearchAction","target":{"@type":"EntryPoint","urlTemplate":"https:\/\/www.hydronix.com\/fr\/?s={search_term_string}"},"query-input":{"@type":"PropertyValueSpecification","valueRequired":true,"valueName":"search_term_string"}}],"inLanguage":"fr-FR"}]}},"_links":{"self":[{"href":"https:\/\/www.hydronix.com\/fr\/wp-json\/wp\/v2\/pages\/36922","targetHints":{"allow":["GET"]}}],"collection":[{"href":"https:\/\/www.hydronix.com\/fr\/wp-json\/wp\/v2\/pages"}],"about":[{"href":"https:\/\/www.hydronix.com\/fr\/wp-json\/wp\/v2\/types\/page"}],"author":[{"embeddable":true,"href":"https:\/\/www.hydronix.com\/fr\/wp-json\/wp\/v2\/users\/4"}],"replies":[{"embeddable":true,"href":"https:\/\/www.hydronix.com\/fr\/wp-json\/wp\/v2\/comments?post=36922"}],"version-history":[{"count":6,"href":"https:\/\/www.hydronix.com\/fr\/wp-json\/wp\/v2\/pages\/36922\/revisions"}],"predecessor-version":[{"id":37613,"href":"https:\/\/www.hydronix.com\/fr\/wp-json\/wp\/v2\/pages\/36922\/revisions\/37613"}],"up":[{"embeddable":true,"href":"https:\/\/www.hydronix.com\/fr\/wp-json\/wp\/v2\/pages\/37325"}],"wp:featuredmedia":[{"embeddable":true,"href":"https:\/\/www.hydronix.com\/fr\/wp-json\/wp\/v2\/media\/36972"}],"wp:attachment":[{"href":"https:\/\/www.hydronix.com\/fr\/wp-json\/wp\/v2\/media?parent=36922"}],"wp:term":[{"taxonomy":"industries","embeddable":true,"href":"https:\/\/www.hydronix.com\/fr\/wp-json\/wp\/v2\/industries?post=36922"},{"taxonomy":"process","embeddable":true,"href":"https:\/\/www.hydronix.com\/fr\/wp-json\/wp\/v2\/process?post=36922"}],"curies":[{"name":"wp","href":"https:\/\/api.w.org\/{rel}","templated":true}]}}