{"id":275,"date":"2022-09-12T12:44:19","date_gmt":"2022-09-12T12:44:19","guid":{"rendered":"https:\/\/hx2.chilliservers.co.uk\/?page_id=275"},"modified":"2023-06-08T13:49:41","modified_gmt":"2023-06-08T13:49:41","slug":"contactez-nous","status":"publish","type":"page","link":"https:\/\/www.hydronix.com\/fr\/a-propos-dhydronix\/contactez-nous\/","title":{"rendered":"Contactez-nous"},"content":{"rendered":"    <div class=\"container-xl\">\n\t\t\n<p>Pour tous renseignements compl\u00e9mentaires, veuillez nous contacter en remplissant le formulaire de droite. Votre bureau local ou votre distributeur Hydronix le plus proche vous contactera d\u00e8s que possible. Si vous pr\u00e9f\u00e9rez nous envoyer un e-mail ou un courrier, vous trouverez nos coordonn\u00e9es compl\u00e8tes ci-dessous.<\/p>\n    <\/div>\n        <div class=\"container-xl\">\n\t\t\n<p>Hydronix attache une grande importance \u00e0 la confidentialit\u00e9 des donn\u00e9es et les utilisera uniquement pour r\u00e9pondre \u00e0 vos propres demandes d\u2019informations ou d\u2019assistance. Vous trouverez le d\u00e9tail complet des donn\u00e9es que nous recueillons et de la fa\u00e7on dont nous les utilisons dans la section Confidentialit\u00e9 et Politique de protection des donn\u00e9es personnelles d\u2019Hydronix.<\/p>\n    <\/div>\n    ","protected":false},"excerpt":{"rendered":"<p>Pour tous renseignements compl\u00e9mentaires, veuillez nous contacter en remplissant le formulaire de droite. Votre bureau local ou votre distributeur Hydronix le plus proche vous contactera d\u00e8s que possible. Si vous pr\u00e9f\u00e9rez nous envoyer un e-mail ou un courrier, vous trouverez nos coordonn\u00e9es compl\u00e8tes ci-dessous. Hydronix attache une grande importance \u00e0 la confidentialit\u00e9 des donn\u00e9es et [&#8230;]<\/p>\n<p><a class=\"btn btn-secondary understrap-read-more-link\" href=\"https:\/\/www.hydronix.com\/fr\/a-propos-dhydronix\/contactez-nous\/\">Lire la suite\u2026<span class=\"screen-reader-text\"> from Contactez-nous<\/span><\/a><\/p>\n","protected":false},"author":1,"featured_media":0,"parent":265,"menu_order":436,"comment_status":"closed","ping_status":"closed","template":"page-templates\/contact-us.php","meta":{"_acf_changed":false,"content-type":"","inline_featured_image":false,"footnotes":""},"industries":[],"process":[],"class_list":["post-275","page","type-page","status-publish","hentry"],"acf":[],"yoast_head":"<!-- This site is optimized with the Yoast SEO plugin v27.1.1 - https:\/\/yoast.com\/product\/yoast-seo-wordpress\/ -->\n<title>Contactez-nous - Hydronix<\/title>\n<meta name=\"robots\" content=\"index, follow, max-snippet:-1, max-image-preview:large, max-video-preview:-1\" \/>\n<link rel=\"canonical\" href=\"https:\/\/www.hydronix.com\/fr\/a-propos-dhydronix\/contactez-nous\/\" \/>\n<meta property=\"og:locale\" content=\"fr_FR\" \/>\n<meta property=\"og:type\" content=\"article\" \/>\n<meta property=\"og:title\" content=\"Contactez-nous - Hydronix\" \/>\n<meta property=\"og:description\" content=\"Pour tous renseignements compl\u00e9mentaires, veuillez nous contacter en remplissant le formulaire de droite. Votre bureau local ou votre distributeur Hydronix le plus proche vous contactera d\u00e8s que possible. Si vous pr\u00e9f\u00e9rez nous envoyer un e-mail ou un courrier, vous trouverez nos coordonn\u00e9es compl\u00e8tes ci-dessous. Hydronix attache une grande importance \u00e0 la confidentialit\u00e9 des donn\u00e9es et [...]Lire la suite\u2026 from Contactez-nous\" \/>\n<meta property=\"og:url\" content=\"https:\/\/www.hydronix.com\/fr\/a-propos-dhydronix\/contactez-nous\/\" \/>\n<meta property=\"og:site_name\" content=\"Hydronix\" \/>\n<meta property=\"article:modified_time\" content=\"2023-06-08T13:49:41+00:00\" \/>\n<meta name=\"twitter:card\" content=\"summary_large_image\" \/>\n<meta name=\"twitter:label1\" content=\"Dur\u00e9e de lecture estim\u00e9e\" \/>\n\t<meta name=\"twitter:data1\" content=\"1 minute\" \/>\n<script type=\"application\/ld+json\" class=\"yoast-schema-graph\">{\"@context\":\"https:\/\/schema.org\",\"@graph\":[{\"@type\":\"WebPage\",\"@id\":\"https:\/\/www.hydronix.com\/fr\/a-propos-dhydronix\/contactez-nous\/\",\"url\":\"https:\/\/www.hydronix.com\/fr\/a-propos-dhydronix\/contactez-nous\/\",\"name\":\"Contactez-nous - Hydronix\",\"isPartOf\":{\"@id\":\"https:\/\/www.hydronix.com\/fr\/#website\"},\"datePublished\":\"2022-09-12T12:44:19+00:00\",\"dateModified\":\"2023-06-08T13:49:41+00:00\",\"breadcrumb\":{\"@id\":\"https:\/\/www.hydronix.com\/fr\/a-propos-dhydronix\/contactez-nous\/#breadcrumb\"},\"inLanguage\":\"fr-FR\",\"potentialAction\":[{\"@type\":\"ReadAction\",\"target\":[\"https:\/\/www.hydronix.com\/fr\/a-propos-dhydronix\/contactez-nous\/\"]}]},{\"@type\":\"BreadcrumbList\",\"@id\":\"https:\/\/www.hydronix.com\/fr\/a-propos-dhydronix\/contactez-nous\/#breadcrumb\",\"itemListElement\":[{\"@type\":\"ListItem\",\"position\":1,\"name\":\"Accueil\",\"item\":\"https:\/\/www.hydronix.com\/fr\/\"},{\"@type\":\"ListItem\",\"position\":2,\"name\":\"\u00c0 propos d\u2019Hydronix\",\"item\":\"https:\/\/www.hydronix.com\/fr\/a-propos-dhydronix\/\"},{\"@type\":\"ListItem\",\"position\":3,\"name\":\"Contactez-nous\"}]},{\"@type\":\"WebSite\",\"@id\":\"https:\/\/www.hydronix.com\/fr\/#website\",\"url\":\"https:\/\/www.hydronix.com\/fr\/\",\"name\":\"Hydronix\",\"description\":\"Your partner in moisture measurement\",\"potentialAction\":[{\"@type\":\"SearchAction\",\"target\":{\"@type\":\"EntryPoint\",\"urlTemplate\":\"https:\/\/www.hydronix.com\/fr\/?s={search_term_string}\"},\"query-input\":{\"@type\":\"PropertyValueSpecification\",\"valueRequired\":true,\"valueName\":\"search_term_string\"}}],\"inLanguage\":\"fr-FR\"}]}<\/script>\n<!-- \/ Yoast SEO plugin. -->","yoast_head_json":{"title":"Contactez-nous - Hydronix","robots":{"index":"index","follow":"follow","max-snippet":"max-snippet:-1","max-image-preview":"max-image-preview:large","max-video-preview":"max-video-preview:-1"},"canonical":"https:\/\/www.hydronix.com\/fr\/a-propos-dhydronix\/contactez-nous\/","og_locale":"fr_FR","og_type":"article","og_title":"Contactez-nous - Hydronix","og_description":"Pour tous renseignements compl\u00e9mentaires, veuillez nous contacter en remplissant le formulaire de droite. Votre bureau local ou votre distributeur Hydronix le plus proche vous contactera d\u00e8s que possible. Si vous pr\u00e9f\u00e9rez nous envoyer un e-mail ou un courrier, vous trouverez nos coordonn\u00e9es compl\u00e8tes ci-dessous. Hydronix attache une grande importance \u00e0 la confidentialit\u00e9 des donn\u00e9es et [...]Lire la suite\u2026 from Contactez-nous","og_url":"https:\/\/www.hydronix.com\/fr\/a-propos-dhydronix\/contactez-nous\/","og_site_name":"Hydronix","article_modified_time":"2023-06-08T13:49:41+00:00","twitter_card":"summary_large_image","twitter_misc":{"Dur\u00e9e de lecture estim\u00e9e":"1 minute"},"schema":{"@context":"https:\/\/schema.org","@graph":[{"@type":"WebPage","@id":"https:\/\/www.hydronix.com\/fr\/a-propos-dhydronix\/contactez-nous\/","url":"https:\/\/www.hydronix.com\/fr\/a-propos-dhydronix\/contactez-nous\/","name":"Contactez-nous - Hydronix","isPartOf":{"@id":"https:\/\/www.hydronix.com\/fr\/#website"},"datePublished":"2022-09-12T12:44:19+00:00","dateModified":"2023-06-08T13:49:41+00:00","breadcrumb":{"@id":"https:\/\/www.hydronix.com\/fr\/a-propos-dhydronix\/contactez-nous\/#breadcrumb"},"inLanguage":"fr-FR","potentialAction":[{"@type":"ReadAction","target":["https:\/\/www.hydronix.com\/fr\/a-propos-dhydronix\/contactez-nous\/"]}]},{"@type":"BreadcrumbList","@id":"https:\/\/www.hydronix.com\/fr\/a-propos-dhydronix\/contactez-nous\/#breadcrumb","itemListElement":[{"@type":"ListItem","position":1,"name":"Accueil","item":"https:\/\/www.hydronix.com\/fr\/"},{"@type":"ListItem","position":2,"name":"\u00c0 propos d\u2019Hydronix","item":"https:\/\/www.hydronix.com\/fr\/a-propos-dhydronix\/"},{"@type":"ListItem","position":3,"name":"Contactez-nous"}]},{"@type":"WebSite","@id":"https:\/\/www.hydronix.com\/fr\/#website","url":"https:\/\/www.hydronix.com\/fr\/","name":"Hydronix","description":"Your partner in moisture measurement","potentialAction":[{"@type":"SearchAction","target":{"@type":"EntryPoint","urlTemplate":"https:\/\/www.hydronix.com\/fr\/?s={search_term_string}"},"query-input":{"@type":"PropertyValueSpecification","valueRequired":true,"valueName":"search_term_string"}}],"inLanguage":"fr-FR"}]}},"_links":{"self":[{"href":"https:\/\/www.hydronix.com\/fr\/wp-json\/wp\/v2\/pages\/275","targetHints":{"allow":["GET"]}}],"collection":[{"href":"https:\/\/www.hydronix.com\/fr\/wp-json\/wp\/v2\/pages"}],"about":[{"href":"https:\/\/www.hydronix.com\/fr\/wp-json\/wp\/v2\/types\/page"}],"author":[{"embeddable":true,"href":"https:\/\/www.hydronix.com\/fr\/wp-json\/wp\/v2\/users\/1"}],"replies":[{"embeddable":true,"href":"https:\/\/www.hydronix.com\/fr\/wp-json\/wp\/v2\/comments?post=275"}],"version-history":[{"count":1,"href":"https:\/\/www.hydronix.com\/fr\/wp-json\/wp\/v2\/pages\/275\/revisions"}],"predecessor-version":[{"id":40495,"href":"https:\/\/www.hydronix.com\/fr\/wp-json\/wp\/v2\/pages\/275\/revisions\/40495"}],"up":[{"embeddable":true,"href":"https:\/\/www.hydronix.com\/fr\/wp-json\/wp\/v2\/pages\/265"}],"wp:attachment":[{"href":"https:\/\/www.hydronix.com\/fr\/wp-json\/wp\/v2\/media?parent=275"}],"wp:term":[{"taxonomy":"industries","embeddable":true,"href":"https:\/\/www.hydronix.com\/fr\/wp-json\/wp\/v2\/industries?post=275"},{"taxonomy":"process","embeddable":true,"href":"https:\/\/www.hydronix.com\/fr\/wp-json\/wp\/v2\/process?post=275"}],"curies":[{"name":"wp","href":"https:\/\/api.w.org\/{rel}","templated":true}]}}