{"id":265,"date":"2022-09-12T12:44:01","date_gmt":"2022-09-12T12:44:01","guid":{"rendered":"https:\/\/hx2.chilliservers.co.uk\/?page_id=265"},"modified":"2023-06-19T15:48:40","modified_gmt":"2023-06-19T15:48:40","slug":"a-propos-dhydronix","status":"publish","type":"page","link":"https:\/\/www.hydronix.com\/fr\/a-propos-dhydronix\/","title":{"rendered":"\u00c0 propos d\u2019Hydronix"},"content":{"rendered":"    \n<!-- hero_short -->\n<section class=\"short_hero d-flex py-5\" style=\"background-image:url(https:\/\/www.hydronix.com\/wp-content\/uploads\/2022\/11\/about-hero.jpg)\">\n    <div class=\"overlay\"><\/div>\n    <div class=\"container-xl my-auto\">\n        <div class=\"row\">\n            <div class=\"col-lg-5 hero__content\">\n                <h1>\u00c0 propos d\u2019Hydronix<\/h1>\n            <\/div>\n        <\/div>\n    <\/div>\n<\/section>\n<!--section class=\"sub_page_title py-1 mb-4\">\n    <div class=\"container-xl\">\n        <p id=\"breadcrumbs\"><span><span><a href=\"https:\/\/www.hydronix.com\/fr\/\">Accueil<\/a><\/span><\/span><\/p>    <\/div>\n<\/section-->\n\n\n<!-- text_video -->\n<section class=\"text_video  py-5\">\n    <div class=\"container-xl\">\n        <div class=\"row\">\n            <div class=\"col-lg-5 text_video__content order-1 order-lg-1 mb-4 mb-lg-0 pt-5 py-md-5\">\n                <h2>Notre histoire<\/h2>                <div class=\"content mb-4\"><p>Fond\u00e9e en 1982, la soci\u00e9t\u00e9 Hydronix est sp\u00e9cialis\u00e9e dans la recherche, le d\u00e9veloppement et la fabrication de syst\u00e8mes de mesure de l\u2019humidit\u00e9 num\u00e9riques \u00e0 micro-ondes.<\/p>\n<p>Au titre d\u2019entreprise familiale, la soci\u00e9t\u00e9 Hydronix est tr\u00e8s fi\u00e8re de garantir \u00e0 ses clients une assistance personnelle et r\u00e9active. Nous assurons cette assistance par le biais d\u2019un r\u00e9seau de revendeurs, \u00e0 travers le monde. Tous nos partenaires ont une grande exp\u00e9rience et ont re\u00e7u une formation compl\u00e8te sur tous les aspects de nos \u00e9quipements, notamment l\u2019installation, la formation et le support.<\/p>\n<\/div>\n                            <\/div>\n            <div class=\"col-lg-7 mb-4 mb-lg-0 d-flex order-2 order-lg-2\">\n                <div class=\"video__container w-100 my-auto\" style=\"background-color:#1a1a1a\">\n                                        <div class=\"ratio ratio-16x9 mx-auto\">\n                                                <iframe src=\"https:\/\/player.vimeo.com\/video\/726652705?byline=0&#038;portrait=0\" allow=\"autoplay; fullscreen; picture-in-picture\" webkitallowfullscreen mozallowfullscreen allowfullscreen><\/iframe>\n                                                <\/div>\n                    <!-- <lite-vimeo videoid=\"726652705\" style=\"background-image:url('');\"><\/lite-vimeo> -->\n                <\/div>\n            <\/div>\n        <\/div>\n    <\/div>\n<\/section>\n<!-- <script type=module src=\"https:\/\/cdn.jsdelivr.net\/npm\/@slightlyoff\/lite-vimeo@0.1.1\/lite-vimeo.js\"><\/script> -->\n\n    <div class=\"container-xl pt-4\" id=\"la-societe-hydronix-repose-sur-quatre-valeurs-de-base-nbsp\">\n        \n<h2 class=\"wp-block-heading has-text-align-center break-out mb-0 has-background\" style=\"background-color:#e9e9e9\">La soci\u00e9t\u00e9 Hydronix repose sur quatre valeurs de base&nbsp;:<\/h2>\n    <\/div>\n    \n\n    \n<!-- text_image -->\n<section class=\"text_image py-5 bg--grey \">\n  <div class=\"container-xl\">\n    <div class=\"row\">\n      <div class=\"col-lg-8 text_image__content my-auto order-2 order-lg-1\">\n        \n        <div class=\"content\"><style>.text_image__image img { max-width: 300px; }<\/style>\n<h3>1. Engagement en faveur de l\u2019excellence<\/h3>\n<p>Notre engagement en faveur de l\u2019excellence et de la qualit\u00e9 couvre tous les aspects de notre activit\u00e9.<\/p>\n<p>Les produits Hydronix sont con\u00e7us pour les environnements les plus difficiles et sont construits pour durer de nombreuses ann\u00e9es.<\/p>\n<p>Chaque sonde est pr\u00e9cise, fiable, durable et fournit des r\u00e9sultats reproductibles et uniformes pour votre produit fini.<\/p>\n<p>Notre engagement en faveur de l\u2019excellence provient de notre personnel et de nos associ\u00e9s, qui sont d\u00e9termin\u00e9s \u00e0 vous fournir la meilleure exp\u00e9rience possible.<\/p>\n<\/div>\n\n              <\/div>\n\n      <div class=\"col-lg-4 text_image__image text-center my-auto order-1 order-lg-2\">\n        <img decoding=\"async\" src=\"https:\/\/www.hydronix.com\/wp-content\/uploads\/2022\/09\/icon-climb.svg\"\n             class=\"img-fluid w-50 w-md-75 mb-4\" alt=\"\">\n      <\/div>\n    <\/div>\n  <\/div>\n<\/section>\n\n    \n<!-- text_image -->\n<section class=\"text_image py-5 bg--light \">\n  <div class=\"container-xl\">\n    <div class=\"row\">\n      <div class=\"col-lg-8 text_image__content my-auto order-2 order-lg-2\">\n        \n        <div class=\"content\"><h3>2. Innovation<\/h3>\n<p>Hydronix a lanc\u00e9 les premi\u00e8res sondes d\u2019humidit\u00e9 \u00e0 micro-ondes dans le secteur du b\u00e9ton en 1982.<\/p>\n<p>L\u2019\u00e9quipe de recherche et d\u00e9veloppement bas\u00e9e au Royaume-Uni, qui b\u00e9n\u00e9ficie d\u2019une grande exp\u00e9rience, s\u2019appuie en permanence sur les technologies les plus r\u00e9centes pour veiller \u00e0 ce que nos produits restent novateurs et restent \u00e0 l\u2019avant-garde du march\u00e9.<\/p>\n<\/div>\n\n              <\/div>\n\n      <div class=\"col-lg-4 text_image__image text-center my-auto order-1 order-lg-1\">\n        <img decoding=\"async\" src=\"https:\/\/www.hydronix.com\/wp-content\/uploads\/2022\/09\/icon-innovation.svg\"\n             class=\"img-fluid w-50 w-md-75 mb-4\" alt=\"\">\n      <\/div>\n    <\/div>\n  <\/div>\n<\/section>\n\n    \n<!-- text_image -->\n<section class=\"text_image py-5 bg--grey \">\n  <div class=\"container-xl\">\n    <div class=\"row\">\n      <div class=\"col-lg-8 text_image__content my-auto order-2 order-lg-1\">\n        \n        <div class=\"content\"><h3>3. R\u00e9seau international d\u2019experts<\/h3>\n<p>Vous \u00eates entre de bonnes mains, Hydronix vous assure un excellent service gr\u00e2ce \u00e0 son r\u00e9seau mondial de partenaires chevronn\u00e9s.<\/p>\n<p>La famille Hydronix, forte de ses valeurs et traditions, poursuit sa croissance, au travers de relations de partenariat \u00e0 long terme avec sa famille de distributeurs, notamment les plus grands \u00e9quipementiers du monde et des int\u00e9grateurs de syst\u00e8mes locaux qui peuvent fournir une assistance dans votre langue.<\/p>\n<\/div>\n\n              <\/div>\n\n      <div class=\"col-lg-4 text_image__image text-center my-auto order-1 order-lg-2\">\n        <img decoding=\"async\" src=\"https:\/\/www.hydronix.com\/wp-content\/uploads\/2022\/09\/icon-worldwide.svg\"\n             class=\"img-fluid w-50 w-md-75 mb-4\" alt=\"\">\n      <\/div>\n    <\/div>\n  <\/div>\n<\/section>\n\n    \n<!-- text_image -->\n<section class=\"text_image py-5 bg--light \">\n  <div class=\"container-xl\">\n    <div class=\"row\">\n      <div class=\"col-lg-8 text_image__content my-auto order-2 order-lg-2\">\n        \n        <div class=\"content\"><h3>4. Recherche et technologie<\/h3>\n<p>Les sondes Hydronix sont fabriqu\u00e9es \u00e0 partir de nos technologies de mesure num\u00e9rique uniques, que nous affinons continuellement pour fournir une pr\u00e9cision et une stabilit\u00e9 optimales.<\/p>\n<p>Hydronix s\u2019appuie sur une conception de syst\u00e8me personnalis\u00e9e pour effectuer des mesures \u00e0 la fr\u00e9quence la mieux adapt\u00e9e pour d\u00e9tecter les changements du taux d\u2019humidit\u00e9.<\/p>\n<p>Nos sondes sont fabriqu\u00e9es \u00e0 l\u2019aide de la technologie la plus r\u00e9cente en mati\u00e8re de micro-processeurs et elles sont totalement configurables gr\u00e2ce au <a href=\"https:\/\/www.hydronix.com\/fr\/produits\/hydro-com\/\">logiciel Hydro-Com<\/a>.<\/p>\n<\/div>\n\n              <\/div>\n\n      <div class=\"col-lg-4 text_image__image text-center my-auto order-1 order-lg-1\">\n        <img decoding=\"async\" src=\"https:\/\/www.hydronix.com\/wp-content\/uploads\/2022\/09\/icon-technology.svg\"\n             class=\"img-fluid w-50 w-md-75 mb-4\" alt=\"\">\n      <\/div>\n    <\/div>\n  <\/div>\n<\/section>\n\n<!-- latest -->\n<section class=\"latest\">\n    <div class=\"latest__heading py-4\">\n        <div class=\"container-xl\">\n            <h2>Derni\u00e8res actualit\u00e9s, blogs et \u00e9v\u00e9nements<\/h2>\n        <\/div>\n    <\/div>\n    <div class=\"container py-5\">\n        <div class=\"row g-5\">\n            <div class=\"col-lg-7\">\n                <h2 class=\"mb-4\">Derni\u00e8res actualit\u00e9s et blogs<\/h2>\n                                <a href=\"https:\/\/www.hydronix.com\/fr\/resources\/blogs\/relative-vs-absolute-values-for-control\/\" class=\"latest__item mb-4\">\n                    <div class=\"row mb-4\">\n                        <div class=\"col-md-8\">\n                            <div class=\"latest__title\">Precision Without Complexity: The Power of Relative Values for Control<\/div>\n                            <div class=\"latest__date\">2 d\u00e9cembre 2025<\/div>\n                            <div class=\"latest__intro\">Introduction Modern industrial processing relies heavily on automation. Moisture is one of the most influential\u2026<\/div>\n                        <\/div>\n                        <div class=\"col-md-4 text-center\">\n                            <img decoding=\"async\" src=\"https:\/\/www.hydronix.com\/wp-content\/smush-webp\/2025\/12\/iStock-1330811086_water-droplets-small-300x177.png.webp \" alt=\"\" class=\"latest__image\">\n                        <\/div>\n                    <\/div>\n                <\/a>\n                                <a href=\"https:\/\/www.hydronix.com\/fr\/resources\/blogs\/last-order-date-for-2025-delivery\/\" class=\"latest__item mb-4\">\n                    <div class=\"row mb-4\">\n                        <div class=\"col-md-8\">\n                            <div class=\"latest__title\">Last Order Date for 2025 Delivery<\/div>\n                            <div class=\"latest__date\">24 novembre 2025<\/div>\n                            <div class=\"latest__intro\">To ensure delivery before the end of the year, please note the following order and\u2026<\/div>\n                        <\/div>\n                        <div class=\"col-md-4 text-center\">\n                            <img decoding=\"async\" src=\"https:\/\/www.hydronix.com\/wp-content\/smush-webp\/2025\/11\/iStock-2226629156-HappyHolidays-adjusted2-300x109.png.webp \" alt=\"\" class=\"latest__image\">\n                        <\/div>\n                    <\/div>\n                <\/a>\n                                <div>\n                    <a href=\"\/fr\/ressources\/\" class=\"mx-auto btn btn--orange\">Centre de Ressources Hydronix<\/a>\n                <\/div>\n            <\/div>\n            <div class=\"col-lg-5\">\n                <h2 class=\"mb-4\">\u00c9v\u00e9nements \u00e0 venir<\/h2>\n                                <a href=\"https:\/\/www.hydronix.com\/fr\/ressources\/evenements\/victam-international-2026\/\" class=\"evt__item mb-4\">\n                    <div class=\"row evt mx-0\">\n                        <div class=\"col-md-4 px-0\"><div class=\"evt__edate evt__edate--organic\">2 juin, 2026<\/div><\/div>\n                        <div class=\"col-md-8 py-2 evt__detail\">\n                            <div class=\"evt__title\">Victam International 2026<\/div>\n                            <div class=\"evt__loca\">Jaarbeurs, Utrecht, The Netherlands<\/div>\n                        <\/div>\n                    <\/div>\n                <\/a>\n                                <a href=\"https:\/\/www.hydronix.com\/fr\/ressources\/evenements\/bauma-conexpo-india-2026\/\" class=\"evt__item mb-4\">\n                    <div class=\"row evt mx-0\">\n                        <div class=\"col-md-4 px-0\"><div class=\"evt__edate evt__edate--concrete\">15 septembre, 2026<\/div><\/div>\n                        <div class=\"col-md-8 py-2 evt__detail\">\n                            <div class=\"evt__title\">bauma CONEXPO India 2026<\/div>\n                            <div class=\"evt__loca\">India Expo Centre, Greater Noida | India<\/div>\n                        <\/div>\n                    <\/div>\n                <\/a>\n                                <a href=\"https:\/\/www.hydronix.com\/fr\/ressources\/evenements\/sim-chalons-en-champagne\/\" class=\"evt__item mb-4\">\n                    <div class=\"row evt mx-0\">\n                        <div class=\"col-md-4 px-0\"><div class=\"evt__edate evt__edate--concrete\">7 octobre, 2026<\/div><\/div>\n                        <div class=\"col-md-8 py-2 evt__detail\">\n                            <div class=\"evt__title\">SIM Ch\u00e2lons-en-Champagne<\/div>\n                            <div class=\"evt__loca\">Parc des Expositions, Ch\u00e2lons-en-Champagne | France<\/div>\n                        <\/div>\n                    <\/div>\n                <\/a>\n                                <a href=\"https:\/\/www.hydronix.com\/fr\/ressources\/evenements\/vractech-douai-2026\/\" class=\"evt__item mb-4\">\n                    <div class=\"row evt mx-0\">\n                        <div class=\"col-md-4 px-0\"><div class=\"evt__edate evt__edate--organic\">17 novembre, 2026<\/div><\/div>\n                        <div class=\"col-md-8 py-2 evt__detail\">\n                            <div class=\"evt__title\">VracTech Douai 2026<\/div>\n                            <div class=\"evt__loca\">Douai | France<\/div>\n                        <\/div>\n                    <\/div>\n                <\/a>\n                                <div>\n                    <a href=\"\/fr\/ressources\/evenements\/\" class=\"mx-auto btn btn--orange\">Tous les \u00e9v\u00e9nements<\/a>\n                <\/div>\n            <\/div>\n        <\/div>\n    <\/div>\n<\/section>","protected":false},"excerpt":{"rendered":"<p>La soci\u00e9t\u00e9 Hydronix repose sur quatre valeurs de base&nbsp;: [&#8230;]<\/p>\n<p><a class=\"btn btn-secondary understrap-read-more-link\" href=\"https:\/\/www.hydronix.com\/fr\/a-propos-dhydronix\/\">Lire la suite\u2026<span class=\"screen-reader-text\"> from \u00c0 propos d\u2019Hydronix<\/span><\/a><\/p>\n","protected":false},"author":1,"featured_media":13847,"parent":0,"menu_order":430,"comment_status":"closed","ping_status":"closed","template":"","meta":{"_acf_changed":false,"content-type":"","inline_featured_image":false,"footnotes":""},"industries":[],"process":[],"class_list":["post-265","page","type-page","status-publish","has-post-thumbnail","hentry"],"acf":[],"yoast_head":"<!-- This site is optimized with the Yoast SEO plugin v27.1.1 - https:\/\/yoast.com\/product\/yoast-seo-wordpress\/ -->\n<title>\u00c0 propos d\u2019Hydronix - Hydronix<\/title>\n<meta name=\"robots\" content=\"index, follow, max-snippet:-1, max-image-preview:large, max-video-preview:-1\" \/>\n<link rel=\"canonical\" href=\"https:\/\/www.hydronix.com\/fr\/a-propos-dhydronix\/\" \/>\n<meta property=\"og:locale\" content=\"fr_FR\" \/>\n<meta property=\"og:type\" content=\"article\" \/>\n<meta property=\"og:title\" content=\"\u00c0 propos d\u2019Hydronix - Hydronix\" \/>\n<meta property=\"og:description\" content=\"La soci\u00e9t\u00e9 Hydronix repose sur quatre valeurs de base&nbsp;: [...]Lire la suite\u2026 from \u00c0 propos d\u2019Hydronix\" \/>\n<meta property=\"og:url\" content=\"https:\/\/www.hydronix.com\/fr\/a-propos-dhydronix\/\" \/>\n<meta property=\"og:site_name\" content=\"Hydronix\" \/>\n<meta property=\"article:modified_time\" content=\"2023-06-19T15:48:40+00:00\" \/>\n<meta property=\"og:image\" content=\"https:\/\/www.hydronix.com\/wp-content\/uploads\/2022\/11\/about-hero.jpg\" \/>\n\t<meta property=\"og:image:width\" content=\"1423\" \/>\n\t<meta property=\"og:image:height\" content=\"522\" \/>\n\t<meta property=\"og:image:type\" content=\"image\/jpeg\" \/>\n<meta name=\"twitter:card\" content=\"summary_large_image\" \/>\n<meta name=\"twitter:label1\" content=\"Dur\u00e9e de lecture estim\u00e9e\" \/>\n\t<meta name=\"twitter:data1\" content=\"1 minute\" \/>\n<script type=\"application\/ld+json\" class=\"yoast-schema-graph\">{\"@context\":\"https:\/\/schema.org\",\"@graph\":[{\"@type\":\"WebPage\",\"@id\":\"https:\/\/www.hydronix.com\/fr\/a-propos-dhydronix\/\",\"url\":\"https:\/\/www.hydronix.com\/fr\/a-propos-dhydronix\/\",\"name\":\"\u00c0 propos d\u2019Hydronix - Hydronix\",\"isPartOf\":{\"@id\":\"https:\/\/www.hydronix.com\/fr\/#website\"},\"primaryImageOfPage\":{\"@id\":\"https:\/\/www.hydronix.com\/fr\/a-propos-dhydronix\/#primaryimage\"},\"image\":{\"@id\":\"https:\/\/www.hydronix.com\/fr\/a-propos-dhydronix\/#primaryimage\"},\"thumbnailUrl\":\"https:\/\/www.hydronix.com\/wp-content\/uploads\/2022\/11\/about-hero.jpg\",\"datePublished\":\"2022-09-12T12:44:01+00:00\",\"dateModified\":\"2023-06-19T15:48:40+00:00\",\"breadcrumb\":{\"@id\":\"https:\/\/www.hydronix.com\/fr\/a-propos-dhydronix\/#breadcrumb\"},\"inLanguage\":\"fr-FR\",\"potentialAction\":[{\"@type\":\"ReadAction\",\"target\":[\"https:\/\/www.hydronix.com\/fr\/a-propos-dhydronix\/\"]}]},{\"@type\":\"ImageObject\",\"inLanguage\":\"fr-FR\",\"@id\":\"https:\/\/www.hydronix.com\/fr\/a-propos-dhydronix\/#primaryimage\",\"url\":\"https:\/\/www.hydronix.com\/wp-content\/uploads\/2022\/11\/about-hero.jpg\",\"contentUrl\":\"https:\/\/www.hydronix.com\/wp-content\/uploads\/2022\/11\/about-hero.jpg\",\"width\":1423,\"height\":522},{\"@type\":\"BreadcrumbList\",\"@id\":\"https:\/\/www.hydronix.com\/fr\/a-propos-dhydronix\/#breadcrumb\",\"itemListElement\":[{\"@type\":\"ListItem\",\"position\":1,\"name\":\"Accueil\",\"item\":\"https:\/\/www.hydronix.com\/fr\/\"},{\"@type\":\"ListItem\",\"position\":2,\"name\":\"\u00c0 propos d\u2019Hydronix\"}]},{\"@type\":\"WebSite\",\"@id\":\"https:\/\/www.hydronix.com\/fr\/#website\",\"url\":\"https:\/\/www.hydronix.com\/fr\/\",\"name\":\"Hydronix\",\"description\":\"Your partner in moisture measurement\",\"potentialAction\":[{\"@type\":\"SearchAction\",\"target\":{\"@type\":\"EntryPoint\",\"urlTemplate\":\"https:\/\/www.hydronix.com\/fr\/?s={search_term_string}\"},\"query-input\":{\"@type\":\"PropertyValueSpecification\",\"valueRequired\":true,\"valueName\":\"search_term_string\"}}],\"inLanguage\":\"fr-FR\"}]}<\/script>\n<!-- \/ Yoast SEO plugin. -->","yoast_head_json":{"title":"\u00c0 propos d\u2019Hydronix - Hydronix","robots":{"index":"index","follow":"follow","max-snippet":"max-snippet:-1","max-image-preview":"max-image-preview:large","max-video-preview":"max-video-preview:-1"},"canonical":"https:\/\/www.hydronix.com\/fr\/a-propos-dhydronix\/","og_locale":"fr_FR","og_type":"article","og_title":"\u00c0 propos d\u2019Hydronix - Hydronix","og_description":"La soci\u00e9t\u00e9 Hydronix repose sur quatre valeurs de base&nbsp;: [...]Lire la suite\u2026 from \u00c0 propos d\u2019Hydronix","og_url":"https:\/\/www.hydronix.com\/fr\/a-propos-dhydronix\/","og_site_name":"Hydronix","article_modified_time":"2023-06-19T15:48:40+00:00","og_image":[{"width":1423,"height":522,"url":"https:\/\/www.hydronix.com\/wp-content\/uploads\/2022\/11\/about-hero.jpg","type":"image\/jpeg"}],"twitter_card":"summary_large_image","twitter_misc":{"Dur\u00e9e de lecture estim\u00e9e":"1 minute"},"schema":{"@context":"https:\/\/schema.org","@graph":[{"@type":"WebPage","@id":"https:\/\/www.hydronix.com\/fr\/a-propos-dhydronix\/","url":"https:\/\/www.hydronix.com\/fr\/a-propos-dhydronix\/","name":"\u00c0 propos d\u2019Hydronix - Hydronix","isPartOf":{"@id":"https:\/\/www.hydronix.com\/fr\/#website"},"primaryImageOfPage":{"@id":"https:\/\/www.hydronix.com\/fr\/a-propos-dhydronix\/#primaryimage"},"image":{"@id":"https:\/\/www.hydronix.com\/fr\/a-propos-dhydronix\/#primaryimage"},"thumbnailUrl":"https:\/\/www.hydronix.com\/wp-content\/uploads\/2022\/11\/about-hero.jpg","datePublished":"2022-09-12T12:44:01+00:00","dateModified":"2023-06-19T15:48:40+00:00","breadcrumb":{"@id":"https:\/\/www.hydronix.com\/fr\/a-propos-dhydronix\/#breadcrumb"},"inLanguage":"fr-FR","potentialAction":[{"@type":"ReadAction","target":["https:\/\/www.hydronix.com\/fr\/a-propos-dhydronix\/"]}]},{"@type":"ImageObject","inLanguage":"fr-FR","@id":"https:\/\/www.hydronix.com\/fr\/a-propos-dhydronix\/#primaryimage","url":"https:\/\/www.hydronix.com\/wp-content\/uploads\/2022\/11\/about-hero.jpg","contentUrl":"https:\/\/www.hydronix.com\/wp-content\/uploads\/2022\/11\/about-hero.jpg","width":1423,"height":522},{"@type":"BreadcrumbList","@id":"https:\/\/www.hydronix.com\/fr\/a-propos-dhydronix\/#breadcrumb","itemListElement":[{"@type":"ListItem","position":1,"name":"Accueil","item":"https:\/\/www.hydronix.com\/fr\/"},{"@type":"ListItem","position":2,"name":"\u00c0 propos d\u2019Hydronix"}]},{"@type":"WebSite","@id":"https:\/\/www.hydronix.com\/fr\/#website","url":"https:\/\/www.hydronix.com\/fr\/","name":"Hydronix","description":"Your partner in moisture measurement","potentialAction":[{"@type":"SearchAction","target":{"@type":"EntryPoint","urlTemplate":"https:\/\/www.hydronix.com\/fr\/?s={search_term_string}"},"query-input":{"@type":"PropertyValueSpecification","valueRequired":true,"valueName":"search_term_string"}}],"inLanguage":"fr-FR"}]}},"_links":{"self":[{"href":"https:\/\/www.hydronix.com\/fr\/wp-json\/wp\/v2\/pages\/265","targetHints":{"allow":["GET"]}}],"collection":[{"href":"https:\/\/www.hydronix.com\/fr\/wp-json\/wp\/v2\/pages"}],"about":[{"href":"https:\/\/www.hydronix.com\/fr\/wp-json\/wp\/v2\/types\/page"}],"author":[{"embeddable":true,"href":"https:\/\/www.hydronix.com\/fr\/wp-json\/wp\/v2\/users\/1"}],"replies":[{"embeddable":true,"href":"https:\/\/www.hydronix.com\/fr\/wp-json\/wp\/v2\/comments?post=265"}],"version-history":[{"count":0,"href":"https:\/\/www.hydronix.com\/fr\/wp-json\/wp\/v2\/pages\/265\/revisions"}],"wp:featuredmedia":[{"embeddable":true,"href":"https:\/\/www.hydronix.com\/fr\/wp-json\/wp\/v2\/media\/13847"}],"wp:attachment":[{"href":"https:\/\/www.hydronix.com\/fr\/wp-json\/wp\/v2\/media?parent=265"}],"wp:term":[{"taxonomy":"industries","embeddable":true,"href":"https:\/\/www.hydronix.com\/fr\/wp-json\/wp\/v2\/industries?post=265"},{"taxonomy":"process","embeddable":true,"href":"https:\/\/www.hydronix.com\/fr\/wp-json\/wp\/v2\/process?post=265"}],"curies":[{"name":"wp","href":"https:\/\/api.w.org\/{rel}","templated":true}]}}