{"id":258,"date":"2022-09-12T12:57:30","date_gmt":"2022-09-12T12:57:30","guid":{"rendered":"https:\/\/hx2.chilliservers.co.uk\/?page_id=258"},"modified":"2024-09-10T12:27:25","modified_gmt":"2024-09-10T12:27:25","slug":"beton","status":"publish","type":"page","link":"https:\/\/www.hydronix.com\/fr\/industries\/beton\/","title":{"rendered":"B\u00e9ton"},"content":{"rendered":"    \n<!-- hero_short -->\n<section class=\"short_hero d-flex py-5\" style=\"background-image:url(https:\/\/www.hydronix.com\/wp-content\/uploads\/2022\/09\/application-bg-concrete.jpg)\">\n    <div class=\"overlay\"><\/div>\n    <div class=\"container-xl my-auto\">\n        <div class=\"row\">\n            <div class=\"col-lg-5 hero__content\">\n                <h1>B\u00e9ton<\/h1>\n            <\/div>\n        <\/div>\n    <\/div>\n<\/section>\n<!--section class=\"sub_page_title py-1 mb-4\">\n    <div class=\"container-xl\">\n        <p id=\"breadcrumbs\"><span><span><a href=\"https:\/\/www.hydronix.com\/fr\/\">Accueil<\/a><\/span><\/span><\/p>    <\/div>\n<\/section-->\n\n\n\n<div style=\"height:40px\" aria-hidden=\"true\" class=\"wp-block-spacer\"><\/div>\n\n\n    <div class=\"container-xl\">\n\t\t\n<p>Les sondes Hydronix ont initialement \u00e9t\u00e9 con\u00e7ues pour mesurer l\u2019humidit\u00e9 dans la production de b\u00e9ton et pour r\u00e9sister \u00e0 l\u2019environnement difficile des flux de granulats et des turbulences d\u2019un malaxeur de b\u00e9ton.<\/p>\n    <\/div>\n    \n\n    <div class=\"container-xl\">\n\t\t\n<p>Les sondes permettent la production d\u2019un b\u00e9ton conforme \u00e0 des sp\u00e9cifications rigoureuses, de mani\u00e8re \u00e0 ce que les fabricants puissent produire des lots de b\u00e9ton reproductibles tout en contr\u00f4lant les co\u00fbts et en r\u00e9duisant l\u2019impact sur l\u2019environnement.<\/p>\n    <\/div>\n    \n\n\n<div style=\"height:40px\" aria-hidden=\"true\" class=\"wp-block-spacer\"><\/div>\n\n\n<!-- children -->\n<section class=\"child_pages py-4 mb-4\">\n    <div class=\"container-xl\">\n                <div class=\"row g-4 justify-content-center\">\n        <div class=\"col-md-4 col-xl-3\">\n            <a class=\"child_pages__card child_pages__card--blue\" href=\"https:\/\/www.hydronix.com\/fr\/industries\/beton\/beton-pret-a-lemploi\/\">B\u00e9ton pr\u00eat \u00e0 l&#8217;emploi<\/a>\n        <\/div>\n                <div class=\"col-md-4 col-xl-3\">\n            <a class=\"child_pages__card child_pages__card--blue\" href=\"https:\/\/www.hydronix.com\/fr\/industries\/beton\/beton-prefabrique\/\">B\u00e9ton pr\u00e9fabriqu\u00e9<\/a>\n        <\/div>\n            <\/div>\n<\/section>\n\n<!-- text_video -->\n<section class=\"text_video text_video--bg py-5\">\n    <div class=\"container-xl\">\n        <div class=\"row\">\n            <div class=\"col-lg-5 text_video__content order-1 order-lg-1 mb-4 mb-lg-0 pt-5 py-md-5\">\n                <h2>Aper\u00e7u des produits<\/h2><div class=\"fs-4 mb-4\">CONTR\u00d4LE DE L&rsquo;HUMIDIT\u00c9 DANS LES CENTRALES \u00c0 B\u00c9TON<\/div>                <div class=\"content mb-4\"><p>Cette vid\u00e9o donne un aper\u00e7u de la gamme de produits Hydronix sp\u00e9cialement con\u00e7us pour l&rsquo;industrie du b\u00e9ton et de la construction.<\/p>\n<\/div>\n                            <\/div>\n            <div class=\"col-lg-7 mb-4 mb-lg-0 d-flex order-2 order-lg-2\">\n                <div class=\"video__container w-100 my-auto\" style=\"background-color:#1a1a1a\">\n                                        <div class=\"ratio ratio-16x9 mx-auto\">\n                                                <iframe src=\"https:\/\/player.vimeo.com\/video\/951952777?byline=0&#038;portrait=0\" allow=\"autoplay; fullscreen; picture-in-picture\" webkitallowfullscreen mozallowfullscreen allowfullscreen><\/iframe>\n                                                <\/div>\n                    <!-- <lite-vimeo videoid=\"951952777\" style=\"background-image:url('');\"><\/lite-vimeo> -->\n                <\/div>\n            <\/div>\n        <\/div>\n    <\/div>\n<\/section>\n<!-- <script type=module src=\"https:\/\/cdn.jsdelivr.net\/npm\/@slightlyoff\/lite-vimeo@0.1.1\/lite-vimeo.js\"><\/script> -->","protected":false},"excerpt":{"rendered":"<p>Les sondes Hydronix ont initialement \u00e9t\u00e9 con\u00e7ues pour mesurer l\u2019humidit\u00e9 dans la production de b\u00e9ton et pour r\u00e9sister \u00e0 l\u2019environnement difficile des flux de granulats et des turbulences d\u2019un malaxeur de b\u00e9ton. Les sondes permettent la production d\u2019un b\u00e9ton conforme \u00e0 des sp\u00e9cifications rigoureuses, de mani\u00e8re \u00e0 ce que les fabricants puissent produire des lots [&#8230;]<\/p>\n<p><a class=\"btn btn-secondary understrap-read-more-link\" href=\"https:\/\/www.hydronix.com\/fr\/industries\/beton\/\">Lire la suite\u2026<span class=\"screen-reader-text\"> from B\u00e9ton<\/span><\/a><\/p>\n","protected":false},"author":1,"featured_media":305,"parent":128,"menu_order":277,"comment_status":"closed","ping_status":"closed","template":"","meta":{"_acf_changed":false,"content-type":"","inline_featured_image":false,"footnotes":""},"industries":[],"process":[],"class_list":["post-258","page","type-page","status-publish","has-post-thumbnail","hentry"],"acf":[],"yoast_head":"<!-- This site is optimized with the Yoast SEO plugin v27.1.1 - https:\/\/yoast.com\/product\/yoast-seo-wordpress\/ -->\n<title>B\u00e9ton - Hydronix<\/title>\n<meta name=\"robots\" content=\"index, follow, max-snippet:-1, max-image-preview:large, max-video-preview:-1\" \/>\n<link rel=\"canonical\" href=\"https:\/\/www.hydronix.com\/fr\/industries\/beton\/\" \/>\n<meta property=\"og:locale\" content=\"fr_FR\" \/>\n<meta property=\"og:type\" content=\"article\" \/>\n<meta property=\"og:title\" content=\"B\u00e9ton - Hydronix\" \/>\n<meta property=\"og:description\" content=\"Les sondes Hydronix ont initialement \u00e9t\u00e9 con\u00e7ues pour mesurer l\u2019humidit\u00e9 dans la production de b\u00e9ton et pour r\u00e9sister \u00e0 l\u2019environnement difficile des flux de granulats et des turbulences d\u2019un malaxeur de b\u00e9ton. Les sondes permettent la production d\u2019un b\u00e9ton conforme \u00e0 des sp\u00e9cifications rigoureuses, de mani\u00e8re \u00e0 ce que les fabricants puissent produire des lots [...]Lire la suite\u2026 from B\u00e9ton\" \/>\n<meta property=\"og:url\" content=\"https:\/\/www.hydronix.com\/fr\/industries\/beton\/\" \/>\n<meta property=\"og:site_name\" content=\"Hydronix\" \/>\n<meta property=\"article:modified_time\" content=\"2024-09-10T12:27:25+00:00\" \/>\n<meta property=\"og:image\" content=\"https:\/\/www.hydronix.com\/wp-content\/uploads\/2022\/09\/application-bg-concrete.jpg\" \/>\n\t<meta property=\"og:image:width\" content=\"1423\" \/>\n\t<meta property=\"og:image:height\" content=\"522\" \/>\n\t<meta property=\"og:image:type\" content=\"image\/jpeg\" \/>\n<meta name=\"twitter:card\" content=\"summary_large_image\" \/>\n<meta name=\"twitter:label1\" content=\"Dur\u00e9e de lecture estim\u00e9e\" \/>\n\t<meta name=\"twitter:data1\" content=\"1 minute\" \/>\n<script type=\"application\/ld+json\" class=\"yoast-schema-graph\">{\"@context\":\"https:\/\/schema.org\",\"@graph\":[{\"@type\":\"WebPage\",\"@id\":\"https:\/\/www.hydronix.com\/fr\/industries\/beton\/\",\"url\":\"https:\/\/www.hydronix.com\/fr\/industries\/beton\/\",\"name\":\"B\u00e9ton - Hydronix\",\"isPartOf\":{\"@id\":\"https:\/\/www.hydronix.com\/fr\/#website\"},\"primaryImageOfPage\":{\"@id\":\"https:\/\/www.hydronix.com\/fr\/industries\/beton\/#primaryimage\"},\"image\":{\"@id\":\"https:\/\/www.hydronix.com\/fr\/industries\/beton\/#primaryimage\"},\"thumbnailUrl\":\"https:\/\/www.hydronix.com\/wp-content\/uploads\/2022\/09\/application-bg-concrete.jpg\",\"datePublished\":\"2022-09-12T12:57:30+00:00\",\"dateModified\":\"2024-09-10T12:27:25+00:00\",\"breadcrumb\":{\"@id\":\"https:\/\/www.hydronix.com\/fr\/industries\/beton\/#breadcrumb\"},\"inLanguage\":\"fr-FR\",\"potentialAction\":[{\"@type\":\"ReadAction\",\"target\":[\"https:\/\/www.hydronix.com\/fr\/industries\/beton\/\"]}]},{\"@type\":\"ImageObject\",\"inLanguage\":\"fr-FR\",\"@id\":\"https:\/\/www.hydronix.com\/fr\/industries\/beton\/#primaryimage\",\"url\":\"https:\/\/www.hydronix.com\/wp-content\/uploads\/2022\/09\/application-bg-concrete.jpg\",\"contentUrl\":\"https:\/\/www.hydronix.com\/wp-content\/uploads\/2022\/09\/application-bg-concrete.jpg\",\"width\":1423,\"height\":522},{\"@type\":\"BreadcrumbList\",\"@id\":\"https:\/\/www.hydronix.com\/fr\/industries\/beton\/#breadcrumb\",\"itemListElement\":[{\"@type\":\"ListItem\",\"position\":1,\"name\":\"Accueil\",\"item\":\"https:\/\/www.hydronix.com\/fr\/\"},{\"@type\":\"ListItem\",\"position\":2,\"name\":\"Industries\",\"item\":\"https:\/\/www.hydronix.com\/fr\/industries\/\"},{\"@type\":\"ListItem\",\"position\":3,\"name\":\"B\u00e9ton\"}]},{\"@type\":\"WebSite\",\"@id\":\"https:\/\/www.hydronix.com\/fr\/#website\",\"url\":\"https:\/\/www.hydronix.com\/fr\/\",\"name\":\"Hydronix\",\"description\":\"Your partner in moisture measurement\",\"potentialAction\":[{\"@type\":\"SearchAction\",\"target\":{\"@type\":\"EntryPoint\",\"urlTemplate\":\"https:\/\/www.hydronix.com\/fr\/?s={search_term_string}\"},\"query-input\":{\"@type\":\"PropertyValueSpecification\",\"valueRequired\":true,\"valueName\":\"search_term_string\"}}],\"inLanguage\":\"fr-FR\"}]}<\/script>\n<!-- \/ Yoast SEO plugin. -->","yoast_head_json":{"title":"B\u00e9ton - Hydronix","robots":{"index":"index","follow":"follow","max-snippet":"max-snippet:-1","max-image-preview":"max-image-preview:large","max-video-preview":"max-video-preview:-1"},"canonical":"https:\/\/www.hydronix.com\/fr\/industries\/beton\/","og_locale":"fr_FR","og_type":"article","og_title":"B\u00e9ton - Hydronix","og_description":"Les sondes Hydronix ont initialement \u00e9t\u00e9 con\u00e7ues pour mesurer l\u2019humidit\u00e9 dans la production de b\u00e9ton et pour r\u00e9sister \u00e0 l\u2019environnement difficile des flux de granulats et des turbulences d\u2019un malaxeur de b\u00e9ton. Les sondes permettent la production d\u2019un b\u00e9ton conforme \u00e0 des sp\u00e9cifications rigoureuses, de mani\u00e8re \u00e0 ce que les fabricants puissent produire des lots [...]Lire la suite\u2026 from B\u00e9ton","og_url":"https:\/\/www.hydronix.com\/fr\/industries\/beton\/","og_site_name":"Hydronix","article_modified_time":"2024-09-10T12:27:25+00:00","og_image":[{"width":1423,"height":522,"url":"https:\/\/www.hydronix.com\/wp-content\/uploads\/2022\/09\/application-bg-concrete.jpg","type":"image\/jpeg"}],"twitter_card":"summary_large_image","twitter_misc":{"Dur\u00e9e de lecture estim\u00e9e":"1 minute"},"schema":{"@context":"https:\/\/schema.org","@graph":[{"@type":"WebPage","@id":"https:\/\/www.hydronix.com\/fr\/industries\/beton\/","url":"https:\/\/www.hydronix.com\/fr\/industries\/beton\/","name":"B\u00e9ton - Hydronix","isPartOf":{"@id":"https:\/\/www.hydronix.com\/fr\/#website"},"primaryImageOfPage":{"@id":"https:\/\/www.hydronix.com\/fr\/industries\/beton\/#primaryimage"},"image":{"@id":"https:\/\/www.hydronix.com\/fr\/industries\/beton\/#primaryimage"},"thumbnailUrl":"https:\/\/www.hydronix.com\/wp-content\/uploads\/2022\/09\/application-bg-concrete.jpg","datePublished":"2022-09-12T12:57:30+00:00","dateModified":"2024-09-10T12:27:25+00:00","breadcrumb":{"@id":"https:\/\/www.hydronix.com\/fr\/industries\/beton\/#breadcrumb"},"inLanguage":"fr-FR","potentialAction":[{"@type":"ReadAction","target":["https:\/\/www.hydronix.com\/fr\/industries\/beton\/"]}]},{"@type":"ImageObject","inLanguage":"fr-FR","@id":"https:\/\/www.hydronix.com\/fr\/industries\/beton\/#primaryimage","url":"https:\/\/www.hydronix.com\/wp-content\/uploads\/2022\/09\/application-bg-concrete.jpg","contentUrl":"https:\/\/www.hydronix.com\/wp-content\/uploads\/2022\/09\/application-bg-concrete.jpg","width":1423,"height":522},{"@type":"BreadcrumbList","@id":"https:\/\/www.hydronix.com\/fr\/industries\/beton\/#breadcrumb","itemListElement":[{"@type":"ListItem","position":1,"name":"Accueil","item":"https:\/\/www.hydronix.com\/fr\/"},{"@type":"ListItem","position":2,"name":"Industries","item":"https:\/\/www.hydronix.com\/fr\/industries\/"},{"@type":"ListItem","position":3,"name":"B\u00e9ton"}]},{"@type":"WebSite","@id":"https:\/\/www.hydronix.com\/fr\/#website","url":"https:\/\/www.hydronix.com\/fr\/","name":"Hydronix","description":"Your partner in moisture measurement","potentialAction":[{"@type":"SearchAction","target":{"@type":"EntryPoint","urlTemplate":"https:\/\/www.hydronix.com\/fr\/?s={search_term_string}"},"query-input":{"@type":"PropertyValueSpecification","valueRequired":true,"valueName":"search_term_string"}}],"inLanguage":"fr-FR"}]}},"_links":{"self":[{"href":"https:\/\/www.hydronix.com\/fr\/wp-json\/wp\/v2\/pages\/258","targetHints":{"allow":["GET"]}}],"collection":[{"href":"https:\/\/www.hydronix.com\/fr\/wp-json\/wp\/v2\/pages"}],"about":[{"href":"https:\/\/www.hydronix.com\/fr\/wp-json\/wp\/v2\/types\/page"}],"author":[{"embeddable":true,"href":"https:\/\/www.hydronix.com\/fr\/wp-json\/wp\/v2\/users\/1"}],"replies":[{"embeddable":true,"href":"https:\/\/www.hydronix.com\/fr\/wp-json\/wp\/v2\/comments?post=258"}],"version-history":[{"count":1,"href":"https:\/\/www.hydronix.com\/fr\/wp-json\/wp\/v2\/pages\/258\/revisions"}],"predecessor-version":[{"id":37885,"href":"https:\/\/www.hydronix.com\/fr\/wp-json\/wp\/v2\/pages\/258\/revisions\/37885"}],"up":[{"embeddable":true,"href":"https:\/\/www.hydronix.com\/fr\/wp-json\/wp\/v2\/pages\/128"}],"wp:featuredmedia":[{"embeddable":true,"href":"https:\/\/www.hydronix.com\/fr\/wp-json\/wp\/v2\/media\/305"}],"wp:attachment":[{"href":"https:\/\/www.hydronix.com\/fr\/wp-json\/wp\/v2\/media?parent=258"}],"wp:term":[{"taxonomy":"industries","embeddable":true,"href":"https:\/\/www.hydronix.com\/fr\/wp-json\/wp\/v2\/industries?post=258"},{"taxonomy":"process","embeddable":true,"href":"https:\/\/www.hydronix.com\/fr\/wp-json\/wp\/v2\/process?post=258"}],"curies":[{"name":"wp","href":"https:\/\/api.w.org\/{rel}","templated":true}]}}