{"id":175,"date":"2022-09-12T15:00:41","date_gmt":"2022-09-12T15:00:41","guid":{"rendered":"https:\/\/hx2.chilliservers.co.uk\/?page_id=175"},"modified":"2023-11-20T11:56:00","modified_gmt":"2023-11-20T11:56:00","slug":"dosage-pesage-des-materiaux","status":"publish","type":"page","link":"https:\/\/www.hydronix.com\/fr\/procedes\/dosage-pesage-des-materiaux\/","title":{"rendered":"Dosage\/Pesage des mat\u00e9riaux"},"content":{"rendered":"<!-- icon_hero -->\n<section class=\"application_hero d-flex py-5\" style=\"background-image:url(https:\/\/www.hydronix.com\/wp-content\/uploads\/2022\/09\/process-bg-weighing-dosing.jpg)\">\n    <div class=\"overlay\"><\/div>\n    <div class=\"container my-auto\">\n        <div class=\"row\">\n            <div class=\"col-lg-2\"><img decoding=\"async\" src=\"https:\/\/www.hydronix.com\/wp-content\/themes\/cb-hydronix\/img\/icons\/icon__material-dosing-weighing--wo.svg\" class=\"w-50 w-lg-100\"><\/div>\n            <div class=\"col-lg-10 d-flex hero__content\"><h1 class=\"my-auto text-white\">Dosage\/Pesage des mat\u00e9riaux<\/h1><\/div>\n        <\/div>\n    <\/div>\n<\/section>\n<section class=\"sub_page_title py-1 mb-4\">\n    <div class=\"container-xl\">\n        <p id=\"breadcrumbs\"><span><span><a href=\"https:\/\/www.hydronix.com\/fr\/\">Accueil<\/a><\/span><\/span><\/p>    <\/div>\n<\/section>\n\n\n<!-- process_overview -->\n<section class=\"process_overview mb-4\">\n    <div class=\"container-xl\">\n        <div class=\"row g-4\">\n            <div class=\"col-md-6\">\n                <h2 class=\"fs-3 mb-4\">Vue d\u2019ensemble<\/h2>\n                <p>Lors du dosage des mat\u00e9riaux en vrac, il est important d\u2019obtenir le poids sec qui convient. L\u2019humidit\u00e9 varie continuellement, selon les conditions de stockage et les conditions environnementales, et elle doit \u00eatre mesur\u00e9e pour permettre au proc\u00e9d\u00e9 de compenser l\u2019eau qui est pr\u00e9sente dans les mat\u00e9riaux.<\/p>\n<p>Ceci permet au producteur d\u2019obtenir les proportions correctes dans un m\u00e9lange de mati\u00e8res premi\u00e8res.<\/p>\n            <\/div>\n            <div class=\"col-md-6\">\n                <h2 class=\"fs-3 mb-4\">Avantages<\/h2>\n                <div class=\"process_benefits mb-4\">\n                    <div class=\"card\">\n                    <ul class=\"mb-0\"><li>Calculer les poids \u00e0 sec pour proportionner<\/li><li>Ajuster les quantit\u00e9s de micro-ingr\u00e9dients en fonction de l\u2019humidit\u00e9<\/li><li><\/li><\/ul>                    <\/div>\n                <\/div>\n                <h2 class=\"fs-3 mb-4\">Points d\u2019installation<\/h2>\n                <div class=\"row g-4 justify-content-center installation_points installations\">\n                    <div class=\"col-sm-4 text-center\">\n                                                <div class=\"card\">\n                            <img decoding=\"async\" src=\"https:\/\/www.hydronix.com\/wp-content\/themes\/cb-hydronix\/img\/icon--input.svg\" alt=\"\">\n                            Entr\u00e9e                        <\/div>\n                    <\/div>\n                    <div class=\"col-sm-4 text-center\">\n                                                <div class=\"card\">\n                            <img decoding=\"async\" src=\"https:\/\/www.hydronix.com\/wp-content\/themes\/cb-hydronix\/img\/icon--in-process.svg\" alt=\"\">\n                                Dans le proc\u00e9d\u00e9                        <\/div>\n                    <\/div>\n                    <div class=\"col-sm-4 text-center\">\n                                                <div class=\"card\">\n                            <img decoding=\"async\" src=\"https:\/\/www.hydronix.com\/wp-content\/themes\/cb-hydronix\/img\/icon--output.svg\" alt=\"\">\n                                Sortie                        <\/div>\n                    <\/div>\n                <\/div>\n            <\/div>\n        <\/div>\n    <\/div>\n<\/section>\n\n<!-- application_icons -->\n<section class=\"bg--blue-100  py-4\">\n<div class=\"container py-4\">\n    <h2 class=\"fs-4 text-center mb-4\">Applications typiques<\/h2>\n    <div class=\"applications row g-4\">\n                <div class=\"col-sm-4 col-lg-2 applications__card active\">\n            <a href=\"\/fr\/mesurer\/atmosphere-explosive\/\">\n                <img decoding=\"async\" src=\"https:\/\/www.hydronix.com\/wp-content\/themes\/cb-hydronix\/img\/icons\/icon__explosive-atmosphere--blue.svg\" alt=\"X --blue\">\n                <div class=\"applications__title\">Atmosph\u00e8re Explosive<\/div>\n            <\/a>\n        <\/div>\n                    <div class=\"col-sm-4 col-lg-2 applications__card active\">\n            <a href=\"\/fr\/mesurer\/beton-et-construction\/\">\n                <img decoding=\"async\" src=\"https:\/\/www.hydronix.com\/wp-content\/themes\/cb-hydronix\/img\/icons\/icon__concrete-construction--blue.svg\" alt=\"X --blue\">\n                <div class=\"applications__title\">B\u00e9ton et Construction<\/div>\n            <\/a>\n        <\/div>\n                    <div class=\"col-sm-4 col-lg-2 applications__card active\">\n            <a href=\"\/fr\/mesurer\/grains-et-solides-en-vrac\/\">\n                <img decoding=\"async\" src=\"https:\/\/www.hydronix.com\/wp-content\/themes\/cb-hydronix\/img\/icons\/icon__grain-bulk-solids--blue.svg\" alt=\"X --blue\">\n                <div class=\"applications__title\">Grains et Solides en Vrac<\/div>\n            <\/a>\n        <\/div>\n                    <div class=\"col-sm-4 col-lg-2 applications__card active\">\n            <a href=\"\/fr\/mesurer\/haute-temperature\/\">\n                <img decoding=\"async\" src=\"https:\/\/www.hydronix.com\/wp-content\/themes\/cb-hydronix\/img\/icons\/icon__high-temperature--blue.svg\" alt=\"X --blue\">\n                <div class=\"applications__title\">Haute Temp\u00e9rature<\/div>\n            <\/a>\n        <\/div>\n                    <div class=\"col-sm-4 col-lg-2 applications__card active\">\n            <a href=\"\/fr\/mesurer\/liquides\/\">\n                <img decoding=\"async\" src=\"https:\/\/www.hydronix.com\/wp-content\/themes\/cb-hydronix\/img\/icons\/icon__liquids--blue.svg\" alt=\"X --blue\">\n                <div class=\"applications__title\">Liquides<\/div>\n            <\/a>\n        <\/div>\n                    <div class=\"col-sm-4 col-lg-2 applications__card active\">\n            <a href=\"\/fr\/mesurer\/securite-alimentaire\/\">\n                <img decoding=\"async\" src=\"https:\/\/www.hydronix.com\/wp-content\/themes\/cb-hydronix\/img\/icons\/icon__food-safe--blue.svg\" alt=\"X --blue\">\n                <div class=\"applications__title\">S\u00e9curit\u00e9 Alimentaire<\/div>\n            <\/a>\n        <\/div>\n                <\/div>\n<\/div>\n<\/section>\n\n<!-- products_by_process -->\n<section class=\"prod_by_app products pb-5\">\n    <div class=\"container-xl\">\n        <h2>Produits associ\u00e9s<\/h2>\n        <div class=\"row g-3\">\n\n    <div class=\"col-sm-6 col-lg-3\">\n        <a class=\"product__card\" href=\"https:\/\/www.hydronix.com\/fr\/produits\/hydro-mix\/\">\n        <img decoding=\"async\" src=\"https:\/\/www.hydronix.com\/wp-content\/uploads\/2022\/10\/hm08-hero-300x169.png\">\n            <div class=\"mb-2 fw-bold\">Hydro-Mix<\/div>\n            <div class=\"mb-2 product__subtitle\">Sonde d&rsquo;humidit\u00e9\u00a0: montage en affleurement pour les malaxeurs et les convoyeurs<\/div>\n            <div class=\"badges\">\n                            <\/div>        <\/a>\n    <\/div>\n        <div class=\"col-sm-6 col-lg-3\">\n        <a class=\"product__card\" href=\"https:\/\/www.hydronix.com\/fr\/produits\/hydro-probe\/\">\n        <img decoding=\"async\" src=\"https:\/\/www.hydronix.com\/wp-content\/uploads\/2022\/09\/HP02-300x192.png\">\n            <div class=\"mb-2 fw-bold\">Hydro-Probe<\/div>\n            <div class=\"mb-2 product__subtitle\">Sonde d&rsquo;humidit\u00e9\u00a0: pour les tr\u00e9mies et les goulottes<\/div>\n            <div class=\"badges\">\n                            <\/div>        <\/a>\n    <\/div>\n        <div class=\"col-sm-6 col-lg-3\">\n        <a class=\"product__card\" href=\"https:\/\/www.hydronix.com\/fr\/produits\/hydro-mix-xt-ex\/\">\n        <img decoding=\"async\" src=\"https:\/\/www.hydronix.com\/wp-content\/uploads\/2022\/11\/hmxtex-front-right-persp-300x169.png\">\n            <div class=\"mb-2 fw-bold\">Hydro-Mix XT-EX<\/div>\n            <div class=\"mb-2 product__subtitle\">Sonde d&rsquo;humidit\u00e9\u00a0: montage en affleurement. Temp\u00e9ratures de processus jusqu&rsquo;\u00e0 60\u00a0\u00b0C (zone\u00a020\/21)<\/div>\n            <div class=\"badges\">\n                                        <div class=\"badge badge--atex\"><\/div>\n                        <div class=\"badge badge--etl\"><\/div>\n                                    <\/div>        <\/a>\n    <\/div>\n        <div class=\"col-sm-6 col-lg-3\">\n        <a class=\"product__card\" href=\"https:\/\/www.hydronix.com\/fr\/produits\/hydro-mix-ht\/\">\n        <img decoding=\"async\" src=\"https:\/\/www.hydronix.com\/wp-content\/uploads\/2022\/11\/hmht01-front-persp-300x169.png\">\n            <div class=\"mb-2 fw-bold\">Hydro-Mix HT<\/div>\n            <div class=\"mb-2 product__subtitle\">Sonde d&rsquo;humidit\u00e9\u00a0: plage de temp\u00e9ratures de processus jusqu&rsquo;\u00e0 120\u00a0\u00b0C<\/div>\n            <div class=\"badges\">\n                                        <div class=\"badge badge--high-temp\"><\/div>\n                                    <\/div>        <\/a>\n    <\/div>\n        <div class=\"col-sm-6 col-lg-3\">\n        <a class=\"product__card\" href=\"https:\/\/www.hydronix.com\/fr\/produits\/hydro-mix-ht-ex\/\">\n        <img decoding=\"async\" src=\"https:\/\/www.hydronix.com\/wp-content\/uploads\/2022\/10\/hmhtex-left-persp-300x169.png\">\n            <div class=\"mb-2 fw-bold\">Hydro-Mix HT-EX<\/div>\n            <div class=\"mb-2 product__subtitle\">Sonde d&rsquo;humidit\u00e9\u00a0: montage en affleurement. Temp\u00e9ratures de processus jusqu&rsquo;\u00e0 120\u00a0\u00b0C (zone\u00a020)<\/div>\n            <div class=\"badges\">\n                                        <div class=\"badge badge--atex\"><\/div>\n                        <div class=\"badge badge--etl\"><\/div>\n                                                <div class=\"badge badge--high-temp\"><\/div>\n                                    <\/div>        <\/a>\n    <\/div>\n        <div class=\"col-sm-6 col-lg-3\">\n        <a class=\"product__card\" href=\"https:\/\/www.hydronix.com\/fr\/produits\/hydro-mix-xt\/\">\n        <img decoding=\"async\" src=\"https:\/\/www.hydronix.com\/wp-content\/uploads\/2022\/09\/HMXTFS-300x169.png\">\n            <div class=\"mb-2 fw-bold\">Hydro-Mix XT<\/div>\n            <div class=\"mb-2 product__subtitle\">Sonde d&rsquo;humidit\u00e9\u00a0: montage en affleurement pour les malaxeurs et les convoyeurs<\/div>\n            <div class=\"badges\">\n                            <\/div>        <\/a>\n    <\/div>\n        <div class=\"col-sm-6 col-lg-3\">\n        <a class=\"product__card\" href=\"https:\/\/www.hydronix.com\/fr\/produits\/hydro-mix-xt-fs\/\">\n        <img decoding=\"async\" src=\"https:\/\/www.hydronix.com\/wp-content\/uploads\/2022\/09\/hmxtfs-front-300x169.png\">\n            <div class=\"mb-2 fw-bold\">Hydro-Mix XT-FS<\/div>\n            <div class=\"mb-2 product__subtitle\">Sonde d&rsquo;humidit\u00e9\u00a0: montage en affleurement de qualit\u00e9 alimentaire pour les malaxeurs et les convoyeurs<\/div>\n            <div class=\"badges\">\n                                        <div class=\"badge badge--food-safe\"><\/div>\n                                    <\/div>        <\/a>\n    <\/div>\n        <div class=\"col-sm-6 col-lg-3\">\n        <a class=\"product__card\" href=\"https:\/\/www.hydronix.com\/fr\/produits\/hydro-probe-xt\/\">\n        <img decoding=\"async\" src=\"https:\/\/www.hydronix.com\/wp-content\/uploads\/2023\/03\/HDX_HPXT_PerspL_5617transp_1600px-300x151.png\">\n            <div class=\"mb-2 fw-bold\">Hydro-Probe XT<\/div>\n            <div class=\"mb-2 product__subtitle\">Sonde d&rsquo;humidit\u00e9\u00a0: pour les tr\u00e9mies, les goulottes et les convoyeurs \u00e0 bande<\/div>\n            <div class=\"badges\">\n                            <\/div>        <\/a>\n    <\/div>\n            <\/div>\n    <\/div>\n<\/section>","protected":false},"excerpt":{"rendered":"<p> [&#8230;]<\/p>\n<p><a class=\"btn btn-secondary understrap-read-more-link\" href=\"https:\/\/www.hydronix.com\/fr\/procedes\/dosage-pesage-des-materiaux\/\">Lire la suite\u2026<span class=\"screen-reader-text\"> from Dosage\/Pesage des mat\u00e9riaux<\/span><\/a><\/p>\n","protected":false},"author":1,"featured_media":0,"parent":165,"menu_order":612,"comment_status":"closed","ping_status":"closed","template":"","meta":{"_acf_changed":false,"content-type":"","inline_featured_image":false,"footnotes":""},"industries":[],"process":[],"class_list":["post-175","page","type-page","status-publish","hentry"],"acf":[],"yoast_head":"<!-- This site is optimized with the Yoast SEO plugin v27.1.1 - https:\/\/yoast.com\/product\/yoast-seo-wordpress\/ -->\n<title>Dosage\/Pesage des mat\u00e9riaux - Hydronix<\/title>\n<meta name=\"robots\" content=\"index, follow, max-snippet:-1, max-image-preview:large, max-video-preview:-1\" \/>\n<link rel=\"canonical\" href=\"https:\/\/www.hydronix.com\/fr\/procedes\/dosage-pesage-des-materiaux\/\" \/>\n<meta property=\"og:locale\" content=\"fr_FR\" \/>\n<meta property=\"og:type\" content=\"article\" \/>\n<meta property=\"og:title\" content=\"Dosage\/Pesage des mat\u00e9riaux - Hydronix\" \/>\n<meta property=\"og:description\" content=\"[...]Lire la suite\u2026 from Dosage\/Pesage des mat\u00e9riaux\" \/>\n<meta property=\"og:url\" content=\"https:\/\/www.hydronix.com\/fr\/procedes\/dosage-pesage-des-materiaux\/\" \/>\n<meta property=\"og:site_name\" content=\"Hydronix\" \/>\n<meta property=\"article:modified_time\" content=\"2023-11-20T11:56:00+00:00\" \/>\n<meta name=\"twitter:card\" content=\"summary_large_image\" \/>\n<script type=\"application\/ld+json\" class=\"yoast-schema-graph\">{\"@context\":\"https:\/\/schema.org\",\"@graph\":[{\"@type\":\"WebPage\",\"@id\":\"https:\/\/www.hydronix.com\/fr\/procedes\/dosage-pesage-des-materiaux\/\",\"url\":\"https:\/\/www.hydronix.com\/fr\/procedes\/dosage-pesage-des-materiaux\/\",\"name\":\"Dosage\/Pesage des mat\u00e9riaux - Hydronix\",\"isPartOf\":{\"@id\":\"https:\/\/www.hydronix.com\/fr\/#website\"},\"datePublished\":\"2022-09-12T15:00:41+00:00\",\"dateModified\":\"2023-11-20T11:56:00+00:00\",\"breadcrumb\":{\"@id\":\"https:\/\/www.hydronix.com\/fr\/procedes\/dosage-pesage-des-materiaux\/#breadcrumb\"},\"inLanguage\":\"fr-FR\",\"potentialAction\":[{\"@type\":\"ReadAction\",\"target\":[\"https:\/\/www.hydronix.com\/fr\/procedes\/dosage-pesage-des-materiaux\/\"]}]},{\"@type\":\"BreadcrumbList\",\"@id\":\"https:\/\/www.hydronix.com\/fr\/procedes\/dosage-pesage-des-materiaux\/#breadcrumb\",\"itemListElement\":[{\"@type\":\"ListItem\",\"position\":1,\"name\":\"Accueil\",\"item\":\"https:\/\/www.hydronix.com\/fr\/\"},{\"@type\":\"ListItem\",\"position\":2,\"name\":\"Proc\u00e9d\u00e9s\",\"item\":\"https:\/\/www.hydronix.com\/fr\/procedes\/\"},{\"@type\":\"ListItem\",\"position\":3,\"name\":\"Dosage\/Pesage des mat\u00e9riaux\"}]},{\"@type\":\"WebSite\",\"@id\":\"https:\/\/www.hydronix.com\/fr\/#website\",\"url\":\"https:\/\/www.hydronix.com\/fr\/\",\"name\":\"Hydronix\",\"description\":\"Your partner in moisture measurement\",\"potentialAction\":[{\"@type\":\"SearchAction\",\"target\":{\"@type\":\"EntryPoint\",\"urlTemplate\":\"https:\/\/www.hydronix.com\/fr\/?s={search_term_string}\"},\"query-input\":{\"@type\":\"PropertyValueSpecification\",\"valueRequired\":true,\"valueName\":\"search_term_string\"}}],\"inLanguage\":\"fr-FR\"}]}<\/script>\n<!-- \/ Yoast SEO plugin. -->","yoast_head_json":{"title":"Dosage\/Pesage des mat\u00e9riaux - Hydronix","robots":{"index":"index","follow":"follow","max-snippet":"max-snippet:-1","max-image-preview":"max-image-preview:large","max-video-preview":"max-video-preview:-1"},"canonical":"https:\/\/www.hydronix.com\/fr\/procedes\/dosage-pesage-des-materiaux\/","og_locale":"fr_FR","og_type":"article","og_title":"Dosage\/Pesage des mat\u00e9riaux - Hydronix","og_description":"[...]Lire la suite\u2026 from Dosage\/Pesage des mat\u00e9riaux","og_url":"https:\/\/www.hydronix.com\/fr\/procedes\/dosage-pesage-des-materiaux\/","og_site_name":"Hydronix","article_modified_time":"2023-11-20T11:56:00+00:00","twitter_card":"summary_large_image","schema":{"@context":"https:\/\/schema.org","@graph":[{"@type":"WebPage","@id":"https:\/\/www.hydronix.com\/fr\/procedes\/dosage-pesage-des-materiaux\/","url":"https:\/\/www.hydronix.com\/fr\/procedes\/dosage-pesage-des-materiaux\/","name":"Dosage\/Pesage des mat\u00e9riaux - Hydronix","isPartOf":{"@id":"https:\/\/www.hydronix.com\/fr\/#website"},"datePublished":"2022-09-12T15:00:41+00:00","dateModified":"2023-11-20T11:56:00+00:00","breadcrumb":{"@id":"https:\/\/www.hydronix.com\/fr\/procedes\/dosage-pesage-des-materiaux\/#breadcrumb"},"inLanguage":"fr-FR","potentialAction":[{"@type":"ReadAction","target":["https:\/\/www.hydronix.com\/fr\/procedes\/dosage-pesage-des-materiaux\/"]}]},{"@type":"BreadcrumbList","@id":"https:\/\/www.hydronix.com\/fr\/procedes\/dosage-pesage-des-materiaux\/#breadcrumb","itemListElement":[{"@type":"ListItem","position":1,"name":"Accueil","item":"https:\/\/www.hydronix.com\/fr\/"},{"@type":"ListItem","position":2,"name":"Proc\u00e9d\u00e9s","item":"https:\/\/www.hydronix.com\/fr\/procedes\/"},{"@type":"ListItem","position":3,"name":"Dosage\/Pesage des mat\u00e9riaux"}]},{"@type":"WebSite","@id":"https:\/\/www.hydronix.com\/fr\/#website","url":"https:\/\/www.hydronix.com\/fr\/","name":"Hydronix","description":"Your partner in moisture measurement","potentialAction":[{"@type":"SearchAction","target":{"@type":"EntryPoint","urlTemplate":"https:\/\/www.hydronix.com\/fr\/?s={search_term_string}"},"query-input":{"@type":"PropertyValueSpecification","valueRequired":true,"valueName":"search_term_string"}}],"inLanguage":"fr-FR"}]}},"_links":{"self":[{"href":"https:\/\/www.hydronix.com\/fr\/wp-json\/wp\/v2\/pages\/175","targetHints":{"allow":["GET"]}}],"collection":[{"href":"https:\/\/www.hydronix.com\/fr\/wp-json\/wp\/v2\/pages"}],"about":[{"href":"https:\/\/www.hydronix.com\/fr\/wp-json\/wp\/v2\/types\/page"}],"author":[{"embeddable":true,"href":"https:\/\/www.hydronix.com\/fr\/wp-json\/wp\/v2\/users\/1"}],"replies":[{"embeddable":true,"href":"https:\/\/www.hydronix.com\/fr\/wp-json\/wp\/v2\/comments?post=175"}],"version-history":[{"count":0,"href":"https:\/\/www.hydronix.com\/fr\/wp-json\/wp\/v2\/pages\/175\/revisions"}],"up":[{"embeddable":true,"href":"https:\/\/www.hydronix.com\/fr\/wp-json\/wp\/v2\/pages\/165"}],"wp:attachment":[{"href":"https:\/\/www.hydronix.com\/fr\/wp-json\/wp\/v2\/media?parent=175"}],"wp:term":[{"taxonomy":"industries","embeddable":true,"href":"https:\/\/www.hydronix.com\/fr\/wp-json\/wp\/v2\/industries?post=175"},{"taxonomy":"process","embeddable":true,"href":"https:\/\/www.hydronix.com\/fr\/wp-json\/wp\/v2\/process?post=175"}],"curies":[{"name":"wp","href":"https:\/\/api.w.org\/{rel}","templated":true}]}}