{"id":165,"date":"2022-09-12T14:48:56","date_gmt":"2022-09-12T14:48:56","guid":{"rendered":"https:\/\/hx2.chilliservers.co.uk\/?page_id=165"},"modified":"2023-06-16T14:26:24","modified_gmt":"2023-06-16T14:26:24","slug":"procedes","status":"publish","type":"page","link":"https:\/\/www.hydronix.com\/fr\/procedes\/","title":{"rendered":"Proc\u00e9d\u00e9s"},"content":{"rendered":"    \n<!-- hero_short -->\n<section class=\"short_hero d-flex py-5\" style=\"background-image:url(https:\/\/www.hydronix.com\/wp-content\/uploads\/2023\/04\/shutterstock_2200597295-processes-scaled.jpg)\">\n    <div class=\"overlay\"><\/div>\n    <div class=\"container-xl my-auto\">\n        <div class=\"row\">\n            <div class=\"col-lg-5 hero__content\">\n                <h1>Proc\u00e9d\u00e9s<\/h1>\n            <\/div>\n        <\/div>\n    <\/div>\n<\/section>\n<!--section class=\"sub_page_title py-1 mb-4\">\n    <div class=\"container-xl\">\n        <p id=\"breadcrumbs\"><span><span><a href=\"https:\/\/www.hydronix.com\/fr\/\">Accueil<\/a><\/span><\/span><\/p>    <\/div>\n<\/section-->\n\n\n    <div class=\"container-xl\">\n\t\t\n<p>Les sondes de mesure de l\u2019humidit\u00e9 \u00e0 micro-ondes d\u2019Hydronix sont utilis\u00e9es dans une diversit\u00e9 d\u2019applications, \u00e0 travers le monde, pour mesurer l\u2019humidit\u00e9 ou le degr\u00e9 Brix de mat\u00e9riaux fluides.<\/p>\n    <\/div>\n    \n\n    <div class=\"container-xl\">\n\t\t\n<p>Certains exemples proc\u00e9d\u00e9s typiques qui n\u00e9cessitent la mesure de l\u2019humidit\u00e9 \u00e0 l\u2019aide de sondes Hydronix&nbsp;:<\/p>\n    <\/div>\n    \n\n<!-- children_icons -->\n<section class=\"child_pages py-4\">\n    <div class=\"container-xl\">\n                <div class=\"row g-4 justify-content-center\">\n        <div class=\"col-md-4 col-xl-3\">\n            <a class=\"child_pages__card\" href=\"https:\/\/www.hydronix.com\/fr\/procedes\/dosage-pesage-des-materiaux\/\">\n                <img decoding=\"async\" src=\"https:\/\/www.hydronix.com\/wp-content\/themes\/cb-hydronix\/img\/icons\/icon__material-dosing-weighing--blue.svg\" alt=\"\" class=\"d-flex mx-auto w-50\">\n                Dosage\/Pesage des mat\u00e9riaux            <\/a>\n        <\/div>\n                <div class=\"col-md-4 col-xl-3\">\n            <a class=\"child_pages__card\" href=\"https:\/\/www.hydronix.com\/fr\/procedes\/conditionnement-vapeur\/\">\n                <img decoding=\"async\" src=\"https:\/\/www.hydronix.com\/wp-content\/themes\/cb-hydronix\/img\/icons\/icon__conditioning-steam--blue.svg\" alt=\"\" class=\"d-flex mx-auto w-50\">\n                Conditionnement            <\/a>\n        <\/div>\n                <div class=\"col-md-4 col-xl-3\">\n            <a class=\"child_pages__card\" href=\"https:\/\/www.hydronix.com\/fr\/procedes\/transport\/\">\n                <img decoding=\"async\" src=\"https:\/\/www.hydronix.com\/wp-content\/themes\/cb-hydronix\/img\/icons\/icon__conveying--blue.svg\" alt=\"\" class=\"d-flex mx-auto w-50\">\n                Transport            <\/a>\n        <\/div>\n                <div class=\"col-md-4 col-xl-3\">\n            <a class=\"child_pages__card\" href=\"https:\/\/www.hydronix.com\/fr\/procedes\/sechage\/\">\n                <img decoding=\"async\" src=\"https:\/\/www.hydronix.com\/wp-content\/themes\/cb-hydronix\/img\/icons\/icon__drying--blue.svg\" alt=\"\" class=\"d-flex mx-auto w-50\">\n                S\u00e9chage            <\/a>\n        <\/div>\n                <div class=\"col-md-4 col-xl-3\">\n            <a class=\"child_pages__card\" href=\"https:\/\/www.hydronix.com\/fr\/procedes\/meulage-broyage\/\">\n                <img decoding=\"async\" src=\"https:\/\/www.hydronix.com\/wp-content\/themes\/cb-hydronix\/img\/icons\/icon__milling-grinding--blue.svg\" alt=\"\" class=\"d-flex mx-auto w-50\">\n                Meulage\/Broyage            <\/a>\n        <\/div>\n                <div class=\"col-md-4 col-xl-3\">\n            <a class=\"child_pages__card\" href=\"https:\/\/www.hydronix.com\/fr\/procedes\/malaxage\/\">\n                <img decoding=\"async\" src=\"https:\/\/www.hydronix.com\/wp-content\/themes\/cb-hydronix\/img\/icons\/icon__mixing--blue.svg\" alt=\"\" class=\"d-flex mx-auto w-50\">\n                Malaxage            <\/a>\n        <\/div>\n                <div class=\"col-md-4 col-xl-3\">\n            <a class=\"child_pages__card\" href=\"https:\/\/www.hydronix.com\/fr\/procedes\/emballage\/\">\n                <img decoding=\"async\" src=\"https:\/\/www.hydronix.com\/wp-content\/themes\/cb-hydronix\/img\/icons\/icon__packaging--blue.svg\" alt=\"\" class=\"d-flex mx-auto w-50\">\n                Emballage            <\/a>\n        <\/div>\n                <div class=\"col-md-4 col-xl-3\">\n            <a class=\"child_pages__card\" href=\"https:\/\/www.hydronix.com\/fr\/procedes\/pastillage-extrusion\/\">\n                <img decoding=\"async\" src=\"https:\/\/www.hydronix.com\/wp-content\/themes\/cb-hydronix\/img\/icons\/icon__pelletising-extrusion--blue.svg\" alt=\"\" class=\"d-flex mx-auto w-50\">\n                Pastillage\/extrusion            <\/a>\n        <\/div>\n                <div class=\"col-md-4 col-xl-3\">\n            <a class=\"child_pages__card\" href=\"https:\/\/www.hydronix.com\/fr\/procedes\/stockage\/\">\n                <img decoding=\"async\" src=\"https:\/\/www.hydronix.com\/wp-content\/themes\/cb-hydronix\/img\/icons\/icon__storage--blue.svg\" alt=\"\" class=\"d-flex mx-auto w-50\">\n                Stockage            <\/a>\n        <\/div>\n                <div class=\"col-md-4 col-xl-3\">\n            <a class=\"child_pages__card\" href=\"https:\/\/www.hydronix.com\/fr\/procedes\/bac-a-vide\/\">\n                <img decoding=\"async\" src=\"https:\/\/www.hydronix.com\/wp-content\/themes\/cb-hydronix\/img\/icons\/icon__vacuum-pan--blue.svg\" alt=\"\" class=\"d-flex mx-auto w-50\">\n                Bac \u00e0 vide            <\/a>\n        <\/div>\n                <div class=\"col-md-4 col-xl-3\">\n            <a class=\"child_pages__card\" href=\"https:\/\/www.hydronix.com\/fr\/procedes\/ajout-deau-de-produits-chimiques\/\">\n                <img decoding=\"async\" src=\"https:\/\/www.hydronix.com\/wp-content\/themes\/cb-hydronix\/img\/icons\/icon__water-chemical-addition--blue.svg\" alt=\"\" class=\"d-flex mx-auto w-50\">\n                Ajout d\u2019eau\/de produits chimiques            <\/a>\n        <\/div>\n            <\/div>\n<\/section>","protected":false},"excerpt":{"rendered":"<p>Les sondes de mesure de l\u2019humidit\u00e9 \u00e0 micro-ondes d\u2019Hydronix sont utilis\u00e9es dans une diversit\u00e9 d\u2019applications, \u00e0 travers le monde, pour mesurer l\u2019humidit\u00e9 ou le degr\u00e9 Brix de mat\u00e9riaux fluides. Certains exemples proc\u00e9d\u00e9s typiques qui n\u00e9cessitent la mesure de l\u2019humidit\u00e9 \u00e0 l\u2019aide de sondes Hydronix&nbsp;: [&#8230;]<\/p>\n<p><a class=\"btn btn-secondary understrap-read-more-link\" href=\"https:\/\/www.hydronix.com\/fr\/procedes\/\">Lire la suite\u2026<span class=\"screen-reader-text\"> from Proc\u00e9d\u00e9s<\/span><\/a><\/p>\n","protected":false},"author":1,"featured_media":15758,"parent":0,"menu_order":89,"comment_status":"closed","ping_status":"closed","template":"","meta":{"_acf_changed":false,"content-type":"","inline_featured_image":false,"footnotes":""},"industries":[],"process":[],"class_list":["post-165","page","type-page","status-publish","has-post-thumbnail","hentry"],"acf":[],"yoast_head":"<!-- This site is optimized with the Yoast SEO plugin v27.1.1 - https:\/\/yoast.com\/product\/yoast-seo-wordpress\/ -->\n<title>Proc\u00e9d\u00e9s - Hydronix<\/title>\n<meta name=\"robots\" content=\"index, follow, max-snippet:-1, max-image-preview:large, max-video-preview:-1\" \/>\n<link rel=\"canonical\" href=\"https:\/\/www.hydronix.com\/fr\/procedes\/\" \/>\n<meta property=\"og:locale\" content=\"fr_FR\" \/>\n<meta property=\"og:type\" content=\"article\" \/>\n<meta property=\"og:title\" content=\"Proc\u00e9d\u00e9s - Hydronix\" \/>\n<meta property=\"og:description\" content=\"Les sondes de mesure de l\u2019humidit\u00e9 \u00e0 micro-ondes d\u2019Hydronix sont utilis\u00e9es dans une diversit\u00e9 d\u2019applications, \u00e0 travers le monde, pour mesurer l\u2019humidit\u00e9 ou le degr\u00e9 Brix de mat\u00e9riaux fluides. Certains exemples proc\u00e9d\u00e9s typiques qui n\u00e9cessitent la mesure de l\u2019humidit\u00e9 \u00e0 l\u2019aide de sondes Hydronix&nbsp;: [...]Lire la suite\u2026 from Proc\u00e9d\u00e9s\" \/>\n<meta property=\"og:url\" content=\"https:\/\/www.hydronix.com\/fr\/procedes\/\" \/>\n<meta property=\"og:site_name\" content=\"Hydronix\" \/>\n<meta property=\"article:modified_time\" content=\"2023-06-16T14:26:24+00:00\" \/>\n<meta property=\"og:image\" content=\"https:\/\/www.hydronix.com\/wp-content\/uploads\/2023\/04\/shutterstock_2200597295-processes-scaled.jpg\" \/>\n\t<meta property=\"og:image:width\" content=\"2560\" \/>\n\t<meta property=\"og:image:height\" content=\"1241\" \/>\n\t<meta property=\"og:image:type\" content=\"image\/jpeg\" \/>\n<meta name=\"twitter:card\" content=\"summary_large_image\" \/>\n<meta name=\"twitter:label1\" content=\"Dur\u00e9e de lecture estim\u00e9e\" \/>\n\t<meta name=\"twitter:data1\" content=\"1 minute\" \/>\n<script type=\"application\/ld+json\" class=\"yoast-schema-graph\">{\"@context\":\"https:\/\/schema.org\",\"@graph\":[{\"@type\":\"WebPage\",\"@id\":\"https:\/\/www.hydronix.com\/fr\/procedes\/\",\"url\":\"https:\/\/www.hydronix.com\/fr\/procedes\/\",\"name\":\"Proc\u00e9d\u00e9s - Hydronix\",\"isPartOf\":{\"@id\":\"https:\/\/www.hydronix.com\/fr\/#website\"},\"primaryImageOfPage\":{\"@id\":\"https:\/\/www.hydronix.com\/fr\/procedes\/#primaryimage\"},\"image\":{\"@id\":\"https:\/\/www.hydronix.com\/fr\/procedes\/#primaryimage\"},\"thumbnailUrl\":\"https:\/\/www.hydronix.com\/wp-content\/uploads\/2023\/04\/shutterstock_2200597295-processes-scaled.jpg\",\"datePublished\":\"2022-09-12T14:48:56+00:00\",\"dateModified\":\"2023-06-16T14:26:24+00:00\",\"breadcrumb\":{\"@id\":\"https:\/\/www.hydronix.com\/fr\/procedes\/#breadcrumb\"},\"inLanguage\":\"fr-FR\",\"potentialAction\":[{\"@type\":\"ReadAction\",\"target\":[\"https:\/\/www.hydronix.com\/fr\/procedes\/\"]}]},{\"@type\":\"ImageObject\",\"inLanguage\":\"fr-FR\",\"@id\":\"https:\/\/www.hydronix.com\/fr\/procedes\/#primaryimage\",\"url\":\"https:\/\/www.hydronix.com\/wp-content\/uploads\/2023\/04\/shutterstock_2200597295-processes-scaled.jpg\",\"contentUrl\":\"https:\/\/www.hydronix.com\/wp-content\/uploads\/2023\/04\/shutterstock_2200597295-processes-scaled.jpg\",\"width\":2560,\"height\":1241,\"caption\":\"Proc\u00e9d\u00e9s Hydronix\"},{\"@type\":\"BreadcrumbList\",\"@id\":\"https:\/\/www.hydronix.com\/fr\/procedes\/#breadcrumb\",\"itemListElement\":[{\"@type\":\"ListItem\",\"position\":1,\"name\":\"Accueil\",\"item\":\"https:\/\/www.hydronix.com\/fr\/\"},{\"@type\":\"ListItem\",\"position\":2,\"name\":\"Proc\u00e9d\u00e9s\"}]},{\"@type\":\"WebSite\",\"@id\":\"https:\/\/www.hydronix.com\/fr\/#website\",\"url\":\"https:\/\/www.hydronix.com\/fr\/\",\"name\":\"Hydronix\",\"description\":\"Your partner in moisture measurement\",\"potentialAction\":[{\"@type\":\"SearchAction\",\"target\":{\"@type\":\"EntryPoint\",\"urlTemplate\":\"https:\/\/www.hydronix.com\/fr\/?s={search_term_string}\"},\"query-input\":{\"@type\":\"PropertyValueSpecification\",\"valueRequired\":true,\"valueName\":\"search_term_string\"}}],\"inLanguage\":\"fr-FR\"}]}<\/script>\n<!-- \/ Yoast SEO plugin. -->","yoast_head_json":{"title":"Proc\u00e9d\u00e9s - Hydronix","robots":{"index":"index","follow":"follow","max-snippet":"max-snippet:-1","max-image-preview":"max-image-preview:large","max-video-preview":"max-video-preview:-1"},"canonical":"https:\/\/www.hydronix.com\/fr\/procedes\/","og_locale":"fr_FR","og_type":"article","og_title":"Proc\u00e9d\u00e9s - Hydronix","og_description":"Les sondes de mesure de l\u2019humidit\u00e9 \u00e0 micro-ondes d\u2019Hydronix sont utilis\u00e9es dans une diversit\u00e9 d\u2019applications, \u00e0 travers le monde, pour mesurer l\u2019humidit\u00e9 ou le degr\u00e9 Brix de mat\u00e9riaux fluides. Certains exemples proc\u00e9d\u00e9s typiques qui n\u00e9cessitent la mesure de l\u2019humidit\u00e9 \u00e0 l\u2019aide de sondes Hydronix&nbsp;: [...]Lire la suite\u2026 from Proc\u00e9d\u00e9s","og_url":"https:\/\/www.hydronix.com\/fr\/procedes\/","og_site_name":"Hydronix","article_modified_time":"2023-06-16T14:26:24+00:00","og_image":[{"width":2560,"height":1241,"url":"https:\/\/www.hydronix.com\/wp-content\/uploads\/2023\/04\/shutterstock_2200597295-processes-scaled.jpg","type":"image\/jpeg"}],"twitter_card":"summary_large_image","twitter_misc":{"Dur\u00e9e de lecture estim\u00e9e":"1 minute"},"schema":{"@context":"https:\/\/schema.org","@graph":[{"@type":"WebPage","@id":"https:\/\/www.hydronix.com\/fr\/procedes\/","url":"https:\/\/www.hydronix.com\/fr\/procedes\/","name":"Proc\u00e9d\u00e9s - Hydronix","isPartOf":{"@id":"https:\/\/www.hydronix.com\/fr\/#website"},"primaryImageOfPage":{"@id":"https:\/\/www.hydronix.com\/fr\/procedes\/#primaryimage"},"image":{"@id":"https:\/\/www.hydronix.com\/fr\/procedes\/#primaryimage"},"thumbnailUrl":"https:\/\/www.hydronix.com\/wp-content\/uploads\/2023\/04\/shutterstock_2200597295-processes-scaled.jpg","datePublished":"2022-09-12T14:48:56+00:00","dateModified":"2023-06-16T14:26:24+00:00","breadcrumb":{"@id":"https:\/\/www.hydronix.com\/fr\/procedes\/#breadcrumb"},"inLanguage":"fr-FR","potentialAction":[{"@type":"ReadAction","target":["https:\/\/www.hydronix.com\/fr\/procedes\/"]}]},{"@type":"ImageObject","inLanguage":"fr-FR","@id":"https:\/\/www.hydronix.com\/fr\/procedes\/#primaryimage","url":"https:\/\/www.hydronix.com\/wp-content\/uploads\/2023\/04\/shutterstock_2200597295-processes-scaled.jpg","contentUrl":"https:\/\/www.hydronix.com\/wp-content\/uploads\/2023\/04\/shutterstock_2200597295-processes-scaled.jpg","width":2560,"height":1241,"caption":"Proc\u00e9d\u00e9s Hydronix"},{"@type":"BreadcrumbList","@id":"https:\/\/www.hydronix.com\/fr\/procedes\/#breadcrumb","itemListElement":[{"@type":"ListItem","position":1,"name":"Accueil","item":"https:\/\/www.hydronix.com\/fr\/"},{"@type":"ListItem","position":2,"name":"Proc\u00e9d\u00e9s"}]},{"@type":"WebSite","@id":"https:\/\/www.hydronix.com\/fr\/#website","url":"https:\/\/www.hydronix.com\/fr\/","name":"Hydronix","description":"Your partner in moisture measurement","potentialAction":[{"@type":"SearchAction","target":{"@type":"EntryPoint","urlTemplate":"https:\/\/www.hydronix.com\/fr\/?s={search_term_string}"},"query-input":{"@type":"PropertyValueSpecification","valueRequired":true,"valueName":"search_term_string"}}],"inLanguage":"fr-FR"}]}},"_links":{"self":[{"href":"https:\/\/www.hydronix.com\/fr\/wp-json\/wp\/v2\/pages\/165","targetHints":{"allow":["GET"]}}],"collection":[{"href":"https:\/\/www.hydronix.com\/fr\/wp-json\/wp\/v2\/pages"}],"about":[{"href":"https:\/\/www.hydronix.com\/fr\/wp-json\/wp\/v2\/types\/page"}],"author":[{"embeddable":true,"href":"https:\/\/www.hydronix.com\/fr\/wp-json\/wp\/v2\/users\/1"}],"replies":[{"embeddable":true,"href":"https:\/\/www.hydronix.com\/fr\/wp-json\/wp\/v2\/comments?post=165"}],"version-history":[{"count":0,"href":"https:\/\/www.hydronix.com\/fr\/wp-json\/wp\/v2\/pages\/165\/revisions"}],"wp:featuredmedia":[{"embeddable":true,"href":"https:\/\/www.hydronix.com\/fr\/wp-json\/wp\/v2\/media\/15758"}],"wp:attachment":[{"href":"https:\/\/www.hydronix.com\/fr\/wp-json\/wp\/v2\/media?parent=165"}],"wp:term":[{"taxonomy":"industries","embeddable":true,"href":"https:\/\/www.hydronix.com\/fr\/wp-json\/wp\/v2\/industries?post=165"},{"taxonomy":"process","embeddable":true,"href":"https:\/\/www.hydronix.com\/fr\/wp-json\/wp\/v2\/process?post=165"}],"curies":[{"name":"wp","href":"https:\/\/api.w.org\/{rel}","templated":true}]}}