{"id":15806,"date":"2022-09-21T14:41:40","date_gmt":"2022-09-21T14:41:40","guid":{"rendered":"https:\/\/hydronix.chilliservers.co.uk\/traitement-du-paiement-gbp\/"},"modified":"2023-06-08T13:53:15","modified_gmt":"2023-06-08T13:53:15","slug":"traitement-du-paiement-gbp","status":"publish","type":"page","link":"https:\/\/www.hydronix.com\/fr\/traitement-du-paiement-gbp\/","title":{"rendered":"Traitement du paiement &#8211; GBP"},"content":{"rendered":"<div class=\"wp-block-image\">\n<figure class=\"alignright size-large\"><img decoding=\"async\" src=\"\/wp-content\/themes\/cb-hydronix\/img\/poweredByWorldPay.gif\" alt=\"\"\/><\/figure><\/div>    <div class=\"container-xl\">\n\t\t\n<p class=\"mb-5\"><strong>Veuillez remplir toutes les informations pertinentes et confirmer votre commande, et ensuite appuyer sur le bouton Envoyer. Ceci vous m\u00e8nera \u00e0 la partie Worldpay de notre site, o\u00f9 vous serez invit\u00e9 \u00e0 saisir le num\u00e9ro de votre carte et \u00e0 v\u00e9rifier que vos coordonn\u00e9es sont correctes. Vous serez ensuite transf\u00e9r\u00e9 vers une page de v\u00e9rification de carte pour terminer la transaction.<\/strong><\/p>\n    <\/div>\n    \n<form name=\"worldpay\" action=\"https:\/\/secure.worldpay.com\/wcc\/purchase\" method=\"post\" class=\"needs-validation col-md-6\" role=\"form\" data-hs-cf-bound=\"true\" novalidate=\"\">\n    <!--<input type=hidden value=10 name=testMode>-->\n    <input type=\"hidden\" name=\"instId\" value=\"97573\"\/><input type=\"hidden\" name=\"cartId\" value=\"Hydronix Order\"\/><input type=\"hidden\" name=\"currency\" value=\"GBP\"\/><input type=\"hidden\" name=\"hideCurrency\"\/><!-- <input type=\"hidden\" name=\"MC_CompanyName\" value=\"Company Name\" \/>\n        <input type=\"hidden\" name=\"MC_contactname\" value=\"Contact Name at Delivery Address\" \/>\n        <input type=\"hidden\" name=\"MC_deliveryCompanyName\" value=\"Deliver to\" \/>\n        <input type=\"hidden\" name=\"MC_deladdress\" value=\"Delivery Address\" \/>\n        <input type=\"hidden\" name=\"MC_orderId\" value=\"Order or RMA Number\" \/>\n        <input type=\"hidden\" name=\"MC_desc\" value=\"Order Details\" \/>\n    --><h3>Coordonn\u00e9es du titulaire de carte<\/h3>\n    <p><em>Veuillez remplir TOUS les champs identifi\u00e9s par *.<\/em><\/p>\n\n    <div class=\"form-group mb-2\">\n        <label for=\"name\" class=\"form-label\"> Nom\u00a0:*<\/label>\n        <input maxlength=\"100\" size=\"40\" name=\"name\" class=\"form-control\" required=\"\"\/><div class=\"invalid-feedback\">ERREUR\u00a0: obligatoire<\/div>\n    <\/div>\n    \n    <div class=\"form-group mb-2\">\n        <label for=\"MC_CompanyName\" class=\"form-label\">Nom de la soci\u00e9t\u00e9\u00a0:*<\/label>\n        <input maxlength=\"100\" size=\"40\" name=\"MC_CompanyName\" class=\"form-control\" required=\"\"\/><div class=\"invalid-feedback\">ERREUR\u00a0: obligatoire<\/div>\n    <\/div>\n    \n    <div class=\"form-group mb-2\">\n        <label for=\"address\" class=\"form-label\">Adresse de facturation pour la carte\u00a0:*<\/label>\n        <textarea name=\"address\" rows=\"3\" wrap=\"virtual\" cols=\"40\" class=\"form-control\" required=\"\"><\/textarea><div class=\"invalid-feedback\">ERREUR\u00a0: obligatoire<\/div>\n    <\/div>\n    \n    <div class=\"form-group mb-2\">\n        <label for=\"postcode\" class=\"form-label\">Code postal\u00a0:*<\/label>\n        <input maxlength=\"100\" size=\"40\" name=\"postcode\" class=\"form-control\" required=\"\"\/><div class=\"invalid-feedback\">ERREUR\u00a0: obligatoire<\/div>\n    <\/div>\n\n    <div class=\"form-group mb-2\">\n        <label for=\"country\" class=\"form-label\">Pays\u00a0:* <\/label>\n            <select name=\"country\" class=\"form-select inputSize1\" required=\"\"><option value=\"\" selected=\"selected\">S\u00e9lectionnez le pays<\/option><option value=\"\">&#8212;&#8211;<\/option><option value=\"CA\">Canada<\/option><option value=\"US\">\u00c9tats-Unis<\/option><option value=\"GB\">Royaume-Uni<\/option><option value=\"\">&#8212;&#8211;<\/option><option value=\"AF\">Afghanistan<\/option><option value=\"AL\">Albanie<\/option><option value=\"DZ\">Alg\u00e9rie<\/option><option value=\"AS\">Samoa am\u00e9ricaines<\/option><option value=\"AD\">Andorre<\/option><option value=\"AO\">Angola<\/option><option value=\"AI\">Anguilla<\/option><option value=\"AQ\">Antarctique<\/option><option value=\"AG\">Antigua et Barbuda<\/option><option value=\"AR\">Argentine<\/option><option value=\"AM\">Arm\u00e9nie<\/option><option value=\"AW\">Aruba<\/option><option value=\"AU\">Australie<\/option><option value=\"AT\">Autriche<\/option><option value=\"AZ\">Azerba\u00efdjan<\/option><option value=\"BS\">Bahamas<\/option><option value=\"BH\">Bahre\u00efn<\/option><option value=\"BD\">Bangladesh<\/option><option value=\"BB\">Barbade<\/option><option value=\"BY\">B\u00e9larus<\/option><option value=\"BE\">Belgique<\/option><option value=\"BZ\">B\u00e9lize<\/option><option value=\"BJ\">B\u00e9nin<\/option><option value=\"BM\">Bermudes<\/option><option value=\"BT\">Bhoutan<\/option><option value=\"BO\">Bolivie<\/option><option value=\"BA\">Bosnie-Herz\u00e9govine<\/option><option value=\"BW\">Botswana<\/option><option value=\"BV\">\u00cele Bouvet<\/option><option value=\"BR\">Br\u00e9sil<\/option><option value=\"IO\">Territoire britannique de l\u2019Oc\u00e9an Indien<\/option><option value=\"BN\">Brunei Darussalam<\/option><option value=\"BG\">Bulgarie<\/option><option value=\"BF\">Burkina Faso<\/option><option value=\"BI\">Burundi<\/option><option value=\"CM\">Cameroun<\/option><option value=\"CA\">Canada<\/option><option value=\"CV\">Cap vert<\/option><option value=\"KY\">\u00celes Ca\u00efmans<\/option><option value=\"CF\">R\u00e9publique centrafricaine<\/option><option value=\"TD\">Tchad<\/option><option value=\"CL\">Chili<\/option><option value=\"CN\">Chine<\/option><option value=\"CX\">\u00cele Christmas<\/option><option value=\"CC\">\u00celes Cocos (Keeling)<\/option><option value=\"CO\">Colombie<\/option><option value=\"KM\">Comores<\/option><option value=\"CG\">Congo<\/option><option value=\"CK\">\u00celes Cook<\/option><option value=\"CR\">Costa Rica<\/option><option value=\"CI\">C\u00f4te d\u2019Ivoire<\/option><option value=\"CU\">Cuba<\/option><option value=\"CY\">Chypre<\/option><option value=\"CZ\">R\u00e9publique tch\u00e8que<\/option><option value=\"DK\">Danemark<\/option><option value=\"DJ\">Djibouti<\/option><option value=\"DM\">Dominique<\/option><option value=\"DO\">R\u00e9publique dominicaine<\/option><option value=\"EC\">Equateur<\/option><option value=\"EG\">Egypte<\/option><option value=\"SV\">El Salvador<\/option><option value=\"GQ\">Guin\u00e9e \u00e9quatoriale<\/option><option value=\"ER\">Erythr\u00e9e<\/option><option value=\"EE\">Estonie<\/option><option value=\"ET\">Ethiopie<\/option><option value=\"FK\">\u00celes Malouines<\/option><option value=\"FO\">\u00celes F\u00e9ro\u00e9<\/option><option value=\"FJ\">Fidji<\/option><option value=\"FI\">Finlande<\/option><option value=\"FR\">France<\/option><option value=\"GF\">Guyane fran\u00e7aise<\/option><option value=\"PF\">Polyn\u00e9sie fran\u00e7aise<\/option><option value=\"TF\">Terres australes fran\u00e7aises<\/option><option value=\"GA\">Gabon<\/option><option value=\"GM\">Gambie<\/option><option value=\"GE\">G\u00e9orgie<\/option><option value=\"DE\">Allemagne<\/option><option value=\"GH\">Ghana<\/option><option value=\"GI\">Gibraltar<\/option><option value=\"GR\">Gr\u00e8ce<\/option><option value=\"GR\">Gro\u00ebnland<\/option><option value=\"GD\">Grenade<\/option><option value=\"GP\">Guadeloupe<\/option><option value=\"GU\">Guam<\/option><option value=\"GT\">Guatemala<\/option><option value=\"GG\">Guernesey<\/option><option value=\"GN\">Guin\u00e9e<\/option><option value=\"GW\">Guin\u00e9e-Bissau<\/option><option value=\"GY\">Guyane<\/option><option value=\"HT\">Ha\u00efti<\/option><option value=\"HM\">\u00celes Heard et Mc Donald<\/option><option value=\"HN\">Honduras<\/option><option value=\"HK\">Hong Kong<\/option><option value=\"HU\">Hongrie<\/option><option value=\"IS\">Islande<\/option><option value=\"IN\">Inde<\/option><option value=\"ID\">Indon\u00e9sie<\/option><option value=\"IR\">Iran<\/option><option value=\"IQ\">Irak<\/option><option value=\"IE\">Irlande<\/option><option value=\"IM\">\u00cele de Man<\/option><option value=\"IL\">Isra\u00ebl<\/option><option value=\"IT\">Italie<\/option><option value=\"JM\">Jama\u00efque<\/option><option value=\"JP\">Japon<\/option><option value=\"JE\">Jersey<\/option><option value=\"JO\">Jordanie<\/option><option value=\"KZ\">Kazakhstan<\/option><option value=\"KE\">Kenya<\/option><option value=\"KI\">Kiribati<\/option><option value=\"KP\">R\u00e9publique populaire d\u00e9mocratique de Cor\u00e9e<\/option><option value=\"KR\">R\u00e9publique de Cor\u00e9e<\/option><option value=\"KW\">Kowe\u00eft<\/option><option value=\"KG\">Kirghizistan<\/option><option value=\"LA\">R\u00e9publique populaire d\u00e9mocratique du Laos<\/option><option value=\"LV\">Lettonie<\/option><option value=\"LB\">Liban<\/option><option value=\"LS\">Lesotho<\/option><option value=\"LR\">Liberia<\/option><option value=\"LY\">Jamahiriya arabe libyenne<\/option><option value=\"LI\">Liechtenstein<\/option><option value=\"LT\">Lituanie<\/option><option value=\"LU\">Luxembourg<\/option><option value=\"MO\">Macau<\/option><option value=\"MK\">Mac\u00e9doine<\/option><option value=\"MG\">Madagascar<\/option><option value=\"MW\">Malawi<\/option><option value=\"MY\">Malaisie<\/option><option value=\"MV\">Maldives<\/option><option value=\"ML\">Mali<\/option><option value=\"MT\">Malte<\/option><option value=\"MH\">\u00celes Marshall<\/option><option value=\"MQ\">Martinique<\/option><option value=\"MR\">Mauritanie<\/option><option value=\"MU\">\u00cele Maurice<\/option><option value=\"YT\">Mayotte<\/option><option value=\"MX\">Mexique<\/option><option value=\"FM\">Micron\u00e9sie<\/option><option value=\"MD\">Moldavie<\/option><option value=\"MC\">Monaco<\/option><option value=\"MN\">Mongolie<\/option><option value=\"ME\">Mont\u00e9n\u00e9gro<\/option><option value=\"MS\">Montserrat<\/option><option value=\"MA\">Maroc<\/option><option value=\"MZ\">Mozambique<\/option><option value=\"MM\">Myanmar<\/option><option value=\"NA\">Namibie<\/option><option value=\"NR\">Nauru<\/option><option value=\"NP\">N\u00e9pal<\/option><option value=\"NL\">Pays-Bas<\/option><option value=\"AN\">Antilles n\u00e9erlandaises<\/option><option value=\"NC\">Nouvelle-Cal\u00e9donie<\/option><option value=\"NZ\">Nouvelle-Z\u00e9lande<\/option><option value=\"NI\">Nicaragua<\/option><option value=\"NE\">Niger<\/option><option value=\"NG\">Nig\u00e9ria<\/option><option value=\"NU\">Niue<\/option><option value=\"NF\">\u00cele Norfolk<\/option><option value=\"MN\">\u00celes Mariannes du Nord<\/option><option value=\"NO\">Norv\u00e8ge<\/option><option value=\"OM\">Oman<\/option><option value=\"PK\">Pakistan<\/option><option value=\"PW\">Palau<\/option><option value=\"PS\">Palestine<\/option><option value=\"PA\">Panama<\/option><option value=\"PG\">Papouasie-Nouvelle-Guin\u00e9e<\/option><option value=\"PY\">Paraguay<\/option><option value=\"PE\">P\u00e9rou<\/option><option value=\"PH\">Philippines<\/option><option value=\"PN\">\u00cele Pitcairn<\/option><option value=\"PL\">Pologne<\/option><option value=\"PT\">Portugal<\/option><option value=\"PR\">Puerto Rico<\/option><option value=\"QA\">Qatar<\/option><option value=\"RE\">R\u00e9union<\/option><option value=\"RO\">Roumanie<\/option><option value=\"RU\">F\u00e9d\u00e9ration russe<\/option><option value=\"RW\">Rwanda<\/option><option value=\"SH\">Ste H\u00e9l\u00e8ne<\/option><option value=\"KN\">Saint-Kitts-et-Nevis<\/option><option value=\"LC\">Ste Lucie<\/option><option value=\"PM\">St. Pierre et Miquelon<\/option><option value=\"VC\">Saint Vincent et les Grenadines<\/option><option value=\"WS\">Samoa<\/option><option value=\"SM\">San Marino<\/option><option value=\"ST\">Sao Tom\u00e9-et-Principe<\/option><option value=\"SA\">Arabie saoudite<\/option><option value=\"SN\">S\u00e9n\u00e9gal<\/option><option value=\"RS\">Serbie<\/option><option value=\"SC\">Seychelles<\/option><option value=\"SL\">Sierra Leone<\/option><option value=\"SG\">Singapour<\/option><option value=\"SK\">Slovaquie<\/option><option value=\"SI\">Slov\u00e9nie<\/option><option value=\"SB\">\u00celes Salomon<\/option><option value=\"SO\">Somalie<\/option><option value=\"ZA\">Afrique du Sud<\/option><option value=\"ES\">Espagne<\/option><option value=\"LK\">Sri Lanka<\/option><option value=\"SD\">Soudan<\/option><option value=\"SR\">Surinam<\/option><option value=\"SJ\">Svalbard et \u00cele Jan Mayen<\/option><option value=\"SZ\">Swaziland<\/option><option value=\"SE\">Su\u00e8de<\/option><option value=\"CH\">Suisse<\/option><option value=\"SY\">R\u00e9publique arabe syrienne<\/option><option value=\"TW\">Ta\u00efwan, province chinoise<\/option><option value=\"TJ\">Tadjikistan<\/option><option value=\"TZ\">R\u00e9publique unie de Tanzanie<\/option><option value=\"TH\">Tha\u00eflande<\/option><option value=\"TG\">Togo<\/option><option value=\"TK\">Tokelau<\/option><option value=\"TO\">Tonga<\/option><option value=\"TT\">Trinit\u00e9 et Tobago<\/option><option value=\"TN\">Tunisie<\/option><option value=\"TR\">Turquie<\/option><option value=\"TM\">Turkmenistan<\/option><option value=\"TC\">\u00celes Turques-et-Ca\u00efques<\/option><option value=\"TV\">Tuvalu<\/option><option value=\"UG\">Ouganda<\/option><option value=\"UA\">Ukraine<\/option><option value=\"AE\">\u00c9mirats arabes unis<\/option><option value=\"GB\">Royaume-Uni<\/option><option value=\"US\">\u00c9tats-Unis<\/option><option value=\"UM\">\u00celes mineures \u00e9loign\u00e9es des \u00c9tats-Unis<\/option><option value=\"UY\">Uruguay<\/option><option value=\"UZ\">Ouzb\u00e9kistan<\/option><option value=\"VU\">Vanuatu<\/option><option value=\"VE\">Venezuela<\/option><option value=\"VN\">Vietnam<\/option><option value=\"VG\">\u00celes vierges (britanniques)<\/option><option value=\"VI\">\u00celes vierges (am\u00e9ricaines)<\/option><option value=\"WF\">Wallis-et-Futuna<\/option><option value=\"EH\">Sahara occidental<\/option><option value=\"YE\">Y\u00e9men<\/option><option value=\"ZM\">Zambie<\/option><option value=\"ZW\">Zimbabwe<\/option><\/select><div class=\"invalid-feedback\">ERREUR\u00a0: obligatoire<\/div>\n    <\/div>\n    \n    <div class=\"form-group mb-2\">\n        <label for=\"tel\" class=\"form-label\"> N\u00b0 de t\u00e9l\u00e9phone* <\/label>\n        <input name=\"tel\" size=\"40\" maxlength=\"30\" class=\"form-control\" required=\"\"\/><div class=\"invalid-feedback\">ERREUR\u00a0: obligatoire<\/div>\n    <\/div>\n    \n    <div class=\"form-group mb-4\">\n        <label for=\"email\" class=\"form-label\">Adresse e-mail\u00a0:*<\/label>\n        <input type=\"email\" maxlength=\"100\" size=\"40\" name=\"email\" class=\"form-control\" required=\"\"\/><div class=\"invalid-feedback\">ERREUR\u00a0: cette adresse e-mail n\u2019est pas valide<\/div>\n    <\/div>\n\n    <h3>Coordonn\u00e9es d\u2019exp\u00e9dition <\/h3>\n    <p><em>Remplir uniquement si diff\u00e9rentes des coordonn\u00e9es du titulaire de carte.<\/em><\/p>\n\n    <div class=\"form-group mb-2\">\n    <label for=\"MC_contactname\" class=\"form-label\"> Personne \u00e0 contacter\u00a0:<\/label>\n        <input maxlength=\"100\" size=\"40\" name=\"MC_contactname\" class=\"form-control\"\/><\/div>\n        \n    <div class=\"form-group mb-2\">\n    <label for=\"MC_deliveryCompanyName\" class=\"form-label\">Nom de la soci\u00e9t\u00e9\u00a0:<\/label>\n        <input maxlength=\"100\" size=\"40\" name=\"MC_deliveryCompanyName\" class=\"form-control\"\/><\/div>\n    \n    <div class=\"form-group mb-4\">\n    <label for=\"MC_deladdress\" class=\"form-label\">Adresse de livraison\u00a0:<\/label>\n        <textarea name=\"MC_deladdress\" rows=\"3\" wrap=\"virtual\" cols=\"40\" class=\"form-control\"><\/textarea><\/div>\n\n\n    <h3>Coordonn\u00e9es de la commande <\/h3>\n\n    <div class=\"form-group mb-2\">\n        <label for=\"MC_orderId\" class=\"form-label\"> N\u00b0 de commande ou n\u00b0 RMA\u00a0:*<\/label>\n        <input maxlength=\"40\" size=\"40\" name=\"MC_orderId\" width=\"100\" class=\"form-control\" required=\"\"\/><div class=\"invalid-feedback\">ERREUR\u00a0: obligatoire<\/div>\n    <\/div>\n    \n    \n    <div class=\"form-group mb-2\">\n        <label for=\"MC_desc\" class=\"form-label\">Description de la commande\u00a0:*<br\/> \n        &#8211; inclure les descriptions de produits, les num\u00e9ros de r\u00e9f\u00e9rence et les num\u00e9ros de s\u00e9rie, s\u2019ils sont connus<\/label>\n        <textarea name=\"MC_desc\" rows=\"3\" wrap=\"virtual\" cols=\"40\" class=\"form-control\" required=\"\"><\/textarea><div class=\"invalid-feedback\">ERREUR\u00a0: obligatoire<\/div>\n    <\/div>\n    \n    <div class=\"form-group mb-4\">\n        <label for=\"amount\" class=\"form-label\">Montant total GBP\u00a0:*<\/label>\n        <input name=\"amount\" type=\"number\" size=\"10\" width=\"100\" maxlength=\"100\" class=\"form-control\" required=\"\" min=\"0\" step=\"any\"\/><div class=\"invalid-feedback\">ERREUR\u00a0: obligatoire<\/div>\n    <\/div>\n    \n    \n    <div class=\"form-group mb-2\">\n        <input type=\"submit\" name=\"Submit\" class=\"btn btn-primary\" value=\"Envoyer\" aria-describedby=\"helpBlockSubmit\"\/><\/div>\n    <span id=\"helpBlockSubmit\" class=\"help-block\"><em>Les remboursements seront effectu\u00e9s \u00e0 la discr\u00e9tion de la direction d\u2019Hydronix<\/em><\/span>\n\n<\/form>\n\n<script>\n        \/\/ Example starter JavaScript for disabling form submissions if there are invalid fields\n(function () {\n  'use strict'\n\n  \/\/ Fetch all the forms we want to apply custom Bootstrap validation styles to\n  var forms = document.querySelectorAll('.needs-validation')\n\n  \/\/ Loop over them and prevent submission\n  Array.prototype.slice.call(forms)\n    .forEach(function (form) {\n      form.addEventListener('submit', function (event) {\n        if (!form.checkValidity()) {\n          event.preventDefault()\n          event.stopPropagation()\n        }\n\n        form.classList.add('was-validated')\n      }, false)\n    })\n})()\n<\/script>","protected":false},"excerpt":{"rendered":"<p>Veuillez remplir toutes les informations pertinentes et confirmer votre commande, et ensuite appuyer sur le bouton Envoyer. Ceci vous m\u00e8nera \u00e0 la partie Worldpay de notre site, o\u00f9 vous serez invit\u00e9 \u00e0 saisir le num\u00e9ro de votre carte et \u00e0 v\u00e9rifier que vos coordonn\u00e9es sont correctes. Vous serez ensuite transf\u00e9r\u00e9 vers une page de v\u00e9rification [&#8230;]<\/p>\n<p><a class=\"btn btn-secondary understrap-read-more-link\" href=\"https:\/\/www.hydronix.com\/fr\/traitement-du-paiement-gbp\/\">Lire la suite\u2026<span class=\"screen-reader-text\"> from Traitement du paiement &#8211; GBP<\/span><\/a><\/p>\n","protected":false},"author":1,"featured_media":0,"parent":0,"menu_order":435,"comment_status":"closed","ping_status":"closed","template":"page-templates\/fullwidthpage.php","meta":{"_acf_changed":false,"content-type":"","inline_featured_image":false,"footnotes":""},"industries":[],"process":[],"class_list":["post-15806","page","type-page","status-publish","hentry"],"acf":[],"yoast_head":"<!-- This site is optimized with the Yoast SEO plugin v27.1.1 - https:\/\/yoast.com\/product\/yoast-seo-wordpress\/ -->\n<title>Traitement du paiement - GBP - Hydronix<\/title>\n<meta name=\"robots\" content=\"index, follow, max-snippet:-1, max-image-preview:large, max-video-preview:-1\" \/>\n<link rel=\"canonical\" href=\"https:\/\/www.hydronix.com\/fr\/traitement-du-paiement-gbp\/\" \/>\n<meta property=\"og:locale\" content=\"fr_FR\" \/>\n<meta property=\"og:type\" content=\"article\" \/>\n<meta property=\"og:title\" content=\"Traitement du paiement - GBP - Hydronix\" \/>\n<meta property=\"og:description\" content=\"Veuillez remplir toutes les informations pertinentes et confirmer votre commande, et ensuite appuyer sur le bouton Envoyer. Ceci vous m\u00e8nera \u00e0 la partie Worldpay de notre site, o\u00f9 vous serez invit\u00e9 \u00e0 saisir le num\u00e9ro de votre carte et \u00e0 v\u00e9rifier que vos coordonn\u00e9es sont correctes. Vous serez ensuite transf\u00e9r\u00e9 vers une page de v\u00e9rification [...]Lire la suite\u2026 from Traitement du paiement &#8211; GBP\" \/>\n<meta property=\"og:url\" content=\"https:\/\/www.hydronix.com\/fr\/traitement-du-paiement-gbp\/\" \/>\n<meta property=\"og:site_name\" content=\"Hydronix\" \/>\n<meta property=\"article:modified_time\" content=\"2023-06-08T13:53:15+00:00\" \/>\n<meta name=\"twitter:card\" content=\"summary_large_image\" \/>\n<meta name=\"twitter:label1\" content=\"Dur\u00e9e de lecture estim\u00e9e\" \/>\n\t<meta name=\"twitter:data1\" content=\"2 minutes\" \/>\n<script type=\"application\/ld+json\" class=\"yoast-schema-graph\">{\"@context\":\"https:\/\/schema.org\",\"@graph\":[{\"@type\":\"WebPage\",\"@id\":\"https:\/\/www.hydronix.com\/fr\/traitement-du-paiement-gbp\/\",\"url\":\"https:\/\/www.hydronix.com\/fr\/traitement-du-paiement-gbp\/\",\"name\":\"Traitement du paiement - GBP - Hydronix\",\"isPartOf\":{\"@id\":\"https:\/\/www.hydronix.com\/fr\/#website\"},\"datePublished\":\"2022-09-21T14:41:40+00:00\",\"dateModified\":\"2023-06-08T13:53:15+00:00\",\"breadcrumb\":{\"@id\":\"https:\/\/www.hydronix.com\/fr\/traitement-du-paiement-gbp\/#breadcrumb\"},\"inLanguage\":\"fr-FR\",\"potentialAction\":[{\"@type\":\"ReadAction\",\"target\":[\"https:\/\/www.hydronix.com\/fr\/traitement-du-paiement-gbp\/\"]}]},{\"@type\":\"BreadcrumbList\",\"@id\":\"https:\/\/www.hydronix.com\/fr\/traitement-du-paiement-gbp\/#breadcrumb\",\"itemListElement\":[{\"@type\":\"ListItem\",\"position\":1,\"name\":\"Accueil\",\"item\":\"https:\/\/www.hydronix.com\/fr\/\"},{\"@type\":\"ListItem\",\"position\":2,\"name\":\"Traitement du paiement &#8211; GBP\"}]},{\"@type\":\"WebSite\",\"@id\":\"https:\/\/www.hydronix.com\/fr\/#website\",\"url\":\"https:\/\/www.hydronix.com\/fr\/\",\"name\":\"Hydronix\",\"description\":\"Your partner in moisture measurement\",\"potentialAction\":[{\"@type\":\"SearchAction\",\"target\":{\"@type\":\"EntryPoint\",\"urlTemplate\":\"https:\/\/www.hydronix.com\/fr\/?s={search_term_string}\"},\"query-input\":{\"@type\":\"PropertyValueSpecification\",\"valueRequired\":true,\"valueName\":\"search_term_string\"}}],\"inLanguage\":\"fr-FR\"}]}<\/script>\n<!-- \/ Yoast SEO plugin. -->","yoast_head_json":{"title":"Traitement du paiement - GBP - Hydronix","robots":{"index":"index","follow":"follow","max-snippet":"max-snippet:-1","max-image-preview":"max-image-preview:large","max-video-preview":"max-video-preview:-1"},"canonical":"https:\/\/www.hydronix.com\/fr\/traitement-du-paiement-gbp\/","og_locale":"fr_FR","og_type":"article","og_title":"Traitement du paiement - GBP - Hydronix","og_description":"Veuillez remplir toutes les informations pertinentes et confirmer votre commande, et ensuite appuyer sur le bouton Envoyer. Ceci vous m\u00e8nera \u00e0 la partie Worldpay de notre site, o\u00f9 vous serez invit\u00e9 \u00e0 saisir le num\u00e9ro de votre carte et \u00e0 v\u00e9rifier que vos coordonn\u00e9es sont correctes. Vous serez ensuite transf\u00e9r\u00e9 vers une page de v\u00e9rification [...]Lire la suite\u2026 from Traitement du paiement &#8211; GBP","og_url":"https:\/\/www.hydronix.com\/fr\/traitement-du-paiement-gbp\/","og_site_name":"Hydronix","article_modified_time":"2023-06-08T13:53:15+00:00","twitter_card":"summary_large_image","twitter_misc":{"Dur\u00e9e de lecture estim\u00e9e":"2 minutes"},"schema":{"@context":"https:\/\/schema.org","@graph":[{"@type":"WebPage","@id":"https:\/\/www.hydronix.com\/fr\/traitement-du-paiement-gbp\/","url":"https:\/\/www.hydronix.com\/fr\/traitement-du-paiement-gbp\/","name":"Traitement du paiement - GBP - Hydronix","isPartOf":{"@id":"https:\/\/www.hydronix.com\/fr\/#website"},"datePublished":"2022-09-21T14:41:40+00:00","dateModified":"2023-06-08T13:53:15+00:00","breadcrumb":{"@id":"https:\/\/www.hydronix.com\/fr\/traitement-du-paiement-gbp\/#breadcrumb"},"inLanguage":"fr-FR","potentialAction":[{"@type":"ReadAction","target":["https:\/\/www.hydronix.com\/fr\/traitement-du-paiement-gbp\/"]}]},{"@type":"BreadcrumbList","@id":"https:\/\/www.hydronix.com\/fr\/traitement-du-paiement-gbp\/#breadcrumb","itemListElement":[{"@type":"ListItem","position":1,"name":"Accueil","item":"https:\/\/www.hydronix.com\/fr\/"},{"@type":"ListItem","position":2,"name":"Traitement du paiement &#8211; GBP"}]},{"@type":"WebSite","@id":"https:\/\/www.hydronix.com\/fr\/#website","url":"https:\/\/www.hydronix.com\/fr\/","name":"Hydronix","description":"Your partner in moisture measurement","potentialAction":[{"@type":"SearchAction","target":{"@type":"EntryPoint","urlTemplate":"https:\/\/www.hydronix.com\/fr\/?s={search_term_string}"},"query-input":{"@type":"PropertyValueSpecification","valueRequired":true,"valueName":"search_term_string"}}],"inLanguage":"fr-FR"}]}},"_links":{"self":[{"href":"https:\/\/www.hydronix.com\/fr\/wp-json\/wp\/v2\/pages\/15806","targetHints":{"allow":["GET"]}}],"collection":[{"href":"https:\/\/www.hydronix.com\/fr\/wp-json\/wp\/v2\/pages"}],"about":[{"href":"https:\/\/www.hydronix.com\/fr\/wp-json\/wp\/v2\/types\/page"}],"author":[{"embeddable":true,"href":"https:\/\/www.hydronix.com\/fr\/wp-json\/wp\/v2\/users\/1"}],"replies":[{"embeddable":true,"href":"https:\/\/www.hydronix.com\/fr\/wp-json\/wp\/v2\/comments?post=15806"}],"version-history":[{"count":0,"href":"https:\/\/www.hydronix.com\/fr\/wp-json\/wp\/v2\/pages\/15806\/revisions"}],"wp:attachment":[{"href":"https:\/\/www.hydronix.com\/fr\/wp-json\/wp\/v2\/media?parent=15806"}],"wp:term":[{"taxonomy":"industries","embeddable":true,"href":"https:\/\/www.hydronix.com\/fr\/wp-json\/wp\/v2\/industries?post=15806"},{"taxonomy":"process","embeddable":true,"href":"https:\/\/www.hydronix.com\/fr\/wp-json\/wp\/v2\/process?post=15806"}],"curies":[{"name":"wp","href":"https:\/\/api.w.org\/{rel}","templated":true}]}}