{"id":15731,"date":"2022-09-12T10:14:34","date_gmt":"2022-09-12T10:14:34","guid":{"rendered":"https:\/\/hydronix.chilliservers.co.uk\/politique-de-confidentialite\/"},"modified":"2023-09-26T16:23:51","modified_gmt":"2023-09-26T16:23:51","slug":"politique-de-confidentialite","status":"publish","type":"page","link":"https:\/\/www.hydronix.com\/fr\/politique-de-confidentialite\/","title":{"rendered":"Politique de confidentialit\u00e9"},"content":{"rendered":"    <div class=\"container-xl\">\n\t\t\n<p>Bienvenue sur le site Web d\u2019Hydronix. Veuillez lire attentivement les informations suivantes car l\u2019utilisation de ce site Web signifie que vous acceptez de respecter les conditions g\u00e9n\u00e9rales indiqu\u00e9es ci-dessous et d\u2019\u00eatre li\u00e9 par celles-ci. Hydronix se r\u00e9serve le droit de modifier ou d\u2019actualiser ce site Web, ou les conditions g\u00e9n\u00e9rales suivantes, \u00e0 tout moment et sans pr\u00e9avis.<\/p>\n    <\/div>\n    \n\n    <div class=\"container-xl pt-4\" id=\"utilisation-du-site-web-et-droits-d-auteur\">\n        \n<h2 class=\"wp-block-heading\">Utilisation du site Web et droits d\u2019auteur<\/h2>\n    <\/div>\n    \n\n    <div class=\"container-xl\">\n\t\t\n<p>Toutes les informations contenues sur ce site Web appartiennent \u00e0 Hydronix et sont prot\u00e9g\u00e9es par des droits d\u2019auteur. Toute utilisation non autoris\u00e9e de ces informations peut constituer une infraction aux lois sur les droits d\u2019auteur, les marques de commerce ou \u00e0 tout autre loi. Les informations peuvent \u00eatre extraites ou copi\u00e9es \u00e0 des fins personnelles, mais l\u2019utilisateur doit conserver tous les droits d\u2019auteur et autres avis de propri\u00e9t\u00e9 qui font partie des donn\u00e9es d\u2019origine.<\/p>\n    <\/div>\n    \n\n    <div class=\"container-xl pt-4\" id=\"garanties-et-limitation-de-responsabilite\">\n        \n<h2 class=\"wp-block-heading\">Garanties et limitation de responsabilit\u00e9<\/h2>\n    <\/div>\n    \n\n    <div class=\"container-xl\">\n\t\t\n<p>Bien qu\u2019Hydronix fasse tous les efforts raisonnables pour s\u2019assurer que les informations figurant sur ce site Web sont exactes au moment de leur publication, les informations disponibles peuvent \u00e0 tout moment devenir incompl\u00e8tes, obsol\u00e8tes ou incorrectes et peuvent \u00eatre modifi\u00e9es sans avis pr\u00e9alable ni aucune autre obligation. La reconnaissance par les utilisateurs qu\u2019Hydronix ne saurait \u00eatre tenu responsable d\u2019une quelconque d\u00e9cision prise sur la foi des informations figurant sur ce site constitue une condition. Bien qu\u2019Hydronix fasse tout ce qui est en son pouvoir pour fournir un site Web sans interruption, sans d\u00e9lai, sans erreur, sans omission et sans virus, il ne peut malheureusement pas le garantir.<\/p>\n    <\/div>\n    \n\n    <div class=\"container-xl\">\n\t\t\n<p>Hydronix, ses filiales et ses directeurs respectifs, partenaires, responsables, employ\u00e9s, conseillers ou agents ne sont en aucun cas passibles de dommages-int\u00e9r\u00eats directs, indirects, accessoires, particuliers, exemplaires, punitifs ou autres, quels qu\u2019ils soient (y compris la responsabilit\u00e9 \u00e0 l\u2019\u00e9gard d\u2019une perte d\u2019utilisation, de donn\u00e9es ou de profits, sans exclure d\u2019autres responsabilit\u00e9s) qui seraient la cons\u00e9quence, d\u00e9couleraient ou seraient en relation avec le site Web Hydronix.<\/p>\n    <\/div>\n    \n\n    <div class=\"container-xl pt-4\" id=\"protection-des-donnees\">\n        \n<h2 class=\"wp-block-heading\">Protection des donn\u00e9es<\/h2>\n    <\/div>\n    \n\n    <div class=\"container-xl\">\n\t\t\n<p>Hydronix prend la protection des donn\u00e9es tr\u00e8s au s\u00e9rieux et prendra grand soin de toute information personnelle que vous pourriez fournir. \u00a0Vous trouverez des renseignements compl\u00e9mentaires sur les donn\u00e9es que nous recueillons et la fa\u00e7on dont nous les utilisons dans la section <a href=\"https:\/\/www.hydronix.com\/wp-content\/uploads\/2023\/09\/hd0807fr_1_1_0.pdf\">Confidentialit\u00e9 et Politique de protection des donn\u00e9es personnelles d\u2019Hydronix<\/a>.<\/p>\n    <\/div>\n    \n\n    <div class=\"container-xl pt-4\" id=\"cookies\">\n        \n<h2 class=\"wp-block-heading\">Cookies<\/h2>\n    <\/div>\n    \n\n    <div class=\"container-xl\">\n\t\t\n<p>Certaines des pages du site Internet de la soci\u00e9t\u00e9 Hydronix utilisent des cookies pour activer certaines fonctions. \u00a0Il s\u2019agit de petits fichiers qui sont plac\u00e9s sur votre ordinateur et qui sont supprim\u00e9s automatiquement \u00e0 la fin de votre visite. \u00a0Hydronix n\u2019enregistre pas de donn\u00e9es personnelles en provenance de ces cookies. Pour tous renseignements compl\u00e9mentaires sur les cookies et la fa\u00e7on dont nous les utilisons, veuillez consulter notre <a href=\"https:\/\/www.hydronix.com\/wp-content\/uploads\/2023\/09\/hd0806fr_1_2_0.pdf\">Politique sur les cookies<\/a>.<\/p>\n    <\/div>\n    \n\n    <div class=\"container-xl pt-4\" id=\"liens-vers-des-sites-web-tiers\">\n        \n<h2 class=\"wp-block-heading\">Liens vers des sites Web tiers<\/h2>\n    <\/div>\n    \n\n    <div class=\"container-xl\">\n\t\t\n<p>Hydronix n\u2019est pas responsable du contenu ni de la fiabilit\u00e9 des sites Web li\u00e9s et n\u2019est pas forc\u00e9ment d\u2019accord avec les points de vue qui y sont exprim\u00e9s. Les liens avec des tiers sont fournis \u00e0 titre de renseignement aux utilisateurs du site Web Hydronix. Hydronix ne contr\u00f4le pas et n\u2019est pas responsable des sites Web li\u00e9s ni de leur contenu.<\/p>\n    <\/div>\n    \n\n    <div class=\"container-xl pt-4\" id=\"suggestions-et-commentaires\">\n        \n<h2 class=\"wp-block-heading\">Suggestions et commentaires<\/h2>\n    <\/div>\n    \n\n    <div class=\"container-xl\">\n\t\t\n<p>Les commentaires, r\u00e9actions, informations ou documents envoy\u00e9s \u00e0 Hydronix via le site Web sont consid\u00e9r\u00e9s non confidentiels et sont la propri\u00e9t\u00e9 de Hydronix Limited. En soumettant des commentaires, des informations, des documents ou d\u2019autres r\u00e9actions, les utilisateurs acceptent de ne r\u00e9clamer aucun droit, titre, int\u00e9r\u00eat \u00e0 Hydronix Limited sur de telles donn\u00e9es qu\u2019Hydronix peut donc utiliser sans restriction. <\/p>\n    <\/div>\n    \n\n    <div class=\"container-xl pt-4\" id=\"legislation-applicable-et-tribunaux-competents\">\n        \n<h2 class=\"wp-block-heading\">L\u00e9gislation applicable et tribunaux comp\u00e9tents<\/h2>\n    <\/div>\n    \n\n    <div class=\"container-xl\">\n\t\t\n<p>Ces informations juridiques sont r\u00e9gies par le droit anglais.<\/p>\n    <\/div>\n    \n\n    <div class=\"container-xl pt-4\" id=\"contacts-juridiques\">\n        \n<h2 class=\"wp-block-heading\">Contacts juridiques<\/h2>\n    <\/div>\n    \n\n    <div class=\"container-xl\">\n\t\t\n<p>Si vous avez des questions concernant les conditions g\u00e9n\u00e9rales de ce site Web, contactez Hydronix par courrier ou par <a href=\"https:\/\/www.hydronix.com\/fr\/a-propos-dhydronix\/contactez-nous\/\">e-mail<\/a>.<\/p>\n    <\/div>\n    \n\n    <div class=\"container-xl pt-4\" id=\"siege-social\">\n        \n<h2 class=\"wp-block-heading\">Si\u00e8ge social<\/h2>\n    <\/div>\n    \n\n    <div class=\"container-xl\">\n\t\t\n<p>Hydronix Limited<br>Units 11-12 Henley Business Park<br>Pirbright Road<br>Normandy<br>Surrey<br>GU3 2DX<\/p>\n    <\/div>\n    \n\n    <div class=\"container-xl\">\n\t\t\n<p>Num\u00e9ro d\u2019immatriculation\u00a0: 01609365<\/p>\n    <\/div>\n    ","protected":false},"excerpt":{"rendered":"<p>Bienvenue sur le site Web d\u2019Hydronix. Veuillez lire attentivement les informations suivantes car l\u2019utilisation de ce site Web signifie que vous acceptez de respecter les conditions g\u00e9n\u00e9rales indiqu\u00e9es ci-dessous et d\u2019\u00eatre li\u00e9 par celles-ci. Hydronix se r\u00e9serve le droit de modifier ou d\u2019actualiser ce site Web, ou les conditions g\u00e9n\u00e9rales suivantes, \u00e0 tout moment et [&#8230;]<\/p>\n<p><a class=\"btn btn-secondary understrap-read-more-link\" href=\"https:\/\/www.hydronix.com\/fr\/politique-de-confidentialite\/\">Lire la suite\u2026<span class=\"screen-reader-text\"> from Politique de confidentialit\u00e9<\/span><\/a><\/p>\n","protected":false},"author":1,"featured_media":0,"parent":0,"menu_order":479,"comment_status":"closed","ping_status":"open","template":"page-templates\/fullwidthpage.php","meta":{"_acf_changed":false,"content-type":"","inline_featured_image":false,"footnotes":""},"industries":[],"process":[],"class_list":["post-15731","page","type-page","status-publish","hentry"],"acf":[],"yoast_head":"<!-- This site is optimized with the Yoast SEO plugin v27.1.1 - https:\/\/yoast.com\/product\/yoast-seo-wordpress\/ -->\n<title>Politique de confidentialit\u00e9 - Hydronix<\/title>\n<meta name=\"robots\" content=\"index, follow, max-snippet:-1, max-image-preview:large, max-video-preview:-1\" \/>\n<link rel=\"canonical\" href=\"https:\/\/www.hydronix.com\/fr\/politique-de-confidentialite\/\" \/>\n<meta property=\"og:locale\" content=\"fr_FR\" \/>\n<meta property=\"og:type\" content=\"article\" \/>\n<meta property=\"og:title\" content=\"Politique de confidentialit\u00e9 - Hydronix\" \/>\n<meta property=\"og:description\" content=\"Bienvenue sur le site Web d\u2019Hydronix. Veuillez lire attentivement les informations suivantes car l\u2019utilisation de ce site Web signifie que vous acceptez de respecter les conditions g\u00e9n\u00e9rales indiqu\u00e9es ci-dessous et d\u2019\u00eatre li\u00e9 par celles-ci. Hydronix se r\u00e9serve le droit de modifier ou d\u2019actualiser ce site Web, ou les conditions g\u00e9n\u00e9rales suivantes, \u00e0 tout moment et [...]Lire la suite\u2026 from Politique de confidentialit\u00e9\" \/>\n<meta property=\"og:url\" content=\"https:\/\/www.hydronix.com\/fr\/politique-de-confidentialite\/\" \/>\n<meta property=\"og:site_name\" content=\"Hydronix\" \/>\n<meta property=\"article:modified_time\" content=\"2023-09-26T16:23:51+00:00\" \/>\n<meta name=\"twitter:card\" content=\"summary_large_image\" \/>\n<meta name=\"twitter:label1\" content=\"Dur\u00e9e de lecture estim\u00e9e\" \/>\n\t<meta name=\"twitter:data1\" content=\"3 minutes\" \/>\n<script type=\"application\/ld+json\" class=\"yoast-schema-graph\">{\"@context\":\"https:\/\/schema.org\",\"@graph\":[{\"@type\":\"WebPage\",\"@id\":\"https:\/\/www.hydronix.com\/fr\/politique-de-confidentialite\/\",\"url\":\"https:\/\/www.hydronix.com\/fr\/politique-de-confidentialite\/\",\"name\":\"Politique de confidentialit\u00e9 - Hydronix\",\"isPartOf\":{\"@id\":\"https:\/\/www.hydronix.com\/fr\/#website\"},\"datePublished\":\"2022-09-12T10:14:34+00:00\",\"dateModified\":\"2023-09-26T16:23:51+00:00\",\"breadcrumb\":{\"@id\":\"https:\/\/www.hydronix.com\/fr\/politique-de-confidentialite\/#breadcrumb\"},\"inLanguage\":\"fr-FR\",\"potentialAction\":[{\"@type\":\"ReadAction\",\"target\":[\"https:\/\/www.hydronix.com\/fr\/politique-de-confidentialite\/\"]}]},{\"@type\":\"BreadcrumbList\",\"@id\":\"https:\/\/www.hydronix.com\/fr\/politique-de-confidentialite\/#breadcrumb\",\"itemListElement\":[{\"@type\":\"ListItem\",\"position\":1,\"name\":\"Accueil\",\"item\":\"https:\/\/www.hydronix.com\/fr\/\"},{\"@type\":\"ListItem\",\"position\":2,\"name\":\"Politique de confidentialit\u00e9\"}]},{\"@type\":\"WebSite\",\"@id\":\"https:\/\/www.hydronix.com\/fr\/#website\",\"url\":\"https:\/\/www.hydronix.com\/fr\/\",\"name\":\"Hydronix\",\"description\":\"Your partner in moisture measurement\",\"potentialAction\":[{\"@type\":\"SearchAction\",\"target\":{\"@type\":\"EntryPoint\",\"urlTemplate\":\"https:\/\/www.hydronix.com\/fr\/?s={search_term_string}\"},\"query-input\":{\"@type\":\"PropertyValueSpecification\",\"valueRequired\":true,\"valueName\":\"search_term_string\"}}],\"inLanguage\":\"fr-FR\"}]}<\/script>\n<!-- \/ Yoast SEO plugin. -->","yoast_head_json":{"title":"Politique de confidentialit\u00e9 - Hydronix","robots":{"index":"index","follow":"follow","max-snippet":"max-snippet:-1","max-image-preview":"max-image-preview:large","max-video-preview":"max-video-preview:-1"},"canonical":"https:\/\/www.hydronix.com\/fr\/politique-de-confidentialite\/","og_locale":"fr_FR","og_type":"article","og_title":"Politique de confidentialit\u00e9 - Hydronix","og_description":"Bienvenue sur le site Web d\u2019Hydronix. Veuillez lire attentivement les informations suivantes car l\u2019utilisation de ce site Web signifie que vous acceptez de respecter les conditions g\u00e9n\u00e9rales indiqu\u00e9es ci-dessous et d\u2019\u00eatre li\u00e9 par celles-ci. Hydronix se r\u00e9serve le droit de modifier ou d\u2019actualiser ce site Web, ou les conditions g\u00e9n\u00e9rales suivantes, \u00e0 tout moment et [...]Lire la suite\u2026 from Politique de confidentialit\u00e9","og_url":"https:\/\/www.hydronix.com\/fr\/politique-de-confidentialite\/","og_site_name":"Hydronix","article_modified_time":"2023-09-26T16:23:51+00:00","twitter_card":"summary_large_image","twitter_misc":{"Dur\u00e9e de lecture estim\u00e9e":"3 minutes"},"schema":{"@context":"https:\/\/schema.org","@graph":[{"@type":"WebPage","@id":"https:\/\/www.hydronix.com\/fr\/politique-de-confidentialite\/","url":"https:\/\/www.hydronix.com\/fr\/politique-de-confidentialite\/","name":"Politique de confidentialit\u00e9 - Hydronix","isPartOf":{"@id":"https:\/\/www.hydronix.com\/fr\/#website"},"datePublished":"2022-09-12T10:14:34+00:00","dateModified":"2023-09-26T16:23:51+00:00","breadcrumb":{"@id":"https:\/\/www.hydronix.com\/fr\/politique-de-confidentialite\/#breadcrumb"},"inLanguage":"fr-FR","potentialAction":[{"@type":"ReadAction","target":["https:\/\/www.hydronix.com\/fr\/politique-de-confidentialite\/"]}]},{"@type":"BreadcrumbList","@id":"https:\/\/www.hydronix.com\/fr\/politique-de-confidentialite\/#breadcrumb","itemListElement":[{"@type":"ListItem","position":1,"name":"Accueil","item":"https:\/\/www.hydronix.com\/fr\/"},{"@type":"ListItem","position":2,"name":"Politique de confidentialit\u00e9"}]},{"@type":"WebSite","@id":"https:\/\/www.hydronix.com\/fr\/#website","url":"https:\/\/www.hydronix.com\/fr\/","name":"Hydronix","description":"Your partner in moisture measurement","potentialAction":[{"@type":"SearchAction","target":{"@type":"EntryPoint","urlTemplate":"https:\/\/www.hydronix.com\/fr\/?s={search_term_string}"},"query-input":{"@type":"PropertyValueSpecification","valueRequired":true,"valueName":"search_term_string"}}],"inLanguage":"fr-FR"}]}},"_links":{"self":[{"href":"https:\/\/www.hydronix.com\/fr\/wp-json\/wp\/v2\/pages\/15731","targetHints":{"allow":["GET"]}}],"collection":[{"href":"https:\/\/www.hydronix.com\/fr\/wp-json\/wp\/v2\/pages"}],"about":[{"href":"https:\/\/www.hydronix.com\/fr\/wp-json\/wp\/v2\/types\/page"}],"author":[{"embeddable":true,"href":"https:\/\/www.hydronix.com\/fr\/wp-json\/wp\/v2\/users\/1"}],"replies":[{"embeddable":true,"href":"https:\/\/www.hydronix.com\/fr\/wp-json\/wp\/v2\/comments?post=15731"}],"version-history":[{"count":0,"href":"https:\/\/www.hydronix.com\/fr\/wp-json\/wp\/v2\/pages\/15731\/revisions"}],"wp:attachment":[{"href":"https:\/\/www.hydronix.com\/fr\/wp-json\/wp\/v2\/media?parent=15731"}],"wp:term":[{"taxonomy":"industries","embeddable":true,"href":"https:\/\/www.hydronix.com\/fr\/wp-json\/wp\/v2\/industries?post=15731"},{"taxonomy":"process","embeddable":true,"href":"https:\/\/www.hydronix.com\/fr\/wp-json\/wp\/v2\/process?post=15731"}],"curies":[{"name":"wp","href":"https:\/\/api.w.org\/{rel}","templated":true}]}}