{"id":154,"date":"2022-09-12T14:42:31","date_gmt":"2022-09-12T14:42:31","guid":{"rendered":"https:\/\/hx2.chilliservers.co.uk\/?page_id=154"},"modified":"2023-06-16T14:01:01","modified_gmt":"2023-06-16T14:01:01","slug":"connecter","status":"publish","type":"page","link":"https:\/\/www.hydronix.com\/fr\/connecter\/","title":{"rendered":"Connecter"},"content":{"rendered":"<!-- icon_hero -->\n<section class=\"application_hero d-flex py-5\" style=\"background-image:url(https:\/\/www.hydronix.com\/wp-content\/uploads\/2022\/11\/W-connect.jpg)\">\n    <div class=\"overlay\"><\/div>\n    <div class=\"container my-auto\">\n        <div class=\"row\">\n            <div class=\"col-lg-2\"><img decoding=\"async\" src=\"https:\/\/www.hydronix.com\/wp-content\/themes\/cb-hydronix\/img\/icons\/icon__connect--wo.svg\" class=\"w-50 w-lg-100\"><\/div>\n            <div class=\"col-lg-10 d-flex hero__content\"><h1 class=\"my-auto text-white\">Connecter<\/h1><\/div>\n        <\/div>\n    <\/div>\n<\/section>\n<section class=\"sub_page_title py-1 mb-4\">\n    <div class=\"container-xl\">\n        <p id=\"breadcrumbs\"><span><span><a href=\"https:\/\/www.hydronix.com\/fr\/\">Accueil<\/a><\/span><\/span><\/p>    <\/div>\n<\/section>\n\n\n    <div class=\"container-xl\">\n\t\t\n<p>Hydronix a mis au point plusieurs interfaces pour connecter, configurer, diagnostiquer et \u00e9talonner nos sondes d\u2019humidit\u00e9, afin de cr\u00e9er un r\u00e9seau mondial de sondes. Ces interfaces permettent \u00e9galement \u00e0 des syst\u00e8mes externes de recueillir les donn\u00e9es d\u2019humidit\u00e9 pour une analyse plus g\u00e9n\u00e9rale.<\/p>\n    <\/div>\n    \n\n<!-- products -->\n<section class=\"prod_by_app product pb-5\">\n    <div class=\"container-xl\">\n        <h2>Produits<\/h2>\n        <div class=\"row g-3\">\n\n    <div class=\"col-sm-6 col-lg-3\">\n        <a class=\"product__card\" href=\"https:\/\/www.hydronix.com\/fr\/produits\/hydro-view\/\">\n            <img decoding=\"async\" src=\"https:\/\/www.hydronix.com\/wp-content\/uploads\/2023\/10\/HV05-screenshot-smaller-300x265.png\">\n            <div class=\"mb-2 fw-bold\">Hydro-View<\/div>\n            <div class=\"mb-2 product__subtitle\">Syst\u00e8me d\u2019\u00e9cran tactile pour consulter les donn\u00e9es et g\u00e9rer les sondes Hydronix<\/div>\n            <div class=\"badges\">\n                            <\/div>\n        <\/a>\n    <\/div>\n        <div class=\"col-sm-6 col-lg-3\">\n        <a class=\"product__card\" href=\"https:\/\/www.hydronix.com\/fr\/produits\/hydro-hub\/\">\n            <img decoding=\"async\" src=\"https:\/\/www.hydronix.com\/wp-content\/uploads\/2022\/09\/HH01-300x169.png\">\n            <div class=\"mb-2 fw-bold\">Hydro-Hub<\/div>\n            <div class=\"mb-2 product__subtitle\">Connexion facile des sondes Hydronix aux r\u00e9seaux Bureau et Bus de terrain<\/div>\n            <div class=\"badges\">\n                            <\/div>\n        <\/a>\n    <\/div>\n        <div class=\"col-sm-6 col-lg-3\">\n        <a class=\"product__card\" href=\"https:\/\/www.hydronix.com\/fr\/produits\/adaptateur-ethernet\/\">\n            <img decoding=\"async\" src=\"https:\/\/www.hydronix.com\/wp-content\/uploads\/2022\/09\/ea01-hero-300x169.png\">\n            <div class=\"mb-2 fw-bold\">Adaptateur Ethernet<\/div>\n            <div class=\"mb-2 product__subtitle\">Connecter en r\u00e9seau des sondes et des contr\u00f4les d\u2019humidit\u00e9 Hydronix<\/div>\n            <div class=\"badges\">\n                            <\/div>\n        <\/a>\n    <\/div>\n        <div class=\"col-sm-6 col-lg-3\">\n        <a class=\"product__card\" href=\"https:\/\/www.hydronix.com\/fr\/produits\/module-dinterface-usb-de-sonde\/\">\n            <img decoding=\"async\" src=\"https:\/\/www.hydronix.com\/wp-content\/uploads\/2022\/09\/simXX-hero-300x169.png\">\n            <div class=\"mb-2 fw-bold\">Module d\u2019interface USB de sonde<\/div>\n            <div class=\"mb-2 product__subtitle\">Connecter des sondes d\u2019humidit\u00e9 Hydronix \u00e0 un ordinateur fixe ou portable<\/div>\n            <div class=\"badges\">\n                            <\/div>\n        <\/a>\n    <\/div>\n            <\/div>\n    <\/div>\n<\/section>\n\n<!-- latest -->\n<section class=\"latest\">\n    <div class=\"latest__heading py-4\">\n        <div class=\"container-xl\">\n            <h2>Actualit\u00e9s, blogs et \u00e9v\u00e9nements associ\u00e9s<\/h2>\n        <\/div>\n    <\/div>\n    <div class=\"container py-5\">\n        <div class=\"row g-5\">\n            <div class=\"col-lg-7\">\n                                <div>\n                    <a href=\"\/resources\/\" class=\"mx-auto btn btn--orange\">Centre de Ressources Hydronix<\/a>\n                <\/div>\n            <\/div>\n            <div class=\"col-lg-5\">\n                                <div>\n                    <a href=\"\/resources\/events\/\" class=\"mx-auto btn btn--orange\">Tous les \u00e9v\u00e9nements<\/a>\n                <\/div>\n            <\/div>\n        <\/div>\n    <\/div>\n<\/section>","protected":false},"excerpt":{"rendered":"<p>Hydronix a mis au point plusieurs interfaces pour connecter, configurer, diagnostiquer et \u00e9talonner nos sondes d\u2019humidit\u00e9, afin de cr\u00e9er un r\u00e9seau mondial de sondes. Ces interfaces permettent \u00e9galement \u00e0 des syst\u00e8mes externes de recueillir les donn\u00e9es d\u2019humidit\u00e9 pour une analyse plus g\u00e9n\u00e9rale. [&#8230;]<\/p>\n<p><a class=\"btn btn-secondary understrap-read-more-link\" href=\"https:\/\/www.hydronix.com\/fr\/connecter\/\">Lire la suite\u2026<span class=\"screen-reader-text\"> from Connecter<\/span><\/a><\/p>\n","protected":false},"author":1,"featured_media":0,"parent":0,"menu_order":112,"comment_status":"closed","ping_status":"closed","template":"","meta":{"_acf_changed":false,"content-type":"","inline_featured_image":false,"footnotes":""},"industries":[],"process":[],"class_list":["post-154","page","type-page","status-publish","hentry"],"acf":[],"yoast_head":"<!-- This site is optimized with the Yoast SEO plugin v27.1.1 - https:\/\/yoast.com\/product\/yoast-seo-wordpress\/ -->\n<title>Connecter - Hydronix<\/title>\n<meta name=\"robots\" content=\"index, follow, max-snippet:-1, max-image-preview:large, max-video-preview:-1\" \/>\n<link rel=\"canonical\" href=\"https:\/\/www.hydronix.com\/fr\/connecter\/\" \/>\n<meta property=\"og:locale\" content=\"fr_FR\" \/>\n<meta property=\"og:type\" content=\"article\" \/>\n<meta property=\"og:title\" content=\"Connecter - Hydronix\" \/>\n<meta property=\"og:description\" content=\"Hydronix a mis au point plusieurs interfaces pour connecter, configurer, diagnostiquer et \u00e9talonner nos sondes d\u2019humidit\u00e9, afin de cr\u00e9er un r\u00e9seau mondial de sondes. Ces interfaces permettent \u00e9galement \u00e0 des syst\u00e8mes externes de recueillir les donn\u00e9es d\u2019humidit\u00e9 pour une analyse plus g\u00e9n\u00e9rale. [...]Lire la suite\u2026 from Connecter\" \/>\n<meta property=\"og:url\" content=\"https:\/\/www.hydronix.com\/fr\/connecter\/\" \/>\n<meta property=\"og:site_name\" content=\"Hydronix\" \/>\n<meta property=\"article:modified_time\" content=\"2023-06-16T14:01:01+00:00\" \/>\n<meta name=\"twitter:card\" content=\"summary_large_image\" \/>\n<meta name=\"twitter:label1\" content=\"Dur\u00e9e de lecture estim\u00e9e\" \/>\n\t<meta name=\"twitter:data1\" content=\"1 minute\" \/>\n<script type=\"application\/ld+json\" class=\"yoast-schema-graph\">{\"@context\":\"https:\/\/schema.org\",\"@graph\":[{\"@type\":\"WebPage\",\"@id\":\"https:\/\/www.hydronix.com\/fr\/connecter\/\",\"url\":\"https:\/\/www.hydronix.com\/fr\/connecter\/\",\"name\":\"Connecter - Hydronix\",\"isPartOf\":{\"@id\":\"https:\/\/www.hydronix.com\/fr\/#website\"},\"datePublished\":\"2022-09-12T14:42:31+00:00\",\"dateModified\":\"2023-06-16T14:01:01+00:00\",\"breadcrumb\":{\"@id\":\"https:\/\/www.hydronix.com\/fr\/connecter\/#breadcrumb\"},\"inLanguage\":\"fr-FR\",\"potentialAction\":[{\"@type\":\"ReadAction\",\"target\":[\"https:\/\/www.hydronix.com\/fr\/connecter\/\"]}]},{\"@type\":\"BreadcrumbList\",\"@id\":\"https:\/\/www.hydronix.com\/fr\/connecter\/#breadcrumb\",\"itemListElement\":[{\"@type\":\"ListItem\",\"position\":1,\"name\":\"Accueil\",\"item\":\"https:\/\/www.hydronix.com\/fr\/\"},{\"@type\":\"ListItem\",\"position\":2,\"name\":\"Connecter\"}]},{\"@type\":\"WebSite\",\"@id\":\"https:\/\/www.hydronix.com\/fr\/#website\",\"url\":\"https:\/\/www.hydronix.com\/fr\/\",\"name\":\"Hydronix\",\"description\":\"Your partner in moisture measurement\",\"potentialAction\":[{\"@type\":\"SearchAction\",\"target\":{\"@type\":\"EntryPoint\",\"urlTemplate\":\"https:\/\/www.hydronix.com\/fr\/?s={search_term_string}\"},\"query-input\":{\"@type\":\"PropertyValueSpecification\",\"valueRequired\":true,\"valueName\":\"search_term_string\"}}],\"inLanguage\":\"fr-FR\"}]}<\/script>\n<!-- \/ Yoast SEO plugin. -->","yoast_head_json":{"title":"Connecter - Hydronix","robots":{"index":"index","follow":"follow","max-snippet":"max-snippet:-1","max-image-preview":"max-image-preview:large","max-video-preview":"max-video-preview:-1"},"canonical":"https:\/\/www.hydronix.com\/fr\/connecter\/","og_locale":"fr_FR","og_type":"article","og_title":"Connecter - Hydronix","og_description":"Hydronix a mis au point plusieurs interfaces pour connecter, configurer, diagnostiquer et \u00e9talonner nos sondes d\u2019humidit\u00e9, afin de cr\u00e9er un r\u00e9seau mondial de sondes. Ces interfaces permettent \u00e9galement \u00e0 des syst\u00e8mes externes de recueillir les donn\u00e9es d\u2019humidit\u00e9 pour une analyse plus g\u00e9n\u00e9rale. [...]Lire la suite\u2026 from Connecter","og_url":"https:\/\/www.hydronix.com\/fr\/connecter\/","og_site_name":"Hydronix","article_modified_time":"2023-06-16T14:01:01+00:00","twitter_card":"summary_large_image","twitter_misc":{"Dur\u00e9e de lecture estim\u00e9e":"1 minute"},"schema":{"@context":"https:\/\/schema.org","@graph":[{"@type":"WebPage","@id":"https:\/\/www.hydronix.com\/fr\/connecter\/","url":"https:\/\/www.hydronix.com\/fr\/connecter\/","name":"Connecter - Hydronix","isPartOf":{"@id":"https:\/\/www.hydronix.com\/fr\/#website"},"datePublished":"2022-09-12T14:42:31+00:00","dateModified":"2023-06-16T14:01:01+00:00","breadcrumb":{"@id":"https:\/\/www.hydronix.com\/fr\/connecter\/#breadcrumb"},"inLanguage":"fr-FR","potentialAction":[{"@type":"ReadAction","target":["https:\/\/www.hydronix.com\/fr\/connecter\/"]}]},{"@type":"BreadcrumbList","@id":"https:\/\/www.hydronix.com\/fr\/connecter\/#breadcrumb","itemListElement":[{"@type":"ListItem","position":1,"name":"Accueil","item":"https:\/\/www.hydronix.com\/fr\/"},{"@type":"ListItem","position":2,"name":"Connecter"}]},{"@type":"WebSite","@id":"https:\/\/www.hydronix.com\/fr\/#website","url":"https:\/\/www.hydronix.com\/fr\/","name":"Hydronix","description":"Your partner in moisture measurement","potentialAction":[{"@type":"SearchAction","target":{"@type":"EntryPoint","urlTemplate":"https:\/\/www.hydronix.com\/fr\/?s={search_term_string}"},"query-input":{"@type":"PropertyValueSpecification","valueRequired":true,"valueName":"search_term_string"}}],"inLanguage":"fr-FR"}]}},"_links":{"self":[{"href":"https:\/\/www.hydronix.com\/fr\/wp-json\/wp\/v2\/pages\/154","targetHints":{"allow":["GET"]}}],"collection":[{"href":"https:\/\/www.hydronix.com\/fr\/wp-json\/wp\/v2\/pages"}],"about":[{"href":"https:\/\/www.hydronix.com\/fr\/wp-json\/wp\/v2\/types\/page"}],"author":[{"embeddable":true,"href":"https:\/\/www.hydronix.com\/fr\/wp-json\/wp\/v2\/users\/1"}],"replies":[{"embeddable":true,"href":"https:\/\/www.hydronix.com\/fr\/wp-json\/wp\/v2\/comments?post=154"}],"version-history":[{"count":0,"href":"https:\/\/www.hydronix.com\/fr\/wp-json\/wp\/v2\/pages\/154\/revisions"}],"wp:attachment":[{"href":"https:\/\/www.hydronix.com\/fr\/wp-json\/wp\/v2\/media?parent=154"}],"wp:term":[{"taxonomy":"industries","embeddable":true,"href":"https:\/\/www.hydronix.com\/fr\/wp-json\/wp\/v2\/industries?post=154"},{"taxonomy":"process","embeddable":true,"href":"https:\/\/www.hydronix.com\/fr\/wp-json\/wp\/v2\/process?post=154"}],"curies":[{"name":"wp","href":"https:\/\/api.w.org\/{rel}","templated":true}]}}