{"id":14509,"date":"2023-01-11T17:26:05","date_gmt":"2023-01-11T17:26:05","guid":{"rendered":"https:\/\/hydronix.chilliservers.co.uk\/?page_id=14509"},"modified":"2025-09-15T12:07:37","modified_gmt":"2025-09-15T12:07:37","slug":"demander-un-rma","status":"publish","type":"page","link":"https:\/\/www.hydronix.com\/fr\/demander-un-rma\/","title":{"rendered":"Demander un RMA"},"content":{"rendered":"    \n<!-- hero_short -->\n<section class=\"short_hero d-flex py-5\" style=\"background-image:url(https:\/\/www.hydronix.com\/wp-content\/uploads\/2023\/01\/shutterstock_1990520669-return-cropped-scaled.jpg)\">\n    <div class=\"overlay\"><\/div>\n    <div class=\"container-xl my-auto\">\n        <div class=\"row\">\n            <div class=\"col-lg-5 hero__content\">\n                <h1>Demander un RMA<\/h1>\n            <\/div>\n        <\/div>\n    <\/div>\n<\/section>\n<!--section class=\"sub_page_title py-1 mb-4\">\n    <div class=\"container-xl\">\n        <p id=\"breadcrumbs\"><span><span><a href=\"https:\/\/www.hydronix.com\/fr\/\">Accueil<\/a><\/span><\/span><\/p>    <\/div>\n<\/section-->\n\n\n\n<div style=\"height:30px\" aria-hidden=\"true\" class=\"wp-block-spacer\"><\/div>\n\n\n    <div class=\"container-xl\">\n\t\t\n<p class=\"w-md-75\">Demander un RMA (Autorisation de retour de marchandise) en remplissant le formulaire ci-dessous.<\/p>\n    <\/div>\n    \n\n\n<div style=\"height:30px\" aria-hidden=\"true\" class=\"wp-block-spacer\"><\/div>\n\n\n    <div class=\"container-xl\">\n\t\t\n<p class=\"w-md-75\"><\/p>\n    <\/div>\n    \n\n<!-- hs_form -->\n<div class=\"container-xl\" id=\"\">\n<!--[if lte IE 8]>\n<script charset=\"utf-8\" type=\"text\/javascript\" src=\"\/\/js.hsforms.net\/forms\/v2-legacy.js\"><\/script>\n<![endif]-->\n<script charset=\"utf-8\" type=\"text\/javascript\" src=\"\/\/js.hsforms.net\/forms\/v2.js\"><\/script>\n<script>\nhbspt.forms.create({\n    region: \"eu1\",\n    portalId: \"8142423\",\n    formId: \"72ef1762-8d67-4447-837d-241e67869403\"\n});\n<\/script>\n<\/div>","protected":false},"excerpt":{"rendered":"<p>Demander un RMA (Autorisation de retour de marchandise) en remplissant le formulaire ci-dessous. [&#8230;]<\/p>\n<p><a class=\"btn btn-secondary understrap-read-more-link\" href=\"https:\/\/www.hydronix.com\/fr\/demander-un-rma\/\">Lire la suite\u2026<span class=\"screen-reader-text\"> from Demander un RMA<\/span><\/a><\/p>\n","protected":false},"author":4,"featured_media":14561,"parent":0,"menu_order":333,"comment_status":"closed","ping_status":"closed","template":"","meta":{"_acf_changed":false,"content-type":"","inline_featured_image":false,"footnotes":""},"industries":[],"process":[],"class_list":["post-14509","page","type-page","status-publish","has-post-thumbnail","hentry"],"acf":[],"yoast_head":"<!-- This site is optimized with the Yoast SEO plugin v27.1.1 - https:\/\/yoast.com\/product\/yoast-seo-wordpress\/ -->\n<title>Demander un RMA - Hydronix<\/title>\n<meta name=\"robots\" content=\"index, follow, max-snippet:-1, max-image-preview:large, max-video-preview:-1\" \/>\n<link rel=\"canonical\" href=\"https:\/\/www.hydronix.com\/fr\/demander-un-rma\/\" \/>\n<meta property=\"og:locale\" content=\"fr_FR\" \/>\n<meta property=\"og:type\" content=\"article\" \/>\n<meta property=\"og:title\" content=\"Demander un RMA - Hydronix\" \/>\n<meta property=\"og:description\" content=\"Demander un RMA (Autorisation de retour de marchandise) en remplissant le formulaire ci-dessous. [...]Lire la suite\u2026 from Demander un RMA\" \/>\n<meta property=\"og:url\" content=\"https:\/\/www.hydronix.com\/fr\/demander-un-rma\/\" \/>\n<meta property=\"og:site_name\" content=\"Hydronix\" \/>\n<meta property=\"article:modified_time\" content=\"2025-09-15T12:07:37+00:00\" \/>\n<meta property=\"og:image\" content=\"https:\/\/www.hydronix.com\/wp-content\/uploads\/2023\/01\/shutterstock_1990520669-return-cropped-scaled.jpg\" \/>\n\t<meta property=\"og:image:width\" content=\"2560\" \/>\n\t<meta property=\"og:image:height\" content=\"1278\" \/>\n\t<meta property=\"og:image:type\" content=\"image\/jpeg\" \/>\n<meta name=\"twitter:card\" content=\"summary_large_image\" \/>\n<meta name=\"twitter:label1\" content=\"Dur\u00e9e de lecture estim\u00e9e\" \/>\n\t<meta name=\"twitter:data1\" content=\"1 minute\" \/>\n<script type=\"application\/ld+json\" class=\"yoast-schema-graph\">{\"@context\":\"https:\/\/schema.org\",\"@graph\":[{\"@type\":\"WebPage\",\"@id\":\"https:\/\/www.hydronix.com\/fr\/demander-un-rma\/\",\"url\":\"https:\/\/www.hydronix.com\/fr\/demander-un-rma\/\",\"name\":\"Demander un RMA - Hydronix\",\"isPartOf\":{\"@id\":\"https:\/\/www.hydronix.com\/fr\/#website\"},\"primaryImageOfPage\":{\"@id\":\"https:\/\/www.hydronix.com\/fr\/demander-un-rma\/#primaryimage\"},\"image\":{\"@id\":\"https:\/\/www.hydronix.com\/fr\/demander-un-rma\/#primaryimage\"},\"thumbnailUrl\":\"https:\/\/www.hydronix.com\/wp-content\/uploads\/2023\/01\/shutterstock_1990520669-return-cropped-scaled.jpg\",\"datePublished\":\"2023-01-11T17:26:05+00:00\",\"dateModified\":\"2025-09-15T12:07:37+00:00\",\"breadcrumb\":{\"@id\":\"https:\/\/www.hydronix.com\/fr\/demander-un-rma\/#breadcrumb\"},\"inLanguage\":\"fr-FR\",\"potentialAction\":[{\"@type\":\"ReadAction\",\"target\":[\"https:\/\/www.hydronix.com\/fr\/demander-un-rma\/\"]}]},{\"@type\":\"ImageObject\",\"inLanguage\":\"fr-FR\",\"@id\":\"https:\/\/www.hydronix.com\/fr\/demander-un-rma\/#primaryimage\",\"url\":\"https:\/\/www.hydronix.com\/wp-content\/uploads\/2023\/01\/shutterstock_1990520669-return-cropped-scaled.jpg\",\"contentUrl\":\"https:\/\/www.hydronix.com\/wp-content\/uploads\/2023\/01\/shutterstock_1990520669-return-cropped-scaled.jpg\",\"width\":2560,\"height\":1278,\"caption\":\"Protection de la sant\u00e9, concept de livraison et service postal - le client assure le retour du colis ou de l\u2019achat et un employ\u00e9 portant des gants de protection prend r\u00e9ception de la bo\u00eete\"},{\"@type\":\"BreadcrumbList\",\"@id\":\"https:\/\/www.hydronix.com\/fr\/demander-un-rma\/#breadcrumb\",\"itemListElement\":[{\"@type\":\"ListItem\",\"position\":1,\"name\":\"Accueil\",\"item\":\"https:\/\/www.hydronix.com\/fr\/\"},{\"@type\":\"ListItem\",\"position\":2,\"name\":\"Demander un RMA\"}]},{\"@type\":\"WebSite\",\"@id\":\"https:\/\/www.hydronix.com\/fr\/#website\",\"url\":\"https:\/\/www.hydronix.com\/fr\/\",\"name\":\"Hydronix\",\"description\":\"Your partner in moisture measurement\",\"potentialAction\":[{\"@type\":\"SearchAction\",\"target\":{\"@type\":\"EntryPoint\",\"urlTemplate\":\"https:\/\/www.hydronix.com\/fr\/?s={search_term_string}\"},\"query-input\":{\"@type\":\"PropertyValueSpecification\",\"valueRequired\":true,\"valueName\":\"search_term_string\"}}],\"inLanguage\":\"fr-FR\"}]}<\/script>\n<!-- \/ Yoast SEO plugin. -->","yoast_head_json":{"title":"Demander un RMA - Hydronix","robots":{"index":"index","follow":"follow","max-snippet":"max-snippet:-1","max-image-preview":"max-image-preview:large","max-video-preview":"max-video-preview:-1"},"canonical":"https:\/\/www.hydronix.com\/fr\/demander-un-rma\/","og_locale":"fr_FR","og_type":"article","og_title":"Demander un RMA - Hydronix","og_description":"Demander un RMA (Autorisation de retour de marchandise) en remplissant le formulaire ci-dessous. [...]Lire la suite\u2026 from Demander un RMA","og_url":"https:\/\/www.hydronix.com\/fr\/demander-un-rma\/","og_site_name":"Hydronix","article_modified_time":"2025-09-15T12:07:37+00:00","og_image":[{"width":2560,"height":1278,"url":"https:\/\/www.hydronix.com\/wp-content\/uploads\/2023\/01\/shutterstock_1990520669-return-cropped-scaled.jpg","type":"image\/jpeg"}],"twitter_card":"summary_large_image","twitter_misc":{"Dur\u00e9e de lecture estim\u00e9e":"1 minute"},"schema":{"@context":"https:\/\/schema.org","@graph":[{"@type":"WebPage","@id":"https:\/\/www.hydronix.com\/fr\/demander-un-rma\/","url":"https:\/\/www.hydronix.com\/fr\/demander-un-rma\/","name":"Demander un RMA - Hydronix","isPartOf":{"@id":"https:\/\/www.hydronix.com\/fr\/#website"},"primaryImageOfPage":{"@id":"https:\/\/www.hydronix.com\/fr\/demander-un-rma\/#primaryimage"},"image":{"@id":"https:\/\/www.hydronix.com\/fr\/demander-un-rma\/#primaryimage"},"thumbnailUrl":"https:\/\/www.hydronix.com\/wp-content\/uploads\/2023\/01\/shutterstock_1990520669-return-cropped-scaled.jpg","datePublished":"2023-01-11T17:26:05+00:00","dateModified":"2025-09-15T12:07:37+00:00","breadcrumb":{"@id":"https:\/\/www.hydronix.com\/fr\/demander-un-rma\/#breadcrumb"},"inLanguage":"fr-FR","potentialAction":[{"@type":"ReadAction","target":["https:\/\/www.hydronix.com\/fr\/demander-un-rma\/"]}]},{"@type":"ImageObject","inLanguage":"fr-FR","@id":"https:\/\/www.hydronix.com\/fr\/demander-un-rma\/#primaryimage","url":"https:\/\/www.hydronix.com\/wp-content\/uploads\/2023\/01\/shutterstock_1990520669-return-cropped-scaled.jpg","contentUrl":"https:\/\/www.hydronix.com\/wp-content\/uploads\/2023\/01\/shutterstock_1990520669-return-cropped-scaled.jpg","width":2560,"height":1278,"caption":"Protection de la sant\u00e9, concept de livraison et service postal - le client assure le retour du colis ou de l\u2019achat et un employ\u00e9 portant des gants de protection prend r\u00e9ception de la bo\u00eete"},{"@type":"BreadcrumbList","@id":"https:\/\/www.hydronix.com\/fr\/demander-un-rma\/#breadcrumb","itemListElement":[{"@type":"ListItem","position":1,"name":"Accueil","item":"https:\/\/www.hydronix.com\/fr\/"},{"@type":"ListItem","position":2,"name":"Demander un RMA"}]},{"@type":"WebSite","@id":"https:\/\/www.hydronix.com\/fr\/#website","url":"https:\/\/www.hydronix.com\/fr\/","name":"Hydronix","description":"Your partner in moisture measurement","potentialAction":[{"@type":"SearchAction","target":{"@type":"EntryPoint","urlTemplate":"https:\/\/www.hydronix.com\/fr\/?s={search_term_string}"},"query-input":{"@type":"PropertyValueSpecification","valueRequired":true,"valueName":"search_term_string"}}],"inLanguage":"fr-FR"}]}},"_links":{"self":[{"href":"https:\/\/www.hydronix.com\/fr\/wp-json\/wp\/v2\/pages\/14509","targetHints":{"allow":["GET"]}}],"collection":[{"href":"https:\/\/www.hydronix.com\/fr\/wp-json\/wp\/v2\/pages"}],"about":[{"href":"https:\/\/www.hydronix.com\/fr\/wp-json\/wp\/v2\/types\/page"}],"author":[{"embeddable":true,"href":"https:\/\/www.hydronix.com\/fr\/wp-json\/wp\/v2\/users\/4"}],"replies":[{"embeddable":true,"href":"https:\/\/www.hydronix.com\/fr\/wp-json\/wp\/v2\/comments?post=14509"}],"version-history":[{"count":2,"href":"https:\/\/www.hydronix.com\/fr\/wp-json\/wp\/v2\/pages\/14509\/revisions"}],"predecessor-version":[{"id":41606,"href":"https:\/\/www.hydronix.com\/fr\/wp-json\/wp\/v2\/pages\/14509\/revisions\/41606"}],"wp:featuredmedia":[{"embeddable":true,"href":"https:\/\/www.hydronix.com\/fr\/wp-json\/wp\/v2\/media\/14561"}],"wp:attachment":[{"href":"https:\/\/www.hydronix.com\/fr\/wp-json\/wp\/v2\/media?parent=14509"}],"wp:term":[{"taxonomy":"industries","embeddable":true,"href":"https:\/\/www.hydronix.com\/fr\/wp-json\/wp\/v2\/industries?post=14509"},{"taxonomy":"process","embeddable":true,"href":"https:\/\/www.hydronix.com\/fr\/wp-json\/wp\/v2\/process?post=14509"}],"curies":[{"name":"wp","href":"https:\/\/api.w.org\/{rel}","templated":true}]}}