{"id":128,"date":"2022-09-12T12:51:46","date_gmt":"2022-09-12T12:51:46","guid":{"rendered":"https:\/\/hx2.chilliservers.co.uk\/?page_id=128"},"modified":"2024-01-19T14:17:14","modified_gmt":"2024-01-19T14:17:14","slug":"industries","status":"publish","type":"page","link":"https:\/\/www.hydronix.com\/fr\/industries\/","title":{"rendered":"Industries"},"content":{"rendered":"    \n<!-- hero_short -->\n<section class=\"short_hero d-flex py-5\" style=\"background-image:url(https:\/\/www.hydronix.com\/wp-content\/uploads\/2022\/09\/Z-industries.jpg)\">\n    <div class=\"overlay\"><\/div>\n    <div class=\"container-xl my-auto\">\n        <div class=\"row\">\n            <div class=\"col-lg-5 hero__content\">\n                <h1>Industries<\/h1>\n            <\/div>\n        <\/div>\n    <\/div>\n<\/section>\n<!--section class=\"sub_page_title py-1 mb-4\">\n    <div class=\"container-xl\">\n        <p id=\"breadcrumbs\"><span><span><a href=\"https:\/\/www.hydronix.com\/fr\/\">Accueil<\/a><\/span><\/span><\/p>    <\/div>\n<\/section-->\n\n\n\n<div style=\"height:40px\" aria-hidden=\"true\" class=\"wp-block-spacer\"><\/div>\n\n\n    <div class=\"container-xl\">\n\t\t\n<p>Les sondes de mesure de l\u2019humidit\u00e9 par micro-ondes Hydronix sont utilis\u00e9es dans des applications diverses, dans le monde entier, pour mesurer l\u2019humidit\u00e9 ou le degr\u00e9 Brix de mat\u00e9riaux fluides. La technique de mesure num\u00e9rique \u00e0 micro-ondes exclusive d\u2019Hydronix permet de configurer les sondes pour atteindre des performances optimales dans une grande diversit\u00e9 de min\u00e9raux et de mat\u00e9riaux organiques. Cette flexibilit\u00e9, associ\u00e9e \u00e0 la durabilit\u00e9 de la conception, a contribu\u00e9 \u00e0 faire des sondes d\u2019Hydronix un choix privil\u00e9gi\u00e9 pour de nombreuses industries.<\/p>\n    <\/div>\n    \n\n    <div class=\"container-xl\">\n\t\t\n<p>Quelques exemples typiques d\u2019industries qui mesurent l\u2019humidit\u00e9 \u00e0 l\u2019aide des sondes Hydronix\u00a0:<\/p>\n    <\/div>\n    \n\n\n<div style=\"height:40px\" aria-hidden=\"true\" class=\"wp-block-spacer\"><\/div>\n\n\n<!-- children -->\n<section class=\"child_pages py-4 mb-4\">\n    <div class=\"container-xl\">\n                <div class=\"row g-4 justify-content-center\">\n        <div class=\"col-md-4 col-xl-3\">\n            <a class=\"child_pages__card child_pages__card--blue\" href=\"https:\/\/www.hydronix.com\/fr\/industries\/production-de-sucre-sondes-de-mesure-du-degre-brix-et-du-niveau-de-solides\/\">Production de sucre &#8211; Sondes de mesure du degr\u00e9 Brix et du niveau de solides<\/a>\n        <\/div>\n                <div class=\"col-md-4 col-xl-3\">\n            <a class=\"child_pages__card child_pages__card--blue\" href=\"https:\/\/www.hydronix.com\/fr\/industries\/granulats\/\">Granulats<\/a>\n        <\/div>\n                <div class=\"col-md-4 col-xl-3\">\n            <a class=\"child_pages__card child_pages__card--blue\" href=\"https:\/\/www.hydronix.com\/fr\/industries\/beton\/\">B\u00e9ton<\/a>\n        <\/div>\n                <div class=\"col-md-4 col-xl-3\">\n            <a class=\"child_pages__card child_pages__card--blue\" href=\"https:\/\/www.hydronix.com\/fr\/industries\/asphalte\/\">Asphalte<\/a>\n        <\/div>\n                <div class=\"col-md-4 col-xl-3\">\n            <a class=\"child_pages__card child_pages__card--blue\" href=\"https:\/\/www.hydronix.com\/fr\/industries\/agroalimentaire\/\">Agroalimentaire<\/a>\n        <\/div>\n                <div class=\"col-md-4 col-xl-3\">\n            <a class=\"child_pages__card child_pages__card--blue\" href=\"https:\/\/www.hydronix.com\/fr\/industries\/alimentation-animale\/\">Alimentation pour animaux et poissons<\/a>\n        <\/div>\n                <div class=\"col-md-4 col-xl-3\">\n            <a class=\"child_pages__card child_pages__card--blue\" href=\"https:\/\/www.hydronix.com\/fr\/industries\/alimentation\/\">Alimentation<\/a>\n        <\/div>\n                <div class=\"col-md-4 col-xl-3\">\n            <a class=\"child_pages__card child_pages__card--blue\" href=\"https:\/\/www.hydronix.com\/fr\/industries\/riz\/\">Riz<\/a>\n        <\/div>\n                <div class=\"col-md-4 col-xl-3\">\n            <a class=\"child_pages__card child_pages__card--blue\" href=\"https:\/\/www.hydronix.com\/fr\/industries\/traitement-des-graines-oleagineuses\/\">Traitement des graines ol\u00e9agineuses<\/a>\n        <\/div>\n                <div class=\"col-md-4 col-xl-3\">\n            <a class=\"child_pages__card child_pages__card--blue\" href=\"https:\/\/www.hydronix.com\/fr\/industries\/solides-en-vrac\/\">Solides en Vrac<\/a>\n        <\/div>\n                <div class=\"col-md-4 col-xl-3\">\n            <a class=\"child_pages__card child_pages__card--blue\" href=\"https:\/\/www.hydronix.com\/fr\/industries\/bioenergie\/\">Bio\u00e9nergie<\/a>\n        <\/div>\n                <div class=\"col-md-4 col-xl-3\">\n            <a class=\"child_pages__card child_pages__card--blue\" href=\"https:\/\/www.hydronix.com\/fr\/industries\/pate-a-papier\/\">P\u00e2te \u00e0 papier<\/a>\n        <\/div>\n                <div class=\"col-md-4 col-xl-3\">\n            <a class=\"child_pages__card child_pages__card--blue\" href=\"https:\/\/www.hydronix.com\/fr\/industries\/industrie-du-bois\/\">Industrie du bois<\/a>\n        <\/div>\n            <\/div>\n<\/section>","protected":false},"excerpt":{"rendered":"<p>Les sondes de mesure de l\u2019humidit\u00e9 par micro-ondes Hydronix sont utilis\u00e9es dans des applications diverses, dans le monde entier, pour mesurer l\u2019humidit\u00e9 ou le degr\u00e9 Brix de mat\u00e9riaux fluides. La technique de mesure num\u00e9rique \u00e0 micro-ondes exclusive d\u2019Hydronix permet de configurer les sondes pour atteindre des performances optimales dans une grande diversit\u00e9 de min\u00e9raux et [&#8230;]<\/p>\n<p><a class=\"btn btn-secondary understrap-read-more-link\" href=\"https:\/\/www.hydronix.com\/fr\/industries\/\">Lire la suite\u2026<span class=\"screen-reader-text\"> from Industries<\/span><\/a><\/p>\n","protected":false},"author":1,"featured_media":533,"parent":0,"menu_order":498,"comment_status":"closed","ping_status":"closed","template":"","meta":{"_acf_changed":false,"content-type":"","inline_featured_image":false,"footnotes":""},"industries":[],"process":[],"class_list":["post-128","page","type-page","status-publish","has-post-thumbnail","hentry"],"acf":[],"yoast_head":"<!-- This site is optimized with the Yoast SEO plugin v27.1.1 - https:\/\/yoast.com\/product\/yoast-seo-wordpress\/ -->\n<title>Industries - Hydronix<\/title>\n<meta name=\"robots\" content=\"index, follow, max-snippet:-1, max-image-preview:large, max-video-preview:-1\" \/>\n<link rel=\"canonical\" href=\"https:\/\/www.hydronix.com\/fr\/industries\/\" \/>\n<meta property=\"og:locale\" content=\"fr_FR\" \/>\n<meta property=\"og:type\" content=\"article\" \/>\n<meta property=\"og:title\" content=\"Industries - Hydronix\" \/>\n<meta property=\"og:description\" content=\"Les sondes de mesure de l\u2019humidit\u00e9 par micro-ondes Hydronix sont utilis\u00e9es dans des applications diverses, dans le monde entier, pour mesurer l\u2019humidit\u00e9 ou le degr\u00e9 Brix de mat\u00e9riaux fluides. La technique de mesure num\u00e9rique \u00e0 micro-ondes exclusive d\u2019Hydronix permet de configurer les sondes pour atteindre des performances optimales dans une grande diversit\u00e9 de min\u00e9raux et [...]Lire la suite\u2026 from Industries\" \/>\n<meta property=\"og:url\" content=\"https:\/\/www.hydronix.com\/fr\/industries\/\" \/>\n<meta property=\"og:site_name\" content=\"Hydronix\" \/>\n<meta property=\"article:modified_time\" content=\"2024-01-19T14:17:14+00:00\" \/>\n<meta property=\"og:image\" content=\"https:\/\/www.hydronix.com\/wp-content\/uploads\/2022\/09\/Z-industries.jpg\" \/>\n\t<meta property=\"og:image:width\" content=\"2000\" \/>\n\t<meta property=\"og:image:height\" content=\"400\" \/>\n\t<meta property=\"og:image:type\" content=\"image\/jpeg\" \/>\n<meta name=\"twitter:card\" content=\"summary_large_image\" \/>\n<meta name=\"twitter:label1\" content=\"Dur\u00e9e de lecture estim\u00e9e\" \/>\n\t<meta name=\"twitter:data1\" content=\"1 minute\" \/>\n<script type=\"application\/ld+json\" class=\"yoast-schema-graph\">{\"@context\":\"https:\/\/schema.org\",\"@graph\":[{\"@type\":\"WebPage\",\"@id\":\"https:\/\/www.hydronix.com\/fr\/industries\/\",\"url\":\"https:\/\/www.hydronix.com\/fr\/industries\/\",\"name\":\"Industries - Hydronix\",\"isPartOf\":{\"@id\":\"https:\/\/www.hydronix.com\/fr\/#website\"},\"primaryImageOfPage\":{\"@id\":\"https:\/\/www.hydronix.com\/fr\/industries\/#primaryimage\"},\"image\":{\"@id\":\"https:\/\/www.hydronix.com\/fr\/industries\/#primaryimage\"},\"thumbnailUrl\":\"https:\/\/www.hydronix.com\/wp-content\/uploads\/2022\/09\/Z-industries.jpg\",\"datePublished\":\"2022-09-12T12:51:46+00:00\",\"dateModified\":\"2024-01-19T14:17:14+00:00\",\"breadcrumb\":{\"@id\":\"https:\/\/www.hydronix.com\/fr\/industries\/#breadcrumb\"},\"inLanguage\":\"fr-FR\",\"potentialAction\":[{\"@type\":\"ReadAction\",\"target\":[\"https:\/\/www.hydronix.com\/fr\/industries\/\"]}]},{\"@type\":\"ImageObject\",\"inLanguage\":\"fr-FR\",\"@id\":\"https:\/\/www.hydronix.com\/fr\/industries\/#primaryimage\",\"url\":\"https:\/\/www.hydronix.com\/wp-content\/uploads\/2022\/09\/Z-industries.jpg\",\"contentUrl\":\"https:\/\/www.hydronix.com\/wp-content\/uploads\/2022\/09\/Z-industries.jpg\",\"width\":2000,\"height\":400},{\"@type\":\"BreadcrumbList\",\"@id\":\"https:\/\/www.hydronix.com\/fr\/industries\/#breadcrumb\",\"itemListElement\":[{\"@type\":\"ListItem\",\"position\":1,\"name\":\"Accueil\",\"item\":\"https:\/\/www.hydronix.com\/fr\/\"},{\"@type\":\"ListItem\",\"position\":2,\"name\":\"Industries\"}]},{\"@type\":\"WebSite\",\"@id\":\"https:\/\/www.hydronix.com\/fr\/#website\",\"url\":\"https:\/\/www.hydronix.com\/fr\/\",\"name\":\"Hydronix\",\"description\":\"Your partner in moisture measurement\",\"potentialAction\":[{\"@type\":\"SearchAction\",\"target\":{\"@type\":\"EntryPoint\",\"urlTemplate\":\"https:\/\/www.hydronix.com\/fr\/?s={search_term_string}\"},\"query-input\":{\"@type\":\"PropertyValueSpecification\",\"valueRequired\":true,\"valueName\":\"search_term_string\"}}],\"inLanguage\":\"fr-FR\"}]}<\/script>\n<!-- \/ Yoast SEO plugin. -->","yoast_head_json":{"title":"Industries - Hydronix","robots":{"index":"index","follow":"follow","max-snippet":"max-snippet:-1","max-image-preview":"max-image-preview:large","max-video-preview":"max-video-preview:-1"},"canonical":"https:\/\/www.hydronix.com\/fr\/industries\/","og_locale":"fr_FR","og_type":"article","og_title":"Industries - Hydronix","og_description":"Les sondes de mesure de l\u2019humidit\u00e9 par micro-ondes Hydronix sont utilis\u00e9es dans des applications diverses, dans le monde entier, pour mesurer l\u2019humidit\u00e9 ou le degr\u00e9 Brix de mat\u00e9riaux fluides. La technique de mesure num\u00e9rique \u00e0 micro-ondes exclusive d\u2019Hydronix permet de configurer les sondes pour atteindre des performances optimales dans une grande diversit\u00e9 de min\u00e9raux et [...]Lire la suite\u2026 from Industries","og_url":"https:\/\/www.hydronix.com\/fr\/industries\/","og_site_name":"Hydronix","article_modified_time":"2024-01-19T14:17:14+00:00","og_image":[{"width":2000,"height":400,"url":"https:\/\/www.hydronix.com\/wp-content\/uploads\/2022\/09\/Z-industries.jpg","type":"image\/jpeg"}],"twitter_card":"summary_large_image","twitter_misc":{"Dur\u00e9e de lecture estim\u00e9e":"1 minute"},"schema":{"@context":"https:\/\/schema.org","@graph":[{"@type":"WebPage","@id":"https:\/\/www.hydronix.com\/fr\/industries\/","url":"https:\/\/www.hydronix.com\/fr\/industries\/","name":"Industries - Hydronix","isPartOf":{"@id":"https:\/\/www.hydronix.com\/fr\/#website"},"primaryImageOfPage":{"@id":"https:\/\/www.hydronix.com\/fr\/industries\/#primaryimage"},"image":{"@id":"https:\/\/www.hydronix.com\/fr\/industries\/#primaryimage"},"thumbnailUrl":"https:\/\/www.hydronix.com\/wp-content\/uploads\/2022\/09\/Z-industries.jpg","datePublished":"2022-09-12T12:51:46+00:00","dateModified":"2024-01-19T14:17:14+00:00","breadcrumb":{"@id":"https:\/\/www.hydronix.com\/fr\/industries\/#breadcrumb"},"inLanguage":"fr-FR","potentialAction":[{"@type":"ReadAction","target":["https:\/\/www.hydronix.com\/fr\/industries\/"]}]},{"@type":"ImageObject","inLanguage":"fr-FR","@id":"https:\/\/www.hydronix.com\/fr\/industries\/#primaryimage","url":"https:\/\/www.hydronix.com\/wp-content\/uploads\/2022\/09\/Z-industries.jpg","contentUrl":"https:\/\/www.hydronix.com\/wp-content\/uploads\/2022\/09\/Z-industries.jpg","width":2000,"height":400},{"@type":"BreadcrumbList","@id":"https:\/\/www.hydronix.com\/fr\/industries\/#breadcrumb","itemListElement":[{"@type":"ListItem","position":1,"name":"Accueil","item":"https:\/\/www.hydronix.com\/fr\/"},{"@type":"ListItem","position":2,"name":"Industries"}]},{"@type":"WebSite","@id":"https:\/\/www.hydronix.com\/fr\/#website","url":"https:\/\/www.hydronix.com\/fr\/","name":"Hydronix","description":"Your partner in moisture measurement","potentialAction":[{"@type":"SearchAction","target":{"@type":"EntryPoint","urlTemplate":"https:\/\/www.hydronix.com\/fr\/?s={search_term_string}"},"query-input":{"@type":"PropertyValueSpecification","valueRequired":true,"valueName":"search_term_string"}}],"inLanguage":"fr-FR"}]}},"_links":{"self":[{"href":"https:\/\/www.hydronix.com\/fr\/wp-json\/wp\/v2\/pages\/128","targetHints":{"allow":["GET"]}}],"collection":[{"href":"https:\/\/www.hydronix.com\/fr\/wp-json\/wp\/v2\/pages"}],"about":[{"href":"https:\/\/www.hydronix.com\/fr\/wp-json\/wp\/v2\/types\/page"}],"author":[{"embeddable":true,"href":"https:\/\/www.hydronix.com\/fr\/wp-json\/wp\/v2\/users\/1"}],"replies":[{"embeddable":true,"href":"https:\/\/www.hydronix.com\/fr\/wp-json\/wp\/v2\/comments?post=128"}],"version-history":[{"count":0,"href":"https:\/\/www.hydronix.com\/fr\/wp-json\/wp\/v2\/pages\/128\/revisions"}],"wp:featuredmedia":[{"embeddable":true,"href":"https:\/\/www.hydronix.com\/fr\/wp-json\/wp\/v2\/media\/533"}],"wp:attachment":[{"href":"https:\/\/www.hydronix.com\/fr\/wp-json\/wp\/v2\/media?parent=128"}],"wp:term":[{"taxonomy":"industries","embeddable":true,"href":"https:\/\/www.hydronix.com\/fr\/wp-json\/wp\/v2\/industries?post=128"},{"taxonomy":"process","embeddable":true,"href":"https:\/\/www.hydronix.com\/fr\/wp-json\/wp\/v2\/process?post=128"}],"curies":[{"name":"wp","href":"https:\/\/api.w.org\/{rel}","templated":true}]}}