{"id":109,"date":"2022-09-12T13:47:11","date_gmt":"2022-09-12T13:47:11","guid":{"rendered":"https:\/\/hx2.chilliservers.co.uk\/?page_id=109"},"modified":"2023-06-15T09:49:59","modified_gmt":"2023-06-15T09:49:59","slug":"securite-alimentaire","status":"publish","type":"page","link":"https:\/\/www.hydronix.com\/fr\/mesurer\/securite-alimentaire\/","title":{"rendered":"S\u00e9curit\u00e9 Alimentaire"},"content":{"rendered":"<!-- icon_hero -->\n<section class=\"application_hero d-flex py-5\" style=\"background-image:url(https:\/\/www.hydronix.com\/wp-content\/uploads\/2022\/09\/E-food.jpg)\">\n    <div class=\"overlay\"><\/div>\n    <div class=\"container my-auto\">\n        <div class=\"row\">\n            <div class=\"col-lg-2\"><img decoding=\"async\" src=\"https:\/\/www.hydronix.com\/wp-content\/themes\/cb-hydronix\/img\/icons\/icon__food-safe--wo.svg\" class=\"w-50 w-lg-100\"><\/div>\n            <div class=\"col-lg-10 d-flex hero__content\"><h1 class=\"my-auto text-white\">S\u00e9curit\u00e9 Alimentaire<\/h1><\/div>\n        <\/div>\n    <\/div>\n<\/section>\n<section class=\"sub_page_title py-1 mb-4\">\n    <div class=\"container-xl\">\n        <p id=\"breadcrumbs\"><span><span><a href=\"https:\/\/www.hydronix.com\/fr\/\">Accueil<\/a><\/span><\/span><\/p>    <\/div>\n<\/section>\n\n\n    <div class=\"container-xl\">\n\t\t\n<p>Cette sonde a \u00e9t\u00e9 con\u00e7ue pour mesurer l\u2019humidit\u00e9 des mat\u00e9riaux en \u00e9coulement lorsqu\u2019il est n\u00e9cessaire de garantir la s\u00e9curit\u00e9 des aliments. La sonde est conforme aux exigences de la norme EN&nbsp;1935\/2004.<\/p>\n    <\/div>\n    \n\n<!-- products -->\n<section class=\"prod_by_app product pb-5\">\n    <div class=\"container-xl\">\n        <h2>Produits<\/h2>\n        <div class=\"row g-3\">\n\n    <div class=\"col-sm-6 col-lg-3\">\n        <a class=\"product__card\" href=\"https:\/\/www.hydronix.com\/fr\/produits\/hydro-mix-xt-fs\/\">\n            <img decoding=\"async\" src=\"https:\/\/www.hydronix.com\/wp-content\/uploads\/2022\/09\/hmxtfs-front-300x169.png\">\n            <div class=\"mb-2 fw-bold\">Hydro-Mix XT-FS<\/div>\n            <div class=\"mb-2 product__subtitle\">Sonde d&rsquo;humidit\u00e9\u00a0: montage en affleurement de qualit\u00e9 alimentaire pour les malaxeurs et les convoyeurs<\/div>\n            <div class=\"badges\">\n                                        <div class=\"badge badge--food-safe\"><\/div>\n                                    <\/div>\n        <\/a>\n    <\/div>\n            <\/div>\n    <\/div>\n<\/section>","protected":false},"excerpt":{"rendered":"<p>Cette sonde a \u00e9t\u00e9 con\u00e7ue pour mesurer l\u2019humidit\u00e9 des mat\u00e9riaux en \u00e9coulement lorsqu\u2019il est n\u00e9cessaire de garantir la s\u00e9curit\u00e9 des aliments. La sonde est conforme aux exigences de la norme EN&nbsp;1935\/2004. [&#8230;]<\/p>\n<p><a class=\"btn btn-secondary understrap-read-more-link\" href=\"https:\/\/www.hydronix.com\/fr\/mesurer\/securite-alimentaire\/\">Lire la suite\u2026<span class=\"screen-reader-text\"> from S\u00e9curit\u00e9 Alimentaire<\/span><\/a><\/p>\n","protected":false},"author":1,"featured_media":0,"parent":99,"menu_order":313,"comment_status":"closed","ping_status":"closed","template":"","meta":{"_acf_changed":false,"content-type":"","inline_featured_image":false,"footnotes":""},"industries":[],"process":[],"class_list":["post-109","page","type-page","status-publish","hentry"],"acf":[],"yoast_head":"<!-- This site is optimized with the Yoast SEO plugin v27.1.1 - https:\/\/yoast.com\/product\/yoast-seo-wordpress\/ -->\n<title>S\u00e9curit\u00e9 Alimentaire - Hydronix<\/title>\n<meta name=\"robots\" content=\"index, follow, max-snippet:-1, max-image-preview:large, max-video-preview:-1\" \/>\n<link rel=\"canonical\" href=\"https:\/\/www.hydronix.com\/fr\/mesurer\/securite-alimentaire\/\" \/>\n<meta property=\"og:locale\" content=\"fr_FR\" \/>\n<meta property=\"og:type\" content=\"article\" \/>\n<meta property=\"og:title\" content=\"S\u00e9curit\u00e9 Alimentaire - Hydronix\" \/>\n<meta property=\"og:description\" content=\"Cette sonde a \u00e9t\u00e9 con\u00e7ue pour mesurer l\u2019humidit\u00e9 des mat\u00e9riaux en \u00e9coulement lorsqu\u2019il est n\u00e9cessaire de garantir la s\u00e9curit\u00e9 des aliments. La sonde est conforme aux exigences de la norme EN&nbsp;1935\/2004. [...]Lire la suite\u2026 from S\u00e9curit\u00e9 Alimentaire\" \/>\n<meta property=\"og:url\" content=\"https:\/\/www.hydronix.com\/fr\/mesurer\/securite-alimentaire\/\" \/>\n<meta property=\"og:site_name\" content=\"Hydronix\" \/>\n<meta property=\"article:modified_time\" content=\"2023-06-15T09:49:59+00:00\" \/>\n<meta name=\"twitter:card\" content=\"summary_large_image\" \/>\n<meta name=\"twitter:label1\" content=\"Dur\u00e9e de lecture estim\u00e9e\" \/>\n\t<meta name=\"twitter:data1\" content=\"1 minute\" \/>\n<script type=\"application\/ld+json\" class=\"yoast-schema-graph\">{\"@context\":\"https:\/\/schema.org\",\"@graph\":[{\"@type\":\"WebPage\",\"@id\":\"https:\/\/www.hydronix.com\/fr\/mesurer\/securite-alimentaire\/\",\"url\":\"https:\/\/www.hydronix.com\/fr\/mesurer\/securite-alimentaire\/\",\"name\":\"S\u00e9curit\u00e9 Alimentaire - Hydronix\",\"isPartOf\":{\"@id\":\"https:\/\/www.hydronix.com\/fr\/#website\"},\"datePublished\":\"2022-09-12T13:47:11+00:00\",\"dateModified\":\"2023-06-15T09:49:59+00:00\",\"breadcrumb\":{\"@id\":\"https:\/\/www.hydronix.com\/fr\/mesurer\/securite-alimentaire\/#breadcrumb\"},\"inLanguage\":\"fr-FR\",\"potentialAction\":[{\"@type\":\"ReadAction\",\"target\":[\"https:\/\/www.hydronix.com\/fr\/mesurer\/securite-alimentaire\/\"]}]},{\"@type\":\"BreadcrumbList\",\"@id\":\"https:\/\/www.hydronix.com\/fr\/mesurer\/securite-alimentaire\/#breadcrumb\",\"itemListElement\":[{\"@type\":\"ListItem\",\"position\":1,\"name\":\"Accueil\",\"item\":\"https:\/\/www.hydronix.com\/fr\/\"},{\"@type\":\"ListItem\",\"position\":2,\"name\":\"Mesurer\",\"item\":\"https:\/\/www.hydronix.com\/fr\/mesurer\/\"},{\"@type\":\"ListItem\",\"position\":3,\"name\":\"S\u00e9curit\u00e9 Alimentaire\"}]},{\"@type\":\"WebSite\",\"@id\":\"https:\/\/www.hydronix.com\/fr\/#website\",\"url\":\"https:\/\/www.hydronix.com\/fr\/\",\"name\":\"Hydronix\",\"description\":\"Your partner in moisture measurement\",\"potentialAction\":[{\"@type\":\"SearchAction\",\"target\":{\"@type\":\"EntryPoint\",\"urlTemplate\":\"https:\/\/www.hydronix.com\/fr\/?s={search_term_string}\"},\"query-input\":{\"@type\":\"PropertyValueSpecification\",\"valueRequired\":true,\"valueName\":\"search_term_string\"}}],\"inLanguage\":\"fr-FR\"}]}<\/script>\n<!-- \/ Yoast SEO plugin. -->","yoast_head_json":{"title":"S\u00e9curit\u00e9 Alimentaire - Hydronix","robots":{"index":"index","follow":"follow","max-snippet":"max-snippet:-1","max-image-preview":"max-image-preview:large","max-video-preview":"max-video-preview:-1"},"canonical":"https:\/\/www.hydronix.com\/fr\/mesurer\/securite-alimentaire\/","og_locale":"fr_FR","og_type":"article","og_title":"S\u00e9curit\u00e9 Alimentaire - Hydronix","og_description":"Cette sonde a \u00e9t\u00e9 con\u00e7ue pour mesurer l\u2019humidit\u00e9 des mat\u00e9riaux en \u00e9coulement lorsqu\u2019il est n\u00e9cessaire de garantir la s\u00e9curit\u00e9 des aliments. La sonde est conforme aux exigences de la norme EN&nbsp;1935\/2004. [...]Lire la suite\u2026 from S\u00e9curit\u00e9 Alimentaire","og_url":"https:\/\/www.hydronix.com\/fr\/mesurer\/securite-alimentaire\/","og_site_name":"Hydronix","article_modified_time":"2023-06-15T09:49:59+00:00","twitter_card":"summary_large_image","twitter_misc":{"Dur\u00e9e de lecture estim\u00e9e":"1 minute"},"schema":{"@context":"https:\/\/schema.org","@graph":[{"@type":"WebPage","@id":"https:\/\/www.hydronix.com\/fr\/mesurer\/securite-alimentaire\/","url":"https:\/\/www.hydronix.com\/fr\/mesurer\/securite-alimentaire\/","name":"S\u00e9curit\u00e9 Alimentaire - Hydronix","isPartOf":{"@id":"https:\/\/www.hydronix.com\/fr\/#website"},"datePublished":"2022-09-12T13:47:11+00:00","dateModified":"2023-06-15T09:49:59+00:00","breadcrumb":{"@id":"https:\/\/www.hydronix.com\/fr\/mesurer\/securite-alimentaire\/#breadcrumb"},"inLanguage":"fr-FR","potentialAction":[{"@type":"ReadAction","target":["https:\/\/www.hydronix.com\/fr\/mesurer\/securite-alimentaire\/"]}]},{"@type":"BreadcrumbList","@id":"https:\/\/www.hydronix.com\/fr\/mesurer\/securite-alimentaire\/#breadcrumb","itemListElement":[{"@type":"ListItem","position":1,"name":"Accueil","item":"https:\/\/www.hydronix.com\/fr\/"},{"@type":"ListItem","position":2,"name":"Mesurer","item":"https:\/\/www.hydronix.com\/fr\/mesurer\/"},{"@type":"ListItem","position":3,"name":"S\u00e9curit\u00e9 Alimentaire"}]},{"@type":"WebSite","@id":"https:\/\/www.hydronix.com\/fr\/#website","url":"https:\/\/www.hydronix.com\/fr\/","name":"Hydronix","description":"Your partner in moisture measurement","potentialAction":[{"@type":"SearchAction","target":{"@type":"EntryPoint","urlTemplate":"https:\/\/www.hydronix.com\/fr\/?s={search_term_string}"},"query-input":{"@type":"PropertyValueSpecification","valueRequired":true,"valueName":"search_term_string"}}],"inLanguage":"fr-FR"}]}},"_links":{"self":[{"href":"https:\/\/www.hydronix.com\/fr\/wp-json\/wp\/v2\/pages\/109","targetHints":{"allow":["GET"]}}],"collection":[{"href":"https:\/\/www.hydronix.com\/fr\/wp-json\/wp\/v2\/pages"}],"about":[{"href":"https:\/\/www.hydronix.com\/fr\/wp-json\/wp\/v2\/types\/page"}],"author":[{"embeddable":true,"href":"https:\/\/www.hydronix.com\/fr\/wp-json\/wp\/v2\/users\/1"}],"replies":[{"embeddable":true,"href":"https:\/\/www.hydronix.com\/fr\/wp-json\/wp\/v2\/comments?post=109"}],"version-history":[{"count":0,"href":"https:\/\/www.hydronix.com\/fr\/wp-json\/wp\/v2\/pages\/109\/revisions"}],"up":[{"embeddable":true,"href":"https:\/\/www.hydronix.com\/fr\/wp-json\/wp\/v2\/pages\/99"}],"wp:attachment":[{"href":"https:\/\/www.hydronix.com\/fr\/wp-json\/wp\/v2\/media?parent=109"}],"wp:term":[{"taxonomy":"industries","embeddable":true,"href":"https:\/\/www.hydronix.com\/fr\/wp-json\/wp\/v2\/industries?post=109"},{"taxonomy":"process","embeddable":true,"href":"https:\/\/www.hydronix.com\/fr\/wp-json\/wp\/v2\/process?post=109"}],"curies":[{"name":"wp","href":"https:\/\/api.w.org\/{rel}","templated":true}]}}