{"id":10194,"date":"2022-09-12T15:36:48","date_gmt":"2022-09-12T15:36:48","guid":{"rendered":"https:\/\/hx2.chilliservers.co.uk\/?page_id=10194"},"modified":"2025-02-20T14:55:07","modified_gmt":"2025-02-20T14:55:07","slug":"videotheque","status":"publish","type":"page","link":"https:\/\/www.hydronix.com\/fr\/ressources\/videotheque\/","title":{"rendered":"Vid\u00e9oth\u00e8que Hydronix"},"content":{"rendered":"    <div class=\"container-xl\">\n\t\t\n<p>Les vid\u00e9os ci-dessous sont des pr\u00e9sentations de produits et vous proposent des exemples de sondes d\u2019humidit\u00e9 Hydronix install\u00e9es dans diff\u00e9rentes applications. <\/p>\n    <\/div>\n    \n\n    <div class=\"container-xl\">\n\t\t\n<p>Pour plus d\u2019informations sur les applications et les installations, veuillez <a href=\"https:\/\/www.hydronix.com\/fr\/a-propos-dhydronix\/contactez-nous\/\">nous contacter.<\/a><\/p>\n    <\/div>\n    \n\n    <div class=\"container-xl\">\n\t\t\n<p><\/p>\n    <\/div>\n    \n\n<style>\n.video-grid {\n    display: grid;\n    gap: 1rem;\n}\n@media (min-width:992px) {\n    .video-grid {\n        grid-template-columns: repeat(2, 1fr);\n    }\n}\n@media (min-width:1200px) {\n    .video-grid {\n        grid-template-columns: repeat(3, 1fr);\n    }\n}\nlite-vimeo {\n    background-size: cover;\n    background-position: center;\n    background-repeat: no-repeat;\n}\n.video-description {\n    background-color: #0078a9;\n    color: white;\n    min-height: 4rem;\n}\n<\/style>\n<section class=\"three_col_video py-5  \">\n    <div class=\"container-xl\">\n                <h2>T\u00e9moignage Client<\/h2>\n            <div class=\"video-grid\">        <div class=\"video-container\">\n            <div class=\"video-preview ratio ratio-16x9\">\n                                <lite-vimeo videoid=\"1025052168\" style=\"background-image:url('https:\/\/i.vimeocdn.com\/video\/1944527524-f299d8c1e6ef91a8fa23b31f320f773f292a406d4da86b50557e70ef9ec54f26-d_295x166?region=us');\"><\/lite-vimeo>\n                                <\/div>\n            <div class=\"video-description p-2\">\n                Curran Contracting: production d&rsquo;asphalte            <\/div>\n        <\/div>\n            <\/div>    <\/div>\n<\/section>\n<script type=module src=\"https:\/\/www.hydronix.com\/wp-content\/themes\/cb-hydronix\/js\/lite-vimeo.js\" defer><\/script>\n\n\n<style>\n.video-grid {\n    display: grid;\n    gap: 1rem;\n}\n@media (min-width:992px) {\n    .video-grid {\n        grid-template-columns: repeat(2, 1fr);\n    }\n}\n@media (min-width:1200px) {\n    .video-grid {\n        grid-template-columns: repeat(3, 1fr);\n    }\n}\nlite-vimeo {\n    background-size: cover;\n    background-position: center;\n    background-repeat: no-repeat;\n}\n.video-description {\n    background-color: #0078a9;\n    color: white;\n    min-height: 4rem;\n}\n<\/style>\n<section class=\"three_col_video py-5  \">\n    <div class=\"container-xl\">\n                <h2>B\u00e9ton et construction<\/h2>\n            <div class=\"video-grid\">        <div class=\"video-container\">\n            <div class=\"video-preview ratio ratio-16x9\">\n                                <lite-vimeo videoid=\"951952777\" style=\"background-image:url('https:\/\/i.vimeocdn.com\/video\/1861379625-58f2f8605b8ddfedf94a16e727ac0c4d6b3f1316a2f69833a3e4babb83cfb9df-d_295x166?region=us');\"><\/lite-vimeo>\n                                <\/div>\n            <div class=\"video-description p-2\">\n                Aper\u00e7u des produits Hydronix pour la construction en b\u00e9ton            <\/div>\n        <\/div>\n                    <div class=\"video-container\">\n            <div class=\"video-preview ratio ratio-16x9\">\n                                <lite-vimeo videoid=\"236757122\" style=\"background-image:url('https:\/\/i.vimeocdn.com\/video\/658955637-cc8abd8497eac342fe1814d2dd927b93fc8790c077c9f0081fcf1beea058c74a-d_295x166?region=us');\"><\/lite-vimeo>\n                                <\/div>\n            <div class=\"video-description p-2\">\n                Sonde d\u2019humidit\u00e9 \u00e0 micro-ondes Hydro-Probe sur un convoyeur de sable            <\/div>\n        <\/div>\n                    <div class=\"video-container\">\n            <div class=\"video-preview ratio ratio-16x9\">\n                                <lite-vimeo videoid=\"236549957\" style=\"background-image:url('https:\/\/i.vimeocdn.com\/video\/658688719-3b2df93dd273030c044d3aad803f7ed4ba9ca7f3e391f21cf64aa5d9e825c553-d_640?region=us');\"><\/lite-vimeo>\n                                <\/div>\n            <div class=\"video-description p-2\">\n                Sonde de mesure de l\u2019humidit\u00e9 Hydro-Mix install\u00e9e dans un Hydro-Skid sur un convoyeur de sable            <\/div>\n        <\/div>\n                    <div class=\"video-container\">\n            <div class=\"video-preview ratio ratio-16x9\">\n                                <lite-vimeo videoid=\"237904871\" style=\"background-image:url('https:\/\/i.vimeocdn.com\/video\/660449611-62416f3f6ca2813e7841a33febf9e1dd13d08e63d6418c9c9dbcd342d8204e32-d_295x166?region=us');\"><\/lite-vimeo>\n                                <\/div>\n            <div class=\"video-description p-2\">\n                Sonde d\u2019humidit\u00e9 Hydro-Probe install\u00e9e sous une cuve de sable            <\/div>\n        <\/div>\n                    <div class=\"video-container\">\n            <div class=\"video-preview ratio ratio-16x9\">\n                                <lite-vimeo videoid=\"237881330\" style=\"background-image:url('https:\/\/i.vimeocdn.com\/video\/660419579-186b3e312f2b9a822cce7bec3436104cd7dcb34395bb7185a07a5babc9591fa8-d_295x166?region=us');\"><\/lite-vimeo>\n                                <\/div>\n            <div class=\"video-description p-2\">\n                Sonde Hydro-Probe mesurant l\u2019humidit\u00e9 dans des granulats sous une cuve de granulats            <\/div>\n        <\/div>\n                    <div class=\"video-container\">\n            <div class=\"video-preview ratio ratio-16x9\">\n                                <lite-vimeo videoid=\"236756585\" style=\"background-image:url('https:\/\/i.vimeocdn.com\/video\/658953105-9ff32e9df02203931c54aed7060d84de89a225793cd5d684a56f6e8d14eb0af7-d_295x166?region=us');\"><\/lite-vimeo>\n                                <\/div>\n            <div class=\"video-description p-2\">\n                Mesure de l\u2019humidit\u00e9 sur un convoyeur \u00e0 asphalte avec une sonde d\u2019humidit\u00e9 Hydro-Mix            <\/div>\n        <\/div>\n                    <div class=\"video-container\">\n            <div class=\"video-preview ratio ratio-16x9\">\n                                <lite-vimeo videoid=\"236549211\" style=\"background-image:url('https:\/\/i.vimeocdn.com\/video\/658956852-eef3305326ba81bc6ded510c9e3491b201b267f3ee27aef87f145b21720a76a7-d_295x166?region=us');\"><\/lite-vimeo>\n                                <\/div>\n            <div class=\"video-description p-2\">\n                Sonde Hydro-Mix mesurant l\u2019humidit\u00e9 durant l\u2019extrusion de terre cuite dans une fabrique de briques            <\/div>\n        <\/div>\n                    <div class=\"video-container\">\n            <div class=\"video-preview ratio ratio-16x9\">\n                                <lite-vimeo videoid=\"236758000\" style=\"background-image:url('https:\/\/i.vimeocdn.com\/video\/658960798-d22492e323d5209e26f08363610cc93e66dbcaacd6aaaf12215fad0afeb8c5e6-d_295x166?region=us');\"><\/lite-vimeo>\n                                <\/div>\n            <div class=\"video-description p-2\">\n                Mesure de l\u2019humidit\u00e9 dans un malaxeur plan\u00e9taire de b\u00e9ton &#8211; Hydro-Probe Orbiter            <\/div>\n        <\/div>\n                    <div class=\"video-container\">\n            <div class=\"video-preview ratio ratio-16x9\">\n                                <lite-vimeo videoid=\"236757019\" style=\"background-image:url('https:\/\/i.vimeocdn.com\/video\/659115070-dbc791159289b029e87cc92790a2a2f66d2810289adf6752b4225df2d89954eb-d_295x166?region=us');\"><\/lite-vimeo>\n                                <\/div>\n            <div class=\"video-description p-2\">\n                Hydro-Probe Orbiter &#8211; montage typique dans un malaxeur            <\/div>\n        <\/div>\n                    <div class=\"video-container\">\n            <div class=\"video-preview ratio ratio-16x9\">\n                                <lite-vimeo videoid=\"236756884\" style=\"background-image:url('https:\/\/i.vimeocdn.com\/video\/659115224-2d0d4018170bca58b36f1b0edd2c5bb04a39c2e9f9fdaae0e15128213c1a8f8c-d_295x166?region=us');\"><\/lite-vimeo>\n                                <\/div>\n            <div class=\"video-description p-2\">\n                Mesure de l\u2019humidit\u00e9 dans le charbon broy\u00e9, sur un convoyeur, \u00e0 l\u2019aide de la sonde Hydro-Mix            <\/div>\n        <\/div>\n            <\/div>    <\/div>\n<\/section>\n<script type=module src=\"https:\/\/www.hydronix.com\/wp-content\/themes\/cb-hydronix\/js\/lite-vimeo.js\" defer><\/script>\n\n\n<style>\n.video-grid {\n    display: grid;\n    gap: 1rem;\n}\n@media (min-width:992px) {\n    .video-grid {\n        grid-template-columns: repeat(2, 1fr);\n    }\n}\n@media (min-width:1200px) {\n    .video-grid {\n        grid-template-columns: repeat(3, 1fr);\n    }\n}\nlite-vimeo {\n    background-size: cover;\n    background-position: center;\n    background-repeat: no-repeat;\n}\n.video-description {\n    background-color: #0078a9;\n    color: white;\n    min-height: 4rem;\n}\n<\/style>\n<section class=\"three_col_video py-5  \">\n    <div class=\"container-xl\">\n                <h2>Graines, Semences et Fruits ol\u00e9agineux<\/h2>\n            <div class=\"video-grid\">        <div class=\"video-container\">\n            <div class=\"video-preview ratio ratio-16x9\">\n                                <lite-vimeo videoid=\"241510813\" style=\"background-image:url('https:\/\/i.vimeocdn.com\/video\/665115700-14cd4919690593da2a6f7f8c865f6c6139fcf2a0c195193d2a05e8af6c4e89d5-d_640?region=us');\"><\/lite-vimeo>\n                                <\/div>\n            <div class=\"video-description p-2\">\n                Sonde Hydro-Mix mesurant l\u2019humidit\u00e9 dans un syst\u00e8me de conduite de graines            <\/div>\n        <\/div>\n                    <div class=\"video-container\">\n            <div class=\"video-preview ratio ratio-16x9\">\n                                <lite-vimeo videoid=\"1058564043\" style=\"background-image:url('https:\/\/i.vimeocdn.com\/video\/1984805032-54e7b3666727846cf68493fc2e8e18cce698b68e63f9ff10592184a14b0c12e9-d_295x166?region=us');\"><\/lite-vimeo>\n                                <\/div>\n            <div class=\"video-description p-2\">\n                Mesure de l&rsquo;humidit\u00e9 dans un syst\u00e8me de conduits de c\u00e9r\u00e9ales            <\/div>\n        <\/div>\n                    <div class=\"video-container\">\n            <div class=\"video-preview ratio ratio-16x9\">\n                                <lite-vimeo videoid=\"236551434\" style=\"background-image:url('https:\/\/i.vimeocdn.com\/video\/658960129-6f92b7b3553f03471d0c43574f3cad82d7cc1a5a067185eeab756cff512a8b76-d_295x166?region=us');\"><\/lite-vimeo>\n                                <\/div>\n            <div class=\"video-description p-2\">\n                Mesure de l\u2019humidit\u00e9 des graines &#8211; Sonde Hydronix install\u00e9e sur un convoyeur en masse            <\/div>\n        <\/div>\n                    <div class=\"video-container\">\n            <div class=\"video-preview ratio ratio-16x9\">\n                                <lite-vimeo videoid=\"238045049\" style=\"background-image:url('https:\/\/i.vimeocdn.com\/video\/660631353-ffeb5152be64c3ccc17acbfb0e49f088889443bc28ab37fc233b00acaa0a7968-d_295x166?region=us');\"><\/lite-vimeo>\n                                <\/div>\n            <div class=\"video-description p-2\">\n                Mesure de l\u2019humidit\u00e9 du riz sur un convoyeur, \u00e0 l\u2019aide d\u2019une sonde Hydronix            <\/div>\n        <\/div>\n            <\/div>    <\/div>\n<\/section>\n<script type=module src=\"https:\/\/www.hydronix.com\/wp-content\/themes\/cb-hydronix\/js\/lite-vimeo.js\" defer><\/script>\n\n\n<style>\n.video-grid {\n    display: grid;\n    gap: 1rem;\n}\n@media (min-width:992px) {\n    .video-grid {\n        grid-template-columns: repeat(2, 1fr);\n    }\n}\n@media (min-width:1200px) {\n    .video-grid {\n        grid-template-columns: repeat(3, 1fr);\n    }\n}\nlite-vimeo {\n    background-size: cover;\n    background-position: center;\n    background-repeat: no-repeat;\n}\n.video-description {\n    background-color: #0078a9;\n    color: white;\n    min-height: 4rem;\n}\n<\/style>\n<section class=\"three_col_video py-5  \">\n    <div class=\"container-xl\">\n                <h2>P\u00e2te \u00e0 papier<\/h2>\n            <div class=\"video-grid\">        <div class=\"video-container\">\n            <div class=\"video-preview ratio ratio-16x9\">\n                                <lite-vimeo videoid=\"564077707\" style=\"background-image:url('https:\/\/i.vimeocdn.com\/video\/1166126551-4d0ffc94686de9dd3c96bc804a192a9299d97c3fb7017345a52134a67db81910-d_295x166?region=us');\"><\/lite-vimeo>\n                                <\/div>\n            <div class=\"video-description p-2\">\n                Hydro-Mix sur un Hydro-Skid dans des papiers us\u00e9s            <\/div>\n        <\/div>\n            <\/div>    <\/div>\n<\/section>\n<script type=module src=\"https:\/\/www.hydronix.com\/wp-content\/themes\/cb-hydronix\/js\/lite-vimeo.js\" defer><\/script>\n\n\n<style>\n.video-grid {\n    display: grid;\n    gap: 1rem;\n}\n@media (min-width:992px) {\n    .video-grid {\n        grid-template-columns: repeat(2, 1fr);\n    }\n}\n@media (min-width:1200px) {\n    .video-grid {\n        grid-template-columns: repeat(3, 1fr);\n    }\n}\nlite-vimeo {\n    background-size: cover;\n    background-position: center;\n    background-repeat: no-repeat;\n}\n.video-description {\n    background-color: #0078a9;\n    color: white;\n    min-height: 4rem;\n}\n<\/style>\n<section class=\"three_col_video py-5  \">\n    <div class=\"container-xl\">\n                <h2>Pr\u00e9sentations de produits<\/h2>\n            <div class=\"video-grid\">        <div class=\"video-container\">\n            <div class=\"video-preview ratio ratio-16x9\">\n                                <lite-vimeo videoid=\"542033590\" style=\"background-image:url('https:\/\/i.vimeocdn.com\/video\/1122179360-42e53c09fa7876627f5a7cfbf6925eeabf869e99bcb634c0b3785973316c9f7a-d_295x166?region=us');\"><\/lite-vimeo>\n                                <\/div>\n            <div class=\"video-description p-2\">\n                Sonde d\u2019humidit\u00e9 de pr\u00e9cision Hydro-Mix XT-EX pour les environnements industriels dangereux            <\/div>\n        <\/div>\n                    <div class=\"video-container\">\n            <div class=\"video-preview ratio ratio-16x9\">\n                                <lite-vimeo videoid=\"769813395\" style=\"background-image:url('https:\/\/i.vimeocdn.com\/video\/1545113975-b1b0959a228a79ccc17bddd63d5ff131e9c80f326698c2bb2d9bb46bb94fc438-d_295x166?region=us');\"><\/lite-vimeo>\n                                <\/div>\n            <div class=\"video-description p-2\">\n                Sonde de haute temp\u00e9rature Hydro-Mix HT-EX pour les environnements industriels dangereux            <\/div>\n        <\/div>\n                    <div class=\"video-container\">\n            <div class=\"video-preview ratio ratio-16x9\">\n                                <lite-vimeo videoid=\"769842407\" style=\"background-image:url('https:\/\/i.vimeocdn.com\/video\/1545163631-437ecfd7376675a0efab40e2802285a4d9cdd1401f9135d2e4371aa9f240f0b3-d_295x166?region=us');\"><\/lite-vimeo>\n                                <\/div>\n            <div class=\"video-description p-2\">\n                Sonde d\u2019humidit\u00e9 num\u00e9rique \u00e0 micro-ondes Hydro-Mix XT-FS pour applications alimentaires, mont\u00e9e en affleurement            <\/div>\n        <\/div>\n            <\/div>    <\/div>\n<\/section>\n<script type=module src=\"https:\/\/www.hydronix.com\/wp-content\/themes\/cb-hydronix\/js\/lite-vimeo.js\" defer><\/script>\n","protected":false},"excerpt":{"rendered":"<p>Les vid\u00e9os ci-dessous sont des pr\u00e9sentations de produits et vous proposent des exemples de sondes d\u2019humidit\u00e9 Hydronix install\u00e9es dans diff\u00e9rentes applications. Pour plus d\u2019informations sur les applications et les installations, veuillez nous contacter. [&#8230;]<\/p>\n<p><a class=\"btn btn-secondary understrap-read-more-link\" href=\"https:\/\/www.hydronix.com\/fr\/ressources\/videotheque\/\">Lire la suite\u2026<span class=\"screen-reader-text\"> from Vid\u00e9oth\u00e8que Hydronix<\/span><\/a><\/p>\n","protected":false},"author":1,"featured_media":0,"parent":130,"menu_order":224,"comment_status":"closed","ping_status":"closed","template":"page-templates\/fullwidthpage.php","meta":{"_acf_changed":false,"content-type":"","inline_featured_image":false,"footnotes":""},"industries":[],"process":[],"class_list":["post-10194","page","type-page","status-publish","hentry"],"acf":[],"yoast_head":"<!-- This site is optimized with the Yoast SEO plugin v27.1.1 - https:\/\/yoast.com\/product\/yoast-seo-wordpress\/ -->\n<title>Vid\u00e9oth\u00e8que Hydronix | Hydronix<\/title>\n<meta name=\"description\" content=\"La vid\u00e9oth\u00e8que Hydronix pr\u00e9sente des sondes d&#039;humidit\u00e9 micro-onde leaders du secteur pour de nombreuses industries et applications.\" \/>\n<meta name=\"robots\" content=\"index, follow, max-snippet:-1, max-image-preview:large, max-video-preview:-1\" \/>\n<link rel=\"canonical\" href=\"https:\/\/www.hydronix.com\/fr\/ressources\/videotheque\/\" \/>\n<meta property=\"og:locale\" content=\"fr_FR\" \/>\n<meta property=\"og:type\" content=\"article\" \/>\n<meta property=\"og:title\" content=\"Vid\u00e9oth\u00e8que Hydronix | Hydronix\" \/>\n<meta property=\"og:description\" content=\"La vid\u00e9oth\u00e8que Hydronix pr\u00e9sente des sondes d&#039;humidit\u00e9 micro-onde leaders du secteur pour de nombreuses industries et applications.\" \/>\n<meta property=\"og:url\" content=\"https:\/\/www.hydronix.com\/fr\/ressources\/videotheque\/\" \/>\n<meta property=\"og:site_name\" content=\"Hydronix\" \/>\n<meta property=\"article:modified_time\" content=\"2025-02-20T14:55:07+00:00\" \/>\n<meta name=\"twitter:card\" content=\"summary_large_image\" \/>\n<meta name=\"twitter:label1\" content=\"Dur\u00e9e de lecture estim\u00e9e\" \/>\n\t<meta name=\"twitter:data1\" content=\"1 minute\" \/>\n<script type=\"application\/ld+json\" class=\"yoast-schema-graph\">{\"@context\":\"https:\/\/schema.org\",\"@graph\":[{\"@type\":\"WebPage\",\"@id\":\"https:\/\/www.hydronix.com\/fr\/ressources\/videotheque\/\",\"url\":\"https:\/\/www.hydronix.com\/fr\/ressources\/videotheque\/\",\"name\":\"Vid\u00e9oth\u00e8que Hydronix | Hydronix\",\"isPartOf\":{\"@id\":\"https:\/\/www.hydronix.com\/fr\/#website\"},\"datePublished\":\"2022-09-12T15:36:48+00:00\",\"dateModified\":\"2025-02-20T14:55:07+00:00\",\"description\":\"La vid\u00e9oth\u00e8que Hydronix pr\u00e9sente des sondes d'humidit\u00e9 micro-onde leaders du secteur pour de nombreuses industries et applications.\",\"breadcrumb\":{\"@id\":\"https:\/\/www.hydronix.com\/fr\/ressources\/videotheque\/#breadcrumb\"},\"inLanguage\":\"fr-FR\",\"potentialAction\":[{\"@type\":\"ReadAction\",\"target\":[\"https:\/\/www.hydronix.com\/fr\/ressources\/videotheque\/\"]}]},{\"@type\":\"BreadcrumbList\",\"@id\":\"https:\/\/www.hydronix.com\/fr\/ressources\/videotheque\/#breadcrumb\",\"itemListElement\":[{\"@type\":\"ListItem\",\"position\":1,\"name\":\"Accueil\",\"item\":\"https:\/\/www.hydronix.com\/fr\/hydronix\/\"},{\"@type\":\"ListItem\",\"position\":2,\"name\":\"Ressources\",\"item\":\"https:\/\/www.hydronix.com\/fr\/ressources\/\"},{\"@type\":\"ListItem\",\"position\":3,\"name\":\"Vid\u00e9oth\u00e8que Hydronix\"}]},{\"@type\":\"WebSite\",\"@id\":\"https:\/\/www.hydronix.com\/fr\/#website\",\"url\":\"https:\/\/www.hydronix.com\/fr\/\",\"name\":\"Hydronix\",\"description\":\"Your partner in moisture measurement\",\"potentialAction\":[{\"@type\":\"SearchAction\",\"target\":{\"@type\":\"EntryPoint\",\"urlTemplate\":\"https:\/\/www.hydronix.com\/fr\/?s={search_term_string}\"},\"query-input\":{\"@type\":\"PropertyValueSpecification\",\"valueRequired\":true,\"valueName\":\"search_term_string\"}}],\"inLanguage\":\"fr-FR\"}]}<\/script>\n<!-- \/ Yoast SEO plugin. -->","yoast_head_json":{"title":"Vid\u00e9oth\u00e8que Hydronix | Hydronix","description":"La vid\u00e9oth\u00e8que Hydronix pr\u00e9sente des sondes d'humidit\u00e9 micro-onde leaders du secteur pour de nombreuses industries et applications.","robots":{"index":"index","follow":"follow","max-snippet":"max-snippet:-1","max-image-preview":"max-image-preview:large","max-video-preview":"max-video-preview:-1"},"canonical":"https:\/\/www.hydronix.com\/fr\/ressources\/videotheque\/","og_locale":"fr_FR","og_type":"article","og_title":"Vid\u00e9oth\u00e8que Hydronix | Hydronix","og_description":"La vid\u00e9oth\u00e8que Hydronix pr\u00e9sente des sondes d'humidit\u00e9 micro-onde leaders du secteur pour de nombreuses industries et applications.","og_url":"https:\/\/www.hydronix.com\/fr\/ressources\/videotheque\/","og_site_name":"Hydronix","article_modified_time":"2025-02-20T14:55:07+00:00","twitter_card":"summary_large_image","twitter_misc":{"Dur\u00e9e de lecture estim\u00e9e":"1 minute"},"schema":{"@context":"https:\/\/schema.org","@graph":[{"@type":"WebPage","@id":"https:\/\/www.hydronix.com\/fr\/ressources\/videotheque\/","url":"https:\/\/www.hydronix.com\/fr\/ressources\/videotheque\/","name":"Vid\u00e9oth\u00e8que Hydronix | Hydronix","isPartOf":{"@id":"https:\/\/www.hydronix.com\/fr\/#website"},"datePublished":"2022-09-12T15:36:48+00:00","dateModified":"2025-02-20T14:55:07+00:00","description":"La vid\u00e9oth\u00e8que Hydronix pr\u00e9sente des sondes d'humidit\u00e9 micro-onde leaders du secteur pour de nombreuses industries et applications.","breadcrumb":{"@id":"https:\/\/www.hydronix.com\/fr\/ressources\/videotheque\/#breadcrumb"},"inLanguage":"fr-FR","potentialAction":[{"@type":"ReadAction","target":["https:\/\/www.hydronix.com\/fr\/ressources\/videotheque\/"]}]},{"@type":"BreadcrumbList","@id":"https:\/\/www.hydronix.com\/fr\/ressources\/videotheque\/#breadcrumb","itemListElement":[{"@type":"ListItem","position":1,"name":"Accueil","item":"https:\/\/www.hydronix.com\/fr\/hydronix\/"},{"@type":"ListItem","position":2,"name":"Ressources","item":"https:\/\/www.hydronix.com\/fr\/ressources\/"},{"@type":"ListItem","position":3,"name":"Vid\u00e9oth\u00e8que Hydronix"}]},{"@type":"WebSite","@id":"https:\/\/www.hydronix.com\/fr\/#website","url":"https:\/\/www.hydronix.com\/fr\/","name":"Hydronix","description":"Your partner in moisture measurement","potentialAction":[{"@type":"SearchAction","target":{"@type":"EntryPoint","urlTemplate":"https:\/\/www.hydronix.com\/fr\/?s={search_term_string}"},"query-input":{"@type":"PropertyValueSpecification","valueRequired":true,"valueName":"search_term_string"}}],"inLanguage":"fr-FR"}]}},"_links":{"self":[{"href":"https:\/\/www.hydronix.com\/fr\/wp-json\/wp\/v2\/pages\/10194","targetHints":{"allow":["GET"]}}],"collection":[{"href":"https:\/\/www.hydronix.com\/fr\/wp-json\/wp\/v2\/pages"}],"about":[{"href":"https:\/\/www.hydronix.com\/fr\/wp-json\/wp\/v2\/types\/page"}],"author":[{"embeddable":true,"href":"https:\/\/www.hydronix.com\/fr\/wp-json\/wp\/v2\/users\/1"}],"replies":[{"embeddable":true,"href":"https:\/\/www.hydronix.com\/fr\/wp-json\/wp\/v2\/comments?post=10194"}],"version-history":[{"count":3,"href":"https:\/\/www.hydronix.com\/fr\/wp-json\/wp\/v2\/pages\/10194\/revisions"}],"predecessor-version":[{"id":39335,"href":"https:\/\/www.hydronix.com\/fr\/wp-json\/wp\/v2\/pages\/10194\/revisions\/39335"}],"up":[{"embeddable":true,"href":"https:\/\/www.hydronix.com\/fr\/wp-json\/wp\/v2\/pages\/130"}],"wp:attachment":[{"href":"https:\/\/www.hydronix.com\/fr\/wp-json\/wp\/v2\/media?parent=10194"}],"wp:term":[{"taxonomy":"industries","embeddable":true,"href":"https:\/\/www.hydronix.com\/fr\/wp-json\/wp\/v2\/industries?post=10194"},{"taxonomy":"process","embeddable":true,"href":"https:\/\/www.hydronix.com\/fr\/wp-json\/wp\/v2\/process?post=10194"}],"curies":[{"name":"wp","href":"https:\/\/api.w.org\/{rel}","templated":true}]}}