{"id":10187,"date":"2022-09-14T12:57:33","date_gmt":"2022-09-14T12:57:33","guid":{"rendered":"https:\/\/hx2.chilliservers.co.uk\/?page_id=10187"},"modified":"2023-12-22T15:49:46","modified_gmt":"2023-12-22T15:49:46","slug":"service-et-garantie","status":"publish","type":"page","link":"https:\/\/www.hydronix.com\/fr\/service-et-garantie\/","title":{"rendered":"Service et garantie"},"content":{"rendered":"    \n<!-- hero_short -->\n<section class=\"short_hero d-flex py-5\" style=\"background-image:url(https:\/\/www.hydronix.com\/wp-content\/uploads\/2022\/09\/hero-product-water-abstract.jpg)\">\n    <div class=\"overlay\"><\/div>\n    <div class=\"container-xl my-auto\">\n        <div class=\"row\">\n            <div class=\"col-lg-5 hero__content\">\n                <h1>Service et garantie<\/h1>\n            <\/div>\n        <\/div>\n    <\/div>\n<\/section>\n<!--section class=\"sub_page_title py-1 mb-4\">\n    <div class=\"container-xl\">\n        <p id=\"breadcrumbs\"><span><span><a href=\"https:\/\/www.hydronix.com\/fr\/\">Accueil<\/a><\/span><\/span><\/p>    <\/div>\n<\/section-->\n\n\n\n<div style=\"height:30px\" aria-hidden=\"true\" class=\"wp-block-spacer\"><\/div>\n\n\n    <div class=\"container-xl\">\n\t\t\n<p>Nous sommes bien conscients des implications financi\u00e8res que peut avoir une interruption de production dans une usine et de la n\u00e9cessit\u00e9 d\u2019agir rapidement en cas de panne. Afin de fournir \u00e0 ses clients le meilleur service et le meilleur support possibles pour ses \u00e9quipements, Hydronix propose un \u00e9ventail d\u2019options de service apr\u00e8s-vente qui b\u00e9n\u00e9ficient \u00e0 la fois aux revendeurs et\/ou aux utilisateurs.<\/p>\n    <\/div>\n    \n\n<!-- accordion -->\n<section class=\"faq py-5\">\n    <div class=\"container\">\n        <div id=\"accordion\" class=\"w-md-75\"><div class=\"py-4 border-bottom border-top\">  <div class=\"h4 question \" data-bs-toggle=\"collapse\" id=\"heading_0\" data-bs-target=\"#collapse_0\" aria-expanded=\"true\" aria-controls=\"collapse_0\">Garantie standard de 2\u00a0ans<\/div>  <div class=\"answer collapse show\" id=\"collapse_0\" aria-labelledby=\"heading_0\" data-bs-parent=\"#accordion\"><div class=\"pt-2\" itemprop=\"text\"><p>Ce service gratuit repr\u00e9sente la garantie standard couvrant tous les produits Hydronix. Elle offre une couverture contre les d\u00e9fauts de pi\u00e8ces et\/ou de main-d\u2019\u0153uvre. Toutes les pi\u00e8ces dont la d\u00e9fectuosit\u00e9 aura \u00e9t\u00e9 av\u00e9r\u00e9e pendant la p\u00e9riode de garantie seront r\u00e9par\u00e9es ou remplac\u00e9es et Hydronix fera de son mieux pour retourner toutes les pi\u00e8ces r\u00e9par\u00e9es dans les 15\u00a0jours ouvr\u00e9s \u00e0 compter de leur r\u00e9ception.<\/p>\n<p>La couverture est valable pendant 2\u00a0ans \u00e0 partir de la date de facturation par Hydronix. De plus, toute r\u00e9paration est couverte par une garantie de 6\u00a0mois suppl\u00e9mentaires.<\/p>\n<p>Cette garantie sera annul\u00e9e si les d\u00e9g\u00e2ts sont caus\u00e9s par un accident (par exemple, provoqu\u00e9 par la foudre), une mauvaise manipulation ou utilisation, une utilisation incorrecte ou abusive, un cas de force majeure, une r\u00e9paration ou une modification non autoris\u00e9e ou si le produit n\u2019a pas \u00e9t\u00e9 utilis\u00e9 conform\u00e9ment aux sp\u00e9cifications et aux recommandations du fabricant.<\/p>\n<\/div><\/div><\/div><div class=\"py-4 border-bottom \">  <div class=\"h4 question collapsed\" data-bs-toggle=\"collapse\" id=\"heading_1\" data-bs-target=\"#collapse_1\" aria-expanded=\"true\" aria-controls=\"collapse_1\">Extension de garantie sur 4\u00a0ans<\/div>  <div class=\"answer collapse \" id=\"collapse_1\" aria-labelledby=\"heading_1\" data-bs-parent=\"#accordion\"><div class=\"pt-2\" itemprop=\"text\"><p>Cette option offre la m\u00eame couverture que la garantie standard, avec un service de remplacement plus souple. L\u2019extension de garantie sur 4\u00a0ans peut \u00eatre achet\u00e9e r\u00e9trospectivement dans les 6\u00a0mois qui suivent la date initiale de facturation par Hydronix. Elle porte la couverture \u00e0 une p\u00e9riode totale de 4\u00a0ans.<\/p>\n<p>En cas de panne d\u2019une unit\u00e9, <strong>quelle que soit sa cause<\/strong>, Hydronix exp\u00e9die imm\u00e9diatement une unit\u00e9 de rechange n\u2019importe o\u00f9 dans le monde et accepte de renoncer aux frais du service de remplacement et aux frais de transport associ\u00e9s (\u00e0 l\u2019exclusion des imp\u00f4ts locaux et des taxes) pour la premi\u00e8re unit\u00e9 renvoy\u00e9e.<\/p>\n<\/div><\/div><\/div><div class=\"py-4 border-bottom \">  <div class=\"h4 question collapsed\" data-bs-toggle=\"collapse\" id=\"heading_2\" data-bs-target=\"#collapse_2\" aria-expanded=\"true\" aria-controls=\"collapse_2\">\u00c9change pour r\u00e9paration sous garantie<\/div>  <div class=\"answer collapse \" id=\"collapse_2\" aria-labelledby=\"heading_2\" data-bs-parent=\"#accordion\"><div class=\"pt-2\" itemprop=\"text\"><p>Dans la plupart des cas, les d\u00e9faillances apparemment dues \u00e0 une panne de sonde d\u2019humidit\u00e9 sont en r\u00e9alit\u00e9 caus\u00e9es par des \u00e9l\u00e9ments m\u00e9caniques, logiciels ou \u00e9lectriques du syst\u00e8me. Notre proc\u00e9dure d\u2019\u00e9change pour r\u00e9paration sous garantie pr\u00e9voit d\u2019envoyer aux clients une unit\u00e9 de rechange le plus t\u00f4t possible, pour permettre aux techniciens de d\u00e9terminer rapidement si la sonde fonctionne correctement et sinon de rechercher la v\u00e9ritable cause de la panne dans une autre partie du syst\u00e8me.<\/p>\n<p>Hydronix exp\u00e9diera une unit\u00e9 de rechange imm\u00e9diatement et ne facturera ni le service ni les frais d\u2019exp\u00e9dition (\u00e0 l\u2019exclusion des imp\u00f4ts locaux et des taxes) si la panne est couverte par l\u2019une des garanties Hydronix. Si l\u2019unit\u00e9 renvoy\u00e9e n\u2019est pas class\u00e9e dans la cat\u00e9gorie des retours sous garantie (par exemple, si elle a subi des dommages dus \u00e0 une mauvaise utilisation ou \u00e0 un accident), Hydronix facturera les frais du service de remplacement, ainsi que les frais d\u2019exp\u00e9dition associ\u00e9s et les co\u00fbts de r\u00e9paration de l\u2019\u00e9quipement renvoy\u00e9.<\/p>\n<\/div><\/div><\/div><div class=\"py-4 border-bottom \">  <div class=\"h4 question collapsed\" data-bs-toggle=\"collapse\" id=\"heading_3\" data-bs-target=\"#collapse_3\" aria-expanded=\"true\" aria-controls=\"collapse_3\">Service de remplacement hors garantie<\/div>  <div class=\"answer collapse \" id=\"collapse_3\" aria-labelledby=\"heading_3\" data-bs-parent=\"#accordion\"><div class=\"pt-2\" itemprop=\"text\"><p>Cette option payante permet aux clients poss\u00e9dant un \u00e9quipement dont toutes les options de garantie Hydronix ont expir\u00e9 de b\u00e9n\u00e9ficier d\u2019un service \u00e9quivalent. Elle s\u2019applique \u00e0 des unit\u00e9s d\u2019un \u00e2ge inf\u00e9rieur ou \u00e9gal \u00e0 cinq ans \u00e0 partir de la date de facturation par Hydronix.<\/p>\n<\/div><\/div><\/div><\/div>    <\/div>\n<\/section>","protected":false},"excerpt":{"rendered":"<p>Nous sommes bien conscients des implications financi\u00e8res que peut avoir une interruption de production dans une usine et de la n\u00e9cessit\u00e9 d\u2019agir rapidement en cas de panne. Afin de fournir \u00e0 ses clients le meilleur service et le meilleur support possibles pour ses \u00e9quipements, Hydronix propose un \u00e9ventail d\u2019options de service apr\u00e8s-vente qui b\u00e9n\u00e9ficient \u00e0 [&#8230;]<\/p>\n<p><a class=\"btn btn-secondary understrap-read-more-link\" href=\"https:\/\/www.hydronix.com\/fr\/service-et-garantie\/\">Lire la suite\u2026<span class=\"screen-reader-text\"> from Service et garantie<\/span><\/a><\/p>\n","protected":false},"author":1,"featured_media":287,"parent":0,"menu_order":608,"comment_status":"closed","ping_status":"closed","template":"","meta":{"_acf_changed":false,"content-type":"","inline_featured_image":false,"footnotes":""},"industries":[],"process":[],"class_list":["post-10187","page","type-page","status-publish","has-post-thumbnail","hentry"],"acf":[],"yoast_head":"<!-- This site is optimized with the Yoast SEO plugin v27.1.1 - https:\/\/yoast.com\/product\/yoast-seo-wordpress\/ -->\n<title>Service et garantie - Hydronix<\/title>\n<meta name=\"robots\" content=\"index, follow, max-snippet:-1, max-image-preview:large, max-video-preview:-1\" \/>\n<link rel=\"canonical\" href=\"https:\/\/www.hydronix.com\/fr\/service-et-garantie\/\" \/>\n<meta property=\"og:locale\" content=\"fr_FR\" \/>\n<meta property=\"og:type\" content=\"article\" \/>\n<meta property=\"og:title\" content=\"Service et garantie - Hydronix\" \/>\n<meta property=\"og:description\" content=\"Nous sommes bien conscients des implications financi\u00e8res que peut avoir une interruption de production dans une usine et de la n\u00e9cessit\u00e9 d\u2019agir rapidement en cas de panne. Afin de fournir \u00e0 ses clients le meilleur service et le meilleur support possibles pour ses \u00e9quipements, Hydronix propose un \u00e9ventail d\u2019options de service apr\u00e8s-vente qui b\u00e9n\u00e9ficient \u00e0 [...]Lire la suite\u2026 from Service et garantie\" \/>\n<meta property=\"og:url\" content=\"https:\/\/www.hydronix.com\/fr\/service-et-garantie\/\" \/>\n<meta property=\"og:site_name\" content=\"Hydronix\" \/>\n<meta property=\"article:modified_time\" content=\"2023-12-22T15:49:46+00:00\" \/>\n<meta property=\"og:image\" content=\"https:\/\/www.hydronix.com\/wp-content\/uploads\/2022\/09\/hero-product-water-abstract.jpg\" \/>\n\t<meta property=\"og:image:width\" content=\"2000\" \/>\n\t<meta property=\"og:image:height\" content=\"400\" \/>\n\t<meta property=\"og:image:type\" content=\"image\/jpeg\" \/>\n<meta name=\"twitter:card\" content=\"summary_large_image\" \/>\n<meta name=\"twitter:label1\" content=\"Dur\u00e9e de lecture estim\u00e9e\" \/>\n\t<meta name=\"twitter:data1\" content=\"1 minute\" \/>\n<script type=\"application\/ld+json\" class=\"yoast-schema-graph\">{\"@context\":\"https:\/\/schema.org\",\"@graph\":[{\"@type\":\"WebPage\",\"@id\":\"https:\/\/www.hydronix.com\/fr\/service-et-garantie\/\",\"url\":\"https:\/\/www.hydronix.com\/fr\/service-et-garantie\/\",\"name\":\"Service et garantie - Hydronix\",\"isPartOf\":{\"@id\":\"https:\/\/www.hydronix.com\/fr\/#website\"},\"primaryImageOfPage\":{\"@id\":\"https:\/\/www.hydronix.com\/fr\/service-et-garantie\/#primaryimage\"},\"image\":{\"@id\":\"https:\/\/www.hydronix.com\/fr\/service-et-garantie\/#primaryimage\"},\"thumbnailUrl\":\"https:\/\/www.hydronix.com\/wp-content\/uploads\/2022\/09\/hero-product-water-abstract.jpg\",\"datePublished\":\"2022-09-14T12:57:33+00:00\",\"dateModified\":\"2023-12-22T15:49:46+00:00\",\"breadcrumb\":{\"@id\":\"https:\/\/www.hydronix.com\/fr\/service-et-garantie\/#breadcrumb\"},\"inLanguage\":\"fr-FR\",\"potentialAction\":[{\"@type\":\"ReadAction\",\"target\":[\"https:\/\/www.hydronix.com\/fr\/service-et-garantie\/\"]}]},{\"@type\":\"ImageObject\",\"inLanguage\":\"fr-FR\",\"@id\":\"https:\/\/www.hydronix.com\/fr\/service-et-garantie\/#primaryimage\",\"url\":\"https:\/\/www.hydronix.com\/wp-content\/uploads\/2022\/09\/hero-product-water-abstract.jpg\",\"contentUrl\":\"https:\/\/www.hydronix.com\/wp-content\/uploads\/2022\/09\/hero-product-water-abstract.jpg\",\"width\":2000,\"height\":400},{\"@type\":\"BreadcrumbList\",\"@id\":\"https:\/\/www.hydronix.com\/fr\/service-et-garantie\/#breadcrumb\",\"itemListElement\":[{\"@type\":\"ListItem\",\"position\":1,\"name\":\"Accueil\",\"item\":\"https:\/\/www.hydronix.com\/fr\/\"},{\"@type\":\"ListItem\",\"position\":2,\"name\":\"Service et garantie\"}]},{\"@type\":\"WebSite\",\"@id\":\"https:\/\/www.hydronix.com\/fr\/#website\",\"url\":\"https:\/\/www.hydronix.com\/fr\/\",\"name\":\"Hydronix\",\"description\":\"Your partner in moisture measurement\",\"potentialAction\":[{\"@type\":\"SearchAction\",\"target\":{\"@type\":\"EntryPoint\",\"urlTemplate\":\"https:\/\/www.hydronix.com\/fr\/?s={search_term_string}\"},\"query-input\":{\"@type\":\"PropertyValueSpecification\",\"valueRequired\":true,\"valueName\":\"search_term_string\"}}],\"inLanguage\":\"fr-FR\"}]}<\/script>\n<!-- \/ Yoast SEO plugin. -->","yoast_head_json":{"title":"Service et garantie - Hydronix","robots":{"index":"index","follow":"follow","max-snippet":"max-snippet:-1","max-image-preview":"max-image-preview:large","max-video-preview":"max-video-preview:-1"},"canonical":"https:\/\/www.hydronix.com\/fr\/service-et-garantie\/","og_locale":"fr_FR","og_type":"article","og_title":"Service et garantie - Hydronix","og_description":"Nous sommes bien conscients des implications financi\u00e8res que peut avoir une interruption de production dans une usine et de la n\u00e9cessit\u00e9 d\u2019agir rapidement en cas de panne. Afin de fournir \u00e0 ses clients le meilleur service et le meilleur support possibles pour ses \u00e9quipements, Hydronix propose un \u00e9ventail d\u2019options de service apr\u00e8s-vente qui b\u00e9n\u00e9ficient \u00e0 [...]Lire la suite\u2026 from Service et garantie","og_url":"https:\/\/www.hydronix.com\/fr\/service-et-garantie\/","og_site_name":"Hydronix","article_modified_time":"2023-12-22T15:49:46+00:00","og_image":[{"width":2000,"height":400,"url":"https:\/\/www.hydronix.com\/wp-content\/uploads\/2022\/09\/hero-product-water-abstract.jpg","type":"image\/jpeg"}],"twitter_card":"summary_large_image","twitter_misc":{"Dur\u00e9e de lecture estim\u00e9e":"1 minute"},"schema":{"@context":"https:\/\/schema.org","@graph":[{"@type":"WebPage","@id":"https:\/\/www.hydronix.com\/fr\/service-et-garantie\/","url":"https:\/\/www.hydronix.com\/fr\/service-et-garantie\/","name":"Service et garantie - Hydronix","isPartOf":{"@id":"https:\/\/www.hydronix.com\/fr\/#website"},"primaryImageOfPage":{"@id":"https:\/\/www.hydronix.com\/fr\/service-et-garantie\/#primaryimage"},"image":{"@id":"https:\/\/www.hydronix.com\/fr\/service-et-garantie\/#primaryimage"},"thumbnailUrl":"https:\/\/www.hydronix.com\/wp-content\/uploads\/2022\/09\/hero-product-water-abstract.jpg","datePublished":"2022-09-14T12:57:33+00:00","dateModified":"2023-12-22T15:49:46+00:00","breadcrumb":{"@id":"https:\/\/www.hydronix.com\/fr\/service-et-garantie\/#breadcrumb"},"inLanguage":"fr-FR","potentialAction":[{"@type":"ReadAction","target":["https:\/\/www.hydronix.com\/fr\/service-et-garantie\/"]}]},{"@type":"ImageObject","inLanguage":"fr-FR","@id":"https:\/\/www.hydronix.com\/fr\/service-et-garantie\/#primaryimage","url":"https:\/\/www.hydronix.com\/wp-content\/uploads\/2022\/09\/hero-product-water-abstract.jpg","contentUrl":"https:\/\/www.hydronix.com\/wp-content\/uploads\/2022\/09\/hero-product-water-abstract.jpg","width":2000,"height":400},{"@type":"BreadcrumbList","@id":"https:\/\/www.hydronix.com\/fr\/service-et-garantie\/#breadcrumb","itemListElement":[{"@type":"ListItem","position":1,"name":"Accueil","item":"https:\/\/www.hydronix.com\/fr\/"},{"@type":"ListItem","position":2,"name":"Service et garantie"}]},{"@type":"WebSite","@id":"https:\/\/www.hydronix.com\/fr\/#website","url":"https:\/\/www.hydronix.com\/fr\/","name":"Hydronix","description":"Your partner in moisture measurement","potentialAction":[{"@type":"SearchAction","target":{"@type":"EntryPoint","urlTemplate":"https:\/\/www.hydronix.com\/fr\/?s={search_term_string}"},"query-input":{"@type":"PropertyValueSpecification","valueRequired":true,"valueName":"search_term_string"}}],"inLanguage":"fr-FR"}]}},"_links":{"self":[{"href":"https:\/\/www.hydronix.com\/fr\/wp-json\/wp\/v2\/pages\/10187","targetHints":{"allow":["GET"]}}],"collection":[{"href":"https:\/\/www.hydronix.com\/fr\/wp-json\/wp\/v2\/pages"}],"about":[{"href":"https:\/\/www.hydronix.com\/fr\/wp-json\/wp\/v2\/types\/page"}],"author":[{"embeddable":true,"href":"https:\/\/www.hydronix.com\/fr\/wp-json\/wp\/v2\/users\/1"}],"replies":[{"embeddable":true,"href":"https:\/\/www.hydronix.com\/fr\/wp-json\/wp\/v2\/comments?post=10187"}],"version-history":[{"count":0,"href":"https:\/\/www.hydronix.com\/fr\/wp-json\/wp\/v2\/pages\/10187\/revisions"}],"wp:featuredmedia":[{"embeddable":true,"href":"https:\/\/www.hydronix.com\/fr\/wp-json\/wp\/v2\/media\/287"}],"wp:attachment":[{"href":"https:\/\/www.hydronix.com\/fr\/wp-json\/wp\/v2\/media?parent=10187"}],"wp:term":[{"taxonomy":"industries","embeddable":true,"href":"https:\/\/www.hydronix.com\/fr\/wp-json\/wp\/v2\/industries?post=10187"},{"taxonomy":"process","embeddable":true,"href":"https:\/\/www.hydronix.com\/fr\/wp-json\/wp\/v2\/process?post=10187"}],"curies":[{"name":"wp","href":"https:\/\/api.w.org\/{rel}","templated":true}]}}