{"id":10181,"date":"2022-09-14T13:01:03","date_gmt":"2022-09-14T13:01:03","guid":{"rendered":"https:\/\/hx2.chilliservers.co.uk\/?page_id=10181"},"modified":"2022-09-20T13:10:09","modified_gmt":"2022-09-20T13:10:09","slug":"versions-du-logiciel-et-du-micrologiciel","status":"publish","type":"page","link":"https:\/\/www.hydronix.com\/fr\/versions-du-logiciel-et-du-micrologiciel\/","title":{"rendered":"Versions du logiciel et du micrologiciel"},"content":{"rendered":"    \n<!-- hero_short -->\n<section class=\"short_hero d-flex py-5\" style=\"background-image:url(https:\/\/www.hydronix.com\/wp-content\/uploads\/2022\/09\/product-bg-abstract-code.jpg)\">\n    <div class=\"overlay\"><\/div>\n    <div class=\"container-xl my-auto\">\n        <div class=\"row\">\n            <div class=\"col-lg-5 hero__content\">\n                <h1>Versions du logiciel et du micrologiciel<\/h1>\n            <\/div>\n        <\/div>\n    <\/div>\n<\/section>\n<!--section class=\"sub_page_title py-1 mb-4\">\n    <div class=\"container-xl\">\n        <p id=\"breadcrumbs\"><span><span><a href=\"https:\/\/www.hydronix.com\/fr\/hydronix\/\">Accueil<\/a><\/span><\/span><\/p>    <\/div>\n<\/section-->\n\n\n    <div class=\"container-xl\">\n\t\t\n<p><strong>Les derni\u00e8res versions du logiciel et du micrologiciel des sondes Hydronix sont r\u00e9pertori\u00e9es ci-dessous.<\/strong><\/p>\n    <\/div>\n    \n\n    <div class=\"container-xl pt-4\" id=\"logiciel\">\n        \n<h2>Logiciel<\/h2>\n    <\/div>\n    \n\n\n<ul class=\"container-xl ps-5 wp-block-list\"><li>Hydro-Com Software (&gt;Windows XP SP3) &#8211; HS0099 v2.13.0<\/li><li>Hydro-Com Software &#8211; HS0068 v1.8.0<\/li><li>Hydro-View (HV04) Software &#8211; HS0097 v2.3.0<\/li><li>Hydro-View (HV05) Software &#8211; HS0113 v1.6.0.0<\/li><li>Hydro-Control VI Software &#8211; HS0085 v2.19.0<\/li><li>Hydro-Control VI Database Editor- HS0100 v1.7.0<\/li><li>Sensor Interface Module (SIM01) Drivers &#8211; HS0076 v2.0.0<\/li><li>Sensor Interface Module (SIM02) Drivers &#8211; HS0109 v1.0.0<\/li><li>Hydro-Control V Upgrade Utility v7.6.0<\/li><li>Hydro-Hub Profibus Module GSD file \u2013 HS0118 v1.0.0<\/li><li>Hydro-Hub Ethernet\/IP Module EDS file \u2013 HS0120 v1.0.0<\/li><li>Hydro-Hub Profinet Module GSD file \u2013 HS0121 v1.0.0<\/li><\/ul>\n\n\n    <div class=\"container-xl pt-4\" id=\"micrologiciel\">\n        \n<h2>Micrologiciel<\/h2>\n    <\/div>\n    \n\n\n<ul class=\"container-xl ps-5 wp-block-list\"><li>Hydro-Com Sensor Firmware HS0104 v2.2.0 (Hydro-Com v2.0.0&gt;)<\/li><li>Hydro-Com Sensor Firmware HS0074 v1.0.20 (Hydro-Com v1.8.0)<\/li><\/ul>\n\n\n\n<div class=\"wp-block-columns container-xl is-layout-flex wp-container-core-columns-is-layout-9d6595d7 wp-block-columns-is-layout-flex\">\n<div class=\"wp-block-column is-layout-flow wp-block-column-is-layout-flow\">    <div class=\"container-xl pt-4\" id=\"hs0104-v2-2-2-compris\">\n        \n<h3>HS0104 v2.2.2 compris:<\/h3>\n    <\/div>\n    \n\n    <div class=\"container-xl pt-4\" id=\"hydro-probe\">\n        \n<h4>Hydro-Probe<\/h4>\n    <\/div>\n    \n\n\n<ul class=\"wp-block-list\"><li>HS0029 v3.01<\/li><li>HS0046 v1.34<\/li><li>HS0102 v1.12<\/li><\/ul>\n\n\n    <div class=\"container-xl pt-4\" id=\"hydro-probe-xt\">\n        \n<h4>Hydro-Probe XT<\/h4>\n    <\/div>\n    \n\n\n<ul class=\"wp-block-list\"><li>HS0089 v1.13<\/li><li>HS0102 v1.12<\/li><\/ul>\n\n\n    <div class=\"container-xl pt-4\" id=\"hydro-mix\">\n        \n<h4>Hydro-Mix<\/h4>\n    <\/div>\n    \n\n\n<ul class=\"wp-block-list\"><li>HS0045 v1.56<\/li><li>HS0047 v1.34<\/li><li>HS0077 v2.11<\/li><li>HS0089 v1.13<\/li><li>HS0102 v1.12<\/li><\/ul>\n\n\n    <div class=\"container-xl pt-4\" id=\"hydro-mix-xt\">\n        \n<h4>Hydro-Mix XT<\/h4>\n    <\/div>\n    \n\n\n<ul class=\"wp-block-list\"><li>HS0102 v1.12<\/li><\/ul>\n\n\n    <div class=\"container-xl pt-4\" id=\"hydro-mix-ht\">\n        \n<h4>Hydro-Mix HT<\/h4>\n    <\/div>\n    \n\n\n<ul class=\"wp-block-list\"><li>HS0102 v1.12<\/li><\/ul>\n\n\n    <div class=\"container-xl pt-4\" id=\"hydro-probe-orbiter\">\n        \n<h4>Hydro-Probe Orbiter<\/h4>\n    <\/div>\n    \n\n\n<ul class=\"wp-block-list\"><li>HS0063 v2.16<\/li><li>HS0077 v2.11<\/li><li>HS0089 v1.13<\/li><li>HS0102 v1.12<\/li><\/ul>\n\n\n    <div class=\"container-xl pt-4\" id=\"hydro-probe-se\">\n        \n<h4>Hydro-Probe SE<\/h4>\n    <\/div>\n    \n\n\n<ul class=\"wp-block-list\"><li>HS0048 v2.30<\/li><li>HS0070 v2.16<\/li><li>HS0077 v2.11<\/li><li>HS0089 v1.13<\/li><li>HS0102 v1.12<\/li><\/ul>\n<\/div>\n\n\n\n<div class=\"wp-block-column is-layout-flow wp-block-column-is-layout-flow\">    <div class=\"container-xl pt-4\" id=\"hs0074-v1-0-20-compris\">\n        \n<h3>HS0074 v1.0.20 compris:<\/h3>\n    <\/div>\n    \n\n    <div class=\"container-xl pt-4\" id=\"hydro-probe\">\n        \n<h4>Hydro-Probe<\/h4>\n    <\/div>\n    \n\n\n<ul class=\"wp-block-list\"><li>HS0029 v3.01<\/li><li>HS0046 v1.34<\/li><\/ul>\n\n\n    <div class=\"container-xl pt-4\" id=\"hydro-probe-xt\">\n        \n<h4>Hydro-Probe XT<\/h4>\n    <\/div>\n    \n\n\n<ul class=\"wp-block-list\"><li>HS0089 v1.13<\/li><\/ul>\n\n\n    <div class=\"container-xl pt-4\" id=\"hydro-mix\">\n        \n<h4>Hydro-Mix<\/h4>\n    <\/div>\n    \n\n\n<ul class=\"wp-block-list\"><li>HS0045 v1.56<\/li><li>HS0047 v1.34<\/li><li>HS0077 v2.11<\/li><li>HS0089 v1.13<\/li><\/ul>\n\n\n    <div class=\"container-xl pt-4\" id=\"hydro-probe-orbiter\">\n        \n<h4>Hydro-Probe Orbiter<\/h4>\n    <\/div>\n    \n\n\n<ul class=\"wp-block-list\"><li>HS0063 v2.16<\/li><li>HS0077 v2.11<\/li><li>HS0089 v1.13<\/li><\/ul>\n\n\n    <div class=\"container-xl pt-4\" id=\"hydro-probe-se\">\n        \n<h4>Hydro-Probe SE<\/h4>\n    <\/div>\n    \n\n\n<ul class=\"wp-block-list\"><li>HS0048 v2.30<\/li><li>HS0070 v2.16<\/li><li>HS0077 v2.11<\/li><li>HS0089 v1.13<\/li><\/ul>\n<\/div>\n<\/div>\n","protected":false},"excerpt":{"rendered":"<p>Les derni\u00e8res versions du logiciel et du micrologiciel des sondes Hydronix sont r\u00e9pertori\u00e9es ci-dessous. Logiciel Hydro-Com Software (&gt;Windows XP SP3) &#8211; HS0099 v2.13.0 Hydro-Com Software &#8211; HS0068 v1.8.0 Hydro-View (HV04) Software &#8211; HS0097 v2.3.0 Hydro-View (HV05) Software &#8211; HS0113 v1.6.0.0 Hydro-Control VI Software &#8211; HS0085 v2.19.0 Hydro-Control VI Database Editor- HS0100 v1.7.0 Sensor Interface Module [&#8230;]<\/p>\n<p><a class=\"btn btn-secondary understrap-read-more-link\" href=\"https:\/\/www.hydronix.com\/fr\/versions-du-logiciel-et-du-micrologiciel\/\">Lire la suite\u2026<span class=\"screen-reader-text\"> from Versions du logiciel et du micrologiciel<\/span><\/a><\/p>\n","protected":false},"author":1,"featured_media":670,"parent":0,"menu_order":0,"comment_status":"closed","ping_status":"closed","template":"","meta":{"_acf_changed":false,"content-type":"","inline_featured_image":false,"footnotes":""},"industries":[],"process":[],"class_list":["post-10181","page","type-page","status-publish","has-post-thumbnail","hentry"],"acf":[],"yoast_head":"<!-- This site is optimized with the Yoast SEO plugin v27.5 - https:\/\/yoast.com\/product\/yoast-seo-wordpress\/ -->\n<title>Versions du logiciel et du micrologiciel - Hydronix<\/title>\n<meta name=\"robots\" content=\"index, follow, max-snippet:-1, max-image-preview:large, max-video-preview:-1\" \/>\n<link rel=\"canonical\" href=\"https:\/\/www.hydronix.com\/fr\/versions-du-logiciel-et-du-micrologiciel\/\" \/>\n<meta property=\"og:locale\" content=\"fr_FR\" \/>\n<meta property=\"og:type\" content=\"article\" \/>\n<meta property=\"og:title\" content=\"Versions du logiciel et du micrologiciel - Hydronix\" \/>\n<meta property=\"og:description\" content=\"Les derni\u00e8res versions du logiciel et du micrologiciel des sondes Hydronix sont r\u00e9pertori\u00e9es ci-dessous. Logiciel Hydro-Com Software (&gt;Windows XP SP3) &#8211; HS0099 v2.13.0 Hydro-Com Software &#8211; HS0068 v1.8.0 Hydro-View (HV04) Software &#8211; HS0097 v2.3.0 Hydro-View (HV05) Software &#8211; HS0113 v1.6.0.0 Hydro-Control VI Software &#8211; HS0085 v2.19.0 Hydro-Control VI Database Editor- HS0100 v1.7.0 Sensor Interface Module [...]Lire la suite\u2026 from Versions du logiciel et du micrologiciel\" \/>\n<meta property=\"og:url\" content=\"https:\/\/www.hydronix.com\/fr\/versions-du-logiciel-et-du-micrologiciel\/\" \/>\n<meta property=\"og:site_name\" content=\"Hydronix\" \/>\n<meta property=\"article:modified_time\" content=\"2022-09-20T13:10:09+00:00\" \/>\n<meta property=\"og:image\" content=\"https:\/\/www.hydronix.com\/wp-content\/uploads\/2022\/09\/product-bg-abstract-code.jpg\" \/>\n\t<meta property=\"og:image:width\" content=\"1423\" \/>\n\t<meta property=\"og:image:height\" content=\"522\" \/>\n\t<meta property=\"og:image:type\" content=\"image\/jpeg\" \/>\n<meta name=\"twitter:card\" content=\"summary_large_image\" \/>\n<meta name=\"twitter:label1\" content=\"Dur\u00e9e de lecture estim\u00e9e\" \/>\n\t<meta name=\"twitter:data1\" content=\"1 minute\" \/>\n<script type=\"application\/ld+json\" class=\"yoast-schema-graph\">{\"@context\":\"https:\\\/\\\/schema.org\",\"@graph\":[{\"@type\":\"WebPage\",\"@id\":\"https:\\\/\\\/www.hydronix.com\\\/fr\\\/versions-du-logiciel-et-du-micrologiciel\\\/\",\"url\":\"https:\\\/\\\/www.hydronix.com\\\/fr\\\/versions-du-logiciel-et-du-micrologiciel\\\/\",\"name\":\"Versions du logiciel et du micrologiciel - Hydronix\",\"isPartOf\":{\"@id\":\"https:\\\/\\\/www.hydronix.com\\\/fr\\\/#website\"},\"primaryImageOfPage\":{\"@id\":\"https:\\\/\\\/www.hydronix.com\\\/fr\\\/versions-du-logiciel-et-du-micrologiciel\\\/#primaryimage\"},\"image\":{\"@id\":\"https:\\\/\\\/www.hydronix.com\\\/fr\\\/versions-du-logiciel-et-du-micrologiciel\\\/#primaryimage\"},\"thumbnailUrl\":\"https:\\\/\\\/www.hydronix.com\\\/wp-content\\\/uploads\\\/2022\\\/09\\\/product-bg-abstract-code.jpg\",\"datePublished\":\"2022-09-14T13:01:03+00:00\",\"dateModified\":\"2022-09-20T13:10:09+00:00\",\"breadcrumb\":{\"@id\":\"https:\\\/\\\/www.hydronix.com\\\/fr\\\/versions-du-logiciel-et-du-micrologiciel\\\/#breadcrumb\"},\"inLanguage\":\"fr-FR\",\"potentialAction\":[{\"@type\":\"ReadAction\",\"target\":[\"https:\\\/\\\/www.hydronix.com\\\/fr\\\/versions-du-logiciel-et-du-micrologiciel\\\/\"]}]},{\"@type\":\"ImageObject\",\"inLanguage\":\"fr-FR\",\"@id\":\"https:\\\/\\\/www.hydronix.com\\\/fr\\\/versions-du-logiciel-et-du-micrologiciel\\\/#primaryimage\",\"url\":\"https:\\\/\\\/www.hydronix.com\\\/wp-content\\\/uploads\\\/2022\\\/09\\\/product-bg-abstract-code.jpg\",\"contentUrl\":\"https:\\\/\\\/www.hydronix.com\\\/wp-content\\\/uploads\\\/2022\\\/09\\\/product-bg-abstract-code.jpg\",\"width\":1423,\"height\":522},{\"@type\":\"BreadcrumbList\",\"@id\":\"https:\\\/\\\/www.hydronix.com\\\/fr\\\/versions-du-logiciel-et-du-micrologiciel\\\/#breadcrumb\",\"itemListElement\":[{\"@type\":\"ListItem\",\"position\":1,\"name\":\"Accueil\",\"item\":\"https:\\\/\\\/www.hydronix.com\\\/fr\\\/hydronix\\\/\"},{\"@type\":\"ListItem\",\"position\":2,\"name\":\"Versions du logiciel et du micrologiciel\"}]},{\"@type\":\"WebSite\",\"@id\":\"https:\\\/\\\/www.hydronix.com\\\/fr\\\/#website\",\"url\":\"https:\\\/\\\/www.hydronix.com\\\/fr\\\/\",\"name\":\"Hydronix\",\"description\":\"Your partner in moisture measurement\",\"potentialAction\":[{\"@type\":\"SearchAction\",\"target\":{\"@type\":\"EntryPoint\",\"urlTemplate\":\"https:\\\/\\\/www.hydronix.com\\\/fr\\\/?s={search_term_string}\"},\"query-input\":{\"@type\":\"PropertyValueSpecification\",\"valueRequired\":true,\"valueName\":\"search_term_string\"}}],\"inLanguage\":\"fr-FR\"}]}<\/script>\n<!-- \/ Yoast SEO plugin. -->","yoast_head_json":{"title":"Versions du logiciel et du micrologiciel - Hydronix","robots":{"index":"index","follow":"follow","max-snippet":"max-snippet:-1","max-image-preview":"max-image-preview:large","max-video-preview":"max-video-preview:-1"},"canonical":"https:\/\/www.hydronix.com\/fr\/versions-du-logiciel-et-du-micrologiciel\/","og_locale":"fr_FR","og_type":"article","og_title":"Versions du logiciel et du micrologiciel - Hydronix","og_description":"Les derni\u00e8res versions du logiciel et du micrologiciel des sondes Hydronix sont r\u00e9pertori\u00e9es ci-dessous. Logiciel Hydro-Com Software (&gt;Windows XP SP3) &#8211; HS0099 v2.13.0 Hydro-Com Software &#8211; HS0068 v1.8.0 Hydro-View (HV04) Software &#8211; HS0097 v2.3.0 Hydro-View (HV05) Software &#8211; HS0113 v1.6.0.0 Hydro-Control VI Software &#8211; HS0085 v2.19.0 Hydro-Control VI Database Editor- HS0100 v1.7.0 Sensor Interface Module [...]Lire la suite\u2026 from Versions du logiciel et du micrologiciel","og_url":"https:\/\/www.hydronix.com\/fr\/versions-du-logiciel-et-du-micrologiciel\/","og_site_name":"Hydronix","article_modified_time":"2022-09-20T13:10:09+00:00","og_image":[{"width":1423,"height":522,"url":"https:\/\/www.hydronix.com\/wp-content\/uploads\/2022\/09\/product-bg-abstract-code.jpg","type":"image\/jpeg"}],"twitter_card":"summary_large_image","twitter_misc":{"Dur\u00e9e de lecture estim\u00e9e":"1 minute"},"schema":{"@context":"https:\/\/schema.org","@graph":[{"@type":"WebPage","@id":"https:\/\/www.hydronix.com\/fr\/versions-du-logiciel-et-du-micrologiciel\/","url":"https:\/\/www.hydronix.com\/fr\/versions-du-logiciel-et-du-micrologiciel\/","name":"Versions du logiciel et du micrologiciel - Hydronix","isPartOf":{"@id":"https:\/\/www.hydronix.com\/fr\/#website"},"primaryImageOfPage":{"@id":"https:\/\/www.hydronix.com\/fr\/versions-du-logiciel-et-du-micrologiciel\/#primaryimage"},"image":{"@id":"https:\/\/www.hydronix.com\/fr\/versions-du-logiciel-et-du-micrologiciel\/#primaryimage"},"thumbnailUrl":"https:\/\/www.hydronix.com\/wp-content\/uploads\/2022\/09\/product-bg-abstract-code.jpg","datePublished":"2022-09-14T13:01:03+00:00","dateModified":"2022-09-20T13:10:09+00:00","breadcrumb":{"@id":"https:\/\/www.hydronix.com\/fr\/versions-du-logiciel-et-du-micrologiciel\/#breadcrumb"},"inLanguage":"fr-FR","potentialAction":[{"@type":"ReadAction","target":["https:\/\/www.hydronix.com\/fr\/versions-du-logiciel-et-du-micrologiciel\/"]}]},{"@type":"ImageObject","inLanguage":"fr-FR","@id":"https:\/\/www.hydronix.com\/fr\/versions-du-logiciel-et-du-micrologiciel\/#primaryimage","url":"https:\/\/www.hydronix.com\/wp-content\/uploads\/2022\/09\/product-bg-abstract-code.jpg","contentUrl":"https:\/\/www.hydronix.com\/wp-content\/uploads\/2022\/09\/product-bg-abstract-code.jpg","width":1423,"height":522},{"@type":"BreadcrumbList","@id":"https:\/\/www.hydronix.com\/fr\/versions-du-logiciel-et-du-micrologiciel\/#breadcrumb","itemListElement":[{"@type":"ListItem","position":1,"name":"Accueil","item":"https:\/\/www.hydronix.com\/fr\/hydronix\/"},{"@type":"ListItem","position":2,"name":"Versions du logiciel et du micrologiciel"}]},{"@type":"WebSite","@id":"https:\/\/www.hydronix.com\/fr\/#website","url":"https:\/\/www.hydronix.com\/fr\/","name":"Hydronix","description":"Your partner in moisture measurement","potentialAction":[{"@type":"SearchAction","target":{"@type":"EntryPoint","urlTemplate":"https:\/\/www.hydronix.com\/fr\/?s={search_term_string}"},"query-input":{"@type":"PropertyValueSpecification","valueRequired":true,"valueName":"search_term_string"}}],"inLanguage":"fr-FR"}]}},"_links":{"self":[{"href":"https:\/\/www.hydronix.com\/fr\/wp-json\/wp\/v2\/pages\/10181","targetHints":{"allow":["GET"]}}],"collection":[{"href":"https:\/\/www.hydronix.com\/fr\/wp-json\/wp\/v2\/pages"}],"about":[{"href":"https:\/\/www.hydronix.com\/fr\/wp-json\/wp\/v2\/types\/page"}],"author":[{"embeddable":true,"href":"https:\/\/www.hydronix.com\/fr\/wp-json\/wp\/v2\/users\/1"}],"replies":[{"embeddable":true,"href":"https:\/\/www.hydronix.com\/fr\/wp-json\/wp\/v2\/comments?post=10181"}],"version-history":[{"count":0,"href":"https:\/\/www.hydronix.com\/fr\/wp-json\/wp\/v2\/pages\/10181\/revisions"}],"wp:featuredmedia":[{"embeddable":true,"href":"https:\/\/www.hydronix.com\/fr\/wp-json\/wp\/v2\/media\/670"}],"wp:attachment":[{"href":"https:\/\/www.hydronix.com\/fr\/wp-json\/wp\/v2\/media?parent=10181"}],"wp:term":[{"taxonomy":"industries","embeddable":true,"href":"https:\/\/www.hydronix.com\/fr\/wp-json\/wp\/v2\/industries?post=10181"},{"taxonomy":"process","embeddable":true,"href":"https:\/\/www.hydronix.com\/fr\/wp-json\/wp\/v2\/process?post=10181"}],"curies":[{"name":"wp","href":"https:\/\/api.w.org\/{rel}","templated":true}]}}