{"id":101,"date":"2022-09-12T13:57:02","date_gmt":"2022-09-12T13:57:02","guid":{"rendered":"https:\/\/hx2.chilliservers.co.uk\/?page_id=101"},"modified":"2024-09-10T12:21:56","modified_gmt":"2024-09-10T12:21:56","slug":"beton-et-construction","status":"publish","type":"page","link":"https:\/\/www.hydronix.com\/fr\/mesurer\/beton-et-construction\/","title":{"rendered":"B\u00e9ton et Construction"},"content":{"rendered":"<!-- icon_hero -->\n<section class=\"application_hero d-flex py-5\" style=\"background-image:url(https:\/\/www.hydronix.com\/wp-content\/uploads\/2022\/09\/application-bg-concrete.jpg)\">\n    <div class=\"overlay\"><\/div>\n    <div class=\"container my-auto\">\n        <div class=\"row\">\n            <div class=\"col-lg-2\"><img decoding=\"async\" src=\"https:\/\/www.hydronix.com\/wp-content\/themes\/cb-hydronix\/img\/icons\/icon__concrete-construction--wo.svg\" class=\"w-50 w-lg-100\"><\/div>\n            <div class=\"col-lg-10 d-flex hero__content\"><h1 class=\"my-auto text-white\">B\u00e9ton et Construction<\/h1><\/div>\n        <\/div>\n    <\/div>\n<\/section>\n<section class=\"sub_page_title py-1 mb-4\">\n    <div class=\"container-xl\">\n        <p id=\"breadcrumbs\"><span><span><a href=\"https:\/\/www.hydronix.com\/fr\/\">Accueil<\/a><\/span><\/span><\/p>    <\/div>\n<\/section>\n\n\n    <div class=\"container-xl\">\n\t\t\n<p>Ces sondes Hydronix ont initialement \u00e9t\u00e9 con\u00e7ues pour mesurer l\u2019humidit\u00e9 dans la production de b\u00e9ton et pour r\u00e9sister \u00e0 l\u2019environnement difficile des flux de granulats et des turbulences d\u2019un malaxeur de b\u00e9ton. Les fabricants doivent produire du b\u00e9ton de qualit\u00e9 selon des sp\u00e9cifications rigoureuses, lot apr\u00e8s lot, tout en maintenant les co\u00fbts au minimum.<\/p>\n    <\/div>\n    \n\n<!-- text_video -->\n<section class=\"text_video  py-5\">\n    <div class=\"container-xl\">\n        <div class=\"row\">\n            <div class=\"col-lg-5 text_video__content order-1 order-lg-1 mb-4 mb-lg-0 pt-5 py-md-5\">\n                <h2>Aper\u00e7u des produits<\/h2><div class=\"fs-4 mb-4\">CONTR\u00d4LE DE L&rsquo;HUMIDIT\u00c9 DANS LES CENTRALES \u00c0 B\u00c9TON<\/div>                <div class=\"content mb-4\"><p>Cette vid\u00e9o donne un aper\u00e7u de la gamme de produits Hydronix sp\u00e9cialement con\u00e7us pour l&rsquo;industrie du b\u00e9ton et de la construction.<\/p>\n<\/div>\n                            <\/div>\n            <div class=\"col-lg-7 mb-4 mb-lg-0 d-flex order-2 order-lg-2\">\n                <div class=\"video__container w-100 my-auto\" style=\"background-color:#1a1a1a\">\n                                        <div class=\"ratio ratio-16x9 mx-auto\">\n                                                <iframe src=\"https:\/\/player.vimeo.com\/video\/951952777?byline=0&#038;portrait=0\" allow=\"autoplay; fullscreen; picture-in-picture\" webkitallowfullscreen mozallowfullscreen allowfullscreen><\/iframe>\n                                                <\/div>\n                    <!-- <lite-vimeo videoid=\"951952777\" style=\"background-image:url('');\"><\/lite-vimeo> -->\n                <\/div>\n            <\/div>\n        <\/div>\n    <\/div>\n<\/section>\n<!-- <script type=module src=\"https:\/\/cdn.jsdelivr.net\/npm\/@slightlyoff\/lite-vimeo@0.1.1\/lite-vimeo.js\"><\/script> -->\n\n<!-- products -->\n<section class=\"prod_by_app product pb-5\">\n    <div class=\"container-xl\">\n        <h2>Produits<\/h2>\n        <div class=\"row g-3\">\n\n    <div class=\"col-sm-6 col-lg-3\">\n        <a class=\"product__card\" href=\"https:\/\/www.hydronix.com\/fr\/produits\/hydro-probe\/\">\n            <img decoding=\"async\" src=\"https:\/\/www.hydronix.com\/wp-content\/uploads\/2022\/09\/HP02-300x192.png\">\n            <div class=\"mb-2 fw-bold\">Hydro-Probe<\/div>\n            <div class=\"mb-2 product__subtitle\">Sonde d&rsquo;humidit\u00e9\u00a0: pour les tr\u00e9mies et les goulottes<\/div>\n            <div class=\"badges\">\n                            <\/div>\n        <\/a>\n    <\/div>\n        <div class=\"col-sm-6 col-lg-3\">\n        <a class=\"product__card\" href=\"https:\/\/www.hydronix.com\/fr\/produits\/hydro-mix\/\">\n            <img decoding=\"async\" src=\"https:\/\/www.hydronix.com\/wp-content\/uploads\/2022\/10\/hm08-hero-300x169.png\">\n            <div class=\"mb-2 fw-bold\">Hydro-Mix<\/div>\n            <div class=\"mb-2 product__subtitle\">Sonde d&rsquo;humidit\u00e9\u00a0: montage en affleurement pour les malaxeurs et les convoyeurs<\/div>\n            <div class=\"badges\">\n                            <\/div>\n        <\/a>\n    <\/div>\n        <div class=\"col-sm-6 col-lg-3\">\n        <a class=\"product__card\" href=\"https:\/\/www.hydronix.com\/fr\/produits\/hydro-probe-orbiter\/\">\n            <img decoding=\"async\" src=\"https:\/\/www.hydronix.com\/wp-content\/uploads\/2022\/11\/orb3-flat-front-300x169.png\">\n            <div class=\"mb-2 fw-bold\">Hydro-Probe Orbiter<\/div>\n            <div class=\"mb-2 product__subtitle\">Sonde d&rsquo;humidit\u00e9\u00a0: pour les malaxeurs \u00e0 arbres verticaux rotatifs<\/div>\n            <div class=\"badges\">\n                                        <div class=\"badge badge--high-temp\"><\/div>\n                                    <\/div>\n        <\/a>\n    <\/div>\n        <div class=\"col-sm-6 col-lg-3\">\n        <a class=\"product__card\" href=\"https:\/\/www.hydronix.com\/fr\/produits\/thermo-tuff\/\">\n            <img decoding=\"async\" src=\"https:\/\/www.hydronix.com\/wp-content\/uploads\/2022\/11\/tt01-persp-300x169.png\">\n            <div class=\"mb-2 fw-bold\">Thermo-Tuff<\/div>\n            <div class=\"mb-2 product__subtitle\">Sonde de temp\u00e9rature\u00a0: robuste et \u00e0 r\u00e9ponse rapide pour les tr\u00e9mies et les malaxeurs<\/div>\n            <div class=\"badges\">\n                                        <div class=\"badge badge--high-temp\"><\/div>\n                                    <\/div>\n        <\/a>\n    <\/div>\n        <div class=\"col-sm-6 col-lg-3\">\n        <a class=\"product__card\" href=\"https:\/\/www.hydronix.com\/fr\/produits\/hydro-control\/\">\n            <img decoding=\"async\" src=\"https:\/\/www.hydronix.com\/wp-content\/uploads\/2022\/09\/HC07screenshot-300x216.png\">\n            <div class=\"mb-2 fw-bold\">Hydro-Control<\/div>\n            <div class=\"mb-2 product__subtitle\">Syst\u00e8me de contr\u00f4le de l\u2019eau<\/div>\n            <div class=\"badges\">\n                            <\/div>\n        <\/a>\n    <\/div>\n        <div class=\"col-sm-6 col-lg-3\">\n        <a class=\"product__card\" href=\"https:\/\/www.hydronix.com\/fr\/produits\/hydro-hub\/\">\n            <img decoding=\"async\" src=\"https:\/\/www.hydronix.com\/wp-content\/uploads\/2022\/09\/HH01-300x169.png\">\n            <div class=\"mb-2 fw-bold\">Hydro-Hub<\/div>\n            <div class=\"mb-2 product__subtitle\">Connexion facile des sondes Hydronix aux r\u00e9seaux Bureau et Bus de terrain<\/div>\n            <div class=\"badges\">\n                            <\/div>\n        <\/a>\n    <\/div>\n        <div class=\"col-sm-6 col-lg-3\">\n        <a class=\"product__card\" href=\"https:\/\/www.hydronix.com\/fr\/produits\/hydro-view\/\">\n            <img decoding=\"async\" src=\"https:\/\/www.hydronix.com\/wp-content\/uploads\/2023\/10\/HV05-screenshot-smaller-300x265.png\">\n            <div class=\"mb-2 fw-bold\">Hydro-View<\/div>\n            <div class=\"mb-2 product__subtitle\">Syst\u00e8me d\u2019\u00e9cran tactile pour consulter les donn\u00e9es et g\u00e9rer les sondes Hydronix<\/div>\n            <div class=\"badges\">\n                            <\/div>\n        <\/a>\n    <\/div>\n            <\/div>\n    <\/div>\n<\/section>\n\n<section class=\"aggregate-plant pt-4 pb-5\">\n    <div class=\"container-xl\">\n        <h2>Points d\u2019installation<\/h2>\n        <div class=\"row\">\n            <div class=\"col-md-8 mb-4\">\n                <img decoding=\"async\" src=\"https:\/\/www.hydronix.com\/wp-content\/themes\/cb-hydronix\/img\/plant\/aggregate-plant--dots.png\" alt=\"aggregate plant\" class=\"sc-map img-fluid\" usemap=\"#imageMap\">\n            <\/div>\n            <div class=\"col-md-4\">\n                <div class=\"plant\" id=\"plantInfo\">\n                    <div id=\"intro\" class=\"plant__card\">\n                        Explorez le sch\u00e9ma ci-contre pour voir o\u00f9 les sondes Hydronix peuvent \u00eatre install\u00e9es.                    <\/div>\n                    <div id=\"hopperContent\" class=\"plant__card\" style=\"display:none\">\n                                                <h3 class=\"plant__title\">Cuve\/Goulotte\/Tr\u00e9mie<\/h3>\n                        <div class=\"row g-2\">\n                            <div class=\"col-md-4 order-1 order-md-2 text-center\">\n                                <img decoding=\"async\" src=\"https:\/\/www.hydronix.com\/wp-content\/uploads\/2022\/09\/hopper-272x300.png\">\n                            <\/div>\n                            <div class=\"col-md-8 order-2 order-md-1\">\n                                <ul>\n                                <li>Col de la cuve<\/li><li>Sous la cuve<\/li><li>\u00c0 l\u2019int\u00e9rieur de la cuve<\/li>                                <\/ul>\n                            <\/div>\n                        <\/div>\n                        <ul>\n                            <li><a href=\"https:\/\/www.hydronix.com\/fr\/produits\/hydro-probe\/\">Hydro-Probe<\/a><\/li><li><a href=\"https:\/\/www.hydronix.com\/fr\/produits\/thermo-tuff\/\">Thermo-Tuff<\/a><\/li>                        <\/ul>\n                    <\/div>\n                    <div id=\"conveyorContent\" class=\"plant__card\" style=\"display:none\">\n                                                <h3 class=\"plant__title\">Convoyeur \u00e0 bande<\/h3>\n                        <div class=\"row g-2\">\n                            <div class=\"col-md-4 order-1 order-md-2 text-center\">\n                                <img decoding=\"async\" src=\"https:\/\/www.hydronix.com\/wp-content\/uploads\/2022\/09\/conveyor-flat-300x195.png\">\n                            <\/div>\n                            <div class=\"col-md-8 order-2 order-md-1\">\n                                <ul>\n                                <li>Monter sur convoyeurs \u00e0 bande<\/li>                                <\/ul>\n                            <\/div>\n                        <\/div>\n                        <ul>\n                            <li><a href=\"https:\/\/www.hydronix.com\/fr\/produits\/hydro-probe\/\">Hydro-Probe<\/a><\/li><li><a href=\"https:\/\/www.hydronix.com\/fr\/produits\/hydro-probe-orbiter\/\">Hydro-Probe Orbiter<\/a><\/li>                        <\/ul>\n                    <\/div>\n                    <div id=\"mixerContent\" class=\"plant__card\" style=\"display:none\">\n                                                <h3 class=\"plant__title\">Malaxeur<\/h3>\n                        <div class=\"row g-2\">\n                            <div class=\"col-md-4 order-1 order-md-2 text-center\">\n                                <img decoding=\"async\" src=\"https:\/\/www.hydronix.com\/wp-content\/uploads\/2022\/09\/mixer-290x300.png\">\n                            <\/div>\n                            <div class=\"col-md-8 order-2 order-md-1\">\n                                <ul>\n                                <li>Malaxeur \u00e0 axe simple \/ double<\/li><li>Malaxeur \u00e0 cuve statique et plan\u00e9taire<\/li><li>Malaxeur \u00e0 cuve tournante<\/li>                                <\/ul>\n                            <\/div>\n                        <\/div>\n                        <ul>\n                            <li><a href=\"https:\/\/www.hydronix.com\/fr\/produits\/hydro-mix\/\">Hydro-Mix<\/a><\/li><li><a href=\"https:\/\/www.hydronix.com\/fr\/produits\/hydro-probe-orbiter\/\">Hydro-Probe Orbiter<\/a><\/li><li><a href=\"https:\/\/www.hydronix.com\/fr\/produits\/thermo-tuff\/\">Thermo-Tuff<\/a><\/li>                        <\/ul>\n                    <\/div>\n                    <div id=\"controlContent\" class=\"plant__card\" style=\"display:none\">\n                                            <h3 class=\"plant__title\">Salle de contr\u00f4le<\/h2>\n                        <div class=\"row g-2\">\n                            <div class=\"col-md-4 order-1 order-md-2 text-center\">\n                                <img decoding=\"async\" src=\"https:\/\/www.hydronix.com\/wp-content\/uploads\/2022\/10\/diag-shed-222x300.png\">\n                            <\/div>\n                            <div class=\"col-md-8 order-2 order-md-1\">\n                                <ul>\n                                    <li>Contr\u00f4le de l\u2019eau<\/li><li>\u00c9talonnage, configuration et diagnostic des sondes<\/li><li>Acc\u00e8s \u00e0 distance<\/li>                                <\/ul>\n                            <\/div>\n                        <\/div>\n                        <ul>\n                            <li><a href=\"https:\/\/www.hydronix.com\/fr\/produits\/hydro-view\/\">Hydro-View<\/a><\/li><li><a href=\"https:\/\/www.hydronix.com\/fr\/produits\/hydro-hub\/\">Hydro-Hub<\/a><\/li><li><a href=\"https:\/\/www.hydronix.com\/fr\/produits\/hydro-control\/\">Hydro-Control<\/a><\/li>                        <\/ul>\n                    <\/div>\n                <\/div>\n            <\/div>\n        <\/div>\n    <\/div>\n<\/section>\n\n<map name=\"imageMap\">\n    <area data-maphilight='{\"fillColor\":\"ef9829\",\"fillOpacity\":0.6}' id=\"hopper\" alt=\"hopper\" title=\"hopper\" href=\"#\" coords=\"43,388,43,537,279,400,280,317,101,421\" shape=\"poly\">\n    <area data-maphilight='{\"fillColor\":\"ef9829\",\"fillOpacity\":0.6}' id=\"conveyor\" alt=\"conveyor\" title=\"conveyor\" href=\"#\" coords=\"5,561,299,390,313,394,447,221,479,238,326,437,39,600,5,581\" shape=\"poly\">\n    <area data-maphilight='{\"fillColor\":\"ef9829\",\"fillOpacity\":0.6}' id=\"mixer\" alt=\"mixer\" title=\"mixer\" href=\"#\" coords=\"455,222,481,237,461,266,486,280,509,283,527,280,550,273,558,258,558,225,553,217,534,231,508,236,493,235,472,228\" shape=\"poly\">\n    <area data-maphilight='{\"fillColor\":\"ef9829\",\"fillOpacity\":0.6}' id=\"control\" alt=\"control\" title=\"control\" href=\"#\" coords=\"712,257,756,231,796,255,796,319,752,344,713,321\" shape=\"poly\">\n<\/map>\n\n<style>\n    .highlight {\n        background-color: yellow;\n    }\n<\/style>\n","protected":false},"excerpt":{"rendered":"<p>Ces sondes Hydronix ont initialement \u00e9t\u00e9 con\u00e7ues pour mesurer l\u2019humidit\u00e9 dans la production de b\u00e9ton et pour r\u00e9sister \u00e0 l\u2019environnement difficile des flux de granulats et des turbulences d\u2019un malaxeur de b\u00e9ton. Les fabricants doivent produire du b\u00e9ton de qualit\u00e9 selon des sp\u00e9cifications rigoureuses, lot apr\u00e8s lot, tout en maintenant les co\u00fbts au minimum. [&#8230;]<\/p>\n<p><a class=\"btn btn-secondary understrap-read-more-link\" href=\"https:\/\/www.hydronix.com\/fr\/mesurer\/beton-et-construction\/\">Lire la suite\u2026<span class=\"screen-reader-text\"> from B\u00e9ton et Construction<\/span><\/a><\/p>\n","protected":false},"author":1,"featured_media":0,"parent":99,"menu_order":439,"comment_status":"closed","ping_status":"closed","template":"","meta":{"_acf_changed":false,"content-type":"","inline_featured_image":false,"footnotes":""},"industries":[],"process":[],"class_list":["post-101","page","type-page","status-publish","hentry"],"acf":[],"yoast_head":"<!-- This site is optimized with the Yoast SEO plugin v27.1.1 - https:\/\/yoast.com\/product\/yoast-seo-wordpress\/ -->\n<title>B\u00e9ton et Construction - Hydronix<\/title>\n<meta name=\"robots\" content=\"index, follow, max-snippet:-1, max-image-preview:large, max-video-preview:-1\" \/>\n<link rel=\"canonical\" href=\"https:\/\/www.hydronix.com\/fr\/mesurer\/beton-et-construction\/\" \/>\n<meta property=\"og:locale\" content=\"fr_FR\" \/>\n<meta property=\"og:type\" content=\"article\" \/>\n<meta property=\"og:title\" content=\"B\u00e9ton et Construction - Hydronix\" \/>\n<meta property=\"og:description\" content=\"Ces sondes Hydronix ont initialement \u00e9t\u00e9 con\u00e7ues pour mesurer l\u2019humidit\u00e9 dans la production de b\u00e9ton et pour r\u00e9sister \u00e0 l\u2019environnement difficile des flux de granulats et des turbulences d\u2019un malaxeur de b\u00e9ton. Les fabricants doivent produire du b\u00e9ton de qualit\u00e9 selon des sp\u00e9cifications rigoureuses, lot apr\u00e8s lot, tout en maintenant les co\u00fbts au minimum. [...]Lire la suite\u2026 from B\u00e9ton et Construction\" \/>\n<meta property=\"og:url\" content=\"https:\/\/www.hydronix.com\/fr\/mesurer\/beton-et-construction\/\" \/>\n<meta property=\"og:site_name\" content=\"Hydronix\" \/>\n<meta property=\"article:modified_time\" content=\"2024-09-10T12:21:56+00:00\" \/>\n<meta name=\"twitter:card\" content=\"summary_large_image\" \/>\n<meta name=\"twitter:label1\" content=\"Dur\u00e9e de lecture estim\u00e9e\" \/>\n\t<meta name=\"twitter:data1\" content=\"1 minute\" \/>\n<script type=\"application\/ld+json\" class=\"yoast-schema-graph\">{\"@context\":\"https:\/\/schema.org\",\"@graph\":[{\"@type\":\"WebPage\",\"@id\":\"https:\/\/www.hydronix.com\/fr\/mesurer\/beton-et-construction\/\",\"url\":\"https:\/\/www.hydronix.com\/fr\/mesurer\/beton-et-construction\/\",\"name\":\"B\u00e9ton et Construction - Hydronix\",\"isPartOf\":{\"@id\":\"https:\/\/www.hydronix.com\/fr\/#website\"},\"datePublished\":\"2022-09-12T13:57:02+00:00\",\"dateModified\":\"2024-09-10T12:21:56+00:00\",\"breadcrumb\":{\"@id\":\"https:\/\/www.hydronix.com\/fr\/mesurer\/beton-et-construction\/#breadcrumb\"},\"inLanguage\":\"fr-FR\",\"potentialAction\":[{\"@type\":\"ReadAction\",\"target\":[\"https:\/\/www.hydronix.com\/fr\/mesurer\/beton-et-construction\/\"]}]},{\"@type\":\"BreadcrumbList\",\"@id\":\"https:\/\/www.hydronix.com\/fr\/mesurer\/beton-et-construction\/#breadcrumb\",\"itemListElement\":[{\"@type\":\"ListItem\",\"position\":1,\"name\":\"Accueil\",\"item\":\"https:\/\/www.hydronix.com\/fr\/\"},{\"@type\":\"ListItem\",\"position\":2,\"name\":\"Mesurer\",\"item\":\"https:\/\/www.hydronix.com\/fr\/mesurer\/\"},{\"@type\":\"ListItem\",\"position\":3,\"name\":\"B\u00e9ton et Construction\"}]},{\"@type\":\"WebSite\",\"@id\":\"https:\/\/www.hydronix.com\/fr\/#website\",\"url\":\"https:\/\/www.hydronix.com\/fr\/\",\"name\":\"Hydronix\",\"description\":\"Your partner in moisture measurement\",\"potentialAction\":[{\"@type\":\"SearchAction\",\"target\":{\"@type\":\"EntryPoint\",\"urlTemplate\":\"https:\/\/www.hydronix.com\/fr\/?s={search_term_string}\"},\"query-input\":{\"@type\":\"PropertyValueSpecification\",\"valueRequired\":true,\"valueName\":\"search_term_string\"}}],\"inLanguage\":\"fr-FR\"}]}<\/script>\n<!-- \/ Yoast SEO plugin. -->","yoast_head_json":{"title":"B\u00e9ton et Construction - Hydronix","robots":{"index":"index","follow":"follow","max-snippet":"max-snippet:-1","max-image-preview":"max-image-preview:large","max-video-preview":"max-video-preview:-1"},"canonical":"https:\/\/www.hydronix.com\/fr\/mesurer\/beton-et-construction\/","og_locale":"fr_FR","og_type":"article","og_title":"B\u00e9ton et Construction - Hydronix","og_description":"Ces sondes Hydronix ont initialement \u00e9t\u00e9 con\u00e7ues pour mesurer l\u2019humidit\u00e9 dans la production de b\u00e9ton et pour r\u00e9sister \u00e0 l\u2019environnement difficile des flux de granulats et des turbulences d\u2019un malaxeur de b\u00e9ton. Les fabricants doivent produire du b\u00e9ton de qualit\u00e9 selon des sp\u00e9cifications rigoureuses, lot apr\u00e8s lot, tout en maintenant les co\u00fbts au minimum. [...]Lire la suite\u2026 from B\u00e9ton et Construction","og_url":"https:\/\/www.hydronix.com\/fr\/mesurer\/beton-et-construction\/","og_site_name":"Hydronix","article_modified_time":"2024-09-10T12:21:56+00:00","twitter_card":"summary_large_image","twitter_misc":{"Dur\u00e9e de lecture estim\u00e9e":"1 minute"},"schema":{"@context":"https:\/\/schema.org","@graph":[{"@type":"WebPage","@id":"https:\/\/www.hydronix.com\/fr\/mesurer\/beton-et-construction\/","url":"https:\/\/www.hydronix.com\/fr\/mesurer\/beton-et-construction\/","name":"B\u00e9ton et Construction - Hydronix","isPartOf":{"@id":"https:\/\/www.hydronix.com\/fr\/#website"},"datePublished":"2022-09-12T13:57:02+00:00","dateModified":"2024-09-10T12:21:56+00:00","breadcrumb":{"@id":"https:\/\/www.hydronix.com\/fr\/mesurer\/beton-et-construction\/#breadcrumb"},"inLanguage":"fr-FR","potentialAction":[{"@type":"ReadAction","target":["https:\/\/www.hydronix.com\/fr\/mesurer\/beton-et-construction\/"]}]},{"@type":"BreadcrumbList","@id":"https:\/\/www.hydronix.com\/fr\/mesurer\/beton-et-construction\/#breadcrumb","itemListElement":[{"@type":"ListItem","position":1,"name":"Accueil","item":"https:\/\/www.hydronix.com\/fr\/"},{"@type":"ListItem","position":2,"name":"Mesurer","item":"https:\/\/www.hydronix.com\/fr\/mesurer\/"},{"@type":"ListItem","position":3,"name":"B\u00e9ton et Construction"}]},{"@type":"WebSite","@id":"https:\/\/www.hydronix.com\/fr\/#website","url":"https:\/\/www.hydronix.com\/fr\/","name":"Hydronix","description":"Your partner in moisture measurement","potentialAction":[{"@type":"SearchAction","target":{"@type":"EntryPoint","urlTemplate":"https:\/\/www.hydronix.com\/fr\/?s={search_term_string}"},"query-input":{"@type":"PropertyValueSpecification","valueRequired":true,"valueName":"search_term_string"}}],"inLanguage":"fr-FR"}]}},"_links":{"self":[{"href":"https:\/\/www.hydronix.com\/fr\/wp-json\/wp\/v2\/pages\/101","targetHints":{"allow":["GET"]}}],"collection":[{"href":"https:\/\/www.hydronix.com\/fr\/wp-json\/wp\/v2\/pages"}],"about":[{"href":"https:\/\/www.hydronix.com\/fr\/wp-json\/wp\/v2\/types\/page"}],"author":[{"embeddable":true,"href":"https:\/\/www.hydronix.com\/fr\/wp-json\/wp\/v2\/users\/1"}],"replies":[{"embeddable":true,"href":"https:\/\/www.hydronix.com\/fr\/wp-json\/wp\/v2\/comments?post=101"}],"version-history":[{"count":1,"href":"https:\/\/www.hydronix.com\/fr\/wp-json\/wp\/v2\/pages\/101\/revisions"}],"predecessor-version":[{"id":37883,"href":"https:\/\/www.hydronix.com\/fr\/wp-json\/wp\/v2\/pages\/101\/revisions\/37883"}],"up":[{"embeddable":true,"href":"https:\/\/www.hydronix.com\/fr\/wp-json\/wp\/v2\/pages\/99"}],"wp:attachment":[{"href":"https:\/\/www.hydronix.com\/fr\/wp-json\/wp\/v2\/media?parent=101"}],"wp:term":[{"taxonomy":"industries","embeddable":true,"href":"https:\/\/www.hydronix.com\/fr\/wp-json\/wp\/v2\/industries?post=101"},{"taxonomy":"process","embeddable":true,"href":"https:\/\/www.hydronix.com\/fr\/wp-json\/wp\/v2\/process?post=101"}],"curies":[{"name":"wp","href":"https:\/\/api.w.org\/{rel}","templated":true}]}}