{"id":37090,"date":"2024-06-28T08:02:23","date_gmt":"2024-06-28T08:02:23","guid":{"rendered":"https:\/\/www.hydronix.com\/?page_id=37090"},"modified":"2024-08-01T12:01:11","modified_gmt":"2024-08-01T12:01:11","slug":"configuracion","status":"publish","type":"page","link":"https:\/\/www.hydronix.com\/es\/formacion-sobre-sensores-de-humedad-hydronix\/configuracion\/","title":{"rendered":"Configuraci\u00f3n"},"content":{"rendered":"    \n<!-- hero_short -->\n<section class=\"short_hero d-flex py-5\" style=\"background-image:url(https:\/\/www.hydronix.com\/wp-content\/uploads\/2024\/06\/shutterstock_2305781813-online-learning-scaled.jpg)\">\n    <div class=\"overlay\"><\/div>\n    <div class=\"container-xl my-auto\">\n        <div class=\"row\">\n            <div class=\"col-lg-5 hero__content\">\n                <h1>Configuraci\u00f3n<\/h1>\n            <\/div>\n        <\/div>\n    <\/div>\n<\/section>\n<!--section class=\"sub_page_title py-1 mb-4\">\n    <div class=\"container-xl\">\n        <p id=\"breadcrumbs\"><span><span><a href=\"https:\/\/www.hydronix.com\/es\/\">Inicio<\/a><\/span><\/span><\/p>    <\/div>\n<\/section-->\n<!-- accordion -->\n<section class=\"faq py-5\">\n    <div class=\"container\">\n        <div id=\"accordion\" class=\"\"><div class=\"py-4 border-bottom border-top\">  <div class=\"h4 question \" data-bs-toggle=\"collapse\" id=\"heading_0\" data-bs-target=\"#collapse_0\" aria-expanded=\"true\" aria-controls=\"collapse_0\">Hydro-Hub<\/div>  <div class=\"answer collapse show\" id=\"collapse_0\" aria-labelledby=\"heading_0\" data-bs-parent=\"#accordion\"><div class=\"pt-2\" itemprop=\"text\"><h4>Configuraci\u00f3n de la direcci\u00f3n IP de Hydro-Hub<\/h4>\n<p> Detalla c\u00f3mo configurar la direcci\u00f3n IP de Hydro-Hub, se muestran dos m\u00e9todos. (5 min)  <\/p>\n<div style=\"padding: 56.25% 0 0 0; position: relative;\"><iframe style=\"position: absolute; top: 0; left: 0; width: 100%; height: 100%;\" title=\"Configuraci\u00f3n de IP de Hydro-Hub\" src=\"https:\/\/player.vimeo.com\/video\/947373343?badge=0&amp;autopause=0&amp;player_id=0&amp;app_id=58479\" frameborder=\"0\"><\/iframe><\/div>\n<p>&nbsp;<\/p>\n<h4>Pantalla \u00abResumen\u00bb de Hydro-Hub (HH01)<\/h4>\n<p> Muestra la configuraci\u00f3n de la pantalla \u00abResumen\u00bb de Hydro-Hub. (4 min)  <\/p>\n<div style=\"padding: 56.25% 0 0 0; position: relative;\"><iframe style=\"position: absolute; top: 0; left: 0; width: 100%; height: 100%;\" title=\"Configurar la pantalla Descripci\u00f3n general de Hydro-Hub\" src=\"https:\/\/player.vimeo.com\/video\/569787375?badge=0&amp;autopause=0&amp;player_id=0&amp;app_id=58479\" frameborder=\"0\"><\/iframe><\/div>\n<p>&nbsp;<\/p>\n<h4>Acceso remoto a Hydro-View (HV05) e Hydro-Hub (HH01)<\/h4>\n<p> Muestra los m\u00e9todos que se utilizan para establecer una conexi\u00f3n remota con una Hydro-View\/Hydro-Hub en un navegador web. (3 min)  <\/p>\n<div style=\"padding: 56.25% 0 0 0; position: relative;\"><iframe style=\"position: absolute; top: 0; left: 0; width: 100%; height: 100%;\" title=\"Acceso remoto a Hydro-View\/Hydro-Hub\" src=\"https:\/\/player.vimeo.com\/video\/569787559?badge=0&amp;autopause=0&amp;player_id=0&amp;app_id=58479\" frameborder=\"0\"><\/iframe><\/div>\n<p>&nbsp;<\/p>\n<\/div><\/div><\/div><div class=\"py-4 border-bottom \">  <div class=\"h4 question collapsed\" data-bs-toggle=\"collapse\" id=\"heading_1\" data-bs-target=\"#collapse_1\" aria-expanded=\"true\" aria-controls=\"collapse_1\">Hydro-View<\/div>  <div class=\"answer collapse \" id=\"collapse_1\" aria-labelledby=\"heading_1\" data-bs-parent=\"#accordion\"><div class=\"pt-2\" itemprop=\"text\"><h4>Acceso remoto a Hydro-View (HV05) e Hydro-Hub (HH01)<\/h4>\n<p> Muestra los m\u00e9todos que se utilizan para establecer una conexi\u00f3n remota con una Hydro-View\/Hydro-Hub en un navegador web. (3 min)  <\/p>\n<div style=\"padding: 56.25% 0 0 0; position: relative;\"><iframe style=\"position: absolute; top: 0; left: 0; width: 100%; height: 100%;\" title=\"Acceso remoto a Hydro-View\/Hydro-Hub\" src=\"https:\/\/player.vimeo.com\/video\/569787559?badge=0&amp;autopause=0&amp;player_id=0&amp;app_id=58479\" frameborder=\"0\"><\/iframe><\/div>\n<p>&nbsp;<\/p>\n<\/div><\/div><\/div><div class=\"py-4 border-bottom \">  <div class=\"h4 question collapsed\" data-bs-toggle=\"collapse\" id=\"heading_2\" data-bs-target=\"#collapse_2\" aria-expanded=\"true\" aria-controls=\"collapse_2\">Filtrado<\/div>  <div class=\"answer collapse \" id=\"collapse_2\" aria-labelledby=\"heading_2\" data-bs-parent=\"#accordion\"><div class=\"pt-2\" itemprop=\"text\"><h4>Filtrado en cinta transportadora de cadena<\/h4>\n<p> Describe c\u00f3mo se utilizan los filtros de se\u00f1al para eliminar las interferencias causadas cuando se instala un sensor Hydro-Mix XT en una cinta transportadora de cadena. (3 min)  <\/p>\n<div style=\"padding: 56.25% 0 0 0; position: relative;\"><iframe style=\"position: absolute; top: 0; left: 0; width: 100%; height: 100%;\" title=\"Filtrado en cinta transportadora de cadena\" src=\"https:\/\/player.vimeo.com\/video\/696473572?badge=0&amp;autopause=0&amp;player_id=0&amp;app_id=58479\" frameborder=\"0\"><\/iframe><\/div>\n<p>&nbsp;<\/p>\n<\/div><\/div><\/div><div class=\"py-4 border-bottom \">  <div class=\"h4 question collapsed\" data-bs-toggle=\"collapse\" id=\"heading_3\" data-bs-target=\"#collapse_3\" aria-expanded=\"true\" aria-controls=\"collapse_3\">Hydro-Com<\/div>  <div class=\"answer collapse \" id=\"collapse_3\" aria-labelledby=\"heading_3\" data-bs-parent=\"#accordion\"><div class=\"pt-2\" itemprop=\"text\"><h4>Registro bruto Hydro-Com<\/h4>\n<p> Muestra c\u00f3mo configurar el software Hydro-Com para registrar la salida \u00abBruto sin escalar\u00bb de un sensor de humedad Hydronix. (5 min)  <\/p>\n<div style=\"padding: 56.25% 0 0 0; position: relative;\"><iframe style=\"position: absolute; top: 0; left: 0; width: 100%; height: 100%;\" title=\"Registro bruto Hydro-Com\" src=\"https:\/\/player.vimeo.com\/video\/696475915?badge=0&amp;autopause=0&amp;player_id=0&amp;app_id=58479\" frameborder=\"0\"><\/iframe><\/div>\n<p>&nbsp;<\/p>\n<h4>Modbus RTU<\/h4>\n<p> Explica c\u00f3mo configurar un sensor Hydronix para activar el protocolo de comunicaci\u00f3n Modbus RTU. (5 min)  <\/p>\n<div style=\"padding: 56.25% 0 0 0; position: relative;\"><iframe style=\"position: absolute; top: 0; left: 0; width: 100%; height: 100%;\" title=\"V\u00eddeo de configuraci\u00f3n de modbus\" src=\"https:\/\/player.vimeo.com\/video\/696476617?badge=0&amp;autopause=0&amp;player_id=0&amp;app_id=58479\" frameborder=\"0\"><\/iframe><\/div>\n<p>&nbsp;<\/p>\n<\/div><\/div><\/div><\/div>    <\/div>\n<\/section>","protected":false},"excerpt":{"rendered":"<p> [&#8230;]<\/p>\n<p><a class=\"btn btn-secondary understrap-read-more-link\" href=\"https:\/\/www.hydronix.com\/es\/formacion-sobre-sensores-de-humedad-hydronix\/configuracion\/\">Leer m\u00e1s&#8230;<span class=\"screen-reader-text\"> from Configuraci\u00f3n<\/span><\/a><\/p>\n","protected":false},"author":4,"featured_media":36977,"parent":37301,"menu_order":592,"comment_status":"closed","ping_status":"closed","template":"","meta":{"_acf_changed":false,"content-type":"","inline_featured_image":false,"footnotes":""},"industries":[],"process":[],"class_list":["post-37090","page","type-page","status-publish","has-post-thumbnail","hentry"],"acf":[],"yoast_head":"<!-- This site is optimized with the Yoast SEO plugin v27.1.1 - https:\/\/yoast.com\/product\/yoast-seo-wordpress\/ -->\n<title>Configuraci\u00f3n del sensor de humedad Hydronix<\/title>\n<meta name=\"description\" content=\"Hydronix proporciona v\u00eddeos para aprender a configurar los sensores de humedad e interfaces.\" \/>\n<meta name=\"robots\" content=\"index, follow, max-snippet:-1, max-image-preview:large, max-video-preview:-1\" \/>\n<link rel=\"canonical\" href=\"https:\/\/www.hydronix.com\/es\/formacion-sobre-sensores-de-humedad-hydronix\/configuracion\/\" \/>\n<meta property=\"og:locale\" content=\"es_ES\" \/>\n<meta property=\"og:type\" content=\"article\" \/>\n<meta property=\"og:title\" content=\"Configuraci\u00f3n del sensor de humedad Hydronix\" \/>\n<meta property=\"og:description\" content=\"Hydronix proporciona v\u00eddeos para aprender a configurar los sensores de humedad e interfaces.\" \/>\n<meta property=\"og:url\" content=\"https:\/\/www.hydronix.com\/es\/formacion-sobre-sensores-de-humedad-hydronix\/configuracion\/\" \/>\n<meta property=\"og:site_name\" content=\"Hydronix\" \/>\n<meta property=\"article:modified_time\" content=\"2024-08-01T12:01:11+00:00\" \/>\n<meta property=\"og:image\" content=\"https:\/\/www.hydronix.com\/wp-content\/uploads\/2024\/06\/shutterstock_2305781813-online-learning-scaled.jpg\" \/>\n\t<meta property=\"og:image:width\" content=\"2560\" \/>\n\t<meta property=\"og:image:height\" content=\"1231\" \/>\n\t<meta property=\"og:image:type\" content=\"image\/jpeg\" \/>\n<meta name=\"twitter:card\" content=\"summary_large_image\" \/>\n<meta name=\"twitter:label1\" content=\"Tiempo de lectura\" \/>\n\t<meta name=\"twitter:data1\" content=\"1 minuto\" \/>\n<script type=\"application\/ld+json\" class=\"yoast-schema-graph\">{\"@context\":\"https:\/\/schema.org\",\"@graph\":[{\"@type\":\"WebPage\",\"@id\":\"https:\/\/www.hydronix.com\/es\/formacion-sobre-sensores-de-humedad-hydronix\/configuracion\/\",\"url\":\"https:\/\/www.hydronix.com\/es\/formacion-sobre-sensores-de-humedad-hydronix\/configuracion\/\",\"name\":\"Configuraci\u00f3n del sensor de humedad Hydronix\",\"isPartOf\":{\"@id\":\"https:\/\/www.hydronix.com\/es\/#website\"},\"primaryImageOfPage\":{\"@id\":\"https:\/\/www.hydronix.com\/es\/formacion-sobre-sensores-de-humedad-hydronix\/configuracion\/#primaryimage\"},\"image\":{\"@id\":\"https:\/\/www.hydronix.com\/es\/formacion-sobre-sensores-de-humedad-hydronix\/configuracion\/#primaryimage\"},\"thumbnailUrl\":\"https:\/\/www.hydronix.com\/wp-content\/uploads\/2024\/06\/shutterstock_2305781813-online-learning-scaled.jpg\",\"datePublished\":\"2024-06-28T08:02:23+00:00\",\"dateModified\":\"2024-08-01T12:01:11+00:00\",\"description\":\"Hydronix proporciona v\u00eddeos para aprender a configurar los sensores de humedad e interfaces.\",\"breadcrumb\":{\"@id\":\"https:\/\/www.hydronix.com\/es\/formacion-sobre-sensores-de-humedad-hydronix\/configuracion\/#breadcrumb\"},\"inLanguage\":\"es\",\"potentialAction\":[{\"@type\":\"ReadAction\",\"target\":[\"https:\/\/www.hydronix.com\/es\/formacion-sobre-sensores-de-humedad-hydronix\/configuracion\/\"]}]},{\"@type\":\"ImageObject\",\"inLanguage\":\"es\",\"@id\":\"https:\/\/www.hydronix.com\/es\/formacion-sobre-sensores-de-humedad-hydronix\/configuracion\/#primaryimage\",\"url\":\"https:\/\/www.hydronix.com\/wp-content\/uploads\/2024\/06\/shutterstock_2305781813-online-learning-scaled.jpg\",\"contentUrl\":\"https:\/\/www.hydronix.com\/wp-content\/uploads\/2024\/06\/shutterstock_2305781813-online-learning-scaled.jpg\",\"width\":2560,\"height\":1231,\"caption\":\"Formaci\u00f3n y aprendizaje en l\u00ednea de Hydronix\"},{\"@type\":\"BreadcrumbList\",\"@id\":\"https:\/\/www.hydronix.com\/es\/formacion-sobre-sensores-de-humedad-hydronix\/configuracion\/#breadcrumb\",\"itemListElement\":[{\"@type\":\"ListItem\",\"position\":1,\"name\":\"Inicio\",\"item\":\"https:\/\/www.hydronix.com\/es\/\"},{\"@type\":\"ListItem\",\"position\":2,\"name\":\"Formaci\u00f3n\",\"item\":\"https:\/\/www.hydronix.com\/es\/formacion-sobre-sensores-de-humedad-hydronix\/\"},{\"@type\":\"ListItem\",\"position\":3,\"name\":\"Configuraci\u00f3n\"}]},{\"@type\":\"WebSite\",\"@id\":\"https:\/\/www.hydronix.com\/es\/#website\",\"url\":\"https:\/\/www.hydronix.com\/es\/\",\"name\":\"Hydronix\",\"description\":\"Your partner in moisture measurement\",\"potentialAction\":[{\"@type\":\"SearchAction\",\"target\":{\"@type\":\"EntryPoint\",\"urlTemplate\":\"https:\/\/www.hydronix.com\/es\/?s={search_term_string}\"},\"query-input\":{\"@type\":\"PropertyValueSpecification\",\"valueRequired\":true,\"valueName\":\"search_term_string\"}}],\"inLanguage\":\"es\"}]}<\/script>\n<!-- \/ Yoast SEO plugin. -->","yoast_head_json":{"title":"Configuraci\u00f3n del sensor de humedad Hydronix","description":"Hydronix proporciona v\u00eddeos para aprender a configurar los sensores de humedad e interfaces.","robots":{"index":"index","follow":"follow","max-snippet":"max-snippet:-1","max-image-preview":"max-image-preview:large","max-video-preview":"max-video-preview:-1"},"canonical":"https:\/\/www.hydronix.com\/es\/formacion-sobre-sensores-de-humedad-hydronix\/configuracion\/","og_locale":"es_ES","og_type":"article","og_title":"Configuraci\u00f3n del sensor de humedad Hydronix","og_description":"Hydronix proporciona v\u00eddeos para aprender a configurar los sensores de humedad e interfaces.","og_url":"https:\/\/www.hydronix.com\/es\/formacion-sobre-sensores-de-humedad-hydronix\/configuracion\/","og_site_name":"Hydronix","article_modified_time":"2024-08-01T12:01:11+00:00","og_image":[{"width":2560,"height":1231,"url":"https:\/\/www.hydronix.com\/wp-content\/uploads\/2024\/06\/shutterstock_2305781813-online-learning-scaled.jpg","type":"image\/jpeg"}],"twitter_card":"summary_large_image","twitter_misc":{"Tiempo de lectura":"1 minuto"},"schema":{"@context":"https:\/\/schema.org","@graph":[{"@type":"WebPage","@id":"https:\/\/www.hydronix.com\/es\/formacion-sobre-sensores-de-humedad-hydronix\/configuracion\/","url":"https:\/\/www.hydronix.com\/es\/formacion-sobre-sensores-de-humedad-hydronix\/configuracion\/","name":"Configuraci\u00f3n del sensor de humedad Hydronix","isPartOf":{"@id":"https:\/\/www.hydronix.com\/es\/#website"},"primaryImageOfPage":{"@id":"https:\/\/www.hydronix.com\/es\/formacion-sobre-sensores-de-humedad-hydronix\/configuracion\/#primaryimage"},"image":{"@id":"https:\/\/www.hydronix.com\/es\/formacion-sobre-sensores-de-humedad-hydronix\/configuracion\/#primaryimage"},"thumbnailUrl":"https:\/\/www.hydronix.com\/wp-content\/uploads\/2024\/06\/shutterstock_2305781813-online-learning-scaled.jpg","datePublished":"2024-06-28T08:02:23+00:00","dateModified":"2024-08-01T12:01:11+00:00","description":"Hydronix proporciona v\u00eddeos para aprender a configurar los sensores de humedad e interfaces.","breadcrumb":{"@id":"https:\/\/www.hydronix.com\/es\/formacion-sobre-sensores-de-humedad-hydronix\/configuracion\/#breadcrumb"},"inLanguage":"es","potentialAction":[{"@type":"ReadAction","target":["https:\/\/www.hydronix.com\/es\/formacion-sobre-sensores-de-humedad-hydronix\/configuracion\/"]}]},{"@type":"ImageObject","inLanguage":"es","@id":"https:\/\/www.hydronix.com\/es\/formacion-sobre-sensores-de-humedad-hydronix\/configuracion\/#primaryimage","url":"https:\/\/www.hydronix.com\/wp-content\/uploads\/2024\/06\/shutterstock_2305781813-online-learning-scaled.jpg","contentUrl":"https:\/\/www.hydronix.com\/wp-content\/uploads\/2024\/06\/shutterstock_2305781813-online-learning-scaled.jpg","width":2560,"height":1231,"caption":"Formaci\u00f3n y aprendizaje en l\u00ednea de Hydronix"},{"@type":"BreadcrumbList","@id":"https:\/\/www.hydronix.com\/es\/formacion-sobre-sensores-de-humedad-hydronix\/configuracion\/#breadcrumb","itemListElement":[{"@type":"ListItem","position":1,"name":"Inicio","item":"https:\/\/www.hydronix.com\/es\/"},{"@type":"ListItem","position":2,"name":"Formaci\u00f3n","item":"https:\/\/www.hydronix.com\/es\/formacion-sobre-sensores-de-humedad-hydronix\/"},{"@type":"ListItem","position":3,"name":"Configuraci\u00f3n"}]},{"@type":"WebSite","@id":"https:\/\/www.hydronix.com\/es\/#website","url":"https:\/\/www.hydronix.com\/es\/","name":"Hydronix","description":"Your partner in moisture measurement","potentialAction":[{"@type":"SearchAction","target":{"@type":"EntryPoint","urlTemplate":"https:\/\/www.hydronix.com\/es\/?s={search_term_string}"},"query-input":{"@type":"PropertyValueSpecification","valueRequired":true,"valueName":"search_term_string"}}],"inLanguage":"es"}]}},"_links":{"self":[{"href":"https:\/\/www.hydronix.com\/es\/wp-json\/wp\/v2\/pages\/37090","targetHints":{"allow":["GET"]}}],"collection":[{"href":"https:\/\/www.hydronix.com\/es\/wp-json\/wp\/v2\/pages"}],"about":[{"href":"https:\/\/www.hydronix.com\/es\/wp-json\/wp\/v2\/types\/page"}],"author":[{"embeddable":true,"href":"https:\/\/www.hydronix.com\/es\/wp-json\/wp\/v2\/users\/4"}],"replies":[{"embeddable":true,"href":"https:\/\/www.hydronix.com\/es\/wp-json\/wp\/v2\/comments?post=37090"}],"version-history":[{"count":6,"href":"https:\/\/www.hydronix.com\/es\/wp-json\/wp\/v2\/pages\/37090\/revisions"}],"predecessor-version":[{"id":37403,"href":"https:\/\/www.hydronix.com\/es\/wp-json\/wp\/v2\/pages\/37090\/revisions\/37403"}],"up":[{"embeddable":true,"href":"https:\/\/www.hydronix.com\/es\/wp-json\/wp\/v2\/pages\/37301"}],"wp:featuredmedia":[{"embeddable":true,"href":"https:\/\/www.hydronix.com\/es\/wp-json\/wp\/v2\/media\/36977"}],"wp:attachment":[{"href":"https:\/\/www.hydronix.com\/es\/wp-json\/wp\/v2\/media?parent=37090"}],"wp:term":[{"taxonomy":"industries","embeddable":true,"href":"https:\/\/www.hydronix.com\/es\/wp-json\/wp\/v2\/industries?post=37090"},{"taxonomy":"process","embeddable":true,"href":"https:\/\/www.hydronix.com\/es\/wp-json\/wp\/v2\/process?post=37090"}],"curies":[{"name":"wp","href":"https:\/\/api.w.org\/{rel}","templated":true}]}}