{"id":36929,"date":"2024-06-28T08:03:21","date_gmt":"2024-06-28T08:03:21","guid":{"rendered":"https:\/\/www.hydronix.com\/?page_id=36929"},"modified":"2025-02-21T12:17:12","modified_gmt":"2025-02-21T12:17:12","slug":"calibracion","status":"publish","type":"page","link":"https:\/\/www.hydronix.com\/es\/formacion-sobre-sensores-de-humedad-hydronix\/calibracion\/","title":{"rendered":"Calibraci\u00f3n"},"content":{"rendered":"    \n<!-- hero_short -->\n<section class=\"short_hero d-flex py-5\" style=\"background-image:url(https:\/\/www.hydronix.com\/wp-content\/uploads\/2024\/06\/shutterstock_2305781813-online-learning-scaled.jpg)\">\n    <div class=\"overlay\"><\/div>\n    <div class=\"container-xl my-auto\">\n        <div class=\"row\">\n            <div class=\"col-lg-5 hero__content\">\n                <h1>Calibraci\u00f3n<\/h1>\n            <\/div>\n        <\/div>\n    <\/div>\n<\/section>\n<!--section class=\"sub_page_title py-1 mb-4\">\n    <div class=\"container-xl\">\n        <p id=\"breadcrumbs\"><span><span><a href=\"https:\/\/www.hydronix.com\/es\/\">Inicio<\/a><\/span><\/span><\/p>    <\/div>\n<\/section-->\n\n\n<!-- text_video -->\n<section class=\"text_video  py-5\">\n    <div class=\"container-xl\">\n        <div class=\"row\">\n            <div class=\"col-lg-5 text_video__content order-1 order-lg-1 mb-4 mb-lg-0 pt-5 py-md-5\">\n                <h2>Descripci\u00f3n general: \u00c1ridos<\/h2>                <div class=\"content mb-4\"><p>Una buena calibraci\u00f3n es fundamental para obtener los verdaderos beneficios de un sensor Hydronix. Hemos preparado algunos consejos y herramientas \u00fatiles para ayudarle.<\/p>\n<ul>\n<li><a href=\"https:\/\/www.hydronix.com\/wp-content\/uploads\/2024\/06\/9-Steps-for-Calibration-Guide.pdf\" target=\"_blank\" rel=\"noopener\">9 pasos para la calibraci\u00f3n<\/a><\/li>\n<li><a href=\"https:\/\/www.hydronix.com\/wp-content\/uploads\/2022\/11\/hs0101_1_0_0.xlsx\" target=\"_blank\" rel=\"noopener\">Hoja de c\u00e1lculo del asistente de calibraci\u00f3n del sensor<\/a><\/li>\n<li><a href=\"https:\/\/www.hydronix.com\/wp-content\/uploads\/2024\/12\/hd0679sp_1_10_0.pdf\" target=\"_blank\" rel=\"noopener\">Gu\u00eda de usuario de configuraci\u00f3n y calibraci\u00f3n del sensor<\/a>.<\/li>\n<\/ul>\n<\/div>\n                            <\/div>\n            <div class=\"col-lg-7 mb-4 mb-lg-0 d-flex order-2 order-lg-2\">\n                <div class=\"video__container w-100 my-auto\" style=\"background-color:#1a1a1a\">\n                                        <div class=\"ratio ratio-16x9 mx-auto\">\n                                                <iframe src=\"https:\/\/player.vimeo.com\/video\/941591397?byline=0&#038;portrait=0\" allow=\"autoplay; fullscreen; picture-in-picture\" webkitallowfullscreen mozallowfullscreen allowfullscreen><\/iframe>\n                                                <\/div>\n                    <!-- <lite-vimeo videoid=\"941591397\" style=\"background-image:url('');\"><\/lite-vimeo> -->\n                <\/div>\n            <\/div>\n        <\/div>\n    <\/div>\n<\/section>\n<!-- <script type=module src=\"https:\/\/cdn.jsdelivr.net\/npm\/@slightlyoff\/lite-vimeo@0.1.1\/lite-vimeo.js\"><\/script> -->\n\n<!-- text_video -->\n<section class=\"text_video text_video--bg py-5\">\n    <div class=\"container-xl\">\n        <div class=\"row\">\n            <div class=\"col-lg-5 text_video__content order-1 order-lg-1 mb-4 mb-lg-0 pt-5 py-md-5\">\n                <h2>Hydro-Com<\/h2>                <div class=\"content mb-4\"><p>Muestra el procedimiento de calibraci\u00f3n de materiales de un sensor de humedad Hydronix con el software Hydro-Com. Se puede utilizar el mismo procedimiento de calibraci\u00f3n en todos los tipos de material. (12 min)<\/p>\n<\/div>\n                            <\/div>\n            <div class=\"col-lg-7 mb-4 mb-lg-0 d-flex order-2 order-lg-2\">\n                <div class=\"video__container w-100 my-auto\" style=\"background-color:#1a1a1a\">\n                                        <div class=\"ratio ratio-16x9 mx-auto\">\n                                                <iframe src=\"https:\/\/player.vimeo.com\/video\/696475048?byline=0&#038;portrait=0\" allow=\"autoplay; fullscreen; picture-in-picture\" webkitallowfullscreen mozallowfullscreen allowfullscreen><\/iframe>\n                                                <\/div>\n                    <!-- <lite-vimeo videoid=\"696475048\" style=\"background-image:url('');\"><\/lite-vimeo> -->\n                <\/div>\n            <\/div>\n        <\/div>\n    <\/div>\n<\/section>\n<!-- <script type=module src=\"https:\/\/cdn.jsdelivr.net\/npm\/@slightlyoff\/lite-vimeo@0.1.1\/lite-vimeo.js\"><\/script> -->\n\n<!-- text_video -->\n<section class=\"text_video  py-5\">\n    <div class=\"container-xl\">\n        <div class=\"row\">\n            <div class=\"col-lg-5 text_video__content order-1 order-lg-1 mb-4 mb-lg-0 pt-5 py-md-5\">\n                <h2>Hydro-View (HV05) e Hydro-Hub (HH01)<\/h2>                <div class=\"content mb-4\"><p>Detalla el procedimiento para calibrar un sensor Hydronix mediante una pantalla t\u00e1ctil Hydro-View o una unidad Hydro-Hub. (5 min)<\/p>\n<\/div>\n                            <\/div>\n            <div class=\"col-lg-7 mb-4 mb-lg-0 d-flex order-2 order-lg-2\">\n                <div class=\"video__container w-100 my-auto\" style=\"background-color:#1a1a1a\">\n                                        <div class=\"ratio ratio-16x9 mx-auto\">\n                                                <iframe src=\"https:\/\/player.vimeo.com\/video\/569787439?byline=0&#038;portrait=0\" allow=\"autoplay; fullscreen; picture-in-picture\" webkitallowfullscreen mozallowfullscreen allowfullscreen><\/iframe>\n                                                <\/div>\n                    <!-- <lite-vimeo videoid=\"569787439\" style=\"background-image:url('');\"><\/lite-vimeo> -->\n                <\/div>\n            <\/div>\n        <\/div>\n    <\/div>\n<\/section>\n<!-- <script type=module src=\"https:\/\/cdn.jsdelivr.net\/npm\/@slightlyoff\/lite-vimeo@0.1.1\/lite-vimeo.js\"><\/script> -->","protected":false},"excerpt":{"rendered":"<p> [&#8230;]<\/p>\n<p><a class=\"btn btn-secondary understrap-read-more-link\" href=\"https:\/\/www.hydronix.com\/es\/formacion-sobre-sensores-de-humedad-hydronix\/calibracion\/\">Leer m\u00e1s&#8230;<span class=\"screen-reader-text\"> from Calibraci\u00f3n<\/span><\/a><\/p>\n","protected":false},"author":4,"featured_media":36977,"parent":37301,"menu_order":573,"comment_status":"closed","ping_status":"closed","template":"","meta":{"_acf_changed":false,"content-type":"","inline_featured_image":false,"footnotes":""},"industries":[],"process":[],"class_list":["post-36929","page","type-page","status-publish","has-post-thumbnail","hentry"],"acf":[],"yoast_head":"<!-- This site is optimized with the Yoast SEO plugin v27.1.1 - https:\/\/yoast.com\/product\/yoast-seo-wordpress\/ -->\n<title>Calibraci\u00f3n del sensor de humedad Hydronix<\/title>\n<meta name=\"description\" content=\"V\u00eddeos, infograf\u00edas, gu\u00edas de usuario y mucho m\u00e1s sobre c\u00f3mo calibrar los sensores de humedad e interfaces Hydronix.\" \/>\n<meta name=\"robots\" content=\"index, follow, max-snippet:-1, max-image-preview:large, max-video-preview:-1\" \/>\n<link rel=\"canonical\" href=\"https:\/\/www.hydronix.com\/es\/formacion-sobre-sensores-de-humedad-hydronix\/calibracion\/\" \/>\n<meta property=\"og:locale\" content=\"es_ES\" \/>\n<meta property=\"og:type\" content=\"article\" \/>\n<meta property=\"og:title\" content=\"Calibraci\u00f3n del sensor de humedad Hydronix\" \/>\n<meta property=\"og:description\" content=\"V\u00eddeos, infograf\u00edas, gu\u00edas de usuario y mucho m\u00e1s sobre c\u00f3mo calibrar los sensores de humedad e interfaces Hydronix.\" \/>\n<meta property=\"og:url\" content=\"https:\/\/www.hydronix.com\/es\/formacion-sobre-sensores-de-humedad-hydronix\/calibracion\/\" \/>\n<meta property=\"og:site_name\" content=\"Hydronix\" \/>\n<meta property=\"article:modified_time\" content=\"2025-02-21T12:17:12+00:00\" \/>\n<meta property=\"og:image\" content=\"https:\/\/www.hydronix.com\/wp-content\/uploads\/2024\/06\/shutterstock_2305781813-online-learning-scaled.jpg\" \/>\n\t<meta property=\"og:image:width\" content=\"2560\" \/>\n\t<meta property=\"og:image:height\" content=\"1231\" \/>\n\t<meta property=\"og:image:type\" content=\"image\/jpeg\" \/>\n<meta name=\"twitter:card\" content=\"summary_large_image\" \/>\n<meta name=\"twitter:label1\" content=\"Tiempo de lectura\" \/>\n\t<meta name=\"twitter:data1\" content=\"1 minuto\" \/>\n<script type=\"application\/ld+json\" class=\"yoast-schema-graph\">{\"@context\":\"https:\/\/schema.org\",\"@graph\":[{\"@type\":\"WebPage\",\"@id\":\"https:\/\/www.hydronix.com\/es\/formacion-sobre-sensores-de-humedad-hydronix\/calibracion\/\",\"url\":\"https:\/\/www.hydronix.com\/es\/formacion-sobre-sensores-de-humedad-hydronix\/calibracion\/\",\"name\":\"Calibraci\u00f3n del sensor de humedad Hydronix\",\"isPartOf\":{\"@id\":\"https:\/\/www.hydronix.com\/es\/#website\"},\"primaryImageOfPage\":{\"@id\":\"https:\/\/www.hydronix.com\/es\/formacion-sobre-sensores-de-humedad-hydronix\/calibracion\/#primaryimage\"},\"image\":{\"@id\":\"https:\/\/www.hydronix.com\/es\/formacion-sobre-sensores-de-humedad-hydronix\/calibracion\/#primaryimage\"},\"thumbnailUrl\":\"https:\/\/www.hydronix.com\/wp-content\/uploads\/2024\/06\/shutterstock_2305781813-online-learning-scaled.jpg\",\"datePublished\":\"2024-06-28T08:03:21+00:00\",\"dateModified\":\"2025-02-21T12:17:12+00:00\",\"description\":\"V\u00eddeos, infograf\u00edas, gu\u00edas de usuario y mucho m\u00e1s sobre c\u00f3mo calibrar los sensores de humedad e interfaces Hydronix.\",\"breadcrumb\":{\"@id\":\"https:\/\/www.hydronix.com\/es\/formacion-sobre-sensores-de-humedad-hydronix\/calibracion\/#breadcrumb\"},\"inLanguage\":\"es\",\"potentialAction\":[{\"@type\":\"ReadAction\",\"target\":[\"https:\/\/www.hydronix.com\/es\/formacion-sobre-sensores-de-humedad-hydronix\/calibracion\/\"]}]},{\"@type\":\"ImageObject\",\"inLanguage\":\"es\",\"@id\":\"https:\/\/www.hydronix.com\/es\/formacion-sobre-sensores-de-humedad-hydronix\/calibracion\/#primaryimage\",\"url\":\"https:\/\/www.hydronix.com\/wp-content\/uploads\/2024\/06\/shutterstock_2305781813-online-learning-scaled.jpg\",\"contentUrl\":\"https:\/\/www.hydronix.com\/wp-content\/uploads\/2024\/06\/shutterstock_2305781813-online-learning-scaled.jpg\",\"width\":2560,\"height\":1231,\"caption\":\"Formaci\u00f3n y aprendizaje en l\u00ednea de Hydronix\"},{\"@type\":\"BreadcrumbList\",\"@id\":\"https:\/\/www.hydronix.com\/es\/formacion-sobre-sensores-de-humedad-hydronix\/calibracion\/#breadcrumb\",\"itemListElement\":[{\"@type\":\"ListItem\",\"position\":1,\"name\":\"Inicio\",\"item\":\"https:\/\/www.hydronix.com\/es\/\"},{\"@type\":\"ListItem\",\"position\":2,\"name\":\"Formaci\u00f3n\",\"item\":\"https:\/\/www.hydronix.com\/es\/formacion-sobre-sensores-de-humedad-hydronix\/\"},{\"@type\":\"ListItem\",\"position\":3,\"name\":\"Calibraci\u00f3n\"}]},{\"@type\":\"WebSite\",\"@id\":\"https:\/\/www.hydronix.com\/es\/#website\",\"url\":\"https:\/\/www.hydronix.com\/es\/\",\"name\":\"Hydronix\",\"description\":\"Your partner in moisture measurement\",\"potentialAction\":[{\"@type\":\"SearchAction\",\"target\":{\"@type\":\"EntryPoint\",\"urlTemplate\":\"https:\/\/www.hydronix.com\/es\/?s={search_term_string}\"},\"query-input\":{\"@type\":\"PropertyValueSpecification\",\"valueRequired\":true,\"valueName\":\"search_term_string\"}}],\"inLanguage\":\"es\"}]}<\/script>\n<!-- \/ Yoast SEO plugin. -->","yoast_head_json":{"title":"Calibraci\u00f3n del sensor de humedad Hydronix","description":"V\u00eddeos, infograf\u00edas, gu\u00edas de usuario y mucho m\u00e1s sobre c\u00f3mo calibrar los sensores de humedad e interfaces Hydronix.","robots":{"index":"index","follow":"follow","max-snippet":"max-snippet:-1","max-image-preview":"max-image-preview:large","max-video-preview":"max-video-preview:-1"},"canonical":"https:\/\/www.hydronix.com\/es\/formacion-sobre-sensores-de-humedad-hydronix\/calibracion\/","og_locale":"es_ES","og_type":"article","og_title":"Calibraci\u00f3n del sensor de humedad Hydronix","og_description":"V\u00eddeos, infograf\u00edas, gu\u00edas de usuario y mucho m\u00e1s sobre c\u00f3mo calibrar los sensores de humedad e interfaces Hydronix.","og_url":"https:\/\/www.hydronix.com\/es\/formacion-sobre-sensores-de-humedad-hydronix\/calibracion\/","og_site_name":"Hydronix","article_modified_time":"2025-02-21T12:17:12+00:00","og_image":[{"width":2560,"height":1231,"url":"https:\/\/www.hydronix.com\/wp-content\/uploads\/2024\/06\/shutterstock_2305781813-online-learning-scaled.jpg","type":"image\/jpeg"}],"twitter_card":"summary_large_image","twitter_misc":{"Tiempo de lectura":"1 minuto"},"schema":{"@context":"https:\/\/schema.org","@graph":[{"@type":"WebPage","@id":"https:\/\/www.hydronix.com\/es\/formacion-sobre-sensores-de-humedad-hydronix\/calibracion\/","url":"https:\/\/www.hydronix.com\/es\/formacion-sobre-sensores-de-humedad-hydronix\/calibracion\/","name":"Calibraci\u00f3n del sensor de humedad Hydronix","isPartOf":{"@id":"https:\/\/www.hydronix.com\/es\/#website"},"primaryImageOfPage":{"@id":"https:\/\/www.hydronix.com\/es\/formacion-sobre-sensores-de-humedad-hydronix\/calibracion\/#primaryimage"},"image":{"@id":"https:\/\/www.hydronix.com\/es\/formacion-sobre-sensores-de-humedad-hydronix\/calibracion\/#primaryimage"},"thumbnailUrl":"https:\/\/www.hydronix.com\/wp-content\/uploads\/2024\/06\/shutterstock_2305781813-online-learning-scaled.jpg","datePublished":"2024-06-28T08:03:21+00:00","dateModified":"2025-02-21T12:17:12+00:00","description":"V\u00eddeos, infograf\u00edas, gu\u00edas de usuario y mucho m\u00e1s sobre c\u00f3mo calibrar los sensores de humedad e interfaces Hydronix.","breadcrumb":{"@id":"https:\/\/www.hydronix.com\/es\/formacion-sobre-sensores-de-humedad-hydronix\/calibracion\/#breadcrumb"},"inLanguage":"es","potentialAction":[{"@type":"ReadAction","target":["https:\/\/www.hydronix.com\/es\/formacion-sobre-sensores-de-humedad-hydronix\/calibracion\/"]}]},{"@type":"ImageObject","inLanguage":"es","@id":"https:\/\/www.hydronix.com\/es\/formacion-sobre-sensores-de-humedad-hydronix\/calibracion\/#primaryimage","url":"https:\/\/www.hydronix.com\/wp-content\/uploads\/2024\/06\/shutterstock_2305781813-online-learning-scaled.jpg","contentUrl":"https:\/\/www.hydronix.com\/wp-content\/uploads\/2024\/06\/shutterstock_2305781813-online-learning-scaled.jpg","width":2560,"height":1231,"caption":"Formaci\u00f3n y aprendizaje en l\u00ednea de Hydronix"},{"@type":"BreadcrumbList","@id":"https:\/\/www.hydronix.com\/es\/formacion-sobre-sensores-de-humedad-hydronix\/calibracion\/#breadcrumb","itemListElement":[{"@type":"ListItem","position":1,"name":"Inicio","item":"https:\/\/www.hydronix.com\/es\/"},{"@type":"ListItem","position":2,"name":"Formaci\u00f3n","item":"https:\/\/www.hydronix.com\/es\/formacion-sobre-sensores-de-humedad-hydronix\/"},{"@type":"ListItem","position":3,"name":"Calibraci\u00f3n"}]},{"@type":"WebSite","@id":"https:\/\/www.hydronix.com\/es\/#website","url":"https:\/\/www.hydronix.com\/es\/","name":"Hydronix","description":"Your partner in moisture measurement","potentialAction":[{"@type":"SearchAction","target":{"@type":"EntryPoint","urlTemplate":"https:\/\/www.hydronix.com\/es\/?s={search_term_string}"},"query-input":{"@type":"PropertyValueSpecification","valueRequired":true,"valueName":"search_term_string"}}],"inLanguage":"es"}]}},"_links":{"self":[{"href":"https:\/\/www.hydronix.com\/es\/wp-json\/wp\/v2\/pages\/36929","targetHints":{"allow":["GET"]}}],"collection":[{"href":"https:\/\/www.hydronix.com\/es\/wp-json\/wp\/v2\/pages"}],"about":[{"href":"https:\/\/www.hydronix.com\/es\/wp-json\/wp\/v2\/types\/page"}],"author":[{"embeddable":true,"href":"https:\/\/www.hydronix.com\/es\/wp-json\/wp\/v2\/users\/4"}],"replies":[{"embeddable":true,"href":"https:\/\/www.hydronix.com\/es\/wp-json\/wp\/v2\/comments?post=36929"}],"version-history":[{"count":9,"href":"https:\/\/www.hydronix.com\/es\/wp-json\/wp\/v2\/pages\/36929\/revisions"}],"predecessor-version":[{"id":39390,"href":"https:\/\/www.hydronix.com\/es\/wp-json\/wp\/v2\/pages\/36929\/revisions\/39390"}],"up":[{"embeddable":true,"href":"https:\/\/www.hydronix.com\/es\/wp-json\/wp\/v2\/pages\/37301"}],"wp:featuredmedia":[{"embeddable":true,"href":"https:\/\/www.hydronix.com\/es\/wp-json\/wp\/v2\/media\/36977"}],"wp:attachment":[{"href":"https:\/\/www.hydronix.com\/es\/wp-json\/wp\/v2\/media?parent=36929"}],"wp:term":[{"taxonomy":"industries","embeddable":true,"href":"https:\/\/www.hydronix.com\/es\/wp-json\/wp\/v2\/industries?post=36929"},{"taxonomy":"process","embeddable":true,"href":"https:\/\/www.hydronix.com\/es\/wp-json\/wp\/v2\/process?post=36929"}],"curies":[{"name":"wp","href":"https:\/\/api.w.org\/{rel}","templated":true}]}}