{"id":22134,"date":"2023-01-11T17:26:05","date_gmt":"2023-01-11T17:26:05","guid":{"rendered":"https:\/\/hydronix.chilliservers.co.uk\/solicitud-de-una-rma\/"},"modified":"2025-09-15T11:59:11","modified_gmt":"2025-09-15T11:59:11","slug":"solicitud-de-una-rma","status":"publish","type":"page","link":"https:\/\/www.hydronix.com\/es\/solicitud-de-una-rma\/","title":{"rendered":"Solicitud de una RMA"},"content":{"rendered":"    \n<!-- hero_short -->\n<section class=\"short_hero d-flex py-5\" style=\"background-image:url(https:\/\/www.hydronix.com\/wp-content\/uploads\/2023\/01\/shutterstock_1990520669-return-cropped-scaled.jpg)\">\n    <div class=\"overlay\"><\/div>\n    <div class=\"container-xl my-auto\">\n        <div class=\"row\">\n            <div class=\"col-lg-5 hero__content\">\n                <h1>Solicitud de una RMA<\/h1>\n            <\/div>\n        <\/div>\n    <\/div>\n<\/section>\n<!--section class=\"sub_page_title py-1 mb-4\">\n    <div class=\"container-xl\">\n        <p id=\"breadcrumbs\"><span><span><a href=\"https:\/\/www.hydronix.com\/es\/\">Inicio<\/a><\/span><\/span><\/p>    <\/div>\n<\/section-->\n\n\n\n<div style=\"height:30px\" aria-hidden=\"true\" class=\"wp-block-spacer\"><\/div>\n\n\n    <div class=\"container-xl\">\n\t\t\n<p class=\"w-md-75\">Solicite una autorizaci\u00f3n de devoluci\u00f3n de mercanc\u00eda (RMA, por sus siglas en ingl\u00e9s). Para ello rellene el siguiente formulario o p\u00f3ngase en contacto con <a href=\"mailto:service@hydronix.com\" target=\"_blank\" rel=\"noreferrer noopener\">service@hydronix.com<\/a>.<\/p>\n    <\/div>\n    \n\n\n<div style=\"height:30px\" aria-hidden=\"true\" class=\"wp-block-spacer\"><\/div>\n\n\n    <div class=\"container-xl\">\n\t\t\n<p class=\"w-md-75\"><\/p>\n    <\/div>\n    \n\n<!-- hs_form -->\n<div class=\"container-xl\" id=\"\">\n<!--[if lte IE 8]>\n<script charset=\"utf-8\" type=\"text\/javascript\" src=\"\/\/js.hsforms.net\/forms\/v2-legacy.js\"><\/script>\n<![endif]-->\n<script charset=\"utf-8\" type=\"text\/javascript\" src=\"\/\/js.hsforms.net\/forms\/v2.js\"><\/script>\n<script>\nhbspt.forms.create({\n    region: \"eu1\",\n    portalId: \"8142423\",\n    formId: \"c4cde2aa-959b-408f-8b36-ca8308923114\"\n});\n<\/script>\n<\/div>","protected":false},"excerpt":{"rendered":"<p>Solicite una autorizaci\u00f3n de devoluci\u00f3n de mercanc\u00eda (RMA, por sus siglas en ingl\u00e9s). Para ello rellene el siguiente formulario o p\u00f3ngase en contacto con service@hydronix.com. [&#8230;]<\/p>\n<p><a class=\"btn btn-secondary understrap-read-more-link\" href=\"https:\/\/www.hydronix.com\/es\/solicitud-de-una-rma\/\">Leer m\u00e1s&#8230;<span class=\"screen-reader-text\"> from Solicitud de una RMA<\/span><\/a><\/p>\n","protected":false},"author":4,"featured_media":18491,"parent":0,"menu_order":333,"comment_status":"closed","ping_status":"closed","template":"","meta":{"_acf_changed":false,"content-type":"","inline_featured_image":false,"footnotes":""},"industries":[],"process":[],"class_list":["post-22134","page","type-page","status-publish","has-post-thumbnail","hentry"],"acf":[],"yoast_head":"<!-- This site is optimized with the Yoast SEO plugin v27.1.1 - https:\/\/yoast.com\/product\/yoast-seo-wordpress\/ -->\n<title>Solicitud de una RMA - Hydronix<\/title>\n<meta name=\"robots\" content=\"index, follow, max-snippet:-1, max-image-preview:large, max-video-preview:-1\" \/>\n<link rel=\"canonical\" href=\"https:\/\/www.hydronix.com\/es\/solicitud-de-una-rma\/\" \/>\n<meta property=\"og:locale\" content=\"es_ES\" \/>\n<meta property=\"og:type\" content=\"article\" \/>\n<meta property=\"og:title\" content=\"Solicitud de una RMA - Hydronix\" \/>\n<meta property=\"og:description\" content=\"Solicite una autorizaci\u00f3n de devoluci\u00f3n de mercanc\u00eda (RMA, por sus siglas en ingl\u00e9s). Para ello rellene el siguiente formulario o p\u00f3ngase en contacto con service@hydronix.com. [...]Leer m\u00e1s... from Solicitud de una RMA\" \/>\n<meta property=\"og:url\" content=\"https:\/\/www.hydronix.com\/es\/solicitud-de-una-rma\/\" \/>\n<meta property=\"og:site_name\" content=\"Hydronix\" \/>\n<meta property=\"article:modified_time\" content=\"2025-09-15T11:59:11+00:00\" \/>\n<meta property=\"og:image\" content=\"https:\/\/www.hydronix.com\/wp-content\/uploads\/2023\/01\/shutterstock_1990520669-return-cropped-scaled.jpg\" \/>\n\t<meta property=\"og:image:width\" content=\"2560\" \/>\n\t<meta property=\"og:image:height\" content=\"1278\" \/>\n\t<meta property=\"og:image:type\" content=\"image\/jpeg\" \/>\n<meta name=\"twitter:card\" content=\"summary_large_image\" \/>\n<meta name=\"twitter:label1\" content=\"Tiempo de lectura\" \/>\n\t<meta name=\"twitter:data1\" content=\"1 minuto\" \/>\n<script type=\"application\/ld+json\" class=\"yoast-schema-graph\">{\"@context\":\"https:\/\/schema.org\",\"@graph\":[{\"@type\":\"WebPage\",\"@id\":\"https:\/\/www.hydronix.com\/es\/solicitud-de-una-rma\/\",\"url\":\"https:\/\/www.hydronix.com\/es\/solicitud-de-una-rma\/\",\"name\":\"Solicitud de una RMA - Hydronix\",\"isPartOf\":{\"@id\":\"https:\/\/www.hydronix.com\/es\/#website\"},\"primaryImageOfPage\":{\"@id\":\"https:\/\/www.hydronix.com\/es\/solicitud-de-una-rma\/#primaryimage\"},\"image\":{\"@id\":\"https:\/\/www.hydronix.com\/es\/solicitud-de-una-rma\/#primaryimage\"},\"thumbnailUrl\":\"https:\/\/www.hydronix.com\/wp-content\/uploads\/2023\/01\/shutterstock_1990520669-return-cropped-scaled.jpg\",\"datePublished\":\"2023-01-11T17:26:05+00:00\",\"dateModified\":\"2025-09-15T11:59:11+00:00\",\"breadcrumb\":{\"@id\":\"https:\/\/www.hydronix.com\/es\/solicitud-de-una-rma\/#breadcrumb\"},\"inLanguage\":\"es\",\"potentialAction\":[{\"@type\":\"ReadAction\",\"target\":[\"https:\/\/www.hydronix.com\/es\/solicitud-de-una-rma\/\"]}]},{\"@type\":\"ImageObject\",\"inLanguage\":\"es\",\"@id\":\"https:\/\/www.hydronix.com\/es\/solicitud-de-una-rma\/#primaryimage\",\"url\":\"https:\/\/www.hydronix.com\/wp-content\/uploads\/2023\/01\/shutterstock_1990520669-return-cropped-scaled.jpg\",\"contentUrl\":\"https:\/\/www.hydronix.com\/wp-content\/uploads\/2023\/01\/shutterstock_1990520669-return-cropped-scaled.jpg\",\"width\":2560,\"height\":1278,\"caption\":\"concepto de protecci\u00f3n de la salud, entrega y servicio de correos - cliente realizando la devoluci\u00f3n del paquete o compra y trabajador con guantes protectores recibiendo la caja\"},{\"@type\":\"BreadcrumbList\",\"@id\":\"https:\/\/www.hydronix.com\/es\/solicitud-de-una-rma\/#breadcrumb\",\"itemListElement\":[{\"@type\":\"ListItem\",\"position\":1,\"name\":\"Inicio\",\"item\":\"https:\/\/www.hydronix.com\/es\/\"},{\"@type\":\"ListItem\",\"position\":2,\"name\":\"Solicitud de una RMA\"}]},{\"@type\":\"WebSite\",\"@id\":\"https:\/\/www.hydronix.com\/es\/#website\",\"url\":\"https:\/\/www.hydronix.com\/es\/\",\"name\":\"Hydronix\",\"description\":\"Your partner in moisture measurement\",\"potentialAction\":[{\"@type\":\"SearchAction\",\"target\":{\"@type\":\"EntryPoint\",\"urlTemplate\":\"https:\/\/www.hydronix.com\/es\/?s={search_term_string}\"},\"query-input\":{\"@type\":\"PropertyValueSpecification\",\"valueRequired\":true,\"valueName\":\"search_term_string\"}}],\"inLanguage\":\"es\"}]}<\/script>\n<!-- \/ Yoast SEO plugin. -->","yoast_head_json":{"title":"Solicitud de una RMA - Hydronix","robots":{"index":"index","follow":"follow","max-snippet":"max-snippet:-1","max-image-preview":"max-image-preview:large","max-video-preview":"max-video-preview:-1"},"canonical":"https:\/\/www.hydronix.com\/es\/solicitud-de-una-rma\/","og_locale":"es_ES","og_type":"article","og_title":"Solicitud de una RMA - Hydronix","og_description":"Solicite una autorizaci\u00f3n de devoluci\u00f3n de mercanc\u00eda (RMA, por sus siglas en ingl\u00e9s). Para ello rellene el siguiente formulario o p\u00f3ngase en contacto con service@hydronix.com. [...]Leer m\u00e1s... from Solicitud de una RMA","og_url":"https:\/\/www.hydronix.com\/es\/solicitud-de-una-rma\/","og_site_name":"Hydronix","article_modified_time":"2025-09-15T11:59:11+00:00","og_image":[{"width":2560,"height":1278,"url":"https:\/\/www.hydronix.com\/wp-content\/uploads\/2023\/01\/shutterstock_1990520669-return-cropped-scaled.jpg","type":"image\/jpeg"}],"twitter_card":"summary_large_image","twitter_misc":{"Tiempo de lectura":"1 minuto"},"schema":{"@context":"https:\/\/schema.org","@graph":[{"@type":"WebPage","@id":"https:\/\/www.hydronix.com\/es\/solicitud-de-una-rma\/","url":"https:\/\/www.hydronix.com\/es\/solicitud-de-una-rma\/","name":"Solicitud de una RMA - Hydronix","isPartOf":{"@id":"https:\/\/www.hydronix.com\/es\/#website"},"primaryImageOfPage":{"@id":"https:\/\/www.hydronix.com\/es\/solicitud-de-una-rma\/#primaryimage"},"image":{"@id":"https:\/\/www.hydronix.com\/es\/solicitud-de-una-rma\/#primaryimage"},"thumbnailUrl":"https:\/\/www.hydronix.com\/wp-content\/uploads\/2023\/01\/shutterstock_1990520669-return-cropped-scaled.jpg","datePublished":"2023-01-11T17:26:05+00:00","dateModified":"2025-09-15T11:59:11+00:00","breadcrumb":{"@id":"https:\/\/www.hydronix.com\/es\/solicitud-de-una-rma\/#breadcrumb"},"inLanguage":"es","potentialAction":[{"@type":"ReadAction","target":["https:\/\/www.hydronix.com\/es\/solicitud-de-una-rma\/"]}]},{"@type":"ImageObject","inLanguage":"es","@id":"https:\/\/www.hydronix.com\/es\/solicitud-de-una-rma\/#primaryimage","url":"https:\/\/www.hydronix.com\/wp-content\/uploads\/2023\/01\/shutterstock_1990520669-return-cropped-scaled.jpg","contentUrl":"https:\/\/www.hydronix.com\/wp-content\/uploads\/2023\/01\/shutterstock_1990520669-return-cropped-scaled.jpg","width":2560,"height":1278,"caption":"concepto de protecci\u00f3n de la salud, entrega y servicio de correos - cliente realizando la devoluci\u00f3n del paquete o compra y trabajador con guantes protectores recibiendo la caja"},{"@type":"BreadcrumbList","@id":"https:\/\/www.hydronix.com\/es\/solicitud-de-una-rma\/#breadcrumb","itemListElement":[{"@type":"ListItem","position":1,"name":"Inicio","item":"https:\/\/www.hydronix.com\/es\/"},{"@type":"ListItem","position":2,"name":"Solicitud de una RMA"}]},{"@type":"WebSite","@id":"https:\/\/www.hydronix.com\/es\/#website","url":"https:\/\/www.hydronix.com\/es\/","name":"Hydronix","description":"Your partner in moisture measurement","potentialAction":[{"@type":"SearchAction","target":{"@type":"EntryPoint","urlTemplate":"https:\/\/www.hydronix.com\/es\/?s={search_term_string}"},"query-input":{"@type":"PropertyValueSpecification","valueRequired":true,"valueName":"search_term_string"}}],"inLanguage":"es"}]}},"_links":{"self":[{"href":"https:\/\/www.hydronix.com\/es\/wp-json\/wp\/v2\/pages\/22134","targetHints":{"allow":["GET"]}}],"collection":[{"href":"https:\/\/www.hydronix.com\/es\/wp-json\/wp\/v2\/pages"}],"about":[{"href":"https:\/\/www.hydronix.com\/es\/wp-json\/wp\/v2\/types\/page"}],"author":[{"embeddable":true,"href":"https:\/\/www.hydronix.com\/es\/wp-json\/wp\/v2\/users\/4"}],"replies":[{"embeddable":true,"href":"https:\/\/www.hydronix.com\/es\/wp-json\/wp\/v2\/comments?post=22134"}],"version-history":[{"count":1,"href":"https:\/\/www.hydronix.com\/es\/wp-json\/wp\/v2\/pages\/22134\/revisions"}],"predecessor-version":[{"id":41601,"href":"https:\/\/www.hydronix.com\/es\/wp-json\/wp\/v2\/pages\/22134\/revisions\/41601"}],"wp:featuredmedia":[{"embeddable":true,"href":"https:\/\/www.hydronix.com\/es\/wp-json\/wp\/v2\/media\/18491"}],"wp:attachment":[{"href":"https:\/\/www.hydronix.com\/es\/wp-json\/wp\/v2\/media?parent=22134"}],"wp:term":[{"taxonomy":"industries","embeddable":true,"href":"https:\/\/www.hydronix.com\/es\/wp-json\/wp\/v2\/industries?post=22134"},{"taxonomy":"process","embeddable":true,"href":"https:\/\/www.hydronix.com\/es\/wp-json\/wp\/v2\/process?post=22134"}],"curies":[{"name":"wp","href":"https:\/\/api.w.org\/{rel}","templated":true}]}}