{"id":22122,"date":"2022-09-12T15:36:48","date_gmt":"2022-09-12T15:36:48","guid":{"rendered":"https:\/\/hydronix.chilliservers.co.uk\/recursos\/videoteca-de-hydronix\/"},"modified":"2025-02-20T15:14:56","modified_gmt":"2025-02-20T15:14:56","slug":"videoteca-de-hydronix","status":"publish","type":"page","link":"https:\/\/www.hydronix.com\/es\/recursos\/videoteca-de-hydronix\/","title":{"rendered":"Videoteca de Hydronix"},"content":{"rendered":"    <div class=\"container-xl\">\n\t\t\n<p>Los siguientes v\u00eddeos son una colecci\u00f3n de res\u00famenes de productos, as\u00ed como ejemplos de sensores de humedad Hydronix instalados para distintas aplicaciones. <\/p>\n    <\/div>\n    \n\n    <div class=\"container-xl\">\n\t\t\n<p>Para m\u00e1s informaci\u00f3n sobre las aplicaciones y la instalaci\u00f3n, p\u00f3ngase en <a href=\"https:\/\/www.hydronix.com\/es\/acerca-de-hydronix\/contacto\/\">contacto con nosotros.<\/a><\/p>\n    <\/div>\n    \n\n<style>\n.video-grid {\n    display: grid;\n    gap: 1rem;\n}\n@media (min-width:992px) {\n    .video-grid {\n        grid-template-columns: repeat(2, 1fr);\n    }\n}\n@media (min-width:1200px) {\n    .video-grid {\n        grid-template-columns: repeat(3, 1fr);\n    }\n}\nlite-vimeo {\n    background-size: cover;\n    background-position: center;\n    background-repeat: no-repeat;\n}\n.video-description {\n    background-color: #0078a9;\n    color: white;\n    min-height: 4rem;\n}\n<\/style>\n<section class=\"three_col_video py-5  \">\n    <div class=\"container-xl\">\n                <h2>Testimonios de Clientes<\/h2>\n            <div class=\"video-grid\">        <div class=\"video-container\">\n            <div class=\"video-preview ratio ratio-16x9\">\n                                <lite-vimeo videoid=\"1025052168\" style=\"background-image:url('https:\/\/i.vimeocdn.com\/video\/1944527524-f299d8c1e6ef91a8fa23b31f320f773f292a406d4da86b50557e70ef9ec54f26-d_295x166?region=us');\"><\/lite-vimeo>\n                                <\/div>\n            <div class=\"video-description p-2\">\n                Curran Contracting: producci\u00f3n de asfalto            <\/div>\n        <\/div>\n            <\/div>    <\/div>\n<\/section>\n<script type=module src=\"https:\/\/www.hydronix.com\/wp-content\/themes\/cb-hydronix\/js\/lite-vimeo.js\" defer><\/script>\n\n\n<style>\n.video-grid {\n    display: grid;\n    gap: 1rem;\n}\n@media (min-width:992px) {\n    .video-grid {\n        grid-template-columns: repeat(2, 1fr);\n    }\n}\n@media (min-width:1200px) {\n    .video-grid {\n        grid-template-columns: repeat(3, 1fr);\n    }\n}\nlite-vimeo {\n    background-size: cover;\n    background-position: center;\n    background-repeat: no-repeat;\n}\n.video-description {\n    background-color: #0078a9;\n    color: white;\n    min-height: 4rem;\n}\n<\/style>\n<section class=\"three_col_video py-5  \">\n    <div class=\"container-xl\">\n                <h2>Hormig\u00f3n y construcci\u00f3n<\/h2>\n            <div class=\"video-grid\">        <div class=\"video-container\">\n            <div class=\"video-preview ratio ratio-16x9\">\n                                <lite-vimeo videoid=\"998724167\" style=\"background-image:url('https:\/\/i.vimeocdn.com\/video\/1914897172-494f802ac7eea0bfb435dba67774004802eab59e18d7bfa7e957372e17eda849-d_295x166?region=us');\"><\/lite-vimeo>\n                                <\/div>\n            <div class=\"video-description p-2\">\n                Descripci\u00f3n general del producto Hydronix para la construcci\u00f3n de hormig\u00f3n            <\/div>\n        <\/div>\n                    <div class=\"video-container\">\n            <div class=\"video-preview ratio ratio-16x9\">\n                                <lite-vimeo videoid=\"236757122\" style=\"background-image:url('https:\/\/i.vimeocdn.com\/video\/658955637-cc8abd8497eac342fe1814d2dd927b93fc8790c077c9f0081fcf1beea058c74a-d_295x166?region=us');\"><\/lite-vimeo>\n                                <\/div>\n            <div class=\"video-description p-2\">\n                Sensor de humedad Hydro-Probe por microondas en una transportadora de arena            <\/div>\n        <\/div>\n                    <div class=\"video-container\">\n            <div class=\"video-preview ratio ratio-16x9\">\n                                <lite-vimeo videoid=\"236549957\" style=\"background-image:url('https:\/\/i.vimeocdn.com\/video\/658688719-3b2df93dd273030c044d3aad803f7ed4ba9ca7f3e391f21cf64aa5d9e825c553-d_640?region=us');\"><\/lite-vimeo>\n                                <\/div>\n            <div class=\"video-description p-2\">\n                Sensor de humedad Hydro-Mix instalado en un Hydro-Skid en una cinta transportadora de arena            <\/div>\n        <\/div>\n                    <div class=\"video-container\">\n            <div class=\"video-preview ratio ratio-16x9\">\n                                <lite-vimeo videoid=\"237904871\" style=\"background-image:url('https:\/\/i.vimeocdn.com\/video\/660449611-62416f3f6ca2813e7841a33febf9e1dd13d08e63d6418c9c9dbcd342d8204e32-d_295x166?region=us');\"><\/lite-vimeo>\n                                <\/div>\n            <div class=\"video-description p-2\">\n                Sensor de humedad Hydro-Probe instalado bajo una cuba de arena            <\/div>\n        <\/div>\n                    <div class=\"video-container\">\n            <div class=\"video-preview ratio ratio-16x9\">\n                                <lite-vimeo videoid=\"237881330\" style=\"background-image:url('https:\/\/i.vimeocdn.com\/video\/660419579-186b3e312f2b9a822cce7bec3436104cd7dcb34395bb7185a07a5babc9591fa8-d_295x166?region=us');\"><\/lite-vimeo>\n                                <\/div>\n            <div class=\"video-description p-2\">\n                Un sensor Hydro-Probe midiendo humedad en \u00e1ridos bajo una cuba de \u00e1rido            <\/div>\n        <\/div>\n                    <div class=\"video-container\">\n            <div class=\"video-preview ratio ratio-16x9\">\n                                <lite-vimeo videoid=\"236756585\" style=\"background-image:url('https:\/\/i.vimeocdn.com\/video\/658953105-9ff32e9df02203931c54aed7060d84de89a225793cd5d684a56f6e8d14eb0af7-d_295x166?region=us');\"><\/lite-vimeo>\n                                <\/div>\n            <div class=\"video-description p-2\">\n                Medici\u00f3n de humedad en una cinta transportadora de asfalto con un sensor de humedad Hydro-Mix            <\/div>\n        <\/div>\n                    <div class=\"video-container\">\n            <div class=\"video-preview ratio ratio-16x9\">\n                                <lite-vimeo videoid=\"236549211\" style=\"background-image:url('https:\/\/i.vimeocdn.com\/video\/658956852-eef3305326ba81bc6ded510c9e3491b201b267f3ee27aef87f145b21720a76a7-d_295x166?region=us');\"><\/lite-vimeo>\n                                <\/div>\n            <div class=\"video-description p-2\">\n                Sensor Hydro-Mix midiendo la humedad durante la extrusi\u00f3n de ladrillos de arcilla en una f\u00e1brica de ladrillos            <\/div>\n        <\/div>\n                    <div class=\"video-container\">\n            <div class=\"video-preview ratio ratio-16x9\">\n                                <lite-vimeo videoid=\"236758000\" style=\"background-image:url('https:\/\/i.vimeocdn.com\/video\/658960798-d22492e323d5209e26f08363610cc93e66dbcaacd6aaaf12215fad0afeb8c5e6-d_295x166?region=us');\"><\/lite-vimeo>\n                                <\/div>\n            <div class=\"video-description p-2\">\n                Medici\u00f3n de humedad en una mezcladora de hormig\u00f3n planetaria: Hydro-Probe Orbiter            <\/div>\n        <\/div>\n                    <div class=\"video-container\">\n            <div class=\"video-preview ratio ratio-16x9\">\n                                <lite-vimeo videoid=\"236757019\" style=\"background-image:url('https:\/\/i.vimeocdn.com\/video\/659115070-dbc791159289b029e87cc92790a2a2f66d2810289adf6752b4225df2d89954eb-d_295x166?region=us');\"><\/lite-vimeo>\n                                <\/div>\n            <div class=\"video-description p-2\">\n                Hydro-Probe Orbiter: montaje habitual en una mezcladora            <\/div>\n        <\/div>\n                    <div class=\"video-container\">\n            <div class=\"video-preview ratio ratio-16x9\">\n                                <lite-vimeo videoid=\"236756884\" style=\"background-image:url('https:\/\/i.vimeocdn.com\/video\/659115224-2d0d4018170bca58b36f1b0edd2c5bb04a39c2e9f9fdaae0e15128213c1a8f8c-d_295x166?region=us');\"><\/lite-vimeo>\n                                <\/div>\n            <div class=\"video-description p-2\">\n                Medici\u00f3n de humedad en carb\u00f3n triturado en una cinta transportadora mediante el sensor Hydro-Mix            <\/div>\n        <\/div>\n            <\/div>    <\/div>\n<\/section>\n<script type=module src=\"https:\/\/www.hydronix.com\/wp-content\/themes\/cb-hydronix\/js\/lite-vimeo.js\" defer><\/script>\n\n\n<style>\n.video-grid {\n    display: grid;\n    gap: 1rem;\n}\n@media (min-width:992px) {\n    .video-grid {\n        grid-template-columns: repeat(2, 1fr);\n    }\n}\n@media (min-width:1200px) {\n    .video-grid {\n        grid-template-columns: repeat(3, 1fr);\n    }\n}\nlite-vimeo {\n    background-size: cover;\n    background-position: center;\n    background-repeat: no-repeat;\n}\n.video-description {\n    background-color: #0078a9;\n    color: white;\n    min-height: 4rem;\n}\n<\/style>\n<section class=\"three_col_video py-5  \">\n    <div class=\"container-xl\">\n                <h2>Granos, semillas y frutos secos<\/h2>\n            <div class=\"video-grid\">        <div class=\"video-container\">\n            <div class=\"video-preview ratio ratio-16x9\">\n                                <lite-vimeo videoid=\"241510813\" style=\"background-image:url('https:\/\/i.vimeocdn.com\/video\/665115700-14cd4919690593da2a6f7f8c865f6c6139fcf2a0c195193d2a05e8af6c4e89d5-d_640?region=us');\"><\/lite-vimeo>\n                                <\/div>\n            <div class=\"video-description p-2\">\n                Sensor Hydro-Mix midiendo la humedad en un sistema de canalizaci\u00f3n de grano            <\/div>\n        <\/div>\n                    <div class=\"video-container\">\n            <div class=\"video-preview ratio ratio-16x9\">\n                                <lite-vimeo videoid=\"1058564043\" style=\"background-image:url('https:\/\/i.vimeocdn.com\/video\/1984805032-54e7b3666727846cf68493fc2e8e18cce698b68e63f9ff10592184a14b0c12e9-d_295x166?region=us');\"><\/lite-vimeo>\n                                <\/div>\n            <div class=\"video-description p-2\">\n                Medici\u00f3n de la humedad en un sistema de canalizaci\u00f3n de cereales            <\/div>\n        <\/div>\n                    <div class=\"video-container\">\n            <div class=\"video-preview ratio ratio-16x9\">\n                                <lite-vimeo videoid=\"236551434\" style=\"background-image:url('https:\/\/i.vimeocdn.com\/video\/658960129-6f92b7b3553f03471d0c43574f3cad82d7cc1a5a067185eeab756cff512a8b76-d_295x166?region=us');\"><\/lite-vimeo>\n                                <\/div>\n            <div class=\"video-description p-2\">\n                Medici\u00f3n de humedad en grano: sensor Hydronix instalado en una cinta transportadora en masa            <\/div>\n        <\/div>\n                    <div class=\"video-container\">\n            <div class=\"video-preview ratio ratio-16x9\">\n                                <lite-vimeo videoid=\"238045049\" style=\"background-image:url('https:\/\/i.vimeocdn.com\/video\/660631353-ffeb5152be64c3ccc17acbfb0e49f088889443bc28ab37fc233b00acaa0a7968-d_295x166?region=us');\"><\/lite-vimeo>\n                                <\/div>\n            <div class=\"video-description p-2\">\n                Medici\u00f3n de humedad en arroz en una cinta transportadora usando un sensor Hydronix            <\/div>\n        <\/div>\n            <\/div>    <\/div>\n<\/section>\n<script type=module src=\"https:\/\/www.hydronix.com\/wp-content\/themes\/cb-hydronix\/js\/lite-vimeo.js\" defer><\/script>\n\n\n<style>\n.video-grid {\n    display: grid;\n    gap: 1rem;\n}\n@media (min-width:992px) {\n    .video-grid {\n        grid-template-columns: repeat(2, 1fr);\n    }\n}\n@media (min-width:1200px) {\n    .video-grid {\n        grid-template-columns: repeat(3, 1fr);\n    }\n}\nlite-vimeo {\n    background-size: cover;\n    background-position: center;\n    background-repeat: no-repeat;\n}\n.video-description {\n    background-color: #0078a9;\n    color: white;\n    min-height: 4rem;\n}\n<\/style>\n<section class=\"three_col_video py-5  \">\n    <div class=\"container-xl\">\n                <h2>Pasta de papel<\/h2>\n            <div class=\"video-grid\">        <div class=\"video-container\">\n            <div class=\"video-preview ratio ratio-16x9\">\n                                <lite-vimeo videoid=\"564077707\" style=\"background-image:url('https:\/\/i.vimeocdn.com\/video\/1166126551-4d0ffc94686de9dd3c96bc804a192a9299d97c3fb7017345a52134a67db81910-d_295x166?region=us');\"><\/lite-vimeo>\n                                <\/div>\n            <div class=\"video-description p-2\">\n                Hydro-Mix sobre Hydro-Skid en papelera            <\/div>\n        <\/div>\n            <\/div>    <\/div>\n<\/section>\n<script type=module src=\"https:\/\/www.hydronix.com\/wp-content\/themes\/cb-hydronix\/js\/lite-vimeo.js\" defer><\/script>\n\n\n<style>\n.video-grid {\n    display: grid;\n    gap: 1rem;\n}\n@media (min-width:992px) {\n    .video-grid {\n        grid-template-columns: repeat(2, 1fr);\n    }\n}\n@media (min-width:1200px) {\n    .video-grid {\n        grid-template-columns: repeat(3, 1fr);\n    }\n}\nlite-vimeo {\n    background-size: cover;\n    background-position: center;\n    background-repeat: no-repeat;\n}\n.video-description {\n    background-color: #0078a9;\n    color: white;\n    min-height: 4rem;\n}\n<\/style>\n<section class=\"three_col_video py-5  \">\n    <div class=\"container-xl\">\n                <h2>Res\u00famenes de productos<\/h2>\n            <div class=\"video-grid\">        <div class=\"video-container\">\n            <div class=\"video-preview ratio ratio-16x9\">\n                                <lite-vimeo videoid=\"542033772\" style=\"background-image:url('https:\/\/i.vimeocdn.com\/video\/1122179600-17e35f583fbb8f07c7920eb1e95925bd72a21f7914e857a1e15d2ce801bf7b34-d_295x166?region=us');\"><\/lite-vimeo>\n                                <\/div>\n            <div class=\"video-description p-2\">\n                Hydro-Mix XT-EX, sensor de humedad preciso para instalaciones industriales peligrosas            <\/div>\n        <\/div>\n                    <div class=\"video-container\">\n            <div class=\"video-preview ratio ratio-16x9\">\n                                <lite-vimeo videoid=\"769813342\" style=\"background-image:url('https:\/\/i.vimeocdn.com\/video\/1545113656-478e83df865b15e0ab7f4dd50408f85d03bb72951f2127e0bb273116d7f2b575-d_295x166?region=us');\"><\/lite-vimeo>\n                                <\/div>\n            <div class=\"video-description p-2\">\n                Hydro-Mix HT-EX, sensor de temperatura alta para instalaciones industriales peligrosas            <\/div>\n        <\/div>\n                    <div class=\"video-container\">\n            <div class=\"video-preview ratio ratio-16x9\">\n                                <lite-vimeo videoid=\"769842345\" style=\"background-image:url('https:\/\/i.vimeocdn.com\/video\/1545163561-a1088f31f66409fb06410387782b88213c16965ffb7e0fb19c40eaa5d46bec65-d_295x166?region=us');\"><\/lite-vimeo>\n                                <\/div>\n            <div class=\"video-description p-2\">\n                Hydro-Mix XT-FS, sensor digital de humedad por microondas apto para alimentos montado de forma empotrada            <\/div>\n        <\/div>\n            <\/div>    <\/div>\n<\/section>\n<script type=module src=\"https:\/\/www.hydronix.com\/wp-content\/themes\/cb-hydronix\/js\/lite-vimeo.js\" defer><\/script>\n","protected":false},"excerpt":{"rendered":"<p>Los siguientes v\u00eddeos son una colecci\u00f3n de res\u00famenes de productos, as\u00ed como ejemplos de sensores de humedad Hydronix instalados para distintas aplicaciones. Para m\u00e1s informaci\u00f3n sobre las aplicaciones y la instalaci\u00f3n, p\u00f3ngase en contacto con nosotros. [&#8230;]<\/p>\n<p><a class=\"btn btn-secondary understrap-read-more-link\" href=\"https:\/\/www.hydronix.com\/es\/recursos\/videoteca-de-hydronix\/\">Leer m\u00e1s&#8230;<span class=\"screen-reader-text\"> from Videoteca de Hydronix<\/span><\/a><\/p>\n","protected":false},"author":1,"featured_media":0,"parent":22036,"menu_order":224,"comment_status":"closed","ping_status":"closed","template":"page-templates\/fullwidthpage.php","meta":{"_acf_changed":false,"content-type":"","inline_featured_image":false,"footnotes":""},"industries":[],"process":[],"class_list":["post-22122","page","type-page","status-publish","hentry"],"acf":[],"yoast_head":"<!-- This site is optimized with the Yoast SEO plugin v27.1.1 - https:\/\/yoast.com\/product\/yoast-seo-wordpress\/ -->\n<title>Videoteca de Hydronix - Hydronix<\/title>\n<meta name=\"robots\" content=\"index, follow, max-snippet:-1, max-image-preview:large, max-video-preview:-1\" \/>\n<link rel=\"canonical\" href=\"https:\/\/www.hydronix.com\/es\/recursos\/videoteca-de-hydronix\/\" \/>\n<meta property=\"og:locale\" content=\"es_ES\" \/>\n<meta property=\"og:type\" content=\"article\" \/>\n<meta property=\"og:title\" content=\"Videoteca de Hydronix - Hydronix\" \/>\n<meta property=\"og:description\" content=\"Los siguientes v\u00eddeos son una colecci\u00f3n de res\u00famenes de productos, as\u00ed como ejemplos de sensores de humedad Hydronix instalados para distintas aplicaciones. Para m\u00e1s informaci\u00f3n sobre las aplicaciones y la instalaci\u00f3n, p\u00f3ngase en contacto con nosotros. [...]Leer m\u00e1s... from Videoteca de Hydronix\" \/>\n<meta property=\"og:url\" content=\"https:\/\/www.hydronix.com\/es\/recursos\/videoteca-de-hydronix\/\" \/>\n<meta property=\"og:site_name\" content=\"Hydronix\" \/>\n<meta property=\"article:modified_time\" content=\"2025-02-20T15:14:56+00:00\" \/>\n<meta name=\"twitter:card\" content=\"summary_large_image\" \/>\n<meta name=\"twitter:label1\" content=\"Tiempo de lectura\" \/>\n\t<meta name=\"twitter:data1\" content=\"1 minuto\" \/>\n<script type=\"application\/ld+json\" class=\"yoast-schema-graph\">{\"@context\":\"https:\/\/schema.org\",\"@graph\":[{\"@type\":\"WebPage\",\"@id\":\"https:\/\/www.hydronix.com\/es\/recursos\/videoteca-de-hydronix\/\",\"url\":\"https:\/\/www.hydronix.com\/es\/recursos\/videoteca-de-hydronix\/\",\"name\":\"Videoteca de Hydronix - Hydronix\",\"isPartOf\":{\"@id\":\"https:\/\/www.hydronix.com\/es\/#website\"},\"datePublished\":\"2022-09-12T15:36:48+00:00\",\"dateModified\":\"2025-02-20T15:14:56+00:00\",\"breadcrumb\":{\"@id\":\"https:\/\/www.hydronix.com\/es\/recursos\/videoteca-de-hydronix\/#breadcrumb\"},\"inLanguage\":\"es\",\"potentialAction\":[{\"@type\":\"ReadAction\",\"target\":[\"https:\/\/www.hydronix.com\/es\/recursos\/videoteca-de-hydronix\/\"]}]},{\"@type\":\"BreadcrumbList\",\"@id\":\"https:\/\/www.hydronix.com\/es\/recursos\/videoteca-de-hydronix\/#breadcrumb\",\"itemListElement\":[{\"@type\":\"ListItem\",\"position\":1,\"name\":\"Inicio\",\"item\":\"https:\/\/www.hydronix.com\/es\/\"},{\"@type\":\"ListItem\",\"position\":2,\"name\":\"Recursos\",\"item\":\"https:\/\/www.hydronix.com\/es\/recursos\/\"},{\"@type\":\"ListItem\",\"position\":3,\"name\":\"Videoteca de Hydronix\"}]},{\"@type\":\"WebSite\",\"@id\":\"https:\/\/www.hydronix.com\/es\/#website\",\"url\":\"https:\/\/www.hydronix.com\/es\/\",\"name\":\"Hydronix\",\"description\":\"Your partner in moisture measurement\",\"potentialAction\":[{\"@type\":\"SearchAction\",\"target\":{\"@type\":\"EntryPoint\",\"urlTemplate\":\"https:\/\/www.hydronix.com\/es\/?s={search_term_string}\"},\"query-input\":{\"@type\":\"PropertyValueSpecification\",\"valueRequired\":true,\"valueName\":\"search_term_string\"}}],\"inLanguage\":\"es\"}]}<\/script>\n<!-- \/ Yoast SEO plugin. -->","yoast_head_json":{"title":"Videoteca de Hydronix - Hydronix","robots":{"index":"index","follow":"follow","max-snippet":"max-snippet:-1","max-image-preview":"max-image-preview:large","max-video-preview":"max-video-preview:-1"},"canonical":"https:\/\/www.hydronix.com\/es\/recursos\/videoteca-de-hydronix\/","og_locale":"es_ES","og_type":"article","og_title":"Videoteca de Hydronix - Hydronix","og_description":"Los siguientes v\u00eddeos son una colecci\u00f3n de res\u00famenes de productos, as\u00ed como ejemplos de sensores de humedad Hydronix instalados para distintas aplicaciones. Para m\u00e1s informaci\u00f3n sobre las aplicaciones y la instalaci\u00f3n, p\u00f3ngase en contacto con nosotros. [...]Leer m\u00e1s... from Videoteca de Hydronix","og_url":"https:\/\/www.hydronix.com\/es\/recursos\/videoteca-de-hydronix\/","og_site_name":"Hydronix","article_modified_time":"2025-02-20T15:14:56+00:00","twitter_card":"summary_large_image","twitter_misc":{"Tiempo de lectura":"1 minuto"},"schema":{"@context":"https:\/\/schema.org","@graph":[{"@type":"WebPage","@id":"https:\/\/www.hydronix.com\/es\/recursos\/videoteca-de-hydronix\/","url":"https:\/\/www.hydronix.com\/es\/recursos\/videoteca-de-hydronix\/","name":"Videoteca de Hydronix - Hydronix","isPartOf":{"@id":"https:\/\/www.hydronix.com\/es\/#website"},"datePublished":"2022-09-12T15:36:48+00:00","dateModified":"2025-02-20T15:14:56+00:00","breadcrumb":{"@id":"https:\/\/www.hydronix.com\/es\/recursos\/videoteca-de-hydronix\/#breadcrumb"},"inLanguage":"es","potentialAction":[{"@type":"ReadAction","target":["https:\/\/www.hydronix.com\/es\/recursos\/videoteca-de-hydronix\/"]}]},{"@type":"BreadcrumbList","@id":"https:\/\/www.hydronix.com\/es\/recursos\/videoteca-de-hydronix\/#breadcrumb","itemListElement":[{"@type":"ListItem","position":1,"name":"Inicio","item":"https:\/\/www.hydronix.com\/es\/"},{"@type":"ListItem","position":2,"name":"Recursos","item":"https:\/\/www.hydronix.com\/es\/recursos\/"},{"@type":"ListItem","position":3,"name":"Videoteca de Hydronix"}]},{"@type":"WebSite","@id":"https:\/\/www.hydronix.com\/es\/#website","url":"https:\/\/www.hydronix.com\/es\/","name":"Hydronix","description":"Your partner in moisture measurement","potentialAction":[{"@type":"SearchAction","target":{"@type":"EntryPoint","urlTemplate":"https:\/\/www.hydronix.com\/es\/?s={search_term_string}"},"query-input":{"@type":"PropertyValueSpecification","valueRequired":true,"valueName":"search_term_string"}}],"inLanguage":"es"}]}},"_links":{"self":[{"href":"https:\/\/www.hydronix.com\/es\/wp-json\/wp\/v2\/pages\/22122","targetHints":{"allow":["GET"]}}],"collection":[{"href":"https:\/\/www.hydronix.com\/es\/wp-json\/wp\/v2\/pages"}],"about":[{"href":"https:\/\/www.hydronix.com\/es\/wp-json\/wp\/v2\/types\/page"}],"author":[{"embeddable":true,"href":"https:\/\/www.hydronix.com\/es\/wp-json\/wp\/v2\/users\/1"}],"replies":[{"embeddable":true,"href":"https:\/\/www.hydronix.com\/es\/wp-json\/wp\/v2\/comments?post=22122"}],"version-history":[{"count":3,"href":"https:\/\/www.hydronix.com\/es\/wp-json\/wp\/v2\/pages\/22122\/revisions"}],"predecessor-version":[{"id":39365,"href":"https:\/\/www.hydronix.com\/es\/wp-json\/wp\/v2\/pages\/22122\/revisions\/39365"}],"up":[{"embeddable":true,"href":"https:\/\/www.hydronix.com\/es\/wp-json\/wp\/v2\/pages\/22036"}],"wp:attachment":[{"href":"https:\/\/www.hydronix.com\/es\/wp-json\/wp\/v2\/media?parent=22122"}],"wp:term":[{"taxonomy":"industries","embeddable":true,"href":"https:\/\/www.hydronix.com\/es\/wp-json\/wp\/v2\/industries?post=22122"},{"taxonomy":"process","embeddable":true,"href":"https:\/\/www.hydronix.com\/es\/wp-json\/wp\/v2\/process?post=22122"}],"curies":[{"name":"wp","href":"https:\/\/api.w.org\/{rel}","templated":true}]}}