{"id":22067,"date":"2022-09-12T13:57:02","date_gmt":"2022-09-12T13:57:02","guid":{"rendered":"https:\/\/hydronix.chilliservers.co.uk\/medicion\/hormigon-y-construccion\/"},"modified":"2024-09-10T12:01:54","modified_gmt":"2024-09-10T12:01:54","slug":"hormigon-y-construccion","status":"publish","type":"page","link":"https:\/\/www.hydronix.com\/es\/medicion\/hormigon-y-construccion\/","title":{"rendered":"Hormig\u00f3n y construcci\u00f3n"},"content":{"rendered":"<!-- icon_hero -->\n<section class=\"application_hero d-flex py-5\" style=\"background-image:url(https:\/\/www.hydronix.com\/wp-content\/uploads\/2022\/09\/application-bg-concrete.jpg)\">\n    <div class=\"overlay\"><\/div>\n    <div class=\"container my-auto\">\n        <div class=\"row\">\n            <div class=\"col-lg-2\"><img decoding=\"async\" src=\"https:\/\/www.hydronix.com\/wp-content\/themes\/cb-hydronix\/img\/icons\/icon__concrete-construction--wo.svg\" class=\"w-50 w-lg-100\"><\/div>\n            <div class=\"col-lg-10 d-flex hero__content\"><h1 class=\"my-auto text-white\">Hormig\u00f3n y construcci\u00f3n<\/h1><\/div>\n        <\/div>\n    <\/div>\n<\/section>\n<section class=\"sub_page_title py-1 mb-4\">\n    <div class=\"container-xl\">\n        <p id=\"breadcrumbs\"><span><span><a href=\"https:\/\/www.hydronix.com\/es\/\">Inicio<\/a><\/span><\/span><\/p>    <\/div>\n<\/section>\n\n\n    <div class=\"container-xl\">\n\t\t\n<p>Estos sensores Hydronix se han dise\u00f1ado para medir la humedad presente en la fabricaci\u00f3n de hormig\u00f3n. Son totalmente resistentes para soportar las duras condiciones de los entornos de \u00e1ridos que fluyen y las vibraciones de las hormigoneras. Los fabricantes deben producir siempre un hormig\u00f3n de calidad siguiendo unas estrictas especificaciones y controlando al m\u00e1ximo los costes.<\/p>\n    <\/div>\n    \n\n<!-- text_video -->\n<section class=\"text_video  py-5\">\n    <div class=\"container-xl\">\n        <div class=\"row\">\n            <div class=\"col-lg-5 text_video__content order-1 order-lg-1 mb-4 mb-lg-0 pt-5 py-md-5\">\n                <h2>Productos<\/h2><div class=\"fs-4 mb-4\">CONTROL DE LA HUMEDAD EN LA DOSIFICACI\u00d3N DEL HORMIG\u00d3N<\/div>                <div class=\"content mb-4\"><p>Este v\u00eddeo ofrece una visi\u00f3n general de la gama de productos Hydronix dise\u00f1ados espec\u00edficamente para la industria del hormig\u00f3n y la construcci\u00f3n.<\/p>\n<\/div>\n                            <\/div>\n            <div class=\"col-lg-7 mb-4 mb-lg-0 d-flex order-2 order-lg-2\">\n                <div class=\"video__container w-100 my-auto\" style=\"background-color:#1a1a1a\">\n                                        <div class=\"ratio ratio-16x9 mx-auto\">\n                                                <iframe src=\"https:\/\/player.vimeo.com\/video\/998724167?byline=0&#038;portrait=0\" allow=\"autoplay; fullscreen; picture-in-picture\" webkitallowfullscreen mozallowfullscreen allowfullscreen><\/iframe>\n                                                <\/div>\n                    <!-- <lite-vimeo videoid=\"998724167\" style=\"background-image:url('');\"><\/lite-vimeo> -->\n                <\/div>\n            <\/div>\n        <\/div>\n    <\/div>\n<\/section>\n<!-- <script type=module src=\"https:\/\/cdn.jsdelivr.net\/npm\/@slightlyoff\/lite-vimeo@0.1.1\/lite-vimeo.js\"><\/script> -->\n\n<!-- products -->\n<section class=\"prod_by_app product pb-5\">\n    <div class=\"container-xl\">\n        <h2>Productos<\/h2>\n        <div class=\"row g-3\">\n\n    <div class=\"col-sm-6 col-lg-3\">\n        <a class=\"product__card\" href=\"https:\/\/www.hydronix.com\/es\/productos\/hydro-probe\/\">\n            <img decoding=\"async\" src=\"https:\/\/www.hydronix.com\/wp-content\/uploads\/2022\/09\/Hydro-Probe-300x169.png\">\n            <div class=\"mb-2 fw-bold\">Hydro-Probe<\/div>\n            <div class=\"mb-2 product__subtitle\">Sensor de humedad: para cubas, tolvas<\/div>\n            <div class=\"badges\">\n                            <\/div>\n        <\/a>\n    <\/div>\n        <div class=\"col-sm-6 col-lg-3\">\n        <a class=\"product__card\" href=\"https:\/\/www.hydronix.com\/es\/productos\/hydro-mix\/\">\n            <img decoding=\"async\" src=\"https:\/\/www.hydronix.com\/wp-content\/uploads\/2022\/10\/hm08-hero-300x169.png\">\n            <div class=\"mb-2 fw-bold\">Hydro-Mix<\/div>\n            <div class=\"mb-2 product__subtitle\">Sensor de humedad: montaje empotrado para mezcladoras y cintas transportadoras<\/div>\n            <div class=\"badges\">\n                            <\/div>\n        <\/a>\n    <\/div>\n        <div class=\"col-sm-6 col-lg-3\">\n        <a class=\"product__card\" href=\"https:\/\/www.hydronix.com\/es\/productos\/hydro-probe-orbiter\/\">\n            <img decoding=\"async\" src=\"https:\/\/www.hydronix.com\/wp-content\/uploads\/2022\/11\/orb3-flat-front-300x169.png\">\n            <div class=\"mb-2 fw-bold\">Hydro-Probe Orbiter<\/div>\n            <div class=\"mb-2 product__subtitle\">Sensor de humedad: para mezcladoras de cuba giratoria<\/div>\n            <div class=\"badges\">\n                                        <div class=\"badge badge--high-temp\"><\/div>\n                                    <\/div>\n        <\/a>\n    <\/div>\n        <div class=\"col-sm-6 col-lg-3\">\n        <a class=\"product__card\" href=\"https:\/\/www.hydronix.com\/es\/productos\/thermo-tuff\/\">\n            <img decoding=\"async\" src=\"https:\/\/www.hydronix.com\/wp-content\/uploads\/2022\/11\/tt01-persp-300x169.png\">\n            <div class=\"mb-2 fw-bold\">Thermo-Tuff<\/div>\n            <div class=\"mb-2 product__subtitle\">Sensor de temperatura: alta velocidad y resistencia para cubas y mezcladoras<\/div>\n            <div class=\"badges\">\n                                        <div class=\"badge badge--high-temp\"><\/div>\n                                    <\/div>\n        <\/a>\n    <\/div>\n        <div class=\"col-sm-6 col-lg-3\">\n        <a class=\"product__card\" href=\"https:\/\/www.hydronix.com\/es\/productos\/hydro-control\/\">\n            <img decoding=\"async\" src=\"https:\/\/www.hydronix.com\/wp-content\/uploads\/2022\/09\/HC07screenshot-300x216.png\">\n            <div class=\"mb-2 fw-bold\">Hydro-Control<\/div>\n            <div class=\"mb-2 product__subtitle\">Sistema de control del agua<\/div>\n            <div class=\"badges\">\n                            <\/div>\n        <\/a>\n    <\/div>\n        <div class=\"col-sm-6 col-lg-3\">\n        <a class=\"product__card\" href=\"https:\/\/www.hydronix.com\/es\/productos\/hydro-hub\/\">\n            <img decoding=\"async\" src=\"https:\/\/www.hydronix.com\/wp-content\/uploads\/2022\/09\/HH01-300x169.png\">\n            <div class=\"mb-2 fw-bold\">Hydro-Hub<\/div>\n            <div class=\"mb-2 product__subtitle\">Conectar f\u00e1cilmente los sensores Hydronix a las redes de oficina y de bus de campo<\/div>\n            <div class=\"badges\">\n                            <\/div>\n        <\/a>\n    <\/div>\n        <div class=\"col-sm-6 col-lg-3\">\n        <a class=\"product__card\" href=\"https:\/\/www.hydronix.com\/es\/productos\/hydro-view\/\">\n            <img decoding=\"async\" src=\"https:\/\/www.hydronix.com\/wp-content\/uploads\/2023\/10\/HV05-screenshot-smaller-300x265.png\">\n            <div class=\"mb-2 fw-bold\">Hydro-View<\/div>\n            <div class=\"mb-2 product__subtitle\">Sistema con pantalla t\u00e1ctil para ver los datos y gestionar los sensores Hydronix<\/div>\n            <div class=\"badges\">\n                            <\/div>\n        <\/a>\n    <\/div>\n            <\/div>\n    <\/div>\n<\/section>\n\n<section class=\"aggregate-plant pt-4 pb-5\">\n    <div class=\"container-xl\">\n        <h2>Puntos de instalaci\u00f3n<\/h2>\n        <div class=\"row\">\n            <div class=\"col-md-8 mb-4\">\n                <img decoding=\"async\" src=\"https:\/\/www.hydronix.com\/wp-content\/themes\/cb-hydronix\/img\/plant\/aggregate-plant--dots.png\" alt=\"aggregate plant\" class=\"sc-map img-fluid\" usemap=\"#imageMap\">\n            <\/div>\n            <div class=\"col-md-4\">\n                <div class=\"plant\" id=\"plantInfo\">\n                    <div id=\"intro\" class=\"plant__card\">\n                        Explore el diagrama para ver d\u00f3nde se pueden instalar los sensores Hydronix.                    <\/div>\n                    <div id=\"hopperContent\" class=\"plant__card\" style=\"display:none\">\n                                                <h3 class=\"plant__title\">Cuba\/silo\/Tolva<\/h3>\n                        <div class=\"row g-2\">\n                            <div class=\"col-md-4 order-1 order-md-2 text-center\">\n                                <img decoding=\"async\" src=\"\">\n                            <\/div>\n                            <div class=\"col-md-8 order-2 order-md-1\">\n                                <ul>\n                                <li>Cuello de la cuba<\/li><li>Bajo la cuba<\/li><li>Dentro de la cuba<\/li>                                <\/ul>\n                            <\/div>\n                        <\/div>\n                        <ul>\n                            <li><a href=\"https:\/\/www.hydronix.com\/es\/productos\/hydro-probe\/\">Hydro-Probe<\/a><\/li><li><a href=\"https:\/\/www.hydronix.com\/es\/productos\/thermo-tuff\/\">Thermo-Tuff<\/a><\/li>                        <\/ul>\n                    <\/div>\n                    <div id=\"conveyorContent\" class=\"plant__card\" style=\"display:none\">\n                                                <h3 class=\"plant__title\">Cinta transportadora<\/h3>\n                        <div class=\"row g-2\">\n                            <div class=\"col-md-4 order-1 order-md-2 text-center\">\n                                <img decoding=\"async\" src=\"\">\n                            <\/div>\n                            <div class=\"col-md-8 order-2 order-md-1\">\n                                <ul>\n                                <li>Montado sobre la cinta transportadora<\/li>                                <\/ul>\n                            <\/div>\n                        <\/div>\n                        <ul>\n                            <li><a href=\"https:\/\/www.hydronix.com\/es\/productos\/hydro-probe\/\">Hydro-Probe<\/a><\/li><li><a href=\"https:\/\/www.hydronix.com\/es\/productos\/hydro-probe-orbiter\/\">Hydro-Probe Orbiter<\/a><\/li>                        <\/ul>\n                    <\/div>\n                    <div id=\"mixerContent\" class=\"plant__card\" style=\"display:none\">\n                                                <h3 class=\"plant__title\">Mezcladora<\/h3>\n                        <div class=\"row g-2\">\n                            <div class=\"col-md-4 order-1 order-md-2 text-center\">\n                                <img decoding=\"async\" src=\"https:\/\/www.hydronix.com\/wp-content\/uploads\/2022\/09\/mixer-290x300.png\">\n                            <\/div>\n                            <div class=\"col-md-8 order-2 order-md-1\">\n                                <ul>\n                                <li>Mezcladoras de eje \u00fanico\/gemelos<\/li><li>Mezcladora de cuba est\u00e1tica\/Mezcladora planetaria<\/li><li>Mezcladora de cuba giratoria<\/li>                                <\/ul>\n                            <\/div>\n                        <\/div>\n                        <ul>\n                            <li><a href=\"https:\/\/www.hydronix.com\/es\/productos\/hydro-mix\/\">Hydro-Mix<\/a><\/li><li><a href=\"https:\/\/www.hydronix.com\/es\/productos\/hydro-probe-orbiter\/\">Hydro-Probe Orbiter<\/a><\/li><li><a href=\"https:\/\/www.hydronix.com\/es\/productos\/thermo-tuff\/\">Thermo-Tuff<\/a><\/li>                        <\/ul>\n                    <\/div>\n                    <div id=\"controlContent\" class=\"plant__card\" style=\"display:none\">\n                                            <h3 class=\"plant__title\">Sala de control<\/h2>\n                        <div class=\"row g-2\">\n                            <div class=\"col-md-4 order-1 order-md-2 text-center\">\n                                <img decoding=\"async\" src=\"\">\n                            <\/div>\n                            <div class=\"col-md-8 order-2 order-md-1\">\n                                <ul>\n                                    <li>Control del agua<\/li><li>Visualizaci\u00f3n, configuraci\u00f3n y diagn\u00f3stico de sensores<\/li><li>Acceso remoto<\/li>                                <\/ul>\n                            <\/div>\n                        <\/div>\n                        <ul>\n                            <li><a href=\"https:\/\/www.hydronix.com\/es\/productos\/hydro-probe\/\">Hydro-Probe<\/a><\/li><li><a href=\"https:\/\/www.hydronix.com\/es\/productos\/thermo-tuff\/\">Thermo-Tuff<\/a><\/li>                        <\/ul>\n                    <\/div>\n                <\/div>\n            <\/div>\n        <\/div>\n    <\/div>\n<\/section>\n\n<map name=\"imageMap\">\n    <area data-maphilight='{\"fillColor\":\"ef9829\",\"fillOpacity\":0.6}' id=\"hopper\" alt=\"hopper\" title=\"hopper\" href=\"#\" coords=\"43,388,43,537,279,400,280,317,101,421\" shape=\"poly\">\n    <area data-maphilight='{\"fillColor\":\"ef9829\",\"fillOpacity\":0.6}' id=\"conveyor\" alt=\"conveyor\" title=\"conveyor\" href=\"#\" coords=\"5,561,299,390,313,394,447,221,479,238,326,437,39,600,5,581\" shape=\"poly\">\n    <area data-maphilight='{\"fillColor\":\"ef9829\",\"fillOpacity\":0.6}' id=\"mixer\" alt=\"mixer\" title=\"mixer\" href=\"#\" coords=\"455,222,481,237,461,266,486,280,509,283,527,280,550,273,558,258,558,225,553,217,534,231,508,236,493,235,472,228\" shape=\"poly\">\n    <area data-maphilight='{\"fillColor\":\"ef9829\",\"fillOpacity\":0.6}' id=\"control\" alt=\"control\" title=\"control\" href=\"#\" coords=\"712,257,756,231,796,255,796,319,752,344,713,321\" shape=\"poly\">\n<\/map>\n\n<style>\n    .highlight {\n        background-color: yellow;\n    }\n<\/style>\n","protected":false},"excerpt":{"rendered":"<p>Estos sensores Hydronix se han dise\u00f1ado para medir la humedad presente en la fabricaci\u00f3n de hormig\u00f3n. Son totalmente resistentes para soportar las duras condiciones de los entornos de \u00e1ridos que fluyen y las vibraciones de las hormigoneras. Los fabricantes deben producir siempre un hormig\u00f3n de calidad siguiendo unas estrictas especificaciones y controlando al m\u00e1ximo los [&#8230;]<\/p>\n<p><a class=\"btn btn-secondary understrap-read-more-link\" href=\"https:\/\/www.hydronix.com\/es\/medicion\/hormigon-y-construccion\/\">Leer m\u00e1s&#8230;<span class=\"screen-reader-text\"> from Hormig\u00f3n y construcci\u00f3n<\/span><\/a><\/p>\n","protected":false},"author":1,"featured_media":0,"parent":22057,"menu_order":439,"comment_status":"closed","ping_status":"closed","template":"","meta":{"_acf_changed":false,"content-type":"","inline_featured_image":false,"footnotes":""},"industries":[],"process":[],"class_list":["post-22067","page","type-page","status-publish","hentry"],"acf":[],"yoast_head":"<!-- This site is optimized with the Yoast SEO plugin v27.1.1 - https:\/\/yoast.com\/product\/yoast-seo-wordpress\/ -->\n<title>Hormig\u00f3n y construcci\u00f3n - Hydronix<\/title>\n<meta name=\"robots\" content=\"index, follow, max-snippet:-1, max-image-preview:large, max-video-preview:-1\" \/>\n<link rel=\"canonical\" href=\"https:\/\/www.hydronix.com\/es\/medicion\/hormigon-y-construccion\/\" \/>\n<meta property=\"og:locale\" content=\"es_ES\" \/>\n<meta property=\"og:type\" content=\"article\" \/>\n<meta property=\"og:title\" content=\"Hormig\u00f3n y construcci\u00f3n - Hydronix\" \/>\n<meta property=\"og:description\" content=\"Estos sensores Hydronix se han dise\u00f1ado para medir la humedad presente en la fabricaci\u00f3n de hormig\u00f3n. Son totalmente resistentes para soportar las duras condiciones de los entornos de \u00e1ridos que fluyen y las vibraciones de las hormigoneras. Los fabricantes deben producir siempre un hormig\u00f3n de calidad siguiendo unas estrictas especificaciones y controlando al m\u00e1ximo los [...]Leer m\u00e1s... from Hormig\u00f3n y construcci\u00f3n\" \/>\n<meta property=\"og:url\" content=\"https:\/\/www.hydronix.com\/es\/medicion\/hormigon-y-construccion\/\" \/>\n<meta property=\"og:site_name\" content=\"Hydronix\" \/>\n<meta property=\"article:modified_time\" content=\"2024-09-10T12:01:54+00:00\" \/>\n<meta name=\"twitter:card\" content=\"summary_large_image\" \/>\n<meta name=\"twitter:label1\" content=\"Tiempo de lectura\" \/>\n\t<meta name=\"twitter:data1\" content=\"1 minuto\" \/>\n<script type=\"application\/ld+json\" class=\"yoast-schema-graph\">{\"@context\":\"https:\/\/schema.org\",\"@graph\":[{\"@type\":\"WebPage\",\"@id\":\"https:\/\/www.hydronix.com\/es\/medicion\/hormigon-y-construccion\/\",\"url\":\"https:\/\/www.hydronix.com\/es\/medicion\/hormigon-y-construccion\/\",\"name\":\"Hormig\u00f3n y construcci\u00f3n - Hydronix\",\"isPartOf\":{\"@id\":\"https:\/\/www.hydronix.com\/es\/#website\"},\"datePublished\":\"2022-09-12T13:57:02+00:00\",\"dateModified\":\"2024-09-10T12:01:54+00:00\",\"breadcrumb\":{\"@id\":\"https:\/\/www.hydronix.com\/es\/medicion\/hormigon-y-construccion\/#breadcrumb\"},\"inLanguage\":\"es\",\"potentialAction\":[{\"@type\":\"ReadAction\",\"target\":[\"https:\/\/www.hydronix.com\/es\/medicion\/hormigon-y-construccion\/\"]}]},{\"@type\":\"BreadcrumbList\",\"@id\":\"https:\/\/www.hydronix.com\/es\/medicion\/hormigon-y-construccion\/#breadcrumb\",\"itemListElement\":[{\"@type\":\"ListItem\",\"position\":1,\"name\":\"Inicio\",\"item\":\"https:\/\/www.hydronix.com\/es\/\"},{\"@type\":\"ListItem\",\"position\":2,\"name\":\"Medici\u00f3n\",\"item\":\"https:\/\/www.hydronix.com\/es\/medicion\/\"},{\"@type\":\"ListItem\",\"position\":3,\"name\":\"Hormig\u00f3n y construcci\u00f3n\"}]},{\"@type\":\"WebSite\",\"@id\":\"https:\/\/www.hydronix.com\/es\/#website\",\"url\":\"https:\/\/www.hydronix.com\/es\/\",\"name\":\"Hydronix\",\"description\":\"Your partner in moisture measurement\",\"potentialAction\":[{\"@type\":\"SearchAction\",\"target\":{\"@type\":\"EntryPoint\",\"urlTemplate\":\"https:\/\/www.hydronix.com\/es\/?s={search_term_string}\"},\"query-input\":{\"@type\":\"PropertyValueSpecification\",\"valueRequired\":true,\"valueName\":\"search_term_string\"}}],\"inLanguage\":\"es\"}]}<\/script>\n<!-- \/ Yoast SEO plugin. -->","yoast_head_json":{"title":"Hormig\u00f3n y construcci\u00f3n - Hydronix","robots":{"index":"index","follow":"follow","max-snippet":"max-snippet:-1","max-image-preview":"max-image-preview:large","max-video-preview":"max-video-preview:-1"},"canonical":"https:\/\/www.hydronix.com\/es\/medicion\/hormigon-y-construccion\/","og_locale":"es_ES","og_type":"article","og_title":"Hormig\u00f3n y construcci\u00f3n - Hydronix","og_description":"Estos sensores Hydronix se han dise\u00f1ado para medir la humedad presente en la fabricaci\u00f3n de hormig\u00f3n. Son totalmente resistentes para soportar las duras condiciones de los entornos de \u00e1ridos que fluyen y las vibraciones de las hormigoneras. Los fabricantes deben producir siempre un hormig\u00f3n de calidad siguiendo unas estrictas especificaciones y controlando al m\u00e1ximo los [...]Leer m\u00e1s... from Hormig\u00f3n y construcci\u00f3n","og_url":"https:\/\/www.hydronix.com\/es\/medicion\/hormigon-y-construccion\/","og_site_name":"Hydronix","article_modified_time":"2024-09-10T12:01:54+00:00","twitter_card":"summary_large_image","twitter_misc":{"Tiempo de lectura":"1 minuto"},"schema":{"@context":"https:\/\/schema.org","@graph":[{"@type":"WebPage","@id":"https:\/\/www.hydronix.com\/es\/medicion\/hormigon-y-construccion\/","url":"https:\/\/www.hydronix.com\/es\/medicion\/hormigon-y-construccion\/","name":"Hormig\u00f3n y construcci\u00f3n - Hydronix","isPartOf":{"@id":"https:\/\/www.hydronix.com\/es\/#website"},"datePublished":"2022-09-12T13:57:02+00:00","dateModified":"2024-09-10T12:01:54+00:00","breadcrumb":{"@id":"https:\/\/www.hydronix.com\/es\/medicion\/hormigon-y-construccion\/#breadcrumb"},"inLanguage":"es","potentialAction":[{"@type":"ReadAction","target":["https:\/\/www.hydronix.com\/es\/medicion\/hormigon-y-construccion\/"]}]},{"@type":"BreadcrumbList","@id":"https:\/\/www.hydronix.com\/es\/medicion\/hormigon-y-construccion\/#breadcrumb","itemListElement":[{"@type":"ListItem","position":1,"name":"Inicio","item":"https:\/\/www.hydronix.com\/es\/"},{"@type":"ListItem","position":2,"name":"Medici\u00f3n","item":"https:\/\/www.hydronix.com\/es\/medicion\/"},{"@type":"ListItem","position":3,"name":"Hormig\u00f3n y construcci\u00f3n"}]},{"@type":"WebSite","@id":"https:\/\/www.hydronix.com\/es\/#website","url":"https:\/\/www.hydronix.com\/es\/","name":"Hydronix","description":"Your partner in moisture measurement","potentialAction":[{"@type":"SearchAction","target":{"@type":"EntryPoint","urlTemplate":"https:\/\/www.hydronix.com\/es\/?s={search_term_string}"},"query-input":{"@type":"PropertyValueSpecification","valueRequired":true,"valueName":"search_term_string"}}],"inLanguage":"es"}]}},"_links":{"self":[{"href":"https:\/\/www.hydronix.com\/es\/wp-json\/wp\/v2\/pages\/22067","targetHints":{"allow":["GET"]}}],"collection":[{"href":"https:\/\/www.hydronix.com\/es\/wp-json\/wp\/v2\/pages"}],"about":[{"href":"https:\/\/www.hydronix.com\/es\/wp-json\/wp\/v2\/types\/page"}],"author":[{"embeddable":true,"href":"https:\/\/www.hydronix.com\/es\/wp-json\/wp\/v2\/users\/1"}],"replies":[{"embeddable":true,"href":"https:\/\/www.hydronix.com\/es\/wp-json\/wp\/v2\/comments?post=22067"}],"version-history":[{"count":1,"href":"https:\/\/www.hydronix.com\/es\/wp-json\/wp\/v2\/pages\/22067\/revisions"}],"predecessor-version":[{"id":37862,"href":"https:\/\/www.hydronix.com\/es\/wp-json\/wp\/v2\/pages\/22067\/revisions\/37862"}],"up":[{"embeddable":true,"href":"https:\/\/www.hydronix.com\/es\/wp-json\/wp\/v2\/pages\/22057"}],"wp:attachment":[{"href":"https:\/\/www.hydronix.com\/es\/wp-json\/wp\/v2\/media?parent=22067"}],"wp:term":[{"taxonomy":"industries","embeddable":true,"href":"https:\/\/www.hydronix.com\/es\/wp-json\/wp\/v2\/industries?post=22067"},{"taxonomy":"process","embeddable":true,"href":"https:\/\/www.hydronix.com\/es\/wp-json\/wp\/v2\/process?post=22067"}],"curies":[{"name":"wp","href":"https:\/\/api.w.org\/{rel}","templated":true}]}}