{"id":22063,"date":"2022-09-12T13:47:31","date_gmt":"2022-09-12T13:47:31","guid":{"rendered":"https:\/\/hydronix.chilliservers.co.uk\/medicion\/atmosferas-explosivas\/"},"modified":"2023-07-28T09:04:10","modified_gmt":"2023-07-28T09:04:10","slug":"atmosferas-explosivas","status":"publish","type":"page","link":"https:\/\/www.hydronix.com\/es\/medicion\/atmosferas-explosivas\/","title":{"rendered":"Atm\u00f3sferas explosivas"},"content":{"rendered":"<!-- icon_hero -->\n<section class=\"application_hero d-flex py-5\" style=\"background-image:url(https:\/\/www.hydronix.com\/wp-content\/uploads\/2022\/09\/X-explosive.jpg)\">\n    <div class=\"overlay\"><\/div>\n    <div class=\"container my-auto\">\n        <div class=\"row\">\n            <div class=\"col-lg-2\"><img decoding=\"async\" src=\"https:\/\/www.hydronix.com\/wp-content\/themes\/cb-hydronix\/img\/icons\/icon__explosive-atmosphere--wo.svg\" class=\"w-50 w-lg-100\"><\/div>\n            <div class=\"col-lg-10 d-flex hero__content\"><h1 class=\"my-auto text-white\">Atm\u00f3sferas explosivas<\/h1><\/div>\n        <\/div>\n    <\/div>\n<\/section>\n<section class=\"sub_page_title py-1 mb-4\">\n    <div class=\"container-xl\">\n        <p id=\"breadcrumbs\"><span><span><a href=\"https:\/\/www.hydronix.com\/es\/\">Inicio<\/a><\/span><\/span><\/p>    <\/div>\n<\/section>\n\n\n    <div class=\"container-xl\">\n\t\t\n<p>Estos sensores son adecuados para su instalaci\u00f3n en atm\u00f3sferas explosivas, en concreto para entornos con polvo. Certificado ATEX, IECEx y NEC\/CSA para su uso en lugares peligrosos (polvo).<\/p>\n    <\/div>\n    \n\n<!-- products -->\n<section class=\"prod_by_app product pb-5\">\n    <div class=\"container-xl\">\n        <h2>Productos<\/h2>\n        <div class=\"row g-3\">\n\n    <div class=\"col-sm-6 col-lg-3\">\n        <a class=\"product__card\" href=\"https:\/\/www.hydronix.com\/es\/productos\/hydro-mix-xt-ex\/\">\n            <img decoding=\"async\" src=\"https:\/\/www.hydronix.com\/wp-content\/uploads\/2022\/11\/hmxtex-front-right-persp-300x169.png\">\n            <div class=\"mb-2 fw-bold\">Hydro-Mix XT-EX<\/div>\n            <div class=\"mb-2 product__subtitle\">Sensor de humedad: montaje empotrado. Temperaturas del proceso de hasta 60\u00a0\u00b0C (zona 20\/21)<\/div>\n            <div class=\"badges\">\n                                        <div class=\"badge badge--atex\"><\/div>\n                        <div class=\"badge badge--etl\"><\/div>\n                                    <\/div>\n        <\/a>\n    <\/div>\n        <div class=\"col-sm-6 col-lg-3\">\n        <a class=\"product__card\" href=\"https:\/\/www.hydronix.com\/es\/productos\/hydro-mix-ht-ex\/\">\n            <img decoding=\"async\" src=\"https:\/\/www.hydronix.com\/wp-content\/uploads\/2022\/10\/hmhtex-left-persp-300x169.png\">\n            <div class=\"mb-2 fw-bold\">Hydro-Mix HT-EX<\/div>\n            <div class=\"mb-2 product__subtitle\">Sensor de humedad: montaje empotrado. Temperaturas del proceso de hasta 120\u00a0\u00b0C (zona 20)<\/div>\n            <div class=\"badges\">\n                                        <div class=\"badge badge--atex\"><\/div>\n                        <div class=\"badge badge--etl\"><\/div>\n                                                <div class=\"badge badge--high-temp\"><\/div>\n                                    <\/div>\n        <\/a>\n    <\/div>\n            <\/div>\n    <\/div>\n<\/section>","protected":false},"excerpt":{"rendered":"<p>Estos sensores son adecuados para su instalaci\u00f3n en atm\u00f3sferas explosivas, en concreto para entornos con polvo. Certificado ATEX, IECEx y NEC\/CSA para su uso en lugares peligrosos (polvo). [&#8230;]<\/p>\n<p><a class=\"btn btn-secondary understrap-read-more-link\" href=\"https:\/\/www.hydronix.com\/es\/medicion\/atmosferas-explosivas\/\">Leer m\u00e1s&#8230;<span class=\"screen-reader-text\"> from Atm\u00f3sferas explosivas<\/span><\/a><\/p>\n","protected":false},"author":1,"featured_media":0,"parent":22057,"menu_order":305,"comment_status":"closed","ping_status":"closed","template":"","meta":{"_acf_changed":false,"content-type":"","inline_featured_image":false,"footnotes":""},"industries":[],"process":[],"class_list":["post-22063","page","type-page","status-publish","hentry"],"acf":[],"yoast_head":"<!-- This site is optimized with the Yoast SEO plugin v27.1.1 - https:\/\/yoast.com\/product\/yoast-seo-wordpress\/ -->\n<title>Atm\u00f3sferas explosivas - Hydronix<\/title>\n<meta name=\"robots\" content=\"index, follow, max-snippet:-1, max-image-preview:large, max-video-preview:-1\" \/>\n<link rel=\"canonical\" href=\"https:\/\/www.hydronix.com\/es\/medicion\/atmosferas-explosivas\/\" \/>\n<meta property=\"og:locale\" content=\"es_ES\" \/>\n<meta property=\"og:type\" content=\"article\" \/>\n<meta property=\"og:title\" content=\"Atm\u00f3sferas explosivas - Hydronix\" \/>\n<meta property=\"og:description\" content=\"Estos sensores son adecuados para su instalaci\u00f3n en atm\u00f3sferas explosivas, en concreto para entornos con polvo. Certificado ATEX, IECEx y NEC\/CSA para su uso en lugares peligrosos (polvo). [...]Leer m\u00e1s... from Atm\u00f3sferas explosivas\" \/>\n<meta property=\"og:url\" content=\"https:\/\/www.hydronix.com\/es\/medicion\/atmosferas-explosivas\/\" \/>\n<meta property=\"og:site_name\" content=\"Hydronix\" \/>\n<meta property=\"article:modified_time\" content=\"2023-07-28T09:04:10+00:00\" \/>\n<meta name=\"twitter:card\" content=\"summary_large_image\" \/>\n<meta name=\"twitter:label1\" content=\"Tiempo de lectura\" \/>\n\t<meta name=\"twitter:data1\" content=\"1 minuto\" \/>\n<script type=\"application\/ld+json\" class=\"yoast-schema-graph\">{\"@context\":\"https:\/\/schema.org\",\"@graph\":[{\"@type\":\"WebPage\",\"@id\":\"https:\/\/www.hydronix.com\/es\/medicion\/atmosferas-explosivas\/\",\"url\":\"https:\/\/www.hydronix.com\/es\/medicion\/atmosferas-explosivas\/\",\"name\":\"Atm\u00f3sferas explosivas - Hydronix\",\"isPartOf\":{\"@id\":\"https:\/\/www.hydronix.com\/es\/#website\"},\"datePublished\":\"2022-09-12T13:47:31+00:00\",\"dateModified\":\"2023-07-28T09:04:10+00:00\",\"breadcrumb\":{\"@id\":\"https:\/\/www.hydronix.com\/es\/medicion\/atmosferas-explosivas\/#breadcrumb\"},\"inLanguage\":\"es\",\"potentialAction\":[{\"@type\":\"ReadAction\",\"target\":[\"https:\/\/www.hydronix.com\/es\/medicion\/atmosferas-explosivas\/\"]}]},{\"@type\":\"BreadcrumbList\",\"@id\":\"https:\/\/www.hydronix.com\/es\/medicion\/atmosferas-explosivas\/#breadcrumb\",\"itemListElement\":[{\"@type\":\"ListItem\",\"position\":1,\"name\":\"Inicio\",\"item\":\"https:\/\/www.hydronix.com\/es\/\"},{\"@type\":\"ListItem\",\"position\":2,\"name\":\"Medici\u00f3n\",\"item\":\"https:\/\/www.hydronix.com\/es\/medicion\/\"},{\"@type\":\"ListItem\",\"position\":3,\"name\":\"Atm\u00f3sferas explosivas\"}]},{\"@type\":\"WebSite\",\"@id\":\"https:\/\/www.hydronix.com\/es\/#website\",\"url\":\"https:\/\/www.hydronix.com\/es\/\",\"name\":\"Hydronix\",\"description\":\"Your partner in moisture measurement\",\"potentialAction\":[{\"@type\":\"SearchAction\",\"target\":{\"@type\":\"EntryPoint\",\"urlTemplate\":\"https:\/\/www.hydronix.com\/es\/?s={search_term_string}\"},\"query-input\":{\"@type\":\"PropertyValueSpecification\",\"valueRequired\":true,\"valueName\":\"search_term_string\"}}],\"inLanguage\":\"es\"}]}<\/script>\n<!-- \/ Yoast SEO plugin. -->","yoast_head_json":{"title":"Atm\u00f3sferas explosivas - Hydronix","robots":{"index":"index","follow":"follow","max-snippet":"max-snippet:-1","max-image-preview":"max-image-preview:large","max-video-preview":"max-video-preview:-1"},"canonical":"https:\/\/www.hydronix.com\/es\/medicion\/atmosferas-explosivas\/","og_locale":"es_ES","og_type":"article","og_title":"Atm\u00f3sferas explosivas - Hydronix","og_description":"Estos sensores son adecuados para su instalaci\u00f3n en atm\u00f3sferas explosivas, en concreto para entornos con polvo. Certificado ATEX, IECEx y NEC\/CSA para su uso en lugares peligrosos (polvo). [...]Leer m\u00e1s... from Atm\u00f3sferas explosivas","og_url":"https:\/\/www.hydronix.com\/es\/medicion\/atmosferas-explosivas\/","og_site_name":"Hydronix","article_modified_time":"2023-07-28T09:04:10+00:00","twitter_card":"summary_large_image","twitter_misc":{"Tiempo de lectura":"1 minuto"},"schema":{"@context":"https:\/\/schema.org","@graph":[{"@type":"WebPage","@id":"https:\/\/www.hydronix.com\/es\/medicion\/atmosferas-explosivas\/","url":"https:\/\/www.hydronix.com\/es\/medicion\/atmosferas-explosivas\/","name":"Atm\u00f3sferas explosivas - Hydronix","isPartOf":{"@id":"https:\/\/www.hydronix.com\/es\/#website"},"datePublished":"2022-09-12T13:47:31+00:00","dateModified":"2023-07-28T09:04:10+00:00","breadcrumb":{"@id":"https:\/\/www.hydronix.com\/es\/medicion\/atmosferas-explosivas\/#breadcrumb"},"inLanguage":"es","potentialAction":[{"@type":"ReadAction","target":["https:\/\/www.hydronix.com\/es\/medicion\/atmosferas-explosivas\/"]}]},{"@type":"BreadcrumbList","@id":"https:\/\/www.hydronix.com\/es\/medicion\/atmosferas-explosivas\/#breadcrumb","itemListElement":[{"@type":"ListItem","position":1,"name":"Inicio","item":"https:\/\/www.hydronix.com\/es\/"},{"@type":"ListItem","position":2,"name":"Medici\u00f3n","item":"https:\/\/www.hydronix.com\/es\/medicion\/"},{"@type":"ListItem","position":3,"name":"Atm\u00f3sferas explosivas"}]},{"@type":"WebSite","@id":"https:\/\/www.hydronix.com\/es\/#website","url":"https:\/\/www.hydronix.com\/es\/","name":"Hydronix","description":"Your partner in moisture measurement","potentialAction":[{"@type":"SearchAction","target":{"@type":"EntryPoint","urlTemplate":"https:\/\/www.hydronix.com\/es\/?s={search_term_string}"},"query-input":{"@type":"PropertyValueSpecification","valueRequired":true,"valueName":"search_term_string"}}],"inLanguage":"es"}]}},"_links":{"self":[{"href":"https:\/\/www.hydronix.com\/es\/wp-json\/wp\/v2\/pages\/22063","targetHints":{"allow":["GET"]}}],"collection":[{"href":"https:\/\/www.hydronix.com\/es\/wp-json\/wp\/v2\/pages"}],"about":[{"href":"https:\/\/www.hydronix.com\/es\/wp-json\/wp\/v2\/types\/page"}],"author":[{"embeddable":true,"href":"https:\/\/www.hydronix.com\/es\/wp-json\/wp\/v2\/users\/1"}],"replies":[{"embeddable":true,"href":"https:\/\/www.hydronix.com\/es\/wp-json\/wp\/v2\/comments?post=22063"}],"version-history":[{"count":0,"href":"https:\/\/www.hydronix.com\/es\/wp-json\/wp\/v2\/pages\/22063\/revisions"}],"up":[{"embeddable":true,"href":"https:\/\/www.hydronix.com\/es\/wp-json\/wp\/v2\/pages\/22057"}],"wp:attachment":[{"href":"https:\/\/www.hydronix.com\/es\/wp-json\/wp\/v2\/media?parent=22063"}],"wp:term":[{"taxonomy":"industries","embeddable":true,"href":"https:\/\/www.hydronix.com\/es\/wp-json\/wp\/v2\/industries?post=22063"},{"taxonomy":"process","embeddable":true,"href":"https:\/\/www.hydronix.com\/es\/wp-json\/wp\/v2\/process?post=22063"}],"curies":[{"name":"wp","href":"https:\/\/api.w.org\/{rel}","templated":true}]}}