{"id":22049,"date":"2022-09-12T12:57:30","date_gmt":"2022-09-12T12:57:30","guid":{"rendered":"https:\/\/hydronix.chilliservers.co.uk\/sectores\/hormigon\/"},"modified":"2024-09-10T12:00:07","modified_gmt":"2024-09-10T12:00:07","slug":"hormigon","status":"publish","type":"page","link":"https:\/\/www.hydronix.com\/es\/sectores\/hormigon\/","title":{"rendered":"Hormig\u00f3n"},"content":{"rendered":"    \n<!-- hero_short -->\n<section class=\"short_hero d-flex py-5\" style=\"background-image:url(https:\/\/www.hydronix.com\/wp-content\/uploads\/2022\/09\/application-bg-concrete.jpg)\">\n    <div class=\"overlay\"><\/div>\n    <div class=\"container-xl my-auto\">\n        <div class=\"row\">\n            <div class=\"col-lg-5 hero__content\">\n                <h1>Hormig\u00f3n<\/h1>\n            <\/div>\n        <\/div>\n    <\/div>\n<\/section>\n<!--section class=\"sub_page_title py-1 mb-4\">\n    <div class=\"container-xl\">\n        <p id=\"breadcrumbs\"><span><span><a href=\"https:\/\/www.hydronix.com\/es\/hydronix\/\">Inicio<\/a><\/span><\/span><\/p>    <\/div>\n<\/section-->\n\n\n\n<div style=\"height:40px\" aria-hidden=\"true\" class=\"wp-block-spacer\"><\/div>\n\n\n    <div class=\"container-xl\">\n\t\t\n<p>Los sensores Hydronix se han dise\u00f1ado para medir la humedad presente en la fabricaci\u00f3n de hormig\u00f3n. Son totalmente resistentes para soportar las duras condiciones de los entornos de \u00e1ridos que fluyen y las vibraciones de las hormigoneras.<\/p>\n    <\/div>\n    \n\n    <div class=\"container-xl\">\n\t\t\n<p>Los sensores permiten la producci\u00f3n de hormig\u00f3n seg\u00fan rigurosas especificaciones, lo que permite a los fabricantes producir hormig\u00f3n lote tras lote, controlando al mismo tiempo los costes y reduciendo el impacto medioambiental.<\/p>\n    <\/div>\n    \n\n\n<div style=\"height:40px\" aria-hidden=\"true\" class=\"wp-block-spacer\"><\/div>\n\n\n<!-- children -->\n<section class=\"child_pages py-4 mb-4\">\n    <div class=\"container-xl\">\n                <div class=\"row g-4 justify-content-center\">\n        <div class=\"col-md-4 col-xl-3\">\n            <a class=\"child_pages__card child_pages__card--blue\" href=\"https:\/\/www.hydronix.com\/es\/sectores\/hormigon\/hormigon-premezclado\/\">Hormig\u00f3n premezclado<\/a>\n        <\/div>\n                <div class=\"col-md-4 col-xl-3\">\n            <a class=\"child_pages__card child_pages__card--blue\" href=\"https:\/\/www.hydronix.com\/es\/sectores\/hormigon\/hormigon-prefabricado\/\">Hormig\u00f3n prefabricado<\/a>\n        <\/div>\n            <\/div>\n<\/section>\n\n<!-- text_video -->\n<section class=\"text_video text_video--bg py-5\">\n    <div class=\"container-xl\">\n        <div class=\"row\">\n            <div class=\"col-lg-5 text_video__content order-1 order-lg-1 mb-4 mb-lg-0 pt-5 py-md-5\">\n                <h2>Productos<\/h2><div class=\"fs-4 mb-4\">CONTROL DE LA HUMEDAD EN LA DOSIFICACI\u00d3N DEL HORMIG\u00d3N<\/div>                <div class=\"content mb-4\"><p>Este v\u00eddeo ofrece una visi\u00f3n general de la gama de productos Hydronix dise\u00f1ados espec\u00edficamente para la industria del hormig\u00f3n y la construcci\u00f3n.<\/p>\n<\/div>\n                            <\/div>\n            <div class=\"col-lg-7 mb-4 mb-lg-0 d-flex order-2 order-lg-2\">\n                <div class=\"video__container w-100 my-auto\" style=\"background-color:#1a1a1a\">\n                                        <div class=\"ratio ratio-16x9 mx-auto\">\n                                                <iframe src=\"https:\/\/player.vimeo.com\/video\/998724167?byline=0&#038;portrait=0\" allow=\"autoplay; fullscreen; picture-in-picture\" webkitallowfullscreen mozallowfullscreen allowfullscreen><\/iframe>\n                                                <\/div>\n                    <!-- <lite-vimeo videoid=\"998724167\" style=\"background-image:url('');\"><\/lite-vimeo> -->\n                <\/div>\n            <\/div>\n        <\/div>\n    <\/div>\n<\/section>\n<!-- <script type=module src=\"https:\/\/cdn.jsdelivr.net\/npm\/@slightlyoff\/lite-vimeo@0.1.1\/lite-vimeo.js\"><\/script> -->","protected":false},"excerpt":{"rendered":"<p>Los sensores Hydronix se han dise\u00f1ado para medir la humedad presente en la fabricaci\u00f3n de hormig\u00f3n. Son totalmente resistentes para soportar las duras condiciones de los entornos de \u00e1ridos que fluyen y las vibraciones de las hormigoneras. Los sensores permiten la producci\u00f3n de hormig\u00f3n seg\u00fan rigurosas especificaciones, lo que permite a los fabricantes producir hormig\u00f3n [&#8230;]<\/p>\n<p><a class=\"btn btn-secondary understrap-read-more-link\" href=\"https:\/\/www.hydronix.com\/es\/sectores\/hormigon\/\">Leer m\u00e1s&#8230;<span class=\"screen-reader-text\"> from Hormig\u00f3n<\/span><\/a><\/p>\n","protected":false},"author":1,"featured_media":15888,"parent":22039,"menu_order":277,"comment_status":"closed","ping_status":"closed","template":"","meta":{"_acf_changed":false,"content-type":"","inline_featured_image":false,"footnotes":""},"industries":[],"process":[],"class_list":["post-22049","page","type-page","status-publish","has-post-thumbnail","hentry"],"acf":[],"yoast_head":"<!-- This site is optimized with the Yoast SEO plugin v27.5 - https:\/\/yoast.com\/product\/yoast-seo-wordpress\/ -->\n<title>Sensores de humedad premium para producci\u00f3n de hormig\u00f3n<\/title>\n<meta name=\"description\" content=\"Un sensor de humedad Hydronix para hormig\u00f3n permite calidad repetible y control m\u00e1s estricto de costes sin perjudicar tus credenciales verdes.\" \/>\n<meta name=\"robots\" content=\"index, follow, max-snippet:-1, max-image-preview:large, max-video-preview:-1\" \/>\n<link rel=\"canonical\" href=\"https:\/\/www.hydronix.com\/es\/sectores\/hormigon\/\" \/>\n<meta property=\"og:locale\" content=\"es_ES\" \/>\n<meta property=\"og:type\" content=\"article\" \/>\n<meta property=\"og:title\" content=\"Sensores de humedad premium para producci\u00f3n de hormig\u00f3n\" \/>\n<meta property=\"og:description\" content=\"Un sensor de humedad Hydronix para hormig\u00f3n permite calidad repetible y control m\u00e1s estricto de costes sin perjudicar tus credenciales verdes.\" \/>\n<meta property=\"og:url\" content=\"https:\/\/www.hydronix.com\/es\/sectores\/hormigon\/\" \/>\n<meta property=\"og:site_name\" content=\"Hydronix\" \/>\n<meta property=\"article:modified_time\" content=\"2024-09-10T12:00:07+00:00\" \/>\n<meta property=\"og:image\" content=\"https:\/\/www.hydronix.com\/wp-content\/uploads\/2022\/09\/application-bg-concrete.jpg\" \/>\n\t<meta property=\"og:image:width\" content=\"1423\" \/>\n\t<meta property=\"og:image:height\" content=\"522\" \/>\n\t<meta property=\"og:image:type\" content=\"image\/jpeg\" \/>\n<meta name=\"twitter:card\" content=\"summary_large_image\" \/>\n<meta name=\"twitter:label1\" content=\"Tiempo de lectura\" \/>\n\t<meta name=\"twitter:data1\" content=\"1 minuto\" \/>\n<script type=\"application\/ld+json\" class=\"yoast-schema-graph\">{\"@context\":\"https:\\\/\\\/schema.org\",\"@graph\":[{\"@type\":\"WebPage\",\"@id\":\"https:\\\/\\\/www.hydronix.com\\\/es\\\/sectores\\\/hormigon\\\/\",\"url\":\"https:\\\/\\\/www.hydronix.com\\\/es\\\/sectores\\\/hormigon\\\/\",\"name\":\"Sensores de humedad premium para producci\u00f3n de hormig\u00f3n\",\"isPartOf\":{\"@id\":\"https:\\\/\\\/www.hydronix.com\\\/es\\\/#website\"},\"primaryImageOfPage\":{\"@id\":\"https:\\\/\\\/www.hydronix.com\\\/es\\\/sectores\\\/hormigon\\\/#primaryimage\"},\"image\":{\"@id\":\"https:\\\/\\\/www.hydronix.com\\\/es\\\/sectores\\\/hormigon\\\/#primaryimage\"},\"thumbnailUrl\":\"https:\\\/\\\/www.hydronix.com\\\/wp-content\\\/uploads\\\/2022\\\/09\\\/application-bg-concrete.jpg\",\"datePublished\":\"2022-09-12T12:57:30+00:00\",\"dateModified\":\"2024-09-10T12:00:07+00:00\",\"description\":\"Un sensor de humedad Hydronix para hormig\u00f3n permite calidad repetible y control m\u00e1s estricto de costes sin perjudicar tus credenciales verdes.\",\"breadcrumb\":{\"@id\":\"https:\\\/\\\/www.hydronix.com\\\/es\\\/sectores\\\/hormigon\\\/#breadcrumb\"},\"inLanguage\":\"es\",\"potentialAction\":[{\"@type\":\"ReadAction\",\"target\":[\"https:\\\/\\\/www.hydronix.com\\\/es\\\/sectores\\\/hormigon\\\/\"]}]},{\"@type\":\"ImageObject\",\"inLanguage\":\"es\",\"@id\":\"https:\\\/\\\/www.hydronix.com\\\/es\\\/sectores\\\/hormigon\\\/#primaryimage\",\"url\":\"https:\\\/\\\/www.hydronix.com\\\/wp-content\\\/uploads\\\/2022\\\/09\\\/application-bg-concrete.jpg\",\"contentUrl\":\"https:\\\/\\\/www.hydronix.com\\\/wp-content\\\/uploads\\\/2022\\\/09\\\/application-bg-concrete.jpg\",\"width\":1423,\"height\":522},{\"@type\":\"BreadcrumbList\",\"@id\":\"https:\\\/\\\/www.hydronix.com\\\/es\\\/sectores\\\/hormigon\\\/#breadcrumb\",\"itemListElement\":[{\"@type\":\"ListItem\",\"position\":1,\"name\":\"Inicio\",\"item\":\"https:\\\/\\\/www.hydronix.com\\\/es\\\/hydronix\\\/\"},{\"@type\":\"ListItem\",\"position\":2,\"name\":\"Sectores\",\"item\":\"https:\\\/\\\/www.hydronix.com\\\/es\\\/sectores\\\/\"},{\"@type\":\"ListItem\",\"position\":3,\"name\":\"Hormig\u00f3n\"}]},{\"@type\":\"WebSite\",\"@id\":\"https:\\\/\\\/www.hydronix.com\\\/es\\\/#website\",\"url\":\"https:\\\/\\\/www.hydronix.com\\\/es\\\/\",\"name\":\"Hydronix\",\"description\":\"Your partner in moisture measurement\",\"potentialAction\":[{\"@type\":\"SearchAction\",\"target\":{\"@type\":\"EntryPoint\",\"urlTemplate\":\"https:\\\/\\\/www.hydronix.com\\\/es\\\/?s={search_term_string}\"},\"query-input\":{\"@type\":\"PropertyValueSpecification\",\"valueRequired\":true,\"valueName\":\"search_term_string\"}}],\"inLanguage\":\"es\"}]}<\/script>\n<!-- \/ Yoast SEO plugin. -->","yoast_head_json":{"title":"Sensores de humedad premium para producci\u00f3n de hormig\u00f3n","description":"Un sensor de humedad Hydronix para hormig\u00f3n permite calidad repetible y control m\u00e1s estricto de costes sin perjudicar tus credenciales verdes.","robots":{"index":"index","follow":"follow","max-snippet":"max-snippet:-1","max-image-preview":"max-image-preview:large","max-video-preview":"max-video-preview:-1"},"canonical":"https:\/\/www.hydronix.com\/es\/sectores\/hormigon\/","og_locale":"es_ES","og_type":"article","og_title":"Sensores de humedad premium para producci\u00f3n de hormig\u00f3n","og_description":"Un sensor de humedad Hydronix para hormig\u00f3n permite calidad repetible y control m\u00e1s estricto de costes sin perjudicar tus credenciales verdes.","og_url":"https:\/\/www.hydronix.com\/es\/sectores\/hormigon\/","og_site_name":"Hydronix","article_modified_time":"2024-09-10T12:00:07+00:00","og_image":[{"width":1423,"height":522,"url":"https:\/\/www.hydronix.com\/wp-content\/uploads\/2022\/09\/application-bg-concrete.jpg","type":"image\/jpeg"}],"twitter_card":"summary_large_image","twitter_misc":{"Tiempo de lectura":"1 minuto"},"schema":{"@context":"https:\/\/schema.org","@graph":[{"@type":"WebPage","@id":"https:\/\/www.hydronix.com\/es\/sectores\/hormigon\/","url":"https:\/\/www.hydronix.com\/es\/sectores\/hormigon\/","name":"Sensores de humedad premium para producci\u00f3n de hormig\u00f3n","isPartOf":{"@id":"https:\/\/www.hydronix.com\/es\/#website"},"primaryImageOfPage":{"@id":"https:\/\/www.hydronix.com\/es\/sectores\/hormigon\/#primaryimage"},"image":{"@id":"https:\/\/www.hydronix.com\/es\/sectores\/hormigon\/#primaryimage"},"thumbnailUrl":"https:\/\/www.hydronix.com\/wp-content\/uploads\/2022\/09\/application-bg-concrete.jpg","datePublished":"2022-09-12T12:57:30+00:00","dateModified":"2024-09-10T12:00:07+00:00","description":"Un sensor de humedad Hydronix para hormig\u00f3n permite calidad repetible y control m\u00e1s estricto de costes sin perjudicar tus credenciales verdes.","breadcrumb":{"@id":"https:\/\/www.hydronix.com\/es\/sectores\/hormigon\/#breadcrumb"},"inLanguage":"es","potentialAction":[{"@type":"ReadAction","target":["https:\/\/www.hydronix.com\/es\/sectores\/hormigon\/"]}]},{"@type":"ImageObject","inLanguage":"es","@id":"https:\/\/www.hydronix.com\/es\/sectores\/hormigon\/#primaryimage","url":"https:\/\/www.hydronix.com\/wp-content\/uploads\/2022\/09\/application-bg-concrete.jpg","contentUrl":"https:\/\/www.hydronix.com\/wp-content\/uploads\/2022\/09\/application-bg-concrete.jpg","width":1423,"height":522},{"@type":"BreadcrumbList","@id":"https:\/\/www.hydronix.com\/es\/sectores\/hormigon\/#breadcrumb","itemListElement":[{"@type":"ListItem","position":1,"name":"Inicio","item":"https:\/\/www.hydronix.com\/es\/hydronix\/"},{"@type":"ListItem","position":2,"name":"Sectores","item":"https:\/\/www.hydronix.com\/es\/sectores\/"},{"@type":"ListItem","position":3,"name":"Hormig\u00f3n"}]},{"@type":"WebSite","@id":"https:\/\/www.hydronix.com\/es\/#website","url":"https:\/\/www.hydronix.com\/es\/","name":"Hydronix","description":"Your partner in moisture measurement","potentialAction":[{"@type":"SearchAction","target":{"@type":"EntryPoint","urlTemplate":"https:\/\/www.hydronix.com\/es\/?s={search_term_string}"},"query-input":{"@type":"PropertyValueSpecification","valueRequired":true,"valueName":"search_term_string"}}],"inLanguage":"es"}]}},"_links":{"self":[{"href":"https:\/\/www.hydronix.com\/es\/wp-json\/wp\/v2\/pages\/22049","targetHints":{"allow":["GET"]}}],"collection":[{"href":"https:\/\/www.hydronix.com\/es\/wp-json\/wp\/v2\/pages"}],"about":[{"href":"https:\/\/www.hydronix.com\/es\/wp-json\/wp\/v2\/types\/page"}],"author":[{"embeddable":true,"href":"https:\/\/www.hydronix.com\/es\/wp-json\/wp\/v2\/users\/1"}],"replies":[{"embeddable":true,"href":"https:\/\/www.hydronix.com\/es\/wp-json\/wp\/v2\/comments?post=22049"}],"version-history":[{"count":1,"href":"https:\/\/www.hydronix.com\/es\/wp-json\/wp\/v2\/pages\/22049\/revisions"}],"predecessor-version":[{"id":37860,"href":"https:\/\/www.hydronix.com\/es\/wp-json\/wp\/v2\/pages\/22049\/revisions\/37860"}],"up":[{"embeddable":true,"href":"https:\/\/www.hydronix.com\/es\/wp-json\/wp\/v2\/pages\/22039"}],"wp:featuredmedia":[{"embeddable":true,"href":"https:\/\/www.hydronix.com\/es\/wp-json\/wp\/v2\/media\/15888"}],"wp:attachment":[{"href":"https:\/\/www.hydronix.com\/es\/wp-json\/wp\/v2\/media?parent=22049"}],"wp:term":[{"taxonomy":"industries","embeddable":true,"href":"https:\/\/www.hydronix.com\/es\/wp-json\/wp\/v2\/industries?post=22049"},{"taxonomy":"process","embeddable":true,"href":"https:\/\/www.hydronix.com\/es\/wp-json\/wp\/v2\/process?post=22049"}],"curies":[{"name":"wp","href":"https:\/\/api.w.org\/{rel}","templated":true}]}}