{"id":22047,"date":"2022-09-12T12:54:11","date_gmt":"2022-09-12T12:54:11","guid":{"rendered":"https:\/\/hydronix.chilliservers.co.uk\/sectores\/nutricion-de-animales-y-peces\/"},"modified":"2023-11-14T16:58:06","modified_gmt":"2023-11-14T16:58:06","slug":"nutricion-de-animales-y-peces","status":"publish","type":"page","link":"https:\/\/www.hydronix.com\/es\/sectores\/nutricion-de-animales-y-peces\/","title":{"rendered":"Nutrici\u00f3n de animales y peces"},"content":{"rendered":"    \n<!-- hero_short -->\n<section class=\"short_hero d-flex py-5\" style=\"background-image:url(https:\/\/www.hydronix.com\/wp-content\/uploads\/2022\/09\/D-animal-nutrition.jpg)\">\n    <div class=\"overlay\"><\/div>\n    <div class=\"container-xl my-auto\">\n        <div class=\"row\">\n            <div class=\"col-lg-5 hero__content\">\n                <h1>Nutrici\u00f3n de animales y peces<\/h1>\n            <\/div>\n        <\/div>\n    <\/div>\n<\/section>\n<!--section class=\"sub_page_title py-1 mb-4\">\n    <div class=\"container-xl\">\n        <p id=\"breadcrumbs\"><span><span><a href=\"https:\/\/www.hydronix.com\/es\/\">Inicio<\/a><\/span><\/span><\/p>    <\/div>\n<\/section-->\n\n\n\n<div style=\"height:40px\" aria-hidden=\"true\" class=\"wp-block-spacer\"><\/div>\n\n\n    <div class=\"container-xl\">\n\t\t\n<p>La medici\u00f3n de humedad en la producci\u00f3n de piensos animales y para peces es muy \u00fatil en numerosas fases del proceso de fabricaci\u00f3n.<\/p>\n    <\/div>\n    \n\n    <div class=\"container-xl\">\n\t\t\n<p>Debido a la continua variaci\u00f3n del nivel de humedad en las materias primas, la medici\u00f3n en l\u00ednea se ha convertido en una herramienta clave para garantizar una eficiencia y control de calidad excelentes.<\/p>\n    <\/div>\n    \n\n    <div class=\"container-xl\">\n\t\t\n<p>La capacidad de medir la humedad y de realizar todo ajuste necesario durante el proceso de fabricaci\u00f3n se ha convertido en un factor esencial en numerosas fases del ciclo de producci\u00f3n.<\/p>\n    <\/div>\n    \n\n\n<div style=\"height:40px\" aria-hidden=\"true\" class=\"wp-block-spacer\"><\/div>\n\n\n<!-- children -->\n<section class=\"child_pages py-4 mb-4\">\n    <div class=\"container-xl\">\n                <div class=\"row g-4 justify-content-center\">\n        <div class=\"col-md-4 col-xl-3\">\n            <a class=\"child_pages__card child_pages__card--blue\" href=\"https:\/\/www.hydronix.com\/es\/sectores\/nutricion-de-animales-y-peces\/comida-para-mascotas\/\">Comida para mascotas<\/a>\n        <\/div>\n                <div class=\"col-md-4 col-xl-3\">\n            <a class=\"child_pages__card child_pages__card--blue\" href=\"https:\/\/www.hydronix.com\/es\/sectores\/nutricion-de-animales-y-peces\/alimentos-acuicolas\/\">Alimentos acu\u00edcolas<\/a>\n        <\/div>\n                <div class=\"col-md-4 col-xl-3\">\n            <a class=\"child_pages__card child_pages__card--blue\" href=\"https:\/\/www.hydronix.com\/es\/sectores\/nutricion-de-animales-y-peces\/triturado-de-remolacha-azucarera\/\">Triturado de remolacha azucarera<\/a>\n        <\/div>\n                <div class=\"col-md-4 col-xl-3\">\n            <a class=\"child_pages__card child_pages__card--blue\" href=\"https:\/\/www.hydronix.com\/es\/sectores\/nutricion-de-animales-y-peces\/piensos-animales\/\">Piensos animales<\/a>\n        <\/div>\n            <\/div>\n<\/section>","protected":false},"excerpt":{"rendered":"<p>La medici\u00f3n de humedad en la producci\u00f3n de piensos animales y para peces es muy \u00fatil en numerosas fases del proceso de fabricaci\u00f3n. Debido a la continua variaci\u00f3n del nivel de humedad en las materias primas, la medici\u00f3n en l\u00ednea se ha convertido en una herramienta clave para garantizar una eficiencia y control de calidad [&#8230;]<\/p>\n<p><a class=\"btn btn-secondary understrap-read-more-link\" href=\"https:\/\/www.hydronix.com\/es\/sectores\/nutricion-de-animales-y-peces\/\">Leer m\u00e1s&#8230;<span class=\"screen-reader-text\"> from Nutrici\u00f3n de animales y peces<\/span><\/a><\/p>\n","protected":false},"author":1,"featured_media":15920,"parent":22039,"menu_order":483,"comment_status":"closed","ping_status":"closed","template":"","meta":{"_acf_changed":false,"content-type":"","inline_featured_image":false,"footnotes":""},"industries":[],"process":[],"class_list":["post-22047","page","type-page","status-publish","has-post-thumbnail","hentry"],"acf":[],"yoast_head":"<!-- This site is optimized with the Yoast SEO plugin v27.1.1 - https:\/\/yoast.com\/product\/yoast-seo-wordpress\/ -->\n<title>Nutrici\u00f3n de animales y peces - Hydronix<\/title>\n<meta name=\"robots\" content=\"index, follow, max-snippet:-1, max-image-preview:large, max-video-preview:-1\" \/>\n<link rel=\"canonical\" href=\"https:\/\/www.hydronix.com\/es\/sectores\/nutricion-de-animales-y-peces\/\" \/>\n<meta property=\"og:locale\" content=\"es_ES\" \/>\n<meta property=\"og:type\" content=\"article\" \/>\n<meta property=\"og:title\" content=\"Nutrici\u00f3n de animales y peces - Hydronix\" \/>\n<meta property=\"og:description\" content=\"La medici\u00f3n de humedad en la producci\u00f3n de piensos animales y para peces es muy \u00fatil en numerosas fases del proceso de fabricaci\u00f3n. Debido a la continua variaci\u00f3n del nivel de humedad en las materias primas, la medici\u00f3n en l\u00ednea se ha convertido en una herramienta clave para garantizar una eficiencia y control de calidad [...]Leer m\u00e1s... from Nutrici\u00f3n de animales y peces\" \/>\n<meta property=\"og:url\" content=\"https:\/\/www.hydronix.com\/es\/sectores\/nutricion-de-animales-y-peces\/\" \/>\n<meta property=\"og:site_name\" content=\"Hydronix\" \/>\n<meta property=\"article:modified_time\" content=\"2023-11-14T16:58:06+00:00\" \/>\n<meta property=\"og:image\" content=\"https:\/\/www.hydronix.com\/wp-content\/uploads\/2022\/09\/D-animal-nutrition.jpg\" \/>\n\t<meta property=\"og:image:width\" content=\"2000\" \/>\n\t<meta property=\"og:image:height\" content=\"400\" \/>\n\t<meta property=\"og:image:type\" content=\"image\/jpeg\" \/>\n<meta name=\"twitter:card\" content=\"summary_large_image\" \/>\n<meta name=\"twitter:label1\" content=\"Tiempo de lectura\" \/>\n\t<meta name=\"twitter:data1\" content=\"1 minuto\" \/>\n<script type=\"application\/ld+json\" class=\"yoast-schema-graph\">{\"@context\":\"https:\/\/schema.org\",\"@graph\":[{\"@type\":\"WebPage\",\"@id\":\"https:\/\/www.hydronix.com\/es\/sectores\/nutricion-de-animales-y-peces\/\",\"url\":\"https:\/\/www.hydronix.com\/es\/sectores\/nutricion-de-animales-y-peces\/\",\"name\":\"Nutrici\u00f3n de animales y peces - Hydronix\",\"isPartOf\":{\"@id\":\"https:\/\/www.hydronix.com\/es\/#website\"},\"primaryImageOfPage\":{\"@id\":\"https:\/\/www.hydronix.com\/es\/sectores\/nutricion-de-animales-y-peces\/#primaryimage\"},\"image\":{\"@id\":\"https:\/\/www.hydronix.com\/es\/sectores\/nutricion-de-animales-y-peces\/#primaryimage\"},\"thumbnailUrl\":\"https:\/\/www.hydronix.com\/wp-content\/uploads\/2022\/09\/D-animal-nutrition.jpg\",\"datePublished\":\"2022-09-12T12:54:11+00:00\",\"dateModified\":\"2023-11-14T16:58:06+00:00\",\"breadcrumb\":{\"@id\":\"https:\/\/www.hydronix.com\/es\/sectores\/nutricion-de-animales-y-peces\/#breadcrumb\"},\"inLanguage\":\"es\",\"potentialAction\":[{\"@type\":\"ReadAction\",\"target\":[\"https:\/\/www.hydronix.com\/es\/sectores\/nutricion-de-animales-y-peces\/\"]}]},{\"@type\":\"ImageObject\",\"inLanguage\":\"es\",\"@id\":\"https:\/\/www.hydronix.com\/es\/sectores\/nutricion-de-animales-y-peces\/#primaryimage\",\"url\":\"https:\/\/www.hydronix.com\/wp-content\/uploads\/2022\/09\/D-animal-nutrition.jpg\",\"contentUrl\":\"https:\/\/www.hydronix.com\/wp-content\/uploads\/2022\/09\/D-animal-nutrition.jpg\",\"width\":2000,\"height\":400},{\"@type\":\"BreadcrumbList\",\"@id\":\"https:\/\/www.hydronix.com\/es\/sectores\/nutricion-de-animales-y-peces\/#breadcrumb\",\"itemListElement\":[{\"@type\":\"ListItem\",\"position\":1,\"name\":\"Inicio\",\"item\":\"https:\/\/www.hydronix.com\/es\/\"},{\"@type\":\"ListItem\",\"position\":2,\"name\":\"Sectores\",\"item\":\"https:\/\/www.hydronix.com\/es\/sectores\/\"},{\"@type\":\"ListItem\",\"position\":3,\"name\":\"Nutrici\u00f3n de animales y peces\"}]},{\"@type\":\"WebSite\",\"@id\":\"https:\/\/www.hydronix.com\/es\/#website\",\"url\":\"https:\/\/www.hydronix.com\/es\/\",\"name\":\"Hydronix\",\"description\":\"Your partner in moisture measurement\",\"potentialAction\":[{\"@type\":\"SearchAction\",\"target\":{\"@type\":\"EntryPoint\",\"urlTemplate\":\"https:\/\/www.hydronix.com\/es\/?s={search_term_string}\"},\"query-input\":{\"@type\":\"PropertyValueSpecification\",\"valueRequired\":true,\"valueName\":\"search_term_string\"}}],\"inLanguage\":\"es\"}]}<\/script>\n<!-- \/ Yoast SEO plugin. -->","yoast_head_json":{"title":"Nutrici\u00f3n de animales y peces - Hydronix","robots":{"index":"index","follow":"follow","max-snippet":"max-snippet:-1","max-image-preview":"max-image-preview:large","max-video-preview":"max-video-preview:-1"},"canonical":"https:\/\/www.hydronix.com\/es\/sectores\/nutricion-de-animales-y-peces\/","og_locale":"es_ES","og_type":"article","og_title":"Nutrici\u00f3n de animales y peces - Hydronix","og_description":"La medici\u00f3n de humedad en la producci\u00f3n de piensos animales y para peces es muy \u00fatil en numerosas fases del proceso de fabricaci\u00f3n. Debido a la continua variaci\u00f3n del nivel de humedad en las materias primas, la medici\u00f3n en l\u00ednea se ha convertido en una herramienta clave para garantizar una eficiencia y control de calidad [...]Leer m\u00e1s... from Nutrici\u00f3n de animales y peces","og_url":"https:\/\/www.hydronix.com\/es\/sectores\/nutricion-de-animales-y-peces\/","og_site_name":"Hydronix","article_modified_time":"2023-11-14T16:58:06+00:00","og_image":[{"width":2000,"height":400,"url":"https:\/\/www.hydronix.com\/wp-content\/uploads\/2022\/09\/D-animal-nutrition.jpg","type":"image\/jpeg"}],"twitter_card":"summary_large_image","twitter_misc":{"Tiempo de lectura":"1 minuto"},"schema":{"@context":"https:\/\/schema.org","@graph":[{"@type":"WebPage","@id":"https:\/\/www.hydronix.com\/es\/sectores\/nutricion-de-animales-y-peces\/","url":"https:\/\/www.hydronix.com\/es\/sectores\/nutricion-de-animales-y-peces\/","name":"Nutrici\u00f3n de animales y peces - Hydronix","isPartOf":{"@id":"https:\/\/www.hydronix.com\/es\/#website"},"primaryImageOfPage":{"@id":"https:\/\/www.hydronix.com\/es\/sectores\/nutricion-de-animales-y-peces\/#primaryimage"},"image":{"@id":"https:\/\/www.hydronix.com\/es\/sectores\/nutricion-de-animales-y-peces\/#primaryimage"},"thumbnailUrl":"https:\/\/www.hydronix.com\/wp-content\/uploads\/2022\/09\/D-animal-nutrition.jpg","datePublished":"2022-09-12T12:54:11+00:00","dateModified":"2023-11-14T16:58:06+00:00","breadcrumb":{"@id":"https:\/\/www.hydronix.com\/es\/sectores\/nutricion-de-animales-y-peces\/#breadcrumb"},"inLanguage":"es","potentialAction":[{"@type":"ReadAction","target":["https:\/\/www.hydronix.com\/es\/sectores\/nutricion-de-animales-y-peces\/"]}]},{"@type":"ImageObject","inLanguage":"es","@id":"https:\/\/www.hydronix.com\/es\/sectores\/nutricion-de-animales-y-peces\/#primaryimage","url":"https:\/\/www.hydronix.com\/wp-content\/uploads\/2022\/09\/D-animal-nutrition.jpg","contentUrl":"https:\/\/www.hydronix.com\/wp-content\/uploads\/2022\/09\/D-animal-nutrition.jpg","width":2000,"height":400},{"@type":"BreadcrumbList","@id":"https:\/\/www.hydronix.com\/es\/sectores\/nutricion-de-animales-y-peces\/#breadcrumb","itemListElement":[{"@type":"ListItem","position":1,"name":"Inicio","item":"https:\/\/www.hydronix.com\/es\/"},{"@type":"ListItem","position":2,"name":"Sectores","item":"https:\/\/www.hydronix.com\/es\/sectores\/"},{"@type":"ListItem","position":3,"name":"Nutrici\u00f3n de animales y peces"}]},{"@type":"WebSite","@id":"https:\/\/www.hydronix.com\/es\/#website","url":"https:\/\/www.hydronix.com\/es\/","name":"Hydronix","description":"Your partner in moisture measurement","potentialAction":[{"@type":"SearchAction","target":{"@type":"EntryPoint","urlTemplate":"https:\/\/www.hydronix.com\/es\/?s={search_term_string}"},"query-input":{"@type":"PropertyValueSpecification","valueRequired":true,"valueName":"search_term_string"}}],"inLanguage":"es"}]}},"_links":{"self":[{"href":"https:\/\/www.hydronix.com\/es\/wp-json\/wp\/v2\/pages\/22047","targetHints":{"allow":["GET"]}}],"collection":[{"href":"https:\/\/www.hydronix.com\/es\/wp-json\/wp\/v2\/pages"}],"about":[{"href":"https:\/\/www.hydronix.com\/es\/wp-json\/wp\/v2\/types\/page"}],"author":[{"embeddable":true,"href":"https:\/\/www.hydronix.com\/es\/wp-json\/wp\/v2\/users\/1"}],"replies":[{"embeddable":true,"href":"https:\/\/www.hydronix.com\/es\/wp-json\/wp\/v2\/comments?post=22047"}],"version-history":[{"count":0,"href":"https:\/\/www.hydronix.com\/es\/wp-json\/wp\/v2\/pages\/22047\/revisions"}],"up":[{"embeddable":true,"href":"https:\/\/www.hydronix.com\/es\/wp-json\/wp\/v2\/pages\/22039"}],"wp:featuredmedia":[{"embeddable":true,"href":"https:\/\/www.hydronix.com\/es\/wp-json\/wp\/v2\/media\/15920"}],"wp:attachment":[{"href":"https:\/\/www.hydronix.com\/es\/wp-json\/wp\/v2\/media?parent=22047"}],"wp:term":[{"taxonomy":"industries","embeddable":true,"href":"https:\/\/www.hydronix.com\/es\/wp-json\/wp\/v2\/industries?post=22047"},{"taxonomy":"process","embeddable":true,"href":"https:\/\/www.hydronix.com\/es\/wp-json\/wp\/v2\/process?post=22047"}],"curies":[{"name":"wp","href":"https:\/\/api.w.org\/{rel}","templated":true}]}}