{"id":22039,"date":"2022-09-12T12:51:46","date_gmt":"2022-09-12T12:51:46","guid":{"rendered":"https:\/\/hydronix.chilliservers.co.uk\/sectores\/"},"modified":"2024-01-19T14:25:13","modified_gmt":"2024-01-19T14:25:13","slug":"sectores","status":"publish","type":"page","link":"https:\/\/www.hydronix.com\/es\/sectores\/","title":{"rendered":"Sectores"},"content":{"rendered":"    \n<!-- hero_short -->\n<section class=\"short_hero d-flex py-5\" style=\"background-image:url(https:\/\/www.hydronix.com\/wp-content\/uploads\/2022\/09\/Z-industries.jpg)\">\n    <div class=\"overlay\"><\/div>\n    <div class=\"container-xl my-auto\">\n        <div class=\"row\">\n            <div class=\"col-lg-5 hero__content\">\n                <h1>Sectores<\/h1>\n            <\/div>\n        <\/div>\n    <\/div>\n<\/section>\n<!--section class=\"sub_page_title py-1 mb-4\">\n    <div class=\"container-xl\">\n        <p id=\"breadcrumbs\"><span><span><a href=\"https:\/\/www.hydronix.com\/es\/hydronix\/\">Inicio<\/a><\/span><\/span><\/p>    <\/div>\n<\/section-->\n\n\n\n<div style=\"height:40px\" aria-hidden=\"true\" class=\"wp-block-spacer\"><\/div>\n\n\n    <div class=\"container-xl\">\n\t\t\n<p>Los sensores de medici\u00f3n de humedad por microondas de Hydronix se utilizan en un gran n\u00famero de aplicaciones en todo el mundo para medir el nivel de humedad o el contenido de Brix en materiales que fluyen. La exclusiva t\u00e9cnica de medici\u00f3n digital de humedad por microondas de Hydronix permite configurar nuestros sensores para lograr el mejor rendimiento en una gran variedad de materiales minerales y org\u00e1nicos. Dicha flexibilidad, junto con la resistencia del dise\u00f1o, ha provocado que los sensores Hydronix sean los sensores de referencia para numerosos sectores.<\/p>\n    <\/div>\n    \n\n    <div class=\"container-xl\">\n\t\t\n<p>Algunas de las aplicaciones m\u00e1s conocidas que miden la humedad con sensores Hydronix:<\/p>\n    <\/div>\n    \n\n\n<div style=\"height:40px\" aria-hidden=\"true\" class=\"wp-block-spacer\"><\/div>\n\n\n<!-- children -->\n<section class=\"child_pages py-4 mb-4\">\n    <div class=\"container-xl\">\n                <div class=\"row g-4 justify-content-center\">\n        <div class=\"col-md-4 col-xl-3\">\n            <a class=\"child_pages__card child_pages__card--blue\" href=\"https:\/\/www.hydronix.com\/es\/sectores\/produccion-de-azucar-sensores-de-brix-y-de-solidos\/\">Producci\u00f3n de az\u00facar: sensores de Brix y de s\u00f3lidos<\/a>\n        <\/div>\n                <div class=\"col-md-4 col-xl-3\">\n            <a class=\"child_pages__card child_pages__card--blue\" href=\"https:\/\/www.hydronix.com\/es\/sectores\/aridos\/\">\u00c1ridos<\/a>\n        <\/div>\n                <div class=\"col-md-4 col-xl-3\">\n            <a class=\"child_pages__card child_pages__card--blue\" href=\"https:\/\/www.hydronix.com\/es\/sectores\/hormigon\/\">Hormig\u00f3n<\/a>\n        <\/div>\n                <div class=\"col-md-4 col-xl-3\">\n            <a class=\"child_pages__card child_pages__card--blue\" href=\"https:\/\/www.hydronix.com\/es\/sectores\/asfalto\/\">Asfalto<\/a>\n        <\/div>\n                <div class=\"col-md-4 col-xl-3\">\n            <a class=\"child_pages__card child_pages__card--blue\" href=\"https:\/\/www.hydronix.com\/es\/sectores\/agricultura\/\">Agricultura<\/a>\n        <\/div>\n                <div class=\"col-md-4 col-xl-3\">\n            <a class=\"child_pages__card child_pages__card--blue\" href=\"https:\/\/www.hydronix.com\/es\/sectores\/nutricion-de-animales-y-peces\/\">Nutrici\u00f3n de animales y peces<\/a>\n        <\/div>\n                <div class=\"col-md-4 col-xl-3\">\n            <a class=\"child_pages__card child_pages__card--blue\" href=\"https:\/\/www.hydronix.com\/es\/sectores\/alimentos\/\">Alimentos<\/a>\n        <\/div>\n                <div class=\"col-md-4 col-xl-3\">\n            <a class=\"child_pages__card child_pages__card--blue\" href=\"https:\/\/www.hydronix.com\/es\/sectores\/procesamiento-de-arroz\/\">Procesamiento de arroz<\/a>\n        <\/div>\n                <div class=\"col-md-4 col-xl-3\">\n            <a class=\"child_pages__card child_pages__card--blue\" href=\"https:\/\/www.hydronix.com\/es\/sectores\/procesamiento-de-semillas-oleaginosas\/\">Procesamiento de semillas oleaginosas<\/a>\n        <\/div>\n                <div class=\"col-md-4 col-xl-3\">\n            <a class=\"child_pages__card child_pages__card--blue\" href=\"https:\/\/www.hydronix.com\/es\/sectores\/solidos-a-granel\/\">S\u00f3lidos a granel<\/a>\n        <\/div>\n                <div class=\"col-md-4 col-xl-3\">\n            <a class=\"child_pages__card child_pages__card--blue\" href=\"https:\/\/www.hydronix.com\/es\/sectores\/bioenergia\/\">Bioenerg\u00eda<\/a>\n        <\/div>\n                <div class=\"col-md-4 col-xl-3\">\n            <a class=\"child_pages__card child_pages__card--blue\" href=\"https:\/\/www.hydronix.com\/es\/sectores\/pasta-de-papel\/\">Pasta de papel<\/a>\n        <\/div>\n                <div class=\"col-md-4 col-xl-3\">\n            <a class=\"child_pages__card child_pages__card--blue\" href=\"https:\/\/www.hydronix.com\/es\/sectores\/industria-maderera\/\">Industria maderera<\/a>\n        <\/div>\n            <\/div>\n<\/section>","protected":false},"excerpt":{"rendered":"<p>Los sensores de medici\u00f3n de humedad por microondas de Hydronix se utilizan en un gran n\u00famero de aplicaciones en todo el mundo para medir el nivel de humedad o el contenido de Brix en materiales que fluyen. La exclusiva t\u00e9cnica de medici\u00f3n digital de humedad por microondas de Hydronix permite configurar nuestros sensores para lograr [&#8230;]<\/p>\n<p><a class=\"btn btn-secondary understrap-read-more-link\" href=\"https:\/\/www.hydronix.com\/es\/sectores\/\">Leer m\u00e1s&#8230;<span class=\"screen-reader-text\"> from Sectores<\/span><\/a><\/p>\n","protected":false},"author":1,"featured_media":15930,"parent":0,"menu_order":498,"comment_status":"closed","ping_status":"closed","template":"","meta":{"_acf_changed":false,"content-type":"","inline_featured_image":false,"footnotes":""},"industries":[],"process":[],"class_list":["post-22039","page","type-page","status-publish","has-post-thumbnail","hentry"],"acf":[],"yoast_head":"<!-- This site is optimized with the Yoast SEO plugin v27.5 - https:\/\/yoast.com\/product\/yoast-seo-wordpress\/ -->\n<title>Encuentra el sensor de humedad para tu sector | Hydronix<\/title>\n<meta name=\"description\" content=\"Muchos sectores se benefician de los sensores Hydronix. Nuestras t\u00e9cnicas digitales de microondas para medici\u00f3n de humedad entregan resultados fiables.\" \/>\n<meta name=\"robots\" content=\"index, follow, max-snippet:-1, max-image-preview:large, max-video-preview:-1\" \/>\n<link rel=\"canonical\" href=\"https:\/\/www.hydronix.com\/es\/sectores\/\" \/>\n<meta property=\"og:locale\" content=\"es_ES\" \/>\n<meta property=\"og:type\" content=\"article\" \/>\n<meta property=\"og:title\" content=\"Encuentra el sensor de humedad para tu sector | Hydronix\" \/>\n<meta property=\"og:description\" content=\"Muchos sectores se benefician de los sensores Hydronix. Nuestras t\u00e9cnicas digitales de microondas para medici\u00f3n de humedad entregan resultados fiables.\" \/>\n<meta property=\"og:url\" content=\"https:\/\/www.hydronix.com\/es\/sectores\/\" \/>\n<meta property=\"og:site_name\" content=\"Hydronix\" \/>\n<meta property=\"article:modified_time\" content=\"2024-01-19T14:25:13+00:00\" \/>\n<meta property=\"og:image\" content=\"https:\/\/www.hydronix.com\/wp-content\/uploads\/2022\/09\/Z-industries.jpg\" \/>\n\t<meta property=\"og:image:width\" content=\"2000\" \/>\n\t<meta property=\"og:image:height\" content=\"400\" \/>\n\t<meta property=\"og:image:type\" content=\"image\/jpeg\" \/>\n<meta name=\"twitter:card\" content=\"summary_large_image\" \/>\n<meta name=\"twitter:label1\" content=\"Tiempo de lectura\" \/>\n\t<meta name=\"twitter:data1\" content=\"1 minuto\" \/>\n<script type=\"application\/ld+json\" class=\"yoast-schema-graph\">{\"@context\":\"https:\\\/\\\/schema.org\",\"@graph\":[{\"@type\":\"WebPage\",\"@id\":\"https:\\\/\\\/www.hydronix.com\\\/es\\\/sectores\\\/\",\"url\":\"https:\\\/\\\/www.hydronix.com\\\/es\\\/sectores\\\/\",\"name\":\"Encuentra el sensor de humedad para tu sector | Hydronix\",\"isPartOf\":{\"@id\":\"https:\\\/\\\/www.hydronix.com\\\/es\\\/#website\"},\"primaryImageOfPage\":{\"@id\":\"https:\\\/\\\/www.hydronix.com\\\/es\\\/sectores\\\/#primaryimage\"},\"image\":{\"@id\":\"https:\\\/\\\/www.hydronix.com\\\/es\\\/sectores\\\/#primaryimage\"},\"thumbnailUrl\":\"https:\\\/\\\/www.hydronix.com\\\/wp-content\\\/uploads\\\/2022\\\/09\\\/Z-industries.jpg\",\"datePublished\":\"2022-09-12T12:51:46+00:00\",\"dateModified\":\"2024-01-19T14:25:13+00:00\",\"description\":\"Muchos sectores se benefician de los sensores Hydronix. Nuestras t\u00e9cnicas digitales de microondas para medici\u00f3n de humedad entregan resultados fiables.\",\"breadcrumb\":{\"@id\":\"https:\\\/\\\/www.hydronix.com\\\/es\\\/sectores\\\/#breadcrumb\"},\"inLanguage\":\"es\",\"potentialAction\":[{\"@type\":\"ReadAction\",\"target\":[\"https:\\\/\\\/www.hydronix.com\\\/es\\\/sectores\\\/\"]}]},{\"@type\":\"ImageObject\",\"inLanguage\":\"es\",\"@id\":\"https:\\\/\\\/www.hydronix.com\\\/es\\\/sectores\\\/#primaryimage\",\"url\":\"https:\\\/\\\/www.hydronix.com\\\/wp-content\\\/uploads\\\/2022\\\/09\\\/Z-industries.jpg\",\"contentUrl\":\"https:\\\/\\\/www.hydronix.com\\\/wp-content\\\/uploads\\\/2022\\\/09\\\/Z-industries.jpg\",\"width\":2000,\"height\":400},{\"@type\":\"BreadcrumbList\",\"@id\":\"https:\\\/\\\/www.hydronix.com\\\/es\\\/sectores\\\/#breadcrumb\",\"itemListElement\":[{\"@type\":\"ListItem\",\"position\":1,\"name\":\"Inicio\",\"item\":\"https:\\\/\\\/www.hydronix.com\\\/es\\\/hydronix\\\/\"},{\"@type\":\"ListItem\",\"position\":2,\"name\":\"Sectores\"}]},{\"@type\":\"WebSite\",\"@id\":\"https:\\\/\\\/www.hydronix.com\\\/es\\\/#website\",\"url\":\"https:\\\/\\\/www.hydronix.com\\\/es\\\/\",\"name\":\"Hydronix\",\"description\":\"Your partner in moisture measurement\",\"potentialAction\":[{\"@type\":\"SearchAction\",\"target\":{\"@type\":\"EntryPoint\",\"urlTemplate\":\"https:\\\/\\\/www.hydronix.com\\\/es\\\/?s={search_term_string}\"},\"query-input\":{\"@type\":\"PropertyValueSpecification\",\"valueRequired\":true,\"valueName\":\"search_term_string\"}}],\"inLanguage\":\"es\"}]}<\/script>\n<!-- \/ Yoast SEO plugin. -->","yoast_head_json":{"title":"Encuentra el sensor de humedad para tu sector | Hydronix","description":"Muchos sectores se benefician de los sensores Hydronix. Nuestras t\u00e9cnicas digitales de microondas para medici\u00f3n de humedad entregan resultados fiables.","robots":{"index":"index","follow":"follow","max-snippet":"max-snippet:-1","max-image-preview":"max-image-preview:large","max-video-preview":"max-video-preview:-1"},"canonical":"https:\/\/www.hydronix.com\/es\/sectores\/","og_locale":"es_ES","og_type":"article","og_title":"Encuentra el sensor de humedad para tu sector | Hydronix","og_description":"Muchos sectores se benefician de los sensores Hydronix. Nuestras t\u00e9cnicas digitales de microondas para medici\u00f3n de humedad entregan resultados fiables.","og_url":"https:\/\/www.hydronix.com\/es\/sectores\/","og_site_name":"Hydronix","article_modified_time":"2024-01-19T14:25:13+00:00","og_image":[{"width":2000,"height":400,"url":"https:\/\/www.hydronix.com\/wp-content\/uploads\/2022\/09\/Z-industries.jpg","type":"image\/jpeg"}],"twitter_card":"summary_large_image","twitter_misc":{"Tiempo de lectura":"1 minuto"},"schema":{"@context":"https:\/\/schema.org","@graph":[{"@type":"WebPage","@id":"https:\/\/www.hydronix.com\/es\/sectores\/","url":"https:\/\/www.hydronix.com\/es\/sectores\/","name":"Encuentra el sensor de humedad para tu sector | Hydronix","isPartOf":{"@id":"https:\/\/www.hydronix.com\/es\/#website"},"primaryImageOfPage":{"@id":"https:\/\/www.hydronix.com\/es\/sectores\/#primaryimage"},"image":{"@id":"https:\/\/www.hydronix.com\/es\/sectores\/#primaryimage"},"thumbnailUrl":"https:\/\/www.hydronix.com\/wp-content\/uploads\/2022\/09\/Z-industries.jpg","datePublished":"2022-09-12T12:51:46+00:00","dateModified":"2024-01-19T14:25:13+00:00","description":"Muchos sectores se benefician de los sensores Hydronix. Nuestras t\u00e9cnicas digitales de microondas para medici\u00f3n de humedad entregan resultados fiables.","breadcrumb":{"@id":"https:\/\/www.hydronix.com\/es\/sectores\/#breadcrumb"},"inLanguage":"es","potentialAction":[{"@type":"ReadAction","target":["https:\/\/www.hydronix.com\/es\/sectores\/"]}]},{"@type":"ImageObject","inLanguage":"es","@id":"https:\/\/www.hydronix.com\/es\/sectores\/#primaryimage","url":"https:\/\/www.hydronix.com\/wp-content\/uploads\/2022\/09\/Z-industries.jpg","contentUrl":"https:\/\/www.hydronix.com\/wp-content\/uploads\/2022\/09\/Z-industries.jpg","width":2000,"height":400},{"@type":"BreadcrumbList","@id":"https:\/\/www.hydronix.com\/es\/sectores\/#breadcrumb","itemListElement":[{"@type":"ListItem","position":1,"name":"Inicio","item":"https:\/\/www.hydronix.com\/es\/hydronix\/"},{"@type":"ListItem","position":2,"name":"Sectores"}]},{"@type":"WebSite","@id":"https:\/\/www.hydronix.com\/es\/#website","url":"https:\/\/www.hydronix.com\/es\/","name":"Hydronix","description":"Your partner in moisture measurement","potentialAction":[{"@type":"SearchAction","target":{"@type":"EntryPoint","urlTemplate":"https:\/\/www.hydronix.com\/es\/?s={search_term_string}"},"query-input":{"@type":"PropertyValueSpecification","valueRequired":true,"valueName":"search_term_string"}}],"inLanguage":"es"}]}},"_links":{"self":[{"href":"https:\/\/www.hydronix.com\/es\/wp-json\/wp\/v2\/pages\/22039","targetHints":{"allow":["GET"]}}],"collection":[{"href":"https:\/\/www.hydronix.com\/es\/wp-json\/wp\/v2\/pages"}],"about":[{"href":"https:\/\/www.hydronix.com\/es\/wp-json\/wp\/v2\/types\/page"}],"author":[{"embeddable":true,"href":"https:\/\/www.hydronix.com\/es\/wp-json\/wp\/v2\/users\/1"}],"replies":[{"embeddable":true,"href":"https:\/\/www.hydronix.com\/es\/wp-json\/wp\/v2\/comments?post=22039"}],"version-history":[{"count":0,"href":"https:\/\/www.hydronix.com\/es\/wp-json\/wp\/v2\/pages\/22039\/revisions"}],"wp:featuredmedia":[{"embeddable":true,"href":"https:\/\/www.hydronix.com\/es\/wp-json\/wp\/v2\/media\/15930"}],"wp:attachment":[{"href":"https:\/\/www.hydronix.com\/es\/wp-json\/wp\/v2\/media?parent=22039"}],"wp:term":[{"taxonomy":"industries","embeddable":true,"href":"https:\/\/www.hydronix.com\/es\/wp-json\/wp\/v2\/industries?post=22039"},{"taxonomy":"process","embeddable":true,"href":"https:\/\/www.hydronix.com\/es\/wp-json\/wp\/v2\/process?post=22039"}],"curies":[{"name":"wp","href":"https:\/\/api.w.org\/{rel}","templated":true}]}}