{"id":22034,"date":"2022-09-12T12:44:19","date_gmt":"2022-09-12T12:44:19","guid":{"rendered":"https:\/\/hydronix.chilliservers.co.uk\/acerca-de-hydronix\/contacto\/"},"modified":"2023-07-12T18:35:59","modified_gmt":"2023-07-12T18:35:59","slug":"contacto","status":"publish","type":"page","link":"https:\/\/www.hydronix.com\/es\/acerca-de-hydronix\/contacto\/","title":{"rendered":"Contacto"},"content":{"rendered":"    <div class=\"container-xl\">\n\t\t\n<p>Para m\u00e1s informaci\u00f3n, p\u00f3ngase en contacto con nosotros a trav\u00e9s del formulario de la derecha. Su oficina local o el distribuidor Hydronix m\u00e1s cercano se pondr\u00e1 en contacto con usted lo antes posible. Si prefiere escribirnos o mandarnos un correo electr\u00f3nico, encontrar\u00e1 toda la informaci\u00f3n a continuaci\u00f3n.<\/p>\n    <\/div>\n        <div class=\"container-xl\">\n\t\t\n<p>Hydronix se toma muy en serio la protecci\u00f3n de datos y solo usar\u00e1 sus datos para responder a sus solicitudes de informaci\u00f3n o asistencia. Podr\u00e1 consultar m\u00e1s detalles sobre los datos que recogemos y c\u00f3mo los guardamos y tratamos en la <a href=\"https:\/\/www.hydronix.com\/es\/politica-de-privacidad\/\">Pol\u00edtica de privacidad y de protecci\u00f3n de datos personales de Hydronix<\/a>.<\/p>\n    <\/div>\n    ","protected":false},"excerpt":{"rendered":"<p>Para m\u00e1s informaci\u00f3n, p\u00f3ngase en contacto con nosotros a trav\u00e9s del formulario de la derecha. Su oficina local o el distribuidor Hydronix m\u00e1s cercano se pondr\u00e1 en contacto con usted lo antes posible. Si prefiere escribirnos o mandarnos un correo electr\u00f3nico, encontrar\u00e1 toda la informaci\u00f3n a continuaci\u00f3n. Hydronix se toma muy en serio la protecci\u00f3n [&#8230;]<\/p>\n<p><a class=\"btn btn-secondary understrap-read-more-link\" href=\"https:\/\/www.hydronix.com\/es\/acerca-de-hydronix\/contacto\/\">Leer m\u00e1s&#8230;<span class=\"screen-reader-text\"> from Contacto<\/span><\/a><\/p>\n","protected":false},"author":1,"featured_media":0,"parent":22032,"menu_order":438,"comment_status":"closed","ping_status":"closed","template":"page-templates\/contact-us.php","meta":{"_acf_changed":false,"content-type":"","inline_featured_image":false,"footnotes":""},"industries":[],"process":[],"class_list":["post-22034","page","type-page","status-publish","hentry"],"acf":[],"yoast_head":"<!-- This site is optimized with the Yoast SEO plugin v27.1.1 - https:\/\/yoast.com\/product\/yoast-seo-wordpress\/ -->\n<title>Contacto - Hydronix<\/title>\n<meta name=\"robots\" content=\"index, follow, max-snippet:-1, max-image-preview:large, max-video-preview:-1\" \/>\n<link rel=\"canonical\" href=\"https:\/\/www.hydronix.com\/es\/acerca-de-hydronix\/contacto\/\" \/>\n<meta property=\"og:locale\" content=\"es_ES\" \/>\n<meta property=\"og:type\" content=\"article\" \/>\n<meta property=\"og:title\" content=\"Contacto - Hydronix\" \/>\n<meta property=\"og:description\" content=\"Para m\u00e1s informaci\u00f3n, p\u00f3ngase en contacto con nosotros a trav\u00e9s del formulario de la derecha. Su oficina local o el distribuidor Hydronix m\u00e1s cercano se pondr\u00e1 en contacto con usted lo antes posible. Si prefiere escribirnos o mandarnos un correo electr\u00f3nico, encontrar\u00e1 toda la informaci\u00f3n a continuaci\u00f3n. Hydronix se toma muy en serio la protecci\u00f3n [...]Leer m\u00e1s... from Contacto\" \/>\n<meta property=\"og:url\" content=\"https:\/\/www.hydronix.com\/es\/acerca-de-hydronix\/contacto\/\" \/>\n<meta property=\"og:site_name\" content=\"Hydronix\" \/>\n<meta property=\"article:modified_time\" content=\"2023-07-12T18:35:59+00:00\" \/>\n<meta name=\"twitter:card\" content=\"summary_large_image\" \/>\n<meta name=\"twitter:label1\" content=\"Tiempo de lectura\" \/>\n\t<meta name=\"twitter:data1\" content=\"1 minuto\" \/>\n<script type=\"application\/ld+json\" class=\"yoast-schema-graph\">{\"@context\":\"https:\/\/schema.org\",\"@graph\":[{\"@type\":\"WebPage\",\"@id\":\"https:\/\/www.hydronix.com\/es\/acerca-de-hydronix\/contacto\/\",\"url\":\"https:\/\/www.hydronix.com\/es\/acerca-de-hydronix\/contacto\/\",\"name\":\"Contacto - Hydronix\",\"isPartOf\":{\"@id\":\"https:\/\/www.hydronix.com\/es\/#website\"},\"datePublished\":\"2022-09-12T12:44:19+00:00\",\"dateModified\":\"2023-07-12T18:35:59+00:00\",\"breadcrumb\":{\"@id\":\"https:\/\/www.hydronix.com\/es\/acerca-de-hydronix\/contacto\/#breadcrumb\"},\"inLanguage\":\"es\",\"potentialAction\":[{\"@type\":\"ReadAction\",\"target\":[\"https:\/\/www.hydronix.com\/es\/acerca-de-hydronix\/contacto\/\"]}]},{\"@type\":\"BreadcrumbList\",\"@id\":\"https:\/\/www.hydronix.com\/es\/acerca-de-hydronix\/contacto\/#breadcrumb\",\"itemListElement\":[{\"@type\":\"ListItem\",\"position\":1,\"name\":\"Inicio\",\"item\":\"https:\/\/www.hydronix.com\/es\/\"},{\"@type\":\"ListItem\",\"position\":2,\"name\":\"Acerca de Hydronix\",\"item\":\"https:\/\/www.hydronix.com\/es\/acerca-de-hydronix\/\"},{\"@type\":\"ListItem\",\"position\":3,\"name\":\"Contacto\"}]},{\"@type\":\"WebSite\",\"@id\":\"https:\/\/www.hydronix.com\/es\/#website\",\"url\":\"https:\/\/www.hydronix.com\/es\/\",\"name\":\"Hydronix\",\"description\":\"Your partner in moisture measurement\",\"potentialAction\":[{\"@type\":\"SearchAction\",\"target\":{\"@type\":\"EntryPoint\",\"urlTemplate\":\"https:\/\/www.hydronix.com\/es\/?s={search_term_string}\"},\"query-input\":{\"@type\":\"PropertyValueSpecification\",\"valueRequired\":true,\"valueName\":\"search_term_string\"}}],\"inLanguage\":\"es\"}]}<\/script>\n<!-- \/ Yoast SEO plugin. -->","yoast_head_json":{"title":"Contacto - Hydronix","robots":{"index":"index","follow":"follow","max-snippet":"max-snippet:-1","max-image-preview":"max-image-preview:large","max-video-preview":"max-video-preview:-1"},"canonical":"https:\/\/www.hydronix.com\/es\/acerca-de-hydronix\/contacto\/","og_locale":"es_ES","og_type":"article","og_title":"Contacto - Hydronix","og_description":"Para m\u00e1s informaci\u00f3n, p\u00f3ngase en contacto con nosotros a trav\u00e9s del formulario de la derecha. Su oficina local o el distribuidor Hydronix m\u00e1s cercano se pondr\u00e1 en contacto con usted lo antes posible. Si prefiere escribirnos o mandarnos un correo electr\u00f3nico, encontrar\u00e1 toda la informaci\u00f3n a continuaci\u00f3n. Hydronix se toma muy en serio la protecci\u00f3n [...]Leer m\u00e1s... from Contacto","og_url":"https:\/\/www.hydronix.com\/es\/acerca-de-hydronix\/contacto\/","og_site_name":"Hydronix","article_modified_time":"2023-07-12T18:35:59+00:00","twitter_card":"summary_large_image","twitter_misc":{"Tiempo de lectura":"1 minuto"},"schema":{"@context":"https:\/\/schema.org","@graph":[{"@type":"WebPage","@id":"https:\/\/www.hydronix.com\/es\/acerca-de-hydronix\/contacto\/","url":"https:\/\/www.hydronix.com\/es\/acerca-de-hydronix\/contacto\/","name":"Contacto - Hydronix","isPartOf":{"@id":"https:\/\/www.hydronix.com\/es\/#website"},"datePublished":"2022-09-12T12:44:19+00:00","dateModified":"2023-07-12T18:35:59+00:00","breadcrumb":{"@id":"https:\/\/www.hydronix.com\/es\/acerca-de-hydronix\/contacto\/#breadcrumb"},"inLanguage":"es","potentialAction":[{"@type":"ReadAction","target":["https:\/\/www.hydronix.com\/es\/acerca-de-hydronix\/contacto\/"]}]},{"@type":"BreadcrumbList","@id":"https:\/\/www.hydronix.com\/es\/acerca-de-hydronix\/contacto\/#breadcrumb","itemListElement":[{"@type":"ListItem","position":1,"name":"Inicio","item":"https:\/\/www.hydronix.com\/es\/"},{"@type":"ListItem","position":2,"name":"Acerca de Hydronix","item":"https:\/\/www.hydronix.com\/es\/acerca-de-hydronix\/"},{"@type":"ListItem","position":3,"name":"Contacto"}]},{"@type":"WebSite","@id":"https:\/\/www.hydronix.com\/es\/#website","url":"https:\/\/www.hydronix.com\/es\/","name":"Hydronix","description":"Your partner in moisture measurement","potentialAction":[{"@type":"SearchAction","target":{"@type":"EntryPoint","urlTemplate":"https:\/\/www.hydronix.com\/es\/?s={search_term_string}"},"query-input":{"@type":"PropertyValueSpecification","valueRequired":true,"valueName":"search_term_string"}}],"inLanguage":"es"}]}},"_links":{"self":[{"href":"https:\/\/www.hydronix.com\/es\/wp-json\/wp\/v2\/pages\/22034","targetHints":{"allow":["GET"]}}],"collection":[{"href":"https:\/\/www.hydronix.com\/es\/wp-json\/wp\/v2\/pages"}],"about":[{"href":"https:\/\/www.hydronix.com\/es\/wp-json\/wp\/v2\/types\/page"}],"author":[{"embeddable":true,"href":"https:\/\/www.hydronix.com\/es\/wp-json\/wp\/v2\/users\/1"}],"replies":[{"embeddable":true,"href":"https:\/\/www.hydronix.com\/es\/wp-json\/wp\/v2\/comments?post=22034"}],"version-history":[{"count":0,"href":"https:\/\/www.hydronix.com\/es\/wp-json\/wp\/v2\/pages\/22034\/revisions"}],"up":[{"embeddable":true,"href":"https:\/\/www.hydronix.com\/es\/wp-json\/wp\/v2\/pages\/22032"}],"wp:attachment":[{"href":"https:\/\/www.hydronix.com\/es\/wp-json\/wp\/v2\/media?parent=22034"}],"wp:term":[{"taxonomy":"industries","embeddable":true,"href":"https:\/\/www.hydronix.com\/es\/wp-json\/wp\/v2\/industries?post=22034"},{"taxonomy":"process","embeddable":true,"href":"https:\/\/www.hydronix.com\/es\/wp-json\/wp\/v2\/process?post=22034"}],"curies":[{"name":"wp","href":"https:\/\/api.w.org\/{rel}","templated":true}]}}