{"id":22032,"date":"2022-09-12T12:44:01","date_gmt":"2022-09-12T12:44:01","guid":{"rendered":"https:\/\/hydronix.chilliservers.co.uk\/acerca-de-hydronix\/"},"modified":"2023-07-28T07:23:52","modified_gmt":"2023-07-28T07:23:52","slug":"acerca-de-hydronix","status":"publish","type":"page","link":"https:\/\/www.hydronix.com\/es\/acerca-de-hydronix\/","title":{"rendered":"Acerca de Hydronix"},"content":{"rendered":"    \n<!-- hero_short -->\n<section class=\"short_hero d-flex py-5\" style=\"background-image:url(https:\/\/www.hydronix.com\/wp-content\/uploads\/2022\/11\/about-hero.jpg)\">\n    <div class=\"overlay\"><\/div>\n    <div class=\"container-xl my-auto\">\n        <div class=\"row\">\n            <div class=\"col-lg-5 hero__content\">\n                <h1>Acerca de Hydronix<\/h1>\n            <\/div>\n        <\/div>\n    <\/div>\n<\/section>\n<!--section class=\"sub_page_title py-1 mb-4\">\n    <div class=\"container-xl\">\n        <p id=\"breadcrumbs\"><span><span><a href=\"https:\/\/www.hydronix.com\/es\/\">Inicio<\/a><\/span><\/span><\/p>    <\/div>\n<\/section-->\n\n\n<!-- text_video -->\n<section class=\"text_video  py-5\">\n    <div class=\"container-xl\">\n        <div class=\"row\">\n            <div class=\"col-lg-5 text_video__content order-1 order-lg-1 mb-4 mb-lg-0 pt-5 py-md-5\">\n                <h2>Nuestra historia<\/h2>                <div class=\"content mb-4\"><p>Fundada en 1982, Hydronix est\u00e1 especializada en la investigaci\u00f3n, el desarrollo y la fabricaci\u00f3n de sistemas digitales de medici\u00f3n de humedad por microondas.<\/p>\n<p>Como empresa familiar, en Hydronix nos sentimos orgullosos de ofrecer a nuestros clientes una atenci\u00f3n personalizada y de calidad, ya sea de forma directa o a trav\u00e9s de una red de distribuidores por todo el mundo. Todos nuestros socios cuentan con una amplia experiencia y est\u00e1n totalmente formados en todos los aspectos relativos a nuestros equipamientos, incluida la instalaci\u00f3n, formaci\u00f3n y asistencia t\u00e9cnica.<\/p>\n<\/div>\n                            <\/div>\n            <div class=\"col-lg-7 mb-4 mb-lg-0 d-flex order-2 order-lg-2\">\n                <div class=\"video__container w-100 my-auto\" style=\"background-color:#1a1a1a\">\n                                        <div class=\"ratio ratio-16x9 mx-auto\">\n                                                <iframe src=\"https:\/\/player.vimeo.com\/video\/726652705?byline=0&#038;portrait=0\" allow=\"autoplay; fullscreen; picture-in-picture\" webkitallowfullscreen mozallowfullscreen allowfullscreen><\/iframe>\n                                                <\/div>\n                    <!-- <lite-vimeo videoid=\"726652705\" style=\"background-image:url('');\"><\/lite-vimeo> -->\n                <\/div>\n            <\/div>\n        <\/div>\n    <\/div>\n<\/section>\n<!-- <script type=module src=\"https:\/\/cdn.jsdelivr.net\/npm\/@slightlyoff\/lite-vimeo@0.1.1\/lite-vimeo.js\"><\/script> -->\n\n    <div class=\"container-xl pt-4\" id=\"hydronix-se-basa-en-cuatro-valores-fundamentales\">\n        \n<h2 class=\"wp-block-heading has-text-align-center break-out mb-0 has-background\" style=\"background-color:#e9e9e9\">Hydronix se basa en cuatro valores fundamentales:<\/h2>\n    <\/div>\n    \n\n    \n<!-- text_image -->\n<section class=\"text_image py-5 bg--grey \">\n  <div class=\"container-xl\">\n    <div class=\"row\">\n      <div class=\"col-lg-8 text_image__content my-auto order-2 order-lg-1\">\n        \n        <div class=\"content\"><style>.text_image__image img { max-width: 300px; }<\/style>\n<h3>1. Compromiso con la excelencia<\/h3>\n<p>Nuestro compromiso con la excelencia y la calidad abarca todos los aspectos de nuestra actividad.<\/p>\n<p>Los productos Hydronix est\u00e1n dise\u00f1ados para los entornos m\u00e1s duros y fabricados para durar muchos a\u00f1os.<\/p>\n<p>Cada sensor es preciso, fiable y duradero, as\u00ed como proporciona resultados repetibles y coherentes para su producto final.<\/p>\n<p>Nuestro compromiso con la excelencia proviene de nuestro personal y nuestros socios, a quienes les apasiona ofrecerle la mejor experiencia posible.<\/p>\n<\/div>\n\n              <\/div>\n\n      <div class=\"col-lg-4 text_image__image text-center my-auto order-1 order-lg-2\">\n        <img decoding=\"async\" src=\"https:\/\/www.hydronix.com\/wp-content\/uploads\/2022\/09\/icon-climb.svg\"\n             class=\"img-fluid w-50 w-md-75 mb-4\" alt=\"\">\n      <\/div>\n    <\/div>\n  <\/div>\n<\/section>\n\n    \n<!-- text_image -->\n<section class=\"text_image py-5 bg--light \">\n  <div class=\"container-xl\">\n    <div class=\"row\">\n      <div class=\"col-lg-8 text_image__content my-auto order-2 order-lg-2\">\n        \n        <div class=\"content\"><h3>2. Innovaci\u00f3n<\/h3>\n<p>Hydronix introdujo los primeros sensores de humedad por microondas en la industria del hormig\u00f3n en 1982.<\/p>\n<p>El experimentado equipo de investigaci\u00f3n y desarrollo, con sede en Reino Unido, se centra en adoptar continuamente las \u00faltimas tecnolog\u00edas para, as\u00ed, garantizar que nuestros productos sigan siendo innovadores y mantengan su liderazgo en el mercado.<\/p>\n<\/div>\n\n              <\/div>\n\n      <div class=\"col-lg-4 text_image__image text-center my-auto order-1 order-lg-1\">\n        <img decoding=\"async\" src=\"https:\/\/www.hydronix.com\/wp-content\/uploads\/2022\/09\/icon-innovation.svg\"\n             class=\"img-fluid w-50 w-md-75 mb-4\" alt=\"\">\n      <\/div>\n    <\/div>\n  <\/div>\n<\/section>\n\n    \n<!-- text_image -->\n<section class=\"text_image py-5 bg--grey \">\n  <div class=\"container-xl\">\n    <div class=\"row\">\n      <div class=\"col-lg-8 text_image__content my-auto order-2 order-lg-1\">\n        \n        <div class=\"content\"><h3>3. Red mundial de expertos<\/h3>\n<p>Est\u00e1 en buenas manos. Hydronix se compromete a ofrecer un servicio excelente a trav\u00e9s de nuestra red mundial de socios expertos.<\/p>\n<p>Hemos seguido con nuestra cimentada tradici\u00f3n. La familia Hydronix sigue creciendo a trav\u00e9s de relaciones a largo plazo con nuestra amplia red de distribuidores, incluidos los principales fabricantes de equipos originales de todo el mundo e integradores de sistemas locales que pueden ayudarle en su propio idioma.<\/p>\n<\/div>\n\n              <\/div>\n\n      <div class=\"col-lg-4 text_image__image text-center my-auto order-1 order-lg-2\">\n        <img decoding=\"async\" src=\"https:\/\/www.hydronix.com\/wp-content\/uploads\/2022\/09\/icon-worldwide.svg\"\n             class=\"img-fluid w-50 w-md-75 mb-4\" alt=\"\">\n      <\/div>\n    <\/div>\n  <\/div>\n<\/section>\n\n    \n<!-- text_image -->\n<section class=\"text_image py-5 bg--light \">\n  <div class=\"container-xl\">\n    <div class=\"row\">\n      <div class=\"col-lg-8 text_image__content my-auto order-2 order-lg-2\">\n        \n        <div class=\"content\"><h3>4. Investigaci\u00f3n y tecnolog\u00eda<\/h3>\n<p>Los sensores Hydronix se basan en nuestra exclusiva tecnolog\u00eda de medici\u00f3n digital, que perfeccionamos continuamente para ofrecer la m\u00e1xima precisi\u00f3n y estabilidad.<\/p>\n<p>Hydronix utiliza un dise\u00f1o de sistema a medida para medir con la frecuencia m\u00e1s adecuada y, as\u00ed, detectar cambios en el nivel de humedad.<\/p>\n<p>Nuestros sensores se basan en la \u00faltima tecnolog\u00eda de microprocesadores y son totalmente configurables mediante el <a href=\"https:\/\/www.hydronix.com\/es\/productos\/hydro-com\/\">software Hydro-Com<\/a>.<\/p>\n<\/div>\n\n              <\/div>\n\n      <div class=\"col-lg-4 text_image__image text-center my-auto order-1 order-lg-1\">\n        <img decoding=\"async\" src=\"https:\/\/www.hydronix.com\/wp-content\/uploads\/2022\/09\/icon-technology.svg\"\n             class=\"img-fluid w-50 w-md-75 mb-4\" alt=\"\">\n      <\/div>\n    <\/div>\n  <\/div>\n<\/section>\n\n<!-- latest -->\n<section class=\"latest\">\n    <div class=\"latest__heading py-4\">\n        <div class=\"container-xl\">\n            <h2>\u00daltimas noticias, blogs y eventos<\/h2>\n        <\/div>\n    <\/div>\n    <div class=\"container py-5\">\n        <div class=\"row g-5\">\n            <div class=\"col-lg-7\">\n                <h2 class=\"mb-4\">\u00daltimas noticias y blogs<\/h2>\n                                <a href=\"https:\/\/www.hydronix.com\/es\/resources\/blogs\/relative-vs-absolute-values-for-control\/\" class=\"latest__item mb-4\">\n                    <div class=\"row mb-4\">\n                        <div class=\"col-md-8\">\n                            <div class=\"latest__title\">Precision Without Complexity: The Power of Relative Values for Control<\/div>\n                            <div class=\"latest__date\">2 diciembre 2025<\/div>\n                            <div class=\"latest__intro\">Introduction Modern industrial processing relies heavily on automation. Moisture is one of the most influential&hellip;<\/div>\n                        <\/div>\n                        <div class=\"col-md-4 text-center\">\n                            <img decoding=\"async\" src=\"https:\/\/www.hydronix.com\/wp-content\/smush-webp\/2025\/12\/iStock-1330811086_water-droplets-small-300x177.png.webp \" alt=\"\" class=\"latest__image\">\n                        <\/div>\n                    <\/div>\n                <\/a>\n                                <a href=\"https:\/\/www.hydronix.com\/es\/resources\/blogs\/last-order-date-for-2025-delivery\/\" class=\"latest__item mb-4\">\n                    <div class=\"row mb-4\">\n                        <div class=\"col-md-8\">\n                            <div class=\"latest__title\">Last Order Date for 2025 Delivery<\/div>\n                            <div class=\"latest__date\">24 noviembre 2025<\/div>\n                            <div class=\"latest__intro\">To ensure delivery before the end of the year, please note the following order and&hellip;<\/div>\n                        <\/div>\n                        <div class=\"col-md-4 text-center\">\n                            <img decoding=\"async\" src=\"https:\/\/www.hydronix.com\/wp-content\/smush-webp\/2025\/11\/iStock-2226629156-HappyHolidays-adjusted2-300x109.png.webp \" alt=\"\" class=\"latest__image\">\n                        <\/div>\n                    <\/div>\n                <\/a>\n                                <div>\n                    <a href=\"\/es\/resources\/\" class=\"mx-auto btn btn--orange\">Centro de recursos de Hydronix<\/a>\n                <\/div>\n            <\/div>\n            <div class=\"col-lg-5\">\n                <h2 class=\"mb-4\">Pr\u00f3ximos eventos<\/h2>\n                                <a href=\"https:\/\/www.hydronix.com\/es\/recursos\/eventos\/victam-international-2026\/\" class=\"evt__item mb-4\">\n                    <div class=\"row evt mx-0\">\n                        <div class=\"col-md-4 px-0\"><div class=\"evt__edate evt__edate--organic\">2 junio, 2026<\/div><\/div>\n                        <div class=\"col-md-8 py-2 evt__detail\">\n                            <div class=\"evt__title\">Victam International 2026<\/div>\n                            <div class=\"evt__loca\">Jaarbeurs, Utrecht, The Netherlands<\/div>\n                        <\/div>\n                    <\/div>\n                <\/a>\n                                <a href=\"https:\/\/www.hydronix.com\/es\/recursos\/eventos\/bauma-conexpo-india-2026\/\" class=\"evt__item mb-4\">\n                    <div class=\"row evt mx-0\">\n                        <div class=\"col-md-4 px-0\"><div class=\"evt__edate evt__edate--concrete\">15 septiembre, 2026<\/div><\/div>\n                        <div class=\"col-md-8 py-2 evt__detail\">\n                            <div class=\"evt__title\">bauma CONEXPO India 2026<\/div>\n                            <div class=\"evt__loca\">India Expo Centre, Greater Noida | India<\/div>\n                        <\/div>\n                    <\/div>\n                <\/a>\n                                <a href=\"https:\/\/www.hydronix.com\/es\/recursos\/eventos\/sim-chalons-en-champagne\/\" class=\"evt__item mb-4\">\n                    <div class=\"row evt mx-0\">\n                        <div class=\"col-md-4 px-0\"><div class=\"evt__edate evt__edate--concrete\">7 octubre, 2026<\/div><\/div>\n                        <div class=\"col-md-8 py-2 evt__detail\">\n                            <div class=\"evt__title\">SIM Ch\u00e2lons-en-Champagne<\/div>\n                            <div class=\"evt__loca\">Parc des Expositions, Ch\u00e2lons-en-Champagne | France<\/div>\n                        <\/div>\n                    <\/div>\n                <\/a>\n                                <a href=\"https:\/\/www.hydronix.com\/es\/recursos\/eventos\/vractech-douai-2026\/\" class=\"evt__item mb-4\">\n                    <div class=\"row evt mx-0\">\n                        <div class=\"col-md-4 px-0\"><div class=\"evt__edate evt__edate--organic\">17 noviembre, 2026<\/div><\/div>\n                        <div class=\"col-md-8 py-2 evt__detail\">\n                            <div class=\"evt__title\">VracTech Douai 2026<\/div>\n                            <div class=\"evt__loca\">Douai | France<\/div>\n                        <\/div>\n                    <\/div>\n                <\/a>\n                                <div>\n                    <a href=\"\/es\/recursos\/eventos\/\" class=\"mx-auto btn btn--orange\">Todos los eventos<\/a>\n                <\/div>\n            <\/div>\n        <\/div>\n    <\/div>\n<\/section>","protected":false},"excerpt":{"rendered":"<p>Hydronix se basa en cuatro valores fundamentales: [&#8230;]<\/p>\n<p><a class=\"btn btn-secondary understrap-read-more-link\" href=\"https:\/\/www.hydronix.com\/es\/acerca-de-hydronix\/\">Leer m\u00e1s&#8230;<span class=\"screen-reader-text\"> from Acerca de Hydronix<\/span><\/a><\/p>\n","protected":false},"author":1,"featured_media":18284,"parent":0,"menu_order":430,"comment_status":"closed","ping_status":"closed","template":"","meta":{"_acf_changed":false,"content-type":"","inline_featured_image":false,"footnotes":""},"industries":[],"process":[],"class_list":["post-22032","page","type-page","status-publish","has-post-thumbnail","hentry"],"acf":[],"yoast_head":"<!-- This site is optimized with the Yoast SEO plugin v27.1.1 - https:\/\/yoast.com\/product\/yoast-seo-wordpress\/ -->\n<title>Acerca de Hydronix - Hydronix<\/title>\n<meta name=\"robots\" content=\"index, follow, max-snippet:-1, max-image-preview:large, max-video-preview:-1\" \/>\n<link rel=\"canonical\" href=\"https:\/\/www.hydronix.com\/es\/acerca-de-hydronix\/\" \/>\n<meta property=\"og:locale\" content=\"es_ES\" \/>\n<meta property=\"og:type\" content=\"article\" \/>\n<meta property=\"og:title\" content=\"Acerca de Hydronix - Hydronix\" \/>\n<meta property=\"og:description\" content=\"Hydronix se basa en cuatro valores fundamentales: [...]Leer m\u00e1s... from Acerca de Hydronix\" \/>\n<meta property=\"og:url\" content=\"https:\/\/www.hydronix.com\/es\/acerca-de-hydronix\/\" \/>\n<meta property=\"og:site_name\" content=\"Hydronix\" \/>\n<meta property=\"article:modified_time\" content=\"2023-07-28T07:23:52+00:00\" \/>\n<meta property=\"og:image\" content=\"https:\/\/www.hydronix.com\/wp-content\/uploads\/2022\/11\/about-hero.jpg\" \/>\n\t<meta property=\"og:image:width\" content=\"1423\" \/>\n\t<meta property=\"og:image:height\" content=\"522\" \/>\n\t<meta property=\"og:image:type\" content=\"image\/jpeg\" \/>\n<meta name=\"twitter:card\" content=\"summary_large_image\" \/>\n<meta name=\"twitter:label1\" content=\"Tiempo de lectura\" \/>\n\t<meta name=\"twitter:data1\" content=\"1 minuto\" \/>\n<script type=\"application\/ld+json\" class=\"yoast-schema-graph\">{\"@context\":\"https:\/\/schema.org\",\"@graph\":[{\"@type\":\"WebPage\",\"@id\":\"https:\/\/www.hydronix.com\/es\/acerca-de-hydronix\/\",\"url\":\"https:\/\/www.hydronix.com\/es\/acerca-de-hydronix\/\",\"name\":\"Acerca de Hydronix - Hydronix\",\"isPartOf\":{\"@id\":\"https:\/\/www.hydronix.com\/es\/#website\"},\"primaryImageOfPage\":{\"@id\":\"https:\/\/www.hydronix.com\/es\/acerca-de-hydronix\/#primaryimage\"},\"image\":{\"@id\":\"https:\/\/www.hydronix.com\/es\/acerca-de-hydronix\/#primaryimage\"},\"thumbnailUrl\":\"https:\/\/www.hydronix.com\/wp-content\/uploads\/2022\/11\/about-hero.jpg\",\"datePublished\":\"2022-09-12T12:44:01+00:00\",\"dateModified\":\"2023-07-28T07:23:52+00:00\",\"breadcrumb\":{\"@id\":\"https:\/\/www.hydronix.com\/es\/acerca-de-hydronix\/#breadcrumb\"},\"inLanguage\":\"es\",\"potentialAction\":[{\"@type\":\"ReadAction\",\"target\":[\"https:\/\/www.hydronix.com\/es\/acerca-de-hydronix\/\"]}]},{\"@type\":\"ImageObject\",\"inLanguage\":\"es\",\"@id\":\"https:\/\/www.hydronix.com\/es\/acerca-de-hydronix\/#primaryimage\",\"url\":\"https:\/\/www.hydronix.com\/wp-content\/uploads\/2022\/11\/about-hero.jpg\",\"contentUrl\":\"https:\/\/www.hydronix.com\/wp-content\/uploads\/2022\/11\/about-hero.jpg\",\"width\":1423,\"height\":522},{\"@type\":\"BreadcrumbList\",\"@id\":\"https:\/\/www.hydronix.com\/es\/acerca-de-hydronix\/#breadcrumb\",\"itemListElement\":[{\"@type\":\"ListItem\",\"position\":1,\"name\":\"Inicio\",\"item\":\"https:\/\/www.hydronix.com\/es\/\"},{\"@type\":\"ListItem\",\"position\":2,\"name\":\"Acerca de Hydronix\"}]},{\"@type\":\"WebSite\",\"@id\":\"https:\/\/www.hydronix.com\/es\/#website\",\"url\":\"https:\/\/www.hydronix.com\/es\/\",\"name\":\"Hydronix\",\"description\":\"Your partner in moisture measurement\",\"potentialAction\":[{\"@type\":\"SearchAction\",\"target\":{\"@type\":\"EntryPoint\",\"urlTemplate\":\"https:\/\/www.hydronix.com\/es\/?s={search_term_string}\"},\"query-input\":{\"@type\":\"PropertyValueSpecification\",\"valueRequired\":true,\"valueName\":\"search_term_string\"}}],\"inLanguage\":\"es\"}]}<\/script>\n<!-- \/ Yoast SEO plugin. -->","yoast_head_json":{"title":"Acerca de Hydronix - Hydronix","robots":{"index":"index","follow":"follow","max-snippet":"max-snippet:-1","max-image-preview":"max-image-preview:large","max-video-preview":"max-video-preview:-1"},"canonical":"https:\/\/www.hydronix.com\/es\/acerca-de-hydronix\/","og_locale":"es_ES","og_type":"article","og_title":"Acerca de Hydronix - Hydronix","og_description":"Hydronix se basa en cuatro valores fundamentales: [...]Leer m\u00e1s... from Acerca de Hydronix","og_url":"https:\/\/www.hydronix.com\/es\/acerca-de-hydronix\/","og_site_name":"Hydronix","article_modified_time":"2023-07-28T07:23:52+00:00","og_image":[{"width":1423,"height":522,"url":"https:\/\/www.hydronix.com\/wp-content\/uploads\/2022\/11\/about-hero.jpg","type":"image\/jpeg"}],"twitter_card":"summary_large_image","twitter_misc":{"Tiempo de lectura":"1 minuto"},"schema":{"@context":"https:\/\/schema.org","@graph":[{"@type":"WebPage","@id":"https:\/\/www.hydronix.com\/es\/acerca-de-hydronix\/","url":"https:\/\/www.hydronix.com\/es\/acerca-de-hydronix\/","name":"Acerca de Hydronix - Hydronix","isPartOf":{"@id":"https:\/\/www.hydronix.com\/es\/#website"},"primaryImageOfPage":{"@id":"https:\/\/www.hydronix.com\/es\/acerca-de-hydronix\/#primaryimage"},"image":{"@id":"https:\/\/www.hydronix.com\/es\/acerca-de-hydronix\/#primaryimage"},"thumbnailUrl":"https:\/\/www.hydronix.com\/wp-content\/uploads\/2022\/11\/about-hero.jpg","datePublished":"2022-09-12T12:44:01+00:00","dateModified":"2023-07-28T07:23:52+00:00","breadcrumb":{"@id":"https:\/\/www.hydronix.com\/es\/acerca-de-hydronix\/#breadcrumb"},"inLanguage":"es","potentialAction":[{"@type":"ReadAction","target":["https:\/\/www.hydronix.com\/es\/acerca-de-hydronix\/"]}]},{"@type":"ImageObject","inLanguage":"es","@id":"https:\/\/www.hydronix.com\/es\/acerca-de-hydronix\/#primaryimage","url":"https:\/\/www.hydronix.com\/wp-content\/uploads\/2022\/11\/about-hero.jpg","contentUrl":"https:\/\/www.hydronix.com\/wp-content\/uploads\/2022\/11\/about-hero.jpg","width":1423,"height":522},{"@type":"BreadcrumbList","@id":"https:\/\/www.hydronix.com\/es\/acerca-de-hydronix\/#breadcrumb","itemListElement":[{"@type":"ListItem","position":1,"name":"Inicio","item":"https:\/\/www.hydronix.com\/es\/"},{"@type":"ListItem","position":2,"name":"Acerca de Hydronix"}]},{"@type":"WebSite","@id":"https:\/\/www.hydronix.com\/es\/#website","url":"https:\/\/www.hydronix.com\/es\/","name":"Hydronix","description":"Your partner in moisture measurement","potentialAction":[{"@type":"SearchAction","target":{"@type":"EntryPoint","urlTemplate":"https:\/\/www.hydronix.com\/es\/?s={search_term_string}"},"query-input":{"@type":"PropertyValueSpecification","valueRequired":true,"valueName":"search_term_string"}}],"inLanguage":"es"}]}},"_links":{"self":[{"href":"https:\/\/www.hydronix.com\/es\/wp-json\/wp\/v2\/pages\/22032","targetHints":{"allow":["GET"]}}],"collection":[{"href":"https:\/\/www.hydronix.com\/es\/wp-json\/wp\/v2\/pages"}],"about":[{"href":"https:\/\/www.hydronix.com\/es\/wp-json\/wp\/v2\/types\/page"}],"author":[{"embeddable":true,"href":"https:\/\/www.hydronix.com\/es\/wp-json\/wp\/v2\/users\/1"}],"replies":[{"embeddable":true,"href":"https:\/\/www.hydronix.com\/es\/wp-json\/wp\/v2\/comments?post=22032"}],"version-history":[{"count":0,"href":"https:\/\/www.hydronix.com\/es\/wp-json\/wp\/v2\/pages\/22032\/revisions"}],"wp:featuredmedia":[{"embeddable":true,"href":"https:\/\/www.hydronix.com\/es\/wp-json\/wp\/v2\/media\/18284"}],"wp:attachment":[{"href":"https:\/\/www.hydronix.com\/es\/wp-json\/wp\/v2\/media?parent=22032"}],"wp:term":[{"taxonomy":"industries","embeddable":true,"href":"https:\/\/www.hydronix.com\/es\/wp-json\/wp\/v2\/industries?post=22032"},{"taxonomy":"process","embeddable":true,"href":"https:\/\/www.hydronix.com\/es\/wp-json\/wp\/v2\/process?post=22032"}],"curies":[{"name":"wp","href":"https:\/\/api.w.org\/{rel}","templated":true}]}}