{"id":22025,"date":"2022-09-12T10:14:34","date_gmt":"2022-09-12T10:14:34","guid":{"rendered":"https:\/\/hydronix.chilliservers.co.uk\/politica-de-privacidad\/"},"modified":"2023-09-27T15:28:04","modified_gmt":"2023-09-27T15:28:04","slug":"politica-de-privacidad","status":"publish","type":"page","link":"https:\/\/www.hydronix.com\/es\/politica-de-privacidad\/","title":{"rendered":"Pol\u00edtica de privacidad"},"content":{"rendered":"    <div class=\"container-xl\">\n\t\t\n<p>Le damos la bienvenida al sitio web de Hydronix. Lea atentamente la informaci\u00f3n a continuaci\u00f3n, ya que el uso del presente sitio web se entender\u00e1 como que est\u00e1 de acuerdo con respetar y cumplir con las condiciones generales aqu\u00ed descritas. Hydronix se reserva el derecho a modificar o actualizar el presente sitio web, o las siguientes condiciones generales en cualquier momento y sin previo aviso.<\/p>\n    <\/div>\n    \n\n    <div class=\"container-xl pt-4\" id=\"uso-del-sitio-web-y-derechos-de-autor\">\n        \n<h2 class=\"wp-block-heading\">Uso del sitio web y derechos de autor<\/h2>\n    <\/div>\n    \n\n    <div class=\"container-xl\">\n\t\t\n<p>Toda la informaci\u00f3n recogida en el presente sitio web es propiedad de Hydronix y est\u00e1 protegida por derechos de autor. Todo uso no autorizado de la informaci\u00f3n del presente sitio web podr\u00eda constituir una violaci\u00f3n de los derechos de autor, marcas comerciales y dem\u00e1s leyes. La informaci\u00f3n se podr\u00e1 extraer o copiar para uso personal, pero el usuario deber\u00e1 retener todos los derechos de autor y dem\u00e1s avisos de propiedad que forman parte de los datos originales.<\/p>\n    <\/div>\n    \n\n    <div class=\"container-xl pt-4\" id=\"garantias-y-exenciones-de-responsabilidad\">\n        \n<h2 class=\"wp-block-heading\">Garant\u00edas y exenciones de responsabilidad<\/h2>\n    <\/div>\n    \n\n    <div class=\"container-xl\">\n\t\t\n<p>Si bien Hydronix hace todo lo posible para garantizar que la informaci\u00f3n presente en este sitio web es exacta en el momento de su inclusi\u00f3n, es posible que en alg\u00fan momento la informaci\u00f3n disponible sea incompleta, incorrecta u obsoleta y podr\u00e1 variar sin previo aviso ni responsabilidad alguna. El usuario reconoce que Hydronix no se har\u00e1 responsable del uso que haga con la informaci\u00f3n del presente sitio. Aunque Hydronix har\u00e1 todo lo posible para que no haya interrupciones, retrasos, errores, falten cosas o haya virus en su sitio web, esto no puede garantizarse.<\/p>\n    <\/div>\n    \n\n    <div class=\"container-xl\">\n\t\t\n<p>Hydronix, sus filiales relacionadas y sus respectivos directores, socios, responsables, empleados, asesores o agentes no ser\u00e1n jam\u00e1s responsables de ning\u00fan da\u00f1o directo, indirecto, accesorio, especial, ejemplar, punitivo, emergente o de cualquier \u00edndole (entre otros: responsabilidad por la p\u00e9rdida de uso, datos o beneficios), derivado o relacionado con el sitio web de Hydronix.<\/p>\n    <\/div>\n    \n\n    <div class=\"container-xl pt-4\" id=\"proteccion-de-datos\">\n        \n<h2 class=\"wp-block-heading\">Protecci\u00f3n de datos<\/h2>\n    <\/div>\n    \n\n    <div class=\"container-xl\">\n\t\t\n<p>Para Hydronix la protecci\u00f3n de datos es un asunto muy importante y serio. Cualquier dato personal que nos facilite ser\u00e1 tratado de forma confidencial. \u00a0Puede encontrar m\u00e1s informaci\u00f3n sobre los datos que recogemos y c\u00f3mo los tratamos en la <a href=\"https:\/\/www.hydronix.com\/wp-content\/uploads\/2023\/09\/hd0807sp_1_1_0.pdf\">Pol\u00edtica de privacidad y protecci\u00f3n de datos personales de Hydronix<\/a>.<\/p>\n    <\/div>\n    \n\n    <div class=\"container-xl pt-4\" id=\"cookies\">\n        \n<h2 class=\"wp-block-heading\">Cookies<\/h2>\n    <\/div>\n    \n\n    <div class=\"container-xl\">\n\t\t\n<p>Algunas de las p\u00e1ginas del sitio web de Hydronix usan <i>cookies<\/i> para habilitar sus funciones. \u00a0Son peque\u00f1os archivos que se almacenan en su ordenador y se eliminan autom\u00e1ticamente al cerrar la sesi\u00f3n de su navegador. \u00a0Hydronix no almacena ning\u00fan dato personal de estas <i>cookies<\/i>. Puede encontrar m\u00e1s informaci\u00f3n sobre las <i>cookies<\/i> y c\u00f3mo las utilizamos en nuestra <a href=\"https:\/\/www.hydronix.com\/wp-content\/uploads\/2023\/09\/hd0806sp_1_2_0.pdf\">Pol\u00edtica de <i>cookies<\/i><\/a>.<\/p>\n    <\/div>\n    \n\n    <div class=\"container-xl pt-4\" id=\"enlaces-a-sitios-web-de-terceros\">\n        \n<h2 class=\"wp-block-heading\">Enlaces a sitios web de terceros<\/h2>\n    <\/div>\n    \n\n    <div class=\"container-xl\">\n\t\t\n<p>Hydronix no es responsable del contenido o la fiabilidad de ning\u00fan sitio web enlazado y no respalda necesariamente las opiniones en ellos versadas. Los enlaces a terceros se ofrecen como informaci\u00f3n a los usuarios del sitio web de Hydronix. Hydronix no controla ni se hace responsable de ninguno de los sitios web enlazados ni de su contenido.<\/p>\n    <\/div>\n    \n\n    <div class=\"container-xl pt-4\" id=\"envios-y-comentarios\">\n        \n<h2 class=\"wp-block-heading\">Env\u00edos y comentarios<\/h2>\n    <\/div>\n    \n\n    <div class=\"container-xl\">\n\t\t\n<p>Todos los comentarios, informaci\u00f3n o materiales que se env\u00eden a Hydronix por medio del sitio web se considerar\u00e1n datos no confidenciales y ser\u00e1n propiedad de Hydronix Limited. Al enviar comentarios, informaci\u00f3n, materiales u otros datos, los usuarios acuerdan la cesi\u00f3n sin cargos a Hydronix Limited de todo derecho, t\u00edtulo e inter\u00e9s de los comentarios, informaci\u00f3n, materiales o dem\u00e1s datos, que Hydronix puede utilizar sin limitaci\u00f3n alguna. <\/p>\n    <\/div>\n    \n\n    <div class=\"container-xl pt-4\" id=\"ley-y-jurisdiccion-aplicable\">\n        \n<h2 class=\"wp-block-heading\">Ley y jurisdicci\u00f3n aplicable<\/h2>\n    <\/div>\n    \n\n    <div class=\"container-xl\">\n\t\t\n<p>El presente aviso legal se rige por el derecho brit\u00e1nico.<\/p>\n    <\/div>\n    \n\n    <div class=\"container-xl pt-4\" id=\"contactos-legales\">\n        \n<h2 class=\"wp-block-heading\">Contactos legales<\/h2>\n    <\/div>\n    \n\n    <div class=\"container-xl\">\n\t\t\n<p>Si como usuario del presente sitio web tienen dudas relativas a estas condiciones generales, p\u00f3ngase en <a href=\"https:\/\/www.hydronix.com\/es\/acerca-de-hydronix\/contacto\/\">contacto con Hydronix<\/a>.<\/p>\n    <\/div>\n    \n\n    <div class=\"container-xl pt-4\" id=\"domicilio-social\">\n        \n<h2 class=\"wp-block-heading\">Domicilio social<\/h2>\n    <\/div>\n    \n\n    <div class=\"container-xl\">\n\t\t\n<p>Hydronix Limited<br>Units 11-12 &amp; 12 Henley Business Park<br>Pirbright Road<br>Normandy<br>Surrey<br>GU3 2DX<\/p>\n    <\/div>\n    \n\n    <div class=\"container-xl\">\n\t\t\n<p>N\u00famero de inscripci\u00f3n en el registro: 01609365<\/p>\n    <\/div>\n    ","protected":false},"excerpt":{"rendered":"<p>Le damos la bienvenida al sitio web de Hydronix. Lea atentamente la informaci\u00f3n a continuaci\u00f3n, ya que el uso del presente sitio web se entender\u00e1 como que est\u00e1 de acuerdo con respetar y cumplir con las condiciones generales aqu\u00ed descritas. Hydronix se reserva el derecho a modificar o actualizar el presente sitio web, o las [&#8230;]<\/p>\n<p><a class=\"btn btn-secondary understrap-read-more-link\" href=\"https:\/\/www.hydronix.com\/es\/politica-de-privacidad\/\">Leer m\u00e1s&#8230;<span class=\"screen-reader-text\"> from Pol\u00edtica de privacidad<\/span><\/a><\/p>\n","protected":false},"author":1,"featured_media":0,"parent":0,"menu_order":479,"comment_status":"closed","ping_status":"open","template":"page-templates\/fullwidthpage.php","meta":{"_acf_changed":false,"content-type":"","inline_featured_image":false,"footnotes":""},"industries":[],"process":[],"class_list":["post-22025","page","type-page","status-publish","hentry"],"acf":[],"yoast_head":"<!-- This site is optimized with the Yoast SEO plugin v27.1.1 - https:\/\/yoast.com\/product\/yoast-seo-wordpress\/ -->\n<title>Pol\u00edtica de privacidad - Hydronix<\/title>\n<meta name=\"robots\" content=\"index, follow, max-snippet:-1, max-image-preview:large, max-video-preview:-1\" \/>\n<link rel=\"canonical\" href=\"https:\/\/www.hydronix.com\/es\/politica-de-privacidad\/\" \/>\n<meta property=\"og:locale\" content=\"es_ES\" \/>\n<meta property=\"og:type\" content=\"article\" \/>\n<meta property=\"og:title\" content=\"Pol\u00edtica de privacidad - Hydronix\" \/>\n<meta property=\"og:description\" content=\"Le damos la bienvenida al sitio web de Hydronix. Lea atentamente la informaci\u00f3n a continuaci\u00f3n, ya que el uso del presente sitio web se entender\u00e1 como que est\u00e1 de acuerdo con respetar y cumplir con las condiciones generales aqu\u00ed descritas. Hydronix se reserva el derecho a modificar o actualizar el presente sitio web, o las [...]Leer m\u00e1s... from Pol\u00edtica de privacidad\" \/>\n<meta property=\"og:url\" content=\"https:\/\/www.hydronix.com\/es\/politica-de-privacidad\/\" \/>\n<meta property=\"og:site_name\" content=\"Hydronix\" \/>\n<meta property=\"article:modified_time\" content=\"2023-09-27T15:28:04+00:00\" \/>\n<meta name=\"twitter:card\" content=\"summary_large_image\" \/>\n<meta name=\"twitter:label1\" content=\"Tiempo de lectura\" \/>\n\t<meta name=\"twitter:data1\" content=\"3 minutos\" \/>\n<script type=\"application\/ld+json\" class=\"yoast-schema-graph\">{\"@context\":\"https:\/\/schema.org\",\"@graph\":[{\"@type\":\"WebPage\",\"@id\":\"https:\/\/www.hydronix.com\/es\/politica-de-privacidad\/\",\"url\":\"https:\/\/www.hydronix.com\/es\/politica-de-privacidad\/\",\"name\":\"Pol\u00edtica de privacidad - Hydronix\",\"isPartOf\":{\"@id\":\"https:\/\/www.hydronix.com\/es\/#website\"},\"datePublished\":\"2022-09-12T10:14:34+00:00\",\"dateModified\":\"2023-09-27T15:28:04+00:00\",\"breadcrumb\":{\"@id\":\"https:\/\/www.hydronix.com\/es\/politica-de-privacidad\/#breadcrumb\"},\"inLanguage\":\"es\",\"potentialAction\":[{\"@type\":\"ReadAction\",\"target\":[\"https:\/\/www.hydronix.com\/es\/politica-de-privacidad\/\"]}]},{\"@type\":\"BreadcrumbList\",\"@id\":\"https:\/\/www.hydronix.com\/es\/politica-de-privacidad\/#breadcrumb\",\"itemListElement\":[{\"@type\":\"ListItem\",\"position\":1,\"name\":\"Inicio\",\"item\":\"https:\/\/www.hydronix.com\/es\/\"},{\"@type\":\"ListItem\",\"position\":2,\"name\":\"Pol\u00edtica de privacidad\"}]},{\"@type\":\"WebSite\",\"@id\":\"https:\/\/www.hydronix.com\/es\/#website\",\"url\":\"https:\/\/www.hydronix.com\/es\/\",\"name\":\"Hydronix\",\"description\":\"Your partner in moisture measurement\",\"potentialAction\":[{\"@type\":\"SearchAction\",\"target\":{\"@type\":\"EntryPoint\",\"urlTemplate\":\"https:\/\/www.hydronix.com\/es\/?s={search_term_string}\"},\"query-input\":{\"@type\":\"PropertyValueSpecification\",\"valueRequired\":true,\"valueName\":\"search_term_string\"}}],\"inLanguage\":\"es\"}]}<\/script>\n<!-- \/ Yoast SEO plugin. -->","yoast_head_json":{"title":"Pol\u00edtica de privacidad - Hydronix","robots":{"index":"index","follow":"follow","max-snippet":"max-snippet:-1","max-image-preview":"max-image-preview:large","max-video-preview":"max-video-preview:-1"},"canonical":"https:\/\/www.hydronix.com\/es\/politica-de-privacidad\/","og_locale":"es_ES","og_type":"article","og_title":"Pol\u00edtica de privacidad - Hydronix","og_description":"Le damos la bienvenida al sitio web de Hydronix. Lea atentamente la informaci\u00f3n a continuaci\u00f3n, ya que el uso del presente sitio web se entender\u00e1 como que est\u00e1 de acuerdo con respetar y cumplir con las condiciones generales aqu\u00ed descritas. Hydronix se reserva el derecho a modificar o actualizar el presente sitio web, o las [...]Leer m\u00e1s... from Pol\u00edtica de privacidad","og_url":"https:\/\/www.hydronix.com\/es\/politica-de-privacidad\/","og_site_name":"Hydronix","article_modified_time":"2023-09-27T15:28:04+00:00","twitter_card":"summary_large_image","twitter_misc":{"Tiempo de lectura":"3 minutos"},"schema":{"@context":"https:\/\/schema.org","@graph":[{"@type":"WebPage","@id":"https:\/\/www.hydronix.com\/es\/politica-de-privacidad\/","url":"https:\/\/www.hydronix.com\/es\/politica-de-privacidad\/","name":"Pol\u00edtica de privacidad - Hydronix","isPartOf":{"@id":"https:\/\/www.hydronix.com\/es\/#website"},"datePublished":"2022-09-12T10:14:34+00:00","dateModified":"2023-09-27T15:28:04+00:00","breadcrumb":{"@id":"https:\/\/www.hydronix.com\/es\/politica-de-privacidad\/#breadcrumb"},"inLanguage":"es","potentialAction":[{"@type":"ReadAction","target":["https:\/\/www.hydronix.com\/es\/politica-de-privacidad\/"]}]},{"@type":"BreadcrumbList","@id":"https:\/\/www.hydronix.com\/es\/politica-de-privacidad\/#breadcrumb","itemListElement":[{"@type":"ListItem","position":1,"name":"Inicio","item":"https:\/\/www.hydronix.com\/es\/"},{"@type":"ListItem","position":2,"name":"Pol\u00edtica de privacidad"}]},{"@type":"WebSite","@id":"https:\/\/www.hydronix.com\/es\/#website","url":"https:\/\/www.hydronix.com\/es\/","name":"Hydronix","description":"Your partner in moisture measurement","potentialAction":[{"@type":"SearchAction","target":{"@type":"EntryPoint","urlTemplate":"https:\/\/www.hydronix.com\/es\/?s={search_term_string}"},"query-input":{"@type":"PropertyValueSpecification","valueRequired":true,"valueName":"search_term_string"}}],"inLanguage":"es"}]}},"_links":{"self":[{"href":"https:\/\/www.hydronix.com\/es\/wp-json\/wp\/v2\/pages\/22025","targetHints":{"allow":["GET"]}}],"collection":[{"href":"https:\/\/www.hydronix.com\/es\/wp-json\/wp\/v2\/pages"}],"about":[{"href":"https:\/\/www.hydronix.com\/es\/wp-json\/wp\/v2\/types\/page"}],"author":[{"embeddable":true,"href":"https:\/\/www.hydronix.com\/es\/wp-json\/wp\/v2\/users\/1"}],"replies":[{"embeddable":true,"href":"https:\/\/www.hydronix.com\/es\/wp-json\/wp\/v2\/comments?post=22025"}],"version-history":[{"count":0,"href":"https:\/\/www.hydronix.com\/es\/wp-json\/wp\/v2\/pages\/22025\/revisions"}],"wp:attachment":[{"href":"https:\/\/www.hydronix.com\/es\/wp-json\/wp\/v2\/media?parent=22025"}],"wp:term":[{"taxonomy":"industries","embeddable":true,"href":"https:\/\/www.hydronix.com\/es\/wp-json\/wp\/v2\/industries?post=22025"},{"taxonomy":"process","embeddable":true,"href":"https:\/\/www.hydronix.com\/es\/wp-json\/wp\/v2\/process?post=22025"}],"curies":[{"name":"wp","href":"https:\/\/api.w.org\/{rel}","templated":true}]}}