{"id":36889,"date":"2024-06-27T12:29:56","date_gmt":"2024-06-27T12:29:56","guid":{"rendered":"https:\/\/www.hydronix.com\/?page_id=36889"},"modified":"2024-08-01T09:33:42","modified_gmt":"2024-08-01T09:33:42","slug":"foerderung","status":"publish","type":"page","link":"https:\/\/www.hydronix.com\/de\/prozesse\/foerderung\/","title":{"rendered":"F\u00f6rderung"},"content":{"rendered":"<!-- icon_hero -->\n<section class=\"application_hero d-flex py-5\" style=\"background-image:url(https:\/\/www.hydronix.com\/wp-content\/uploads\/2024\/06\/shutterstock_237863170-conveying-small.jpg)\">\n    <div class=\"overlay\"><\/div>\n    <div class=\"container my-auto\">\n        <div class=\"row\">\n            <div class=\"col-lg-2\"><img decoding=\"async\" src=\"https:\/\/www.hydronix.com\/wp-content\/themes\/cb-hydronix\/img\/icons\/icon__conveying--wo.svg\" class=\"w-50 w-lg-100\"><\/div>\n            <div class=\"col-lg-10 d-flex hero__content\"><h1 class=\"my-auto text-white\">F\u00f6rderung<\/h1><\/div>\n        <\/div>\n    <\/div>\n<\/section>\n<section class=\"sub_page_title py-1 mb-4\">\n    <div class=\"container-xl\">\n        <p id=\"breadcrumbs\"><span><span><a href=\"https:\/\/www.hydronix.com\/de\/\">Home<\/a><\/span><\/span><\/p>    <\/div>\n<\/section>\n\n\n<!-- process_overview -->\n<section class=\"process_overview mb-4\">\n    <div class=\"container-xl\">\n        <div class=\"row g-4\">\n            <div class=\"col-md-6\">\n                <h2 class=\"fs-3 mb-4\">\u00dcbersicht<\/h2>\n                <p>Die Feuchtemessung ist ein wichtiges Element, wenn Material im Werk zwischen den Verarbeitungsschritten transportiert wird. Hierbei k\u00f6nnen Sensoren in Bandf\u00f6rderern, Kan\u00e4len\/Rutschen, Mischern, Trichtern und Siloausl\u00e4ssen eingesetzt werden. Steuersysteme nutzen diese Messwerte als Prozessvariable f\u00fcr verschiedene Regelkreise und zur \u00dcberwachung der Anlagenleistung. Der Feuchtewert des Produkts an kritischen Prozesspunkten kann zur Qualit\u00e4tssicherung herangezogen werden. Das erlaubt eine h\u00f6here Produktausbeute, weniger Produktabfall und einen m\u00f6glichst geringen Energieverbrauch.    <\/p>\n            <\/div>\n            <div class=\"col-md-6\">\n                <h2 class=\"fs-3 mb-4\">Vorteile<\/h2>\n                <div class=\"process_benefits mb-4\">\n                    <div class=\"card\">\n                    <ul class=\"mb-0\"><li>\u00dcberwachung der Rohstoffe<\/li><li>Geringere Ausgangsschwankungen<\/li><li>Bessere Ausbeute<\/li><li>Reduzierter Energieverbrauch und niedrigere Emissionen<\/li><\/ul>                    <\/div>\n                <\/div>\n                <h2 class=\"fs-3 mb-4\">Einbaupunkte<\/h2>\n                <div class=\"row g-4 justify-content-center installation_points installations\">\n                    <div class=\"col-sm-4 text-center\">\n                                                <div class=\"card inactive\">\n                            <img decoding=\"async\" src=\"https:\/\/www.hydronix.com\/wp-content\/themes\/cb-hydronix\/img\/icon--input-inactive.svg\" alt=\"\">\n                                Eingang                        <\/div>\n                    <\/div>\n                    <div class=\"col-sm-4 text-center\">\n                                                <div class=\"card\">\n                            <img decoding=\"async\" src=\"https:\/\/www.hydronix.com\/wp-content\/themes\/cb-hydronix\/img\/icon--in-process.svg\" alt=\"\">\n                                Im Prozess                        <\/div>\n                    <\/div>\n                    <div class=\"col-sm-4 text-center\">\n                                                <div class=\"card inactive\">\n                            <img decoding=\"async\" src=\"https:\/\/www.hydronix.com\/wp-content\/themes\/cb-hydronix\/img\/icon--output-inactive.svg\" alt=\"\">\n                                Ausgang                        <\/div>\n                    <\/div>\n                <\/div>\n            <\/div>\n        <\/div>\n    <\/div>\n<\/section>\n\n\n<div style=\"height:2rem\" aria-hidden=\"true\" class=\"wp-block-spacer\"><\/div>\n\n\n<!-- application_icons -->\n<section class=\"bg--blue-100  py-4\">\n<div class=\"container py-4\">\n    <h2 class=\"fs-4 text-center mb-4\">Typische Anwendungsbereiche<\/h2>\n    <div class=\"applications row g-4\">\n                <div class=\"col-sm-4 col-lg-2 applications__card active\">\n            <a href=\"\/de\/messen\/beton-und-baugewerbe\/\">\n                <img decoding=\"async\" src=\"https:\/\/www.hydronix.com\/wp-content\/themes\/cb-hydronix\/img\/icons\/icon__concrete-construction--blue.svg\" alt=\"X --blue\">\n                <div class=\"applications__title\">Beton und Baugewerbe<\/div>\n            <\/a>\n        <\/div>\n                    <div class=\"col-sm-4 col-lg-2 applications__card active\">\n            <a href=\"\/de\/messen\/explosionsfaehige-atmosphaere\/\">\n                <img decoding=\"async\" src=\"https:\/\/www.hydronix.com\/wp-content\/themes\/cb-hydronix\/img\/icons\/icon__explosive-atmosphere--blue.svg\" alt=\"X --blue\">\n                <div class=\"applications__title\">Explosionsf\u00e4hige Atmosph\u00e4re<\/div>\n            <\/a>\n        <\/div>\n                    <div class=\"col-sm-4 col-lg-2 applications__card active\">\n            <a href=\"\/de\/messen\/fluessigkeiten\/\">\n                <img decoding=\"async\" src=\"https:\/\/www.hydronix.com\/wp-content\/themes\/cb-hydronix\/img\/icons\/icon__liquids--blue.svg\" alt=\"X --blue\">\n                <div class=\"applications__title\">Fl\u00fcssigkeiten<\/div>\n            <\/a>\n        <\/div>\n                    <div class=\"col-sm-4 col-lg-2 applications__card active\">\n            <a href=\"\/de\/messen\/getreide-und-schuettgueter\/\">\n                <img decoding=\"async\" src=\"https:\/\/www.hydronix.com\/wp-content\/themes\/cb-hydronix\/img\/icons\/icon__grain-bulk-solids--blue.svg\" alt=\"X --blue\">\n                <div class=\"applications__title\">Getreide und Sch\u00fcttg\u00fcter<\/div>\n            <\/a>\n        <\/div>\n                    <div class=\"col-sm-4 col-lg-2 applications__card active\">\n            <a href=\"\/de\/messen\/hohe-temperatur\/\">\n                <img decoding=\"async\" src=\"https:\/\/www.hydronix.com\/wp-content\/themes\/cb-hydronix\/img\/icons\/icon__high-temperature--blue.svg\" alt=\"X --blue\">\n                <div class=\"applications__title\">Hohe Temperatur<\/div>\n            <\/a>\n        <\/div>\n                    <div class=\"col-sm-4 col-lg-2 applications__card active\">\n            <a href=\"\/de\/messen\/lebensmittelsicher\/\">\n                <img decoding=\"async\" src=\"https:\/\/www.hydronix.com\/wp-content\/themes\/cb-hydronix\/img\/icons\/icon__food-safe--blue.svg\" alt=\"X --blue\">\n                <div class=\"applications__title\">Lebensmittelsicher<\/div>\n            <\/a>\n        <\/div>\n                <\/div>\n<\/div>\n<\/section>\n\n\n<div style=\"height:2rem\" aria-hidden=\"true\" class=\"wp-block-spacer\"><\/div>\n\n\n<!-- products_by_process -->\n<section class=\"prod_by_app products pb-5\">\n    <div class=\"container-xl\">\n        <h2>Zugeh\u00f6rige Produkte<\/h2>\n        <div class=\"row g-3\">\n\n    <div class=\"col-sm-6 col-lg-3\">\n        <a class=\"product__card\" href=\"https:\/\/www.hydronix.com\/de\/produkte\/hydro-mix\/\">\n        <img decoding=\"async\" src=\"https:\/\/www.hydronix.com\/wp-content\/uploads\/2022\/10\/hm08-hero-300x169.png\">\n            <div class=\"mb-2 fw-bold\">Hydro-Mix<\/div>\n            <div class=\"mb-2 product__subtitle\">Feuchtesensor: B\u00fcndiger Einbau f\u00fcr Mischer und F\u00f6rderer<\/div>\n            <div class=\"badges\">\n                            <\/div>        <\/a>\n    <\/div>\n        <div class=\"col-sm-6 col-lg-3\">\n        <a class=\"product__card\" href=\"https:\/\/www.hydronix.com\/de\/produkte\/hydro-probe\/\">\n        <img decoding=\"async\" src=\"https:\/\/www.hydronix.com\/wp-content\/uploads\/2022\/09\/Hydro-Probe-300x169.png\">\n            <div class=\"mb-2 fw-bold\">Hydro-Probe<\/div>\n            <div class=\"mb-2 product__subtitle\">Feuchtesensor: F\u00fcr Bunker, Sch\u00fctten<\/div>\n            <div class=\"badges\">\n                            <\/div>        <\/a>\n    <\/div>\n        <div class=\"col-sm-6 col-lg-3\">\n        <a class=\"product__card\" href=\"https:\/\/www.hydronix.com\/de\/produkte\/hydro-probe-orbiter\/\">\n        <img decoding=\"async\" src=\"https:\/\/www.hydronix.com\/wp-content\/uploads\/2022\/11\/orb3-flat-front-300x169.png\">\n            <div class=\"mb-2 fw-bold\">Hydro-Probe Orbiter<\/div>\n            <div class=\"mb-2 product__subtitle\">Feuchtesensor: F\u00fcr Umlauftrogmischer<\/div>\n            <div class=\"badges\">\n                                        <div class=\"badge badge--high-temp\"><\/div>\n                                    <\/div>        <\/a>\n    <\/div>\n        <div class=\"col-sm-6 col-lg-3\">\n        <a class=\"product__card\" href=\"https:\/\/www.hydronix.com\/de\/produkte\/hydro-mix-xt-ex\/\">\n        <img decoding=\"async\" src=\"https:\/\/www.hydronix.com\/wp-content\/uploads\/2022\/11\/hmxtex-front-right-persp-300x169.png\">\n            <div class=\"mb-2 fw-bold\">Hydro-Mix XT-EX<\/div>\n            <div class=\"mb-2 product__subtitle\">Feuchtesensor: B\u00fcndiger Einbau. Prozesstemperaturen bis 60 \u00b0C (Zone 20\/21)<\/div>\n            <div class=\"badges\">\n                                        <div class=\"badge badge--atex\"><\/div>\n                        <div class=\"badge badge--etl\"><\/div>\n                                    <\/div>        <\/a>\n    <\/div>\n        <div class=\"col-sm-6 col-lg-3\">\n        <a class=\"product__card\" href=\"https:\/\/www.hydronix.com\/de\/produkte\/hydro-mix-ht\/\">\n        <img decoding=\"async\" src=\"https:\/\/www.hydronix.com\/wp-content\/uploads\/2022\/11\/hmht01-front-persp-300x169.png\">\n            <div class=\"mb-2 fw-bold\">Hydro-Mix HT<\/div>\n            <div class=\"mb-2 product__subtitle\">Feuchtesensor: Prozesstemperaturbereich bis zu 120\u00b0C<\/div>\n            <div class=\"badges\">\n                                        <div class=\"badge badge--high-temp\"><\/div>\n                                    <\/div>        <\/a>\n    <\/div>\n        <div class=\"col-sm-6 col-lg-3\">\n        <a class=\"product__card\" href=\"https:\/\/www.hydronix.com\/de\/produkte\/hydro-mix-ht-ex\/\">\n        <img decoding=\"async\" src=\"https:\/\/www.hydronix.com\/wp-content\/uploads\/2022\/10\/hmhtex-left-persp-300x169.png\">\n            <div class=\"mb-2 fw-bold\">Hydro-Mix HT-EX<\/div>\n            <div class=\"mb-2 product__subtitle\">Feuchtesensor: B\u00fcndiger Einbau. Prozesstemperaturen bis 120 \u00b0C (Zone 20)<\/div>\n            <div class=\"badges\">\n                                        <div class=\"badge badge--atex\"><\/div>\n                        <div class=\"badge badge--etl\"><\/div>\n                                                <div class=\"badge badge--high-temp\"><\/div>\n                                                <div class=\"badge badge--food-safe\"><\/div>\n                                    <\/div>        <\/a>\n    <\/div>\n        <div class=\"col-sm-6 col-lg-3\">\n        <a class=\"product__card\" href=\"https:\/\/www.hydronix.com\/de\/produkte\/hydro-mix-xt\/\">\n        <img decoding=\"async\" src=\"https:\/\/www.hydronix.com\/wp-content\/uploads\/2022\/09\/HMXTFS-300x169.png\">\n            <div class=\"mb-2 fw-bold\">Hydro-Mix XT<\/div>\n            <div class=\"mb-2 product__subtitle\">Feuchtesensor: B\u00fcndiger Einbau f\u00fcr Mischer und F\u00f6rderer<\/div>\n            <div class=\"badges\">\n                            <\/div>        <\/a>\n    <\/div>\n        <div class=\"col-sm-6 col-lg-3\">\n        <a class=\"product__card\" href=\"https:\/\/www.hydronix.com\/de\/produkte\/hydro-mix-xt-fs\/\">\n        <img decoding=\"async\" src=\"https:\/\/www.hydronix.com\/wp-content\/uploads\/2022\/09\/hmxtfs-front-300x169.png\">\n            <div class=\"mb-2 fw-bold\">Hydro-Mix XT-FS<\/div>\n            <div class=\"mb-2 product__subtitle\">Feuchtesensor: Lebensmittelsicher zum b\u00fcndigen Einbau in Mischern und Schneckenf\u00f6rderern<\/div>\n            <div class=\"badges\">\n                                        <div class=\"badge badge--food-safe\"><\/div>\n                                    <\/div>        <\/a>\n    <\/div>\n        <div class=\"col-sm-6 col-lg-3\">\n        <a class=\"product__card\" href=\"https:\/\/www.hydronix.com\/de\/produkte\/hydro-probe-xt\/\">\n        <img decoding=\"async\" src=\"https:\/\/www.hydronix.com\/wp-content\/uploads\/2023\/03\/HDX_HPXT_PerspL_5617transp_1600px-300x151.png\">\n            <div class=\"mb-2 fw-bold\">Hydro-Probe XT<\/div>\n            <div class=\"mb-2 product__subtitle\">Feuchtesensor: F\u00fcr Bunker, Sch\u00fctten und Bandf\u00f6rderer<\/div>\n            <div class=\"badges\">\n                            <\/div>        <\/a>\n    <\/div>\n        <div class=\"col-sm-6 col-lg-3\">\n        <a class=\"product__card\" href=\"https:\/\/www.hydronix.com\/de\/produkte\/hydro-probe-bx\/\">\n        <img decoding=\"async\" src=\"https:\/\/www.hydronix.com\/wp-content\/uploads\/2023\/06\/HDX_HPBX_PerspR_5679transp-e1688129840655-300x148.png\">\n            <div class=\"mb-2 fw-bold\">Hydro-Probe BX<\/div>\n            <div class=\"mb-2 product__subtitle\">Sensor f\u00fcr Brix, Feuchte und gel\u00f6ste Feststoffe: Zum Einbau in Druckbeh\u00e4ltern<\/div>\n            <div class=\"badges\">\n                            <\/div>        <\/a>\n    <\/div>\n            <\/div>\n    <\/div>\n<\/section>","protected":false},"excerpt":{"rendered":"<p> [&#8230;]<\/p>\n<p><a class=\"btn btn-secondary understrap-read-more-link\" href=\"https:\/\/www.hydronix.com\/de\/prozesse\/foerderung\/\">Weiterlesen\u00a0\u2026<span class=\"screen-reader-text\"> from F\u00f6rderung<\/span><\/a><\/p>\n","protected":false},"author":4,"featured_media":0,"parent":22240,"menu_order":636,"comment_status":"closed","ping_status":"closed","template":"","meta":{"_acf_changed":false,"content-type":"","inline_featured_image":false,"footnotes":""},"industries":[],"process":[],"class_list":["post-36889","page","type-page","status-publish","hentry"],"acf":[],"yoast_head":"<!-- This site is optimized with the Yoast SEO plugin v27.1.1 - https:\/\/yoast.com\/product\/yoast-seo-wordpress\/ -->\n<title>Hydronix sensoren zur Feuchtemessung im F\u00f6rderung<\/title>\n<meta name=\"description\" content=\"Feuchtemessung im F\u00f6rderung erlaubt \u00dcberwachung der Rohstoffe und reduziert Feuchteschwankungen.\" \/>\n<meta name=\"robots\" content=\"index, follow, max-snippet:-1, max-image-preview:large, max-video-preview:-1\" \/>\n<link rel=\"canonical\" href=\"https:\/\/www.hydronix.com\/de\/prozesse\/foerderung\/\" \/>\n<meta property=\"og:locale\" content=\"de_DE\" \/>\n<meta property=\"og:type\" content=\"article\" \/>\n<meta property=\"og:title\" content=\"Hydronix sensoren zur Feuchtemessung im F\u00f6rderung\" \/>\n<meta property=\"og:description\" content=\"Feuchtemessung im F\u00f6rderung erlaubt \u00dcberwachung der Rohstoffe und reduziert Feuchteschwankungen.\" \/>\n<meta property=\"og:url\" content=\"https:\/\/www.hydronix.com\/de\/prozesse\/foerderung\/\" \/>\n<meta property=\"og:site_name\" content=\"Hydronix\" \/>\n<meta property=\"article:modified_time\" content=\"2024-08-01T09:33:42+00:00\" \/>\n<meta name=\"twitter:card\" content=\"summary_large_image\" \/>\n<script type=\"application\/ld+json\" class=\"yoast-schema-graph\">{\"@context\":\"https:\/\/schema.org\",\"@graph\":[{\"@type\":\"WebPage\",\"@id\":\"https:\/\/www.hydronix.com\/de\/prozesse\/foerderung\/\",\"url\":\"https:\/\/www.hydronix.com\/de\/prozesse\/foerderung\/\",\"name\":\"Hydronix sensoren zur Feuchtemessung im F\u00f6rderung\",\"isPartOf\":{\"@id\":\"https:\/\/www.hydronix.com\/de\/#website\"},\"datePublished\":\"2024-06-27T12:29:56+00:00\",\"dateModified\":\"2024-08-01T09:33:42+00:00\",\"description\":\"Feuchtemessung im F\u00f6rderung erlaubt \u00dcberwachung der Rohstoffe und reduziert Feuchteschwankungen.\",\"breadcrumb\":{\"@id\":\"https:\/\/www.hydronix.com\/de\/prozesse\/foerderung\/#breadcrumb\"},\"inLanguage\":\"de\",\"potentialAction\":[{\"@type\":\"ReadAction\",\"target\":[\"https:\/\/www.hydronix.com\/de\/prozesse\/foerderung\/\"]}]},{\"@type\":\"BreadcrumbList\",\"@id\":\"https:\/\/www.hydronix.com\/de\/prozesse\/foerderung\/#breadcrumb\",\"itemListElement\":[{\"@type\":\"ListItem\",\"position\":1,\"name\":\"Home\",\"item\":\"https:\/\/www.hydronix.com\/de\/\"},{\"@type\":\"ListItem\",\"position\":2,\"name\":\"Prozesse\",\"item\":\"https:\/\/www.hydronix.com\/de\/prozesse\/\"},{\"@type\":\"ListItem\",\"position\":3,\"name\":\"F\u00f6rderung\"}]},{\"@type\":\"WebSite\",\"@id\":\"https:\/\/www.hydronix.com\/de\/#website\",\"url\":\"https:\/\/www.hydronix.com\/de\/\",\"name\":\"Hydronix\",\"description\":\"Your partner in moisture measurement\",\"potentialAction\":[{\"@type\":\"SearchAction\",\"target\":{\"@type\":\"EntryPoint\",\"urlTemplate\":\"https:\/\/www.hydronix.com\/de\/?s={search_term_string}\"},\"query-input\":{\"@type\":\"PropertyValueSpecification\",\"valueRequired\":true,\"valueName\":\"search_term_string\"}}],\"inLanguage\":\"de\"}]}<\/script>\n<!-- \/ Yoast SEO plugin. -->","yoast_head_json":{"title":"Hydronix sensoren zur Feuchtemessung im F\u00f6rderung","description":"Feuchtemessung im F\u00f6rderung erlaubt \u00dcberwachung der Rohstoffe und reduziert Feuchteschwankungen.","robots":{"index":"index","follow":"follow","max-snippet":"max-snippet:-1","max-image-preview":"max-image-preview:large","max-video-preview":"max-video-preview:-1"},"canonical":"https:\/\/www.hydronix.com\/de\/prozesse\/foerderung\/","og_locale":"de_DE","og_type":"article","og_title":"Hydronix sensoren zur Feuchtemessung im F\u00f6rderung","og_description":"Feuchtemessung im F\u00f6rderung erlaubt \u00dcberwachung der Rohstoffe und reduziert Feuchteschwankungen.","og_url":"https:\/\/www.hydronix.com\/de\/prozesse\/foerderung\/","og_site_name":"Hydronix","article_modified_time":"2024-08-01T09:33:42+00:00","twitter_card":"summary_large_image","schema":{"@context":"https:\/\/schema.org","@graph":[{"@type":"WebPage","@id":"https:\/\/www.hydronix.com\/de\/prozesse\/foerderung\/","url":"https:\/\/www.hydronix.com\/de\/prozesse\/foerderung\/","name":"Hydronix sensoren zur Feuchtemessung im F\u00f6rderung","isPartOf":{"@id":"https:\/\/www.hydronix.com\/de\/#website"},"datePublished":"2024-06-27T12:29:56+00:00","dateModified":"2024-08-01T09:33:42+00:00","description":"Feuchtemessung im F\u00f6rderung erlaubt \u00dcberwachung der Rohstoffe und reduziert Feuchteschwankungen.","breadcrumb":{"@id":"https:\/\/www.hydronix.com\/de\/prozesse\/foerderung\/#breadcrumb"},"inLanguage":"de","potentialAction":[{"@type":"ReadAction","target":["https:\/\/www.hydronix.com\/de\/prozesse\/foerderung\/"]}]},{"@type":"BreadcrumbList","@id":"https:\/\/www.hydronix.com\/de\/prozesse\/foerderung\/#breadcrumb","itemListElement":[{"@type":"ListItem","position":1,"name":"Home","item":"https:\/\/www.hydronix.com\/de\/"},{"@type":"ListItem","position":2,"name":"Prozesse","item":"https:\/\/www.hydronix.com\/de\/prozesse\/"},{"@type":"ListItem","position":3,"name":"F\u00f6rderung"}]},{"@type":"WebSite","@id":"https:\/\/www.hydronix.com\/de\/#website","url":"https:\/\/www.hydronix.com\/de\/","name":"Hydronix","description":"Your partner in moisture measurement","potentialAction":[{"@type":"SearchAction","target":{"@type":"EntryPoint","urlTemplate":"https:\/\/www.hydronix.com\/de\/?s={search_term_string}"},"query-input":{"@type":"PropertyValueSpecification","valueRequired":true,"valueName":"search_term_string"}}],"inLanguage":"de"}]}},"_links":{"self":[{"href":"https:\/\/www.hydronix.com\/de\/wp-json\/wp\/v2\/pages\/36889","targetHints":{"allow":["GET"]}}],"collection":[{"href":"https:\/\/www.hydronix.com\/de\/wp-json\/wp\/v2\/pages"}],"about":[{"href":"https:\/\/www.hydronix.com\/de\/wp-json\/wp\/v2\/types\/page"}],"author":[{"embeddable":true,"href":"https:\/\/www.hydronix.com\/de\/wp-json\/wp\/v2\/users\/4"}],"replies":[{"embeddable":true,"href":"https:\/\/www.hydronix.com\/de\/wp-json\/wp\/v2\/comments?post=36889"}],"version-history":[{"count":6,"href":"https:\/\/www.hydronix.com\/de\/wp-json\/wp\/v2\/pages\/36889\/revisions"}],"predecessor-version":[{"id":37552,"href":"https:\/\/www.hydronix.com\/de\/wp-json\/wp\/v2\/pages\/36889\/revisions\/37552"}],"up":[{"embeddable":true,"href":"https:\/\/www.hydronix.com\/de\/wp-json\/wp\/v2\/pages\/22240"}],"wp:attachment":[{"href":"https:\/\/www.hydronix.com\/de\/wp-json\/wp\/v2\/media?parent=36889"}],"wp:term":[{"taxonomy":"industries","embeddable":true,"href":"https:\/\/www.hydronix.com\/de\/wp-json\/wp\/v2\/industries?post=36889"},{"taxonomy":"process","embeddable":true,"href":"https:\/\/www.hydronix.com\/de\/wp-json\/wp\/v2\/process?post=36889"}],"curies":[{"name":"wp","href":"https:\/\/api.w.org\/{rel}","templated":true}]}}