{"id":23168,"date":"2022-09-12T13:46:06","date_gmt":"2022-09-12T13:46:06","guid":{"rendered":"https:\/\/hydronix.chilliservers.co.uk\/measure\/"},"modified":"2024-01-31T16:20:29","modified_gmt":"2024-01-31T16:20:29","slug":"messen","status":"publish","type":"page","link":"https:\/\/www.hydronix.com\/de\/messen\/","title":{"rendered":"Messen"},"content":{"rendered":"<!-- icon_hero -->\n<section class=\"application_hero d-flex py-5\" style=\"background-image:url(https:\/\/www.hydronix.com\/wp-content\/uploads\/2022\/09\/hero-product-water-abstract.jpg)\">\n    <div class=\"overlay\"><\/div>\n    <div class=\"container my-auto\">\n        <div class=\"row\">\n            <div class=\"col-lg-2\"><img decoding=\"async\" src=\"https:\/\/www.hydronix.com\/wp-content\/themes\/cb-hydronix\/img\/icons\/icon__measure--wo.svg\" class=\"w-50 w-lg-100\"><\/div>\n            <div class=\"col-lg-10 d-flex hero__content\"><h1 class=\"my-auto text-white\">Messen<\/h1><\/div>\n        <\/div>\n    <\/div>\n<\/section>\n<section class=\"sub_page_title py-1 mb-4\">\n    <div class=\"container-xl\">\n        <p id=\"breadcrumbs\"><span><span><a href=\"https:\/\/www.hydronix.com\/de\/\">Home<\/a><\/span><\/span><\/p>    <\/div>\n<\/section>\n\n\n    <div class=\"container-xl\">\n\t\t\n<p>Hydronix-Sensoren messen pr\u00e4zise die Feuchte, die Temperatur oder die Brix-Dichte in vielen Prozesssteuerungen mit flie\u00dff\u00e4higem Material. Die Sensoren nutzen die Kontaktmessung, bei der das Material w\u00e4hrend der Verarbeitung \u00fcber die Keramikstirnplatte flie\u00dft. Dadurch k\u00f6nnen Messwerte f\u00fcr eine konsistente und repr\u00e4sentative Materialprobe in Echtzeit erfasst werden.<\/p>\n    <\/div>\n    \n\n<!-- children_icons -->\n<section class=\"child_pages py-4\">\n    <div class=\"container-xl\">\n                <div class=\"row g-4 justify-content-center\">\n        <div class=\"col-md-4 col-xl-3\">\n            <a class=\"child_pages__card\" href=\"https:\/\/www.hydronix.com\/de\/messen\/hohe-temperatur\/\">\n                <img decoding=\"async\" src=\"https:\/\/www.hydronix.com\/wp-content\/themes\/cb-hydronix\/img\/icons\/icon__high-temperature--blue.svg\" alt=\"\" class=\"d-flex mx-auto w-50\">\n                Hohe Temperatur            <\/a>\n        <\/div>\n                <div class=\"col-md-4 col-xl-3\">\n            <a class=\"child_pages__card\" href=\"https:\/\/www.hydronix.com\/de\/messen\/explosionsfaehige-atmosphaere\/\">\n                <img decoding=\"async\" src=\"https:\/\/www.hydronix.com\/wp-content\/themes\/cb-hydronix\/img\/icons\/icon__explosive-atmosphere--blue.svg\" alt=\"\" class=\"d-flex mx-auto w-50\">\n                Explosionsf\u00e4hige Atmosph\u00e4re            <\/a>\n        <\/div>\n                <div class=\"col-md-4 col-xl-3\">\n            <a class=\"child_pages__card\" href=\"https:\/\/www.hydronix.com\/de\/messen\/lebensmittelsicher\/\">\n                <img decoding=\"async\" src=\"https:\/\/www.hydronix.com\/wp-content\/themes\/cb-hydronix\/img\/icons\/icon__food-safe--blue.svg\" alt=\"\" class=\"d-flex mx-auto w-50\">\n                Lebensmittelsicher            <\/a>\n        <\/div>\n                <div class=\"col-md-4 col-xl-3\">\n            <a class=\"child_pages__card\" href=\"https:\/\/www.hydronix.com\/de\/messen\/fluessigkeiten\/\">\n                <img decoding=\"async\" src=\"https:\/\/www.hydronix.com\/wp-content\/themes\/cb-hydronix\/img\/icons\/icon__liquids--blue.svg\" alt=\"\" class=\"d-flex mx-auto w-50\">\n                Fl\u00fcssigkeiten            <\/a>\n        <\/div>\n                <div class=\"col-md-4 col-xl-3\">\n            <a class=\"child_pages__card\" href=\"https:\/\/www.hydronix.com\/de\/messen\/beton-und-baugewerbe\/\">\n                <img decoding=\"async\" src=\"https:\/\/www.hydronix.com\/wp-content\/themes\/cb-hydronix\/img\/icons\/icon__concrete-construction--blue.svg\" alt=\"\" class=\"d-flex mx-auto w-50\">\n                Beton und Baugewerbe            <\/a>\n        <\/div>\n                <div class=\"col-md-4 col-xl-3\">\n            <a class=\"child_pages__card\" href=\"https:\/\/www.hydronix.com\/de\/messen\/getreide-und-schuettgueter\/\">\n                <img decoding=\"async\" src=\"https:\/\/www.hydronix.com\/wp-content\/themes\/cb-hydronix\/img\/icons\/icon__grain-bulk-solids--blue.svg\" alt=\"\" class=\"d-flex mx-auto w-50\">\n                Getreide und Sch\u00fcttg\u00fcter            <\/a>\n        <\/div>\n                <div class=\"col-md-4 col-xl-3\">\n            <a class=\"child_pages__card\" href=\"https:\/\/www.hydronix.com\/de\/ihre-anwendung\/\">\n                <img decoding=\"async\" src=\"https:\/\/www.hydronix.com\/wp-content\/themes\/cb-hydronix\/img\/icons\/icon--your-application.svg\" alt=\"\" class=\"d-flex mx-auto w-50\">\n                Ihre Anwendung            <\/a>\n        <\/div>\n        <\/div>\n<\/section>","protected":false},"excerpt":{"rendered":"<p>Hydronix-Sensoren messen pr\u00e4zise die Feuchte, die Temperatur oder die Brix-Dichte in vielen Prozesssteuerungen mit flie\u00dff\u00e4higem Material. Die Sensoren nutzen die Kontaktmessung, bei der das Material w\u00e4hrend der Verarbeitung \u00fcber die Keramikstirnplatte flie\u00dft. Dadurch k\u00f6nnen Messwerte f\u00fcr eine konsistente und repr\u00e4sentative Materialprobe in Echtzeit erfasst werden. [&#8230;]<\/p>\n<p><a class=\"btn btn-secondary understrap-read-more-link\" href=\"https:\/\/www.hydronix.com\/de\/messen\/\">Weiterlesen\u00a0\u2026<span class=\"screen-reader-text\"> from Messen<\/span><\/a><\/p>\n","protected":false},"author":1,"featured_media":0,"parent":0,"menu_order":429,"comment_status":"closed","ping_status":"closed","template":"","meta":{"_acf_changed":false,"content-type":"","inline_featured_image":false,"footnotes":""},"industries":[],"process":[],"class_list":["post-23168","page","type-page","status-publish","hentry"],"acf":[],"yoast_head":"<!-- This site is optimized with the Yoast SEO plugin v27.1.1 - https:\/\/yoast.com\/product\/yoast-seo-wordpress\/ -->\n<title>Messen - Hydronix<\/title>\n<meta name=\"description\" content=\"Hydronix sensors accurately measure moisture, temperature or Brix in most process control applications where material is free flowing.\" \/>\n<meta name=\"robots\" content=\"index, follow, max-snippet:-1, max-image-preview:large, max-video-preview:-1\" \/>\n<link rel=\"canonical\" href=\"https:\/\/www.hydronix.com\/de\/messen\/\" \/>\n<meta property=\"og:locale\" content=\"de_DE\" \/>\n<meta property=\"og:type\" content=\"article\" \/>\n<meta property=\"og:title\" content=\"Messen - Hydronix\" \/>\n<meta property=\"og:description\" content=\"Hydronix sensors accurately measure moisture, temperature or Brix in most process control applications where material is free flowing.\" \/>\n<meta property=\"og:url\" content=\"https:\/\/www.hydronix.com\/de\/messen\/\" \/>\n<meta property=\"og:site_name\" content=\"Hydronix\" \/>\n<meta property=\"article:modified_time\" content=\"2024-01-31T16:20:29+00:00\" \/>\n<meta name=\"twitter:card\" content=\"summary_large_image\" \/>\n<meta name=\"twitter:label1\" content=\"Gesch\u00e4tzte Lesezeit\" \/>\n\t<meta name=\"twitter:data1\" content=\"1\u00a0Minute\" \/>\n<script type=\"application\/ld+json\" class=\"yoast-schema-graph\">{\"@context\":\"https:\/\/schema.org\",\"@graph\":[{\"@type\":\"WebPage\",\"@id\":\"https:\/\/www.hydronix.com\/de\/messen\/\",\"url\":\"https:\/\/www.hydronix.com\/de\/messen\/\",\"name\":\"Messen - Hydronix\",\"isPartOf\":{\"@id\":\"https:\/\/www.hydronix.com\/de\/#website\"},\"datePublished\":\"2022-09-12T13:46:06+00:00\",\"dateModified\":\"2024-01-31T16:20:29+00:00\",\"description\":\"Hydronix sensors accurately measure moisture, temperature or Brix in most process control applications where material is free flowing.\",\"breadcrumb\":{\"@id\":\"https:\/\/www.hydronix.com\/de\/messen\/#breadcrumb\"},\"inLanguage\":\"de\",\"potentialAction\":[{\"@type\":\"ReadAction\",\"target\":[\"https:\/\/www.hydronix.com\/de\/messen\/\"]}]},{\"@type\":\"BreadcrumbList\",\"@id\":\"https:\/\/www.hydronix.com\/de\/messen\/#breadcrumb\",\"itemListElement\":[{\"@type\":\"ListItem\",\"position\":1,\"name\":\"Home\",\"item\":\"https:\/\/www.hydronix.com\/de\/\"},{\"@type\":\"ListItem\",\"position\":2,\"name\":\"Messen\"}]},{\"@type\":\"WebSite\",\"@id\":\"https:\/\/www.hydronix.com\/de\/#website\",\"url\":\"https:\/\/www.hydronix.com\/de\/\",\"name\":\"Hydronix\",\"description\":\"Your partner in moisture measurement\",\"potentialAction\":[{\"@type\":\"SearchAction\",\"target\":{\"@type\":\"EntryPoint\",\"urlTemplate\":\"https:\/\/www.hydronix.com\/de\/?s={search_term_string}\"},\"query-input\":{\"@type\":\"PropertyValueSpecification\",\"valueRequired\":true,\"valueName\":\"search_term_string\"}}],\"inLanguage\":\"de\"}]}<\/script>\n<!-- \/ Yoast SEO plugin. -->","yoast_head_json":{"title":"Messen - Hydronix","description":"Hydronix sensors accurately measure moisture, temperature or Brix in most process control applications where material is free flowing.","robots":{"index":"index","follow":"follow","max-snippet":"max-snippet:-1","max-image-preview":"max-image-preview:large","max-video-preview":"max-video-preview:-1"},"canonical":"https:\/\/www.hydronix.com\/de\/messen\/","og_locale":"de_DE","og_type":"article","og_title":"Messen - Hydronix","og_description":"Hydronix sensors accurately measure moisture, temperature or Brix in most process control applications where material is free flowing.","og_url":"https:\/\/www.hydronix.com\/de\/messen\/","og_site_name":"Hydronix","article_modified_time":"2024-01-31T16:20:29+00:00","twitter_card":"summary_large_image","twitter_misc":{"Gesch\u00e4tzte Lesezeit":"1\u00a0Minute"},"schema":{"@context":"https:\/\/schema.org","@graph":[{"@type":"WebPage","@id":"https:\/\/www.hydronix.com\/de\/messen\/","url":"https:\/\/www.hydronix.com\/de\/messen\/","name":"Messen - Hydronix","isPartOf":{"@id":"https:\/\/www.hydronix.com\/de\/#website"},"datePublished":"2022-09-12T13:46:06+00:00","dateModified":"2024-01-31T16:20:29+00:00","description":"Hydronix sensors accurately measure moisture, temperature or Brix in most process control applications where material is free flowing.","breadcrumb":{"@id":"https:\/\/www.hydronix.com\/de\/messen\/#breadcrumb"},"inLanguage":"de","potentialAction":[{"@type":"ReadAction","target":["https:\/\/www.hydronix.com\/de\/messen\/"]}]},{"@type":"BreadcrumbList","@id":"https:\/\/www.hydronix.com\/de\/messen\/#breadcrumb","itemListElement":[{"@type":"ListItem","position":1,"name":"Home","item":"https:\/\/www.hydronix.com\/de\/"},{"@type":"ListItem","position":2,"name":"Messen"}]},{"@type":"WebSite","@id":"https:\/\/www.hydronix.com\/de\/#website","url":"https:\/\/www.hydronix.com\/de\/","name":"Hydronix","description":"Your partner in moisture measurement","potentialAction":[{"@type":"SearchAction","target":{"@type":"EntryPoint","urlTemplate":"https:\/\/www.hydronix.com\/de\/?s={search_term_string}"},"query-input":{"@type":"PropertyValueSpecification","valueRequired":true,"valueName":"search_term_string"}}],"inLanguage":"de"}]}},"_links":{"self":[{"href":"https:\/\/www.hydronix.com\/de\/wp-json\/wp\/v2\/pages\/23168","targetHints":{"allow":["GET"]}}],"collection":[{"href":"https:\/\/www.hydronix.com\/de\/wp-json\/wp\/v2\/pages"}],"about":[{"href":"https:\/\/www.hydronix.com\/de\/wp-json\/wp\/v2\/types\/page"}],"author":[{"embeddable":true,"href":"https:\/\/www.hydronix.com\/de\/wp-json\/wp\/v2\/users\/1"}],"replies":[{"embeddable":true,"href":"https:\/\/www.hydronix.com\/de\/wp-json\/wp\/v2\/comments?post=23168"}],"version-history":[{"count":0,"href":"https:\/\/www.hydronix.com\/de\/wp-json\/wp\/v2\/pages\/23168\/revisions"}],"wp:attachment":[{"href":"https:\/\/www.hydronix.com\/de\/wp-json\/wp\/v2\/media?parent=23168"}],"wp:term":[{"taxonomy":"industries","embeddable":true,"href":"https:\/\/www.hydronix.com\/de\/wp-json\/wp\/v2\/industries?post=23168"},{"taxonomy":"process","embeddable":true,"href":"https:\/\/www.hydronix.com\/de\/wp-json\/wp\/v2\/process?post=23168"}],"curies":[{"name":"wp","href":"https:\/\/api.w.org\/{rel}","templated":true}]}}