{"id":22280,"date":"2022-09-12T15:36:48","date_gmt":"2022-09-12T15:36:48","guid":{"rendered":"https:\/\/hydronix.chilliservers.co.uk\/ressourcen\/hydronix-videobibliothek\/"},"modified":"2025-02-21T12:35:50","modified_gmt":"2025-02-21T12:35:50","slug":"hydronix-videobibliothek","status":"publish","type":"page","link":"https:\/\/www.hydronix.com\/de\/ressourcen\/hydronix-videobibliothek\/","title":{"rendered":"Hydronix Videobibliothek"},"content":{"rendered":"    <div class=\"container-xl\">\n\t\t\n<p>Die folgenden Videos sind eine Sammlung von Produkt-Trailern und Beispiele f\u00fcr Hydronix-Feuchtesensoren, die in verschiedenen Anwendungsbereichen installiert sind. <\/p>\n    <\/div>\n    \n\n    <div class=\"container-xl\">\n\t\t\n<p>F\u00fcr weitere Informationen \u00fcber Anwendungen und Installationen <a href=\"https:\/\/www.hydronix.com\/de\/das-unternehmen-hydronix\/kontaktieren-sie-uns\/\">kontaktieren Sie uns.<\/a><\/p>\n    <\/div>\n    \n\n<style>\n.video-grid {\n    display: grid;\n    gap: 1rem;\n}\n@media (min-width:992px) {\n    .video-grid {\n        grid-template-columns: repeat(2, 1fr);\n    }\n}\n@media (min-width:1200px) {\n    .video-grid {\n        grid-template-columns: repeat(3, 1fr);\n    }\n}\nlite-vimeo {\n    background-size: cover;\n    background-position: center;\n    background-repeat: no-repeat;\n}\n.video-description {\n    background-color: #0078a9;\n    color: white;\n    min-height: 4rem;\n}\n<\/style>\n<section class=\"three_col_video py-5  \">\n    <div class=\"container-xl\">\n                <h2>Erfahrungsberichte von Kunden<\/h2>\n            <div class=\"video-grid\">        <div class=\"video-container\">\n            <div class=\"video-preview ratio ratio-16x9\">\n                                <lite-vimeo videoid=\"1025052168\" style=\"background-image:url('https:\/\/i.vimeocdn.com\/video\/1944527524-f299d8c1e6ef91a8fa23b31f320f773f292a406d4da86b50557e70ef9ec54f26-d_295x166?region=us');\"><\/lite-vimeo>\n                                <\/div>\n            <div class=\"video-description p-2\">\n                Erfahrungsbericht eines Kunden: Asphaltproduktion            <\/div>\n        <\/div>\n            <\/div>    <\/div>\n<\/section>\n<script type=module src=\"https:\/\/www.hydronix.com\/wp-content\/themes\/cb-hydronix\/js\/lite-vimeo.js\" defer><\/script>\n\n\n<style>\n.video-grid {\n    display: grid;\n    gap: 1rem;\n}\n@media (min-width:992px) {\n    .video-grid {\n        grid-template-columns: repeat(2, 1fr);\n    }\n}\n@media (min-width:1200px) {\n    .video-grid {\n        grid-template-columns: repeat(3, 1fr);\n    }\n}\nlite-vimeo {\n    background-size: cover;\n    background-position: center;\n    background-repeat: no-repeat;\n}\n.video-description {\n    background-color: #0078a9;\n    color: white;\n    min-height: 4rem;\n}\n<\/style>\n<section class=\"three_col_video py-5  \">\n    <div class=\"container-xl\">\n                <h2>Beton und Baugewerbe<\/h2>\n            <div class=\"video-grid\">        <div class=\"video-container\">\n            <div class=\"video-preview ratio ratio-16x9\">\n                                <lite-vimeo videoid=\"998723339\" style=\"background-image:url('https:\/\/i.vimeocdn.com\/video\/1914845252-a1d1004dcf13a2739ca49e06a3f1a3079784544e6cc3a73ad98fcf72feaf31c1-d_295x166?region=us');\"><\/lite-vimeo>\n                                <\/div>\n            <div class=\"video-description p-2\">\n                Hydronix Produkt\u00fcbersicht f\u00fcr den Betonbau            <\/div>\n        <\/div>\n                    <div class=\"video-container\">\n            <div class=\"video-preview ratio ratio-16x9\">\n                                <lite-vimeo videoid=\"236757122\" style=\"background-image:url('https:\/\/i.vimeocdn.com\/video\/658955637-cc8abd8497eac342fe1814d2dd927b93fc8790c077c9f0081fcf1beea058c74a-d_295x166?region=us');\"><\/lite-vimeo>\n                                <\/div>\n            <div class=\"video-description p-2\">\n                Mikrowellen-Feuchtesensor Hydro-Probe auf einem Sand-F\u00f6rderband            <\/div>\n        <\/div>\n                    <div class=\"video-container\">\n            <div class=\"video-preview ratio ratio-16x9\">\n                                <lite-vimeo videoid=\"236549957\" style=\"background-image:url('https:\/\/i.vimeocdn.com\/video\/658688719-3b2df93dd273030c044d3aad803f7ed4ba9ca7f3e391f21cf64aa5d9e825c553-d_640?region=us');\"><\/lite-vimeo>\n                                <\/div>\n            <div class=\"video-description p-2\">\n                Feuchtesensor Hydro-Mix in einem Hydro-Skid auf einem Sand-F\u00f6rderband installiert            <\/div>\n        <\/div>\n                    <div class=\"video-container\">\n            <div class=\"video-preview ratio ratio-16x9\">\n                                <lite-vimeo videoid=\"237904871\" style=\"background-image:url('https:\/\/i.vimeocdn.com\/video\/660449611-62416f3f6ca2813e7841a33febf9e1dd13d08e63d6418c9c9dbcd342d8204e32-d_295x166?region=us');\"><\/lite-vimeo>\n                                <\/div>\n            <div class=\"video-description p-2\">\n                Feuchtesensor Hydro-Probe unter einem Sandbunker installiert            <\/div>\n        <\/div>\n                    <div class=\"video-container\">\n            <div class=\"video-preview ratio ratio-16x9\">\n                                <lite-vimeo videoid=\"237881330\" style=\"background-image:url('https:\/\/i.vimeocdn.com\/video\/660419579-186b3e312f2b9a822cce7bec3436104cd7dcb34395bb7185a07a5babc9591fa8-d_295x166?region=us');\"><\/lite-vimeo>\n                                <\/div>\n            <div class=\"video-description p-2\">\n                Ein Hydro-Probe-Sensor zur Feuchtemessung in Zuschlagstoffen unter einem Zuschlagstoffbunker            <\/div>\n        <\/div>\n                    <div class=\"video-container\">\n            <div class=\"video-preview ratio ratio-16x9\">\n                                <lite-vimeo videoid=\"236756585\" style=\"background-image:url('https:\/\/i.vimeocdn.com\/video\/658953105-9ff32e9df02203931c54aed7060d84de89a225793cd5d684a56f6e8d14eb0af7-d_295x166?region=us');\"><\/lite-vimeo>\n                                <\/div>\n            <div class=\"video-description p-2\">\n                Feuchtemessung auf einem Asphalt-F\u00f6rderband mit einem Hydro-Mix-Feuchtesensor            <\/div>\n        <\/div>\n                    <div class=\"video-container\">\n            <div class=\"video-preview ratio ratio-16x9\">\n                                <lite-vimeo videoid=\"236549211\" style=\"background-image:url('https:\/\/i.vimeocdn.com\/video\/658956852-eef3305326ba81bc6ded510c9e3491b201b267f3ee27aef87f145b21720a76a7-d_295x166?region=us');\"><\/lite-vimeo>\n                                <\/div>\n            <div class=\"video-description p-2\">\n                Hydro-Mix-Sensor zur Feuchtemessung w\u00e4hrend der Lehmextrusion in einer Ziegelbrennerei            <\/div>\n        <\/div>\n                    <div class=\"video-container\">\n            <div class=\"video-preview ratio ratio-16x9\">\n                                <lite-vimeo videoid=\"236758000\" style=\"background-image:url('https:\/\/i.vimeocdn.com\/video\/658960798-d22492e323d5209e26f08363610cc93e66dbcaacd6aaaf12215fad0afeb8c5e6-d_295x166?region=us');\"><\/lite-vimeo>\n                                <\/div>\n            <div class=\"video-description p-2\">\n                Feuchtemessung in einem Planetenbetonmischer \u2013 Hydro-Probe Orbiter            <\/div>\n        <\/div>\n                    <div class=\"video-container\">\n            <div class=\"video-preview ratio ratio-16x9\">\n                                <lite-vimeo videoid=\"236757019\" style=\"background-image:url('https:\/\/i.vimeocdn.com\/video\/659115070-dbc791159289b029e87cc92790a2a2f66d2810289adf6752b4225df2d89954eb-d_295x166?region=us');\"><\/lite-vimeo>\n                                <\/div>\n            <div class=\"video-description p-2\">\n                Hydro-Probe Orbiter \u2013 typischer Einbau in einen Mischer            <\/div>\n        <\/div>\n                    <div class=\"video-container\">\n            <div class=\"video-preview ratio ratio-16x9\">\n                                <lite-vimeo videoid=\"236756884\" style=\"background-image:url('https:\/\/i.vimeocdn.com\/video\/659115224-2d0d4018170bca58b36f1b0edd2c5bb04a39c2e9f9fdaae0e15128213c1a8f8c-d_295x166?region=us');\"><\/lite-vimeo>\n                                <\/div>\n            <div class=\"video-description p-2\">\n                Feuchtemessung in zersto\u00dfener Kohle auf einem F\u00f6rderband mit dem Hydro-Mix-Sensor            <\/div>\n        <\/div>\n            <\/div>    <\/div>\n<\/section>\n<script type=module src=\"https:\/\/www.hydronix.com\/wp-content\/themes\/cb-hydronix\/js\/lite-vimeo.js\" defer><\/script>\n\n\n<style>\n.video-grid {\n    display: grid;\n    gap: 1rem;\n}\n@media (min-width:992px) {\n    .video-grid {\n        grid-template-columns: repeat(2, 1fr);\n    }\n}\n@media (min-width:1200px) {\n    .video-grid {\n        grid-template-columns: repeat(3, 1fr);\n    }\n}\nlite-vimeo {\n    background-size: cover;\n    background-position: center;\n    background-repeat: no-repeat;\n}\n.video-description {\n    background-color: #0078a9;\n    color: white;\n    min-height: 4rem;\n}\n<\/style>\n<section class=\"three_col_video py-5  \">\n    <div class=\"container-xl\">\n                <h2>K\u00f6rner, Saaten und N\u00fcsse<\/h2>\n            <div class=\"video-grid\">        <div class=\"video-container\">\n            <div class=\"video-preview ratio ratio-16x9\">\n                                <lite-vimeo videoid=\"241510813\" style=\"background-image:url('https:\/\/i.vimeocdn.com\/video\/665115700-14cd4919690593da2a6f7f8c865f6c6139fcf2a0c195193d2a05e8af6c4e89d5-d_640?region=us');\"><\/lite-vimeo>\n                                <\/div>\n            <div class=\"video-description p-2\">\n                Hydro-Mix-Sensor zur Feuchtemessung in einem Leitungssystem f\u00fcr K\u00f6rner            <\/div>\n        <\/div>\n                    <div class=\"video-container\">\n            <div class=\"video-preview ratio ratio-16x9\">\n                                <lite-vimeo videoid=\"1058564043\" style=\"background-image:url('https:\/\/i.vimeocdn.com\/video\/1984805032-54e7b3666727846cf68493fc2e8e18cce698b68e63f9ff10592184a14b0c12e9-d_295x166?region=us');\"><\/lite-vimeo>\n                                <\/div>\n            <div class=\"video-description p-2\">\n                Feuchtemessung in einem Leitungssystem f\u00fcr Getreide            <\/div>\n        <\/div>\n                    <div class=\"video-container\">\n            <div class=\"video-preview ratio ratio-16x9\">\n                                <lite-vimeo videoid=\"236551434\" style=\"background-image:url('https:\/\/i.vimeocdn.com\/video\/658960129-6f92b7b3553f03471d0c43574f3cad82d7cc1a5a067185eeab756cff512a8b76-d_295x166?region=us');\"><\/lite-vimeo>\n                                <\/div>\n            <div class=\"video-description p-2\">\n                Feuchtemessung in Korn \u2013 Hydronix-Sensor in einem Trogkettenf\u00f6rderer installiert            <\/div>\n        <\/div>\n                    <div class=\"video-container\">\n            <div class=\"video-preview ratio ratio-16x9\">\n                                <lite-vimeo videoid=\"238045049\" style=\"background-image:url('https:\/\/i.vimeocdn.com\/video\/660631353-ffeb5152be64c3ccc17acbfb0e49f088889443bc28ab37fc233b00acaa0a7968-d_295x166?region=us');\"><\/lite-vimeo>\n                                <\/div>\n            <div class=\"video-description p-2\">\n                Feuchtemessung in Reis auf einem F\u00f6rderband mit einem Hydronix-Sensor            <\/div>\n        <\/div>\n            <\/div>    <\/div>\n<\/section>\n<script type=module src=\"https:\/\/www.hydronix.com\/wp-content\/themes\/cb-hydronix\/js\/lite-vimeo.js\" defer><\/script>\n\n\n<style>\n.video-grid {\n    display: grid;\n    gap: 1rem;\n}\n@media (min-width:992px) {\n    .video-grid {\n        grid-template-columns: repeat(2, 1fr);\n    }\n}\n@media (min-width:1200px) {\n    .video-grid {\n        grid-template-columns: repeat(3, 1fr);\n    }\n}\nlite-vimeo {\n    background-size: cover;\n    background-position: center;\n    background-repeat: no-repeat;\n}\n.video-description {\n    background-color: #0078a9;\n    color: white;\n    min-height: 4rem;\n}\n<\/style>\n<section class=\"three_col_video py-5  \">\n    <div class=\"container-xl\">\n                <h2>Zellstoff<\/h2>\n            <div class=\"video-grid\">        <div class=\"video-container\">\n            <div class=\"video-preview ratio ratio-16x9\">\n                                <lite-vimeo videoid=\"564077707\" style=\"background-image:url('https:\/\/i.vimeocdn.com\/video\/1166126551-4d0ffc94686de9dd3c96bc804a192a9299d97c3fb7017345a52134a67db81910-d_295x166?region=us');\"><\/lite-vimeo>\n                                <\/div>\n            <div class=\"video-description p-2\">\n                Hydro-Mix an einem Hydro-Skid in Altpapier            <\/div>\n        <\/div>\n            <\/div>    <\/div>\n<\/section>\n<script type=module src=\"https:\/\/www.hydronix.com\/wp-content\/themes\/cb-hydronix\/js\/lite-vimeo.js\" defer><\/script>\n\n\n<style>\n.video-grid {\n    display: grid;\n    gap: 1rem;\n}\n@media (min-width:992px) {\n    .video-grid {\n        grid-template-columns: repeat(2, 1fr);\n    }\n}\n@media (min-width:1200px) {\n    .video-grid {\n        grid-template-columns: repeat(3, 1fr);\n    }\n}\nlite-vimeo {\n    background-size: cover;\n    background-position: center;\n    background-repeat: no-repeat;\n}\n.video-description {\n    background-color: #0078a9;\n    color: white;\n    min-height: 4rem;\n}\n<\/style>\n<section class=\"three_col_video py-5  \">\n    <div class=\"container-xl\">\n                <h2>Produkt-Trailer<\/h2>\n            <div class=\"video-grid\">        <div class=\"video-container\">\n            <div class=\"video-preview ratio ratio-16x9\">\n                                <lite-vimeo videoid=\"542033540\" style=\"background-image:url('https:\/\/i.vimeocdn.com\/video\/1122179134-69eadad16853bc6fa7c563e5c939b8723e124a2bba38f012b9ee79de38117ade-d_295x166?region=us');\"><\/lite-vimeo>\n                                <\/div>\n            <div class=\"video-description p-2\">\n                Hydro-Mix XT-EX, Pr\u00e4zisionsfeuchtesensor f\u00fcr industrielle Ex-Bereiche            <\/div>\n        <\/div>\n                    <div class=\"video-container\">\n            <div class=\"video-preview ratio ratio-16x9\">\n                                <lite-vimeo videoid=\"769813307\" style=\"background-image:url('https:\/\/i.vimeocdn.com\/video\/1545114059-fe096864101e5ecc2aa87ca499a56e655898fb1f14d68e1fc341591b16ac747a-d_295x166?region=us');\"><\/lite-vimeo>\n                                <\/div>\n            <div class=\"video-description p-2\">\n                Hydro-Mix HT-EX, Hochtemperatursensor f\u00fcr industrielle Ex-Bereiche            <\/div>\n        <\/div>\n                    <div class=\"video-container\">\n            <div class=\"video-preview ratio ratio-16x9\">\n                                <lite-vimeo videoid=\"769842270\" style=\"background-image:url('https:\/\/i.vimeocdn.com\/video\/1545163485-8ec30629dff4fb95021faf7eace3390ac117717309c89ee93477f6c104e89896-d_295x166?region=us');\"><\/lite-vimeo>\n                                <\/div>\n            <div class=\"video-description p-2\">\n                Hydro-Mix XT-FS, lebensmittelsicherer digitaler Mikrowellen-Feuchtesensor mit b\u00fcndigem Einbau            <\/div>\n        <\/div>\n            <\/div>    <\/div>\n<\/section>\n<script type=module src=\"https:\/\/www.hydronix.com\/wp-content\/themes\/cb-hydronix\/js\/lite-vimeo.js\" defer><\/script>\n","protected":false},"excerpt":{"rendered":"<p>Die folgenden Videos sind eine Sammlung von Produkt-Trailern und Beispiele f\u00fcr Hydronix-Feuchtesensoren, die in verschiedenen Anwendungsbereichen installiert sind. F\u00fcr weitere Informationen \u00fcber Anwendungen und Installationen kontaktieren Sie uns. [&#8230;]<\/p>\n<p><a class=\"btn btn-secondary understrap-read-more-link\" href=\"https:\/\/www.hydronix.com\/de\/ressourcen\/hydronix-videobibliothek\/\">Weiterlesen\u00a0\u2026<span class=\"screen-reader-text\"> from Hydronix Videobibliothek<\/span><\/a><\/p>\n","protected":false},"author":1,"featured_media":0,"parent":22190,"menu_order":224,"comment_status":"closed","ping_status":"closed","template":"page-templates\/fullwidthpage.php","meta":{"_acf_changed":false,"content-type":"","inline_featured_image":false,"footnotes":""},"industries":[],"process":[],"class_list":["post-22280","page","type-page","status-publish","hentry"],"acf":[],"yoast_head":"<!-- This site is optimized with the Yoast SEO plugin v27.1.1 - https:\/\/yoast.com\/product\/yoast-seo-wordpress\/ -->\n<title>Hydronix Videobibliothek - Hydronix<\/title>\n<meta name=\"robots\" content=\"index, follow, max-snippet:-1, max-image-preview:large, max-video-preview:-1\" \/>\n<link rel=\"canonical\" href=\"https:\/\/www.hydronix.com\/de\/ressourcen\/hydronix-videobibliothek\/\" \/>\n<meta property=\"og:locale\" content=\"de_DE\" \/>\n<meta property=\"og:type\" content=\"article\" \/>\n<meta property=\"og:title\" content=\"Hydronix Videobibliothek - Hydronix\" \/>\n<meta property=\"og:description\" content=\"Die folgenden Videos sind eine Sammlung von Produkt-Trailern und Beispiele f\u00fcr Hydronix-Feuchtesensoren, die in verschiedenen Anwendungsbereichen installiert sind. F\u00fcr weitere Informationen \u00fcber Anwendungen und Installationen kontaktieren Sie uns. [...]Weiterlesen\u00a0\u2026 from Hydronix Videobibliothek\" \/>\n<meta property=\"og:url\" content=\"https:\/\/www.hydronix.com\/de\/ressourcen\/hydronix-videobibliothek\/\" \/>\n<meta property=\"og:site_name\" content=\"Hydronix\" \/>\n<meta property=\"article:modified_time\" content=\"2025-02-21T12:35:50+00:00\" \/>\n<meta name=\"twitter:card\" content=\"summary_large_image\" \/>\n<meta name=\"twitter:label1\" content=\"Gesch\u00e4tzte Lesezeit\" \/>\n\t<meta name=\"twitter:data1\" content=\"1\u00a0Minute\" \/>\n<script type=\"application\/ld+json\" class=\"yoast-schema-graph\">{\"@context\":\"https:\/\/schema.org\",\"@graph\":[{\"@type\":\"WebPage\",\"@id\":\"https:\/\/www.hydronix.com\/de\/ressourcen\/hydronix-videobibliothek\/\",\"url\":\"https:\/\/www.hydronix.com\/de\/ressourcen\/hydronix-videobibliothek\/\",\"name\":\"Hydronix Videobibliothek - Hydronix\",\"isPartOf\":{\"@id\":\"https:\/\/www.hydronix.com\/de\/#website\"},\"datePublished\":\"2022-09-12T15:36:48+00:00\",\"dateModified\":\"2025-02-21T12:35:50+00:00\",\"breadcrumb\":{\"@id\":\"https:\/\/www.hydronix.com\/de\/ressourcen\/hydronix-videobibliothek\/#breadcrumb\"},\"inLanguage\":\"de\",\"potentialAction\":[{\"@type\":\"ReadAction\",\"target\":[\"https:\/\/www.hydronix.com\/de\/ressourcen\/hydronix-videobibliothek\/\"]}]},{\"@type\":\"BreadcrumbList\",\"@id\":\"https:\/\/www.hydronix.com\/de\/ressourcen\/hydronix-videobibliothek\/#breadcrumb\",\"itemListElement\":[{\"@type\":\"ListItem\",\"position\":1,\"name\":\"Home\",\"item\":\"https:\/\/www.hydronix.com\/de\/\"},{\"@type\":\"ListItem\",\"position\":2,\"name\":\"Ressourcen\",\"item\":\"https:\/\/www.hydronix.com\/de\/ressourcen\/\"},{\"@type\":\"ListItem\",\"position\":3,\"name\":\"Hydronix Videobibliothek\"}]},{\"@type\":\"WebSite\",\"@id\":\"https:\/\/www.hydronix.com\/de\/#website\",\"url\":\"https:\/\/www.hydronix.com\/de\/\",\"name\":\"Hydronix\",\"description\":\"Your partner in moisture measurement\",\"potentialAction\":[{\"@type\":\"SearchAction\",\"target\":{\"@type\":\"EntryPoint\",\"urlTemplate\":\"https:\/\/www.hydronix.com\/de\/?s={search_term_string}\"},\"query-input\":{\"@type\":\"PropertyValueSpecification\",\"valueRequired\":true,\"valueName\":\"search_term_string\"}}],\"inLanguage\":\"de\"}]}<\/script>\n<!-- \/ Yoast SEO plugin. -->","yoast_head_json":{"title":"Hydronix Videobibliothek - Hydronix","robots":{"index":"index","follow":"follow","max-snippet":"max-snippet:-1","max-image-preview":"max-image-preview:large","max-video-preview":"max-video-preview:-1"},"canonical":"https:\/\/www.hydronix.com\/de\/ressourcen\/hydronix-videobibliothek\/","og_locale":"de_DE","og_type":"article","og_title":"Hydronix Videobibliothek - Hydronix","og_description":"Die folgenden Videos sind eine Sammlung von Produkt-Trailern und Beispiele f\u00fcr Hydronix-Feuchtesensoren, die in verschiedenen Anwendungsbereichen installiert sind. F\u00fcr weitere Informationen \u00fcber Anwendungen und Installationen kontaktieren Sie uns. [...]Weiterlesen\u00a0\u2026 from Hydronix Videobibliothek","og_url":"https:\/\/www.hydronix.com\/de\/ressourcen\/hydronix-videobibliothek\/","og_site_name":"Hydronix","article_modified_time":"2025-02-21T12:35:50+00:00","twitter_card":"summary_large_image","twitter_misc":{"Gesch\u00e4tzte Lesezeit":"1\u00a0Minute"},"schema":{"@context":"https:\/\/schema.org","@graph":[{"@type":"WebPage","@id":"https:\/\/www.hydronix.com\/de\/ressourcen\/hydronix-videobibliothek\/","url":"https:\/\/www.hydronix.com\/de\/ressourcen\/hydronix-videobibliothek\/","name":"Hydronix Videobibliothek - Hydronix","isPartOf":{"@id":"https:\/\/www.hydronix.com\/de\/#website"},"datePublished":"2022-09-12T15:36:48+00:00","dateModified":"2025-02-21T12:35:50+00:00","breadcrumb":{"@id":"https:\/\/www.hydronix.com\/de\/ressourcen\/hydronix-videobibliothek\/#breadcrumb"},"inLanguage":"de","potentialAction":[{"@type":"ReadAction","target":["https:\/\/www.hydronix.com\/de\/ressourcen\/hydronix-videobibliothek\/"]}]},{"@type":"BreadcrumbList","@id":"https:\/\/www.hydronix.com\/de\/ressourcen\/hydronix-videobibliothek\/#breadcrumb","itemListElement":[{"@type":"ListItem","position":1,"name":"Home","item":"https:\/\/www.hydronix.com\/de\/"},{"@type":"ListItem","position":2,"name":"Ressourcen","item":"https:\/\/www.hydronix.com\/de\/ressourcen\/"},{"@type":"ListItem","position":3,"name":"Hydronix Videobibliothek"}]},{"@type":"WebSite","@id":"https:\/\/www.hydronix.com\/de\/#website","url":"https:\/\/www.hydronix.com\/de\/","name":"Hydronix","description":"Your partner in moisture measurement","potentialAction":[{"@type":"SearchAction","target":{"@type":"EntryPoint","urlTemplate":"https:\/\/www.hydronix.com\/de\/?s={search_term_string}"},"query-input":{"@type":"PropertyValueSpecification","valueRequired":true,"valueName":"search_term_string"}}],"inLanguage":"de"}]}},"_links":{"self":[{"href":"https:\/\/www.hydronix.com\/de\/wp-json\/wp\/v2\/pages\/22280","targetHints":{"allow":["GET"]}}],"collection":[{"href":"https:\/\/www.hydronix.com\/de\/wp-json\/wp\/v2\/pages"}],"about":[{"href":"https:\/\/www.hydronix.com\/de\/wp-json\/wp\/v2\/types\/page"}],"author":[{"embeddable":true,"href":"https:\/\/www.hydronix.com\/de\/wp-json\/wp\/v2\/users\/1"}],"replies":[{"embeddable":true,"href":"https:\/\/www.hydronix.com\/de\/wp-json\/wp\/v2\/comments?post=22280"}],"version-history":[{"count":4,"href":"https:\/\/www.hydronix.com\/de\/wp-json\/wp\/v2\/pages\/22280\/revisions"}],"predecessor-version":[{"id":39394,"href":"https:\/\/www.hydronix.com\/de\/wp-json\/wp\/v2\/pages\/22280\/revisions\/39394"}],"up":[{"embeddable":true,"href":"https:\/\/www.hydronix.com\/de\/wp-json\/wp\/v2\/pages\/22190"}],"wp:attachment":[{"href":"https:\/\/www.hydronix.com\/de\/wp-json\/wp\/v2\/media?parent=22280"}],"wp:term":[{"taxonomy":"industries","embeddable":true,"href":"https:\/\/www.hydronix.com\/de\/wp-json\/wp\/v2\/industries?post=22280"},{"taxonomy":"process","embeddable":true,"href":"https:\/\/www.hydronix.com\/de\/wp-json\/wp\/v2\/process?post=22280"}],"curies":[{"name":"wp","href":"https:\/\/api.w.org\/{rel}","templated":true}]}}