{"id":22236,"date":"2022-09-12T14:42:31","date_gmt":"2022-09-12T14:42:31","guid":{"rendered":"https:\/\/hydronix.chilliservers.co.uk\/anschliessen\/"},"modified":"2024-02-02T15:09:48","modified_gmt":"2024-02-02T15:09:48","slug":"verbinden","status":"publish","type":"page","link":"https:\/\/www.hydronix.com\/de\/verbinden\/","title":{"rendered":"Verbinden"},"content":{"rendered":"<!-- icon_hero -->\n<section class=\"application_hero d-flex py-5\" style=\"background-image:url(https:\/\/www.hydronix.com\/wp-content\/uploads\/2022\/11\/W-connect.jpg)\">\n    <div class=\"overlay\"><\/div>\n    <div class=\"container my-auto\">\n        <div class=\"row\">\n            <div class=\"col-lg-2\"><img decoding=\"async\" src=\"https:\/\/www.hydronix.com\/wp-content\/themes\/cb-hydronix\/img\/icons\/icon__connect--wo.svg\" class=\"w-50 w-lg-100\"><\/div>\n            <div class=\"col-lg-10 d-flex hero__content\"><h1 class=\"my-auto text-white\">Verbinden<\/h1><\/div>\n        <\/div>\n    <\/div>\n<\/section>\n<section class=\"sub_page_title py-1 mb-4\">\n    <div class=\"container-xl\">\n        <p id=\"breadcrumbs\"><span><span><a href=\"https:\/\/www.hydronix.com\/de\/\">Home<\/a><\/span><\/span><\/p>    <\/div>\n<\/section>\n\n\n    <div class=\"container-xl\">\n\t\t\n<p>Hydronix hat verschiedene Schnittstellen entwickelt, um unsere Feuchtesensoren anzuschlie\u00dfen, zu konfigurieren, zu \u00fcberpr\u00fcfen und zu kalibrieren und so ein globales Netzwerk von Sensoren geschaffen. \u00dcber diese Schnittstellen k\u00f6nnen Daten zur Feuchte auch von externen Systemen zur weiteren Analyse erfasst werden.<\/p>\n    <\/div>\n    \n\n<!-- products -->\n<section class=\"prod_by_app product pb-5\">\n    <div class=\"container-xl\">\n        <h2>Produkte<\/h2>\n        <div class=\"row g-3\">\n\n    <div class=\"col-sm-6 col-lg-3\">\n        <a class=\"product__card\" href=\"https:\/\/www.hydronix.com\/de\/produkte\/hydro-view\/\">\n            <img decoding=\"async\" src=\"https:\/\/www.hydronix.com\/wp-content\/uploads\/2023\/10\/HV05-screenshot-smaller-300x265.png\">\n            <div class=\"mb-2 fw-bold\">Hydro-View<\/div>\n            <div class=\"mb-2 product__subtitle\">Touchscreen-System zur Anzeige von Daten und zur Verwaltung von Hydronix-Sensoren<\/div>\n            <div class=\"badges\">\n                            <\/div>\n        <\/a>\n    <\/div>\n        <div class=\"col-sm-6 col-lg-3\">\n        <a class=\"product__card\" href=\"https:\/\/www.hydronix.com\/de\/produkte\/hydro-hub\/\">\n            <img decoding=\"async\" src=\"https:\/\/www.hydronix.com\/wp-content\/uploads\/2022\/09\/HH01-300x169.png\">\n            <div class=\"mb-2 fw-bold\">Hydro-Hub<\/div>\n            <div class=\"mb-2 product__subtitle\">Einfacher Anschluss von Hydronix-Sensoren an B\u00fcro- und Feldbus-Netzwerke<\/div>\n            <div class=\"badges\">\n                            <\/div>\n        <\/a>\n    <\/div>\n        <div class=\"col-sm-6 col-lg-3\">\n        <a class=\"product__card\" href=\"https:\/\/www.hydronix.com\/de\/produkte\/ethernet-adapter\/\">\n            <img decoding=\"async\" src=\"https:\/\/www.hydronix.com\/wp-content\/uploads\/2022\/09\/ea01-hero-300x169.png\">\n            <div class=\"mb-2 fw-bold\">Ethernet-Adapter<\/div>\n            <div class=\"mb-2 product__subtitle\">Vernetzen von Hydronix-Feuchtesensoren und -Steuerungen<\/div>\n            <div class=\"badges\">\n                            <\/div>\n        <\/a>\n    <\/div>\n        <div class=\"col-sm-6 col-lg-3\">\n        <a class=\"product__card\" href=\"https:\/\/www.hydronix.com\/de\/produkte\/usb-sensorschnittstellenmodul\/\">\n            <img decoding=\"async\" src=\"https:\/\/www.hydronix.com\/wp-content\/uploads\/2022\/09\/simXX-hero-300x169.png\">\n            <div class=\"mb-2 fw-bold\">USB-Sensorschnittstellenmodul<\/div>\n            <div class=\"mb-2 product__subtitle\">Anschlie\u00dfen von Hydronix-Feuchtesensoren an einen PC oder Laptop<\/div>\n            <div class=\"badges\">\n                            <\/div>\n        <\/a>\n    <\/div>\n            <\/div>\n    <\/div>\n<\/section>\n\n<!-- latest -->\n<section class=\"latest\">\n    <div class=\"latest__heading py-4\">\n        <div class=\"container-xl\">\n            <h2>Zugeh\u00f6rige Meldungen, Blogeintr\u00e4ge und Veranstaltungen<\/h2>\n        <\/div>\n    <\/div>\n    <div class=\"container py-5\">\n        <div class=\"row g-5\">\n            <div class=\"col-lg-7\">\n                                <a href=\"https:\/\/www.hydronix.com\/de\/resources\/blogs\/why-should-i-care-about-moisture\/\" class=\"latest__item mb-4\">\n                    <div class=\"row mb-4\">\n                        <div class=\"col-md-8\">\n                            <div class=\"latest__title\">Why Should I Care about Moisture?<\/div>\n                            <div class=\"latest__date\">11 November 2020<\/div>\n                            <div class=\"latest__intro\">Edited 14 February 2024 Benefits of Measuring Moisture in Grain Processing Recent advances in moisture&hellip;<\/div>\n                        <\/div>\n                        <div class=\"col-md-4 text-center\">\n                            <img decoding=\"async\" src=\"https:\/\/www.hydronix.com\/wp-content\/uploads\/2020\/11\/Hydronix-man-holding-grain-in-field_smaller-300x200.jpg\" alt=\"\" class=\"latest__image\">\n                        <\/div>\n                    <\/div>\n                <\/a>\n                                    <a href=\"https:\/\/www.hydronix.com\/de\/resources\/blogs\/relative-vs-absolute-values-for-control\/\" class=\"latest__item mb-4\">\n                    <div class=\"row mb-4\">\n                        <div class=\"col-md-8\">\n                            <div class=\"latest__title\">Precision Without Complexity: The Power of Relative Values for Control<\/div>\n                            <div class=\"latest__date\">2 Dezember 2025<\/div>\n                            <div class=\"latest__intro\">Introduction Modern industrial processing relies heavily on automation. Moisture is one of the most influential&hellip;<\/div>\n                        <\/div>\n                        <div class=\"col-md-4 text-center\">\n                            <img decoding=\"async\" src=\"https:\/\/www.hydronix.com\/wp-content\/smush-webp\/2025\/12\/iStock-1330811086_water-droplets-small-300x177.png.webp\" alt=\"\" class=\"latest__image\">\n                        <\/div>\n                    <\/div>\n                <\/a>\n                                    <a href=\"https:\/\/www.hydronix.com\/de\/resources\/blogs\/last-order-date-for-2025-delivery\/\" class=\"latest__item mb-4\">\n                    <div class=\"row mb-4\">\n                        <div class=\"col-md-8\">\n                            <div class=\"latest__title\">Last Order Date for 2025 Delivery<\/div>\n                            <div class=\"latest__date\">24 November 2025<\/div>\n                            <div class=\"latest__intro\">To ensure delivery before the end of the year, please note the following order and&hellip;<\/div>\n                        <\/div>\n                        <div class=\"col-md-4 text-center\">\n                            <img decoding=\"async\" src=\"https:\/\/www.hydronix.com\/wp-content\/smush-webp\/2025\/11\/iStock-2226629156-HappyHolidays-adjusted2-300x109.png.webp\" alt=\"\" class=\"latest__image\">\n                        <\/div>\n                    <\/div>\n                <\/a>\n                                    <div>\n                    <a href=\"\/resources\/\" class=\"mx-auto btn btn--orange\">Hydronix Resource Hub<\/a>\n                <\/div>\n            <\/div>\n            <div class=\"col-lg-5\">\n                                <a href=\"https:\/\/www.hydronix.com\/de\/ressourcen\/veranstaltungen\/victam-international-2026\/\" class=\"evt__item mb-4\">\n                    <div class=\"row evt mx-0\">\n                        <div class=\"col-md-4 px-0\"><div class=\"evt__edate evt__edate--organic\">2 June, 2026<\/div><\/div>\n                        <div class=\"col-md-8 py-2 evt__detail\">\n                            <div class=\"evt__title\">Victam International 2026<\/div>\n                            <div class=\"evt__loca\">Jaarbeurs, Utrecht, The Netherlands<\/div>\n                        <\/div>\n                    <\/div>\n                <\/a>\n                                <a href=\"https:\/\/www.hydronix.com\/de\/ressourcen\/veranstaltungen\/bauma-conexpo-india-2026\/\" class=\"evt__item mb-4\">\n                    <div class=\"row evt mx-0\">\n                        <div class=\"col-md-4 px-0\"><div class=\"evt__edate evt__edate--concrete\">15 September, 2026<\/div><\/div>\n                        <div class=\"col-md-8 py-2 evt__detail\">\n                            <div class=\"evt__title\">bauma CONEXPO India 2026<\/div>\n                            <div class=\"evt__loca\">India Expo Centre, Greater Noida | India<\/div>\n                        <\/div>\n                    <\/div>\n                <\/a>\n                                <a href=\"https:\/\/www.hydronix.com\/de\/ressourcen\/veranstaltungen\/sim-chalons-en-champagne\/\" class=\"evt__item mb-4\">\n                    <div class=\"row evt mx-0\">\n                        <div class=\"col-md-4 px-0\"><div class=\"evt__edate evt__edate--concrete\">7 October, 2026<\/div><\/div>\n                        <div class=\"col-md-8 py-2 evt__detail\">\n                            <div class=\"evt__title\">SIM Ch\u00e2lons-en-Champagne<\/div>\n                            <div class=\"evt__loca\">Parc des Expositions, Ch\u00e2lons-en-Champagne | France<\/div>\n                        <\/div>\n                    <\/div>\n                <\/a>\n                                <a href=\"https:\/\/www.hydronix.com\/de\/ressourcen\/veranstaltungen\/vractech-douai-2026\/\" class=\"evt__item mb-4\">\n                    <div class=\"row evt mx-0\">\n                        <div class=\"col-md-4 px-0\"><div class=\"evt__edate evt__edate--organic\">17 November, 2026<\/div><\/div>\n                        <div class=\"col-md-8 py-2 evt__detail\">\n                            <div class=\"evt__title\">VracTech Douai 2026<\/div>\n                            <div class=\"evt__loca\">Douai | France<\/div>\n                        <\/div>\n                    <\/div>\n                <\/a>\n                                <div>\n                    <a href=\"\/resources\/events\/\" class=\"mx-auto btn btn--orange\">Alle Veranstaltungen<\/a>\n                <\/div>\n            <\/div>\n        <\/div>\n    <\/div>\n<\/section>","protected":false},"excerpt":{"rendered":"<p>Hydronix hat verschiedene Schnittstellen entwickelt, um unsere Feuchtesensoren anzuschlie\u00dfen, zu konfigurieren, zu \u00fcberpr\u00fcfen und zu kalibrieren und so ein globales Netzwerk von Sensoren geschaffen. \u00dcber diese Schnittstellen k\u00f6nnen Daten zur Feuchte auch von externen Systemen zur weiteren Analyse erfasst werden. [&#8230;]<\/p>\n<p><a class=\"btn btn-secondary understrap-read-more-link\" href=\"https:\/\/www.hydronix.com\/de\/verbinden\/\">Weiterlesen\u00a0\u2026<span class=\"screen-reader-text\"> from Verbinden<\/span><\/a><\/p>\n","protected":false},"author":1,"featured_media":0,"parent":0,"menu_order":109,"comment_status":"closed","ping_status":"closed","template":"","meta":{"_acf_changed":false,"content-type":"","inline_featured_image":false,"footnotes":""},"industries":[],"process":[],"class_list":["post-22236","page","type-page","status-publish","hentry"],"acf":[],"yoast_head":"<!-- This site is optimized with the Yoast SEO plugin v27.1.1 - https:\/\/yoast.com\/product\/yoast-seo-wordpress\/ -->\n<title>Verbinden - Hydronix<\/title>\n<meta name=\"robots\" content=\"index, follow, max-snippet:-1, max-image-preview:large, max-video-preview:-1\" \/>\n<link rel=\"canonical\" href=\"https:\/\/www.hydronix.com\/de\/verbinden\/\" \/>\n<meta property=\"og:locale\" content=\"de_DE\" \/>\n<meta property=\"og:type\" content=\"article\" \/>\n<meta property=\"og:title\" content=\"Verbinden - Hydronix\" \/>\n<meta property=\"og:description\" content=\"Hydronix hat verschiedene Schnittstellen entwickelt, um unsere Feuchtesensoren anzuschlie\u00dfen, zu konfigurieren, zu \u00fcberpr\u00fcfen und zu kalibrieren und so ein globales Netzwerk von Sensoren geschaffen. \u00dcber diese Schnittstellen k\u00f6nnen Daten zur Feuchte auch von externen Systemen zur weiteren Analyse erfasst werden. [...]Weiterlesen\u00a0\u2026 from Verbinden\" \/>\n<meta property=\"og:url\" content=\"https:\/\/www.hydronix.com\/de\/verbinden\/\" \/>\n<meta property=\"og:site_name\" content=\"Hydronix\" \/>\n<meta property=\"article:modified_time\" content=\"2024-02-02T15:09:48+00:00\" \/>\n<meta name=\"twitter:card\" content=\"summary_large_image\" \/>\n<meta name=\"twitter:label1\" content=\"Gesch\u00e4tzte Lesezeit\" \/>\n\t<meta name=\"twitter:data1\" content=\"1\u00a0Minute\" \/>\n<script type=\"application\/ld+json\" class=\"yoast-schema-graph\">{\"@context\":\"https:\/\/schema.org\",\"@graph\":[{\"@type\":\"WebPage\",\"@id\":\"https:\/\/www.hydronix.com\/de\/verbinden\/\",\"url\":\"https:\/\/www.hydronix.com\/de\/verbinden\/\",\"name\":\"Verbinden - Hydronix\",\"isPartOf\":{\"@id\":\"https:\/\/www.hydronix.com\/de\/#website\"},\"datePublished\":\"2022-09-12T14:42:31+00:00\",\"dateModified\":\"2024-02-02T15:09:48+00:00\",\"breadcrumb\":{\"@id\":\"https:\/\/www.hydronix.com\/de\/verbinden\/#breadcrumb\"},\"inLanguage\":\"de\",\"potentialAction\":[{\"@type\":\"ReadAction\",\"target\":[\"https:\/\/www.hydronix.com\/de\/verbinden\/\"]}]},{\"@type\":\"BreadcrumbList\",\"@id\":\"https:\/\/www.hydronix.com\/de\/verbinden\/#breadcrumb\",\"itemListElement\":[{\"@type\":\"ListItem\",\"position\":1,\"name\":\"Home\",\"item\":\"https:\/\/www.hydronix.com\/de\/\"},{\"@type\":\"ListItem\",\"position\":2,\"name\":\"Verbinden\"}]},{\"@type\":\"WebSite\",\"@id\":\"https:\/\/www.hydronix.com\/de\/#website\",\"url\":\"https:\/\/www.hydronix.com\/de\/\",\"name\":\"Hydronix\",\"description\":\"Your partner in moisture measurement\",\"potentialAction\":[{\"@type\":\"SearchAction\",\"target\":{\"@type\":\"EntryPoint\",\"urlTemplate\":\"https:\/\/www.hydronix.com\/de\/?s={search_term_string}\"},\"query-input\":{\"@type\":\"PropertyValueSpecification\",\"valueRequired\":true,\"valueName\":\"search_term_string\"}}],\"inLanguage\":\"de\"}]}<\/script>\n<!-- \/ Yoast SEO plugin. -->","yoast_head_json":{"title":"Verbinden - Hydronix","robots":{"index":"index","follow":"follow","max-snippet":"max-snippet:-1","max-image-preview":"max-image-preview:large","max-video-preview":"max-video-preview:-1"},"canonical":"https:\/\/www.hydronix.com\/de\/verbinden\/","og_locale":"de_DE","og_type":"article","og_title":"Verbinden - Hydronix","og_description":"Hydronix hat verschiedene Schnittstellen entwickelt, um unsere Feuchtesensoren anzuschlie\u00dfen, zu konfigurieren, zu \u00fcberpr\u00fcfen und zu kalibrieren und so ein globales Netzwerk von Sensoren geschaffen. \u00dcber diese Schnittstellen k\u00f6nnen Daten zur Feuchte auch von externen Systemen zur weiteren Analyse erfasst werden. [...]Weiterlesen\u00a0\u2026 from Verbinden","og_url":"https:\/\/www.hydronix.com\/de\/verbinden\/","og_site_name":"Hydronix","article_modified_time":"2024-02-02T15:09:48+00:00","twitter_card":"summary_large_image","twitter_misc":{"Gesch\u00e4tzte Lesezeit":"1\u00a0Minute"},"schema":{"@context":"https:\/\/schema.org","@graph":[{"@type":"WebPage","@id":"https:\/\/www.hydronix.com\/de\/verbinden\/","url":"https:\/\/www.hydronix.com\/de\/verbinden\/","name":"Verbinden - Hydronix","isPartOf":{"@id":"https:\/\/www.hydronix.com\/de\/#website"},"datePublished":"2022-09-12T14:42:31+00:00","dateModified":"2024-02-02T15:09:48+00:00","breadcrumb":{"@id":"https:\/\/www.hydronix.com\/de\/verbinden\/#breadcrumb"},"inLanguage":"de","potentialAction":[{"@type":"ReadAction","target":["https:\/\/www.hydronix.com\/de\/verbinden\/"]}]},{"@type":"BreadcrumbList","@id":"https:\/\/www.hydronix.com\/de\/verbinden\/#breadcrumb","itemListElement":[{"@type":"ListItem","position":1,"name":"Home","item":"https:\/\/www.hydronix.com\/de\/"},{"@type":"ListItem","position":2,"name":"Verbinden"}]},{"@type":"WebSite","@id":"https:\/\/www.hydronix.com\/de\/#website","url":"https:\/\/www.hydronix.com\/de\/","name":"Hydronix","description":"Your partner in moisture measurement","potentialAction":[{"@type":"SearchAction","target":{"@type":"EntryPoint","urlTemplate":"https:\/\/www.hydronix.com\/de\/?s={search_term_string}"},"query-input":{"@type":"PropertyValueSpecification","valueRequired":true,"valueName":"search_term_string"}}],"inLanguage":"de"}]}},"_links":{"self":[{"href":"https:\/\/www.hydronix.com\/de\/wp-json\/wp\/v2\/pages\/22236","targetHints":{"allow":["GET"]}}],"collection":[{"href":"https:\/\/www.hydronix.com\/de\/wp-json\/wp\/v2\/pages"}],"about":[{"href":"https:\/\/www.hydronix.com\/de\/wp-json\/wp\/v2\/types\/page"}],"author":[{"embeddable":true,"href":"https:\/\/www.hydronix.com\/de\/wp-json\/wp\/v2\/users\/1"}],"replies":[{"embeddable":true,"href":"https:\/\/www.hydronix.com\/de\/wp-json\/wp\/v2\/comments?post=22236"}],"version-history":[{"count":0,"href":"https:\/\/www.hydronix.com\/de\/wp-json\/wp\/v2\/pages\/22236\/revisions"}],"wp:attachment":[{"href":"https:\/\/www.hydronix.com\/de\/wp-json\/wp\/v2\/media?parent=22236"}],"wp:term":[{"taxonomy":"industries","embeddable":true,"href":"https:\/\/www.hydronix.com\/de\/wp-json\/wp\/v2\/industries?post=22236"},{"taxonomy":"process","embeddable":true,"href":"https:\/\/www.hydronix.com\/de\/wp-json\/wp\/v2\/process?post=22236"}],"curies":[{"name":"wp","href":"https:\/\/api.w.org\/{rel}","templated":true}]}}