{"id":22227,"date":"2022-09-12T13:57:02","date_gmt":"2022-09-12T13:57:02","guid":{"rendered":"https:\/\/hydronix.chilliservers.co.uk\/beton-und-baugewerbe\/"},"modified":"2024-09-10T12:21:02","modified_gmt":"2024-09-10T12:21:02","slug":"beton-und-baugewerbe","status":"publish","type":"page","link":"https:\/\/www.hydronix.com\/de\/messen\/beton-und-baugewerbe\/","title":{"rendered":"Beton und Baugewerbe"},"content":{"rendered":"<!-- icon_hero -->\n<section class=\"application_hero d-flex py-5\" style=\"background-image:url(https:\/\/www.hydronix.com\/wp-content\/uploads\/2022\/09\/application-bg-concrete.jpg)\">\n    <div class=\"overlay\"><\/div>\n    <div class=\"container my-auto\">\n        <div class=\"row\">\n            <div class=\"col-lg-2\"><img decoding=\"async\" src=\"https:\/\/www.hydronix.com\/wp-content\/themes\/cb-hydronix\/img\/icons\/icon__concrete-construction--wo.svg\" class=\"w-50 w-lg-100\"><\/div>\n            <div class=\"col-lg-10 d-flex hero__content\"><h1 class=\"my-auto text-white\">Beton und Baugewerbe<\/h1><\/div>\n        <\/div>\n    <\/div>\n<\/section>\n<section class=\"sub_page_title py-1 mb-4\">\n    <div class=\"container-xl\">\n        <p id=\"breadcrumbs\"><span><span><a href=\"https:\/\/www.hydronix.com\/de\/\">Home<\/a><\/span><\/span><\/p>    <\/div>\n<\/section>\n\n\n    <div class=\"container-xl\">\n\t\t\n<p>Diese Hydronix-Sensoren wurden urspr\u00fcnglich f\u00fcr die Feuchtemessung in der Betonproduktion entwickelt und sollen die anspruchsvollen Bedingungen in flie\u00dff\u00e4higen Zuschlagstoffen sowie die Verwirbelungen in Betonmischern \u00fcberdauern. Hersteller m\u00fcssen hochwertigen Beton produzieren, der strikten Spezifikationen gen\u00fcgt \u2013 Charge f\u00fcr Charge bei minimalen Kosten.<\/p>\n    <\/div>\n    \n\n<!-- text_video -->\n<section class=\"text_video  py-5\">\n    <div class=\"container-xl\">\n        <div class=\"row\">\n            <div class=\"col-lg-5 text_video__content order-1 order-lg-1 mb-4 mb-lg-0 pt-5 py-md-5\">\n                <h2>Produkt\u00fcbersicht<\/h2><div class=\"fs-4 mb-4\">FEUCHTIGKEITSKONTROLLE BEI DER BETONMISCHUNG<\/div>                <div class=\"content mb-4\"><p>Dieses Video gibt einen \u00dcberblick \u00fcber die Hydronix-Produktpalette, die speziell f\u00fcr die Beton- und Bauindustrie entwickelt wurde.<\/p>\n<\/div>\n                            <\/div>\n            <div class=\"col-lg-7 mb-4 mb-lg-0 d-flex order-2 order-lg-2\">\n                <div class=\"video__container w-100 my-auto\" style=\"background-color:#1a1a1a\">\n                                        <div class=\"ratio ratio-16x9 mx-auto\">\n                                                <iframe src=\"https:\/\/player.vimeo.com\/video\/998723339?byline=0&#038;portrait=0\" allow=\"autoplay; fullscreen; picture-in-picture\" webkitallowfullscreen mozallowfullscreen allowfullscreen><\/iframe>\n                                                <\/div>\n                    <!-- <lite-vimeo videoid=\"998723339\" style=\"background-image:url('');\"><\/lite-vimeo> -->\n                <\/div>\n            <\/div>\n        <\/div>\n    <\/div>\n<\/section>\n<!-- <script type=module src=\"https:\/\/cdn.jsdelivr.net\/npm\/@slightlyoff\/lite-vimeo@0.1.1\/lite-vimeo.js\"><\/script> -->\n\n<!-- products -->\n<section class=\"prod_by_app product pb-5\">\n    <div class=\"container-xl\">\n        <h2>Produkte<\/h2>\n        <div class=\"row g-3\">\n\n    <div class=\"col-sm-6 col-lg-3\">\n        <a class=\"product__card\" href=\"https:\/\/www.hydronix.com\/de\/produkte\/hydro-probe\/\">\n            <img decoding=\"async\" src=\"https:\/\/www.hydronix.com\/wp-content\/uploads\/2022\/09\/Hydro-Probe-300x169.png\">\n            <div class=\"mb-2 fw-bold\">Hydro-Probe<\/div>\n            <div class=\"mb-2 product__subtitle\">Feuchtesensor: F\u00fcr Bunker, Sch\u00fctten<\/div>\n            <div class=\"badges\">\n                            <\/div>\n        <\/a>\n    <\/div>\n        <div class=\"col-sm-6 col-lg-3\">\n        <a class=\"product__card\" href=\"https:\/\/www.hydronix.com\/de\/produkte\/hydro-mix\/\">\n            <img decoding=\"async\" src=\"https:\/\/www.hydronix.com\/wp-content\/uploads\/2022\/10\/hm08-hero-300x169.png\">\n            <div class=\"mb-2 fw-bold\">Hydro-Mix<\/div>\n            <div class=\"mb-2 product__subtitle\">Feuchtesensor: B\u00fcndiger Einbau f\u00fcr Mischer und F\u00f6rderer<\/div>\n            <div class=\"badges\">\n                            <\/div>\n        <\/a>\n    <\/div>\n        <div class=\"col-sm-6 col-lg-3\">\n        <a class=\"product__card\" href=\"https:\/\/www.hydronix.com\/de\/produkte\/hydro-probe-orbiter\/\">\n            <img decoding=\"async\" src=\"https:\/\/www.hydronix.com\/wp-content\/uploads\/2022\/11\/orb3-flat-front-300x169.png\">\n            <div class=\"mb-2 fw-bold\">Hydro-Probe Orbiter<\/div>\n            <div class=\"mb-2 product__subtitle\">Feuchtesensor: F\u00fcr Umlauftrogmischer<\/div>\n            <div class=\"badges\">\n                                        <div class=\"badge badge--high-temp\"><\/div>\n                                    <\/div>\n        <\/a>\n    <\/div>\n        <div class=\"col-sm-6 col-lg-3\">\n        <a class=\"product__card\" href=\"https:\/\/www.hydronix.com\/de\/produkte\/thermo-tuff\/\">\n            <img decoding=\"async\" src=\"https:\/\/www.hydronix.com\/wp-content\/uploads\/2022\/11\/tt01-persp-300x169.png\">\n            <div class=\"mb-2 fw-bold\">Thermo-Tuff<\/div>\n            <div class=\"mb-2 product__subtitle\">Temperatursensor: Robuster Hochgeschwindigkeitssensor f\u00fcr Bunker und Mischer<\/div>\n            <div class=\"badges\">\n                                        <div class=\"badge badge--high-temp\"><\/div>\n                                    <\/div>\n        <\/a>\n    <\/div>\n        <div class=\"col-sm-6 col-lg-3\">\n        <a class=\"product__card\" href=\"https:\/\/www.hydronix.com\/de\/produkte\/hydro-control\/\">\n            <img decoding=\"async\" src=\"https:\/\/www.hydronix.com\/wp-content\/uploads\/2022\/09\/HC07screenshot-300x216.png\">\n            <div class=\"mb-2 fw-bold\">Hydro-Control<\/div>\n            <div class=\"mb-2 product__subtitle\">Wassersteuersystem<\/div>\n            <div class=\"badges\">\n                            <\/div>\n        <\/a>\n    <\/div>\n        <div class=\"col-sm-6 col-lg-3\">\n        <a class=\"product__card\" href=\"https:\/\/www.hydronix.com\/de\/produkte\/hydro-hub\/\">\n            <img decoding=\"async\" src=\"https:\/\/www.hydronix.com\/wp-content\/uploads\/2022\/09\/HH01-300x169.png\">\n            <div class=\"mb-2 fw-bold\">Hydro-Hub<\/div>\n            <div class=\"mb-2 product__subtitle\">Einfacher Anschluss von Hydronix-Sensoren an B\u00fcro- und Feldbus-Netzwerke<\/div>\n            <div class=\"badges\">\n                            <\/div>\n        <\/a>\n    <\/div>\n        <div class=\"col-sm-6 col-lg-3\">\n        <a class=\"product__card\" href=\"https:\/\/www.hydronix.com\/de\/produkte\/hydro-view\/\">\n            <img decoding=\"async\" src=\"https:\/\/www.hydronix.com\/wp-content\/uploads\/2023\/10\/HV05-screenshot-smaller-300x265.png\">\n            <div class=\"mb-2 fw-bold\">Hydro-View<\/div>\n            <div class=\"mb-2 product__subtitle\">Touchscreen-System zur Anzeige von Daten und zur Verwaltung von Hydronix-Sensoren<\/div>\n            <div class=\"badges\">\n                            <\/div>\n        <\/a>\n    <\/div>\n            <\/div>\n    <\/div>\n<\/section>\n\n<section class=\"aggregate-plant pt-4 pb-5\">\n    <div class=\"container-xl\">\n        <h2>Einbaupunkte<\/h2>\n        <div class=\"row\">\n            <div class=\"col-md-8 mb-4\">\n                <img decoding=\"async\" src=\"https:\/\/www.hydronix.com\/wp-content\/themes\/cb-hydronix\/img\/plant\/aggregate-plant--dots.png\" alt=\"aggregate plant\" class=\"sc-map img-fluid\" usemap=\"#imageMap\">\n            <\/div>\n            <div class=\"col-md-4\">\n                <div class=\"plant\" id=\"plantInfo\">\n                    <div id=\"intro\" class=\"plant__card\">\n                        Sehen Sie sich das Diagramm an, um zu sehen, wo Hydronix-Sensoren installiert werden k\u00f6nnen.                    <\/div>\n                    <div id=\"hopperContent\" class=\"plant__card\" style=\"display:none\">\n                                                <h3 class=\"plant__title\">Bunker\/Silo\/Trichter<\/h3>\n                        <div class=\"row g-2\">\n                            <div class=\"col-md-4 order-1 order-md-2 text-center\">\n                                <img decoding=\"async\" src=\"\">\n                            <\/div>\n                            <div class=\"col-md-8 order-2 order-md-1\">\n                                <ul>\n                                <li>Hals des Bunkers<\/li><li>Unter dem Bunker<\/li><li>Im Bunker<\/li>                                <\/ul>\n                            <\/div>\n                        <\/div>\n                        <ul>\n                            <li><a href=\"https:\/\/www.hydronix.com\/de\/produkte\/hydro-probe\/\">Hydro-Probe<\/a><\/li><li><a href=\"https:\/\/www.hydronix.com\/de\/produkte\/thermo-tuff\/\">Thermo-Tuff<\/a><\/li>                        <\/ul>\n                    <\/div>\n                    <div id=\"conveyorContent\" class=\"plant__card\" style=\"display:none\">\n                                                <h3 class=\"plant__title\">F\u00f6rderband<\/h3>\n                        <div class=\"row g-2\">\n                            <div class=\"col-md-4 order-1 order-md-2 text-center\">\n                                <img decoding=\"async\" src=\"\">\n                            <\/div>\n                            <div class=\"col-md-8 order-2 order-md-1\">\n                                <ul>\n                                <li>\u00dcber dem F\u00f6rderband montiert<\/li>                                <\/ul>\n                            <\/div>\n                        <\/div>\n                        <ul>\n                            <li><a href=\"https:\/\/www.hydronix.com\/de\/produkte\/hydro-probe\/\">Hydro-Probe<\/a><\/li><li><a href=\"https:\/\/www.hydronix.com\/de\/produkte\/hydro-probe-orbiter\/\">Hydro-Probe Orbiter<\/a><\/li>                        <\/ul>\n                    <\/div>\n                    <div id=\"mixerContent\" class=\"plant__card\" style=\"display:none\">\n                                                <h3 class=\"plant__title\">Mischer<\/h3>\n                        <div class=\"row g-2\">\n                            <div class=\"col-md-4 order-1 order-md-2 text-center\">\n                                <img decoding=\"async\" src=\"https:\/\/www.hydronix.com\/wp-content\/uploads\/2022\/09\/mixer-290x300.png\">\n                            <\/div>\n                            <div class=\"col-md-8 order-2 order-md-1\">\n                                <ul>\n                                <li>Einzel-\/Doppelwellenmischer<\/li><li>Ringtrogmischer und Planetenmischer<\/li><li>Umlauftrogmischer<\/li>                                <\/ul>\n                            <\/div>\n                        <\/div>\n                        <ul>\n                            <li><a href=\"https:\/\/www.hydronix.com\/de\/produkte\/hydro-mix\/\">Hydro-Mix<\/a><\/li><li><a href=\"https:\/\/www.hydronix.com\/de\/produkte\/hydro-probe-orbiter\/\">Hydro-Probe Orbiter<\/a><\/li><li><a href=\"https:\/\/www.hydronix.com\/de\/produkte\/thermo-tuff\/\">Thermo-Tuff<\/a><\/li>                        <\/ul>\n                    <\/div>\n                    <div id=\"controlContent\" class=\"plant__card\" style=\"display:none\">\n                                            <h3 class=\"plant__title\">Kontrollraum<\/h2>\n                        <div class=\"row g-2\">\n                            <div class=\"col-md-4 order-1 order-md-2 text-center\">\n                                <img decoding=\"async\" src=\"\">\n                            <\/div>\n                            <div class=\"col-md-8 order-2 order-md-1\">\n                                <ul>\n                                    <li>Wassersteuerung<\/li><li>Sensoranzeige, Konfiguration und Diagnose<\/li><li>Fernzugriff<\/li>                                <\/ul>\n                            <\/div>\n                        <\/div>\n                        <ul>\n                            <li><a href=\"https:\/\/www.hydronix.com\/de\/produkte\/hydro-view\/\">Hydro-View<\/a><\/li><li><a href=\"https:\/\/www.hydronix.com\/de\/produkte\/hydro-hub\/\">Hydro-Hub<\/a><\/li><li><a href=\"https:\/\/www.hydronix.com\/de\/produkte\/hydro-control\/\">Hydro-Control<\/a><\/li>                        <\/ul>\n                    <\/div>\n                <\/div>\n            <\/div>\n        <\/div>\n    <\/div>\n<\/section>\n\n<map name=\"imageMap\">\n    <area data-maphilight='{\"fillColor\":\"ef9829\",\"fillOpacity\":0.6}' id=\"hopper\" alt=\"hopper\" title=\"hopper\" href=\"#\" coords=\"43,388,43,537,279,400,280,317,101,421\" shape=\"poly\">\n    <area data-maphilight='{\"fillColor\":\"ef9829\",\"fillOpacity\":0.6}' id=\"conveyor\" alt=\"conveyor\" title=\"conveyor\" href=\"#\" coords=\"5,561,299,390,313,394,447,221,479,238,326,437,39,600,5,581\" shape=\"poly\">\n    <area data-maphilight='{\"fillColor\":\"ef9829\",\"fillOpacity\":0.6}' id=\"mixer\" alt=\"mixer\" title=\"mixer\" href=\"#\" coords=\"455,222,481,237,461,266,486,280,509,283,527,280,550,273,558,258,558,225,553,217,534,231,508,236,493,235,472,228\" shape=\"poly\">\n    <area data-maphilight='{\"fillColor\":\"ef9829\",\"fillOpacity\":0.6}' id=\"control\" alt=\"control\" title=\"control\" href=\"#\" coords=\"712,257,756,231,796,255,796,319,752,344,713,321\" shape=\"poly\">\n<\/map>\n\n<style>\n    .highlight {\n        background-color: yellow;\n    }\n<\/style>\n","protected":false},"excerpt":{"rendered":"<p>Diese Hydronix-Sensoren wurden urspr\u00fcnglich f\u00fcr die Feuchtemessung in der Betonproduktion entwickelt und sollen die anspruchsvollen Bedingungen in flie\u00dff\u00e4higen Zuschlagstoffen sowie die Verwirbelungen in Betonmischern \u00fcberdauern. Hersteller m\u00fcssen hochwertigen Beton produzieren, der strikten Spezifikationen gen\u00fcgt \u2013 Charge f\u00fcr Charge bei minimalen Kosten. [&#8230;]<\/p>\n<p><a class=\"btn btn-secondary understrap-read-more-link\" href=\"https:\/\/www.hydronix.com\/de\/messen\/beton-und-baugewerbe\/\">Weiterlesen\u00a0\u2026<span class=\"screen-reader-text\"> from Beton und Baugewerbe<\/span><\/a><\/p>\n","protected":false},"author":1,"featured_media":0,"parent":23168,"menu_order":439,"comment_status":"closed","ping_status":"closed","template":"","meta":{"_acf_changed":false,"content-type":"","inline_featured_image":false,"footnotes":""},"industries":[],"process":[],"class_list":["post-22227","page","type-page","status-publish","hentry"],"acf":[],"yoast_head":"<!-- This site is optimized with the Yoast SEO plugin v27.1.1 - https:\/\/yoast.com\/product\/yoast-seo-wordpress\/ -->\n<title>Beton und Baugewerbe - Hydronix<\/title>\n<meta name=\"robots\" content=\"index, follow, max-snippet:-1, max-image-preview:large, max-video-preview:-1\" \/>\n<link rel=\"canonical\" href=\"https:\/\/www.hydronix.com\/de\/messen\/beton-und-baugewerbe\/\" \/>\n<meta property=\"og:locale\" content=\"de_DE\" \/>\n<meta property=\"og:type\" content=\"article\" \/>\n<meta property=\"og:title\" content=\"Beton und Baugewerbe - Hydronix\" \/>\n<meta property=\"og:description\" content=\"Diese Hydronix-Sensoren wurden urspr\u00fcnglich f\u00fcr die Feuchtemessung in der Betonproduktion entwickelt und sollen die anspruchsvollen Bedingungen in flie\u00dff\u00e4higen Zuschlagstoffen sowie die Verwirbelungen in Betonmischern \u00fcberdauern. Hersteller m\u00fcssen hochwertigen Beton produzieren, der strikten Spezifikationen gen\u00fcgt \u2013 Charge f\u00fcr Charge bei minimalen Kosten. [...]Weiterlesen\u00a0\u2026 from Beton und Baugewerbe\" \/>\n<meta property=\"og:url\" content=\"https:\/\/www.hydronix.com\/de\/messen\/beton-und-baugewerbe\/\" \/>\n<meta property=\"og:site_name\" content=\"Hydronix\" \/>\n<meta property=\"article:modified_time\" content=\"2024-09-10T12:21:02+00:00\" \/>\n<meta name=\"twitter:card\" content=\"summary_large_image\" \/>\n<meta name=\"twitter:label1\" content=\"Gesch\u00e4tzte Lesezeit\" \/>\n\t<meta name=\"twitter:data1\" content=\"1\u00a0Minute\" \/>\n<script type=\"application\/ld+json\" class=\"yoast-schema-graph\">{\"@context\":\"https:\/\/schema.org\",\"@graph\":[{\"@type\":\"WebPage\",\"@id\":\"https:\/\/www.hydronix.com\/de\/messen\/beton-und-baugewerbe\/\",\"url\":\"https:\/\/www.hydronix.com\/de\/messen\/beton-und-baugewerbe\/\",\"name\":\"Beton und Baugewerbe - Hydronix\",\"isPartOf\":{\"@id\":\"https:\/\/www.hydronix.com\/de\/#website\"},\"datePublished\":\"2022-09-12T13:57:02+00:00\",\"dateModified\":\"2024-09-10T12:21:02+00:00\",\"breadcrumb\":{\"@id\":\"https:\/\/www.hydronix.com\/de\/messen\/beton-und-baugewerbe\/#breadcrumb\"},\"inLanguage\":\"de\",\"potentialAction\":[{\"@type\":\"ReadAction\",\"target\":[\"https:\/\/www.hydronix.com\/de\/messen\/beton-und-baugewerbe\/\"]}]},{\"@type\":\"BreadcrumbList\",\"@id\":\"https:\/\/www.hydronix.com\/de\/messen\/beton-und-baugewerbe\/#breadcrumb\",\"itemListElement\":[{\"@type\":\"ListItem\",\"position\":1,\"name\":\"Home\",\"item\":\"https:\/\/www.hydronix.com\/de\/\"},{\"@type\":\"ListItem\",\"position\":2,\"name\":\"Messen\",\"item\":\"https:\/\/www.hydronix.com\/de\/messen\/\"},{\"@type\":\"ListItem\",\"position\":3,\"name\":\"Beton und Baugewerbe\"}]},{\"@type\":\"WebSite\",\"@id\":\"https:\/\/www.hydronix.com\/de\/#website\",\"url\":\"https:\/\/www.hydronix.com\/de\/\",\"name\":\"Hydronix\",\"description\":\"Your partner in moisture measurement\",\"potentialAction\":[{\"@type\":\"SearchAction\",\"target\":{\"@type\":\"EntryPoint\",\"urlTemplate\":\"https:\/\/www.hydronix.com\/de\/?s={search_term_string}\"},\"query-input\":{\"@type\":\"PropertyValueSpecification\",\"valueRequired\":true,\"valueName\":\"search_term_string\"}}],\"inLanguage\":\"de\"}]}<\/script>\n<!-- \/ Yoast SEO plugin. -->","yoast_head_json":{"title":"Beton und Baugewerbe - Hydronix","robots":{"index":"index","follow":"follow","max-snippet":"max-snippet:-1","max-image-preview":"max-image-preview:large","max-video-preview":"max-video-preview:-1"},"canonical":"https:\/\/www.hydronix.com\/de\/messen\/beton-und-baugewerbe\/","og_locale":"de_DE","og_type":"article","og_title":"Beton und Baugewerbe - Hydronix","og_description":"Diese Hydronix-Sensoren wurden urspr\u00fcnglich f\u00fcr die Feuchtemessung in der Betonproduktion entwickelt und sollen die anspruchsvollen Bedingungen in flie\u00dff\u00e4higen Zuschlagstoffen sowie die Verwirbelungen in Betonmischern \u00fcberdauern. Hersteller m\u00fcssen hochwertigen Beton produzieren, der strikten Spezifikationen gen\u00fcgt \u2013 Charge f\u00fcr Charge bei minimalen Kosten. [...]Weiterlesen\u00a0\u2026 from Beton und Baugewerbe","og_url":"https:\/\/www.hydronix.com\/de\/messen\/beton-und-baugewerbe\/","og_site_name":"Hydronix","article_modified_time":"2024-09-10T12:21:02+00:00","twitter_card":"summary_large_image","twitter_misc":{"Gesch\u00e4tzte Lesezeit":"1\u00a0Minute"},"schema":{"@context":"https:\/\/schema.org","@graph":[{"@type":"WebPage","@id":"https:\/\/www.hydronix.com\/de\/messen\/beton-und-baugewerbe\/","url":"https:\/\/www.hydronix.com\/de\/messen\/beton-und-baugewerbe\/","name":"Beton und Baugewerbe - Hydronix","isPartOf":{"@id":"https:\/\/www.hydronix.com\/de\/#website"},"datePublished":"2022-09-12T13:57:02+00:00","dateModified":"2024-09-10T12:21:02+00:00","breadcrumb":{"@id":"https:\/\/www.hydronix.com\/de\/messen\/beton-und-baugewerbe\/#breadcrumb"},"inLanguage":"de","potentialAction":[{"@type":"ReadAction","target":["https:\/\/www.hydronix.com\/de\/messen\/beton-und-baugewerbe\/"]}]},{"@type":"BreadcrumbList","@id":"https:\/\/www.hydronix.com\/de\/messen\/beton-und-baugewerbe\/#breadcrumb","itemListElement":[{"@type":"ListItem","position":1,"name":"Home","item":"https:\/\/www.hydronix.com\/de\/"},{"@type":"ListItem","position":2,"name":"Messen","item":"https:\/\/www.hydronix.com\/de\/messen\/"},{"@type":"ListItem","position":3,"name":"Beton und Baugewerbe"}]},{"@type":"WebSite","@id":"https:\/\/www.hydronix.com\/de\/#website","url":"https:\/\/www.hydronix.com\/de\/","name":"Hydronix","description":"Your partner in moisture measurement","potentialAction":[{"@type":"SearchAction","target":{"@type":"EntryPoint","urlTemplate":"https:\/\/www.hydronix.com\/de\/?s={search_term_string}"},"query-input":{"@type":"PropertyValueSpecification","valueRequired":true,"valueName":"search_term_string"}}],"inLanguage":"de"}]}},"_links":{"self":[{"href":"https:\/\/www.hydronix.com\/de\/wp-json\/wp\/v2\/pages\/22227","targetHints":{"allow":["GET"]}}],"collection":[{"href":"https:\/\/www.hydronix.com\/de\/wp-json\/wp\/v2\/pages"}],"about":[{"href":"https:\/\/www.hydronix.com\/de\/wp-json\/wp\/v2\/types\/page"}],"author":[{"embeddable":true,"href":"https:\/\/www.hydronix.com\/de\/wp-json\/wp\/v2\/users\/1"}],"replies":[{"embeddable":true,"href":"https:\/\/www.hydronix.com\/de\/wp-json\/wp\/v2\/comments?post=22227"}],"version-history":[{"count":1,"href":"https:\/\/www.hydronix.com\/de\/wp-json\/wp\/v2\/pages\/22227\/revisions"}],"predecessor-version":[{"id":37882,"href":"https:\/\/www.hydronix.com\/de\/wp-json\/wp\/v2\/pages\/22227\/revisions\/37882"}],"up":[{"embeddable":true,"href":"https:\/\/www.hydronix.com\/de\/wp-json\/wp\/v2\/pages\/23168"}],"wp:attachment":[{"href":"https:\/\/www.hydronix.com\/de\/wp-json\/wp\/v2\/media?parent=22227"}],"wp:term":[{"taxonomy":"industries","embeddable":true,"href":"https:\/\/www.hydronix.com\/de\/wp-json\/wp\/v2\/industries?post=22227"},{"taxonomy":"process","embeddable":true,"href":"https:\/\/www.hydronix.com\/de\/wp-json\/wp\/v2\/process?post=22227"}],"curies":[{"name":"wp","href":"https:\/\/api.w.org\/{rel}","templated":true}]}}