{"id":22219,"date":"2022-09-12T13:46:43","date_gmt":"2022-09-12T13:46:43","guid":{"rendered":"https:\/\/hydronix.chilliservers.co.uk\/fluessigkeiten\/"},"modified":"2024-03-04T15:37:16","modified_gmt":"2024-03-04T15:37:16","slug":"fluessigkeiten","status":"publish","type":"page","link":"https:\/\/www.hydronix.com\/de\/messen\/fluessigkeiten\/","title":{"rendered":"Fl\u00fcssigkeiten"},"content":{"rendered":"<!-- icon_hero -->\n<section class=\"application_hero d-flex py-5\" style=\"background-image:url(https:\/\/www.hydronix.com\/wp-content\/uploads\/2022\/09\/process-bg-water-chemical-addition.jpg)\">\n    <div class=\"overlay\"><\/div>\n    <div class=\"container my-auto\">\n        <div class=\"row\">\n            <div class=\"col-lg-2\"><img decoding=\"async\" src=\"https:\/\/www.hydronix.com\/wp-content\/themes\/cb-hydronix\/img\/icons\/icon__liquids--wo.svg\" class=\"w-50 w-lg-100\"><\/div>\n            <div class=\"col-lg-10 d-flex hero__content\"><h1 class=\"my-auto text-white\">Fl\u00fcssigkeiten<\/h1><\/div>\n        <\/div>\n    <\/div>\n<\/section>\n<section class=\"sub_page_title py-1 mb-4\">\n    <div class=\"container-xl\">\n        <p id=\"breadcrumbs\"><span><span><a href=\"https:\/\/www.hydronix.com\/de\/hydronix\/\">Home<\/a><\/span><\/span><\/p>    <\/div>\n<\/section>\n\n\n    <div class=\"container-xl\">\n\t\t\n<p>Messung von Brix, Feuchte und des Gehalts an gel\u00f6sten Feststoffen in Fl\u00fcssigkeiten.<\/p>\n    <\/div>\n    \n\n<!-- products -->\n<section class=\"prod_by_app product pb-5\">\n    <div class=\"container-xl\">\n        <h2>Produkte<\/h2>\n        <div class=\"row g-3\">\n\n    <div class=\"col-sm-6 col-lg-3\">\n        <a class=\"product__card\" href=\"https:\/\/www.hydronix.com\/de\/produkte\/hydro-probe-bx\/\">\n            <img decoding=\"async\" src=\"https:\/\/www.hydronix.com\/wp-content\/uploads\/2023\/06\/HDX_HPBX_PerspR_5679transp-e1688129840655-300x148.png\">\n            <div class=\"mb-2 fw-bold\">Hydro-Probe BX<\/div>\n            <div class=\"mb-2 product__subtitle\">Sensor f\u00fcr Brix, Feuchte und gel\u00f6ste Feststoffe: Zum Einbau in Druckbeh\u00e4ltern<\/div>\n            <div class=\"badges\">\n                            <\/div>\n        <\/a>\n    <\/div>\n            <\/div>\n    <\/div>\n<\/section>","protected":false},"excerpt":{"rendered":"<p>Messung von Brix, Feuchte und des Gehalts an gel\u00f6sten Feststoffen in Fl\u00fcssigkeiten. [&#8230;]<\/p>\n<p><a class=\"btn btn-secondary understrap-read-more-link\" href=\"https:\/\/www.hydronix.com\/de\/messen\/fluessigkeiten\/\">Weiterlesen\u00a0\u2026<span class=\"screen-reader-text\"> from Fl\u00fcssigkeiten<\/span><\/a><\/p>\n","protected":false},"author":1,"featured_media":0,"parent":23168,"menu_order":326,"comment_status":"closed","ping_status":"closed","template":"","meta":{"_acf_changed":false,"content-type":"","inline_featured_image":false,"footnotes":""},"industries":[],"process":[],"class_list":["post-22219","page","type-page","status-publish","hentry"],"acf":[],"yoast_head":"<!-- This site is optimized with the Yoast SEO plugin v27.5 - https:\/\/yoast.com\/product\/yoast-seo-wordpress\/ -->\n<title>Digitale Feuchtigkeitssensoren f\u00fcr gel\u00f6ste Stoffe<\/title>\n<meta name=\"description\" content=\"Digitaler Feuchtigkeitssensor f\u00fcr Druckbeh\u00e4lter zum Erkennen von Feuchtegehalt oder gel\u00f6sten Stoffen in Fl\u00fcssigkeiten wie Konzentraten und L\u00f6sungen.\" \/>\n<meta name=\"robots\" content=\"index, follow, max-snippet:-1, max-image-preview:large, max-video-preview:-1\" \/>\n<link rel=\"canonical\" href=\"https:\/\/www.hydronix.com\/de\/messen\/fluessigkeiten\/\" \/>\n<meta property=\"og:locale\" content=\"de_DE\" \/>\n<meta property=\"og:type\" content=\"article\" \/>\n<meta property=\"og:title\" content=\"Digitale Feuchtigkeitssensoren f\u00fcr gel\u00f6ste Stoffe\" \/>\n<meta property=\"og:description\" content=\"Digitaler Feuchtigkeitssensor f\u00fcr Druckbeh\u00e4lter zum Erkennen von Feuchtegehalt oder gel\u00f6sten Stoffen in Fl\u00fcssigkeiten wie Konzentraten und L\u00f6sungen.\" \/>\n<meta property=\"og:url\" content=\"https:\/\/www.hydronix.com\/de\/messen\/fluessigkeiten\/\" \/>\n<meta property=\"og:site_name\" content=\"Hydronix\" \/>\n<meta property=\"article:modified_time\" content=\"2024-03-04T15:37:16+00:00\" \/>\n<meta name=\"twitter:card\" content=\"summary_large_image\" \/>\n<meta name=\"twitter:label1\" content=\"Gesch\u00e4tzte Lesezeit\" \/>\n\t<meta name=\"twitter:data1\" content=\"1\u00a0Minute\" \/>\n<script type=\"application\/ld+json\" class=\"yoast-schema-graph\">{\"@context\":\"https:\\\/\\\/schema.org\",\"@graph\":[{\"@type\":\"WebPage\",\"@id\":\"https:\\\/\\\/www.hydronix.com\\\/de\\\/messen\\\/fluessigkeiten\\\/\",\"url\":\"https:\\\/\\\/www.hydronix.com\\\/de\\\/messen\\\/fluessigkeiten\\\/\",\"name\":\"Digitale Feuchtigkeitssensoren f\u00fcr gel\u00f6ste Stoffe\",\"isPartOf\":{\"@id\":\"https:\\\/\\\/www.hydronix.com\\\/de\\\/#website\"},\"datePublished\":\"2022-09-12T13:46:43+00:00\",\"dateModified\":\"2024-03-04T15:37:16+00:00\",\"description\":\"Digitaler Feuchtigkeitssensor f\u00fcr Druckbeh\u00e4lter zum Erkennen von Feuchtegehalt oder gel\u00f6sten Stoffen in Fl\u00fcssigkeiten wie Konzentraten und L\u00f6sungen.\",\"breadcrumb\":{\"@id\":\"https:\\\/\\\/www.hydronix.com\\\/de\\\/messen\\\/fluessigkeiten\\\/#breadcrumb\"},\"inLanguage\":\"de\",\"potentialAction\":[{\"@type\":\"ReadAction\",\"target\":[\"https:\\\/\\\/www.hydronix.com\\\/de\\\/messen\\\/fluessigkeiten\\\/\"]}]},{\"@type\":\"BreadcrumbList\",\"@id\":\"https:\\\/\\\/www.hydronix.com\\\/de\\\/messen\\\/fluessigkeiten\\\/#breadcrumb\",\"itemListElement\":[{\"@type\":\"ListItem\",\"position\":1,\"name\":\"Home\",\"item\":\"https:\\\/\\\/www.hydronix.com\\\/de\\\/hydronix\\\/\"},{\"@type\":\"ListItem\",\"position\":2,\"name\":\"Messen\",\"item\":\"https:\\\/\\\/www.hydronix.com\\\/de\\\/messen\\\/\"},{\"@type\":\"ListItem\",\"position\":3,\"name\":\"Fl\u00fcssigkeiten\"}]},{\"@type\":\"WebSite\",\"@id\":\"https:\\\/\\\/www.hydronix.com\\\/de\\\/#website\",\"url\":\"https:\\\/\\\/www.hydronix.com\\\/de\\\/\",\"name\":\"Hydronix\",\"description\":\"Your partner in moisture measurement\",\"potentialAction\":[{\"@type\":\"SearchAction\",\"target\":{\"@type\":\"EntryPoint\",\"urlTemplate\":\"https:\\\/\\\/www.hydronix.com\\\/de\\\/?s={search_term_string}\"},\"query-input\":{\"@type\":\"PropertyValueSpecification\",\"valueRequired\":true,\"valueName\":\"search_term_string\"}}],\"inLanguage\":\"de\"}]}<\/script>\n<!-- \/ Yoast SEO plugin. -->","yoast_head_json":{"title":"Digitale Feuchtigkeitssensoren f\u00fcr gel\u00f6ste Stoffe","description":"Digitaler Feuchtigkeitssensor f\u00fcr Druckbeh\u00e4lter zum Erkennen von Feuchtegehalt oder gel\u00f6sten Stoffen in Fl\u00fcssigkeiten wie Konzentraten und L\u00f6sungen.","robots":{"index":"index","follow":"follow","max-snippet":"max-snippet:-1","max-image-preview":"max-image-preview:large","max-video-preview":"max-video-preview:-1"},"canonical":"https:\/\/www.hydronix.com\/de\/messen\/fluessigkeiten\/","og_locale":"de_DE","og_type":"article","og_title":"Digitale Feuchtigkeitssensoren f\u00fcr gel\u00f6ste Stoffe","og_description":"Digitaler Feuchtigkeitssensor f\u00fcr Druckbeh\u00e4lter zum Erkennen von Feuchtegehalt oder gel\u00f6sten Stoffen in Fl\u00fcssigkeiten wie Konzentraten und L\u00f6sungen.","og_url":"https:\/\/www.hydronix.com\/de\/messen\/fluessigkeiten\/","og_site_name":"Hydronix","article_modified_time":"2024-03-04T15:37:16+00:00","twitter_card":"summary_large_image","twitter_misc":{"Gesch\u00e4tzte Lesezeit":"1\u00a0Minute"},"schema":{"@context":"https:\/\/schema.org","@graph":[{"@type":"WebPage","@id":"https:\/\/www.hydronix.com\/de\/messen\/fluessigkeiten\/","url":"https:\/\/www.hydronix.com\/de\/messen\/fluessigkeiten\/","name":"Digitale Feuchtigkeitssensoren f\u00fcr gel\u00f6ste Stoffe","isPartOf":{"@id":"https:\/\/www.hydronix.com\/de\/#website"},"datePublished":"2022-09-12T13:46:43+00:00","dateModified":"2024-03-04T15:37:16+00:00","description":"Digitaler Feuchtigkeitssensor f\u00fcr Druckbeh\u00e4lter zum Erkennen von Feuchtegehalt oder gel\u00f6sten Stoffen in Fl\u00fcssigkeiten wie Konzentraten und L\u00f6sungen.","breadcrumb":{"@id":"https:\/\/www.hydronix.com\/de\/messen\/fluessigkeiten\/#breadcrumb"},"inLanguage":"de","potentialAction":[{"@type":"ReadAction","target":["https:\/\/www.hydronix.com\/de\/messen\/fluessigkeiten\/"]}]},{"@type":"BreadcrumbList","@id":"https:\/\/www.hydronix.com\/de\/messen\/fluessigkeiten\/#breadcrumb","itemListElement":[{"@type":"ListItem","position":1,"name":"Home","item":"https:\/\/www.hydronix.com\/de\/hydronix\/"},{"@type":"ListItem","position":2,"name":"Messen","item":"https:\/\/www.hydronix.com\/de\/messen\/"},{"@type":"ListItem","position":3,"name":"Fl\u00fcssigkeiten"}]},{"@type":"WebSite","@id":"https:\/\/www.hydronix.com\/de\/#website","url":"https:\/\/www.hydronix.com\/de\/","name":"Hydronix","description":"Your partner in moisture measurement","potentialAction":[{"@type":"SearchAction","target":{"@type":"EntryPoint","urlTemplate":"https:\/\/www.hydronix.com\/de\/?s={search_term_string}"},"query-input":{"@type":"PropertyValueSpecification","valueRequired":true,"valueName":"search_term_string"}}],"inLanguage":"de"}]}},"_links":{"self":[{"href":"https:\/\/www.hydronix.com\/de\/wp-json\/wp\/v2\/pages\/22219","targetHints":{"allow":["GET"]}}],"collection":[{"href":"https:\/\/www.hydronix.com\/de\/wp-json\/wp\/v2\/pages"}],"about":[{"href":"https:\/\/www.hydronix.com\/de\/wp-json\/wp\/v2\/types\/page"}],"author":[{"embeddable":true,"href":"https:\/\/www.hydronix.com\/de\/wp-json\/wp\/v2\/users\/1"}],"replies":[{"embeddable":true,"href":"https:\/\/www.hydronix.com\/de\/wp-json\/wp\/v2\/comments?post=22219"}],"version-history":[{"count":0,"href":"https:\/\/www.hydronix.com\/de\/wp-json\/wp\/v2\/pages\/22219\/revisions"}],"up":[{"embeddable":true,"href":"https:\/\/www.hydronix.com\/de\/wp-json\/wp\/v2\/pages\/23168"}],"wp:attachment":[{"href":"https:\/\/www.hydronix.com\/de\/wp-json\/wp\/v2\/media?parent=22219"}],"wp:term":[{"taxonomy":"industries","embeddable":true,"href":"https:\/\/www.hydronix.com\/de\/wp-json\/wp\/v2\/industries?post=22219"},{"taxonomy":"process","embeddable":true,"href":"https:\/\/www.hydronix.com\/de\/wp-json\/wp\/v2\/process?post=22219"}],"curies":[{"name":"wp","href":"https:\/\/api.w.org\/{rel}","templated":true}]}}