{"id":22211,"date":"2022-09-12T12:57:30","date_gmt":"2022-09-12T12:57:30","guid":{"rendered":"https:\/\/hydronix.chilliservers.co.uk\/branchen\/beton\/"},"modified":"2025-07-16T12:05:17","modified_gmt":"2025-07-16T12:05:17","slug":"beton","status":"publish","type":"page","link":"https:\/\/www.hydronix.com\/de\/branchen\/beton\/","title":{"rendered":"Beton"},"content":{"rendered":"    \n<!-- hero_short -->\n<section class=\"short_hero d-flex py-5\" style=\"background-image:url(https:\/\/www.hydronix.com\/wp-content\/uploads\/2022\/09\/application-bg-concrete.jpg)\">\n    <div class=\"overlay\"><\/div>\n    <div class=\"container-xl my-auto\">\n        <div class=\"row\">\n            <div class=\"col-lg-5 hero__content\">\n                <h1>Beton<\/h1>\n            <\/div>\n        <\/div>\n    <\/div>\n<\/section>\n<!--section class=\"sub_page_title py-1 mb-4\">\n    <div class=\"container-xl\">\n        <p id=\"breadcrumbs\"><span><span><a href=\"https:\/\/www.hydronix.com\/de\/\">Home<\/a><\/span><\/span><\/p>    <\/div>\n<\/section-->\n\n\n\n<div style=\"height:40px\" aria-hidden=\"true\" class=\"wp-block-spacer\"><\/div>\n\n\n    <div class=\"container-xl\">\n\t\t\n<p>Hydronix-Sensoren wurden urspr\u00fcnglich f\u00fcr die Feuchtemessung in der Betonproduktion entwickelt und sollen die anspruchsvollen Bedingungen in flie\u00dff\u00e4higen Zuschlagstoffen sowie die Verwirbelungen in Betonmischern \u00fcberdauern.<\/p>\n    <\/div>\n    \n\n    <div class=\"container-xl\">\n\t\t\n<p>Sensoren erlauben die Produktion von Beton nach strengen Spezifikationen. So k\u00f6nnen die Hersteller Charge f\u00fcr Charge gleichm\u00e4\u00dfige Betonqualit\u00e4t herstellen, ihre Kosten kontrollieren und die Auswirkungen auf die Umwelt reduzieren.<\/p>\n    <\/div>\n    \n\n\n<div style=\"height:40px\" aria-hidden=\"true\" class=\"wp-block-spacer\"><\/div>\n\n\n<!-- children -->\n<section class=\"child_pages py-4 mb-4\">\n    <div class=\"container-xl\">\n                <div class=\"row g-4 justify-content-center\">\n        <div class=\"col-md-4 col-xl-3\">\n            <a class=\"child_pages__card child_pages__card--blue\" href=\"https:\/\/www.hydronix.com\/de\/branchen\/beton\/transportbeton\/\">Transportbeton<\/a>\n        <\/div>\n                <div class=\"col-md-4 col-xl-3\">\n            <a class=\"child_pages__card child_pages__card--blue\" href=\"https:\/\/www.hydronix.com\/de\/branchen\/beton\/betonfertigteile\/\">Betonfertigteile<\/a>\n        <\/div>\n            <\/div>\n<\/section>\n\n<!-- text_video -->\n<section class=\"text_video text_video--bg py-5\">\n    <div class=\"container-xl\">\n        <div class=\"row\">\n            <div class=\"col-lg-5 text_video__content order-1 order-lg-1 mb-4 mb-lg-0 pt-5 py-md-5\">\n                <h2>Produkt\u00fcbersicht<\/h2><div class=\"fs-4 mb-4\">FEUCHTIGKEITSKONTROLLE BEI DER BETONMISCHUNG<\/div>                <div class=\"content mb-4\"><p>Dieses Video gibt einen \u00dcberblick \u00fcber die Hydronix-Produktpalette, die speziell f\u00fcr die Beton- und Bauindustrie entwickelt wurde.<\/p>\n<\/div>\n                            <\/div>\n            <div class=\"col-lg-7 mb-4 mb-lg-0 d-flex order-2 order-lg-2\">\n                <div class=\"video__container w-100 my-auto\" style=\"background-color:#1a1a1a\">\n                                        <div class=\"ratio ratio-16x9 mx-auto\">\n                                                <iframe src=\"https:\/\/player.vimeo.com\/video\/998723339?byline=0&#038;portrait=0\" allow=\"autoplay; fullscreen; picture-in-picture\" webkitallowfullscreen mozallowfullscreen allowfullscreen><\/iframe>\n                                                <\/div>\n                    <!-- <lite-vimeo videoid=\"998723339\" style=\"background-image:url('');\"><\/lite-vimeo> -->\n                <\/div>\n            <\/div>\n        <\/div>\n    <\/div>\n<\/section>\n<!-- <script type=module src=\"https:\/\/cdn.jsdelivr.net\/npm\/@slightlyoff\/lite-vimeo@0.1.1\/lite-vimeo.js\"><\/script> -->","protected":false},"excerpt":{"rendered":"<p>Hydronix-Sensoren wurden urspr\u00fcnglich f\u00fcr die Feuchtemessung in der Betonproduktion entwickelt und sollen die anspruchsvollen Bedingungen in flie\u00dff\u00e4higen Zuschlagstoffen sowie die Verwirbelungen in Betonmischern \u00fcberdauern. Sensoren erlauben die Produktion von Beton nach strengen Spezifikationen. So k\u00f6nnen die Hersteller Charge f\u00fcr Charge gleichm\u00e4\u00dfige Betonqualit\u00e4t herstellen, ihre Kosten kontrollieren und die Auswirkungen auf die Umwelt reduzieren. [&#8230;]<\/p>\n<p><a class=\"btn btn-secondary understrap-read-more-link\" href=\"https:\/\/www.hydronix.com\/de\/branchen\/beton\/\">Weiterlesen\u00a0\u2026<span class=\"screen-reader-text\"> from Beton<\/span><\/a><\/p>\n","protected":false},"author":1,"featured_media":11067,"parent":22193,"menu_order":277,"comment_status":"closed","ping_status":"closed","template":"","meta":{"_acf_changed":false,"content-type":"","inline_featured_image":false,"footnotes":""},"industries":[],"process":[],"class_list":["post-22211","page","type-page","status-publish","has-post-thumbnail","hentry"],"acf":[],"yoast_head":"<!-- This site is optimized with the Yoast SEO plugin v27.1.1 - https:\/\/yoast.com\/product\/yoast-seo-wordpress\/ -->\n<title>Beton - Hydronix<\/title>\n<meta name=\"description\" content=\"Ein Beton-Feuchtesensor von Hydronix sorgt f\u00fcr gleichbleibende Produktqualit\u00e4t und bessere Kostenkontrolle \u2013 umweltfreundlich und effizient.\" \/>\n<meta name=\"robots\" content=\"index, follow, max-snippet:-1, max-image-preview:large, max-video-preview:-1\" \/>\n<link rel=\"canonical\" href=\"https:\/\/www.hydronix.com\/de\/branchen\/beton\/\" \/>\n<meta property=\"og:locale\" content=\"de_DE\" \/>\n<meta property=\"og:type\" content=\"article\" \/>\n<meta property=\"og:title\" content=\"Beton - Hydronix\" \/>\n<meta property=\"og:description\" content=\"Ein Beton-Feuchtesensor von Hydronix sorgt f\u00fcr gleichbleibende Produktqualit\u00e4t und bessere Kostenkontrolle \u2013 umweltfreundlich und effizient.\" \/>\n<meta property=\"og:url\" content=\"https:\/\/www.hydronix.com\/de\/branchen\/beton\/\" \/>\n<meta property=\"og:site_name\" content=\"Hydronix\" \/>\n<meta property=\"article:modified_time\" content=\"2025-07-16T12:05:17+00:00\" \/>\n<meta property=\"og:image\" content=\"https:\/\/www.hydronix.com\/wp-content\/uploads\/2022\/09\/application-bg-concrete.jpg\" \/>\n\t<meta property=\"og:image:width\" content=\"1423\" \/>\n\t<meta property=\"og:image:height\" content=\"522\" \/>\n\t<meta property=\"og:image:type\" content=\"image\/jpeg\" \/>\n<meta name=\"twitter:card\" content=\"summary_large_image\" \/>\n<meta name=\"twitter:label1\" content=\"Gesch\u00e4tzte Lesezeit\" \/>\n\t<meta name=\"twitter:data1\" content=\"1\u00a0Minute\" \/>\n<script type=\"application\/ld+json\" class=\"yoast-schema-graph\">{\"@context\":\"https:\/\/schema.org\",\"@graph\":[{\"@type\":\"WebPage\",\"@id\":\"https:\/\/www.hydronix.com\/de\/branchen\/beton\/\",\"url\":\"https:\/\/www.hydronix.com\/de\/branchen\/beton\/\",\"name\":\"Beton - Hydronix\",\"isPartOf\":{\"@id\":\"https:\/\/www.hydronix.com\/de\/#website\"},\"primaryImageOfPage\":{\"@id\":\"https:\/\/www.hydronix.com\/de\/branchen\/beton\/#primaryimage\"},\"image\":{\"@id\":\"https:\/\/www.hydronix.com\/de\/branchen\/beton\/#primaryimage\"},\"thumbnailUrl\":\"https:\/\/www.hydronix.com\/wp-content\/uploads\/2022\/09\/application-bg-concrete.jpg\",\"datePublished\":\"2022-09-12T12:57:30+00:00\",\"dateModified\":\"2025-07-16T12:05:17+00:00\",\"description\":\"Ein Beton-Feuchtesensor von Hydronix sorgt f\u00fcr gleichbleibende Produktqualit\u00e4t und bessere Kostenkontrolle \u2013 umweltfreundlich und effizient.\",\"breadcrumb\":{\"@id\":\"https:\/\/www.hydronix.com\/de\/branchen\/beton\/#breadcrumb\"},\"inLanguage\":\"de\",\"potentialAction\":[{\"@type\":\"ReadAction\",\"target\":[\"https:\/\/www.hydronix.com\/de\/branchen\/beton\/\"]}]},{\"@type\":\"ImageObject\",\"inLanguage\":\"de\",\"@id\":\"https:\/\/www.hydronix.com\/de\/branchen\/beton\/#primaryimage\",\"url\":\"https:\/\/www.hydronix.com\/wp-content\/uploads\/2022\/09\/application-bg-concrete.jpg\",\"contentUrl\":\"https:\/\/www.hydronix.com\/wp-content\/uploads\/2022\/09\/application-bg-concrete.jpg\",\"width\":1423,\"height\":522},{\"@type\":\"BreadcrumbList\",\"@id\":\"https:\/\/www.hydronix.com\/de\/branchen\/beton\/#breadcrumb\",\"itemListElement\":[{\"@type\":\"ListItem\",\"position\":1,\"name\":\"Home\",\"item\":\"https:\/\/www.hydronix.com\/de\/\"},{\"@type\":\"ListItem\",\"position\":2,\"name\":\"Branchen\",\"item\":\"https:\/\/www.hydronix.com\/de\/branchen\/\"},{\"@type\":\"ListItem\",\"position\":3,\"name\":\"Beton\"}]},{\"@type\":\"WebSite\",\"@id\":\"https:\/\/www.hydronix.com\/de\/#website\",\"url\":\"https:\/\/www.hydronix.com\/de\/\",\"name\":\"Hydronix\",\"description\":\"Your partner in moisture measurement\",\"potentialAction\":[{\"@type\":\"SearchAction\",\"target\":{\"@type\":\"EntryPoint\",\"urlTemplate\":\"https:\/\/www.hydronix.com\/de\/?s={search_term_string}\"},\"query-input\":{\"@type\":\"PropertyValueSpecification\",\"valueRequired\":true,\"valueName\":\"search_term_string\"}}],\"inLanguage\":\"de\"}]}<\/script>\n<!-- \/ Yoast SEO plugin. -->","yoast_head_json":{"title":"Beton - Hydronix","description":"Ein Beton-Feuchtesensor von Hydronix sorgt f\u00fcr gleichbleibende Produktqualit\u00e4t und bessere Kostenkontrolle \u2013 umweltfreundlich und effizient.","robots":{"index":"index","follow":"follow","max-snippet":"max-snippet:-1","max-image-preview":"max-image-preview:large","max-video-preview":"max-video-preview:-1"},"canonical":"https:\/\/www.hydronix.com\/de\/branchen\/beton\/","og_locale":"de_DE","og_type":"article","og_title":"Beton - Hydronix","og_description":"Ein Beton-Feuchtesensor von Hydronix sorgt f\u00fcr gleichbleibende Produktqualit\u00e4t und bessere Kostenkontrolle \u2013 umweltfreundlich und effizient.","og_url":"https:\/\/www.hydronix.com\/de\/branchen\/beton\/","og_site_name":"Hydronix","article_modified_time":"2025-07-16T12:05:17+00:00","og_image":[{"width":1423,"height":522,"url":"https:\/\/www.hydronix.com\/wp-content\/uploads\/2022\/09\/application-bg-concrete.jpg","type":"image\/jpeg"}],"twitter_card":"summary_large_image","twitter_misc":{"Gesch\u00e4tzte Lesezeit":"1\u00a0Minute"},"schema":{"@context":"https:\/\/schema.org","@graph":[{"@type":"WebPage","@id":"https:\/\/www.hydronix.com\/de\/branchen\/beton\/","url":"https:\/\/www.hydronix.com\/de\/branchen\/beton\/","name":"Beton - Hydronix","isPartOf":{"@id":"https:\/\/www.hydronix.com\/de\/#website"},"primaryImageOfPage":{"@id":"https:\/\/www.hydronix.com\/de\/branchen\/beton\/#primaryimage"},"image":{"@id":"https:\/\/www.hydronix.com\/de\/branchen\/beton\/#primaryimage"},"thumbnailUrl":"https:\/\/www.hydronix.com\/wp-content\/uploads\/2022\/09\/application-bg-concrete.jpg","datePublished":"2022-09-12T12:57:30+00:00","dateModified":"2025-07-16T12:05:17+00:00","description":"Ein Beton-Feuchtesensor von Hydronix sorgt f\u00fcr gleichbleibende Produktqualit\u00e4t und bessere Kostenkontrolle \u2013 umweltfreundlich und effizient.","breadcrumb":{"@id":"https:\/\/www.hydronix.com\/de\/branchen\/beton\/#breadcrumb"},"inLanguage":"de","potentialAction":[{"@type":"ReadAction","target":["https:\/\/www.hydronix.com\/de\/branchen\/beton\/"]}]},{"@type":"ImageObject","inLanguage":"de","@id":"https:\/\/www.hydronix.com\/de\/branchen\/beton\/#primaryimage","url":"https:\/\/www.hydronix.com\/wp-content\/uploads\/2022\/09\/application-bg-concrete.jpg","contentUrl":"https:\/\/www.hydronix.com\/wp-content\/uploads\/2022\/09\/application-bg-concrete.jpg","width":1423,"height":522},{"@type":"BreadcrumbList","@id":"https:\/\/www.hydronix.com\/de\/branchen\/beton\/#breadcrumb","itemListElement":[{"@type":"ListItem","position":1,"name":"Home","item":"https:\/\/www.hydronix.com\/de\/"},{"@type":"ListItem","position":2,"name":"Branchen","item":"https:\/\/www.hydronix.com\/de\/branchen\/"},{"@type":"ListItem","position":3,"name":"Beton"}]},{"@type":"WebSite","@id":"https:\/\/www.hydronix.com\/de\/#website","url":"https:\/\/www.hydronix.com\/de\/","name":"Hydronix","description":"Your partner in moisture measurement","potentialAction":[{"@type":"SearchAction","target":{"@type":"EntryPoint","urlTemplate":"https:\/\/www.hydronix.com\/de\/?s={search_term_string}"},"query-input":{"@type":"PropertyValueSpecification","valueRequired":true,"valueName":"search_term_string"}}],"inLanguage":"de"}]}},"_links":{"self":[{"href":"https:\/\/www.hydronix.com\/de\/wp-json\/wp\/v2\/pages\/22211","targetHints":{"allow":["GET"]}}],"collection":[{"href":"https:\/\/www.hydronix.com\/de\/wp-json\/wp\/v2\/pages"}],"about":[{"href":"https:\/\/www.hydronix.com\/de\/wp-json\/wp\/v2\/types\/page"}],"author":[{"embeddable":true,"href":"https:\/\/www.hydronix.com\/de\/wp-json\/wp\/v2\/users\/1"}],"replies":[{"embeddable":true,"href":"https:\/\/www.hydronix.com\/de\/wp-json\/wp\/v2\/comments?post=22211"}],"version-history":[{"count":1,"href":"https:\/\/www.hydronix.com\/de\/wp-json\/wp\/v2\/pages\/22211\/revisions"}],"predecessor-version":[{"id":37880,"href":"https:\/\/www.hydronix.com\/de\/wp-json\/wp\/v2\/pages\/22211\/revisions\/37880"}],"up":[{"embeddable":true,"href":"https:\/\/www.hydronix.com\/de\/wp-json\/wp\/v2\/pages\/22193"}],"wp:featuredmedia":[{"embeddable":true,"href":"https:\/\/www.hydronix.com\/de\/wp-json\/wp\/v2\/media\/11067"}],"wp:attachment":[{"href":"https:\/\/www.hydronix.com\/de\/wp-json\/wp\/v2\/media?parent=22211"}],"wp:term":[{"taxonomy":"industries","embeddable":true,"href":"https:\/\/www.hydronix.com\/de\/wp-json\/wp\/v2\/industries?post=22211"},{"taxonomy":"process","embeddable":true,"href":"https:\/\/www.hydronix.com\/de\/wp-json\/wp\/v2\/process?post=22211"}],"curies":[{"name":"wp","href":"https:\/\/api.w.org\/{rel}","templated":true}]}}