{"id":22209,"date":"2022-09-12T12:54:11","date_gmt":"2022-09-12T12:54:11","guid":{"rendered":"https:\/\/hydronix.chilliservers.co.uk\/branchen\/tier-und-fischfutter\/"},"modified":"2023-11-10T11:48:23","modified_gmt":"2023-11-10T11:48:23","slug":"tier-und-fischfutter","status":"publish","type":"page","link":"https:\/\/www.hydronix.com\/de\/branchen\/tier-und-fischfutter\/","title":{"rendered":"Tier- und Fischfutter"},"content":{"rendered":"    \n<!-- hero_short -->\n<section class=\"short_hero d-flex py-5\" style=\"background-image:url(https:\/\/www.hydronix.com\/wp-content\/uploads\/2022\/09\/D-animal-nutrition.jpg)\">\n    <div class=\"overlay\"><\/div>\n    <div class=\"container-xl my-auto\">\n        <div class=\"row\">\n            <div class=\"col-lg-5 hero__content\">\n                <h1>Tier- und Fischfutter<\/h1>\n            <\/div>\n        <\/div>\n    <\/div>\n<\/section>\n<!--section class=\"sub_page_title py-1 mb-4\">\n    <div class=\"container-xl\">\n        <p id=\"breadcrumbs\"><span><span><a href=\"https:\/\/www.hydronix.com\/de\/\">Home<\/a><\/span><\/span><\/p>    <\/div>\n<\/section-->\n\n\n\n<div style=\"height:40px\" aria-hidden=\"true\" class=\"wp-block-spacer\"><\/div>\n\n\n    <div class=\"container-xl\">\n\t\t\n<p>Das Messen der Feuchte ist bei der Produktion von Tier- und Fischfutter in verschiedenen Stadien des Produktionsprozesses sinnvoll.<\/p>\n    <\/div>\n    \n\n    <div class=\"container-xl\">\n\t\t\n<p>Aufgrund des st\u00e4ndig variierenden Feuchtegehalts der Rohmaterialien ist die Online-Messung unverzichtbar geworden, um eine optimale Effizienz und Qualit\u00e4tskontrolle sicherzustellen.<\/p>\n    <\/div>\n    \n\n    <div class=\"container-xl\">\n\t\t\n<p>Die M\u00f6glichkeit, Feuchte zu messen und Anpassungen w\u00e4hrend der Futterherstellung vorzunehmen, ist in verschiedenen Stadien des Produktionszyklus unverzichtbar.<\/p>\n    <\/div>\n    \n\n\n<div style=\"height:40px\" aria-hidden=\"true\" class=\"wp-block-spacer\"><\/div>\n\n\n<!-- children -->\n<section class=\"child_pages py-4 mb-4\">\n    <div class=\"container-xl\">\n                <div class=\"row g-4 justify-content-center\">\n        <div class=\"col-md-4 col-xl-3\">\n            <a class=\"child_pages__card child_pages__card--blue\" href=\"https:\/\/www.hydronix.com\/de\/branchen\/tier-und-fischfutter\/haustierfutter\/\">Haustierfutter<\/a>\n        <\/div>\n                <div class=\"col-md-4 col-xl-3\">\n            <a class=\"child_pages__card child_pages__card--blue\" href=\"https:\/\/www.hydronix.com\/de\/branchen\/tier-und-fischfutter\/aquafeed\/\">Aquafeed<\/a>\n        <\/div>\n                <div class=\"col-md-4 col-xl-3\">\n            <a class=\"child_pages__card child_pages__card--blue\" href=\"https:\/\/www.hydronix.com\/de\/branchen\/tier-und-fischfutter\/zuckerruebenschnitzel\/\">Zuckerr\u00fcbenschnitzel<\/a>\n        <\/div>\n                <div class=\"col-md-4 col-xl-3\">\n            <a class=\"child_pages__card child_pages__card--blue\" href=\"https:\/\/www.hydronix.com\/de\/branchen\/tier-und-fischfutter\/tierfutter\/\">Tierfutter<\/a>\n        <\/div>\n            <\/div>\n<\/section>","protected":false},"excerpt":{"rendered":"<p>Das Messen der Feuchte ist bei der Produktion von Tier- und Fischfutter in verschiedenen Stadien des Produktionsprozesses sinnvoll. Aufgrund des st\u00e4ndig variierenden Feuchtegehalts der Rohmaterialien ist die Online-Messung unverzichtbar geworden, um eine optimale Effizienz und Qualit\u00e4tskontrolle sicherzustellen. Die M\u00f6glichkeit, Feuchte zu messen und Anpassungen w\u00e4hrend der Futterherstellung vorzunehmen, ist in verschiedenen Stadien des Produktionszyklus unverzichtbar. [&#8230;]<\/p>\n<p><a class=\"btn btn-secondary understrap-read-more-link\" href=\"https:\/\/www.hydronix.com\/de\/branchen\/tier-und-fischfutter\/\">Weiterlesen\u00a0\u2026<span class=\"screen-reader-text\"> from Tier- und Fischfutter<\/span><\/a><\/p>\n","protected":false},"author":1,"featured_media":11083,"parent":22193,"menu_order":484,"comment_status":"closed","ping_status":"closed","template":"","meta":{"_acf_changed":false,"content-type":"","inline_featured_image":false,"footnotes":""},"industries":[],"process":[],"class_list":["post-22209","page","type-page","status-publish","has-post-thumbnail","hentry"],"acf":[],"yoast_head":"<!-- This site is optimized with the Yoast SEO plugin v27.1.1 - https:\/\/yoast.com\/product\/yoast-seo-wordpress\/ -->\n<title>Tier- und Fischfutter - Hydronix<\/title>\n<meta name=\"robots\" content=\"index, follow, max-snippet:-1, max-image-preview:large, max-video-preview:-1\" \/>\n<link rel=\"canonical\" href=\"https:\/\/www.hydronix.com\/de\/branchen\/tier-und-fischfutter\/\" \/>\n<meta property=\"og:locale\" content=\"de_DE\" \/>\n<meta property=\"og:type\" content=\"article\" \/>\n<meta property=\"og:title\" content=\"Tier- und Fischfutter - Hydronix\" \/>\n<meta property=\"og:description\" content=\"Das Messen der Feuchte ist bei der Produktion von Tier- und Fischfutter in verschiedenen Stadien des Produktionsprozesses sinnvoll. Aufgrund des st\u00e4ndig variierenden Feuchtegehalts der Rohmaterialien ist die Online-Messung unverzichtbar geworden, um eine optimale Effizienz und Qualit\u00e4tskontrolle sicherzustellen. Die M\u00f6glichkeit, Feuchte zu messen und Anpassungen w\u00e4hrend der Futterherstellung vorzunehmen, ist in verschiedenen Stadien des Produktionszyklus unverzichtbar. [...]Weiterlesen\u00a0\u2026 from Tier- und Fischfutter\" \/>\n<meta property=\"og:url\" content=\"https:\/\/www.hydronix.com\/de\/branchen\/tier-und-fischfutter\/\" \/>\n<meta property=\"og:site_name\" content=\"Hydronix\" \/>\n<meta property=\"article:modified_time\" content=\"2023-11-10T11:48:23+00:00\" \/>\n<meta property=\"og:image\" content=\"https:\/\/www.hydronix.com\/wp-content\/uploads\/2022\/09\/D-animal-nutrition.jpg\" \/>\n\t<meta property=\"og:image:width\" content=\"2000\" \/>\n\t<meta property=\"og:image:height\" content=\"400\" \/>\n\t<meta property=\"og:image:type\" content=\"image\/jpeg\" \/>\n<meta name=\"twitter:card\" content=\"summary_large_image\" \/>\n<meta name=\"twitter:label1\" content=\"Gesch\u00e4tzte Lesezeit\" \/>\n\t<meta name=\"twitter:data1\" content=\"1\u00a0Minute\" \/>\n<script type=\"application\/ld+json\" class=\"yoast-schema-graph\">{\"@context\":\"https:\/\/schema.org\",\"@graph\":[{\"@type\":\"WebPage\",\"@id\":\"https:\/\/www.hydronix.com\/de\/branchen\/tier-und-fischfutter\/\",\"url\":\"https:\/\/www.hydronix.com\/de\/branchen\/tier-und-fischfutter\/\",\"name\":\"Tier- und Fischfutter - Hydronix\",\"isPartOf\":{\"@id\":\"https:\/\/www.hydronix.com\/de\/#website\"},\"primaryImageOfPage\":{\"@id\":\"https:\/\/www.hydronix.com\/de\/branchen\/tier-und-fischfutter\/#primaryimage\"},\"image\":{\"@id\":\"https:\/\/www.hydronix.com\/de\/branchen\/tier-und-fischfutter\/#primaryimage\"},\"thumbnailUrl\":\"https:\/\/www.hydronix.com\/wp-content\/uploads\/2022\/09\/D-animal-nutrition.jpg\",\"datePublished\":\"2022-09-12T12:54:11+00:00\",\"dateModified\":\"2023-11-10T11:48:23+00:00\",\"breadcrumb\":{\"@id\":\"https:\/\/www.hydronix.com\/de\/branchen\/tier-und-fischfutter\/#breadcrumb\"},\"inLanguage\":\"de\",\"potentialAction\":[{\"@type\":\"ReadAction\",\"target\":[\"https:\/\/www.hydronix.com\/de\/branchen\/tier-und-fischfutter\/\"]}]},{\"@type\":\"ImageObject\",\"inLanguage\":\"de\",\"@id\":\"https:\/\/www.hydronix.com\/de\/branchen\/tier-und-fischfutter\/#primaryimage\",\"url\":\"https:\/\/www.hydronix.com\/wp-content\/uploads\/2022\/09\/D-animal-nutrition.jpg\",\"contentUrl\":\"https:\/\/www.hydronix.com\/wp-content\/uploads\/2022\/09\/D-animal-nutrition.jpg\",\"width\":2000,\"height\":400},{\"@type\":\"BreadcrumbList\",\"@id\":\"https:\/\/www.hydronix.com\/de\/branchen\/tier-und-fischfutter\/#breadcrumb\",\"itemListElement\":[{\"@type\":\"ListItem\",\"position\":1,\"name\":\"Home\",\"item\":\"https:\/\/www.hydronix.com\/de\/\"},{\"@type\":\"ListItem\",\"position\":2,\"name\":\"Branchen\",\"item\":\"https:\/\/www.hydronix.com\/de\/branchen\/\"},{\"@type\":\"ListItem\",\"position\":3,\"name\":\"Tier- und Fischfutter\"}]},{\"@type\":\"WebSite\",\"@id\":\"https:\/\/www.hydronix.com\/de\/#website\",\"url\":\"https:\/\/www.hydronix.com\/de\/\",\"name\":\"Hydronix\",\"description\":\"Your partner in moisture measurement\",\"potentialAction\":[{\"@type\":\"SearchAction\",\"target\":{\"@type\":\"EntryPoint\",\"urlTemplate\":\"https:\/\/www.hydronix.com\/de\/?s={search_term_string}\"},\"query-input\":{\"@type\":\"PropertyValueSpecification\",\"valueRequired\":true,\"valueName\":\"search_term_string\"}}],\"inLanguage\":\"de\"}]}<\/script>\n<!-- \/ Yoast SEO plugin. -->","yoast_head_json":{"title":"Tier- und Fischfutter - Hydronix","robots":{"index":"index","follow":"follow","max-snippet":"max-snippet:-1","max-image-preview":"max-image-preview:large","max-video-preview":"max-video-preview:-1"},"canonical":"https:\/\/www.hydronix.com\/de\/branchen\/tier-und-fischfutter\/","og_locale":"de_DE","og_type":"article","og_title":"Tier- und Fischfutter - Hydronix","og_description":"Das Messen der Feuchte ist bei der Produktion von Tier- und Fischfutter in verschiedenen Stadien des Produktionsprozesses sinnvoll. Aufgrund des st\u00e4ndig variierenden Feuchtegehalts der Rohmaterialien ist die Online-Messung unverzichtbar geworden, um eine optimale Effizienz und Qualit\u00e4tskontrolle sicherzustellen. Die M\u00f6glichkeit, Feuchte zu messen und Anpassungen w\u00e4hrend der Futterherstellung vorzunehmen, ist in verschiedenen Stadien des Produktionszyklus unverzichtbar. [...]Weiterlesen\u00a0\u2026 from Tier- und Fischfutter","og_url":"https:\/\/www.hydronix.com\/de\/branchen\/tier-und-fischfutter\/","og_site_name":"Hydronix","article_modified_time":"2023-11-10T11:48:23+00:00","og_image":[{"width":2000,"height":400,"url":"https:\/\/www.hydronix.com\/wp-content\/uploads\/2022\/09\/D-animal-nutrition.jpg","type":"image\/jpeg"}],"twitter_card":"summary_large_image","twitter_misc":{"Gesch\u00e4tzte Lesezeit":"1\u00a0Minute"},"schema":{"@context":"https:\/\/schema.org","@graph":[{"@type":"WebPage","@id":"https:\/\/www.hydronix.com\/de\/branchen\/tier-und-fischfutter\/","url":"https:\/\/www.hydronix.com\/de\/branchen\/tier-und-fischfutter\/","name":"Tier- und Fischfutter - Hydronix","isPartOf":{"@id":"https:\/\/www.hydronix.com\/de\/#website"},"primaryImageOfPage":{"@id":"https:\/\/www.hydronix.com\/de\/branchen\/tier-und-fischfutter\/#primaryimage"},"image":{"@id":"https:\/\/www.hydronix.com\/de\/branchen\/tier-und-fischfutter\/#primaryimage"},"thumbnailUrl":"https:\/\/www.hydronix.com\/wp-content\/uploads\/2022\/09\/D-animal-nutrition.jpg","datePublished":"2022-09-12T12:54:11+00:00","dateModified":"2023-11-10T11:48:23+00:00","breadcrumb":{"@id":"https:\/\/www.hydronix.com\/de\/branchen\/tier-und-fischfutter\/#breadcrumb"},"inLanguage":"de","potentialAction":[{"@type":"ReadAction","target":["https:\/\/www.hydronix.com\/de\/branchen\/tier-und-fischfutter\/"]}]},{"@type":"ImageObject","inLanguage":"de","@id":"https:\/\/www.hydronix.com\/de\/branchen\/tier-und-fischfutter\/#primaryimage","url":"https:\/\/www.hydronix.com\/wp-content\/uploads\/2022\/09\/D-animal-nutrition.jpg","contentUrl":"https:\/\/www.hydronix.com\/wp-content\/uploads\/2022\/09\/D-animal-nutrition.jpg","width":2000,"height":400},{"@type":"BreadcrumbList","@id":"https:\/\/www.hydronix.com\/de\/branchen\/tier-und-fischfutter\/#breadcrumb","itemListElement":[{"@type":"ListItem","position":1,"name":"Home","item":"https:\/\/www.hydronix.com\/de\/"},{"@type":"ListItem","position":2,"name":"Branchen","item":"https:\/\/www.hydronix.com\/de\/branchen\/"},{"@type":"ListItem","position":3,"name":"Tier- und Fischfutter"}]},{"@type":"WebSite","@id":"https:\/\/www.hydronix.com\/de\/#website","url":"https:\/\/www.hydronix.com\/de\/","name":"Hydronix","description":"Your partner in moisture measurement","potentialAction":[{"@type":"SearchAction","target":{"@type":"EntryPoint","urlTemplate":"https:\/\/www.hydronix.com\/de\/?s={search_term_string}"},"query-input":{"@type":"PropertyValueSpecification","valueRequired":true,"valueName":"search_term_string"}}],"inLanguage":"de"}]}},"_links":{"self":[{"href":"https:\/\/www.hydronix.com\/de\/wp-json\/wp\/v2\/pages\/22209","targetHints":{"allow":["GET"]}}],"collection":[{"href":"https:\/\/www.hydronix.com\/de\/wp-json\/wp\/v2\/pages"}],"about":[{"href":"https:\/\/www.hydronix.com\/de\/wp-json\/wp\/v2\/types\/page"}],"author":[{"embeddable":true,"href":"https:\/\/www.hydronix.com\/de\/wp-json\/wp\/v2\/users\/1"}],"replies":[{"embeddable":true,"href":"https:\/\/www.hydronix.com\/de\/wp-json\/wp\/v2\/comments?post=22209"}],"version-history":[{"count":0,"href":"https:\/\/www.hydronix.com\/de\/wp-json\/wp\/v2\/pages\/22209\/revisions"}],"up":[{"embeddable":true,"href":"https:\/\/www.hydronix.com\/de\/wp-json\/wp\/v2\/pages\/22193"}],"wp:featuredmedia":[{"embeddable":true,"href":"https:\/\/www.hydronix.com\/de\/wp-json\/wp\/v2\/media\/11083"}],"wp:attachment":[{"href":"https:\/\/www.hydronix.com\/de\/wp-json\/wp\/v2\/media?parent=22209"}],"wp:term":[{"taxonomy":"industries","embeddable":true,"href":"https:\/\/www.hydronix.com\/de\/wp-json\/wp\/v2\/industries?post=22209"},{"taxonomy":"process","embeddable":true,"href":"https:\/\/www.hydronix.com\/de\/wp-json\/wp\/v2\/process?post=22209"}],"curies":[{"name":"wp","href":"https:\/\/api.w.org\/{rel}","templated":true}]}}