{"id":22205,"date":"2022-09-12T12:44:01","date_gmt":"2022-09-12T12:44:01","guid":{"rendered":"https:\/\/hydronix.chilliservers.co.uk\/das-unternehmen-hydronix\/"},"modified":"2023-08-01T14:16:55","modified_gmt":"2023-08-01T14:16:55","slug":"das-unternehmen-hydronix","status":"publish","type":"page","link":"https:\/\/www.hydronix.com\/de\/das-unternehmen-hydronix\/","title":{"rendered":"Das Unternehmen Hydronix"},"content":{"rendered":"    \n<!-- hero_short -->\n<section class=\"short_hero d-flex py-5\" style=\"background-image:url(https:\/\/www.hydronix.com\/wp-content\/uploads\/2022\/11\/about-hero.jpg)\">\n    <div class=\"overlay\"><\/div>\n    <div class=\"container-xl my-auto\">\n        <div class=\"row\">\n            <div class=\"col-lg-5 hero__content\">\n                <h1>Das Unternehmen Hydronix<\/h1>\n            <\/div>\n        <\/div>\n    <\/div>\n<\/section>\n<!--section class=\"sub_page_title py-1 mb-4\">\n    <div class=\"container-xl\">\n        <p id=\"breadcrumbs\"><span><span><a href=\"https:\/\/www.hydronix.com\/de\/\">Home<\/a><\/span><\/span><\/p>    <\/div>\n<\/section-->\n\n\n<!-- text_video -->\n<section class=\"text_video  py-5\">\n    <div class=\"container-xl\">\n        <div class=\"row\">\n            <div class=\"col-lg-5 text_video__content order-1 order-lg-1 mb-4 mb-lg-0 pt-5 py-md-5\">\n                <h2>Unsere Geschichte<\/h2>                <div class=\"content mb-4\"><p>Hydronix wurde 1982 gegr\u00fcndet und hat sich auf Forschung, Entwicklung und Herstellung digitaler Systeme f\u00fcr die Mikrowellen-Feuchtemessung spezialisiert.<\/p>\n<p>Als Familienunternehmen ist Hydronix stolz auf unseren pers\u00f6nlichen und reaktionsschnellen Kundendienst. Wir bieten diesen \u00fcber ein Netzwerk von H\u00e4ndlern in aller Welt an. Alle unsere Partner sind sehr erfahren und umfassend in Bezug auf alle Aspekte unserer Komponenten unterwiesen, einschlie\u00dflich Einbau, Schulung und Support.<\/p>\n<\/div>\n                            <\/div>\n            <div class=\"col-lg-7 mb-4 mb-lg-0 d-flex order-2 order-lg-2\">\n                <div class=\"video__container w-100 my-auto\" style=\"background-color:#1a1a1a\">\n                                        <div class=\"ratio ratio-16x9 mx-auto\">\n                                                <iframe src=\"https:\/\/player.vimeo.com\/video\/726652705?byline=0&#038;portrait=0\" allow=\"autoplay; fullscreen; picture-in-picture\" webkitallowfullscreen mozallowfullscreen allowfullscreen><\/iframe>\n                                                <\/div>\n                    <!-- <lite-vimeo videoid=\"726652705\" style=\"background-image:url('');\"><\/lite-vimeo> -->\n                <\/div>\n            <\/div>\n        <\/div>\n    <\/div>\n<\/section>\n<!-- <script type=module src=\"https:\/\/cdn.jsdelivr.net\/npm\/@slightlyoff\/lite-vimeo@0.1.1\/lite-vimeo.js\"><\/script> -->\n\n    <div class=\"container-xl pt-4\" id=\"hydronix-baut-auf-vier-zentralen-werten-auf\">\n        \n<h2 class=\"wp-block-heading has-text-align-center break-out mb-0 has-background\" style=\"background-color:#e9e9e9\">Hydronix baut auf vier zentralen Werten auf:<\/h2>\n    <\/div>\n    \n\n    \n<!-- text_image -->\n<section class=\"text_image py-5 bg--grey \">\n  <div class=\"container-xl\">\n    <div class=\"row\">\n      <div class=\"col-lg-8 text_image__content my-auto order-2 order-lg-1\">\n        \n        <div class=\"content\"><style>.text_image__image img { max-width: 300px; }<\/style>\n<h3>1. Verpflichtung zur Exzellenz<\/h3>\n<p>Unsere Verpflichtung zur Exzellenz und Qualit\u00e4t gilt f\u00fcr jeden Aspekt unserer T\u00e4tigkeit.<\/p>\n<p>Hydronix-Produkte sind f\u00fcr raueste Umgebungen ausgelegt und halten viele Jahre lang.<\/p>\n<p>Jeder Sensor ist pr\u00e4zise, zuverl\u00e4ssig, langlebig und liefert reproduzierbare und konsistente Ergebnisse f\u00fcr Ihr Endprodukt.<\/p>\n<p>Hinter unserer Verpflichtung zur Exzellenz stehen unsere Mitarbeiter und unsere Partner, die alles tun, um Ihnen die bestm\u00f6gliche Erfahrung zu bieten.<\/p>\n<\/div>\n\n              <\/div>\n\n      <div class=\"col-lg-4 text_image__image text-center my-auto order-1 order-lg-2\">\n        <img decoding=\"async\" src=\"https:\/\/www.hydronix.com\/wp-content\/uploads\/2022\/09\/icon-climb.svg\"\n             class=\"img-fluid w-50 w-md-75 mb-4\" alt=\"\">\n      <\/div>\n    <\/div>\n  <\/div>\n<\/section>\n\n    \n<!-- text_image -->\n<section class=\"text_image py-5 bg--light \">\n  <div class=\"container-xl\">\n    <div class=\"row\">\n      <div class=\"col-lg-8 text_image__content my-auto order-2 order-lg-2\">\n        \n        <div class=\"content\"><h3>2. Innovation<\/h3>\n<p>Hydronix hat 1982 die ersten Mikrowellen-Feuchtesensoren in der Betonindustrie eingef\u00fchrt.<\/p>\n<p>Das \u00e4u\u00dferst erfahrene Forschungs- und Entwicklungsteam in GB arbeitet st\u00e4ndig an den neusten Technologien, um unsere Produkte innovativ zu halten und die Marktf\u00fchrung zu sichern.<\/p>\n<\/div>\n\n              <\/div>\n\n      <div class=\"col-lg-4 text_image__image text-center my-auto order-1 order-lg-1\">\n        <img decoding=\"async\" src=\"https:\/\/www.hydronix.com\/wp-content\/uploads\/2022\/09\/icon-innovation.svg\"\n             class=\"img-fluid w-50 w-md-75 mb-4\" alt=\"\">\n      <\/div>\n    <\/div>\n  <\/div>\n<\/section>\n\n    \n<!-- text_image -->\n<section class=\"text_image py-5 bg--grey \">\n  <div class=\"container-xl\">\n    <div class=\"row\">\n      <div class=\"col-lg-8 text_image__content my-auto order-2 order-lg-1\">\n        \n        <div class=\"content\"><h3>3. Weltweites Experten-Netzwerk<\/h3>\n<p>Bei Hydronix sind Sie in besten H\u00e4nden. Wir liefern exzellenten Kundendienst \u00fcber unser weltweites Netzwerk qualifizierter Partner.<\/p>\n<p>Aufbauend auf unseren traditionellen Werten setzt die Hydronix-Familie ihr Wachstum dank langfristiger Beziehungen mit unserem gro\u00dfen H\u00e4ndlernetz, einschlie\u00dflich weltweit f\u00fchrender OEM und lokaler Systemintegratoren, die Ihnen in Ihrer Landessprache helfen k\u00f6nnen, fort.<\/p>\n<\/div>\n\n              <\/div>\n\n      <div class=\"col-lg-4 text_image__image text-center my-auto order-1 order-lg-2\">\n        <img decoding=\"async\" src=\"https:\/\/www.hydronix.com\/wp-content\/uploads\/2022\/09\/icon-worldwide.svg\"\n             class=\"img-fluid w-50 w-md-75 mb-4\" alt=\"\">\n      <\/div>\n    <\/div>\n  <\/div>\n<\/section>\n\n    \n<!-- text_image -->\n<section class=\"text_image py-5 bg--light \">\n  <div class=\"container-xl\">\n    <div class=\"row\">\n      <div class=\"col-lg-8 text_image__content my-auto order-2 order-lg-2\">\n        \n        <div class=\"content\"><h3>4. Forschung und Technologie<\/h3>\n<p>Hydronix-Sensoren bauen auf unserer einzigartigen digitalen Messtechnologie auf, die wir st\u00e4ndig weiter verfeinern, um Ihnen h\u00f6chste Pr\u00e4zision und Stabilit\u00e4t zu bieten.<\/p>\n<p>Hydronix setzt ein spezielles Systemdesign ein, um mit der am besten geeigneten Frequenz zu messen und \u00c4nderungen im Feuchtegehalt zu erkennen.<\/p>\n<p>Unsere Sensoren arbeiten mit modernster Mikroprozessortechnologie und sind mit der <a href=\"https:\/\/www.hydronix.com\/de\/produkte\/hydro-com\/\">Software Hydro-Com<\/a> umfassend konfigurierbar.<\/p>\n<\/div>\n\n              <\/div>\n\n      <div class=\"col-lg-4 text_image__image text-center my-auto order-1 order-lg-1\">\n        <img decoding=\"async\" src=\"https:\/\/www.hydronix.com\/wp-content\/uploads\/2022\/09\/icon-technology.svg\"\n             class=\"img-fluid w-50 w-md-75 mb-4\" alt=\"\">\n      <\/div>\n    <\/div>\n  <\/div>\n<\/section>\n\n<!-- latest -->\n<section class=\"latest\">\n    <div class=\"latest__heading py-4\">\n        <div class=\"container-xl\">\n            <h2>Neuste Meldungen, Blogeintr\u00e4ge und Veranstaltungen<\/h2>\n        <\/div>\n    <\/div>\n    <div class=\"container py-5\">\n        <div class=\"row g-5\">\n            <div class=\"col-lg-7\">\n                <h2 class=\"mb-4\">Neuste Meldungen und Blogeintr\u00e4ge<\/h2>\n                                <a href=\"https:\/\/www.hydronix.com\/de\/resources\/blogs\/relative-vs-absolute-values-for-control\/\" class=\"latest__item mb-4\">\n                    <div class=\"row mb-4\">\n                        <div class=\"col-md-8\">\n                            <div class=\"latest__title\">Precision Without Complexity: The Power of Relative Values for Control<\/div>\n                            <div class=\"latest__date\">2 Dezember 2025<\/div>\n                            <div class=\"latest__intro\">Introduction Modern industrial processing relies heavily on automation. Moisture is one of the most influential&hellip;<\/div>\n                        <\/div>\n                        <div class=\"col-md-4 text-center\">\n                            <img decoding=\"async\" src=\"https:\/\/www.hydronix.com\/wp-content\/smush-webp\/2025\/12\/iStock-1330811086_water-droplets-small-300x177.png.webp \" alt=\"\" class=\"latest__image\">\n                        <\/div>\n                    <\/div>\n                <\/a>\n                                <a href=\"https:\/\/www.hydronix.com\/de\/resources\/blogs\/last-order-date-for-2025-delivery\/\" class=\"latest__item mb-4\">\n                    <div class=\"row mb-4\">\n                        <div class=\"col-md-8\">\n                            <div class=\"latest__title\">Last Order Date for 2025 Delivery<\/div>\n                            <div class=\"latest__date\">24 November 2025<\/div>\n                            <div class=\"latest__intro\">To ensure delivery before the end of the year, please note the following order and&hellip;<\/div>\n                        <\/div>\n                        <div class=\"col-md-4 text-center\">\n                            <img decoding=\"async\" src=\"https:\/\/www.hydronix.com\/wp-content\/smush-webp\/2025\/11\/iStock-2226629156-HappyHolidays-adjusted2-300x109.png.webp \" alt=\"\" class=\"latest__image\">\n                        <\/div>\n                    <\/div>\n                <\/a>\n                                <div>\n                    <a href=\"\/de\/ressourcen\/\" class=\"mx-auto btn btn--orange\">Hydronix Resource Hub<\/a>\n                <\/div>\n            <\/div>\n            <div class=\"col-lg-5\">\n                <h2 class=\"mb-4\">Geplante Veranstaltungen<\/h2>\n                                <a href=\"https:\/\/www.hydronix.com\/de\/ressourcen\/veranstaltungen\/victam-international-2026\/\" class=\"evt__item mb-4\">\n                    <div class=\"row evt mx-0\">\n                        <div class=\"col-md-4 px-0\"><div class=\"evt__edate evt__edate--organic\">2 Juni, 2026<\/div><\/div>\n                        <div class=\"col-md-8 py-2 evt__detail\">\n                            <div class=\"evt__title\">Victam International 2026<\/div>\n                            <div class=\"evt__loca\">Jaarbeurs, Utrecht, The Netherlands<\/div>\n                        <\/div>\n                    <\/div>\n                <\/a>\n                                <a href=\"https:\/\/www.hydronix.com\/de\/ressourcen\/veranstaltungen\/bauma-conexpo-india-2026\/\" class=\"evt__item mb-4\">\n                    <div class=\"row evt mx-0\">\n                        <div class=\"col-md-4 px-0\"><div class=\"evt__edate evt__edate--concrete\">15 September, 2026<\/div><\/div>\n                        <div class=\"col-md-8 py-2 evt__detail\">\n                            <div class=\"evt__title\">bauma CONEXPO India 2026<\/div>\n                            <div class=\"evt__loca\">India Expo Centre, Greater Noida | India<\/div>\n                        <\/div>\n                    <\/div>\n                <\/a>\n                                <a href=\"https:\/\/www.hydronix.com\/de\/ressourcen\/veranstaltungen\/sim-chalons-en-champagne\/\" class=\"evt__item mb-4\">\n                    <div class=\"row evt mx-0\">\n                        <div class=\"col-md-4 px-0\"><div class=\"evt__edate evt__edate--concrete\">7 Oktober, 2026<\/div><\/div>\n                        <div class=\"col-md-8 py-2 evt__detail\">\n                            <div class=\"evt__title\">SIM Ch\u00e2lons-en-Champagne<\/div>\n                            <div class=\"evt__loca\">Parc des Expositions, Ch\u00e2lons-en-Champagne | France<\/div>\n                        <\/div>\n                    <\/div>\n                <\/a>\n                                <a href=\"https:\/\/www.hydronix.com\/de\/ressourcen\/veranstaltungen\/vractech-douai-2026\/\" class=\"evt__item mb-4\">\n                    <div class=\"row evt mx-0\">\n                        <div class=\"col-md-4 px-0\"><div class=\"evt__edate evt__edate--organic\">17 November, 2026<\/div><\/div>\n                        <div class=\"col-md-8 py-2 evt__detail\">\n                            <div class=\"evt__title\">VracTech Douai 2026<\/div>\n                            <div class=\"evt__loca\">Douai | France<\/div>\n                        <\/div>\n                    <\/div>\n                <\/a>\n                                <div>\n                    <a href=\"\/de\/ressourcen\/veranstaltungen\/\" class=\"mx-auto btn btn--orange\">Alle Veranstaltungen<\/a>\n                <\/div>\n            <\/div>\n        <\/div>\n    <\/div>\n<\/section>","protected":false},"excerpt":{"rendered":"<p>Hydronix baut auf vier zentralen Werten auf: [&#8230;]<\/p>\n<p><a class=\"btn btn-secondary understrap-read-more-link\" href=\"https:\/\/www.hydronix.com\/de\/das-unternehmen-hydronix\/\">Weiterlesen\u00a0\u2026<span class=\"screen-reader-text\"> from Das Unternehmen Hydronix<\/span><\/a><\/p>\n","protected":false},"author":1,"featured_media":13848,"parent":0,"menu_order":430,"comment_status":"closed","ping_status":"closed","template":"","meta":{"_acf_changed":false,"content-type":"","inline_featured_image":false,"footnotes":""},"industries":[],"process":[],"class_list":["post-22205","page","type-page","status-publish","has-post-thumbnail","hentry"],"acf":[],"yoast_head":"<!-- This site is optimized with the Yoast SEO plugin v27.1.1 - https:\/\/yoast.com\/product\/yoast-seo-wordpress\/ -->\n<title>Das Unternehmen Hydronix - Hydronix<\/title>\n<meta name=\"robots\" content=\"index, follow, max-snippet:-1, max-image-preview:large, max-video-preview:-1\" \/>\n<link rel=\"canonical\" href=\"https:\/\/www.hydronix.com\/de\/das-unternehmen-hydronix\/\" \/>\n<meta property=\"og:locale\" content=\"de_DE\" \/>\n<meta property=\"og:type\" content=\"article\" \/>\n<meta property=\"og:title\" content=\"Das Unternehmen Hydronix - Hydronix\" \/>\n<meta property=\"og:description\" content=\"Hydronix baut auf vier zentralen Werten auf: [...]Weiterlesen\u00a0\u2026 from Das Unternehmen Hydronix\" \/>\n<meta property=\"og:url\" content=\"https:\/\/www.hydronix.com\/de\/das-unternehmen-hydronix\/\" \/>\n<meta property=\"og:site_name\" content=\"Hydronix\" \/>\n<meta property=\"article:modified_time\" content=\"2023-08-01T14:16:55+00:00\" \/>\n<meta property=\"og:image\" content=\"https:\/\/www.hydronix.com\/wp-content\/uploads\/2022\/11\/about-hero.jpg\" \/>\n\t<meta property=\"og:image:width\" content=\"1423\" \/>\n\t<meta property=\"og:image:height\" content=\"522\" \/>\n\t<meta property=\"og:image:type\" content=\"image\/jpeg\" \/>\n<meta name=\"twitter:card\" content=\"summary_large_image\" \/>\n<meta name=\"twitter:label1\" content=\"Gesch\u00e4tzte Lesezeit\" \/>\n\t<meta name=\"twitter:data1\" content=\"1\u00a0Minute\" \/>\n<script type=\"application\/ld+json\" class=\"yoast-schema-graph\">{\"@context\":\"https:\/\/schema.org\",\"@graph\":[{\"@type\":\"WebPage\",\"@id\":\"https:\/\/www.hydronix.com\/de\/das-unternehmen-hydronix\/\",\"url\":\"https:\/\/www.hydronix.com\/de\/das-unternehmen-hydronix\/\",\"name\":\"Das Unternehmen Hydronix - Hydronix\",\"isPartOf\":{\"@id\":\"https:\/\/www.hydronix.com\/de\/#website\"},\"primaryImageOfPage\":{\"@id\":\"https:\/\/www.hydronix.com\/de\/das-unternehmen-hydronix\/#primaryimage\"},\"image\":{\"@id\":\"https:\/\/www.hydronix.com\/de\/das-unternehmen-hydronix\/#primaryimage\"},\"thumbnailUrl\":\"https:\/\/www.hydronix.com\/wp-content\/uploads\/2022\/11\/about-hero.jpg\",\"datePublished\":\"2022-09-12T12:44:01+00:00\",\"dateModified\":\"2023-08-01T14:16:55+00:00\",\"breadcrumb\":{\"@id\":\"https:\/\/www.hydronix.com\/de\/das-unternehmen-hydronix\/#breadcrumb\"},\"inLanguage\":\"de\",\"potentialAction\":[{\"@type\":\"ReadAction\",\"target\":[\"https:\/\/www.hydronix.com\/de\/das-unternehmen-hydronix\/\"]}]},{\"@type\":\"ImageObject\",\"inLanguage\":\"de\",\"@id\":\"https:\/\/www.hydronix.com\/de\/das-unternehmen-hydronix\/#primaryimage\",\"url\":\"https:\/\/www.hydronix.com\/wp-content\/uploads\/2022\/11\/about-hero.jpg\",\"contentUrl\":\"https:\/\/www.hydronix.com\/wp-content\/uploads\/2022\/11\/about-hero.jpg\",\"width\":1423,\"height\":522},{\"@type\":\"BreadcrumbList\",\"@id\":\"https:\/\/www.hydronix.com\/de\/das-unternehmen-hydronix\/#breadcrumb\",\"itemListElement\":[{\"@type\":\"ListItem\",\"position\":1,\"name\":\"Home\",\"item\":\"https:\/\/www.hydronix.com\/de\/\"},{\"@type\":\"ListItem\",\"position\":2,\"name\":\"Das Unternehmen Hydronix\"}]},{\"@type\":\"WebSite\",\"@id\":\"https:\/\/www.hydronix.com\/de\/#website\",\"url\":\"https:\/\/www.hydronix.com\/de\/\",\"name\":\"Hydronix\",\"description\":\"Your partner in moisture measurement\",\"potentialAction\":[{\"@type\":\"SearchAction\",\"target\":{\"@type\":\"EntryPoint\",\"urlTemplate\":\"https:\/\/www.hydronix.com\/de\/?s={search_term_string}\"},\"query-input\":{\"@type\":\"PropertyValueSpecification\",\"valueRequired\":true,\"valueName\":\"search_term_string\"}}],\"inLanguage\":\"de\"}]}<\/script>\n<!-- \/ Yoast SEO plugin. -->","yoast_head_json":{"title":"Das Unternehmen Hydronix - Hydronix","robots":{"index":"index","follow":"follow","max-snippet":"max-snippet:-1","max-image-preview":"max-image-preview:large","max-video-preview":"max-video-preview:-1"},"canonical":"https:\/\/www.hydronix.com\/de\/das-unternehmen-hydronix\/","og_locale":"de_DE","og_type":"article","og_title":"Das Unternehmen Hydronix - Hydronix","og_description":"Hydronix baut auf vier zentralen Werten auf: [...]Weiterlesen\u00a0\u2026 from Das Unternehmen Hydronix","og_url":"https:\/\/www.hydronix.com\/de\/das-unternehmen-hydronix\/","og_site_name":"Hydronix","article_modified_time":"2023-08-01T14:16:55+00:00","og_image":[{"width":1423,"height":522,"url":"https:\/\/www.hydronix.com\/wp-content\/uploads\/2022\/11\/about-hero.jpg","type":"image\/jpeg"}],"twitter_card":"summary_large_image","twitter_misc":{"Gesch\u00e4tzte Lesezeit":"1\u00a0Minute"},"schema":{"@context":"https:\/\/schema.org","@graph":[{"@type":"WebPage","@id":"https:\/\/www.hydronix.com\/de\/das-unternehmen-hydronix\/","url":"https:\/\/www.hydronix.com\/de\/das-unternehmen-hydronix\/","name":"Das Unternehmen Hydronix - Hydronix","isPartOf":{"@id":"https:\/\/www.hydronix.com\/de\/#website"},"primaryImageOfPage":{"@id":"https:\/\/www.hydronix.com\/de\/das-unternehmen-hydronix\/#primaryimage"},"image":{"@id":"https:\/\/www.hydronix.com\/de\/das-unternehmen-hydronix\/#primaryimage"},"thumbnailUrl":"https:\/\/www.hydronix.com\/wp-content\/uploads\/2022\/11\/about-hero.jpg","datePublished":"2022-09-12T12:44:01+00:00","dateModified":"2023-08-01T14:16:55+00:00","breadcrumb":{"@id":"https:\/\/www.hydronix.com\/de\/das-unternehmen-hydronix\/#breadcrumb"},"inLanguage":"de","potentialAction":[{"@type":"ReadAction","target":["https:\/\/www.hydronix.com\/de\/das-unternehmen-hydronix\/"]}]},{"@type":"ImageObject","inLanguage":"de","@id":"https:\/\/www.hydronix.com\/de\/das-unternehmen-hydronix\/#primaryimage","url":"https:\/\/www.hydronix.com\/wp-content\/uploads\/2022\/11\/about-hero.jpg","contentUrl":"https:\/\/www.hydronix.com\/wp-content\/uploads\/2022\/11\/about-hero.jpg","width":1423,"height":522},{"@type":"BreadcrumbList","@id":"https:\/\/www.hydronix.com\/de\/das-unternehmen-hydronix\/#breadcrumb","itemListElement":[{"@type":"ListItem","position":1,"name":"Home","item":"https:\/\/www.hydronix.com\/de\/"},{"@type":"ListItem","position":2,"name":"Das Unternehmen Hydronix"}]},{"@type":"WebSite","@id":"https:\/\/www.hydronix.com\/de\/#website","url":"https:\/\/www.hydronix.com\/de\/","name":"Hydronix","description":"Your partner in moisture measurement","potentialAction":[{"@type":"SearchAction","target":{"@type":"EntryPoint","urlTemplate":"https:\/\/www.hydronix.com\/de\/?s={search_term_string}"},"query-input":{"@type":"PropertyValueSpecification","valueRequired":true,"valueName":"search_term_string"}}],"inLanguage":"de"}]}},"_links":{"self":[{"href":"https:\/\/www.hydronix.com\/de\/wp-json\/wp\/v2\/pages\/22205","targetHints":{"allow":["GET"]}}],"collection":[{"href":"https:\/\/www.hydronix.com\/de\/wp-json\/wp\/v2\/pages"}],"about":[{"href":"https:\/\/www.hydronix.com\/de\/wp-json\/wp\/v2\/types\/page"}],"author":[{"embeddable":true,"href":"https:\/\/www.hydronix.com\/de\/wp-json\/wp\/v2\/users\/1"}],"replies":[{"embeddable":true,"href":"https:\/\/www.hydronix.com\/de\/wp-json\/wp\/v2\/comments?post=22205"}],"version-history":[{"count":0,"href":"https:\/\/www.hydronix.com\/de\/wp-json\/wp\/v2\/pages\/22205\/revisions"}],"wp:featuredmedia":[{"embeddable":true,"href":"https:\/\/www.hydronix.com\/de\/wp-json\/wp\/v2\/media\/13848"}],"wp:attachment":[{"href":"https:\/\/www.hydronix.com\/de\/wp-json\/wp\/v2\/media?parent=22205"}],"wp:term":[{"taxonomy":"industries","embeddable":true,"href":"https:\/\/www.hydronix.com\/de\/wp-json\/wp\/v2\/industries?post=22205"},{"taxonomy":"process","embeddable":true,"href":"https:\/\/www.hydronix.com\/de\/wp-json\/wp\/v2\/process?post=22205"}],"curies":[{"name":"wp","href":"https:\/\/api.w.org\/{rel}","templated":true}]}}