{"id":22199,"date":"2022-09-12T10:14:34","date_gmt":"2022-09-12T10:14:34","guid":{"rendered":"https:\/\/hydronix.chilliservers.co.uk\/datenschutzpolitik\/"},"modified":"2023-09-26T16:25:45","modified_gmt":"2023-09-26T16:25:45","slug":"datenschutzpolitik","status":"publish","type":"page","link":"https:\/\/www.hydronix.com\/de\/datenschutzpolitik\/","title":{"rendered":"Datenschutzpolitik"},"content":{"rendered":"    <div class=\"container-xl\">\n\t\t\n<p>Willkommen auf der Hydronix-Website. Lesen Sie die folgenden Informationen sorgf\u00e4ltig, da Ihre Nutzung dieser Website bedeutet, dass Sie mit den im Folgenden aufgef\u00fchrten Bedingungen einverstanden sind. Hydronix beh\u00e4lt sich das Recht vor, diese Website und die folgenden Nutzungsbedingungen jederzeit und ohne Ank\u00fcndigung zu \u00e4ndern oder zu aktualisieren.<\/p>\n    <\/div>\n    \n\n    <div class=\"container-xl pt-4\" id=\"nutzung-der-website-und-urheberrecht\">\n        \n<h2 class=\"wp-block-heading\">Nutzung der Website und Urheberrecht<\/h2>\n    <\/div>\n    \n\n    <div class=\"container-xl\">\n\t\t\n<p>S\u00e4mtliche auf dieser Website verf\u00fcgbaren Informationen sind Eigentum von Hydronix und urheberrechtlich gesch\u00fctzt. Jegliche unberechtigte Nutzung der in dieser Website enthaltenen Informationen kann einen Versto\u00df gegen Urheberrecht, Markenrecht und andere Gesetze darstellen. Die Informationen k\u00f6nnen f\u00fcr den pers\u00f6nlichen Gebrauch abgerufen oder kopiert werden. Dabei muss der Benutzer aber alle Urheberrechts- und sonstigen Rechtsvermerke erhalten, die in den urspr\u00fcnglichen Daten enthalten sind.<\/p>\n    <\/div>\n    \n\n    <div class=\"container-xl pt-4\" id=\"garantien-und-haftungsausschlusse\">\n        \n<h2 class=\"wp-block-heading\">Garantien und Haftungsausschl\u00fcsse<\/h2>\n    <\/div>\n    \n\n    <div class=\"container-xl\">\n\t\t\n<p>Obwohl Hydronix alle angemessenen Anstrengungen unternimmt, um sicherzustellen, dass die Informationen dieser Website zum Zeitpunkt der Aufnahme in die Website richtig sind, k\u00f6nnen sich die Informationen jederzeit als unvollst\u00e4ndig, veraltet oder fehlerhaft erweisen und gegebenenfalls ohne Ank\u00fcndigung oder entstehende Haftungsanspr\u00fcche ge\u00e4ndert werden. Benutzer m\u00fcssen anerkennen, dass Hydronix nicht f\u00fcr Ma\u00dfnahmen haftet, die diese Benutzer im Vertrauen auf Informationen ergreifen, die Sie in dieser Site finden. Hydronix wird jede angemessene Anstrengung unternehmen, um diese Website ohne Unterbrechungen, ohne Verz\u00f6gerungen, fehlerfrei, ohne Auslassungen und frei von Viren bereitzustellen. Leider kann dies nicht garantiert werden.<\/p>\n    <\/div>\n    \n\n    <div class=\"container-xl\">\n\t\t\n<p>Hydronix, Tochtergesellschaften sowie Direktoren, Partner, leitende Angestellte, Mitarbeiter, Berater und Vertreter haften in keinem Fall f\u00fcr direkte, indirekte, Neben-, besondere und zus\u00e4tzliche Sch\u00e4den, Entsch\u00e4digungen mit Strafcharakter, Strafgelder, Folge- oder jedwede andere Sch\u00e4den (einschlie\u00dflich \u2013 ohne darauf beschr\u00e4nkt zu sein \u2013 Nutzungsausfall, Datenverluste und entgangene Gewinne), die aus oder in Verbindung mit der Hydronix-Website erwachsen.<\/p>\n    <\/div>\n    \n\n    <div class=\"container-xl pt-4\" id=\"datenschutz\">\n        \n<h2 class=\"wp-block-heading\">Datenschutz<\/h2>\n    <\/div>\n    \n\n    <div class=\"container-xl\">\n\t\t\n<p>Hydronix nimmt den Datenschutz sehr ernst und wird s\u00e4mtliche von Ihnen \u00fcbermittelte pers\u00f6nliche Daten mit gro\u00dfer Sorgfalt behandeln. \u00a0Ausf\u00fchrliche Informationen \u00fcber die von uns gesammelten Daten und deren Verwendung finden Sie in der <a href=\"https:\/\/www.hydronix.com\/wp-content\/uploads\/2023\/09\/hd0807de_1_1_0.pdf\">Hydronix-Privatsph\u00e4ren- und Datenschutzrichtlinie<\/a>.<\/p>\n    <\/div>\n    \n\n    <div class=\"container-xl pt-4\" id=\"cookies\">\n        \n<h2 class=\"wp-block-heading\">Cookies<\/h2>\n    <\/div>\n    \n\n    <div class=\"container-xl\">\n\t\t\n<p>Einige Seiten der Hydronix-Website verwenden Cookies, um die Funktionalit\u00e4t zu erm\u00f6glichen. \u00a0Hierbei handelt es sich um kleine Dateien, die auf Ihrem Computer gespeichert und nach Ende der Browser-Sitzung automatisch gel\u00f6scht werden. \u00a0Hydronix speichert keine personenbezogenen Daten von diesen Cookies. Weitere Informationen zu Cookies und deren Verwendung finden Sie in unserer <a href=\"https:\/\/www.hydronix.com\/wp-content\/uploads\/2023\/09\/hd0806de_1_2_0.pdf\">Cookie-Richtlinie<\/a>.<\/p>\n    <\/div>\n    \n\n    <div class=\"container-xl pt-4\" id=\"links-auf-drittanbieter-websites\">\n        \n<h2 class=\"wp-block-heading\">Links auf Drittanbieter-Websites<\/h2>\n    <\/div>\n    \n\n    <div class=\"container-xl\">\n\t\t\n<p>Hydronix ist nicht f\u00fcr die Inhalte und die Zuverl\u00e4ssigkeit verlinkter Websites verantwortlich und teilt nicht unbedingt die in den Inhalten ausgedr\u00fcckten Ansichten. Links zu Drittanbieter-Websites dienen ausschlie\u00dflich dem Komfort der Benutzer der Hydronix-Website. Hydronix hat keine Kontrolle \u00fcber verlinkte Websites und deren Inhalt und ist nicht daf\u00fcr verantwortlich.<\/p>\n    <\/div>\n    \n\n    <div class=\"container-xl pt-4\" id=\"beitrage-und-ruckmeldungen\">\n        \n<h2 class=\"wp-block-heading\">Beitr\u00e4ge und R\u00fcckmeldungen<\/h2>\n    <\/div>\n    \n\n    <div class=\"container-xl\">\n\t\t\n<p>S\u00e4mtliche Kommentare, R\u00fcckmeldungen, Informationen und Materialien, die Hydronix \u00fcber die Website \u00fcbermittelt werden, gelten als nicht vertraulich und werden Eigentum von Hydronix Limited. Durch die \u00dcbermittlung von Kommentaren, Informationen, Materialien und anderen R\u00fcckmeldungen \u00fcbertragen Benutzer Hydronix Limited kostenlos s\u00e4mtliche Rechte und Anspr\u00fcche zur uneingeschr\u00e4nkten Benutzung dieser Kommentare, Informationen, Materialien und anderen R\u00fcckmeldungen. <\/p>\n    <\/div>\n    \n\n    <div class=\"container-xl pt-4\" id=\"anzuwendendes-recht-und-zustandige-gerichtsbarkeit\">\n        \n<h2 class=\"wp-block-heading\">Anzuwendendes Recht und zust\u00e4ndige Gerichtsbarkeit<\/h2>\n    <\/div>\n    \n\n    <div class=\"container-xl\">\n\t\t\n<p>Dieser Rechtsvermerk ist nach englischem Recht auszulegen.<\/p>\n    <\/div>\n    \n\n    <div class=\"container-xl pt-4\" id=\"kontakte-fur-rechtsfragen\">\n        \n<h2 class=\"wp-block-heading\">Kontakte f\u00fcr Rechtsfragen<\/h2>\n    <\/div>\n    \n\n    <div class=\"container-xl\">\n\t\t\n<p>Wenn Benutzer dieser Website Fragen in Bezug auf diese Nutzungsbedingungen haben, k\u00f6nnen Sie Hydronix schriftlich oder per <a href=\"https:\/\/www.hydronix.com\/de\/das-unternehmen-hydronix\/kontaktieren-sie-uns\/\">E-Mail<\/a> kontaktieren.<\/p>\n    <\/div>\n    \n\n    <div class=\"container-xl pt-4\" id=\"eingetragener-firmensitz\">\n        \n<h2 class=\"wp-block-heading\">Eingetragener Firmensitz<\/h2>\n    <\/div>\n    \n\n    <div class=\"container-xl\">\n\t\t\n<p>Hydronix Limited<br>Units 11-12 Henley Business Park<br>Pirbright Road<br>Normandy<br>Surrey<br>GU3 2DX<\/p>\n    <\/div>\n    \n\n    <div class=\"container-xl\">\n\t\t\n<p>Registrierungsnummer: 01609365<\/p>\n    <\/div>\n    ","protected":false},"excerpt":{"rendered":"<p>Willkommen auf der Hydronix-Website. Lesen Sie die folgenden Informationen sorgf\u00e4ltig, da Ihre Nutzung dieser Website bedeutet, dass Sie mit den im Folgenden aufgef\u00fchrten Bedingungen einverstanden sind. Hydronix beh\u00e4lt sich das Recht vor, diese Website und die folgenden Nutzungsbedingungen jederzeit und ohne Ank\u00fcndigung zu \u00e4ndern oder zu aktualisieren. Nutzung der Website und Urheberrecht S\u00e4mtliche auf dieser [&#8230;]<\/p>\n<p><a class=\"btn btn-secondary understrap-read-more-link\" href=\"https:\/\/www.hydronix.com\/de\/datenschutzpolitik\/\">Weiterlesen\u00a0\u2026<span class=\"screen-reader-text\"> from Datenschutzpolitik<\/span><\/a><\/p>\n","protected":false},"author":1,"featured_media":0,"parent":0,"menu_order":479,"comment_status":"closed","ping_status":"open","template":"page-templates\/fullwidthpage.php","meta":{"_acf_changed":false,"content-type":"","inline_featured_image":false,"footnotes":""},"industries":[],"process":[],"class_list":["post-22199","page","type-page","status-publish","hentry"],"acf":[],"yoast_head":"<!-- This site is optimized with the Yoast SEO plugin v27.1.1 - https:\/\/yoast.com\/product\/yoast-seo-wordpress\/ -->\n<title>Datenschutzpolitik - Hydronix<\/title>\n<meta name=\"robots\" content=\"index, follow, max-snippet:-1, max-image-preview:large, max-video-preview:-1\" \/>\n<link rel=\"canonical\" href=\"https:\/\/www.hydronix.com\/de\/datenschutzpolitik\/\" \/>\n<meta property=\"og:locale\" content=\"de_DE\" \/>\n<meta property=\"og:type\" content=\"article\" \/>\n<meta property=\"og:title\" content=\"Datenschutzpolitik - Hydronix\" \/>\n<meta property=\"og:description\" content=\"Willkommen auf der Hydronix-Website. Lesen Sie die folgenden Informationen sorgf\u00e4ltig, da Ihre Nutzung dieser Website bedeutet, dass Sie mit den im Folgenden aufgef\u00fchrten Bedingungen einverstanden sind. Hydronix beh\u00e4lt sich das Recht vor, diese Website und die folgenden Nutzungsbedingungen jederzeit und ohne Ank\u00fcndigung zu \u00e4ndern oder zu aktualisieren. Nutzung der Website und Urheberrecht S\u00e4mtliche auf dieser [...]Weiterlesen\u00a0\u2026 from Datenschutzpolitik\" \/>\n<meta property=\"og:url\" content=\"https:\/\/www.hydronix.com\/de\/datenschutzpolitik\/\" \/>\n<meta property=\"og:site_name\" content=\"Hydronix\" \/>\n<meta property=\"article:modified_time\" content=\"2023-09-26T16:25:45+00:00\" \/>\n<meta name=\"twitter:card\" content=\"summary_large_image\" \/>\n<meta name=\"twitter:label1\" content=\"Gesch\u00e4tzte Lesezeit\" \/>\n\t<meta name=\"twitter:data1\" content=\"3\u00a0Minuten\" \/>\n<script type=\"application\/ld+json\" class=\"yoast-schema-graph\">{\"@context\":\"https:\/\/schema.org\",\"@graph\":[{\"@type\":\"WebPage\",\"@id\":\"https:\/\/www.hydronix.com\/de\/datenschutzpolitik\/\",\"url\":\"https:\/\/www.hydronix.com\/de\/datenschutzpolitik\/\",\"name\":\"Datenschutzpolitik - Hydronix\",\"isPartOf\":{\"@id\":\"https:\/\/www.hydronix.com\/de\/#website\"},\"datePublished\":\"2022-09-12T10:14:34+00:00\",\"dateModified\":\"2023-09-26T16:25:45+00:00\",\"breadcrumb\":{\"@id\":\"https:\/\/www.hydronix.com\/de\/datenschutzpolitik\/#breadcrumb\"},\"inLanguage\":\"de\",\"potentialAction\":[{\"@type\":\"ReadAction\",\"target\":[\"https:\/\/www.hydronix.com\/de\/datenschutzpolitik\/\"]}]},{\"@type\":\"BreadcrumbList\",\"@id\":\"https:\/\/www.hydronix.com\/de\/datenschutzpolitik\/#breadcrumb\",\"itemListElement\":[{\"@type\":\"ListItem\",\"position\":1,\"name\":\"Home\",\"item\":\"https:\/\/www.hydronix.com\/de\/\"},{\"@type\":\"ListItem\",\"position\":2,\"name\":\"Datenschutzpolitik\"}]},{\"@type\":\"WebSite\",\"@id\":\"https:\/\/www.hydronix.com\/de\/#website\",\"url\":\"https:\/\/www.hydronix.com\/de\/\",\"name\":\"Hydronix\",\"description\":\"Your partner in moisture measurement\",\"potentialAction\":[{\"@type\":\"SearchAction\",\"target\":{\"@type\":\"EntryPoint\",\"urlTemplate\":\"https:\/\/www.hydronix.com\/de\/?s={search_term_string}\"},\"query-input\":{\"@type\":\"PropertyValueSpecification\",\"valueRequired\":true,\"valueName\":\"search_term_string\"}}],\"inLanguage\":\"de\"}]}<\/script>\n<!-- \/ Yoast SEO plugin. -->","yoast_head_json":{"title":"Datenschutzpolitik - Hydronix","robots":{"index":"index","follow":"follow","max-snippet":"max-snippet:-1","max-image-preview":"max-image-preview:large","max-video-preview":"max-video-preview:-1"},"canonical":"https:\/\/www.hydronix.com\/de\/datenschutzpolitik\/","og_locale":"de_DE","og_type":"article","og_title":"Datenschutzpolitik - Hydronix","og_description":"Willkommen auf der Hydronix-Website. Lesen Sie die folgenden Informationen sorgf\u00e4ltig, da Ihre Nutzung dieser Website bedeutet, dass Sie mit den im Folgenden aufgef\u00fchrten Bedingungen einverstanden sind. Hydronix beh\u00e4lt sich das Recht vor, diese Website und die folgenden Nutzungsbedingungen jederzeit und ohne Ank\u00fcndigung zu \u00e4ndern oder zu aktualisieren. Nutzung der Website und Urheberrecht S\u00e4mtliche auf dieser [...]Weiterlesen\u00a0\u2026 from Datenschutzpolitik","og_url":"https:\/\/www.hydronix.com\/de\/datenschutzpolitik\/","og_site_name":"Hydronix","article_modified_time":"2023-09-26T16:25:45+00:00","twitter_card":"summary_large_image","twitter_misc":{"Gesch\u00e4tzte Lesezeit":"3\u00a0Minuten"},"schema":{"@context":"https:\/\/schema.org","@graph":[{"@type":"WebPage","@id":"https:\/\/www.hydronix.com\/de\/datenschutzpolitik\/","url":"https:\/\/www.hydronix.com\/de\/datenschutzpolitik\/","name":"Datenschutzpolitik - Hydronix","isPartOf":{"@id":"https:\/\/www.hydronix.com\/de\/#website"},"datePublished":"2022-09-12T10:14:34+00:00","dateModified":"2023-09-26T16:25:45+00:00","breadcrumb":{"@id":"https:\/\/www.hydronix.com\/de\/datenschutzpolitik\/#breadcrumb"},"inLanguage":"de","potentialAction":[{"@type":"ReadAction","target":["https:\/\/www.hydronix.com\/de\/datenschutzpolitik\/"]}]},{"@type":"BreadcrumbList","@id":"https:\/\/www.hydronix.com\/de\/datenschutzpolitik\/#breadcrumb","itemListElement":[{"@type":"ListItem","position":1,"name":"Home","item":"https:\/\/www.hydronix.com\/de\/"},{"@type":"ListItem","position":2,"name":"Datenschutzpolitik"}]},{"@type":"WebSite","@id":"https:\/\/www.hydronix.com\/de\/#website","url":"https:\/\/www.hydronix.com\/de\/","name":"Hydronix","description":"Your partner in moisture measurement","potentialAction":[{"@type":"SearchAction","target":{"@type":"EntryPoint","urlTemplate":"https:\/\/www.hydronix.com\/de\/?s={search_term_string}"},"query-input":{"@type":"PropertyValueSpecification","valueRequired":true,"valueName":"search_term_string"}}],"inLanguage":"de"}]}},"_links":{"self":[{"href":"https:\/\/www.hydronix.com\/de\/wp-json\/wp\/v2\/pages\/22199","targetHints":{"allow":["GET"]}}],"collection":[{"href":"https:\/\/www.hydronix.com\/de\/wp-json\/wp\/v2\/pages"}],"about":[{"href":"https:\/\/www.hydronix.com\/de\/wp-json\/wp\/v2\/types\/page"}],"author":[{"embeddable":true,"href":"https:\/\/www.hydronix.com\/de\/wp-json\/wp\/v2\/users\/1"}],"replies":[{"embeddable":true,"href":"https:\/\/www.hydronix.com\/de\/wp-json\/wp\/v2\/comments?post=22199"}],"version-history":[{"count":0,"href":"https:\/\/www.hydronix.com\/de\/wp-json\/wp\/v2\/pages\/22199\/revisions"}],"wp:attachment":[{"href":"https:\/\/www.hydronix.com\/de\/wp-json\/wp\/v2\/media?parent=22199"}],"wp:term":[{"taxonomy":"industries","embeddable":true,"href":"https:\/\/www.hydronix.com\/de\/wp-json\/wp\/v2\/industries?post=22199"},{"taxonomy":"process","embeddable":true,"href":"https:\/\/www.hydronix.com\/de\/wp-json\/wp\/v2\/process?post=22199"}],"curies":[{"name":"wp","href":"https:\/\/api.w.org\/{rel}","templated":true}]}}