{"id":22193,"date":"2022-09-12T12:51:46","date_gmt":"2022-09-12T12:51:46","guid":{"rendered":"https:\/\/hydronix.chilliservers.co.uk\/branchen\/"},"modified":"2025-07-18T09:21:05","modified_gmt":"2025-07-18T09:21:05","slug":"branchen","status":"publish","type":"page","link":"https:\/\/www.hydronix.com\/de\/branchen\/","title":{"rendered":"Branchen"},"content":{"rendered":"    \n<!-- hero_short -->\n<section class=\"short_hero d-flex py-5\" style=\"background-image:url(https:\/\/www.hydronix.com\/wp-content\/uploads\/2022\/09\/Z-industries.jpg)\">\n    <div class=\"overlay\"><\/div>\n    <div class=\"container-xl my-auto\">\n        <div class=\"row\">\n            <div class=\"col-lg-5 hero__content\">\n                <h1>Branchen<\/h1>\n            <\/div>\n        <\/div>\n    <\/div>\n<\/section>\n<!--section class=\"sub_page_title py-1 mb-4\">\n    <div class=\"container-xl\">\n        <p id=\"breadcrumbs\"><span><span><a href=\"https:\/\/www.hydronix.com\/de\/\">Home<\/a><\/span><\/span><\/p>    <\/div>\n<\/section-->\n\n\n\n<div style=\"height:40px\" aria-hidden=\"true\" class=\"wp-block-spacer\"><\/div>\n\n\n    <div class=\"container-xl\">\n\t\t\n<p>Hydronix-Sensoren f\u00fcr die Mikrowellen-Feuchtemessung werden in unterschiedlichen Anwendungsbereichen weltweit eingesetzt, um den Feuchtegehalt bzw. die Brix-Dichte flie\u00dfender Materialien zu bestimmen. Dank der einzigartigen Hydronix-Digitaltechnik zur Mikrowellen-Feuchtemessung k\u00f6nnen unsere Sensoren f\u00fcr optimale Leistung in unterschiedlichsten Materialien \u2013 mineralisch und organisch \u2013 konfiguriert werden. Diese Flexibilit\u00e4t hat zusammen mit der Unverw\u00fcstlichkeit daf\u00fcr gesorgt, dass Hydronix-Sensoren heute in vielen Branchen die erste Wahl sind.<\/p>\n    <\/div>\n    \n\n    <div class=\"container-xl\">\n\t\t\n<p>Einige typische Branchen f\u00fcr die Feuchtemessung mit Hydronix-Sensoren:<\/p>\n    <\/div>\n    \n\n\n<div style=\"height:40px\" aria-hidden=\"true\" class=\"wp-block-spacer\"><\/div>\n\n\n<!-- children -->\n<section class=\"child_pages py-4 mb-4\">\n    <div class=\"container-xl\">\n                <div class=\"row g-4 justify-content-center\">\n        <div class=\"col-md-4 col-xl-3\">\n            <a class=\"child_pages__card child_pages__card--blue\" href=\"https:\/\/www.hydronix.com\/de\/branchen\/zuckerproduktion-brix-und-feststoffsensoren\/\">Zuckerproduktion \u2013 Brix- und Feststoffsensoren<\/a>\n        <\/div>\n                <div class=\"col-md-4 col-xl-3\">\n            <a class=\"child_pages__card child_pages__card--blue\" href=\"https:\/\/www.hydronix.com\/de\/branchen\/zuschlagstoffe\/\">Zuschlagstoffe<\/a>\n        <\/div>\n                <div class=\"col-md-4 col-xl-3\">\n            <a class=\"child_pages__card child_pages__card--blue\" href=\"https:\/\/www.hydronix.com\/de\/branchen\/beton\/\">Beton<\/a>\n        <\/div>\n                <div class=\"col-md-4 col-xl-3\">\n            <a class=\"child_pages__card child_pages__card--blue\" href=\"https:\/\/www.hydronix.com\/de\/branchen\/asphalt\/\">Asphalt<\/a>\n        <\/div>\n                <div class=\"col-md-4 col-xl-3\">\n            <a class=\"child_pages__card child_pages__card--blue\" href=\"https:\/\/www.hydronix.com\/de\/branchen\/landwirtschaft\/\">Landwirtschaft<\/a>\n        <\/div>\n                <div class=\"col-md-4 col-xl-3\">\n            <a class=\"child_pages__card child_pages__card--blue\" href=\"https:\/\/www.hydronix.com\/de\/branchen\/tier-und-fischfutter\/\">Tier- und Fischfutter<\/a>\n        <\/div>\n                <div class=\"col-md-4 col-xl-3\">\n            <a class=\"child_pages__card child_pages__card--blue\" href=\"https:\/\/www.hydronix.com\/de\/branchen\/lebensmittel\/\">Lebensmittel<\/a>\n        <\/div>\n                <div class=\"col-md-4 col-xl-3\">\n            <a class=\"child_pages__card child_pages__card--blue\" href=\"https:\/\/www.hydronix.com\/de\/branchen\/reisverarbeitung\/\">Reisverarbeitung<\/a>\n        <\/div>\n                <div class=\"col-md-4 col-xl-3\">\n            <a class=\"child_pages__card child_pages__card--blue\" href=\"https:\/\/www.hydronix.com\/de\/branchen\/oelsaatenverarbeitung\/\">\u00d6lsaatenverarbeitung<\/a>\n        <\/div>\n                <div class=\"col-md-4 col-xl-3\">\n            <a class=\"child_pages__card child_pages__card--blue\" href=\"https:\/\/www.hydronix.com\/de\/branchen\/schuettgueter\/\">Sch\u00fcttg\u00fcter<\/a>\n        <\/div>\n                <div class=\"col-md-4 col-xl-3\">\n            <a class=\"child_pages__card child_pages__card--blue\" href=\"https:\/\/www.hydronix.com\/de\/branchen\/bioenergie\/\">Bioenergie<\/a>\n        <\/div>\n                <div class=\"col-md-4 col-xl-3\">\n            <a class=\"child_pages__card child_pages__card--blue\" href=\"https:\/\/www.hydronix.com\/de\/branchen\/zellstoff\/\">Zellstoff<\/a>\n        <\/div>\n                <div class=\"col-md-4 col-xl-3\">\n            <a class=\"child_pages__card child_pages__card--blue\" href=\"https:\/\/www.hydronix.com\/de\/branchen\/holzverarbeitung\/\">Holzverarbeitung<\/a>\n        <\/div>\n            <\/div>\n<\/section>","protected":false},"excerpt":{"rendered":"<p>Hydronix-Sensoren f\u00fcr die Mikrowellen-Feuchtemessung werden in unterschiedlichen Anwendungsbereichen weltweit eingesetzt, um den Feuchtegehalt bzw. die Brix-Dichte flie\u00dfender Materialien zu bestimmen. Dank der einzigartigen Hydronix-Digitaltechnik zur Mikrowellen-Feuchtemessung k\u00f6nnen unsere Sensoren f\u00fcr optimale Leistung in unterschiedlichsten Materialien \u2013 mineralisch und organisch \u2013 konfiguriert werden. Diese Flexibilit\u00e4t hat zusammen mit der Unverw\u00fcstlichkeit daf\u00fcr gesorgt, dass Hydronix-Sensoren heute in [&#8230;]<\/p>\n<p><a class=\"btn btn-secondary understrap-read-more-link\" href=\"https:\/\/www.hydronix.com\/de\/branchen\/\">Weiterlesen\u00a0\u2026<span class=\"screen-reader-text\"> from Branchen<\/span><\/a><\/p>\n","protected":false},"author":1,"featured_media":11088,"parent":0,"menu_order":498,"comment_status":"closed","ping_status":"closed","template":"","meta":{"_acf_changed":false,"content-type":"","inline_featured_image":false,"footnotes":""},"industries":[],"process":[],"class_list":["post-22193","page","type-page","status-publish","has-post-thumbnail","hentry"],"acf":[],"yoast_head":"<!-- This site is optimized with the Yoast SEO plugin v27.1.1 - https:\/\/yoast.com\/product\/yoast-seo-wordpress\/ -->\n<title>Branchen - Hydronix<\/title>\n<meta name=\"description\" content=\"Zahlreiche Branchen profitieren von der Nutzung der Feuchtemesssensoren von Hydronix. Einzigartige digitale Mikrowellenmessverfahren liefern pr\u00e4zise Ergebnisse.\" \/>\n<meta name=\"robots\" content=\"index, follow, max-snippet:-1, max-image-preview:large, max-video-preview:-1\" \/>\n<link rel=\"canonical\" href=\"https:\/\/www.hydronix.com\/de\/branchen\/\" \/>\n<meta property=\"og:locale\" content=\"de_DE\" \/>\n<meta property=\"og:type\" content=\"article\" \/>\n<meta property=\"og:title\" content=\"Branchen - Hydronix\" \/>\n<meta property=\"og:description\" content=\"Zahlreiche Branchen profitieren von der Nutzung der Feuchtemesssensoren von Hydronix. Einzigartige digitale Mikrowellenmessverfahren liefern pr\u00e4zise Ergebnisse.\" \/>\n<meta property=\"og:url\" content=\"https:\/\/www.hydronix.com\/de\/branchen\/\" \/>\n<meta property=\"og:site_name\" content=\"Hydronix\" \/>\n<meta property=\"article:modified_time\" content=\"2025-07-18T09:21:05+00:00\" \/>\n<meta property=\"og:image\" content=\"https:\/\/www.hydronix.com\/wp-content\/uploads\/2022\/09\/Z-industries.jpg\" \/>\n\t<meta property=\"og:image:width\" content=\"2000\" \/>\n\t<meta property=\"og:image:height\" content=\"400\" \/>\n\t<meta property=\"og:image:type\" content=\"image\/jpeg\" \/>\n<meta name=\"twitter:card\" content=\"summary_large_image\" \/>\n<meta name=\"twitter:label1\" content=\"Gesch\u00e4tzte Lesezeit\" \/>\n\t<meta name=\"twitter:data1\" content=\"1\u00a0Minute\" \/>\n<script type=\"application\/ld+json\" class=\"yoast-schema-graph\">{\"@context\":\"https:\/\/schema.org\",\"@graph\":[{\"@type\":\"WebPage\",\"@id\":\"https:\/\/www.hydronix.com\/de\/branchen\/\",\"url\":\"https:\/\/www.hydronix.com\/de\/branchen\/\",\"name\":\"Branchen - Hydronix\",\"isPartOf\":{\"@id\":\"https:\/\/www.hydronix.com\/de\/#website\"},\"primaryImageOfPage\":{\"@id\":\"https:\/\/www.hydronix.com\/de\/branchen\/#primaryimage\"},\"image\":{\"@id\":\"https:\/\/www.hydronix.com\/de\/branchen\/#primaryimage\"},\"thumbnailUrl\":\"https:\/\/www.hydronix.com\/wp-content\/uploads\/2022\/09\/Z-industries.jpg\",\"datePublished\":\"2022-09-12T12:51:46+00:00\",\"dateModified\":\"2025-07-18T09:21:05+00:00\",\"description\":\"Zahlreiche Branchen profitieren von der Nutzung der Feuchtemesssensoren von Hydronix. Einzigartige digitale Mikrowellenmessverfahren liefern pr\u00e4zise Ergebnisse.\",\"breadcrumb\":{\"@id\":\"https:\/\/www.hydronix.com\/de\/branchen\/#breadcrumb\"},\"inLanguage\":\"de\",\"potentialAction\":[{\"@type\":\"ReadAction\",\"target\":[\"https:\/\/www.hydronix.com\/de\/branchen\/\"]}]},{\"@type\":\"ImageObject\",\"inLanguage\":\"de\",\"@id\":\"https:\/\/www.hydronix.com\/de\/branchen\/#primaryimage\",\"url\":\"https:\/\/www.hydronix.com\/wp-content\/uploads\/2022\/09\/Z-industries.jpg\",\"contentUrl\":\"https:\/\/www.hydronix.com\/wp-content\/uploads\/2022\/09\/Z-industries.jpg\",\"width\":2000,\"height\":400},{\"@type\":\"BreadcrumbList\",\"@id\":\"https:\/\/www.hydronix.com\/de\/branchen\/#breadcrumb\",\"itemListElement\":[{\"@type\":\"ListItem\",\"position\":1,\"name\":\"Home\",\"item\":\"https:\/\/www.hydronix.com\/de\/\"},{\"@type\":\"ListItem\",\"position\":2,\"name\":\"Branchen\"}]},{\"@type\":\"WebSite\",\"@id\":\"https:\/\/www.hydronix.com\/de\/#website\",\"url\":\"https:\/\/www.hydronix.com\/de\/\",\"name\":\"Hydronix\",\"description\":\"Your partner in moisture measurement\",\"potentialAction\":[{\"@type\":\"SearchAction\",\"target\":{\"@type\":\"EntryPoint\",\"urlTemplate\":\"https:\/\/www.hydronix.com\/de\/?s={search_term_string}\"},\"query-input\":{\"@type\":\"PropertyValueSpecification\",\"valueRequired\":true,\"valueName\":\"search_term_string\"}}],\"inLanguage\":\"de\"}]}<\/script>\n<!-- \/ Yoast SEO plugin. -->","yoast_head_json":{"title":"Branchen - Hydronix","description":"Zahlreiche Branchen profitieren von der Nutzung der Feuchtemesssensoren von Hydronix. Einzigartige digitale Mikrowellenmessverfahren liefern pr\u00e4zise Ergebnisse.","robots":{"index":"index","follow":"follow","max-snippet":"max-snippet:-1","max-image-preview":"max-image-preview:large","max-video-preview":"max-video-preview:-1"},"canonical":"https:\/\/www.hydronix.com\/de\/branchen\/","og_locale":"de_DE","og_type":"article","og_title":"Branchen - Hydronix","og_description":"Zahlreiche Branchen profitieren von der Nutzung der Feuchtemesssensoren von Hydronix. Einzigartige digitale Mikrowellenmessverfahren liefern pr\u00e4zise Ergebnisse.","og_url":"https:\/\/www.hydronix.com\/de\/branchen\/","og_site_name":"Hydronix","article_modified_time":"2025-07-18T09:21:05+00:00","og_image":[{"width":2000,"height":400,"url":"https:\/\/www.hydronix.com\/wp-content\/uploads\/2022\/09\/Z-industries.jpg","type":"image\/jpeg"}],"twitter_card":"summary_large_image","twitter_misc":{"Gesch\u00e4tzte Lesezeit":"1\u00a0Minute"},"schema":{"@context":"https:\/\/schema.org","@graph":[{"@type":"WebPage","@id":"https:\/\/www.hydronix.com\/de\/branchen\/","url":"https:\/\/www.hydronix.com\/de\/branchen\/","name":"Branchen - Hydronix","isPartOf":{"@id":"https:\/\/www.hydronix.com\/de\/#website"},"primaryImageOfPage":{"@id":"https:\/\/www.hydronix.com\/de\/branchen\/#primaryimage"},"image":{"@id":"https:\/\/www.hydronix.com\/de\/branchen\/#primaryimage"},"thumbnailUrl":"https:\/\/www.hydronix.com\/wp-content\/uploads\/2022\/09\/Z-industries.jpg","datePublished":"2022-09-12T12:51:46+00:00","dateModified":"2025-07-18T09:21:05+00:00","description":"Zahlreiche Branchen profitieren von der Nutzung der Feuchtemesssensoren von Hydronix. Einzigartige digitale Mikrowellenmessverfahren liefern pr\u00e4zise Ergebnisse.","breadcrumb":{"@id":"https:\/\/www.hydronix.com\/de\/branchen\/#breadcrumb"},"inLanguage":"de","potentialAction":[{"@type":"ReadAction","target":["https:\/\/www.hydronix.com\/de\/branchen\/"]}]},{"@type":"ImageObject","inLanguage":"de","@id":"https:\/\/www.hydronix.com\/de\/branchen\/#primaryimage","url":"https:\/\/www.hydronix.com\/wp-content\/uploads\/2022\/09\/Z-industries.jpg","contentUrl":"https:\/\/www.hydronix.com\/wp-content\/uploads\/2022\/09\/Z-industries.jpg","width":2000,"height":400},{"@type":"BreadcrumbList","@id":"https:\/\/www.hydronix.com\/de\/branchen\/#breadcrumb","itemListElement":[{"@type":"ListItem","position":1,"name":"Home","item":"https:\/\/www.hydronix.com\/de\/"},{"@type":"ListItem","position":2,"name":"Branchen"}]},{"@type":"WebSite","@id":"https:\/\/www.hydronix.com\/de\/#website","url":"https:\/\/www.hydronix.com\/de\/","name":"Hydronix","description":"Your partner in moisture measurement","potentialAction":[{"@type":"SearchAction","target":{"@type":"EntryPoint","urlTemplate":"https:\/\/www.hydronix.com\/de\/?s={search_term_string}"},"query-input":{"@type":"PropertyValueSpecification","valueRequired":true,"valueName":"search_term_string"}}],"inLanguage":"de"}]}},"_links":{"self":[{"href":"https:\/\/www.hydronix.com\/de\/wp-json\/wp\/v2\/pages\/22193","targetHints":{"allow":["GET"]}}],"collection":[{"href":"https:\/\/www.hydronix.com\/de\/wp-json\/wp\/v2\/pages"}],"about":[{"href":"https:\/\/www.hydronix.com\/de\/wp-json\/wp\/v2\/types\/page"}],"author":[{"embeddable":true,"href":"https:\/\/www.hydronix.com\/de\/wp-json\/wp\/v2\/users\/1"}],"replies":[{"embeddable":true,"href":"https:\/\/www.hydronix.com\/de\/wp-json\/wp\/v2\/comments?post=22193"}],"version-history":[{"count":1,"href":"https:\/\/www.hydronix.com\/de\/wp-json\/wp\/v2\/pages\/22193\/revisions"}],"predecessor-version":[{"id":41107,"href":"https:\/\/www.hydronix.com\/de\/wp-json\/wp\/v2\/pages\/22193\/revisions\/41107"}],"wp:featuredmedia":[{"embeddable":true,"href":"https:\/\/www.hydronix.com\/de\/wp-json\/wp\/v2\/media\/11088"}],"wp:attachment":[{"href":"https:\/\/www.hydronix.com\/de\/wp-json\/wp\/v2\/media?parent=22193"}],"wp:term":[{"taxonomy":"industries","embeddable":true,"href":"https:\/\/www.hydronix.com\/de\/wp-json\/wp\/v2\/industries?post=22193"},{"taxonomy":"process","embeddable":true,"href":"https:\/\/www.hydronix.com\/de\/wp-json\/wp\/v2\/process?post=22193"}],"curies":[{"name":"wp","href":"https:\/\/api.w.org\/{rel}","templated":true}]}}