{"id":22188,"date":"2022-09-12T12:44:19","date_gmt":"2022-09-12T12:44:19","guid":{"rendered":"https:\/\/hydronix.chilliservers.co.uk\/kontaktieren-sie-uns\/"},"modified":"2023-07-19T15:07:44","modified_gmt":"2023-07-19T15:07:44","slug":"kontaktieren-sie-uns","status":"publish","type":"page","link":"https:\/\/www.hydronix.com\/de\/das-unternehmen-hydronix\/kontaktieren-sie-uns\/","title":{"rendered":"Kontaktieren Sie uns"},"content":{"rendered":"    <div class=\"container-xl\">\n\t\t\n<p>F\u00fcr weitere Informationen kontaktieren Sie uns bitte \u00fcber das Formular auf der rechten Seite. Ihre \u00f6rtliche Niederlassung oder Ihr n\u00e4chstgelegener Hydronix-Vertreter setzt sich sobald wie m\u00f6glich mit Ihnen in Verbindung. Wenn Sie uns lieber per E-Mail kontaktieren oder uns schreiben m\u00f6chten, finden Sie unsere vollst\u00e4ndigen Informationen unten.<\/p>\n    <\/div>\n        <div class=\"container-xl\">\n\t\t\n<p>Hydronix nimmt den Datenschutz sehr ernst und verwendet Ihre Daten nur, um auf Ihre Anfragen nach Informationen oder Hilfestellung zu antworten. Ausf\u00fchrliche Informationen \u00fcber die von uns gesammelten Daten und deren Verwendung finden Sie unter <a href=\"https:\/\/www.hydronix.com\/de\/datenschutzpolitik\/\">Hydronix-Richtlinie zur Privatsph\u00e4re und zum Schutz personenbezogener Daten<\/a>.<\/p>\n    <\/div>\n    ","protected":false},"excerpt":{"rendered":"<p>F\u00fcr weitere Informationen kontaktieren Sie uns bitte \u00fcber das Formular auf der rechten Seite. Ihre \u00f6rtliche Niederlassung oder Ihr n\u00e4chstgelegener Hydronix-Vertreter setzt sich sobald wie m\u00f6glich mit Ihnen in Verbindung. Wenn Sie uns lieber per E-Mail kontaktieren oder uns schreiben m\u00f6chten, finden Sie unsere vollst\u00e4ndigen Informationen unten. Hydronix nimmt den Datenschutz sehr ernst und verwendet [&#8230;]<\/p>\n<p><a class=\"btn btn-secondary understrap-read-more-link\" href=\"https:\/\/www.hydronix.com\/de\/das-unternehmen-hydronix\/kontaktieren-sie-uns\/\">Weiterlesen\u00a0\u2026<span class=\"screen-reader-text\"> from Kontaktieren Sie uns<\/span><\/a><\/p>\n","protected":false},"author":1,"featured_media":0,"parent":22205,"menu_order":445,"comment_status":"closed","ping_status":"closed","template":"page-templates\/contact-us.php","meta":{"_acf_changed":false,"content-type":"","inline_featured_image":false,"footnotes":""},"industries":[],"process":[],"class_list":["post-22188","page","type-page","status-publish","hentry"],"acf":[],"yoast_head":"<!-- This site is optimized with the Yoast SEO plugin v27.5 - https:\/\/yoast.com\/product\/yoast-seo-wordpress\/ -->\n<title>Kontakt zum Hydronix-Team | Hydronix Feuchtigkeitssensoren<\/title>\n<meta name=\"description\" content=\"Kontaktieren Sie Hydronix f\u00fcr Informationen zu unseren Mikrowellen-Feuchtigkeitssensoren oder erhalten Sie Unterst\u00fctzung zur Feuchtigkeitskontrolle.\" \/>\n<meta name=\"robots\" content=\"index, follow, max-snippet:-1, max-image-preview:large, max-video-preview:-1\" \/>\n<link rel=\"canonical\" href=\"https:\/\/www.hydronix.com\/de\/das-unternehmen-hydronix\/kontaktieren-sie-uns\/\" \/>\n<meta property=\"og:locale\" content=\"de_DE\" \/>\n<meta property=\"og:type\" content=\"article\" \/>\n<meta property=\"og:title\" content=\"Kontakt zum Hydronix-Team | Hydronix Feuchtigkeitssensoren\" \/>\n<meta property=\"og:description\" content=\"Kontaktieren Sie Hydronix f\u00fcr Informationen zu unseren Mikrowellen-Feuchtigkeitssensoren oder erhalten Sie Unterst\u00fctzung zur Feuchtigkeitskontrolle.\" \/>\n<meta property=\"og:url\" content=\"https:\/\/www.hydronix.com\/de\/das-unternehmen-hydronix\/kontaktieren-sie-uns\/\" \/>\n<meta property=\"og:site_name\" content=\"Hydronix\" \/>\n<meta property=\"article:modified_time\" content=\"2023-07-19T15:07:44+00:00\" \/>\n<meta name=\"twitter:card\" content=\"summary_large_image\" \/>\n<script type=\"application\/ld+json\" class=\"yoast-schema-graph\">{\"@context\":\"https:\\\/\\\/schema.org\",\"@graph\":[{\"@type\":\"WebPage\",\"@id\":\"https:\\\/\\\/www.hydronix.com\\\/de\\\/das-unternehmen-hydronix\\\/kontaktieren-sie-uns\\\/\",\"url\":\"https:\\\/\\\/www.hydronix.com\\\/de\\\/das-unternehmen-hydronix\\\/kontaktieren-sie-uns\\\/\",\"name\":\"Kontakt zum Hydronix-Team | Hydronix Feuchtigkeitssensoren\",\"isPartOf\":{\"@id\":\"https:\\\/\\\/www.hydronix.com\\\/de\\\/#website\"},\"datePublished\":\"2022-09-12T12:44:19+00:00\",\"dateModified\":\"2023-07-19T15:07:44+00:00\",\"description\":\"Kontaktieren Sie Hydronix f\u00fcr Informationen zu unseren Mikrowellen-Feuchtigkeitssensoren oder erhalten Sie Unterst\u00fctzung zur Feuchtigkeitskontrolle.\",\"breadcrumb\":{\"@id\":\"https:\\\/\\\/www.hydronix.com\\\/de\\\/das-unternehmen-hydronix\\\/kontaktieren-sie-uns\\\/#breadcrumb\"},\"inLanguage\":\"de\",\"potentialAction\":[{\"@type\":\"ReadAction\",\"target\":[\"https:\\\/\\\/www.hydronix.com\\\/de\\\/das-unternehmen-hydronix\\\/kontaktieren-sie-uns\\\/\"]}]},{\"@type\":\"BreadcrumbList\",\"@id\":\"https:\\\/\\\/www.hydronix.com\\\/de\\\/das-unternehmen-hydronix\\\/kontaktieren-sie-uns\\\/#breadcrumb\",\"itemListElement\":[{\"@type\":\"ListItem\",\"position\":1,\"name\":\"Home\",\"item\":\"https:\\\/\\\/www.hydronix.com\\\/de\\\/hydronix\\\/\"},{\"@type\":\"ListItem\",\"position\":2,\"name\":\"Das Unternehmen Hydronix\",\"item\":\"https:\\\/\\\/www.hydronix.com\\\/de\\\/das-unternehmen-hydronix\\\/\"},{\"@type\":\"ListItem\",\"position\":3,\"name\":\"Kontaktieren Sie uns\"}]},{\"@type\":\"WebSite\",\"@id\":\"https:\\\/\\\/www.hydronix.com\\\/de\\\/#website\",\"url\":\"https:\\\/\\\/www.hydronix.com\\\/de\\\/\",\"name\":\"Hydronix\",\"description\":\"Your partner in moisture measurement\",\"potentialAction\":[{\"@type\":\"SearchAction\",\"target\":{\"@type\":\"EntryPoint\",\"urlTemplate\":\"https:\\\/\\\/www.hydronix.com\\\/de\\\/?s={search_term_string}\"},\"query-input\":{\"@type\":\"PropertyValueSpecification\",\"valueRequired\":true,\"valueName\":\"search_term_string\"}}],\"inLanguage\":\"de\"}]}<\/script>\n<!-- \/ Yoast SEO plugin. -->","yoast_head_json":{"title":"Kontakt zum Hydronix-Team | Hydronix Feuchtigkeitssensoren","description":"Kontaktieren Sie Hydronix f\u00fcr Informationen zu unseren Mikrowellen-Feuchtigkeitssensoren oder erhalten Sie Unterst\u00fctzung zur Feuchtigkeitskontrolle.","robots":{"index":"index","follow":"follow","max-snippet":"max-snippet:-1","max-image-preview":"max-image-preview:large","max-video-preview":"max-video-preview:-1"},"canonical":"https:\/\/www.hydronix.com\/de\/das-unternehmen-hydronix\/kontaktieren-sie-uns\/","og_locale":"de_DE","og_type":"article","og_title":"Kontakt zum Hydronix-Team | Hydronix Feuchtigkeitssensoren","og_description":"Kontaktieren Sie Hydronix f\u00fcr Informationen zu unseren Mikrowellen-Feuchtigkeitssensoren oder erhalten Sie Unterst\u00fctzung zur Feuchtigkeitskontrolle.","og_url":"https:\/\/www.hydronix.com\/de\/das-unternehmen-hydronix\/kontaktieren-sie-uns\/","og_site_name":"Hydronix","article_modified_time":"2023-07-19T15:07:44+00:00","twitter_card":"summary_large_image","schema":{"@context":"https:\/\/schema.org","@graph":[{"@type":"WebPage","@id":"https:\/\/www.hydronix.com\/de\/das-unternehmen-hydronix\/kontaktieren-sie-uns\/","url":"https:\/\/www.hydronix.com\/de\/das-unternehmen-hydronix\/kontaktieren-sie-uns\/","name":"Kontakt zum Hydronix-Team | Hydronix Feuchtigkeitssensoren","isPartOf":{"@id":"https:\/\/www.hydronix.com\/de\/#website"},"datePublished":"2022-09-12T12:44:19+00:00","dateModified":"2023-07-19T15:07:44+00:00","description":"Kontaktieren Sie Hydronix f\u00fcr Informationen zu unseren Mikrowellen-Feuchtigkeitssensoren oder erhalten Sie Unterst\u00fctzung zur Feuchtigkeitskontrolle.","breadcrumb":{"@id":"https:\/\/www.hydronix.com\/de\/das-unternehmen-hydronix\/kontaktieren-sie-uns\/#breadcrumb"},"inLanguage":"de","potentialAction":[{"@type":"ReadAction","target":["https:\/\/www.hydronix.com\/de\/das-unternehmen-hydronix\/kontaktieren-sie-uns\/"]}]},{"@type":"BreadcrumbList","@id":"https:\/\/www.hydronix.com\/de\/das-unternehmen-hydronix\/kontaktieren-sie-uns\/#breadcrumb","itemListElement":[{"@type":"ListItem","position":1,"name":"Home","item":"https:\/\/www.hydronix.com\/de\/hydronix\/"},{"@type":"ListItem","position":2,"name":"Das Unternehmen Hydronix","item":"https:\/\/www.hydronix.com\/de\/das-unternehmen-hydronix\/"},{"@type":"ListItem","position":3,"name":"Kontaktieren Sie uns"}]},{"@type":"WebSite","@id":"https:\/\/www.hydronix.com\/de\/#website","url":"https:\/\/www.hydronix.com\/de\/","name":"Hydronix","description":"Your partner in moisture measurement","potentialAction":[{"@type":"SearchAction","target":{"@type":"EntryPoint","urlTemplate":"https:\/\/www.hydronix.com\/de\/?s={search_term_string}"},"query-input":{"@type":"PropertyValueSpecification","valueRequired":true,"valueName":"search_term_string"}}],"inLanguage":"de"}]}},"_links":{"self":[{"href":"https:\/\/www.hydronix.com\/de\/wp-json\/wp\/v2\/pages\/22188","targetHints":{"allow":["GET"]}}],"collection":[{"href":"https:\/\/www.hydronix.com\/de\/wp-json\/wp\/v2\/pages"}],"about":[{"href":"https:\/\/www.hydronix.com\/de\/wp-json\/wp\/v2\/types\/page"}],"author":[{"embeddable":true,"href":"https:\/\/www.hydronix.com\/de\/wp-json\/wp\/v2\/users\/1"}],"replies":[{"embeddable":true,"href":"https:\/\/www.hydronix.com\/de\/wp-json\/wp\/v2\/comments?post=22188"}],"version-history":[{"count":0,"href":"https:\/\/www.hydronix.com\/de\/wp-json\/wp\/v2\/pages\/22188\/revisions"}],"up":[{"embeddable":true,"href":"https:\/\/www.hydronix.com\/de\/wp-json\/wp\/v2\/pages\/22205"}],"wp:attachment":[{"href":"https:\/\/www.hydronix.com\/de\/wp-json\/wp\/v2\/media?parent=22188"}],"wp:term":[{"taxonomy":"industries","embeddable":true,"href":"https:\/\/www.hydronix.com\/de\/wp-json\/wp\/v2\/industries?post=22188"},{"taxonomy":"process","embeddable":true,"href":"https:\/\/www.hydronix.com\/de\/wp-json\/wp\/v2\/process?post=22188"}],"curies":[{"name":"wp","href":"https:\/\/api.w.org\/{rel}","templated":true}]}}